{"id":93550,"date":"2022-11-22T17:19:15","date_gmt":"2022-11-22T16:19:15","guid":{"rendered":"https:\/\/swissraft.xyanzkdne.eu\/product\/volo-in-elicottero-da-belp-petersgrat-aperitif-45-min-a-partire-da-chf-45500\/"},"modified":"2026-02-01T19:28:26","modified_gmt":"2026-02-01T18:28:26","slug":"atterraggio-sul-ghiacciaio-petersgrat-aperitivo","status":"publish","type":"product","link":"https:\/\/www.swissraft.ch\/it\/prodotto\/atterraggio-sul-ghiacciaio-petersgrat-aperitivo\/","title":{"rendered":"Volo in elicottero da BERNA-BELP &#8211; PETERSGRAT + AP\u00c9RITIF &#8211; 45 min. &#8211; A partire da CHF 486.00"},"content":{"rendered":"\t\t<div data-elementor-type=\"wp-post\" data-elementor-id=\"93550\" class=\"elementor elementor-93550 elementor-29128\">\n\t\t\t\t\t\t\t\t\t<section class=\"elementor-section elementor-top-section elementor-element elementor-element-3303a7e3 elementor-section-boxed elementor-section-height-default elementor-section-height-default\" data-id=\"3303a7e3\" data-element_type=\"section\">\n\t\t\t\t\t\t<div class=\"elementor-container elementor-column-gap-default\">\n\t\t\t\t\t<div class=\"elementor-column elementor-col-100 elementor-top-column elementor-element elementor-element-16d72dbf\" data-id=\"16d72dbf\" data-element_type=\"column\">\n\t\t\t<div class=\"elementor-widget-wrap elementor-element-populated\">\n\t\t\t\t\t\t\t\t<div class=\"elementor-element elementor-element-d743c03 elementor-widget elementor-widget-text-editor\" data-id=\"d743c03\" data-element_type=\"widget\" data-widget_type=\"text-editor.default\">\n\t\t\t\t<div class=\"elementor-widget-container\">\n\t\t\t\t\t\t\t<h2>SCEGLI LA TUA ATTIVIT\u00c0 QUI SOTTO PER OFFRIRE BUONI REGALO \/ BIGLIETTI O EFFETTUARE UNA PRENOTAZIONE<\/h2><table style=\"height: 290px;\" border=\"0\" width=\"580\" cellspacing=\"10\" cellpadding=\"10\"><tbody><tr><td width=\"50%\"><strong>ATTERRAGGIO SUL PETERSGRAT + AP\u00c9RITIF (1-5 pers.) &#8211; 45 min.<\/strong><\/td><td><strong>A partire da CHF 486.00 a persona <\/strong><\/td><\/tr><tr><td>Informazioni aggiuntive<\/td><td>&#8211; Sarai con altri passeggeri<br \/>&#8211; Volerai principalmente la domenica<br \/>&#8211; Tutti i giorni in volo privato<br \/>&#8211; Massimo 5 pers.<br \/><em><strong>&#8211; Aperitivo in omaggio<\/strong><\/em><\/td><\/tr><tr><td>Aeroporto<\/td><td><a href=\"https:\/\/www.google.ch\/maps\/place\/Flugplatzstrasse+9,+3123+Belp\/@46.9110741,7.5014815,384m\/data=!3m1!1e3!4m6!3m5!1s0x478e364abf3cd12d:0x66533198ed658320!8m2!3d46.9109935!4d7.5040993!16s%2Fg%2F11c2cjv1zm?hl=fr&amp;entry=ttu\" target=\"_blank\" rel=\"noopener\">Berna-Belp<\/a><\/td><\/tr><tr><td>Tempo di volo<\/td><td>45 min.<\/td><\/tr><tr><td>Durata totale<\/td><td>circa 2h30<\/td><\/tr><tr><td>Appuntamento<\/td><td>Per telefono<\/td><\/tr><tr><td><a href=\"https:\/\/swissraft.outdoorbooking.ch\/fo\/products\/934?base_id=113&amp;category_id=6&amp;order_type=gift_voucher&amp;lang=it\" target=\"_blank\" rel=\"noopener\"><button class=\"elementor-button\" type=\"button\">ACQUISTO BUONO REGALO \/ BIGLIETTO<\/button><\/a><\/td><td><strong>CHF 486.00<\/strong>\/pers.<\/td><\/tr><tr><td><a href=\"https:\/\/swissraft.outdoorbooking.ch\/fo\/products\/1379?base_id=115&amp;category_id=6&amp;order_type=gift_voucher&amp;lang=it\" target=\"_blank\" rel=\"noopener\"><button class=\"elementor-button\" type=\"button\">ACQUISTO BUONO REGALO \/ BIGLIETTO<\/button><\/a><\/td><td><strong>CHF 1&#8217;800.00 &#8211; Volo privato (2-4 pers.)<\/strong><\/td><\/tr><tr><td><a href=\"https:\/\/swissraft.outdoorbooking.ch\/fo\/products\/1287?base_id=116&amp;category_id=6&amp;order_type=gift_voucher&amp;lang=it\" target=\"_blank\" rel=\"noopener\"><button class=\"elementor-button\" type=\"button\">ACQUISTO BUONO REGALO \/ BIGLIETTO<\/button><\/a><\/td><td><strong>CHF 2&#8217;310.00 &#8211; Volo privato (5 pers.)<\/strong><\/td><\/tr><tr><td>\u00a0<\/td><td><strong><em>IMPORTANTE !<\/em><\/strong><br \/><em>Per prenotare, chiamate il numero che si trova in alto a sinistra sul buono regalo\/biglietto.<\/em><\/td><\/tr><\/tbody><\/table>\t\t\t\t\t\t<\/div>\n\t\t\t\t<\/div>\n\t\t\t\t\t<\/div>\n\t\t<\/div>\n\t\t\t\t\t\t\t<\/div>\n\t\t<\/section>\n\t\t\t\t\t\t\t<\/div>\n\t\t","protected":false},"excerpt":{"rendered":"<div align=\"justify\">\n<h2 align=\"justify\">Da Berna-Belp per un volo in elicottero di 45 minuti con atterraggio sul Petersgrat a oltre 3000 m.<\/h2>\n<h3>Questo volo \u00e8 uno dei grandi classici. Sul ghiacciaio ti serviremo un aperitivo con Prosecco, birra, minerali e snack. <\/h3>\n<\/div>\n<div align=\"justify\">\n<p>Partendo da Berna-Belp, sorvoli la citt\u00e0 di Thun e il suo lago, la valle del Kien. Poi potrai goderti un aperitivo sul ghiacciaio di Petersgrat. L&#8217;avventura prosegue poi verso Kandersteg, il Niesen e lo Stockhorn. Poi sorvola la valle del G\u00fcrbe prima di tornare ad atterrare all&#8217;aeroporto di Berna-Belp.<\/p>\n<h3>Swissraft offre un totale di 26 eliporti e campi di volo in Svizzera per voli in elicottero.<\/h3>\n<p id=\"textarea\" style=\"display: none;\">Decolliamo in Vallese dagli eliporti di Gampel e Collombey e dall&#8217;aeroporto di Sion. Decolliamo anche dall&#8217;eliporto di Interlaken-Gsteigwiler nell&#8217;Oberland Bernese. Ma anche dall&#8217;eliporto di Gstaad-Grund e dall&#8217;aerodromo di Saanen nel Saanenland. Effettuiamo anche tour con partenza dagli eliporti di Lauterbrunnen, Lenk-Simmental e Schattenhalb-Meiringen. Decolliamo anche dall&#8217;aeroporto internazionale di Zurigo-Kloten. Da un lato, voliamo in Argovia da Buttwil e nel cantone di Soletta da Grenchen. Offriamo anche voli dall&#8217;eliporto di Pfaffnau, nel cantone di Lucerna. Abbiamo anche voli da Erstfeld nel Canton Uri e da K\u00fcssnacht nel Canton Svitto. Infatti, decolliamo dall&#8217;aerodromo di \u00c9pagny en Gruy\u00e8re, nel cantone di Friburgo. Offriamo anche voli dagli aeroporti di Locarno e Lodrino, nel Canton Ticino. Inoltre, nei Grigioni abbiamo voli dagli eliporti di Flims, Tavanasa e Untervaz. In Engadina offriamo voli dall&#8217;aerodromo di Samedan e dall&#8217;eliporto di St. Moritz in inverno. Operiamo anche voli dall&#8217;eliporto di Balzers in Liechtenstein e da Sitterdorf nel Canton Turgovia.\n<\/p>\n<p><a id=\"seeMore\" onclick=\"toggleSeeMore()\" href=\"javascript:void(0);\">Leggi tutto<\/a><\/p>\n","protected":false},"featured_media":85592,"comment_status":"open","ping_status":"closed","template":"","meta":{"inline_featured_image":false,"_mi_skip_tracking":false},"product_cat":[392,460],"product_tag":[],"class_list":["post-93550","product","type-product","status-publish","has-post-thumbnail","hentry","product_cat-volo-in-elicottero","product_cat-volo-elicottero-berna-belp"],"yoast_head":"<!-- This site is optimized with the Yoast SEO plugin v23.6 - https:\/\/yoast.com\/wordpress\/plugins\/seo\/ -->\n<title>Atterraggio sul Petersgrat con aperitivo. Un volo straordinario<\/title>\n<meta name=\"description\" content=\"Atterraggio sul Petersgrat per un aperitivo offerto da noi. Questo volo da Belp \u00e8 uno dei pi\u00f9 belli che potrai mai fare.\" \/>\n<meta name=\"robots\" content=\"index, follow, max-snippet:-1, max-image-preview:large, max-video-preview:-1\" \/>\n<link rel=\"canonical\" href=\"https:\/\/www.swissraft.ch\/it\/prodotto\/atterraggio-sul-ghiacciaio-petersgrat-aperitivo\/\" \/>\n<meta property=\"og:locale\" content=\"it_IT\" \/>\n<meta property=\"og:type\" content=\"article\" \/>\n<meta property=\"og:title\" content=\"Atterraggio sul Petersgrat con aperitivo. Un volo straordinario\" \/>\n<meta property=\"og:description\" content=\"Atterraggio sul Petersgrat per un aperitivo offerto da noi. Questo volo da Belp \u00e8 uno dei pi\u00f9 belli che potrai mai fare.\" \/>\n<meta property=\"og:url\" content=\"https:\/\/www.swissraft.ch\/it\/prodotto\/atterraggio-sul-ghiacciaio-petersgrat-aperitivo\/\" \/>\n<meta property=\"og:site_name\" content=\"Swissraft\" \/>\n<meta property=\"article:modified_time\" content=\"2026-02-01T18:28:26+00:00\" \/>\n<meta property=\"og:image\" content=\"https:\/\/www.swissraft.ch\/wp-content\/uploads\/2022\/11\/08-BERN-BELP-Petersgrat-mit-Apero-776x776-1.jpg\" \/>\n\t<meta property=\"og:image:width\" content=\"776\" \/>\n\t<meta property=\"og:image:height\" content=\"776\" \/>\n\t<meta property=\"og:image:type\" content=\"image\/jpeg\" \/>\n<meta name=\"twitter:card\" content=\"summary_large_image\" \/>\n<meta name=\"twitter:label1\" content=\"Tempo di lettura stimato\" \/>\n\t<meta name=\"twitter:data1\" content=\"1 minuto\" \/>\n<script type=\"application\/ld+json\" class=\"yoast-schema-graph\">{\"@context\":\"https:\/\/schema.org\",\"@graph\":[{\"@type\":\"WebPage\",\"@id\":\"https:\/\/www.swissraft.ch\/it\/prodotto\/atterraggio-sul-ghiacciaio-petersgrat-aperitivo\/\",\"url\":\"https:\/\/www.swissraft.ch\/it\/prodotto\/atterraggio-sul-ghiacciaio-petersgrat-aperitivo\/\",\"name\":\"Atterraggio sul Petersgrat con aperitivo. Un volo straordinario\",\"isPartOf\":{\"@id\":\"https:\/\/www.swissraft.ch\/it\/#website\"},\"primaryImageOfPage\":{\"@id\":\"https:\/\/www.swissraft.ch\/it\/prodotto\/atterraggio-sul-ghiacciaio-petersgrat-aperitivo\/#primaryimage\"},\"image\":{\"@id\":\"https:\/\/www.swissraft.ch\/it\/prodotto\/atterraggio-sul-ghiacciaio-petersgrat-aperitivo\/#primaryimage\"},\"thumbnailUrl\":\"https:\/\/www.swissraft.ch\/wp-content\/uploads\/2022\/11\/08-BERN-BELP-Petersgrat-mit-Apero-776x776-1.jpg\",\"datePublished\":\"2022-11-22T16:19:15+00:00\",\"dateModified\":\"2026-02-01T18:28:26+00:00\",\"description\":\"Atterraggio sul Petersgrat per un aperitivo offerto da noi. Questo volo da Belp \u00e8 uno dei pi\u00f9 belli che potrai mai fare.\",\"breadcrumb\":{\"@id\":\"https:\/\/www.swissraft.ch\/it\/prodotto\/atterraggio-sul-ghiacciaio-petersgrat-aperitivo\/#breadcrumb\"},\"inLanguage\":\"it-IT\",\"potentialAction\":[{\"@type\":\"ReadAction\",\"target\":[\"https:\/\/www.swissraft.ch\/it\/prodotto\/atterraggio-sul-ghiacciaio-petersgrat-aperitivo\/\"]}]},{\"@type\":\"ImageObject\",\"inLanguage\":\"it-IT\",\"@id\":\"https:\/\/www.swissraft.ch\/it\/prodotto\/atterraggio-sul-ghiacciaio-petersgrat-aperitivo\/#primaryimage\",\"url\":\"https:\/\/www.swissraft.ch\/wp-content\/uploads\/2022\/11\/08-BERN-BELP-Petersgrat-mit-Apero-776x776-1.jpg\",\"contentUrl\":\"https:\/\/www.swissraft.ch\/wp-content\/uploads\/2022\/11\/08-BERN-BELP-Petersgrat-mit-Apero-776x776-1.jpg\",\"width\":776,\"height\":776,\"caption\":\"Ghiacciaio Petersgrat con aperitivo\"},{\"@type\":\"BreadcrumbList\",\"@id\":\"https:\/\/www.swissraft.ch\/it\/prodotto\/atterraggio-sul-ghiacciaio-petersgrat-aperitivo\/#breadcrumb\",\"itemListElement\":[{\"@type\":\"ListItem\",\"position\":1,\"name\":\"Accueil\",\"item\":\"https:\/\/www.swissraft.ch\/it\/\"},{\"@type\":\"ListItem\",\"position\":2,\"name\":\"Negozio\",\"item\":\"https:\/\/www.swissraft.ch\/it\/negozio\/\"},{\"@type\":\"ListItem\",\"position\":3,\"name\":\"Volo in elicottero da BERNA-BELP &#8211; PETERSGRAT + AP\u00c9RITIF &#8211; 45 min. &#8211; A partire da CHF 486.00\"}]},{\"@type\":\"WebSite\",\"@id\":\"https:\/\/www.swissraft.ch\/it\/#website\",\"url\":\"https:\/\/www.swissraft.ch\/it\/\",\"name\":\"Swissraft\",\"description\":\"To enjoy nature as it is\",\"publisher\":{\"@id\":\"https:\/\/www.swissraft.ch\/it\/#organization\"},\"potentialAction\":[{\"@type\":\"SearchAction\",\"target\":{\"@type\":\"EntryPoint\",\"urlTemplate\":\"https:\/\/www.swissraft.ch\/it\/?s={search_term_string}\"},\"query-input\":{\"@type\":\"PropertyValueSpecification\",\"valueRequired\":true,\"valueName\":\"search_term_string\"}}],\"inLanguage\":\"it-IT\"},{\"@type\":\"Organization\",\"@id\":\"https:\/\/www.swissraft.ch\/it\/#organization\",\"name\":\"Swissraft\",\"url\":\"https:\/\/www.swissraft.ch\/it\/\",\"logo\":{\"@type\":\"ImageObject\",\"inLanguage\":\"it-IT\",\"@id\":\"https:\/\/www.swissraft.ch\/it\/#\/schema\/logo\/image\/\",\"url\":\"https:\/\/www.swissraft.ch\/wp-content\/uploads\/2025\/09\/Capture.jpg\",\"contentUrl\":\"https:\/\/www.swissraft.ch\/wp-content\/uploads\/2025\/09\/Capture.jpg\",\"width\":293,\"height\":108,\"caption\":\"Swissraft\"},\"image\":{\"@id\":\"https:\/\/www.swissraft.ch\/it\/#\/schema\/logo\/image\/\"}}]}<\/script>\n<!-- \/ Yoast SEO plugin. -->","yoast_head_json":{"title":"Atterraggio sul Petersgrat con aperitivo. Un volo straordinario","description":"Atterraggio sul Petersgrat per un aperitivo offerto da noi. Questo volo da Belp \u00e8 uno dei pi\u00f9 belli che potrai mai fare.","robots":{"index":"index","follow":"follow","max-snippet":"max-snippet:-1","max-image-preview":"max-image-preview:large","max-video-preview":"max-video-preview:-1"},"canonical":"https:\/\/www.swissraft.ch\/it\/prodotto\/atterraggio-sul-ghiacciaio-petersgrat-aperitivo\/","og_locale":"it_IT","og_type":"article","og_title":"Atterraggio sul Petersgrat con aperitivo. Un volo straordinario","og_description":"Atterraggio sul Petersgrat per un aperitivo offerto da noi. Questo volo da Belp \u00e8 uno dei pi\u00f9 belli che potrai mai fare.","og_url":"https:\/\/www.swissraft.ch\/it\/prodotto\/atterraggio-sul-ghiacciaio-petersgrat-aperitivo\/","og_site_name":"Swissraft","article_modified_time":"2026-02-01T18:28:26+00:00","og_image":[{"width":776,"height":776,"url":"https:\/\/www.swissraft.ch\/wp-content\/uploads\/2022\/11\/08-BERN-BELP-Petersgrat-mit-Apero-776x776-1.jpg","type":"image\/jpeg"}],"twitter_card":"summary_large_image","twitter_misc":{"Tempo di lettura stimato":"1 minuto"},"schema":{"@context":"https:\/\/schema.org","@graph":[{"@type":"WebPage","@id":"https:\/\/www.swissraft.ch\/it\/prodotto\/atterraggio-sul-ghiacciaio-petersgrat-aperitivo\/","url":"https:\/\/www.swissraft.ch\/it\/prodotto\/atterraggio-sul-ghiacciaio-petersgrat-aperitivo\/","name":"Atterraggio sul Petersgrat con aperitivo. Un volo straordinario","isPartOf":{"@id":"https:\/\/www.swissraft.ch\/it\/#website"},"primaryImageOfPage":{"@id":"https:\/\/www.swissraft.ch\/it\/prodotto\/atterraggio-sul-ghiacciaio-petersgrat-aperitivo\/#primaryimage"},"image":{"@id":"https:\/\/www.swissraft.ch\/it\/prodotto\/atterraggio-sul-ghiacciaio-petersgrat-aperitivo\/#primaryimage"},"thumbnailUrl":"https:\/\/www.swissraft.ch\/wp-content\/uploads\/2022\/11\/08-BERN-BELP-Petersgrat-mit-Apero-776x776-1.jpg","datePublished":"2022-11-22T16:19:15+00:00","dateModified":"2026-02-01T18:28:26+00:00","description":"Atterraggio sul Petersgrat per un aperitivo offerto da noi. Questo volo da Belp \u00e8 uno dei pi\u00f9 belli che potrai mai fare.","breadcrumb":{"@id":"https:\/\/www.swissraft.ch\/it\/prodotto\/atterraggio-sul-ghiacciaio-petersgrat-aperitivo\/#breadcrumb"},"inLanguage":"it-IT","potentialAction":[{"@type":"ReadAction","target":["https:\/\/www.swissraft.ch\/it\/prodotto\/atterraggio-sul-ghiacciaio-petersgrat-aperitivo\/"]}]},{"@type":"ImageObject","inLanguage":"it-IT","@id":"https:\/\/www.swissraft.ch\/it\/prodotto\/atterraggio-sul-ghiacciaio-petersgrat-aperitivo\/#primaryimage","url":"https:\/\/www.swissraft.ch\/wp-content\/uploads\/2022\/11\/08-BERN-BELP-Petersgrat-mit-Apero-776x776-1.jpg","contentUrl":"https:\/\/www.swissraft.ch\/wp-content\/uploads\/2022\/11\/08-BERN-BELP-Petersgrat-mit-Apero-776x776-1.jpg","width":776,"height":776,"caption":"Ghiacciaio Petersgrat con aperitivo"},{"@type":"BreadcrumbList","@id":"https:\/\/www.swissraft.ch\/it\/prodotto\/atterraggio-sul-ghiacciaio-petersgrat-aperitivo\/#breadcrumb","itemListElement":[{"@type":"ListItem","position":1,"name":"Accueil","item":"https:\/\/www.swissraft.ch\/it\/"},{"@type":"ListItem","position":2,"name":"Negozio","item":"https:\/\/www.swissraft.ch\/it\/negozio\/"},{"@type":"ListItem","position":3,"name":"Volo in elicottero da BERNA-BELP &#8211; PETERSGRAT + AP\u00c9RITIF &#8211; 45 min. &#8211; A partire da CHF 486.00"}]},{"@type":"WebSite","@id":"https:\/\/www.swissraft.ch\/it\/#website","url":"https:\/\/www.swissraft.ch\/it\/","name":"Swissraft","description":"To enjoy nature as it is","publisher":{"@id":"https:\/\/www.swissraft.ch\/it\/#organization"},"potentialAction":[{"@type":"SearchAction","target":{"@type":"EntryPoint","urlTemplate":"https:\/\/www.swissraft.ch\/it\/?s={search_term_string}"},"query-input":{"@type":"PropertyValueSpecification","valueRequired":true,"valueName":"search_term_string"}}],"inLanguage":"it-IT"},{"@type":"Organization","@id":"https:\/\/www.swissraft.ch\/it\/#organization","name":"Swissraft","url":"https:\/\/www.swissraft.ch\/it\/","logo":{"@type":"ImageObject","inLanguage":"it-IT","@id":"https:\/\/www.swissraft.ch\/it\/#\/schema\/logo\/image\/","url":"https:\/\/www.swissraft.ch\/wp-content\/uploads\/2025\/09\/Capture.jpg","contentUrl":"https:\/\/www.swissraft.ch\/wp-content\/uploads\/2025\/09\/Capture.jpg","width":293,"height":108,"caption":"Swissraft"},"image":{"@id":"https:\/\/www.swissraft.ch\/it\/#\/schema\/logo\/image\/"}}]}},"_links":{"self":[{"href":"https:\/\/www.swissraft.ch\/it\/wp-json\/wp\/v2\/product\/93550","targetHints":{"allow":["GET"]}}],"collection":[{"href":"https:\/\/www.swissraft.ch\/it\/wp-json\/wp\/v2\/product"}],"about":[{"href":"https:\/\/www.swissraft.ch\/it\/wp-json\/wp\/v2\/types\/product"}],"replies":[{"embeddable":true,"href":"https:\/\/www.swissraft.ch\/it\/wp-json\/wp\/v2\/comments?post=93550"}],"version-history":[{"count":37,"href":"https:\/\/www.swissraft.ch\/it\/wp-json\/wp\/v2\/product\/93550\/revisions"}],"predecessor-version":[{"id":128340,"href":"https:\/\/www.swissraft.ch\/it\/wp-json\/wp\/v2\/product\/93550\/revisions\/128340"}],"wp:featuredmedia":[{"embeddable":true,"href":"https:\/\/www.swissraft.ch\/it\/wp-json\/wp\/v2\/media\/85592"}],"wp:attachment":[{"href":"https:\/\/www.swissraft.ch\/it\/wp-json\/wp\/v2\/media?parent=93550"}],"wp:term":[{"taxonomy":"product_cat","embeddable":true,"href":"https:\/\/www.swissraft.ch\/it\/wp-json\/wp\/v2\/product_cat?post=93550"},{"taxonomy":"product_tag","embeddable":true,"href":"https:\/\/www.swissraft.ch\/it\/wp-json\/wp\/v2\/product_tag?post=93550"}],"curies":[{"name":"wp","href":"https:\/\/api.w.org\/{rel}","templated":true}]}}