{"id":93543,"date":"2022-11-22T16:46:07","date_gmt":"2022-11-22T15:46:07","guid":{"rendered":"https:\/\/swissraft.xyanzkdne.eu\/product\/volo-in-elicottero-da-belp-eiger-monch-ejungfraujoch-45-min-a-partire-da-chf-38000\/"},"modified":"2026-04-16T05:30:06","modified_gmt":"2026-04-16T03:30:06","slug":"volo-elicottero-belp-eiger-monch-jungfraujoch","status":"publish","type":"product","link":"https:\/\/www.swissraft.ch\/it\/prodotto\/volo-elicottero-belp-eiger-monch-jungfraujoch\/","title":{"rendered":"Volo in elicottero &#8211; Berna-Belp &#8211; Eiger, M\u00f6nch Jungfraujoch &#8211; 45 min. &#8211; Da CHF 410.00"},"content":{"rendered":"\t\t<div data-elementor-type=\"wp-post\" data-elementor-id=\"93543\" class=\"elementor elementor-93543 elementor-29110\">\n\t\t\t\t\t\t\t\t\t<section class=\"elementor-section elementor-top-section elementor-element elementor-element-3303a7e3 elementor-section-boxed elementor-section-height-default elementor-section-height-default\" data-id=\"3303a7e3\" data-element_type=\"section\">\n\t\t\t\t\t\t<div class=\"elementor-container elementor-column-gap-default\">\n\t\t\t\t\t<div class=\"elementor-column elementor-col-100 elementor-top-column elementor-element elementor-element-16d72dbf\" data-id=\"16d72dbf\" data-element_type=\"column\">\n\t\t\t<div class=\"elementor-widget-wrap elementor-element-populated\">\n\t\t\t\t\t\t\t\t<div class=\"elementor-element elementor-element-d743c03 elementor-widget elementor-widget-text-editor\" data-id=\"d743c03\" data-element_type=\"widget\" data-widget_type=\"text-editor.default\">\n\t\t\t\t<div class=\"elementor-widget-container\">\n\t\t\t\t\t\t\t<h2>SCEGLI LA TUA ATTIVIT\u00c0 QUI SOTTO PER OFFRIRE BUONI REGALO \/ BIGLIETTI O EFFETTUARE UNA PRENOTAZIONE<\/h2><table style=\"height: 290px;\" border=\"0\" width=\"580\" cellspacing=\"10\" cellpadding=\"10\"><tbody><tr><td width=\"50%\"><strong>1) EIGER M\u00d6NCH E JUNGFRAUJOCH &#8211; 45 min.<\/strong><\/td><td><strong>Da CHF 410.00 a persona<\/strong><\/td><\/tr><tr><td>Informazioni aggiuntive<\/td><td>&#8211; Sarai con altri passeggeri<br \/>&#8211; Volo da 4 pers.<\/td><\/tr><tr><td>Aeroporto<\/td><td><a href=\"https:\/\/www.google.ch\/maps\/place\/Muristrasse+114,+3123+Belp\/@46.9054073,7.4971459,192m\/data=!3m1!1e3!4m6!3m5!1s0x478e37cc7fe34b07:0xd2876f33b4e5b28c!8m2!3d46.905372!4d7.4984699!16s%2Fg%2F11c279q9ks?hl=fr&amp;entry=ttu\" target=\"_blank\" rel=\"noopener\">Berna-Belp<\/a><\/td><\/tr><tr><td>Durata del volo<\/td><td>45 min.<\/td><\/tr><tr><td>Durata totale<\/td><td>circa 1h15<\/td><\/tr><tr><td>Appuntamento<\/td><td>Per telefono<\/td><\/tr><tr><td><a href=\"https:\/\/swissraft.outdoorbooking.ch\/fo\/products\/1824?base_id=9&amp;category_id=6&amp;order_type=gift_voucher&amp;lang=it\" target=\"_blank\" rel=\"noopener\"><button class=\"elementor-button\" type=\"button\">ACQUISTO BUONO REGALO \/ BIGLIETTO<\/button><\/a><\/td><td><span style=\"font-weight: bold; background-color: #ffffff;\">CHF <strong>410.00<\/strong><\/span><span style=\"background-color: #ffffff;\">\/pers.<\/span><\/td><\/tr><tr><td><a href=\"https:\/\/swissraft.outdoorbooking.ch\/fo\/products\/2091?base_id=9&amp;category_id=6&amp;order_type=gift_voucher&amp;lang=it\" target=\"_blank\" rel=\"noopener\"><button class=\"elementor-button\" type=\"button\">ACQUISTO BUONO REGALO \/ BIGLIETTO<\/button><\/a><\/td><td><span style=\"font-weight: bold; background-color: #ffffff;\">CHF 1&#8217;640.00 &#8211; <\/span><strong><span style=\"background-color: #ffffff;\">Volo privato (4 pers.)<\/span><\/strong><\/td><\/tr><tr><td>\u00a0<\/td><td><strong><em>IMPORTANTE !<br \/><\/em><\/strong><em>Per prenotare, chiamate il numero che si trova in alto a sinistra sul buono regalo\/biglietto.<\/em><\/td><\/tr><\/tbody><\/table><table style=\"height: 290px;\" border=\"0\" width=\"580\" cellspacing=\"10\" cellpadding=\"10\"><tbody><tr><td width=\"50%\"><strong>2) EIGER M\u00d6NCH E JUNGFRAUJOCH &#8211; VOLO PRIVATO (3-5 pers.) &#8211; 45 min.<\/strong><\/td><td><strong>Da CHF 1&#8217;210.00 per volo privato<\/strong><\/td><\/tr><tr><td>Informazioni aggiuntive<\/td><td>&#8211; Utilizzi l\u2019elicottero esclusivamente per te<br \/>&#8211; Scegli la data e l\u2019ora di partenza<br \/>&#8211; Massimo 5 pers.<\/td><\/tr><tr><td>Aeroporto<\/td><td><a href=\"https:\/\/www.google.ch\/maps\/place\/Flugplatzstrasse+9,+3123+Belp\/@46.9110741,7.5014815,384m\/data=!3m1!1e3!4m6!3m5!1s0x478e364abf3cd12d:0x66533198ed658320!8m2!3d46.9109935!4d7.5040993!16s%2Fg%2F11c2cjv1zm?hl=fr&amp;entry=ttu\" target=\"_blank\" rel=\"noopener\">Berna-Belp<\/a><\/td><\/tr><tr><td>Durata del volo<\/td><td>45 min.<\/td><\/tr><tr><td>Durata totale<\/td><td>circa 1h15<\/td><\/tr><tr><td>Appuntamento<\/td><td>Per telefono<\/td><\/tr><tr><td><a href=\"https:\/\/swissraft.outdoorbooking.ch:443\/fo\/products\/1380?base_id=211&amp;category_id=6&amp;order_type=gift_voucher&amp;lang=it\" target=\"_blank\" rel=\"noopener\"><button class=\"elementor-button\" type=\"button\">ACQUISTO BUONO REGALO \/ BIGLIETTO<\/button><\/a><\/td><td><span style=\"font-weight: bold; background-color: #ffffff;\">CHF 1&#8217;210.00<\/span><strong><span style=\"background-color: #ffffff;\"> &#8211; <\/span><span style=\"background-color: #ffffff;\">Volo privato (3 pers.)<\/span><\/strong><\/td><\/tr><tr><td><a href=\"https:\/\/swissraft.outdoorbooking.ch\/fo\/products\/933?base_id=116&amp;category_id=6&amp;order_type=gift_voucher&amp;lang=it\" target=\"_blank\" rel=\"noopener\"><button class=\"elementor-button\" type=\"button\">ACQUISTO BUONO REGALO \/ BIGLIETTO<\/button><\/a><\/td><td><span style=\"font-weight: bold; background-color: #ffffff;\">CHF 2&#8217;150.00<\/span><strong><span style=\"background-color: #ffffff;\"> &#8211; <\/span><span style=\"background-color: #ffffff;\">Volo privato (5 pers.)<\/span><\/strong><\/td><\/tr><tr><td>\u00a0<\/td><td><strong><em>IMPORTANTE !<br \/><\/em><\/strong><em>Per prenotare, chiamate il numero che si trova in alto a sinistra sul buono regalo\/biglietto.<\/em><\/td><\/tr><\/tbody><\/table>\t\t\t\t\t\t<\/div>\n\t\t\t\t<\/div>\n\t\t\t\t\t<\/div>\n\t\t<\/div>\n\t\t\t\t\t\t\t<\/div>\n\t\t<\/section>\n\t\t\t\t\t\t\t<\/div>\n\t\t","protected":false},"excerpt":{"rendered":"<div align=\"justify\">\n<h2 align=\"justify\">45 minuti di volo in elicottero verso le famose Alpi Bernesi: Eiger, M\u00f6nch e Jungfraujoch<\/h2>\n<h3>Partendo da Berna-Belp, questo volo panoramico ti lascer\u00e0 ricordi indimenticabili.<\/h3>\n<\/div>\n<div align=\"justify\">\n<p>Da Belp ti dirigerai verso Thun, Interlaken, Grindelwald e poi il massiccio dell&#8217;Eiger. Scopri da vicino la mitica parete nord dell&#8217;Eiger e poi la Jungfrau con la sua imponente Sfinge. Poi lo Schilthorn, il Niesen e la catena dello Stockhorn. E per finire, la valle del G\u00fcrbe prima di tornare all&#8217;aeroporto di Berna-Belp per riposare.<\/p>\n<h3>Su questo sito, Swissraft ti offre altri tour in partenza da numerosi eliporti e aerodromi in Svizzera; pi\u00f9 di 150 tour in elicottero.<\/h3>\n<p id=\"textarea\" style=\"display: none;\">In Vallese decolliamo anche dall&#8217;aeroporto di Sion e dagli eliporti di Gampel e Collombey. Offriamo anche voli da Interlaken-Gsteigwiler nell&#8217;Oberland Bernese. Da un lato, abbiamo voli dall&#8217;eliporto di Gstaad-Grund e dall&#8217;aerodromo di Saanen nel Saanenland. Ci sono anche voli dagli eliporti di Lauterbrunnen, Lenk-Simmental e Schattenhalb-Meiringen nell&#8217;Oberland Bernese. Inoltre, decolleremo dall&#8217;aeroporto di Zurigo-Kloten. Arriviamo in Argovia anche da Buttwil e dall&#8217;aeroporto di Grenchen, nel cantone di Soletta. Ma anche dall&#8217;eliporto di Pfaffnau, vicino a Lucerna. Allo stesso tempo, voliamo nel cantone di Uri dall&#8217;eliporto di Erstfeld e nel cantone di Svitto dall&#8217;eliporto di K\u00fcssnacht. Ma anche dall&#8217;aeroporto di \u00c9pagny en Gruy\u00e8re, nel cantone di Friburgo. Operiamo anche voli nel Canton Ticino dagli aeroporti di Locarno-Magadino e Lodrino. Voliamo nei Grigioni dagli eliporti di Flims, Tavanasa e Untervaz. Offriamo anche voli per l&#8217;Engadina dall&#8217;eliporto di Samedan durante tutto l&#8217;anno. Ma anche dall&#8217;eliporto di Balzers in Liechtenstein e nel Canton Turgovia dall&#8217;aerodromo di Sitterdorf.\n<\/p>\n<p><a id=\"seeMore\" onclick=\"toggleSeeMore()\" href=\"javascript:void(0);\">Leggi tutto<\/a><\/p>\n","protected":false},"featured_media":85577,"comment_status":"open","ping_status":"closed","template":"","meta":{"inline_featured_image":false,"_mi_skip_tracking":false},"product_cat":[392,460],"product_tag":[],"class_list":["post-93543","product","type-product","status-publish","has-post-thumbnail","hentry","product_cat-volo-in-elicottero","product_cat-volo-elicottero-berna-belp"],"yoast_head":"<!-- This site is optimized with the Yoast SEO plugin v23.6 - https:\/\/yoast.com\/wordpress\/plugins\/seo\/ -->\n<title>Eiger M\u00f6nch e Jungfraujoch. Questo volo \u00e8 uno dei pi\u00f9 spettacolari<\/title>\n<meta name=\"description\" content=\"Eiger M\u00f6nch e Jungfraujoch. Potrai fare un volo magnifico, avvicinandoti il pi\u00f9 possibile alla famosa parete nord dell&#039;Eiger. Questo massiccio \u00e8 davvero imponente.\" \/>\n<meta name=\"robots\" content=\"index, follow, max-snippet:-1, max-image-preview:large, max-video-preview:-1\" \/>\n<link rel=\"canonical\" href=\"https:\/\/www.swissraft.ch\/it\/prodotto\/volo-elicottero-belp-eiger-monch-jungfraujoch\/\" \/>\n<meta property=\"og:locale\" content=\"it_IT\" \/>\n<meta property=\"og:type\" content=\"article\" \/>\n<meta property=\"og:title\" content=\"Eiger M\u00f6nch e Jungfraujoch. Questo volo \u00e8 uno dei pi\u00f9 spettacolari\" \/>\n<meta property=\"og:description\" content=\"Eiger M\u00f6nch e Jungfraujoch. Potrai fare un volo magnifico, avvicinandoti il pi\u00f9 possibile alla famosa parete nord dell&#039;Eiger. Questo massiccio \u00e8 davvero imponente.\" \/>\n<meta property=\"og:url\" content=\"https:\/\/www.swissraft.ch\/it\/prodotto\/volo-elicottero-belp-eiger-monch-jungfraujoch\/\" \/>\n<meta property=\"og:site_name\" content=\"Swissraft\" \/>\n<meta property=\"article:modified_time\" content=\"2026-04-16T03:30:06+00:00\" \/>\n<meta property=\"og:image\" content=\"https:\/\/www.swissraft.ch\/wp-content\/uploads\/2022\/11\/07-BERN-BELP-Eiger-Monch-Jungfrau-Rundflug-776x776-2.jpg\" \/>\n\t<meta property=\"og:image:width\" content=\"776\" \/>\n\t<meta property=\"og:image:height\" content=\"776\" \/>\n\t<meta property=\"og:image:type\" content=\"image\/jpeg\" \/>\n<meta name=\"twitter:card\" content=\"summary_large_image\" \/>\n<meta name=\"twitter:label1\" content=\"Tempo di lettura stimato\" \/>\n\t<meta name=\"twitter:data1\" content=\"1 minuto\" \/>\n<script type=\"application\/ld+json\" class=\"yoast-schema-graph\">{\"@context\":\"https:\/\/schema.org\",\"@graph\":[{\"@type\":\"WebPage\",\"@id\":\"https:\/\/www.swissraft.ch\/it\/prodotto\/volo-elicottero-belp-eiger-monch-jungfraujoch\/\",\"url\":\"https:\/\/www.swissraft.ch\/it\/prodotto\/volo-elicottero-belp-eiger-monch-jungfraujoch\/\",\"name\":\"Eiger M\u00f6nch e Jungfraujoch. Questo volo \u00e8 uno dei pi\u00f9 spettacolari\",\"isPartOf\":{\"@id\":\"https:\/\/www.swissraft.ch\/it\/#website\"},\"primaryImageOfPage\":{\"@id\":\"https:\/\/www.swissraft.ch\/it\/prodotto\/volo-elicottero-belp-eiger-monch-jungfraujoch\/#primaryimage\"},\"image\":{\"@id\":\"https:\/\/www.swissraft.ch\/it\/prodotto\/volo-elicottero-belp-eiger-monch-jungfraujoch\/#primaryimage\"},\"thumbnailUrl\":\"https:\/\/www.swissraft.ch\/wp-content\/uploads\/2022\/11\/07-BERN-BELP-Eiger-Monch-Jungfrau-Rundflug-776x776-2.jpg\",\"datePublished\":\"2022-11-22T15:46:07+00:00\",\"dateModified\":\"2026-04-16T03:30:06+00:00\",\"description\":\"Eiger M\u00f6nch e Jungfraujoch. Potrai fare un volo magnifico, avvicinandoti il pi\u00f9 possibile alla famosa parete nord dell'Eiger. Questo massiccio \u00e8 davvero imponente.\",\"breadcrumb\":{\"@id\":\"https:\/\/www.swissraft.ch\/it\/prodotto\/volo-elicottero-belp-eiger-monch-jungfraujoch\/#breadcrumb\"},\"inLanguage\":\"it-IT\",\"potentialAction\":[{\"@type\":\"ReadAction\",\"target\":[\"https:\/\/www.swissraft.ch\/it\/prodotto\/volo-elicottero-belp-eiger-monch-jungfraujoch\/\"]}]},{\"@type\":\"ImageObject\",\"inLanguage\":\"it-IT\",\"@id\":\"https:\/\/www.swissraft.ch\/it\/prodotto\/volo-elicottero-belp-eiger-monch-jungfraujoch\/#primaryimage\",\"url\":\"https:\/\/www.swissraft.ch\/wp-content\/uploads\/2022\/11\/07-BERN-BELP-Eiger-Monch-Jungfrau-Rundflug-776x776-2.jpg\",\"contentUrl\":\"https:\/\/www.swissraft.ch\/wp-content\/uploads\/2022\/11\/07-BERN-BELP-Eiger-Monch-Jungfrau-Rundflug-776x776-2.jpg\",\"width\":776,\"height\":776,\"caption\":\"Eiger M\u00f6nch e Jungfraujoch\"},{\"@type\":\"BreadcrumbList\",\"@id\":\"https:\/\/www.swissraft.ch\/it\/prodotto\/volo-elicottero-belp-eiger-monch-jungfraujoch\/#breadcrumb\",\"itemListElement\":[{\"@type\":\"ListItem\",\"position\":1,\"name\":\"Accueil\",\"item\":\"https:\/\/www.swissraft.ch\/it\/\"},{\"@type\":\"ListItem\",\"position\":2,\"name\":\"Negozio\",\"item\":\"https:\/\/www.swissraft.ch\/it\/negozio\/\"},{\"@type\":\"ListItem\",\"position\":3,\"name\":\"Volo in elicottero &#8211; Berna-Belp &#8211; Eiger, M\u00f6nch Jungfraujoch &#8211; 45 min. &#8211; Da CHF 410.00\"}]},{\"@type\":\"WebSite\",\"@id\":\"https:\/\/www.swissraft.ch\/it\/#website\",\"url\":\"https:\/\/www.swissraft.ch\/it\/\",\"name\":\"Swissraft\",\"description\":\"To enjoy nature as it is\",\"publisher\":{\"@id\":\"https:\/\/www.swissraft.ch\/it\/#organization\"},\"potentialAction\":[{\"@type\":\"SearchAction\",\"target\":{\"@type\":\"EntryPoint\",\"urlTemplate\":\"https:\/\/www.swissraft.ch\/it\/?s={search_term_string}\"},\"query-input\":{\"@type\":\"PropertyValueSpecification\",\"valueRequired\":true,\"valueName\":\"search_term_string\"}}],\"inLanguage\":\"it-IT\"},{\"@type\":\"Organization\",\"@id\":\"https:\/\/www.swissraft.ch\/it\/#organization\",\"name\":\"Swissraft\",\"url\":\"https:\/\/www.swissraft.ch\/it\/\",\"logo\":{\"@type\":\"ImageObject\",\"inLanguage\":\"it-IT\",\"@id\":\"https:\/\/www.swissraft.ch\/it\/#\/schema\/logo\/image\/\",\"url\":\"https:\/\/www.swissraft.ch\/wp-content\/uploads\/2025\/09\/Capture.jpg\",\"contentUrl\":\"https:\/\/www.swissraft.ch\/wp-content\/uploads\/2025\/09\/Capture.jpg\",\"width\":293,\"height\":108,\"caption\":\"Swissraft\"},\"image\":{\"@id\":\"https:\/\/www.swissraft.ch\/it\/#\/schema\/logo\/image\/\"}}]}<\/script>\n<!-- \/ Yoast SEO plugin. -->","yoast_head_json":{"title":"Eiger M\u00f6nch e Jungfraujoch. Questo volo \u00e8 uno dei pi\u00f9 spettacolari","description":"Eiger M\u00f6nch e Jungfraujoch. Potrai fare un volo magnifico, avvicinandoti il pi\u00f9 possibile alla famosa parete nord dell'Eiger. Questo massiccio \u00e8 davvero imponente.","robots":{"index":"index","follow":"follow","max-snippet":"max-snippet:-1","max-image-preview":"max-image-preview:large","max-video-preview":"max-video-preview:-1"},"canonical":"https:\/\/www.swissraft.ch\/it\/prodotto\/volo-elicottero-belp-eiger-monch-jungfraujoch\/","og_locale":"it_IT","og_type":"article","og_title":"Eiger M\u00f6nch e Jungfraujoch. Questo volo \u00e8 uno dei pi\u00f9 spettacolari","og_description":"Eiger M\u00f6nch e Jungfraujoch. Potrai fare un volo magnifico, avvicinandoti il pi\u00f9 possibile alla famosa parete nord dell'Eiger. Questo massiccio \u00e8 davvero imponente.","og_url":"https:\/\/www.swissraft.ch\/it\/prodotto\/volo-elicottero-belp-eiger-monch-jungfraujoch\/","og_site_name":"Swissraft","article_modified_time":"2026-04-16T03:30:06+00:00","og_image":[{"width":776,"height":776,"url":"https:\/\/www.swissraft.ch\/wp-content\/uploads\/2022\/11\/07-BERN-BELP-Eiger-Monch-Jungfrau-Rundflug-776x776-2.jpg","type":"image\/jpeg"}],"twitter_card":"summary_large_image","twitter_misc":{"Tempo di lettura stimato":"1 minuto"},"schema":{"@context":"https:\/\/schema.org","@graph":[{"@type":"WebPage","@id":"https:\/\/www.swissraft.ch\/it\/prodotto\/volo-elicottero-belp-eiger-monch-jungfraujoch\/","url":"https:\/\/www.swissraft.ch\/it\/prodotto\/volo-elicottero-belp-eiger-monch-jungfraujoch\/","name":"Eiger M\u00f6nch e Jungfraujoch. Questo volo \u00e8 uno dei pi\u00f9 spettacolari","isPartOf":{"@id":"https:\/\/www.swissraft.ch\/it\/#website"},"primaryImageOfPage":{"@id":"https:\/\/www.swissraft.ch\/it\/prodotto\/volo-elicottero-belp-eiger-monch-jungfraujoch\/#primaryimage"},"image":{"@id":"https:\/\/www.swissraft.ch\/it\/prodotto\/volo-elicottero-belp-eiger-monch-jungfraujoch\/#primaryimage"},"thumbnailUrl":"https:\/\/www.swissraft.ch\/wp-content\/uploads\/2022\/11\/07-BERN-BELP-Eiger-Monch-Jungfrau-Rundflug-776x776-2.jpg","datePublished":"2022-11-22T15:46:07+00:00","dateModified":"2026-04-16T03:30:06+00:00","description":"Eiger M\u00f6nch e Jungfraujoch. Potrai fare un volo magnifico, avvicinandoti il pi\u00f9 possibile alla famosa parete nord dell'Eiger. Questo massiccio \u00e8 davvero imponente.","breadcrumb":{"@id":"https:\/\/www.swissraft.ch\/it\/prodotto\/volo-elicottero-belp-eiger-monch-jungfraujoch\/#breadcrumb"},"inLanguage":"it-IT","potentialAction":[{"@type":"ReadAction","target":["https:\/\/www.swissraft.ch\/it\/prodotto\/volo-elicottero-belp-eiger-monch-jungfraujoch\/"]}]},{"@type":"ImageObject","inLanguage":"it-IT","@id":"https:\/\/www.swissraft.ch\/it\/prodotto\/volo-elicottero-belp-eiger-monch-jungfraujoch\/#primaryimage","url":"https:\/\/www.swissraft.ch\/wp-content\/uploads\/2022\/11\/07-BERN-BELP-Eiger-Monch-Jungfrau-Rundflug-776x776-2.jpg","contentUrl":"https:\/\/www.swissraft.ch\/wp-content\/uploads\/2022\/11\/07-BERN-BELP-Eiger-Monch-Jungfrau-Rundflug-776x776-2.jpg","width":776,"height":776,"caption":"Eiger M\u00f6nch e Jungfraujoch"},{"@type":"BreadcrumbList","@id":"https:\/\/www.swissraft.ch\/it\/prodotto\/volo-elicottero-belp-eiger-monch-jungfraujoch\/#breadcrumb","itemListElement":[{"@type":"ListItem","position":1,"name":"Accueil","item":"https:\/\/www.swissraft.ch\/it\/"},{"@type":"ListItem","position":2,"name":"Negozio","item":"https:\/\/www.swissraft.ch\/it\/negozio\/"},{"@type":"ListItem","position":3,"name":"Volo in elicottero &#8211; Berna-Belp &#8211; Eiger, M\u00f6nch Jungfraujoch &#8211; 45 min. &#8211; Da CHF 410.00"}]},{"@type":"WebSite","@id":"https:\/\/www.swissraft.ch\/it\/#website","url":"https:\/\/www.swissraft.ch\/it\/","name":"Swissraft","description":"To enjoy nature as it is","publisher":{"@id":"https:\/\/www.swissraft.ch\/it\/#organization"},"potentialAction":[{"@type":"SearchAction","target":{"@type":"EntryPoint","urlTemplate":"https:\/\/www.swissraft.ch\/it\/?s={search_term_string}"},"query-input":{"@type":"PropertyValueSpecification","valueRequired":true,"valueName":"search_term_string"}}],"inLanguage":"it-IT"},{"@type":"Organization","@id":"https:\/\/www.swissraft.ch\/it\/#organization","name":"Swissraft","url":"https:\/\/www.swissraft.ch\/it\/","logo":{"@type":"ImageObject","inLanguage":"it-IT","@id":"https:\/\/www.swissraft.ch\/it\/#\/schema\/logo\/image\/","url":"https:\/\/www.swissraft.ch\/wp-content\/uploads\/2025\/09\/Capture.jpg","contentUrl":"https:\/\/www.swissraft.ch\/wp-content\/uploads\/2025\/09\/Capture.jpg","width":293,"height":108,"caption":"Swissraft"},"image":{"@id":"https:\/\/www.swissraft.ch\/it\/#\/schema\/logo\/image\/"}}]}},"_links":{"self":[{"href":"https:\/\/www.swissraft.ch\/it\/wp-json\/wp\/v2\/product\/93543","targetHints":{"allow":["GET"]}}],"collection":[{"href":"https:\/\/www.swissraft.ch\/it\/wp-json\/wp\/v2\/product"}],"about":[{"href":"https:\/\/www.swissraft.ch\/it\/wp-json\/wp\/v2\/types\/product"}],"replies":[{"embeddable":true,"href":"https:\/\/www.swissraft.ch\/it\/wp-json\/wp\/v2\/comments?post=93543"}],"version-history":[{"count":114,"href":"https:\/\/www.swissraft.ch\/it\/wp-json\/wp\/v2\/product\/93543\/revisions"}],"predecessor-version":[{"id":140241,"href":"https:\/\/www.swissraft.ch\/it\/wp-json\/wp\/v2\/product\/93543\/revisions\/140241"}],"wp:featuredmedia":[{"embeddable":true,"href":"https:\/\/www.swissraft.ch\/it\/wp-json\/wp\/v2\/media\/85577"}],"wp:attachment":[{"href":"https:\/\/www.swissraft.ch\/it\/wp-json\/wp\/v2\/media?parent=93543"}],"wp:term":[{"taxonomy":"product_cat","embeddable":true,"href":"https:\/\/www.swissraft.ch\/it\/wp-json\/wp\/v2\/product_cat?post=93543"},{"taxonomy":"product_tag","embeddable":true,"href":"https:\/\/www.swissraft.ch\/it\/wp-json\/wp\/v2\/product_tag?post=93543"}],"curies":[{"name":"wp","href":"https:\/\/api.w.org\/{rel}","templated":true}]}}