{"id":93531,"date":"2022-10-16T17:11:43","date_gmt":"2022-10-16T15:11:43","guid":{"rendered":"https:\/\/swissraft.xyanzkdne.eu\/product\/volo-in-elicottero-da-berne-belp-volo-su-berne-15-e-20-min-a-partire-da-chf-16000\/"},"modified":"2026-04-04T00:03:07","modified_gmt":"2026-04-03T22:03:07","slug":"volo-su-berna-city","status":"publish","type":"product","link":"https:\/\/www.swissraft.ch\/it\/prodotto\/volo-su-berna-city\/","title":{"rendered":"Volo in elicottero da BERNA-BELP &#8211; VOLO SU BERNA &#8211; 15 e 20 min. &#8211; A partire da CHF 160.00"},"content":{"rendered":"\t\t<div data-elementor-type=\"wp-post\" data-elementor-id=\"93531\" class=\"elementor elementor-93531 elementor-28887\">\n\t\t\t\t\t\t\t\t\t<section class=\"elementor-section elementor-top-section elementor-element elementor-element-3303a7e3 elementor-section-boxed elementor-section-height-default elementor-section-height-default\" data-id=\"3303a7e3\" data-element_type=\"section\">\n\t\t\t\t\t\t<div class=\"elementor-container elementor-column-gap-default\">\n\t\t\t\t\t<div class=\"elementor-column elementor-col-100 elementor-top-column elementor-element elementor-element-16d72dbf\" data-id=\"16d72dbf\" data-element_type=\"column\">\n\t\t\t<div class=\"elementor-widget-wrap elementor-element-populated\">\n\t\t\t\t\t\t\t\t<div class=\"elementor-element elementor-element-d743c03 elementor-widget elementor-widget-text-editor\" data-id=\"d743c03\" data-element_type=\"widget\" data-widget_type=\"text-editor.default\">\n\t\t\t\t<div class=\"elementor-widget-container\">\n\t\t\t\t\t\t\t<h2>SCEGLI LA TUA ATTIVIT\u00c0 QUI SOTTO PER OFFRIRE BUONI REGALO \/ BIGLIETTI O EFFETTUARE UNA PRENOTAZIONE<\/h2><table style=\"height: 290px;\" border=\"0\" width=\"580\" cellspacing=\"10\" cellpadding=\"10\"><tbody><tr><td width=\"50%\"><strong>1) VOLO SU BERNA &#8211; 15 min.<\/strong><\/td><td><strong>A partire da CHF 160.00 a persona<\/strong><\/td><\/tr><tr><td>Informazioni aggiuntive<\/td><td>&#8211; Sarai con altri passeggeri<\/td><\/tr><tr><td>Aeroporto<\/td><td><a href=\"https:\/\/www.google.ch\/maps\/place\/Muristrasse+114,+3123+Belp,+Suisse\/@46.9054,7.4973283,193m\/data=!3m1!1e3!4m6!3m5!1s0x478e37cc7fe34b07:0xd2876f33b4e5b28c!8m2!3d46.905372!4d7.4984699!16s%2Fg%2F11c279q9ks!5m1!1e1?hl=fr&amp;entry=ttu&amp;g_ep=EgoyMDI0MDgyOC4wIKXMDSoASAFQAw%3D%3D\" target=\"_blank\" rel=\"noopener\">Berna-Belp<\/a><\/td><\/tr><tr><td>Tempo di volo<\/td><td>15 min.<\/td><\/tr><tr><td>Durata totale<\/td><td>circa 35 min.<\/td><\/tr><tr><td>Appuntamento<\/td><td>Per telefono<\/td><\/tr><tr><td><a href=\"https:\/\/swissraft.outdoorbooking.ch\/fo\/products\/1289?base_id=9&amp;category_id=6&amp;order_type=gift_voucher&amp;lang=it\" target=\"_blank\" rel=\"noopener\"><button class=\"elementor-button\" type=\"button\">ACQUISTO BUONO REGALO \/ BIGLIETTO<\/button><\/a><\/td><td><span style=\"font-weight: bold; background-color: #ffffff;\">CHF <strong>160.00<\/strong><\/span><span style=\"background-color: #ffffff;\">\/pers.<\/span><\/td><\/tr><tr><td><a href=\"https:\/\/swissraft.outdoorbooking.ch\/fo\/products\/1859?base_id=9&amp;category_id=6&amp;order_type=gift_voucher&amp;lang=it\" target=\"_blank\" rel=\"noopener\"> <button class=\"elementor-button\" type=\"button\">ACQUISTO BUONO REGALO \/ BIGLIETTO<\/button><\/a><\/td><td><strong>CHF 640.00 &#8211; Volo privato (4 pers.)<\/strong><\/td><\/tr><tr><td>\u00a0<\/td><td><span style=\"text-decoration: underline;\"><strong><em>IMPORTANTE !<\/em><\/strong><\/span><br \/><em>Per prenotare, chiamate il numero che si trova in alto a sinistra sul buono regalo \/ biglietto.<\/em><\/td><\/tr><\/tbody><\/table><table style=\"height: 290px;\" border=\"0\" width=\"580\" cellspacing=\"10\" cellpadding=\"10\"><tbody><tr><td width=\"50%\"><strong>2) VOLO SUL BERNA &#8211; VOLO PRIVATO (3-5 pers.) &#8211; 20 min.<\/strong><\/td><td><strong>A partire da CHF 566.00 per volo privato<\/strong><\/td><\/tr><tr><td>Informazioni aggiuntive<\/td><td>&#8211; Utilizzi l&#8217;elicottero esclusivamente per te<br \/>&#8211; Scegli la data e l&#8217;ora di partenza &#8211; Massimo 5 pers.<\/td><\/tr><tr><td>Aeroporto<\/td><td><a href=\"https:\/\/www.google.ch\/maps\/place\/Flugplatzstrasse+9,+3123+Belp\/@46.9110741,7.5014815,384m\/data=!3m1!1e3!4m6!3m5!1s0x478e364abf3cd12d:0x66533198ed658320!8m2!3d46.9109935!4d7.5040993!16s%2Fg%2F11c2cjv1zm?hl=fr&amp;entry=ttu\" target=\"_blank\" rel=\"noopener\">Berna-Belp<\/a><\/td><\/tr><tr><td>Durata del volo<\/td><td>20 min.<\/td><\/tr><tr><td>Durata totale<\/td><td>circa 40 min.<\/td><\/tr><tr><td>Appuntamento<\/td><td>Per telefono<\/td><\/tr><tr><td><a href=\"https:\/\/swissraft.outdoorbooking.ch\/fo\/products\/465?base_id=211&amp;category_id=6&amp;order_type=gift_voucher&amp;lang=it\" target=\"_blank\" rel=\"noopener\"><button class=\"elementor-button\" type=\"button\">ACQUISTO BUONO REGALO \/ BIGLIETTO<\/button><\/a><\/td><td><strong>CHF 566.00 &#8211; Volo privato (3 pers.)<\/strong><\/td><\/tr><tr><td><a href=\"https:\/\/swissraft.outdoorbooking.ch:443\/fo\/products\/2175?base_id=115&amp;category_id=6&amp;order_type=gift_voucher&amp;lang=it\" target=\"_blank\" rel=\"noopener\"><button class=\"elementor-button\" type=\"button\">ACQUISTO BUONO REGALO \/ BIGLIETTO<\/button><\/a><\/td><td><strong>CHF 765.00 &#8211; Volo privato (4 pers.)<\/strong><\/td><\/tr><tr><td><a href=\"https:\/\/swissraft.outdoorbooking.ch\/fo\/products\/467?base_id=116&amp;category_id=6&amp;order_type=gift_voucher&amp;lang=it\" target=\"_blank\" rel=\"noopener\"><button class=\"elementor-button\" type=\"button\">ACQUISTO BUONO REGALO \/ BIGLIETTO<\/button><\/a><\/td><td><strong>CHF 999.00 &#8211; Volo privato (5 pers.)<\/strong><\/td><\/tr><tr><td>\u00a0<\/td><td><span style=\"text-decoration: underline;\"><strong><em>IMPORTANTE !<\/em><\/strong><\/span><br \/><em>Per prenotare, chiamate il numero che si trova in alto a sinistra sul buono regalo \/ biglietto.<\/em><\/td><\/tr><\/tbody><\/table>\t\t\t\t\t\t<\/div>\n\t\t\t\t<\/div>\n\t\t\t\t\t<\/div>\n\t\t<\/div>\n\t\t\t\t\t\t\t<\/div>\n\t\t<\/section>\n\t\t\t\t\t\t\t<\/div>\n\t\t","protected":false},"excerpt":{"rendered":"<div align=\"justify\">\n<h2 align=\"justify\">Volo in elicottero sulla capitale politica della Svizzera: Berna<\/h2>\n<h3>Partendo da Berna-Belp, un volo panoramico e culturale in elicottero<\/h3>\n<\/div>\n<div align=\"justify\">\n<p>Fai un volo in elicottero sulla capitale politica della Svizzera, con una vista impressionante del centro storico. Sopra il palazzo federale e il monastero. Poi vai a Rubigen, Worb, Bantiger, lo Stade de Suisse, il centro storico e la Bundeshaus. Poi il lago Wohlen, Gurten e la montagna Belp. Poi prosegui verso la Valle dell&#8217;Aare, prima di riposare all&#8217;aeroporto internazionale di Berna-Belp.<\/p>\n<h3>Swissraft offre un&#8217;ampia gamma di tour in elicottero in partenza da Berna-Belp<\/h3>\n<p id=\"textarea\" style=\"display: none;\">Decolliamo in Vallese dall&#8217;aeroporto di Sion e dagli eliporti di Gampel e Collombey. Abbiamo anche voli dall&#8217;eliporto di Interlaken-Gsteigwiler nell&#8217;Oberland Bernese. Cos\u00ec come i voli dall&#8217;eliporto di Gstaad-Grund e dall&#8217;aerodromo di Saanen nel Saanenland. Lo stesso vale per le partenze dagli eliporti di Lauterbrunnen, Lenk-Simmental e Schattenhalb-Meiringen. Voliamo anche in Argovia da Buttwil e nel cantone di Soletta da Grenchen. Decolliamo anche dall&#8217;eliporto di Pfaffnau, nel cantone di Lucerna.<br \/>\nAbbiamo anche voli nel cantone di Uri con partenza dall&#8217;eliporto di Erstfeld. Ma anche nel Canton Svitto, con partenza dall&#8217;eliporto di K\u00fcssnacht. Offriamo anche tour in elicottero nel cantone di Friburgo a \u00c9pagny en Gruy\u00e8re. Operiamo anche voli nel Canton Ticino dagli aeroporti di Locarno e Lodrino. Offriamo anche voli per i Grigioni dagli eliporti di Flims, Tavanasa e Untervaz. Inoltre, in Engadina decolliamo dall&#8217;aerodromo di Samedan. Offriamo anche voli per il Liechtenstein dall&#8217;eliporto di Balzers e per il Canton Turgovia da Sitterdorf.\n<\/p>\n<p><a id=\"seeMore\" onclick=\"toggleSeeMore()\" href=\"javascript:void(0);\">Leggi tutto<\/a><\/p>\n","protected":false},"featured_media":87944,"comment_status":"open","ping_status":"closed","template":"","meta":{"inline_featured_image":false,"_mi_skip_tracking":false},"product_cat":[392,460],"product_tag":[],"class_list":["post-93531","product","type-product","status-publish","has-post-thumbnail","hentry","product_cat-volo-in-elicottero","product_cat-volo-elicottero-berna-belp"],"yoast_head":"<!-- This site is optimized with the Yoast SEO plugin v23.6 - https:\/\/yoast.com\/wordpress\/plugins\/seo\/ -->\n<title>Sorvolando Berna, la capitale politica della Svizzera<\/title>\n<meta name=\"description\" content=\"Volare su Berna. Sorvolerai tutti gli edifici e i monumenti della citt\u00e0 di Berna. Questo volo in elicottero \u00e8 sia panoramico che culturale.\" \/>\n<meta name=\"robots\" content=\"index, follow, max-snippet:-1, max-image-preview:large, max-video-preview:-1\" \/>\n<link rel=\"canonical\" href=\"https:\/\/www.swissraft.ch\/it\/prodotto\/volo-su-berna-city\/\" \/>\n<meta property=\"og:locale\" content=\"it_IT\" \/>\n<meta property=\"og:type\" content=\"article\" \/>\n<meta property=\"og:title\" content=\"Sorvolando Berna, la capitale politica della Svizzera\" \/>\n<meta property=\"og:description\" content=\"Volare su Berna. Sorvolerai tutti gli edifici e i monumenti della citt\u00e0 di Berna. Questo volo in elicottero \u00e8 sia panoramico che culturale.\" \/>\n<meta property=\"og:url\" content=\"https:\/\/www.swissraft.ch\/it\/prodotto\/volo-su-berna-city\/\" \/>\n<meta property=\"og:site_name\" content=\"Swissraft\" \/>\n<meta property=\"article:modified_time\" content=\"2026-04-03T22:03:07+00:00\" \/>\n<meta property=\"og:image\" content=\"https:\/\/www.swissraft.ch\/wp-content\/uploads\/2023\/01\/1-BERN-BELP-Bern-City-776x776-1.jpg\" \/>\n\t<meta property=\"og:image:width\" content=\"776\" \/>\n\t<meta property=\"og:image:height\" content=\"776\" \/>\n\t<meta property=\"og:image:type\" content=\"image\/jpeg\" \/>\n<meta name=\"twitter:card\" content=\"summary_large_image\" \/>\n<meta name=\"twitter:label1\" content=\"Tempo di lettura stimato\" \/>\n\t<meta name=\"twitter:data1\" content=\"1 minuto\" \/>\n<script type=\"application\/ld+json\" class=\"yoast-schema-graph\">{\"@context\":\"https:\/\/schema.org\",\"@graph\":[{\"@type\":\"WebPage\",\"@id\":\"https:\/\/www.swissraft.ch\/it\/prodotto\/volo-su-berna-city\/\",\"url\":\"https:\/\/www.swissraft.ch\/it\/prodotto\/volo-su-berna-city\/\",\"name\":\"Sorvolando Berna, la capitale politica della Svizzera\",\"isPartOf\":{\"@id\":\"https:\/\/www.swissraft.ch\/it\/#website\"},\"primaryImageOfPage\":{\"@id\":\"https:\/\/www.swissraft.ch\/it\/prodotto\/volo-su-berna-city\/#primaryimage\"},\"image\":{\"@id\":\"https:\/\/www.swissraft.ch\/it\/prodotto\/volo-su-berna-city\/#primaryimage\"},\"thumbnailUrl\":\"https:\/\/www.swissraft.ch\/wp-content\/uploads\/2023\/01\/1-BERN-BELP-Bern-City-776x776-1.jpg\",\"datePublished\":\"2022-10-16T15:11:43+00:00\",\"dateModified\":\"2026-04-03T22:03:07+00:00\",\"description\":\"Volare su Berna. Sorvolerai tutti gli edifici e i monumenti della citt\u00e0 di Berna. Questo volo in elicottero \u00e8 sia panoramico che culturale.\",\"breadcrumb\":{\"@id\":\"https:\/\/www.swissraft.ch\/it\/prodotto\/volo-su-berna-city\/#breadcrumb\"},\"inLanguage\":\"it-IT\",\"potentialAction\":[{\"@type\":\"ReadAction\",\"target\":[\"https:\/\/www.swissraft.ch\/it\/prodotto\/volo-su-berna-city\/\"]}]},{\"@type\":\"ImageObject\",\"inLanguage\":\"it-IT\",\"@id\":\"https:\/\/www.swissraft.ch\/it\/prodotto\/volo-su-berna-city\/#primaryimage\",\"url\":\"https:\/\/www.swissraft.ch\/wp-content\/uploads\/2023\/01\/1-BERN-BELP-Bern-City-776x776-1.jpg\",\"contentUrl\":\"https:\/\/www.swissraft.ch\/wp-content\/uploads\/2023\/01\/1-BERN-BELP-Bern-City-776x776-1.jpg\",\"width\":776,\"height\":776,\"caption\":\"Volo in elicottero su Berna da Berna-Belp\"},{\"@type\":\"BreadcrumbList\",\"@id\":\"https:\/\/www.swissraft.ch\/it\/prodotto\/volo-su-berna-city\/#breadcrumb\",\"itemListElement\":[{\"@type\":\"ListItem\",\"position\":1,\"name\":\"Accueil\",\"item\":\"https:\/\/www.swissraft.ch\/it\/\"},{\"@type\":\"ListItem\",\"position\":2,\"name\":\"Negozio\",\"item\":\"https:\/\/www.swissraft.ch\/it\/negozio\/\"},{\"@type\":\"ListItem\",\"position\":3,\"name\":\"Volo in elicottero da BERNA-BELP &#8211; VOLO SU BERNA &#8211; 15 e 20 min. &#8211; A partire da CHF 160.00\"}]},{\"@type\":\"WebSite\",\"@id\":\"https:\/\/www.swissraft.ch\/it\/#website\",\"url\":\"https:\/\/www.swissraft.ch\/it\/\",\"name\":\"Swissraft\",\"description\":\"To enjoy nature as it is\",\"publisher\":{\"@id\":\"https:\/\/www.swissraft.ch\/it\/#organization\"},\"potentialAction\":[{\"@type\":\"SearchAction\",\"target\":{\"@type\":\"EntryPoint\",\"urlTemplate\":\"https:\/\/www.swissraft.ch\/it\/?s={search_term_string}\"},\"query-input\":{\"@type\":\"PropertyValueSpecification\",\"valueRequired\":true,\"valueName\":\"search_term_string\"}}],\"inLanguage\":\"it-IT\"},{\"@type\":\"Organization\",\"@id\":\"https:\/\/www.swissraft.ch\/it\/#organization\",\"name\":\"Swissraft\",\"url\":\"https:\/\/www.swissraft.ch\/it\/\",\"logo\":{\"@type\":\"ImageObject\",\"inLanguage\":\"it-IT\",\"@id\":\"https:\/\/www.swissraft.ch\/it\/#\/schema\/logo\/image\/\",\"url\":\"https:\/\/www.swissraft.ch\/wp-content\/uploads\/2025\/09\/Capture.jpg\",\"contentUrl\":\"https:\/\/www.swissraft.ch\/wp-content\/uploads\/2025\/09\/Capture.jpg\",\"width\":293,\"height\":108,\"caption\":\"Swissraft\"},\"image\":{\"@id\":\"https:\/\/www.swissraft.ch\/it\/#\/schema\/logo\/image\/\"}}]}<\/script>\n<!-- \/ Yoast SEO plugin. -->","yoast_head_json":{"title":"Sorvolando Berna, la capitale politica della Svizzera","description":"Volare su Berna. Sorvolerai tutti gli edifici e i monumenti della citt\u00e0 di Berna. Questo volo in elicottero \u00e8 sia panoramico che culturale.","robots":{"index":"index","follow":"follow","max-snippet":"max-snippet:-1","max-image-preview":"max-image-preview:large","max-video-preview":"max-video-preview:-1"},"canonical":"https:\/\/www.swissraft.ch\/it\/prodotto\/volo-su-berna-city\/","og_locale":"it_IT","og_type":"article","og_title":"Sorvolando Berna, la capitale politica della Svizzera","og_description":"Volare su Berna. Sorvolerai tutti gli edifici e i monumenti della citt\u00e0 di Berna. Questo volo in elicottero \u00e8 sia panoramico che culturale.","og_url":"https:\/\/www.swissraft.ch\/it\/prodotto\/volo-su-berna-city\/","og_site_name":"Swissraft","article_modified_time":"2026-04-03T22:03:07+00:00","og_image":[{"width":776,"height":776,"url":"https:\/\/www.swissraft.ch\/wp-content\/uploads\/2023\/01\/1-BERN-BELP-Bern-City-776x776-1.jpg","type":"image\/jpeg"}],"twitter_card":"summary_large_image","twitter_misc":{"Tempo di lettura stimato":"1 minuto"},"schema":{"@context":"https:\/\/schema.org","@graph":[{"@type":"WebPage","@id":"https:\/\/www.swissraft.ch\/it\/prodotto\/volo-su-berna-city\/","url":"https:\/\/www.swissraft.ch\/it\/prodotto\/volo-su-berna-city\/","name":"Sorvolando Berna, la capitale politica della Svizzera","isPartOf":{"@id":"https:\/\/www.swissraft.ch\/it\/#website"},"primaryImageOfPage":{"@id":"https:\/\/www.swissraft.ch\/it\/prodotto\/volo-su-berna-city\/#primaryimage"},"image":{"@id":"https:\/\/www.swissraft.ch\/it\/prodotto\/volo-su-berna-city\/#primaryimage"},"thumbnailUrl":"https:\/\/www.swissraft.ch\/wp-content\/uploads\/2023\/01\/1-BERN-BELP-Bern-City-776x776-1.jpg","datePublished":"2022-10-16T15:11:43+00:00","dateModified":"2026-04-03T22:03:07+00:00","description":"Volare su Berna. Sorvolerai tutti gli edifici e i monumenti della citt\u00e0 di Berna. Questo volo in elicottero \u00e8 sia panoramico che culturale.","breadcrumb":{"@id":"https:\/\/www.swissraft.ch\/it\/prodotto\/volo-su-berna-city\/#breadcrumb"},"inLanguage":"it-IT","potentialAction":[{"@type":"ReadAction","target":["https:\/\/www.swissraft.ch\/it\/prodotto\/volo-su-berna-city\/"]}]},{"@type":"ImageObject","inLanguage":"it-IT","@id":"https:\/\/www.swissraft.ch\/it\/prodotto\/volo-su-berna-city\/#primaryimage","url":"https:\/\/www.swissraft.ch\/wp-content\/uploads\/2023\/01\/1-BERN-BELP-Bern-City-776x776-1.jpg","contentUrl":"https:\/\/www.swissraft.ch\/wp-content\/uploads\/2023\/01\/1-BERN-BELP-Bern-City-776x776-1.jpg","width":776,"height":776,"caption":"Volo in elicottero su Berna da Berna-Belp"},{"@type":"BreadcrumbList","@id":"https:\/\/www.swissraft.ch\/it\/prodotto\/volo-su-berna-city\/#breadcrumb","itemListElement":[{"@type":"ListItem","position":1,"name":"Accueil","item":"https:\/\/www.swissraft.ch\/it\/"},{"@type":"ListItem","position":2,"name":"Negozio","item":"https:\/\/www.swissraft.ch\/it\/negozio\/"},{"@type":"ListItem","position":3,"name":"Volo in elicottero da BERNA-BELP &#8211; VOLO SU BERNA &#8211; 15 e 20 min. &#8211; A partire da CHF 160.00"}]},{"@type":"WebSite","@id":"https:\/\/www.swissraft.ch\/it\/#website","url":"https:\/\/www.swissraft.ch\/it\/","name":"Swissraft","description":"To enjoy nature as it is","publisher":{"@id":"https:\/\/www.swissraft.ch\/it\/#organization"},"potentialAction":[{"@type":"SearchAction","target":{"@type":"EntryPoint","urlTemplate":"https:\/\/www.swissraft.ch\/it\/?s={search_term_string}"},"query-input":{"@type":"PropertyValueSpecification","valueRequired":true,"valueName":"search_term_string"}}],"inLanguage":"it-IT"},{"@type":"Organization","@id":"https:\/\/www.swissraft.ch\/it\/#organization","name":"Swissraft","url":"https:\/\/www.swissraft.ch\/it\/","logo":{"@type":"ImageObject","inLanguage":"it-IT","@id":"https:\/\/www.swissraft.ch\/it\/#\/schema\/logo\/image\/","url":"https:\/\/www.swissraft.ch\/wp-content\/uploads\/2025\/09\/Capture.jpg","contentUrl":"https:\/\/www.swissraft.ch\/wp-content\/uploads\/2025\/09\/Capture.jpg","width":293,"height":108,"caption":"Swissraft"},"image":{"@id":"https:\/\/www.swissraft.ch\/it\/#\/schema\/logo\/image\/"}}]}},"_links":{"self":[{"href":"https:\/\/www.swissraft.ch\/it\/wp-json\/wp\/v2\/product\/93531","targetHints":{"allow":["GET"]}}],"collection":[{"href":"https:\/\/www.swissraft.ch\/it\/wp-json\/wp\/v2\/product"}],"about":[{"href":"https:\/\/www.swissraft.ch\/it\/wp-json\/wp\/v2\/types\/product"}],"replies":[{"embeddable":true,"href":"https:\/\/www.swissraft.ch\/it\/wp-json\/wp\/v2\/comments?post=93531"}],"version-history":[{"count":65,"href":"https:\/\/www.swissraft.ch\/it\/wp-json\/wp\/v2\/product\/93531\/revisions"}],"predecessor-version":[{"id":136399,"href":"https:\/\/www.swissraft.ch\/it\/wp-json\/wp\/v2\/product\/93531\/revisions\/136399"}],"wp:featuredmedia":[{"embeddable":true,"href":"https:\/\/www.swissraft.ch\/it\/wp-json\/wp\/v2\/media\/87944"}],"wp:attachment":[{"href":"https:\/\/www.swissraft.ch\/it\/wp-json\/wp\/v2\/media?parent=93531"}],"wp:term":[{"taxonomy":"product_cat","embeddable":true,"href":"https:\/\/www.swissraft.ch\/it\/wp-json\/wp\/v2\/product_cat?post=93531"},{"taxonomy":"product_tag","embeddable":true,"href":"https:\/\/www.swissraft.ch\/it\/wp-json\/wp\/v2\/product_tag?post=93531"}],"curies":[{"name":"wp","href":"https:\/\/api.w.org\/{rel}","templated":true}]}}