{"id":93515,"date":"2022-12-10T12:02:49","date_gmt":"2022-12-10T11:02:49","guid":{"rendered":"https:\/\/swissraft.xyanzkdne.eu\/product\/volo-in-elicottero-da-interlaken-great-glacier-flight-22-min-chf-36000\/"},"modified":"2025-06-14T22:25:19","modified_gmt":"2025-06-14T20:25:19","slug":"gran-volo-ghiacciai-elicottero-interlaken","status":"publish","type":"product","link":"https:\/\/www.swissraft.ch\/it\/prodotto\/gran-volo-ghiacciai-elicottero-interlaken\/","title":{"rendered":"Volo in elicottero da INTERLAKEN &#8211; GRAN VOLO SOPRA I GHIACCIAI &#8211; 22 min. &#8211; CHF 370.00"},"content":{"rendered":"\t\t<div data-elementor-type=\"wp-post\" data-elementor-id=\"93515\" class=\"elementor elementor-93515 elementor-29399\">\n\t\t\t\t\t\t\t\t\t<section class=\"elementor-section elementor-top-section elementor-element elementor-element-3303a7e3 elementor-section-boxed elementor-section-height-default elementor-section-height-default\" data-id=\"3303a7e3\" data-element_type=\"section\">\n\t\t\t\t\t\t<div class=\"elementor-container elementor-column-gap-default\">\n\t\t\t\t\t<div class=\"elementor-column elementor-col-100 elementor-top-column elementor-element elementor-element-16d72dbf\" data-id=\"16d72dbf\" data-element_type=\"column\">\n\t\t\t<div class=\"elementor-widget-wrap elementor-element-populated\">\n\t\t\t\t\t\t\t\t<div class=\"elementor-element elementor-element-d743c03 elementor-widget elementor-widget-text-editor\" data-id=\"d743c03\" data-element_type=\"widget\" data-widget_type=\"text-editor.default\">\n\t\t\t\t<div class=\"elementor-widget-container\">\n\t\t\t\t\t\t\t<h2>SCEGLI LA TUA ATTIVIT\u00c0 QUI SOTTO PER OFFRIRE BUONI REGALO\/BIGLIETTI O EFFETTUARE UNA PRENOTAZIONE<\/h2><table style=\"height: 290px;\" border=\"0\" width=\"580\" cellspacing=\"10\" cellpadding=\"10\"><tbody><tr><td width=\"50%\"><strong>GRAN VOLO DEI GHIACCIAI &#8211; 22 min.<\/strong><\/td><td><strong>CHF 370.00 a persona<\/strong><\/td><\/tr><tr><td>Informazioni aggiuntive<\/td><td>&#8211; Sarai con altri passeggeri<br \/>&#8211; Massimo 5 pers.<\/td><\/tr><tr><td>Eliporto<\/td><td><a href=\"https:\/\/www.google.com\/maps\/place\/46%C2%B038'53.4%22N+7%C2%B052'41.1%22E\/@46.6502106,7.8037923,12395m\/data=!3m1!1e3!4m4!3m3!8m2!3d46.6481667!4d7.8780833?entry=ttu\" target=\"_blank\" rel=\"noopener\">Gsteigwiler<\/a><\/td><\/tr><tr><td>Tempo di volo<\/td><td>22 min.<\/td><\/tr><tr><td>Durata totale<\/td><td>circa 50 min.<\/td><\/tr><tr><td>Appuntamento<\/td><td>Per telefono<\/td><\/tr><tr><td><button class=\"elementor-button\" type=\"button\"><a href=\"https:\/\/swissraft.outdoorbooking.ch\/fo\/products\/45?base_id=10&amp;category_id=6&amp;order_type=gift_voucher&amp;lang=it\" target=\"_blank\" rel=\"noopener\">ACQUISTO BUONO REGALO<\/a><\/button><\/td><td>Dopo aver ricevuto il vostro biglietto\/buono, chiamate il numero di telefono indicato in alto a sinistra per effettuare la prenotazione.<\/td><\/tr><\/tbody><\/table>\t\t\t\t\t\t<\/div>\n\t\t\t\t<\/div>\n\t\t\t\t\t<\/div>\n\t\t<\/div>\n\t\t\t\t\t\t\t<\/div>\n\t\t<\/section>\n\t\t\t\t\t\t\t<\/div>\n\t\t","protected":false},"excerpt":{"rendered":"<div align=\"justify\">\n<h2 align=\"justify\">Decolla dall&#8217;eliporto di Gsteigwiler per un volo di 20 minuti sui ghiacciai delle Alpi Bernesi.<\/h2>\n<h3>Durante questo volo, sorvolerai numerosi ghiacciai, ognuno pi\u00f9 imponente dell&#8217;altro.<\/h3>\n<\/div>\n<div align=\"justify\">\n<p>Da Gsteigwiler voliamo a Zweil\u00fctschinen nella valle di Grindelwald. Poi prosegui verso l&#8217;area sciistica di M\u00e4nnlichen, sul versante nord dell&#8217;Eiger. Poi si passa al Mittellegigrat con la sua cima affilata, il Mare di Ghiaccio, la Fiescherwand, il Gr\u00fcnhornl\u00fccke e l&#8217;enorme Kondordiaplatz. Raggiungiamo il ghiacciaio dell&#8217;Aletsch, il L\u00f6tschenl\u00fccke, il ghiacciaio Petersgrat e il ghiacciaio Gspaltenhorn. Poi c&#8217;\u00e8 lo Schilthorn e il Soustal, prima di atterrare nuovamente all&#8217;eliporto di Gsteigwiler.<\/p>\n<h3>Con 23 eliporti e campi d \u201caviazione in Svizzera, il centro aeronautico Swissraft pu\u00f2 offrirti un\u201d ampia gamma di tour aerei.<\/h3>\n<p id=\"textarea\" style=\"display: none;\">\nDecolliamo dall&#8217;eliporto di Gstaad-Grund nel Gstaad-Saanenland e dall&#8217;aerodromo di Saanen. Ma anche dagli eliporti di Lauterbrunnen, Lenk-Simmental e Schattenhalb-Meiringen nell&#8217;Oberland Bernese. Anche dal Vallese, dagli eliporti di Collombey e Gampel e dall&#8217;aeroporto di Sion. Offriamo tour dall&#8217;aerodromo di \u00c9pagny, nel cantone di Friburgo. Oltre a tour nel cantone di Uri dall&#8217;eliporto di Erstfeld e nel cantone di Lucerna da Pfaffnau. Offriamo anche tour dall&#8217;aerodromo di Buttwil in Argovia. Offriamo anche tour in elicottero dall&#8217;aerodromo di Granges e dall&#8217;aeroporto di Berna-Belp. Decolliamo anche dall&#8217;aeroporto internazionale di Zurigo-Kloten. Decolliamo anche da K\u00fcssnacht, nel Canton Svitto. In Engadina, offriamo voli dall&#8217;aeroporto di Samedan. Sempre nei Grigioni, offriamo voli in elicottero da Flims, Tavanasa e Untervaz. Per quanto riguarda il Ticino, offriamo voli da 2 aeroporti: Locarno e Lodrino. Ma anche dal Liechtenstein, con voli in partenza dall&#8217;eliporto di Balzers e dall&#8217;aerodromo di Sitterdorf in Turgovia.\n<\/p>\n<p><a id=\"seeMore\" onclick=\"toggleSeeMore()\" href=\"javascript:void(0);\">Leggi tutto<\/a><\/p>\n","protected":false},"featured_media":86156,"comment_status":"open","ping_status":"closed","template":"","meta":{"inline_featured_image":false,"_mi_skip_tracking":false},"product_cat":[392,393],"product_tag":[],"class_list":["post-93515","product","type-product","status-publish","has-post-thumbnail","hentry","product_cat-volo-in-elicottero","product_cat-volo-elicottero-interlaken"],"yoast_head":"<!-- This site is optimized with the Yoast SEO plugin v23.6 - https:\/\/yoast.com\/wordpress\/plugins\/seo\/ -->\n<title>Gran volo dei ghiacciai da Interlaken-Gsteigwiler<\/title>\n<meta name=\"description\" content=\"Gran volo dei ghiacciai in elicottero di 22 minuti sui ghiacciai da Interlaken-Gsteigwiler. Tra le altre cose, sorvola il ghiacciaio pi\u00f9 lungo dell&#039;Aletsch.\" \/>\n<meta name=\"robots\" content=\"index, follow, max-snippet:-1, max-image-preview:large, max-video-preview:-1\" \/>\n<link rel=\"canonical\" href=\"https:\/\/www.swissraft.ch\/it\/prodotto\/gran-volo-ghiacciai-elicottero-interlaken\/\" \/>\n<meta property=\"og:locale\" content=\"it_IT\" \/>\n<meta property=\"og:type\" content=\"article\" \/>\n<meta property=\"og:title\" content=\"Gran volo dei ghiacciai da Interlaken-Gsteigwiler\" \/>\n<meta property=\"og:description\" content=\"Gran volo dei ghiacciai in elicottero di 22 minuti sui ghiacciai da Interlaken-Gsteigwiler. Tra le altre cose, sorvola il ghiacciaio pi\u00f9 lungo dell&#039;Aletsch.\" \/>\n<meta property=\"og:url\" content=\"https:\/\/www.swissraft.ch\/it\/prodotto\/gran-volo-ghiacciai-elicottero-interlaken\/\" \/>\n<meta property=\"og:site_name\" content=\"Swissraft\" \/>\n<meta property=\"article:modified_time\" content=\"2025-06-14T20:25:19+00:00\" \/>\n<meta property=\"og:image\" content=\"https:\/\/www.swissraft.ch\/wp-content\/uploads\/2022\/12\/5-INTERLAKEN-Grosser-Gletscherflug-776x776-2.jpg\" \/>\n\t<meta property=\"og:image:width\" content=\"776\" \/>\n\t<meta property=\"og:image:height\" content=\"776\" \/>\n\t<meta property=\"og:image:type\" content=\"image\/jpeg\" \/>\n<meta name=\"twitter:card\" content=\"summary_large_image\" \/>\n<meta name=\"twitter:label1\" content=\"Tempo di lettura stimato\" \/>\n\t<meta name=\"twitter:data1\" content=\"1 minuto\" \/>\n<script type=\"application\/ld+json\" class=\"yoast-schema-graph\">{\"@context\":\"https:\/\/schema.org\",\"@graph\":[{\"@type\":\"WebPage\",\"@id\":\"https:\/\/www.swissraft.ch\/it\/prodotto\/gran-volo-ghiacciai-elicottero-interlaken\/\",\"url\":\"https:\/\/www.swissraft.ch\/it\/prodotto\/gran-volo-ghiacciai-elicottero-interlaken\/\",\"name\":\"Gran volo dei ghiacciai da Interlaken-Gsteigwiler\",\"isPartOf\":{\"@id\":\"https:\/\/www.swissraft.ch\/it\/#website\"},\"primaryImageOfPage\":{\"@id\":\"https:\/\/www.swissraft.ch\/it\/prodotto\/gran-volo-ghiacciai-elicottero-interlaken\/#primaryimage\"},\"image\":{\"@id\":\"https:\/\/www.swissraft.ch\/it\/prodotto\/gran-volo-ghiacciai-elicottero-interlaken\/#primaryimage\"},\"thumbnailUrl\":\"https:\/\/www.swissraft.ch\/wp-content\/uploads\/2022\/12\/5-INTERLAKEN-Grosser-Gletscherflug-776x776-2.jpg\",\"datePublished\":\"2022-12-10T11:02:49+00:00\",\"dateModified\":\"2025-06-14T20:25:19+00:00\",\"description\":\"Gran volo dei ghiacciai in elicottero di 22 minuti sui ghiacciai da Interlaken-Gsteigwiler. Tra le altre cose, sorvola il ghiacciaio pi\u00f9 lungo dell'Aletsch.\",\"breadcrumb\":{\"@id\":\"https:\/\/www.swissraft.ch\/it\/prodotto\/gran-volo-ghiacciai-elicottero-interlaken\/#breadcrumb\"},\"inLanguage\":\"it-IT\",\"potentialAction\":[{\"@type\":\"ReadAction\",\"target\":[\"https:\/\/www.swissraft.ch\/it\/prodotto\/gran-volo-ghiacciai-elicottero-interlaken\/\"]}]},{\"@type\":\"ImageObject\",\"inLanguage\":\"it-IT\",\"@id\":\"https:\/\/www.swissraft.ch\/it\/prodotto\/gran-volo-ghiacciai-elicottero-interlaken\/#primaryimage\",\"url\":\"https:\/\/www.swissraft.ch\/wp-content\/uploads\/2022\/12\/5-INTERLAKEN-Grosser-Gletscherflug-776x776-2.jpg\",\"contentUrl\":\"https:\/\/www.swissraft.ch\/wp-content\/uploads\/2022\/12\/5-INTERLAKEN-Grosser-Gletscherflug-776x776-2.jpg\",\"width\":776,\"height\":776,\"caption\":\"Salvataggio con elicottero svizzero in montagna\"},{\"@type\":\"BreadcrumbList\",\"@id\":\"https:\/\/www.swissraft.ch\/it\/prodotto\/gran-volo-ghiacciai-elicottero-interlaken\/#breadcrumb\",\"itemListElement\":[{\"@type\":\"ListItem\",\"position\":1,\"name\":\"Accueil\",\"item\":\"https:\/\/www.swissraft.ch\/it\/\"},{\"@type\":\"ListItem\",\"position\":2,\"name\":\"Negozio\",\"item\":\"https:\/\/www.swissraft.ch\/it\/negozio\/\"},{\"@type\":\"ListItem\",\"position\":3,\"name\":\"Volo in elicottero da INTERLAKEN &#8211; GRAN VOLO SOPRA I GHIACCIAI &#8211; 22 min. &#8211; CHF 370.00\"}]},{\"@type\":\"WebSite\",\"@id\":\"https:\/\/www.swissraft.ch\/it\/#website\",\"url\":\"https:\/\/www.swissraft.ch\/it\/\",\"name\":\"Swissraft\",\"description\":\"To enjoy nature as it is\",\"publisher\":{\"@id\":\"https:\/\/www.swissraft.ch\/it\/#organization\"},\"potentialAction\":[{\"@type\":\"SearchAction\",\"target\":{\"@type\":\"EntryPoint\",\"urlTemplate\":\"https:\/\/www.swissraft.ch\/it\/?s={search_term_string}\"},\"query-input\":{\"@type\":\"PropertyValueSpecification\",\"valueRequired\":true,\"valueName\":\"search_term_string\"}}],\"inLanguage\":\"it-IT\"},{\"@type\":\"Organization\",\"@id\":\"https:\/\/www.swissraft.ch\/it\/#organization\",\"name\":\"Swissraft\",\"url\":\"https:\/\/www.swissraft.ch\/it\/\",\"logo\":{\"@type\":\"ImageObject\",\"inLanguage\":\"it-IT\",\"@id\":\"https:\/\/www.swissraft.ch\/it\/#\/schema\/logo\/image\/\",\"url\":\"https:\/\/www.swissraft.ch\/wp-content\/uploads\/2025\/09\/Capture.jpg\",\"contentUrl\":\"https:\/\/www.swissraft.ch\/wp-content\/uploads\/2025\/09\/Capture.jpg\",\"width\":293,\"height\":108,\"caption\":\"Swissraft\"},\"image\":{\"@id\":\"https:\/\/www.swissraft.ch\/it\/#\/schema\/logo\/image\/\"}}]}<\/script>\n<!-- \/ Yoast SEO plugin. -->","yoast_head_json":{"title":"Gran volo dei ghiacciai da Interlaken-Gsteigwiler","description":"Gran volo dei ghiacciai in elicottero di 22 minuti sui ghiacciai da Interlaken-Gsteigwiler. Tra le altre cose, sorvola il ghiacciaio pi\u00f9 lungo dell'Aletsch.","robots":{"index":"index","follow":"follow","max-snippet":"max-snippet:-1","max-image-preview":"max-image-preview:large","max-video-preview":"max-video-preview:-1"},"canonical":"https:\/\/www.swissraft.ch\/it\/prodotto\/gran-volo-ghiacciai-elicottero-interlaken\/","og_locale":"it_IT","og_type":"article","og_title":"Gran volo dei ghiacciai da Interlaken-Gsteigwiler","og_description":"Gran volo dei ghiacciai in elicottero di 22 minuti sui ghiacciai da Interlaken-Gsteigwiler. Tra le altre cose, sorvola il ghiacciaio pi\u00f9 lungo dell'Aletsch.","og_url":"https:\/\/www.swissraft.ch\/it\/prodotto\/gran-volo-ghiacciai-elicottero-interlaken\/","og_site_name":"Swissraft","article_modified_time":"2025-06-14T20:25:19+00:00","og_image":[{"width":776,"height":776,"url":"https:\/\/www.swissraft.ch\/wp-content\/uploads\/2022\/12\/5-INTERLAKEN-Grosser-Gletscherflug-776x776-2.jpg","type":"image\/jpeg"}],"twitter_card":"summary_large_image","twitter_misc":{"Tempo di lettura stimato":"1 minuto"},"schema":{"@context":"https:\/\/schema.org","@graph":[{"@type":"WebPage","@id":"https:\/\/www.swissraft.ch\/it\/prodotto\/gran-volo-ghiacciai-elicottero-interlaken\/","url":"https:\/\/www.swissraft.ch\/it\/prodotto\/gran-volo-ghiacciai-elicottero-interlaken\/","name":"Gran volo dei ghiacciai da Interlaken-Gsteigwiler","isPartOf":{"@id":"https:\/\/www.swissraft.ch\/it\/#website"},"primaryImageOfPage":{"@id":"https:\/\/www.swissraft.ch\/it\/prodotto\/gran-volo-ghiacciai-elicottero-interlaken\/#primaryimage"},"image":{"@id":"https:\/\/www.swissraft.ch\/it\/prodotto\/gran-volo-ghiacciai-elicottero-interlaken\/#primaryimage"},"thumbnailUrl":"https:\/\/www.swissraft.ch\/wp-content\/uploads\/2022\/12\/5-INTERLAKEN-Grosser-Gletscherflug-776x776-2.jpg","datePublished":"2022-12-10T11:02:49+00:00","dateModified":"2025-06-14T20:25:19+00:00","description":"Gran volo dei ghiacciai in elicottero di 22 minuti sui ghiacciai da Interlaken-Gsteigwiler. Tra le altre cose, sorvola il ghiacciaio pi\u00f9 lungo dell'Aletsch.","breadcrumb":{"@id":"https:\/\/www.swissraft.ch\/it\/prodotto\/gran-volo-ghiacciai-elicottero-interlaken\/#breadcrumb"},"inLanguage":"it-IT","potentialAction":[{"@type":"ReadAction","target":["https:\/\/www.swissraft.ch\/it\/prodotto\/gran-volo-ghiacciai-elicottero-interlaken\/"]}]},{"@type":"ImageObject","inLanguage":"it-IT","@id":"https:\/\/www.swissraft.ch\/it\/prodotto\/gran-volo-ghiacciai-elicottero-interlaken\/#primaryimage","url":"https:\/\/www.swissraft.ch\/wp-content\/uploads\/2022\/12\/5-INTERLAKEN-Grosser-Gletscherflug-776x776-2.jpg","contentUrl":"https:\/\/www.swissraft.ch\/wp-content\/uploads\/2022\/12\/5-INTERLAKEN-Grosser-Gletscherflug-776x776-2.jpg","width":776,"height":776,"caption":"Salvataggio con elicottero svizzero in montagna"},{"@type":"BreadcrumbList","@id":"https:\/\/www.swissraft.ch\/it\/prodotto\/gran-volo-ghiacciai-elicottero-interlaken\/#breadcrumb","itemListElement":[{"@type":"ListItem","position":1,"name":"Accueil","item":"https:\/\/www.swissraft.ch\/it\/"},{"@type":"ListItem","position":2,"name":"Negozio","item":"https:\/\/www.swissraft.ch\/it\/negozio\/"},{"@type":"ListItem","position":3,"name":"Volo in elicottero da INTERLAKEN &#8211; GRAN VOLO SOPRA I GHIACCIAI &#8211; 22 min. &#8211; CHF 370.00"}]},{"@type":"WebSite","@id":"https:\/\/www.swissraft.ch\/it\/#website","url":"https:\/\/www.swissraft.ch\/it\/","name":"Swissraft","description":"To enjoy nature as it is","publisher":{"@id":"https:\/\/www.swissraft.ch\/it\/#organization"},"potentialAction":[{"@type":"SearchAction","target":{"@type":"EntryPoint","urlTemplate":"https:\/\/www.swissraft.ch\/it\/?s={search_term_string}"},"query-input":{"@type":"PropertyValueSpecification","valueRequired":true,"valueName":"search_term_string"}}],"inLanguage":"it-IT"},{"@type":"Organization","@id":"https:\/\/www.swissraft.ch\/it\/#organization","name":"Swissraft","url":"https:\/\/www.swissraft.ch\/it\/","logo":{"@type":"ImageObject","inLanguage":"it-IT","@id":"https:\/\/www.swissraft.ch\/it\/#\/schema\/logo\/image\/","url":"https:\/\/www.swissraft.ch\/wp-content\/uploads\/2025\/09\/Capture.jpg","contentUrl":"https:\/\/www.swissraft.ch\/wp-content\/uploads\/2025\/09\/Capture.jpg","width":293,"height":108,"caption":"Swissraft"},"image":{"@id":"https:\/\/www.swissraft.ch\/it\/#\/schema\/logo\/image\/"}}]}},"_links":{"self":[{"href":"https:\/\/www.swissraft.ch\/it\/wp-json\/wp\/v2\/product\/93515","targetHints":{"allow":["GET"]}}],"collection":[{"href":"https:\/\/www.swissraft.ch\/it\/wp-json\/wp\/v2\/product"}],"about":[{"href":"https:\/\/www.swissraft.ch\/it\/wp-json\/wp\/v2\/types\/product"}],"replies":[{"embeddable":true,"href":"https:\/\/www.swissraft.ch\/it\/wp-json\/wp\/v2\/comments?post=93515"}],"version-history":[{"count":30,"href":"https:\/\/www.swissraft.ch\/it\/wp-json\/wp\/v2\/product\/93515\/revisions"}],"predecessor-version":[{"id":117638,"href":"https:\/\/www.swissraft.ch\/it\/wp-json\/wp\/v2\/product\/93515\/revisions\/117638"}],"wp:featuredmedia":[{"embeddable":true,"href":"https:\/\/www.swissraft.ch\/it\/wp-json\/wp\/v2\/media\/86156"}],"wp:attachment":[{"href":"https:\/\/www.swissraft.ch\/it\/wp-json\/wp\/v2\/media?parent=93515"}],"wp:term":[{"taxonomy":"product_cat","embeddable":true,"href":"https:\/\/www.swissraft.ch\/it\/wp-json\/wp\/v2\/product_cat?post=93515"},{"taxonomy":"product_tag","embeddable":true,"href":"https:\/\/www.swissraft.ch\/it\/wp-json\/wp\/v2\/product_tag?post=93515"}],"curies":[{"name":"wp","href":"https:\/\/api.w.org\/{rel}","templated":true}]}}