{"id":93499,"date":"2022-11-30T22:56:57","date_gmt":"2022-11-30T21:56:57","guid":{"rendered":"https:\/\/swissraft.xyanzkdne.eu\/product\/volo-in-elicottero-da-buttwil-stanserhorn-e-pilatus-55-min-a-partire-da-chf-93500\/"},"modified":"2026-02-04T04:24:53","modified_gmt":"2026-02-04T03:24:53","slug":"volo-elicottero-buttwil-stanserhorn-pilatus","status":"publish","type":"product","link":"https:\/\/www.swissraft.ch\/it\/prodotto\/volo-elicottero-buttwil-stanserhorn-pilatus\/","title":{"rendered":"Volo in elicottero da BUTTWIL &#8211; STANSERHORN E PILATUS &#8211; 55 min. &#8211; A partire da CHF 935.00"},"content":{"rendered":"\t\t<div data-elementor-type=\"wp-post\" data-elementor-id=\"93499\" class=\"elementor elementor-93499 elementor-29354\">\n\t\t\t\t\t\t\t\t\t<section class=\"elementor-section elementor-top-section elementor-element elementor-element-3303a7e3 elementor-section-boxed elementor-section-height-default elementor-section-height-default\" data-id=\"3303a7e3\" data-element_type=\"section\">\n\t\t\t\t\t\t<div class=\"elementor-container elementor-column-gap-default\">\n\t\t\t\t\t<div class=\"elementor-column elementor-col-100 elementor-top-column elementor-element elementor-element-16d72dbf\" data-id=\"16d72dbf\" data-element_type=\"column\">\n\t\t\t<div class=\"elementor-widget-wrap elementor-element-populated\">\n\t\t\t\t\t\t\t\t<div class=\"elementor-element elementor-element-d743c03 elementor-widget elementor-widget-text-editor\" data-id=\"d743c03\" data-element_type=\"widget\" data-widget_type=\"text-editor.default\">\n\t\t\t\t<div class=\"elementor-widget-container\">\n\t\t\t\t\t\t\t<h2>SCEGLI LA TUA ATTIVIT\u00c0 QUI SOTTO PER OFFRIRE BUONI REGALO\/BIGLIETTI O EFFETTUARE UNA PRENOTAZIONE<\/h2><table style=\"height: 290px;\" border=\"0\" width=\"580\" cellspacing=\"10\" cellpadding=\"10\"><tbody><tr><td width=\"50%\"><strong>STANSERHORN E PILATUS &#8211; VOLO PRIVATO (2-3 pers.) &#8211; 55 min.<\/strong><\/td><td><span style=\"font-weight: bold; background-color: #ffffff;\">CHF 935,00 per volo privato<\/span><\/td><\/tr><tr><td>Informazioni aggiuntive<\/td><td><p>&#8211; Utilizzi l&#8217;elicottero esclusivamente per te<br \/>&#8211; Scegli la data e l&#8217;ora di partenza<br \/>&#8211; Massimo 3 pers.<\/p><\/td><\/tr><tr><td>Aerodromo<\/td><td><a href=\"https:\/\/www.google.com\/maps\/place\/47%C2%B015'53.7%22N+8%C2%B018'06.3%22E\/@47.2671027,8.2667451,6062m\/data=!3m1!1e3!4m4!3m3!8m2!3d47.2649167!4d8.30175?entry=ttu\" target=\"_blank\" rel=\"noopener\">Buttwil<\/a><\/td><\/tr><tr><td>Tempo di volo<\/td><td>55 min.<\/td><\/tr><tr><td>Durata totale<\/td><td>circa 1,5 ora<\/td><\/tr><tr><td>Appuntamento<\/td><td>Per telefono<\/td><\/tr><tr><td><button class=\"elementor-button\" type=\"button\"><a href=\"https:\/\/swissraft.outdoorbooking.ch\/fo\/products\/1846?base_id=257&amp;category_id=6&amp;order_type=gift_voucher&amp;lang=it\" target=\"_blank\" rel=\"noopener\">ACQUISTO BUONO REGALO \/ BIGLIETTO<\/a><\/button><\/td><td><strong><em>IMPORTANTE !<\/em><\/strong><br \/><em>Per prenotare, chiamate il numero che si trova in alto a sinistra sul buono regalo\/biglietto.<\/em><\/td><\/tr><\/tbody><\/table>\t\t\t\t\t\t<\/div>\n\t\t\t\t<\/div>\n\t\t\t\t\t<\/div>\n\t\t<\/div>\n\t\t\t\t\t\t\t<\/div>\n\t\t<\/section>\n\t\t\t\t\t\t\t<\/div>\n\t\t","protected":false},"excerpt":{"rendered":"<div align=\"justify\">\n<h2 align=\"justify\">Tour in elicottero: Stanserhorn e Pilatus da Buttwil<\/h2>\n<h3>Da Buttwil, un volo panoramico in elicottero di 55 minuti verso lo Stanserhorn e il Pilatus<\/h3>\n<div align=\"justify\">\n<p>Partendo da Buttwil, nel Canton Argovia, volerai in direzione di: Buttwil &#8211; Lago di Zug &#8211; Rigi &#8211; Titlis. Prosegui poi il tuo volo verso lo Stanserhorn &#8211; Pilatus. &#8211; Lucerna prima di tornare a Buttwil.<\/p>\n<h3>Swissraft offre anche altre destinazioni per i voli in elicottero.<\/h3>\n<p id=\"textarea\" style=\"display: none;\">\nVoliamo anche a Grenchen nel cantone di Soletta, sempre con partenza da Berna-Belp. Anche in Vallese dall&#8217;aeroporto di Sion e dagli eliporti di Gampel e Collombey, e a Interlaken-Gsteigwiler nell&#8217;Oberland Bernese. Lo stesso vale per l&#8217;eliporto di Gstaad-Grund e per l&#8217;aerodromo di Saanen nel Saanenland. Cos\u00ec come dagli eliporti di Lauterbrunnen, Lenk-Simmental e Schattenhalb-Meiringen. Decolliamo anche da Zurigo-Kloten. Decolliamo anche dall&#8217;eliporto di Pfaffnau, nel cantone di Lucerna. Lo stesso vale nel cantone di Uri dall&#8217;eliporto di Erstfeld, nel cantone di Svitto e dall&#8217;eliporto di K\u00fcssnacht. Inoltre, nel cantone di Friburgo a \u00c9pagny en Gruy\u00e8re e nel cantone di Ticino a Locarno e Lodrino. Ma anche da Flims, a Tavanasa, a Untervaz, in Engadina nell&#8217;eliporto di St. Moritz e Samedan nei Grigioni. Anche in Liechtenstein dall&#8217;eliporto di Balzers e nel Canton Turgovia a Sitterdorf.\n<\/p>\n<p><a id=\"seeMore\" onclick=\"toggleSeeMore()\" href=\"javascript:void(0);\">Leggi tutto<\/a><\/p>\n","protected":false},"featured_media":85673,"comment_status":"open","ping_status":"closed","template":"","meta":{"inline_featured_image":false,"_mi_skip_tracking":false},"product_cat":[392,584],"product_tag":[],"class_list":["post-93499","product","type-product","status-publish","has-post-thumbnail","hentry","product_cat-volo-in-elicottero","product_cat-elicottero-buttwil"],"yoast_head":"<!-- This site is optimized with the Yoast SEO plugin v23.6 - https:\/\/yoast.com\/wordpress\/plugins\/seo\/ -->\n<title>Stanserhorn e Pilatus in elicottero da Butwil<\/title>\n<meta name=\"description\" content=\"Stanserhorn e Pilatus in elicottero da Buttwil. Potrai goderti un volo panoramico di 55 minuti con viste mozzafiato. Fantastico\" \/>\n<meta name=\"robots\" content=\"index, follow, max-snippet:-1, max-image-preview:large, max-video-preview:-1\" \/>\n<link rel=\"canonical\" href=\"https:\/\/www.swissraft.ch\/it\/prodotto\/volo-elicottero-buttwil-stanserhorn-pilatus\/\" \/>\n<meta property=\"og:locale\" content=\"it_IT\" \/>\n<meta property=\"og:type\" content=\"article\" \/>\n<meta property=\"og:title\" content=\"Stanserhorn e Pilatus in elicottero da Butwil\" \/>\n<meta property=\"og:description\" content=\"Stanserhorn e Pilatus in elicottero da Buttwil. Potrai goderti un volo panoramico di 55 minuti con viste mozzafiato. Fantastico\" \/>\n<meta property=\"og:url\" content=\"https:\/\/www.swissraft.ch\/it\/prodotto\/volo-elicottero-buttwil-stanserhorn-pilatus\/\" \/>\n<meta property=\"og:site_name\" content=\"Swissraft\" \/>\n<meta property=\"article:modified_time\" content=\"2026-02-04T03:24:53+00:00\" \/>\n<meta property=\"og:image\" content=\"https:\/\/www.swissraft.ch\/wp-content\/uploads\/2022\/11\/3-BUTTWIL-Stanserhorn-Pilatus-776x776-2.jpg\" \/>\n\t<meta property=\"og:image:width\" content=\"776\" \/>\n\t<meta property=\"og:image:height\" content=\"776\" \/>\n\t<meta property=\"og:image:type\" content=\"image\/jpeg\" \/>\n<meta name=\"twitter:card\" content=\"summary_large_image\" \/>\n<meta name=\"twitter:label1\" content=\"Tempo di lettura stimato\" \/>\n\t<meta name=\"twitter:data1\" content=\"1 minuto\" \/>\n<script type=\"application\/ld+json\" class=\"yoast-schema-graph\">{\"@context\":\"https:\/\/schema.org\",\"@graph\":[{\"@type\":\"WebPage\",\"@id\":\"https:\/\/www.swissraft.ch\/it\/prodotto\/volo-elicottero-buttwil-stanserhorn-pilatus\/\",\"url\":\"https:\/\/www.swissraft.ch\/it\/prodotto\/volo-elicottero-buttwil-stanserhorn-pilatus\/\",\"name\":\"Stanserhorn e Pilatus in elicottero da Butwil\",\"isPartOf\":{\"@id\":\"https:\/\/www.swissraft.ch\/it\/#website\"},\"primaryImageOfPage\":{\"@id\":\"https:\/\/www.swissraft.ch\/it\/prodotto\/volo-elicottero-buttwil-stanserhorn-pilatus\/#primaryimage\"},\"image\":{\"@id\":\"https:\/\/www.swissraft.ch\/it\/prodotto\/volo-elicottero-buttwil-stanserhorn-pilatus\/#primaryimage\"},\"thumbnailUrl\":\"https:\/\/www.swissraft.ch\/wp-content\/uploads\/2022\/11\/3-BUTTWIL-Stanserhorn-Pilatus-776x776-2.jpg\",\"datePublished\":\"2022-11-30T21:56:57+00:00\",\"dateModified\":\"2026-02-04T03:24:53+00:00\",\"description\":\"Stanserhorn e Pilatus in elicottero da Buttwil. Potrai goderti un volo panoramico di 55 minuti con viste mozzafiato. Fantastico\",\"breadcrumb\":{\"@id\":\"https:\/\/www.swissraft.ch\/it\/prodotto\/volo-elicottero-buttwil-stanserhorn-pilatus\/#breadcrumb\"},\"inLanguage\":\"it-IT\",\"potentialAction\":[{\"@type\":\"ReadAction\",\"target\":[\"https:\/\/www.swissraft.ch\/it\/prodotto\/volo-elicottero-buttwil-stanserhorn-pilatus\/\"]}]},{\"@type\":\"ImageObject\",\"inLanguage\":\"it-IT\",\"@id\":\"https:\/\/www.swissraft.ch\/it\/prodotto\/volo-elicottero-buttwil-stanserhorn-pilatus\/#primaryimage\",\"url\":\"https:\/\/www.swissraft.ch\/wp-content\/uploads\/2022\/11\/3-BUTTWIL-Stanserhorn-Pilatus-776x776-2.jpg\",\"contentUrl\":\"https:\/\/www.swissraft.ch\/wp-content\/uploads\/2022\/11\/3-BUTTWIL-Stanserhorn-Pilatus-776x776-2.jpg\",\"width\":776,\"height\":776,\"caption\":\"Da Buttwil in elicottero verso lo Stanserhorn e il Pilatus\"},{\"@type\":\"BreadcrumbList\",\"@id\":\"https:\/\/www.swissraft.ch\/it\/prodotto\/volo-elicottero-buttwil-stanserhorn-pilatus\/#breadcrumb\",\"itemListElement\":[{\"@type\":\"ListItem\",\"position\":1,\"name\":\"Accueil\",\"item\":\"https:\/\/www.swissraft.ch\/it\/\"},{\"@type\":\"ListItem\",\"position\":2,\"name\":\"Negozio\",\"item\":\"https:\/\/www.swissraft.ch\/it\/negozio\/\"},{\"@type\":\"ListItem\",\"position\":3,\"name\":\"Volo in elicottero da BUTTWIL &#8211; STANSERHORN E PILATUS &#8211; 55 min. &#8211; A partire da CHF 935.00\"}]},{\"@type\":\"WebSite\",\"@id\":\"https:\/\/www.swissraft.ch\/it\/#website\",\"url\":\"https:\/\/www.swissraft.ch\/it\/\",\"name\":\"Swissraft\",\"description\":\"To enjoy nature as it is\",\"publisher\":{\"@id\":\"https:\/\/www.swissraft.ch\/it\/#organization\"},\"potentialAction\":[{\"@type\":\"SearchAction\",\"target\":{\"@type\":\"EntryPoint\",\"urlTemplate\":\"https:\/\/www.swissraft.ch\/it\/?s={search_term_string}\"},\"query-input\":{\"@type\":\"PropertyValueSpecification\",\"valueRequired\":true,\"valueName\":\"search_term_string\"}}],\"inLanguage\":\"it-IT\"},{\"@type\":\"Organization\",\"@id\":\"https:\/\/www.swissraft.ch\/it\/#organization\",\"name\":\"Swissraft\",\"url\":\"https:\/\/www.swissraft.ch\/it\/\",\"logo\":{\"@type\":\"ImageObject\",\"inLanguage\":\"it-IT\",\"@id\":\"https:\/\/www.swissraft.ch\/it\/#\/schema\/logo\/image\/\",\"url\":\"https:\/\/www.swissraft.ch\/wp-content\/uploads\/2025\/09\/Capture.jpg\",\"contentUrl\":\"https:\/\/www.swissraft.ch\/wp-content\/uploads\/2025\/09\/Capture.jpg\",\"width\":293,\"height\":108,\"caption\":\"Swissraft\"},\"image\":{\"@id\":\"https:\/\/www.swissraft.ch\/it\/#\/schema\/logo\/image\/\"}}]}<\/script>\n<!-- \/ Yoast SEO plugin. -->","yoast_head_json":{"title":"Stanserhorn e Pilatus in elicottero da Butwil","description":"Stanserhorn e Pilatus in elicottero da Buttwil. Potrai goderti un volo panoramico di 55 minuti con viste mozzafiato. Fantastico","robots":{"index":"index","follow":"follow","max-snippet":"max-snippet:-1","max-image-preview":"max-image-preview:large","max-video-preview":"max-video-preview:-1"},"canonical":"https:\/\/www.swissraft.ch\/it\/prodotto\/volo-elicottero-buttwil-stanserhorn-pilatus\/","og_locale":"it_IT","og_type":"article","og_title":"Stanserhorn e Pilatus in elicottero da Butwil","og_description":"Stanserhorn e Pilatus in elicottero da Buttwil. Potrai goderti un volo panoramico di 55 minuti con viste mozzafiato. Fantastico","og_url":"https:\/\/www.swissraft.ch\/it\/prodotto\/volo-elicottero-buttwil-stanserhorn-pilatus\/","og_site_name":"Swissraft","article_modified_time":"2026-02-04T03:24:53+00:00","og_image":[{"width":776,"height":776,"url":"https:\/\/www.swissraft.ch\/wp-content\/uploads\/2022\/11\/3-BUTTWIL-Stanserhorn-Pilatus-776x776-2.jpg","type":"image\/jpeg"}],"twitter_card":"summary_large_image","twitter_misc":{"Tempo di lettura stimato":"1 minuto"},"schema":{"@context":"https:\/\/schema.org","@graph":[{"@type":"WebPage","@id":"https:\/\/www.swissraft.ch\/it\/prodotto\/volo-elicottero-buttwil-stanserhorn-pilatus\/","url":"https:\/\/www.swissraft.ch\/it\/prodotto\/volo-elicottero-buttwil-stanserhorn-pilatus\/","name":"Stanserhorn e Pilatus in elicottero da Butwil","isPartOf":{"@id":"https:\/\/www.swissraft.ch\/it\/#website"},"primaryImageOfPage":{"@id":"https:\/\/www.swissraft.ch\/it\/prodotto\/volo-elicottero-buttwil-stanserhorn-pilatus\/#primaryimage"},"image":{"@id":"https:\/\/www.swissraft.ch\/it\/prodotto\/volo-elicottero-buttwil-stanserhorn-pilatus\/#primaryimage"},"thumbnailUrl":"https:\/\/www.swissraft.ch\/wp-content\/uploads\/2022\/11\/3-BUTTWIL-Stanserhorn-Pilatus-776x776-2.jpg","datePublished":"2022-11-30T21:56:57+00:00","dateModified":"2026-02-04T03:24:53+00:00","description":"Stanserhorn e Pilatus in elicottero da Buttwil. Potrai goderti un volo panoramico di 55 minuti con viste mozzafiato. Fantastico","breadcrumb":{"@id":"https:\/\/www.swissraft.ch\/it\/prodotto\/volo-elicottero-buttwil-stanserhorn-pilatus\/#breadcrumb"},"inLanguage":"it-IT","potentialAction":[{"@type":"ReadAction","target":["https:\/\/www.swissraft.ch\/it\/prodotto\/volo-elicottero-buttwil-stanserhorn-pilatus\/"]}]},{"@type":"ImageObject","inLanguage":"it-IT","@id":"https:\/\/www.swissraft.ch\/it\/prodotto\/volo-elicottero-buttwil-stanserhorn-pilatus\/#primaryimage","url":"https:\/\/www.swissraft.ch\/wp-content\/uploads\/2022\/11\/3-BUTTWIL-Stanserhorn-Pilatus-776x776-2.jpg","contentUrl":"https:\/\/www.swissraft.ch\/wp-content\/uploads\/2022\/11\/3-BUTTWIL-Stanserhorn-Pilatus-776x776-2.jpg","width":776,"height":776,"caption":"Da Buttwil in elicottero verso lo Stanserhorn e il Pilatus"},{"@type":"BreadcrumbList","@id":"https:\/\/www.swissraft.ch\/it\/prodotto\/volo-elicottero-buttwil-stanserhorn-pilatus\/#breadcrumb","itemListElement":[{"@type":"ListItem","position":1,"name":"Accueil","item":"https:\/\/www.swissraft.ch\/it\/"},{"@type":"ListItem","position":2,"name":"Negozio","item":"https:\/\/www.swissraft.ch\/it\/negozio\/"},{"@type":"ListItem","position":3,"name":"Volo in elicottero da BUTTWIL &#8211; STANSERHORN E PILATUS &#8211; 55 min. &#8211; A partire da CHF 935.00"}]},{"@type":"WebSite","@id":"https:\/\/www.swissraft.ch\/it\/#website","url":"https:\/\/www.swissraft.ch\/it\/","name":"Swissraft","description":"To enjoy nature as it is","publisher":{"@id":"https:\/\/www.swissraft.ch\/it\/#organization"},"potentialAction":[{"@type":"SearchAction","target":{"@type":"EntryPoint","urlTemplate":"https:\/\/www.swissraft.ch\/it\/?s={search_term_string}"},"query-input":{"@type":"PropertyValueSpecification","valueRequired":true,"valueName":"search_term_string"}}],"inLanguage":"it-IT"},{"@type":"Organization","@id":"https:\/\/www.swissraft.ch\/it\/#organization","name":"Swissraft","url":"https:\/\/www.swissraft.ch\/it\/","logo":{"@type":"ImageObject","inLanguage":"it-IT","@id":"https:\/\/www.swissraft.ch\/it\/#\/schema\/logo\/image\/","url":"https:\/\/www.swissraft.ch\/wp-content\/uploads\/2025\/09\/Capture.jpg","contentUrl":"https:\/\/www.swissraft.ch\/wp-content\/uploads\/2025\/09\/Capture.jpg","width":293,"height":108,"caption":"Swissraft"},"image":{"@id":"https:\/\/www.swissraft.ch\/it\/#\/schema\/logo\/image\/"}}]}},"_links":{"self":[{"href":"https:\/\/www.swissraft.ch\/it\/wp-json\/wp\/v2\/product\/93499","targetHints":{"allow":["GET"]}}],"collection":[{"href":"https:\/\/www.swissraft.ch\/it\/wp-json\/wp\/v2\/product"}],"about":[{"href":"https:\/\/www.swissraft.ch\/it\/wp-json\/wp\/v2\/types\/product"}],"replies":[{"embeddable":true,"href":"https:\/\/www.swissraft.ch\/it\/wp-json\/wp\/v2\/comments?post=93499"}],"version-history":[{"count":13,"href":"https:\/\/www.swissraft.ch\/it\/wp-json\/wp\/v2\/product\/93499\/revisions"}],"predecessor-version":[{"id":128958,"href":"https:\/\/www.swissraft.ch\/it\/wp-json\/wp\/v2\/product\/93499\/revisions\/128958"}],"wp:featuredmedia":[{"embeddable":true,"href":"https:\/\/www.swissraft.ch\/it\/wp-json\/wp\/v2\/media\/85673"}],"wp:attachment":[{"href":"https:\/\/www.swissraft.ch\/it\/wp-json\/wp\/v2\/media?parent=93499"}],"wp:term":[{"taxonomy":"product_cat","embeddable":true,"href":"https:\/\/www.swissraft.ch\/it\/wp-json\/wp\/v2\/product_cat?post=93499"},{"taxonomy":"product_tag","embeddable":true,"href":"https:\/\/www.swissraft.ch\/it\/wp-json\/wp\/v2\/product_tag?post=93499"}],"curies":[{"name":"wp","href":"https:\/\/api.w.org\/{rel}","templated":true}]}}