{"id":93490,"date":"2022-11-30T22:50:52","date_gmt":"2022-11-30T21:50:52","guid":{"rendered":"https:\/\/swissraft.xyanzkdne.eu\/product\/volo-in-elicottero-da-buttwil-lucerna-e-rigi-35-min-da-chf-59500\/"},"modified":"2026-02-04T04:14:18","modified_gmt":"2026-02-04T03:14:18","slug":"volo-elicottero-buttwil-lucerna-rigi","status":"publish","type":"product","link":"https:\/\/www.swissraft.ch\/it\/prodotto\/volo-elicottero-buttwil-lucerna-rigi\/","title":{"rendered":"Volo in elicottero da BUTTWIL &#8211; LUCERNA E RIGI &#8211; 35 min. &#8211; da CHF 595.00"},"content":{"rendered":"\t\t<div data-elementor-type=\"wp-post\" data-elementor-id=\"93490\" class=\"elementor elementor-93490 elementor-29347\">\n\t\t\t\t\t\t\t\t\t<section class=\"elementor-section elementor-top-section elementor-element elementor-element-3303a7e3 elementor-section-boxed elementor-section-height-default elementor-section-height-default\" data-id=\"3303a7e3\" data-element_type=\"section\">\n\t\t\t\t\t\t<div class=\"elementor-container elementor-column-gap-default\">\n\t\t\t\t\t<div class=\"elementor-column elementor-col-100 elementor-top-column elementor-element elementor-element-16d72dbf\" data-id=\"16d72dbf\" data-element_type=\"column\">\n\t\t\t<div class=\"elementor-widget-wrap elementor-element-populated\">\n\t\t\t\t\t\t\t\t<div class=\"elementor-element elementor-element-d743c03 elementor-widget elementor-widget-text-editor\" data-id=\"d743c03\" data-element_type=\"widget\" data-widget_type=\"text-editor.default\">\n\t\t\t\t<div class=\"elementor-widget-container\">\n\t\t\t\t\t\t\t<h2>SCEGLI LA TUA ATTIVIT\u00c0 QUI SOTTO PER OFFRIRE BUONI REGALO\/BIGLIETTI O EFFETTUARE UNA PRENOTAZIONE<\/h2><table style=\"height: 290px;\" border=\"0\" width=\"580\" cellspacing=\"10\" cellpadding=\"10\"><tbody><tr><td width=\"50%\"><strong>LUCERNA e RIGI &#8211; VOLO PRIVATO (2-3 pers.) &#8211; 35 min.<\/strong><\/td><td><span style=\"font-weight: bold; background-color: #ffffff;\">CHF 595.00 per volo privato<\/span><\/td><\/tr><tr><td>Informazioni aggiuntive<\/td><td><p>&#8211; Utilizzi l&#8217;elicottero esclusivamente per te<br \/>&#8211; Scegli la data e l&#8217;ora di partenza &#8211; Massimo 3 pers.<\/p><\/td><\/tr><tr><td>Aerodromo<\/td><td><a href=\"https:\/\/www.google.com\/maps\/place\/47%C2%B015'53.7%22N+8%C2%B018'06.3%22E\/@47.2671027,8.2667451,6062m\/data=!3m1!1e3!4m4!3m3!8m2!3d47.2649167!4d8.30175?entry=ttu\" target=\"_blank\" rel=\"noopener\">Buttwil<\/a><\/td><\/tr><tr><td>Tempo di volo<\/td><td>35 min.<\/td><\/tr><tr><td>Durata totale<\/td><td>circa 1 ora<\/td><\/tr><tr><td>Appuntamento<\/td><td>Per telefono<\/td><\/tr><tr><td><button class=\"elementor-button\" type=\"button\"><a href=\"https:\/\/swissraft.outdoorbooking.ch\/fo\/products\/1845?base_id=257&amp;category_id=6&amp;order_type=gift_voucher&amp;lang=it\" target=\"_blank\" rel=\"noopener\">ACQUISTO BUONO REGALO \/ BIGLIETTO<\/a><\/button><\/td><td><strong><em>IMPORTANTE !<\/em><\/strong><br \/><em>Per prenotare, chiamate il numero che si trova in alto a sinistra sul buono regalo\/biglietto.<\/em><\/td><\/tr><\/tbody><\/table>\t\t\t\t\t\t<\/div>\n\t\t\t\t<\/div>\n\t\t\t\t\t<\/div>\n\t\t<\/div>\n\t\t\t\t\t\t\t<\/div>\n\t\t<\/section>\n\t\t\t\t\t\t\t<\/div>\n\t\t","protected":false},"excerpt":{"rendered":"<div align=\"justify\">\n<h2 align=\"justify\">Volo in elicottero da Buttwil a Lucerna e al Rigi<\/h2>\n<h3>Parti da Buttwil per un volo panoramico in elicottero di 35 minuti su Lucerna e il Rigi.<\/h3>\n<\/div>\n<div align=\"justify\">\n<p>Da Buttwil, nel Canton Argovia, prendi il seguente percorso: Buttwil &#8211; Baldeggersee &#8211; Lucerna. Prosegui poi verso il Rigi &#8211; \u00c4gerisee &#8211; Zug prima di tornare ad atterrare all&#8217;aerodromo di Buttwil.<\/p>\n<h3>Swissraft ti offre anche altre destinazioni per un volo in elicottero<\/h3>\n<p id=\"textarea\" style=\"display: none;\">\nVoliamo anche nel cantone di Soletta a Grenchen e da Berna-Belp. Anche in Vallese dall&#8217;aeroporto di Sion, dall&#8217;eliporto di Gampel e da Collombey. Interlaken-Gsteigwiler nell&#8217;Oberland Bernese. Ma anche dall&#8217;eliporto di Gstaad-Grund e dall&#8217;aerodromo di Saanen nel Saanenland. Cos\u00ec come dagli eliporti di Lauterbrunnen, Lenk-Simmental e Schattenhalb-Meiringen. Decolliamo anche da Zurigo-Kloten. Partenza dall&#8217;eliporto di Pfaffnau, nel cantone di Lucerna. Anche nel cantone di Uri dall&#8217;eliporto di Erstfeld, nel cantone di Schwyz e dall&#8217;eliporto di K\u00fcssnacht. Anche nel cantone di Friburgo a \u00c9pagny en Gruy\u00e8re e nel cantone di Ticino a Locarno e Lodrino. Nei Grigioni a Flims, Tavanasa e Untervaz; in Engadina dall&#8217;eliporto di St. Moritz e Samedan. Cos\u00ec come in Liechtenstein dall&#8217;eliporto di Balzers e nel Canton Turgovia a Sitterdorf.\n<\/p>\n<p><a id=\"seeMore\" onclick=\"toggleSeeMore()\" href=\"javascript:void(0);\">Leggi tutto<\/a><\/p>\n","protected":false},"featured_media":85661,"comment_status":"open","ping_status":"closed","template":"","meta":{"inline_featured_image":false,"_mi_skip_tracking":false},"product_cat":[392,584],"product_tag":[],"class_list":["post-93490","product","type-product","status-publish","has-post-thumbnail","hentry","product_cat-volo-in-elicottero","product_cat-elicottero-buttwil"],"yoast_head":"<!-- This site is optimized with the Yoast SEO plugin v23.6 - https:\/\/yoast.com\/wordpress\/plugins\/seo\/ -->\n<title>Lucerna e Rigi in elicottero da Buttwil. Durata del volo 35 minuti.<\/title>\n<meta name=\"description\" content=\"Lucerna e il Rigi in elicottero da Buttwil; un volo panoramico di 35 minuti sulla citt\u00e0 di Lucerna e sul famoso Rigi, un magnifico circuito\" \/>\n<meta name=\"robots\" content=\"index, follow, max-snippet:-1, max-image-preview:large, max-video-preview:-1\" \/>\n<link rel=\"canonical\" href=\"https:\/\/www.swissraft.ch\/it\/prodotto\/volo-elicottero-buttwil-lucerna-rigi\/\" \/>\n<meta property=\"og:locale\" content=\"it_IT\" \/>\n<meta property=\"og:type\" content=\"article\" \/>\n<meta property=\"og:title\" content=\"Lucerna e Rigi in elicottero da Buttwil. Durata del volo 35 minuti.\" \/>\n<meta property=\"og:description\" content=\"Lucerna e il Rigi in elicottero da Buttwil; un volo panoramico di 35 minuti sulla citt\u00e0 di Lucerna e sul famoso Rigi, un magnifico circuito\" \/>\n<meta property=\"og:url\" content=\"https:\/\/www.swissraft.ch\/it\/prodotto\/volo-elicottero-buttwil-lucerna-rigi\/\" \/>\n<meta property=\"og:site_name\" content=\"Swissraft\" \/>\n<meta property=\"article:modified_time\" content=\"2026-02-04T03:14:18+00:00\" \/>\n<meta property=\"og:image\" content=\"https:\/\/www.swissraft.ch\/wp-content\/uploads\/2022\/11\/2-BUTTWIL-Luzern-Rigi-776x776-2.jpg\" \/>\n\t<meta property=\"og:image:width\" content=\"776\" \/>\n\t<meta property=\"og:image:height\" content=\"776\" \/>\n\t<meta property=\"og:image:type\" content=\"image\/jpeg\" \/>\n<meta name=\"twitter:card\" content=\"summary_large_image\" \/>\n<meta name=\"twitter:label1\" content=\"Tempo di lettura stimato\" \/>\n\t<meta name=\"twitter:data1\" content=\"1 minuto\" \/>\n<script type=\"application\/ld+json\" class=\"yoast-schema-graph\">{\"@context\":\"https:\/\/schema.org\",\"@graph\":[{\"@type\":\"WebPage\",\"@id\":\"https:\/\/www.swissraft.ch\/it\/prodotto\/volo-elicottero-buttwil-lucerna-rigi\/\",\"url\":\"https:\/\/www.swissraft.ch\/it\/prodotto\/volo-elicottero-buttwil-lucerna-rigi\/\",\"name\":\"Lucerna e Rigi in elicottero da Buttwil. Durata del volo 35 minuti.\",\"isPartOf\":{\"@id\":\"https:\/\/www.swissraft.ch\/it\/#website\"},\"primaryImageOfPage\":{\"@id\":\"https:\/\/www.swissraft.ch\/it\/prodotto\/volo-elicottero-buttwil-lucerna-rigi\/#primaryimage\"},\"image\":{\"@id\":\"https:\/\/www.swissraft.ch\/it\/prodotto\/volo-elicottero-buttwil-lucerna-rigi\/#primaryimage\"},\"thumbnailUrl\":\"https:\/\/www.swissraft.ch\/wp-content\/uploads\/2022\/11\/2-BUTTWIL-Luzern-Rigi-776x776-2.jpg\",\"datePublished\":\"2022-11-30T21:50:52+00:00\",\"dateModified\":\"2026-02-04T03:14:18+00:00\",\"description\":\"Lucerna e il Rigi in elicottero da Buttwil; un volo panoramico di 35 minuti sulla citt\u00e0 di Lucerna e sul famoso Rigi, un magnifico circuito\",\"breadcrumb\":{\"@id\":\"https:\/\/www.swissraft.ch\/it\/prodotto\/volo-elicottero-buttwil-lucerna-rigi\/#breadcrumb\"},\"inLanguage\":\"it-IT\",\"potentialAction\":[{\"@type\":\"ReadAction\",\"target\":[\"https:\/\/www.swissraft.ch\/it\/prodotto\/volo-elicottero-buttwil-lucerna-rigi\/\"]}]},{\"@type\":\"ImageObject\",\"inLanguage\":\"it-IT\",\"@id\":\"https:\/\/www.swissraft.ch\/it\/prodotto\/volo-elicottero-buttwil-lucerna-rigi\/#primaryimage\",\"url\":\"https:\/\/www.swissraft.ch\/wp-content\/uploads\/2022\/11\/2-BUTTWIL-Luzern-Rigi-776x776-2.jpg\",\"contentUrl\":\"https:\/\/www.swissraft.ch\/wp-content\/uploads\/2022\/11\/2-BUTTWIL-Luzern-Rigi-776x776-2.jpg\",\"width\":776,\"height\":776,\"caption\":\"Volo in elicottero sulla citt\u00e0 di Lucerna e sui monti Rigi\"},{\"@type\":\"BreadcrumbList\",\"@id\":\"https:\/\/www.swissraft.ch\/it\/prodotto\/volo-elicottero-buttwil-lucerna-rigi\/#breadcrumb\",\"itemListElement\":[{\"@type\":\"ListItem\",\"position\":1,\"name\":\"Accueil\",\"item\":\"https:\/\/www.swissraft.ch\/it\/\"},{\"@type\":\"ListItem\",\"position\":2,\"name\":\"Negozio\",\"item\":\"https:\/\/www.swissraft.ch\/it\/negozio\/\"},{\"@type\":\"ListItem\",\"position\":3,\"name\":\"Volo in elicottero da BUTTWIL &#8211; LUCERNA E RIGI &#8211; 35 min. &#8211; da CHF 595.00\"}]},{\"@type\":\"WebSite\",\"@id\":\"https:\/\/www.swissraft.ch\/it\/#website\",\"url\":\"https:\/\/www.swissraft.ch\/it\/\",\"name\":\"Swissraft\",\"description\":\"To enjoy nature as it is\",\"publisher\":{\"@id\":\"https:\/\/www.swissraft.ch\/it\/#organization\"},\"potentialAction\":[{\"@type\":\"SearchAction\",\"target\":{\"@type\":\"EntryPoint\",\"urlTemplate\":\"https:\/\/www.swissraft.ch\/it\/?s={search_term_string}\"},\"query-input\":{\"@type\":\"PropertyValueSpecification\",\"valueRequired\":true,\"valueName\":\"search_term_string\"}}],\"inLanguage\":\"it-IT\"},{\"@type\":\"Organization\",\"@id\":\"https:\/\/www.swissraft.ch\/it\/#organization\",\"name\":\"Swissraft\",\"url\":\"https:\/\/www.swissraft.ch\/it\/\",\"logo\":{\"@type\":\"ImageObject\",\"inLanguage\":\"it-IT\",\"@id\":\"https:\/\/www.swissraft.ch\/it\/#\/schema\/logo\/image\/\",\"url\":\"https:\/\/www.swissraft.ch\/wp-content\/uploads\/2025\/09\/Capture.jpg\",\"contentUrl\":\"https:\/\/www.swissraft.ch\/wp-content\/uploads\/2025\/09\/Capture.jpg\",\"width\":293,\"height\":108,\"caption\":\"Swissraft\"},\"image\":{\"@id\":\"https:\/\/www.swissraft.ch\/it\/#\/schema\/logo\/image\/\"}}]}<\/script>\n<!-- \/ Yoast SEO plugin. -->","yoast_head_json":{"title":"Lucerna e Rigi in elicottero da Buttwil. Durata del volo 35 minuti.","description":"Lucerna e il Rigi in elicottero da Buttwil; un volo panoramico di 35 minuti sulla citt\u00e0 di Lucerna e sul famoso Rigi, un magnifico circuito","robots":{"index":"index","follow":"follow","max-snippet":"max-snippet:-1","max-image-preview":"max-image-preview:large","max-video-preview":"max-video-preview:-1"},"canonical":"https:\/\/www.swissraft.ch\/it\/prodotto\/volo-elicottero-buttwil-lucerna-rigi\/","og_locale":"it_IT","og_type":"article","og_title":"Lucerna e Rigi in elicottero da Buttwil. Durata del volo 35 minuti.","og_description":"Lucerna e il Rigi in elicottero da Buttwil; un volo panoramico di 35 minuti sulla citt\u00e0 di Lucerna e sul famoso Rigi, un magnifico circuito","og_url":"https:\/\/www.swissraft.ch\/it\/prodotto\/volo-elicottero-buttwil-lucerna-rigi\/","og_site_name":"Swissraft","article_modified_time":"2026-02-04T03:14:18+00:00","og_image":[{"width":776,"height":776,"url":"https:\/\/www.swissraft.ch\/wp-content\/uploads\/2022\/11\/2-BUTTWIL-Luzern-Rigi-776x776-2.jpg","type":"image\/jpeg"}],"twitter_card":"summary_large_image","twitter_misc":{"Tempo di lettura stimato":"1 minuto"},"schema":{"@context":"https:\/\/schema.org","@graph":[{"@type":"WebPage","@id":"https:\/\/www.swissraft.ch\/it\/prodotto\/volo-elicottero-buttwil-lucerna-rigi\/","url":"https:\/\/www.swissraft.ch\/it\/prodotto\/volo-elicottero-buttwil-lucerna-rigi\/","name":"Lucerna e Rigi in elicottero da Buttwil. Durata del volo 35 minuti.","isPartOf":{"@id":"https:\/\/www.swissraft.ch\/it\/#website"},"primaryImageOfPage":{"@id":"https:\/\/www.swissraft.ch\/it\/prodotto\/volo-elicottero-buttwil-lucerna-rigi\/#primaryimage"},"image":{"@id":"https:\/\/www.swissraft.ch\/it\/prodotto\/volo-elicottero-buttwil-lucerna-rigi\/#primaryimage"},"thumbnailUrl":"https:\/\/www.swissraft.ch\/wp-content\/uploads\/2022\/11\/2-BUTTWIL-Luzern-Rigi-776x776-2.jpg","datePublished":"2022-11-30T21:50:52+00:00","dateModified":"2026-02-04T03:14:18+00:00","description":"Lucerna e il Rigi in elicottero da Buttwil; un volo panoramico di 35 minuti sulla citt\u00e0 di Lucerna e sul famoso Rigi, un magnifico circuito","breadcrumb":{"@id":"https:\/\/www.swissraft.ch\/it\/prodotto\/volo-elicottero-buttwil-lucerna-rigi\/#breadcrumb"},"inLanguage":"it-IT","potentialAction":[{"@type":"ReadAction","target":["https:\/\/www.swissraft.ch\/it\/prodotto\/volo-elicottero-buttwil-lucerna-rigi\/"]}]},{"@type":"ImageObject","inLanguage":"it-IT","@id":"https:\/\/www.swissraft.ch\/it\/prodotto\/volo-elicottero-buttwil-lucerna-rigi\/#primaryimage","url":"https:\/\/www.swissraft.ch\/wp-content\/uploads\/2022\/11\/2-BUTTWIL-Luzern-Rigi-776x776-2.jpg","contentUrl":"https:\/\/www.swissraft.ch\/wp-content\/uploads\/2022\/11\/2-BUTTWIL-Luzern-Rigi-776x776-2.jpg","width":776,"height":776,"caption":"Volo in elicottero sulla citt\u00e0 di Lucerna e sui monti Rigi"},{"@type":"BreadcrumbList","@id":"https:\/\/www.swissraft.ch\/it\/prodotto\/volo-elicottero-buttwil-lucerna-rigi\/#breadcrumb","itemListElement":[{"@type":"ListItem","position":1,"name":"Accueil","item":"https:\/\/www.swissraft.ch\/it\/"},{"@type":"ListItem","position":2,"name":"Negozio","item":"https:\/\/www.swissraft.ch\/it\/negozio\/"},{"@type":"ListItem","position":3,"name":"Volo in elicottero da BUTTWIL &#8211; LUCERNA E RIGI &#8211; 35 min. &#8211; da CHF 595.00"}]},{"@type":"WebSite","@id":"https:\/\/www.swissraft.ch\/it\/#website","url":"https:\/\/www.swissraft.ch\/it\/","name":"Swissraft","description":"To enjoy nature as it is","publisher":{"@id":"https:\/\/www.swissraft.ch\/it\/#organization"},"potentialAction":[{"@type":"SearchAction","target":{"@type":"EntryPoint","urlTemplate":"https:\/\/www.swissraft.ch\/it\/?s={search_term_string}"},"query-input":{"@type":"PropertyValueSpecification","valueRequired":true,"valueName":"search_term_string"}}],"inLanguage":"it-IT"},{"@type":"Organization","@id":"https:\/\/www.swissraft.ch\/it\/#organization","name":"Swissraft","url":"https:\/\/www.swissraft.ch\/it\/","logo":{"@type":"ImageObject","inLanguage":"it-IT","@id":"https:\/\/www.swissraft.ch\/it\/#\/schema\/logo\/image\/","url":"https:\/\/www.swissraft.ch\/wp-content\/uploads\/2025\/09\/Capture.jpg","contentUrl":"https:\/\/www.swissraft.ch\/wp-content\/uploads\/2025\/09\/Capture.jpg","width":293,"height":108,"caption":"Swissraft"},"image":{"@id":"https:\/\/www.swissraft.ch\/it\/#\/schema\/logo\/image\/"}}]}},"_links":{"self":[{"href":"https:\/\/www.swissraft.ch\/it\/wp-json\/wp\/v2\/product\/93490","targetHints":{"allow":["GET"]}}],"collection":[{"href":"https:\/\/www.swissraft.ch\/it\/wp-json\/wp\/v2\/product"}],"about":[{"href":"https:\/\/www.swissraft.ch\/it\/wp-json\/wp\/v2\/types\/product"}],"replies":[{"embeddable":true,"href":"https:\/\/www.swissraft.ch\/it\/wp-json\/wp\/v2\/comments?post=93490"}],"version-history":[{"count":20,"href":"https:\/\/www.swissraft.ch\/it\/wp-json\/wp\/v2\/product\/93490\/revisions"}],"predecessor-version":[{"id":128926,"href":"https:\/\/www.swissraft.ch\/it\/wp-json\/wp\/v2\/product\/93490\/revisions\/128926"}],"wp:featuredmedia":[{"embeddable":true,"href":"https:\/\/www.swissraft.ch\/it\/wp-json\/wp\/v2\/media\/85661"}],"wp:attachment":[{"href":"https:\/\/www.swissraft.ch\/it\/wp-json\/wp\/v2\/media?parent=93490"}],"wp:term":[{"taxonomy":"product_cat","embeddable":true,"href":"https:\/\/www.swissraft.ch\/it\/wp-json\/wp\/v2\/product_cat?post=93490"},{"taxonomy":"product_tag","embeddable":true,"href":"https:\/\/www.swissraft.ch\/it\/wp-json\/wp\/v2\/product_tag?post=93490"}],"curies":[{"name":"wp","href":"https:\/\/api.w.org\/{rel}","templated":true}]}}