{"id":93478,"date":"2022-11-23T22:29:46","date_gmt":"2022-11-23T21:29:46","guid":{"rendered":"https:\/\/swissraft.xyanzkdne.eu\/product\/volo-in-elicottero-da-bern-belp-pilatus-e-villa-honegg-65-min-a-partire-da-chf-1940-00\/"},"modified":"2026-02-04T00:28:31","modified_gmt":"2026-02-03T23:28:31","slug":"volo-elicottero-berna-belp-pilatus-villa-honegg","status":"publish","type":"product","link":"https:\/\/www.swissraft.ch\/it\/prodotto\/volo-elicottero-berna-belp-pilatus-villa-honegg\/","title":{"rendered":"Volo in elicottero da BERN-BELP &#8211; PILATUS E VILLA HONEGG &#8211; 65 min. &#8211; A partire da CHF 1&#8217;975.00"},"content":{"rendered":"\t\t<div data-elementor-type=\"wp-post\" data-elementor-id=\"93478\" class=\"elementor elementor-93478 elementor-29203\">\n\t\t\t\t\t\t\t\t\t<section class=\"elementor-section elementor-top-section elementor-element elementor-element-3303a7e3 elementor-section-boxed elementor-section-height-default elementor-section-height-default\" data-id=\"3303a7e3\" data-element_type=\"section\">\n\t\t\t\t\t\t<div class=\"elementor-container elementor-column-gap-default\">\n\t\t\t\t\t<div class=\"elementor-column elementor-col-100 elementor-top-column elementor-element elementor-element-16d72dbf\" data-id=\"16d72dbf\" data-element_type=\"column\">\n\t\t\t<div class=\"elementor-widget-wrap elementor-element-populated\">\n\t\t\t\t\t\t\t\t<div class=\"elementor-element elementor-element-d743c03 elementor-widget elementor-widget-text-editor\" data-id=\"d743c03\" data-element_type=\"widget\" data-widget_type=\"text-editor.default\">\n\t\t\t\t<div class=\"elementor-widget-container\">\n\t\t\t\t\t\t\t<h2>SCEGLI LA TUA ATTIVIT\u00c0 QUI SOTTO PER OFFRIRE BUONI REGALO\/BIGLIETTI O EFFETTUARE UNA PRENOTAZIONE<\/h2><table style=\"height: 290px;\" border=\"0\" width=\"580\" cellspacing=\"10\" cellpadding=\"10\"><tbody><tr><td width=\"50%\"><strong>PILATUS E VILLA HONEGG &#8211; VOLO PRIVATO (1-5 pers.) &#8211; 65 min.<\/strong><\/td><td><strong>A partire da CHF 1&#8217;975.00 per volo privato<\/strong><\/td><\/tr><tr><td>Informazioni aggiuntive<\/td><td>&#8211; L&#8217;elicottero \u00e8 esclusivamente a tua disposizione<br \/>&#8211; Sei tu a stabilire la data e l&#8217;ora di partenza<br \/>&#8211; Massimo 5 pers.<br \/><em><strong>&#8211; Il catering non \u00e8 incluso<\/strong><\/em><\/td><\/tr><tr><td>Aeroporto<\/td><td><a href=\"https:\/\/www.google.ch\/maps\/place\/Flugplatzstrasse+9,+3123+Belp\/@46.9110741,7.5014815,384m\/data=!3m1!1e3!4m6!3m5!1s0x478e364abf3cd12d:0x66533198ed658320!8m2!3d46.9109935!4d7.5040993!16s%2Fg%2F11c2cjv1zm?hl=fr&amp;entry=ttu\" target=\"_blank\" rel=\"noopener\">Berna-Belp<\/a><\/td><\/tr><tr><td>Tempo di volo<\/td><td>65 min.<\/td><\/tr><tr><td>Durata totale<\/td><td>circa 3 ore<\/td><\/tr><tr><td>Appuntamento<\/td><td>Per telefono<\/td><\/tr><tr><td><button class=\"elementor-button\" type=\"button\"><a href=\"https:\/\/swissraft.outdoorbooking.ch\/fo\/products\/981?base_id=211&amp;category_id=6&amp;order_type=gift_voucher&amp;lang=it\" target=\"_blank\" rel=\"noopener\">ACQUISTO BUONO REGALO \/ BIGLIETTO<\/a><\/button><\/td><td><strong>CHF 1&#8217;975.00 &#8211; Volo privato (1-3 pers.)<\/strong><\/td><\/tr><tr><td><button class=\"elementor-button\" type=\"button\"><a href=\"https:\/\/swissraft.outdoorbooking.ch\/fo\/products\/983?base_id=115&amp;category_id=6&amp;order_type=gift_voucher&amp;lang=it\" target=\"_blank\" rel=\"noopener\">ACQUISTO BUONO REGALO \/ BIGLIETTO<\/a><\/button><\/td><td><strong>CHF 2&#8217;615.00 &#8211; Volo privato (4 pers.)<\/strong><\/td><\/tr><tr><td><button class=\"elementor-button\" type=\"button\"><a href=\"https:\/\/swissraft.outdoorbooking.ch\/fo\/products\/984?base_id=116&amp;category_id=6&amp;order_type=gift_voucher&amp;lang=it\" target=\"_blank\" rel=\"noopener\">ACQUISTO BUONO REGALO \/ BIGLIETTO<\/a><\/button><\/td><td><strong>CHF 3&#8217;320.00 &#8211; Volo privato (5 pers.)<\/strong><\/td><\/tr><tr><td>\u00a0<\/td><td><strong><em>IMPORTANTE !<\/em><\/strong><br \/><em>Per prenotare, chiamate il numero che si trova in alto a sinistra sul buono regalo\/biglietto.<\/em><\/td><\/tr><\/tbody><\/table>\t\t\t\t\t\t<\/div>\n\t\t\t\t<\/div>\n\t\t\t\t\t<\/div>\n\t\t<\/div>\n\t\t\t\t\t\t\t<\/div>\n\t\t<\/section>\n\t\t\t\t\t\t\t<\/div>\n\t\t","protected":false},"excerpt":{"rendered":"<div align=\"justify\">\n<h2 align=\"justify\">65 minuti di volo in elicottero per Pilatus e la famosa Villa Honegg<\/h2>\n<h3>Partendo da Berna-Belp, atterri vicino alla famosa Villa Honegg. Dalla terrazza si gode di una magnifica vista sul Lago dei Quattro Cantoni.<\/h3>\n<\/div>\n<div align=\"justify\">\n<p>Dopo essere decollato dall&#8217;aeroporto di Berna-Belp, ti dirigerai verso Langnau, Entlebuch, Pilatus e Lucerna. Sorvolerai il Lago dei Quattro Cantoni e il B\u00fcrgenstock prima di atterrare vicino alla famosa Villa Honegg. A seconda della stagione, potrai gustare un pasto gourmet sulla terrazza. Durante il volo di ritorno, sorvolerai a turno Stans, il lago Sarnen e il lago Lungern. Poi ci sono il Brienzer Rothorn, il lago di Brienz e Interlaken. Termina il tour con un volo sul lago di Thun, Thun prima di riposare all&#8217;aeroporto di Berna-Belp.<\/p>\n<h3>Grazie alla sua vasta rete di eliporti, aviosuperfici e aeroporti internazionali, Swissraft pu\u00f2 offrirti pi\u00f9 di 150 voli in elicottero.<\/h3>\n<p id=\"textarea\" style=\"display: none;\">Abbiamo itinerari in elicottero dall&#8217;aeroporto di Sion e dagli eliporti di Gampel e Collombey in Vallese. Abbiamo anche voli per l&#8217;Oberland Bernese con partenza dall&#8217;eliporto di Interlaken-Gsteigwiler. Offriamo anche tour dall&#8217;eliporto di Gstaad-Grund e dall&#8217;aerodromo di Saanen nel Saanenland. Ci sono anche tour dagli eliporti di Lauterbrunnen, Lenk-Simmental e Schattenhalb-Meiringen. Decolliamo anche dall&#8217;aeroporto internazionale di Zurigo-Kloten. Abbiamo poi voli da Buttwil in Argovia e dall&#8217;aerodromo di Grenchen nel cantone di Soletta. Offriamo anche tour in elicottero nel cantone di Lucerna, con partenza dall&#8217;eliporto di Pfaffnau. Da un lato, abbiamo voli per il cantone di Uri in partenza da Erstfeld. Ci sono anche voli dall&#8217;eliporto di K\u00fcssnacht nel Canton Svitto. Allo stesso tempo, decolliamo dall&#8217;aeroporto di \u00c9pagny in Gruy\u00e8re. Offriamo tour in elicottero dagli aeroporti di Locarno e Lodrino in Ticino. Abbiamo anche voli dagli eliporti di Flims, Tavanasa e Untervaz nei Grigioni. Ci sono anche rotte tutto l&#8217;anno dall&#8217;aerodromo di Samedan e dall&#8217;eliporto di St. Moritz in inverno. Decolliamo anche in Liechtenstein dall&#8217;eliporto di Balzers e in Turgovia dall&#8217;eliporto di Sitterdorf.\n<\/p>\n<p><a id=\"seeMore\" onclick=\"toggleSeeMore()\" href=\"javascript:void(0);\">Leggi tutto<\/a><\/p>\n","protected":false},"featured_media":87329,"comment_status":"open","ping_status":"closed","template":"","meta":{"inline_featured_image":false,"_mi_skip_tracking":false},"product_cat":[392,460],"product_tag":[],"class_list":["post-93478","product","type-product","status-publish","has-post-thumbnail","hentry","product_cat-volo-in-elicottero","product_cat-volo-elicottero-berna-belp"],"yoast_head":"<!-- This site is optimized with the Yoast SEO plugin v23.6 - https:\/\/yoast.com\/wordpress\/plugins\/seo\/ -->\n<title>Pilatus e Villa Honegg in elicottero da Berna-Belp<\/title>\n<meta name=\"description\" content=\"Pilatus e Villa Honegg da Belp in elicottero per un volo di 65 minuti, con un atterraggio intermedio vicino a Villa Honegg per un rinfresco.\" \/>\n<meta name=\"robots\" content=\"index, follow, max-snippet:-1, max-image-preview:large, max-video-preview:-1\" \/>\n<link rel=\"canonical\" href=\"https:\/\/www.swissraft.ch\/it\/prodotto\/volo-elicottero-berna-belp-pilatus-villa-honegg\/\" \/>\n<meta property=\"og:locale\" content=\"it_IT\" \/>\n<meta property=\"og:type\" content=\"article\" \/>\n<meta property=\"og:title\" content=\"Pilatus e Villa Honegg in elicottero da Berna-Belp\" \/>\n<meta property=\"og:description\" content=\"Pilatus e Villa Honegg da Belp in elicottero per un volo di 65 minuti, con un atterraggio intermedio vicino a Villa Honegg per un rinfresco.\" \/>\n<meta property=\"og:url\" content=\"https:\/\/www.swissraft.ch\/it\/prodotto\/volo-elicottero-berna-belp-pilatus-villa-honegg\/\" \/>\n<meta property=\"og:site_name\" content=\"Swissraft\" \/>\n<meta property=\"article:modified_time\" content=\"2026-02-03T23:28:31+00:00\" \/>\n<meta property=\"og:image\" content=\"https:\/\/www.swissraft.ch\/wp-content\/uploads\/2022\/11\/18-BERN-BELP-Pilatus-und-Villa-Honegg-776x776-2.jpg\" \/>\n\t<meta property=\"og:image:width\" content=\"776\" \/>\n\t<meta property=\"og:image:height\" content=\"776\" \/>\n\t<meta property=\"og:image:type\" content=\"image\/jpeg\" \/>\n<meta name=\"twitter:card\" content=\"summary_large_image\" \/>\n<meta name=\"twitter:label1\" content=\"Tempo di lettura stimato\" \/>\n\t<meta name=\"twitter:data1\" content=\"1 minuto\" \/>\n<script type=\"application\/ld+json\" class=\"yoast-schema-graph\">{\"@context\":\"https:\/\/schema.org\",\"@graph\":[{\"@type\":\"WebPage\",\"@id\":\"https:\/\/www.swissraft.ch\/it\/prodotto\/volo-elicottero-berna-belp-pilatus-villa-honegg\/\",\"url\":\"https:\/\/www.swissraft.ch\/it\/prodotto\/volo-elicottero-berna-belp-pilatus-villa-honegg\/\",\"name\":\"Pilatus e Villa Honegg in elicottero da Berna-Belp\",\"isPartOf\":{\"@id\":\"https:\/\/www.swissraft.ch\/it\/#website\"},\"primaryImageOfPage\":{\"@id\":\"https:\/\/www.swissraft.ch\/it\/prodotto\/volo-elicottero-berna-belp-pilatus-villa-honegg\/#primaryimage\"},\"image\":{\"@id\":\"https:\/\/www.swissraft.ch\/it\/prodotto\/volo-elicottero-berna-belp-pilatus-villa-honegg\/#primaryimage\"},\"thumbnailUrl\":\"https:\/\/www.swissraft.ch\/wp-content\/uploads\/2022\/11\/18-BERN-BELP-Pilatus-und-Villa-Honegg-776x776-2.jpg\",\"datePublished\":\"2022-11-23T21:29:46+00:00\",\"dateModified\":\"2026-02-03T23:28:31+00:00\",\"description\":\"Pilatus e Villa Honegg da Belp in elicottero per un volo di 65 minuti, con un atterraggio intermedio vicino a Villa Honegg per un rinfresco.\",\"breadcrumb\":{\"@id\":\"https:\/\/www.swissraft.ch\/it\/prodotto\/volo-elicottero-berna-belp-pilatus-villa-honegg\/#breadcrumb\"},\"inLanguage\":\"it-IT\",\"potentialAction\":[{\"@type\":\"ReadAction\",\"target\":[\"https:\/\/www.swissraft.ch\/it\/prodotto\/volo-elicottero-berna-belp-pilatus-villa-honegg\/\"]}]},{\"@type\":\"ImageObject\",\"inLanguage\":\"it-IT\",\"@id\":\"https:\/\/www.swissraft.ch\/it\/prodotto\/volo-elicottero-berna-belp-pilatus-villa-honegg\/#primaryimage\",\"url\":\"https:\/\/www.swissraft.ch\/wp-content\/uploads\/2022\/11\/18-BERN-BELP-Pilatus-und-Villa-Honegg-776x776-2.jpg\",\"contentUrl\":\"https:\/\/www.swissraft.ch\/wp-content\/uploads\/2022\/11\/18-BERN-BELP-Pilatus-und-Villa-Honegg-776x776-2.jpg\",\"width\":776,\"height\":776,\"caption\":\"Da Berna-Belp a Pilatus e Villa Honegg in elicottero\"},{\"@type\":\"BreadcrumbList\",\"@id\":\"https:\/\/www.swissraft.ch\/it\/prodotto\/volo-elicottero-berna-belp-pilatus-villa-honegg\/#breadcrumb\",\"itemListElement\":[{\"@type\":\"ListItem\",\"position\":1,\"name\":\"Accueil\",\"item\":\"https:\/\/www.swissraft.ch\/it\/\"},{\"@type\":\"ListItem\",\"position\":2,\"name\":\"Negozio\",\"item\":\"https:\/\/www.swissraft.ch\/it\/negozio\/\"},{\"@type\":\"ListItem\",\"position\":3,\"name\":\"Volo in elicottero da BERN-BELP &#8211; PILATUS E VILLA HONEGG &#8211; 65 min. &#8211; A partire da CHF 1&rsquo;975.00\"}]},{\"@type\":\"WebSite\",\"@id\":\"https:\/\/www.swissraft.ch\/it\/#website\",\"url\":\"https:\/\/www.swissraft.ch\/it\/\",\"name\":\"Swissraft\",\"description\":\"To enjoy nature as it is\",\"publisher\":{\"@id\":\"https:\/\/www.swissraft.ch\/it\/#organization\"},\"potentialAction\":[{\"@type\":\"SearchAction\",\"target\":{\"@type\":\"EntryPoint\",\"urlTemplate\":\"https:\/\/www.swissraft.ch\/it\/?s={search_term_string}\"},\"query-input\":{\"@type\":\"PropertyValueSpecification\",\"valueRequired\":true,\"valueName\":\"search_term_string\"}}],\"inLanguage\":\"it-IT\"},{\"@type\":\"Organization\",\"@id\":\"https:\/\/www.swissraft.ch\/it\/#organization\",\"name\":\"Swissraft\",\"url\":\"https:\/\/www.swissraft.ch\/it\/\",\"logo\":{\"@type\":\"ImageObject\",\"inLanguage\":\"it-IT\",\"@id\":\"https:\/\/www.swissraft.ch\/it\/#\/schema\/logo\/image\/\",\"url\":\"https:\/\/www.swissraft.ch\/wp-content\/uploads\/2025\/09\/Capture.jpg\",\"contentUrl\":\"https:\/\/www.swissraft.ch\/wp-content\/uploads\/2025\/09\/Capture.jpg\",\"width\":293,\"height\":108,\"caption\":\"Swissraft\"},\"image\":{\"@id\":\"https:\/\/www.swissraft.ch\/it\/#\/schema\/logo\/image\/\"}}]}<\/script>\n<!-- \/ Yoast SEO plugin. -->","yoast_head_json":{"title":"Pilatus e Villa Honegg in elicottero da Berna-Belp","description":"Pilatus e Villa Honegg da Belp in elicottero per un volo di 65 minuti, con un atterraggio intermedio vicino a Villa Honegg per un rinfresco.","robots":{"index":"index","follow":"follow","max-snippet":"max-snippet:-1","max-image-preview":"max-image-preview:large","max-video-preview":"max-video-preview:-1"},"canonical":"https:\/\/www.swissraft.ch\/it\/prodotto\/volo-elicottero-berna-belp-pilatus-villa-honegg\/","og_locale":"it_IT","og_type":"article","og_title":"Pilatus e Villa Honegg in elicottero da Berna-Belp","og_description":"Pilatus e Villa Honegg da Belp in elicottero per un volo di 65 minuti, con un atterraggio intermedio vicino a Villa Honegg per un rinfresco.","og_url":"https:\/\/www.swissraft.ch\/it\/prodotto\/volo-elicottero-berna-belp-pilatus-villa-honegg\/","og_site_name":"Swissraft","article_modified_time":"2026-02-03T23:28:31+00:00","og_image":[{"width":776,"height":776,"url":"https:\/\/www.swissraft.ch\/wp-content\/uploads\/2022\/11\/18-BERN-BELP-Pilatus-und-Villa-Honegg-776x776-2.jpg","type":"image\/jpeg"}],"twitter_card":"summary_large_image","twitter_misc":{"Tempo di lettura stimato":"1 minuto"},"schema":{"@context":"https:\/\/schema.org","@graph":[{"@type":"WebPage","@id":"https:\/\/www.swissraft.ch\/it\/prodotto\/volo-elicottero-berna-belp-pilatus-villa-honegg\/","url":"https:\/\/www.swissraft.ch\/it\/prodotto\/volo-elicottero-berna-belp-pilatus-villa-honegg\/","name":"Pilatus e Villa Honegg in elicottero da Berna-Belp","isPartOf":{"@id":"https:\/\/www.swissraft.ch\/it\/#website"},"primaryImageOfPage":{"@id":"https:\/\/www.swissraft.ch\/it\/prodotto\/volo-elicottero-berna-belp-pilatus-villa-honegg\/#primaryimage"},"image":{"@id":"https:\/\/www.swissraft.ch\/it\/prodotto\/volo-elicottero-berna-belp-pilatus-villa-honegg\/#primaryimage"},"thumbnailUrl":"https:\/\/www.swissraft.ch\/wp-content\/uploads\/2022\/11\/18-BERN-BELP-Pilatus-und-Villa-Honegg-776x776-2.jpg","datePublished":"2022-11-23T21:29:46+00:00","dateModified":"2026-02-03T23:28:31+00:00","description":"Pilatus e Villa Honegg da Belp in elicottero per un volo di 65 minuti, con un atterraggio intermedio vicino a Villa Honegg per un rinfresco.","breadcrumb":{"@id":"https:\/\/www.swissraft.ch\/it\/prodotto\/volo-elicottero-berna-belp-pilatus-villa-honegg\/#breadcrumb"},"inLanguage":"it-IT","potentialAction":[{"@type":"ReadAction","target":["https:\/\/www.swissraft.ch\/it\/prodotto\/volo-elicottero-berna-belp-pilatus-villa-honegg\/"]}]},{"@type":"ImageObject","inLanguage":"it-IT","@id":"https:\/\/www.swissraft.ch\/it\/prodotto\/volo-elicottero-berna-belp-pilatus-villa-honegg\/#primaryimage","url":"https:\/\/www.swissraft.ch\/wp-content\/uploads\/2022\/11\/18-BERN-BELP-Pilatus-und-Villa-Honegg-776x776-2.jpg","contentUrl":"https:\/\/www.swissraft.ch\/wp-content\/uploads\/2022\/11\/18-BERN-BELP-Pilatus-und-Villa-Honegg-776x776-2.jpg","width":776,"height":776,"caption":"Da Berna-Belp a Pilatus e Villa Honegg in elicottero"},{"@type":"BreadcrumbList","@id":"https:\/\/www.swissraft.ch\/it\/prodotto\/volo-elicottero-berna-belp-pilatus-villa-honegg\/#breadcrumb","itemListElement":[{"@type":"ListItem","position":1,"name":"Accueil","item":"https:\/\/www.swissraft.ch\/it\/"},{"@type":"ListItem","position":2,"name":"Negozio","item":"https:\/\/www.swissraft.ch\/it\/negozio\/"},{"@type":"ListItem","position":3,"name":"Volo in elicottero da BERN-BELP &#8211; PILATUS E VILLA HONEGG &#8211; 65 min. &#8211; A partire da CHF 1&rsquo;975.00"}]},{"@type":"WebSite","@id":"https:\/\/www.swissraft.ch\/it\/#website","url":"https:\/\/www.swissraft.ch\/it\/","name":"Swissraft","description":"To enjoy nature as it is","publisher":{"@id":"https:\/\/www.swissraft.ch\/it\/#organization"},"potentialAction":[{"@type":"SearchAction","target":{"@type":"EntryPoint","urlTemplate":"https:\/\/www.swissraft.ch\/it\/?s={search_term_string}"},"query-input":{"@type":"PropertyValueSpecification","valueRequired":true,"valueName":"search_term_string"}}],"inLanguage":"it-IT"},{"@type":"Organization","@id":"https:\/\/www.swissraft.ch\/it\/#organization","name":"Swissraft","url":"https:\/\/www.swissraft.ch\/it\/","logo":{"@type":"ImageObject","inLanguage":"it-IT","@id":"https:\/\/www.swissraft.ch\/it\/#\/schema\/logo\/image\/","url":"https:\/\/www.swissraft.ch\/wp-content\/uploads\/2025\/09\/Capture.jpg","contentUrl":"https:\/\/www.swissraft.ch\/wp-content\/uploads\/2025\/09\/Capture.jpg","width":293,"height":108,"caption":"Swissraft"},"image":{"@id":"https:\/\/www.swissraft.ch\/it\/#\/schema\/logo\/image\/"}}]}},"_links":{"self":[{"href":"https:\/\/www.swissraft.ch\/it\/wp-json\/wp\/v2\/product\/93478","targetHints":{"allow":["GET"]}}],"collection":[{"href":"https:\/\/www.swissraft.ch\/it\/wp-json\/wp\/v2\/product"}],"about":[{"href":"https:\/\/www.swissraft.ch\/it\/wp-json\/wp\/v2\/types\/product"}],"replies":[{"embeddable":true,"href":"https:\/\/www.swissraft.ch\/it\/wp-json\/wp\/v2\/comments?post=93478"}],"version-history":[{"count":10,"href":"https:\/\/www.swissraft.ch\/it\/wp-json\/wp\/v2\/product\/93478\/revisions"}],"predecessor-version":[{"id":128716,"href":"https:\/\/www.swissraft.ch\/it\/wp-json\/wp\/v2\/product\/93478\/revisions\/128716"}],"wp:featuredmedia":[{"embeddable":true,"href":"https:\/\/www.swissraft.ch\/it\/wp-json\/wp\/v2\/media\/87329"}],"wp:attachment":[{"href":"https:\/\/www.swissraft.ch\/it\/wp-json\/wp\/v2\/media?parent=93478"}],"wp:term":[{"taxonomy":"product_cat","embeddable":true,"href":"https:\/\/www.swissraft.ch\/it\/wp-json\/wp\/v2\/product_cat?post=93478"},{"taxonomy":"product_tag","embeddable":true,"href":"https:\/\/www.swissraft.ch\/it\/wp-json\/wp\/v2\/product_tag?post=93478"}],"curies":[{"name":"wp","href":"https:\/\/api.w.org\/{rel}","templated":true}]}}