{"id":93467,"date":"2022-11-23T18:13:34","date_gmt":"2022-11-23T17:13:34","guid":{"rendered":"https:\/\/swissraft.xyanzkdne.eu\/product\/volo-in-elicottero-da-bern-belp-atterraggio-sul-jungfrau-45-min-a-partire-da-chf-1850-00\/"},"modified":"2026-02-04T02:11:23","modified_gmt":"2026-02-04T01:11:23","slug":"volo-elicottero-berna-belp-atterraggio-jungfrau","status":"publish","type":"product","link":"https:\/\/www.swissraft.ch\/it\/prodotto\/volo-elicottero-berna-belp-atterraggio-jungfrau\/","title":{"rendered":"Volo in elicottero da BERN-BELP &#8211; Atterraggio sul JUNGFRAU &#8211; 45 min. &#8211; A partire da CHF 2&#8217;060.00"},"content":{"rendered":"\t\t<div data-elementor-type=\"wp-post\" data-elementor-id=\"93467\" class=\"elementor elementor-93467 elementor-29165\">\n\t\t\t\t\t\t\t\t\t<section class=\"elementor-section elementor-top-section elementor-element elementor-element-3303a7e3 elementor-section-boxed elementor-section-height-default elementor-section-height-default\" data-id=\"3303a7e3\" data-element_type=\"section\">\n\t\t\t\t\t\t<div class=\"elementor-container elementor-column-gap-default\">\n\t\t\t\t\t<div class=\"elementor-column elementor-col-100 elementor-top-column elementor-element elementor-element-16d72dbf\" data-id=\"16d72dbf\" data-element_type=\"column\">\n\t\t\t<div class=\"elementor-widget-wrap elementor-element-populated\">\n\t\t\t\t\t\t\t\t<div class=\"elementor-element elementor-element-d743c03 elementor-widget elementor-widget-text-editor\" data-id=\"d743c03\" data-element_type=\"widget\" data-widget_type=\"text-editor.default\">\n\t\t\t\t<div class=\"elementor-widget-container\">\n\t\t\t\t\t\t\t<h2>SCEGLI LA TUA ATTIVIT\u00c0 QUI SOTTO PER OFFRIRE BUONI REGALO\/BIGLIETTI O EFFETTUARE UNA PRENOTAZIONE<\/h2><table style=\"height: 290px;\" border=\"0\" width=\"580\" cellspacing=\"10\" cellpadding=\"10\"><tbody><tr><td width=\"50%\"><strong>ATTERRAGGIO SUL JUNGFRAU &#8211; VOLO PRIVATO (1-5 pers.) &#8211; 45 min.<\/strong><\/td><td><strong>A partire da CHF 2&#8217;050.00 per volo privato<\/strong><\/td><\/tr><tr><td>Informazioni aggiuntive<\/td><td>&#8211; L&#8217;elicottero \u00e8 esclusivamente a tua disposizione<br \/>&#8211; Sei tu a stabilire la data e l&#8217;ora di partenza<br \/>&#8211; Massimo 5 pers.<br \/><em><strong>&#8211; Il catering non \u00e8 incluso<\/strong><\/em><\/td><\/tr><tr><td>Aeroporto<\/td><td><a href=\"https:\/\/www.google.ch\/maps\/place\/Flugplatzstrasse+9,+3123+Belp\/@46.9110741,7.5014815,384m\/data=!3m1!1e3!4m6!3m5!1s0x478e364abf3cd12d:0x66533198ed658320!8m2!3d46.9109935!4d7.5040993!16s%2Fg%2F11c2cjv1zm?hl=fr&amp;entry=ttu\" target=\"_blank\" rel=\"noopener\">Berna-Belp<\/a><\/td><\/tr><tr><td>Tempo di volo<\/td><td>45 min.<\/td><\/tr><tr><td>Durata totale<\/td><td>circa 3 ore<\/td><\/tr><tr><td>Appuntamento<\/td><td>Per telefono<\/td><\/tr><tr><td><button class=\"elementor-button\" type=\"button\"><a href=\"https:\/\/swissraft.outdoorbooking.ch\/fo\/products\/936?base_id=211&amp;category_id=6&amp;order_type=gift_voucher&amp;lang=it\" target=\"_blank\" rel=\"noopener\">ACQUISTO BUONO REGALO \/ BIGLIETTO<\/a><\/button><\/td><td><strong>CHF 2&#8217;050.00 &#8211; Volo privato (1-3 pers.)<\/strong><\/td><\/tr><tr><td><button class=\"elementor-button\" type=\"button\"><a href=\"https:\/\/swissraft.outdoorbooking.ch\/fo\/products\/972?base_id=116&amp;category_id=6&amp;order_type=gift_voucher&amp;lang=it\" target=\"_blank\" rel=\"noopener\">ACQUISTO BUONO REGALO \/ BIGLIETTO<\/a><\/button><\/td><td><strong>CHF 2&#8217;550.00 &#8211; Volo privato (4-5 pers.)<\/strong><\/td><\/tr><tr><td>\u00a0<\/td><td><strong><em>IMPORTANTE !<\/em><\/strong><br \/><em>Per prenotare, chiamate il numero che si trova in alto a sinistra sul buono regalo\/biglietto.<\/em><\/td><\/tr><\/tbody><\/table>\t\t\t\t\t\t<\/div>\n\t\t\t\t<\/div>\n\t\t\t\t\t<\/div>\n\t\t<\/div>\n\t\t\t\t\t\t\t<\/div>\n\t\t<\/section>\n\t\t\t\t\t\t\t<\/div>\n\t\t","protected":false},"excerpt":{"rendered":"<div align=\"justify\">\n<h2 align=\"justify\">45 minuti di volo in elicottero per atterrare sulla Jungfrau<\/h2>\n<h3>Scopri le Alpi Bernesi con questo volo dall&#8217;aeroporto di Berna-Belp. E goditi l&#8217;immenso panorama dalla cima della Jungfrau.<\/h3>\n<\/div>\n<div align=\"justify\">\n<p>Decolla da Berna-Belp e dirigiti verso Thun, Interlaken, Grindelwald e l&#8217;Eiger, il M\u00f6nch e la Jungfrau, dove atterrerai. Dalla vetta dell&#8217;Europa, ammira il panorama unico che ti circonda. Puoi bere qualcosa o mangiare qualcosa, come preferisci. Poi decolla di nuovo e dirigiti verso lo Schilthorn, il Niesen e la catena dello Stockhorn. Sorvolerai poi la valle del G\u00fcrbe prima di riposare all&#8217;aeroporto di Belp.<\/p>\n<h3>26 eliporti, aerodromi e aeroporti internazionali sono suggeriti sul sito web di Swissraft per oltre 150 itinerari in elicottero.<\/h3>\n<p id=\"textarea\" style=\"display: none;\">Dal Vallese abbiamo rotte in elicottero dall&#8217;aeroporto di Sion e dagli eliporti di Gampel e Collombey. Inoltre, abbiamo voli per l&#8217;Oberland Bernese dall&#8217;eliporto di Interlaken-Gsteigwiler. Offriamo anche tour dall&#8217;eliporto di Gstaad-Grund e dall&#8217;aerodromo di Saanen nel Saanenland. E ancora nell&#8217;Oberland Bernese, dagli eliporti di Lauterbrunnen, Lenk-Simmental e Schattenhalb-Meiringen. Da un lato, offriamo tour in elicottero dall&#8217;aeroporto internazionale di Zurigo-Kloten. Abbiamo anche voli da Buttwil in Argovia e da Grenchen nel cantone di Soletta. Voliamo anche nel cantone di Lucerna dall&#8217;eliporto di Pfaffnau. Offriamo anche tour in elicottero del cantone di Uri, con partenza da Erstfeld. Decolliamo anche dall&#8217;eliporto di K\u00fcssnacht nel Canton Svitto. Decolliamo anche a Gruy\u00e8re dall&#8217;aeroporto di \u00c9pagny, nel cantone di Friburgo. Offriamo anche voli per il Ticino dagli aeroporti di Locarno-Magadino e Lodrino. Abbiamo anche tour in partenza dagli eliporti di Flims, Tavanasa e Untervaz nei Grigioni. Ci sono anche tour dall&#8217;aerodromo di Samedan durante tutto l&#8217;anno e dall&#8217;eliporto di St. Moritz in inverno. Inoltre, decolliamo in Liechtenstein dall&#8217;eliporto di Balzers e in Turgovia dall&#8217;eliporto di Sitterdorf.\n<\/p>\n<p><a id=\"seeMore\" onclick=\"toggleSeeMore()\" href=\"javascript:void(0);\">Leggi tutto<\/a><\/p>\n","protected":false},"featured_media":87311,"comment_status":"open","ping_status":"closed","template":"","meta":{"inline_featured_image":false,"_mi_skip_tracking":false},"product_cat":[392,460],"product_tag":[],"class_list":["post-93467","product","type-product","status-publish","has-post-thumbnail","hentry","product_cat-volo-in-elicottero","product_cat-volo-elicottero-berna-belp"],"yoast_head":"<!-- This site is optimized with the Yoast SEO plugin v23.6 - https:\/\/yoast.com\/wordpress\/plugins\/seo\/ -->\n<title>Elicottero Berna atterraggio Jungfrau. Volo di 45 minuti.<\/title>\n<meta name=\"description\" content=\"Elicottero Berna atterraggio Jungfrau. Questo volo di 45 minuti ti porta su uno dei tetti d&#039;Europa: la Jungfrau nelle Alpi Bernesi.\" \/>\n<meta name=\"robots\" content=\"index, follow, max-snippet:-1, max-image-preview:large, max-video-preview:-1\" \/>\n<link rel=\"canonical\" href=\"https:\/\/www.swissraft.ch\/it\/prodotto\/volo-elicottero-berna-belp-atterraggio-jungfrau\/\" \/>\n<meta property=\"og:locale\" content=\"it_IT\" \/>\n<meta property=\"og:type\" content=\"article\" \/>\n<meta property=\"og:title\" content=\"Elicottero Berna atterraggio Jungfrau. Volo di 45 minuti.\" \/>\n<meta property=\"og:description\" content=\"Elicottero Berna atterraggio Jungfrau. Questo volo di 45 minuti ti porta su uno dei tetti d&#039;Europa: la Jungfrau nelle Alpi Bernesi.\" \/>\n<meta property=\"og:url\" content=\"https:\/\/www.swissraft.ch\/it\/prodotto\/volo-elicottero-berna-belp-atterraggio-jungfrau\/\" \/>\n<meta property=\"og:site_name\" content=\"Swissraft\" \/>\n<meta property=\"article:modified_time\" content=\"2026-02-04T01:11:23+00:00\" \/>\n<meta property=\"og:image\" content=\"https:\/\/www.swissraft.ch\/wp-content\/uploads\/2022\/11\/12-BERN-BELP-Landung-auf-der-Jungfrau-776x776-2.jpg\" \/>\n\t<meta property=\"og:image:width\" content=\"776\" \/>\n\t<meta property=\"og:image:height\" content=\"776\" \/>\n\t<meta property=\"og:image:type\" content=\"image\/jpeg\" \/>\n<meta name=\"twitter:card\" content=\"summary_large_image\" \/>\n<meta name=\"twitter:label1\" content=\"Tempo di lettura stimato\" \/>\n\t<meta name=\"twitter:data1\" content=\"1 minuto\" \/>\n<script type=\"application\/ld+json\" class=\"yoast-schema-graph\">{\"@context\":\"https:\/\/schema.org\",\"@graph\":[{\"@type\":\"WebPage\",\"@id\":\"https:\/\/www.swissraft.ch\/it\/prodotto\/volo-elicottero-berna-belp-atterraggio-jungfrau\/\",\"url\":\"https:\/\/www.swissraft.ch\/it\/prodotto\/volo-elicottero-berna-belp-atterraggio-jungfrau\/\",\"name\":\"Elicottero Berna atterraggio Jungfrau. Volo di 45 minuti.\",\"isPartOf\":{\"@id\":\"https:\/\/www.swissraft.ch\/it\/#website\"},\"primaryImageOfPage\":{\"@id\":\"https:\/\/www.swissraft.ch\/it\/prodotto\/volo-elicottero-berna-belp-atterraggio-jungfrau\/#primaryimage\"},\"image\":{\"@id\":\"https:\/\/www.swissraft.ch\/it\/prodotto\/volo-elicottero-berna-belp-atterraggio-jungfrau\/#primaryimage\"},\"thumbnailUrl\":\"https:\/\/www.swissraft.ch\/wp-content\/uploads\/2022\/11\/12-BERN-BELP-Landung-auf-der-Jungfrau-776x776-2.jpg\",\"datePublished\":\"2022-11-23T17:13:34+00:00\",\"dateModified\":\"2026-02-04T01:11:23+00:00\",\"description\":\"Elicottero Berna atterraggio Jungfrau. Questo volo di 45 minuti ti porta su uno dei tetti d'Europa: la Jungfrau nelle Alpi Bernesi.\",\"breadcrumb\":{\"@id\":\"https:\/\/www.swissraft.ch\/it\/prodotto\/volo-elicottero-berna-belp-atterraggio-jungfrau\/#breadcrumb\"},\"inLanguage\":\"it-IT\",\"potentialAction\":[{\"@type\":\"ReadAction\",\"target\":[\"https:\/\/www.swissraft.ch\/it\/prodotto\/volo-elicottero-berna-belp-atterraggio-jungfrau\/\"]}]},{\"@type\":\"ImageObject\",\"inLanguage\":\"it-IT\",\"@id\":\"https:\/\/www.swissraft.ch\/it\/prodotto\/volo-elicottero-berna-belp-atterraggio-jungfrau\/#primaryimage\",\"url\":\"https:\/\/www.swissraft.ch\/wp-content\/uploads\/2022\/11\/12-BERN-BELP-Landung-auf-der-Jungfrau-776x776-2.jpg\",\"contentUrl\":\"https:\/\/www.swissraft.ch\/wp-content\/uploads\/2022\/11\/12-BERN-BELP-Landung-auf-der-Jungfrau-776x776-2.jpg\",\"width\":776,\"height\":776,\"caption\":\"Da Berna-Belp per un atterraggio in elicottero sulla Jungfrau\"},{\"@type\":\"BreadcrumbList\",\"@id\":\"https:\/\/www.swissraft.ch\/it\/prodotto\/volo-elicottero-berna-belp-atterraggio-jungfrau\/#breadcrumb\",\"itemListElement\":[{\"@type\":\"ListItem\",\"position\":1,\"name\":\"Accueil\",\"item\":\"https:\/\/www.swissraft.ch\/it\/\"},{\"@type\":\"ListItem\",\"position\":2,\"name\":\"Negozio\",\"item\":\"https:\/\/www.swissraft.ch\/it\/negozio\/\"},{\"@type\":\"ListItem\",\"position\":3,\"name\":\"Volo in elicottero da BERN-BELP &#8211; Atterraggio sul JUNGFRAU &#8211; 45 min. &#8211; A partire da CHF 2&rsquo;060.00\"}]},{\"@type\":\"WebSite\",\"@id\":\"https:\/\/www.swissraft.ch\/it\/#website\",\"url\":\"https:\/\/www.swissraft.ch\/it\/\",\"name\":\"Swissraft\",\"description\":\"To enjoy nature as it is\",\"publisher\":{\"@id\":\"https:\/\/www.swissraft.ch\/it\/#organization\"},\"potentialAction\":[{\"@type\":\"SearchAction\",\"target\":{\"@type\":\"EntryPoint\",\"urlTemplate\":\"https:\/\/www.swissraft.ch\/it\/?s={search_term_string}\"},\"query-input\":{\"@type\":\"PropertyValueSpecification\",\"valueRequired\":true,\"valueName\":\"search_term_string\"}}],\"inLanguage\":\"it-IT\"},{\"@type\":\"Organization\",\"@id\":\"https:\/\/www.swissraft.ch\/it\/#organization\",\"name\":\"Swissraft\",\"url\":\"https:\/\/www.swissraft.ch\/it\/\",\"logo\":{\"@type\":\"ImageObject\",\"inLanguage\":\"it-IT\",\"@id\":\"https:\/\/www.swissraft.ch\/it\/#\/schema\/logo\/image\/\",\"url\":\"https:\/\/www.swissraft.ch\/wp-content\/uploads\/2025\/09\/Capture.jpg\",\"contentUrl\":\"https:\/\/www.swissraft.ch\/wp-content\/uploads\/2025\/09\/Capture.jpg\",\"width\":293,\"height\":108,\"caption\":\"Swissraft\"},\"image\":{\"@id\":\"https:\/\/www.swissraft.ch\/it\/#\/schema\/logo\/image\/\"}}]}<\/script>\n<!-- \/ Yoast SEO plugin. -->","yoast_head_json":{"title":"Elicottero Berna atterraggio Jungfrau. Volo di 45 minuti.","description":"Elicottero Berna atterraggio Jungfrau. Questo volo di 45 minuti ti porta su uno dei tetti d'Europa: la Jungfrau nelle Alpi Bernesi.","robots":{"index":"index","follow":"follow","max-snippet":"max-snippet:-1","max-image-preview":"max-image-preview:large","max-video-preview":"max-video-preview:-1"},"canonical":"https:\/\/www.swissraft.ch\/it\/prodotto\/volo-elicottero-berna-belp-atterraggio-jungfrau\/","og_locale":"it_IT","og_type":"article","og_title":"Elicottero Berna atterraggio Jungfrau. Volo di 45 minuti.","og_description":"Elicottero Berna atterraggio Jungfrau. Questo volo di 45 minuti ti porta su uno dei tetti d'Europa: la Jungfrau nelle Alpi Bernesi.","og_url":"https:\/\/www.swissraft.ch\/it\/prodotto\/volo-elicottero-berna-belp-atterraggio-jungfrau\/","og_site_name":"Swissraft","article_modified_time":"2026-02-04T01:11:23+00:00","og_image":[{"width":776,"height":776,"url":"https:\/\/www.swissraft.ch\/wp-content\/uploads\/2022\/11\/12-BERN-BELP-Landung-auf-der-Jungfrau-776x776-2.jpg","type":"image\/jpeg"}],"twitter_card":"summary_large_image","twitter_misc":{"Tempo di lettura stimato":"1 minuto"},"schema":{"@context":"https:\/\/schema.org","@graph":[{"@type":"WebPage","@id":"https:\/\/www.swissraft.ch\/it\/prodotto\/volo-elicottero-berna-belp-atterraggio-jungfrau\/","url":"https:\/\/www.swissraft.ch\/it\/prodotto\/volo-elicottero-berna-belp-atterraggio-jungfrau\/","name":"Elicottero Berna atterraggio Jungfrau. Volo di 45 minuti.","isPartOf":{"@id":"https:\/\/www.swissraft.ch\/it\/#website"},"primaryImageOfPage":{"@id":"https:\/\/www.swissraft.ch\/it\/prodotto\/volo-elicottero-berna-belp-atterraggio-jungfrau\/#primaryimage"},"image":{"@id":"https:\/\/www.swissraft.ch\/it\/prodotto\/volo-elicottero-berna-belp-atterraggio-jungfrau\/#primaryimage"},"thumbnailUrl":"https:\/\/www.swissraft.ch\/wp-content\/uploads\/2022\/11\/12-BERN-BELP-Landung-auf-der-Jungfrau-776x776-2.jpg","datePublished":"2022-11-23T17:13:34+00:00","dateModified":"2026-02-04T01:11:23+00:00","description":"Elicottero Berna atterraggio Jungfrau. Questo volo di 45 minuti ti porta su uno dei tetti d'Europa: la Jungfrau nelle Alpi Bernesi.","breadcrumb":{"@id":"https:\/\/www.swissraft.ch\/it\/prodotto\/volo-elicottero-berna-belp-atterraggio-jungfrau\/#breadcrumb"},"inLanguage":"it-IT","potentialAction":[{"@type":"ReadAction","target":["https:\/\/www.swissraft.ch\/it\/prodotto\/volo-elicottero-berna-belp-atterraggio-jungfrau\/"]}]},{"@type":"ImageObject","inLanguage":"it-IT","@id":"https:\/\/www.swissraft.ch\/it\/prodotto\/volo-elicottero-berna-belp-atterraggio-jungfrau\/#primaryimage","url":"https:\/\/www.swissraft.ch\/wp-content\/uploads\/2022\/11\/12-BERN-BELP-Landung-auf-der-Jungfrau-776x776-2.jpg","contentUrl":"https:\/\/www.swissraft.ch\/wp-content\/uploads\/2022\/11\/12-BERN-BELP-Landung-auf-der-Jungfrau-776x776-2.jpg","width":776,"height":776,"caption":"Da Berna-Belp per un atterraggio in elicottero sulla Jungfrau"},{"@type":"BreadcrumbList","@id":"https:\/\/www.swissraft.ch\/it\/prodotto\/volo-elicottero-berna-belp-atterraggio-jungfrau\/#breadcrumb","itemListElement":[{"@type":"ListItem","position":1,"name":"Accueil","item":"https:\/\/www.swissraft.ch\/it\/"},{"@type":"ListItem","position":2,"name":"Negozio","item":"https:\/\/www.swissraft.ch\/it\/negozio\/"},{"@type":"ListItem","position":3,"name":"Volo in elicottero da BERN-BELP &#8211; Atterraggio sul JUNGFRAU &#8211; 45 min. &#8211; A partire da CHF 2&rsquo;060.00"}]},{"@type":"WebSite","@id":"https:\/\/www.swissraft.ch\/it\/#website","url":"https:\/\/www.swissraft.ch\/it\/","name":"Swissraft","description":"To enjoy nature as it is","publisher":{"@id":"https:\/\/www.swissraft.ch\/it\/#organization"},"potentialAction":[{"@type":"SearchAction","target":{"@type":"EntryPoint","urlTemplate":"https:\/\/www.swissraft.ch\/it\/?s={search_term_string}"},"query-input":{"@type":"PropertyValueSpecification","valueRequired":true,"valueName":"search_term_string"}}],"inLanguage":"it-IT"},{"@type":"Organization","@id":"https:\/\/www.swissraft.ch\/it\/#organization","name":"Swissraft","url":"https:\/\/www.swissraft.ch\/it\/","logo":{"@type":"ImageObject","inLanguage":"it-IT","@id":"https:\/\/www.swissraft.ch\/it\/#\/schema\/logo\/image\/","url":"https:\/\/www.swissraft.ch\/wp-content\/uploads\/2025\/09\/Capture.jpg","contentUrl":"https:\/\/www.swissraft.ch\/wp-content\/uploads\/2025\/09\/Capture.jpg","width":293,"height":108,"caption":"Swissraft"},"image":{"@id":"https:\/\/www.swissraft.ch\/it\/#\/schema\/logo\/image\/"}}]}},"_links":{"self":[{"href":"https:\/\/www.swissraft.ch\/it\/wp-json\/wp\/v2\/product\/93467","targetHints":{"allow":["GET"]}}],"collection":[{"href":"https:\/\/www.swissraft.ch\/it\/wp-json\/wp\/v2\/product"}],"about":[{"href":"https:\/\/www.swissraft.ch\/it\/wp-json\/wp\/v2\/types\/product"}],"replies":[{"embeddable":true,"href":"https:\/\/www.swissraft.ch\/it\/wp-json\/wp\/v2\/comments?post=93467"}],"version-history":[{"count":16,"href":"https:\/\/www.swissraft.ch\/it\/wp-json\/wp\/v2\/product\/93467\/revisions"}],"predecessor-version":[{"id":128870,"href":"https:\/\/www.swissraft.ch\/it\/wp-json\/wp\/v2\/product\/93467\/revisions\/128870"}],"wp:featuredmedia":[{"embeddable":true,"href":"https:\/\/www.swissraft.ch\/it\/wp-json\/wp\/v2\/media\/87311"}],"wp:attachment":[{"href":"https:\/\/www.swissraft.ch\/it\/wp-json\/wp\/v2\/media?parent=93467"}],"wp:term":[{"taxonomy":"product_cat","embeddable":true,"href":"https:\/\/www.swissraft.ch\/it\/wp-json\/wp\/v2\/product_cat?post=93467"},{"taxonomy":"product_tag","embeddable":true,"href":"https:\/\/www.swissraft.ch\/it\/wp-json\/wp\/v2\/product_tag?post=93467"}],"curies":[{"name":"wp","href":"https:\/\/api.w.org\/{rel}","templated":true}]}}