{"id":93458,"date":"2022-11-23T10:50:13","date_gmt":"2022-11-23T09:50:13","guid":{"rendered":"https:\/\/swissraft.xyanzkdne.eu\/product\/volo-in-elicottero-da-belp-meringues-emmental-45-min-a-partire-da-chf-1350-00\/"},"modified":"2026-02-04T01:52:27","modified_gmt":"2026-02-04T00:52:27","slug":"volo-elicottero-berna-belp-meringhe-emmental","status":"publish","type":"product","link":"https:\/\/www.swissraft.ch\/it\/prodotto\/volo-elicottero-berna-belp-meringhe-emmental\/","title":{"rendered":"Volo in elicottero da BERNA-BELP &#8211; MERINGHE &#8211; EMMENTAL &#8211; 45 min. &#8211; A partire da CHF 1&#8217;810.00"},"content":{"rendered":"\t\t<div data-elementor-type=\"wp-post\" data-elementor-id=\"93458\" class=\"elementor elementor-93458 elementor-29157\">\n\t\t\t\t\t\t\t\t\t<section class=\"elementor-section elementor-top-section elementor-element elementor-element-3303a7e3 elementor-section-boxed elementor-section-height-default elementor-section-height-default\" data-id=\"3303a7e3\" data-element_type=\"section\">\n\t\t\t\t\t\t<div class=\"elementor-container elementor-column-gap-default\">\n\t\t\t\t\t<div class=\"elementor-column elementor-col-100 elementor-top-column elementor-element elementor-element-16d72dbf\" data-id=\"16d72dbf\" data-element_type=\"column\">\n\t\t\t<div class=\"elementor-widget-wrap elementor-element-populated\">\n\t\t\t\t\t\t\t\t<div class=\"elementor-element elementor-element-d743c03 elementor-widget elementor-widget-text-editor\" data-id=\"d743c03\" data-element_type=\"widget\" data-widget_type=\"text-editor.default\">\n\t\t\t\t<div class=\"elementor-widget-container\">\n\t\t\t\t\t\t\t<h2>SCEGLI LA TUA ATTIVIT\u00c0 QUI SOTTO PER OFFRIRE BUONI REGALO\/BIGLIETTI O EFFETTUARE UNA PRENOTAZIONE<\/h2><table style=\"height: 290px;\" border=\"0\" width=\"580\" cellspacing=\"10\" cellpadding=\"10\"><tbody><tr><td width=\"50%\"><strong>MERINGHE IN EMMENTAL &#8211; VOLO PRIVATO (1-5 pers.) &#8211; 45 min.<\/strong><\/td><td><strong>A partire da CHF 1&#8217;810.00 per volo privato <\/strong><\/td><\/tr><tr><td>Informazioni aggiuntive<\/td><td>&#8211; L&#8217;elicottero \u00e8 esclusivamente a tua disposizione<br \/>&#8211; Sei tu a stabilire la data e l&#8217;ora di partenza<br \/>&#8211; Massimo 5 persone.<br \/><em><strong>&#8211; Il catering non \u00e8 incluso<\/strong><\/em><\/td><\/tr><tr><td>Aeroporto<\/td><td><a href=\"https:\/\/www.google.ch\/maps\/place\/Flugplatzstrasse+9,+3123+Belp\/@46.9110741,7.5014815,384m\/data=!3m1!1e3!4m6!3m5!1s0x478e364abf3cd12d:0x66533198ed658320!8m2!3d46.9109935!4d7.5040993!16s%2Fg%2F11c2cjv1zm?hl=fr&amp;entry=ttu\" target=\"_blank\" rel=\"noopener\">Berna-Belp<\/a><\/td><\/tr><tr><td>Tempo di volo<\/td><td>45 min.<\/td><\/tr><tr><td>Durata totale<\/td><td>circa 2 ore<\/td><\/tr><tr><td>Appuntamento<\/td><td>Per telefono<\/td><\/tr><tr><td><button class=\"elementor-button\" type=\"button\"><a href=\"https:\/\/swissraft.outdoorbooking.ch\/fo\/products\/472?base_id=115&amp;category_id=6&amp;order_type=gift_voucher&amp;lang=it\" target=\"_blank\" rel=\"noopener\">ACQUISTO BUONO REGALO \/ BIGLIETTO<\/a><\/button><\/td><td><strong>CHF 1&#8217;810.00 &#8211; Volo privato (4 pers.)<\/strong><\/td><\/tr><tr><td><button class=\"elementor-button\" type=\"button\"><a href=\"https:\/\/swissraft.outdoorbooking.ch\/fo\/products\/474?base_id=116&amp;category_id=6&amp;order_type=gift_voucher&amp;lang=it\" target=\"_blank\" rel=\"noopener\">ACQUISTO BUONO REGALO \/ BIGLIETTO<\/a><\/button><\/td><td><strong>CHF 2&#8217;310.00 &#8211; Volo privato (5 pers.)<\/strong><\/td><\/tr><tr><td>\u00a0<\/td><td>Per effettuare una prenotazione <span class=\"patt\" style=\"font-family: inherit; font-size: inherit;\"><span class=\"plbl\"><span class=\"patt\"><a href=\"https:\/\/www.swissraft.ch\/it\/contattaci\/\">contattaci<\/a><\/span><\/span><\/span><\/td><\/tr><\/tbody><\/table>\t\t\t\t\t\t<\/div>\n\t\t\t\t<\/div>\n\t\t\t\t\t<\/div>\n\t\t<\/div>\n\t\t\t\t\t\t\t<\/div>\n\t\t<\/section>\n\t\t\t\t\t\t\t<\/div>\n\t\t","protected":false},"excerpt":{"rendered":"<div align=\"justify\">\n<h2 align=\"justify\">Fai un volo di 45 minuti in elicottero verso l&#8217;Emmental per assaggiare la deliziosa e famosa meringa.<\/h2>\n<h3>Da Bern-Belp, dirigiti verso il ristorante Kemmeribodenbad e fai un atterraggio intermedio per assaggiare la famosa meringa.<\/h3>\n<\/div>\n<div align=\"justify\">\n<p>Partendo dall&#8217;aeroporto di Berna-Belp, vola verso Hasle, passando per il castello di Trachselwald. Poi prosegui verso Wasen, nella valle dell&#8217;Emmental. Il volo prosegue verso L\u00fcderenalp, Napf, Tr\u00fcb, Marbach e lungo la Schrattenfluh. Atterrerai vicino al ristorante &#8220;Kemmeribodenbad&#8221; nell&#8217;Emmental, dove potrai assaggiare la meringa Kemmeriboden, famosa in tutto il mondo. Dopo questa pausa gastronomica, ripartirai in direzione di Sieben Hengste (1955 m), sopra Sichel, lungo il Niederhorn. Sorvolerai il lago di Thun e poi il fiume Aare prima di riposare a Berna-Belp.<\/p>\n<h3>Swissraft, con i suoi 26 eliporti e campi di volo, tra cui due aeroporti internazionali, ti offre oltre 150 destinazioni.<\/h3>\n<p id=\"textarea\" style=\"display: none;\">Abbiamo anche voli per il Vallese dagli eliporti di Gampel e Collombey, oltre che dall&#8217;aeroporto di Sion. Ma anche dall&#8217;eliporto di Interlaken-Gsteigwiler. Ci sono poi i voli dall&#8217;eliporto di Gstaad-Grund e dall&#8217;aerodromo di Saanen nel Saanenland. Oltre ai voli dagli eliporti di Lauterbrunnen, Lenk-Simmental e Schattenhalb-Meiringen nell&#8217;Oberland Bernese. Offriamo anche voli dall&#8217;aeroporto internazionale di Zurigo-Kloten per splendidi tour in elicottero. Abbiamo anche voli per l&#8217;Argovia da Buttwil e per il cantone di Soletta da Grenchen. Ma anche dall&#8217;eliporto di Pfaffnau, nel cantone di Lucerna. Inoltre, abbiamo voli da Erstfeld nel cantone di Uri. E anche nel Canton Svitto, con partenza dall&#8217;eliporto di K\u00fcssnacht. Decolliamo anche dall&#8217;aerodromo di \u00c9pagny en Gruy\u00e8re, nel cantone di Friburgo. Offriamo anche itinerari in elicottero con partenza dagli aeroporti di Locarno e Lodrino in Ticino. Abbiamo anche voli dagli eliporti di Flims, Tavanasa e Untervaz nei Grigioni. Puoi volare in Engadina anche dall&#8217;aerodromo di Samedan durante tutto l&#8217;anno e dall&#8217;eliporto di St. Moritz in inverno. Decolliamo anche dal Liechtenstein dall&#8217;eliporto di Balzers e dall&#8217;eliporto di Sitterdorf nel Canton Turgovia.\n<\/p>\n<p><a id=\"seeMore\" onclick=\"toggleSeeMore()\" href=\"javascript:void(0);\">Leggi tutto<\/a><\/p>\n","protected":false},"featured_media":87266,"comment_status":"open","ping_status":"closed","template":"","meta":{"inline_featured_image":false,"_mi_skip_tracking":false},"product_cat":[392,460],"product_tag":[],"class_list":["post-93458","product","type-product","status-publish","has-post-thumbnail","hentry","product_cat-volo-in-elicottero","product_cat-volo-elicottero-berna-belp"],"yoast_head":"<!-- This site is optimized with the Yoast SEO plugin v23.6 - https:\/\/yoast.com\/wordpress\/plugins\/seo\/ -->\n<title>Meringhe - Emmental da Berna-Belp in elicottero<\/title>\n<meta name=\"description\" content=\"Meringhe nell&#039;Emmental da Berna-Belp in elicottero per un volo di 45 minuti e un atterraggio intermedio per assaggiare la famosa meringa\" \/>\n<meta name=\"robots\" content=\"index, follow, max-snippet:-1, max-image-preview:large, max-video-preview:-1\" \/>\n<link rel=\"canonical\" href=\"https:\/\/www.swissraft.ch\/it\/prodotto\/volo-elicottero-berna-belp-meringhe-emmental\/\" \/>\n<meta property=\"og:locale\" content=\"it_IT\" \/>\n<meta property=\"og:type\" content=\"article\" \/>\n<meta property=\"og:title\" content=\"Meringhe - Emmental da Berna-Belp in elicottero\" \/>\n<meta property=\"og:description\" content=\"Meringhe nell&#039;Emmental da Berna-Belp in elicottero per un volo di 45 minuti e un atterraggio intermedio per assaggiare la famosa meringa\" \/>\n<meta property=\"og:url\" content=\"https:\/\/www.swissraft.ch\/it\/prodotto\/volo-elicottero-berna-belp-meringhe-emmental\/\" \/>\n<meta property=\"og:site_name\" content=\"Swissraft\" \/>\n<meta property=\"article:modified_time\" content=\"2026-02-04T00:52:27+00:00\" \/>\n<meta property=\"og:image\" content=\"https:\/\/www.swissraft.ch\/wp-content\/uploads\/2022\/11\/11-BERN-BELP-Meringues-im-Emmental-776x776-2.jpg\" \/>\n\t<meta property=\"og:image:width\" content=\"776\" \/>\n\t<meta property=\"og:image:height\" content=\"776\" \/>\n\t<meta property=\"og:image:type\" content=\"image\/jpeg\" \/>\n<meta name=\"twitter:card\" content=\"summary_large_image\" \/>\n<meta name=\"twitter:label1\" content=\"Tempo di lettura stimato\" \/>\n\t<meta name=\"twitter:data1\" content=\"1 minuto\" \/>\n<script type=\"application\/ld+json\" class=\"yoast-schema-graph\">{\"@context\":\"https:\/\/schema.org\",\"@graph\":[{\"@type\":\"WebPage\",\"@id\":\"https:\/\/www.swissraft.ch\/it\/prodotto\/volo-elicottero-berna-belp-meringhe-emmental\/\",\"url\":\"https:\/\/www.swissraft.ch\/it\/prodotto\/volo-elicottero-berna-belp-meringhe-emmental\/\",\"name\":\"Meringhe - Emmental da Berna-Belp in elicottero\",\"isPartOf\":{\"@id\":\"https:\/\/www.swissraft.ch\/it\/#website\"},\"primaryImageOfPage\":{\"@id\":\"https:\/\/www.swissraft.ch\/it\/prodotto\/volo-elicottero-berna-belp-meringhe-emmental\/#primaryimage\"},\"image\":{\"@id\":\"https:\/\/www.swissraft.ch\/it\/prodotto\/volo-elicottero-berna-belp-meringhe-emmental\/#primaryimage\"},\"thumbnailUrl\":\"https:\/\/www.swissraft.ch\/wp-content\/uploads\/2022\/11\/11-BERN-BELP-Meringues-im-Emmental-776x776-2.jpg\",\"datePublished\":\"2022-11-23T09:50:13+00:00\",\"dateModified\":\"2026-02-04T00:52:27+00:00\",\"description\":\"Meringhe nell'Emmental da Berna-Belp in elicottero per un volo di 45 minuti e un atterraggio intermedio per assaggiare la famosa meringa\",\"breadcrumb\":{\"@id\":\"https:\/\/www.swissraft.ch\/it\/prodotto\/volo-elicottero-berna-belp-meringhe-emmental\/#breadcrumb\"},\"inLanguage\":\"it-IT\",\"potentialAction\":[{\"@type\":\"ReadAction\",\"target\":[\"https:\/\/www.swissraft.ch\/it\/prodotto\/volo-elicottero-berna-belp-meringhe-emmental\/\"]}]},{\"@type\":\"ImageObject\",\"inLanguage\":\"it-IT\",\"@id\":\"https:\/\/www.swissraft.ch\/it\/prodotto\/volo-elicottero-berna-belp-meringhe-emmental\/#primaryimage\",\"url\":\"https:\/\/www.swissraft.ch\/wp-content\/uploads\/2022\/11\/11-BERN-BELP-Meringues-im-Emmental-776x776-2.jpg\",\"contentUrl\":\"https:\/\/www.swissraft.ch\/wp-content\/uploads\/2022\/11\/11-BERN-BELP-Meringues-im-Emmental-776x776-2.jpg\",\"width\":776,\"height\":776,\"caption\":\"Volo in elicottero da Berna a Belp per gustare una meringa nell'Emmental\"},{\"@type\":\"BreadcrumbList\",\"@id\":\"https:\/\/www.swissraft.ch\/it\/prodotto\/volo-elicottero-berna-belp-meringhe-emmental\/#breadcrumb\",\"itemListElement\":[{\"@type\":\"ListItem\",\"position\":1,\"name\":\"Accueil\",\"item\":\"https:\/\/www.swissraft.ch\/it\/\"},{\"@type\":\"ListItem\",\"position\":2,\"name\":\"Negozio\",\"item\":\"https:\/\/www.swissraft.ch\/it\/negozio\/\"},{\"@type\":\"ListItem\",\"position\":3,\"name\":\"Volo in elicottero da BERNA-BELP &#8211; MERINGHE &#8211; EMMENTAL &#8211; 45 min. &#8211; A partire da CHF 1&rsquo;810.00\"}]},{\"@type\":\"WebSite\",\"@id\":\"https:\/\/www.swissraft.ch\/it\/#website\",\"url\":\"https:\/\/www.swissraft.ch\/it\/\",\"name\":\"Swissraft\",\"description\":\"To enjoy nature as it is\",\"publisher\":{\"@id\":\"https:\/\/www.swissraft.ch\/it\/#organization\"},\"potentialAction\":[{\"@type\":\"SearchAction\",\"target\":{\"@type\":\"EntryPoint\",\"urlTemplate\":\"https:\/\/www.swissraft.ch\/it\/?s={search_term_string}\"},\"query-input\":{\"@type\":\"PropertyValueSpecification\",\"valueRequired\":true,\"valueName\":\"search_term_string\"}}],\"inLanguage\":\"it-IT\"},{\"@type\":\"Organization\",\"@id\":\"https:\/\/www.swissraft.ch\/it\/#organization\",\"name\":\"Swissraft\",\"url\":\"https:\/\/www.swissraft.ch\/it\/\",\"logo\":{\"@type\":\"ImageObject\",\"inLanguage\":\"it-IT\",\"@id\":\"https:\/\/www.swissraft.ch\/it\/#\/schema\/logo\/image\/\",\"url\":\"https:\/\/www.swissraft.ch\/wp-content\/uploads\/2025\/09\/Capture.jpg\",\"contentUrl\":\"https:\/\/www.swissraft.ch\/wp-content\/uploads\/2025\/09\/Capture.jpg\",\"width\":293,\"height\":108,\"caption\":\"Swissraft\"},\"image\":{\"@id\":\"https:\/\/www.swissraft.ch\/it\/#\/schema\/logo\/image\/\"}}]}<\/script>\n<!-- \/ Yoast SEO plugin. -->","yoast_head_json":{"title":"Meringhe - Emmental da Berna-Belp in elicottero","description":"Meringhe nell'Emmental da Berna-Belp in elicottero per un volo di 45 minuti e un atterraggio intermedio per assaggiare la famosa meringa","robots":{"index":"index","follow":"follow","max-snippet":"max-snippet:-1","max-image-preview":"max-image-preview:large","max-video-preview":"max-video-preview:-1"},"canonical":"https:\/\/www.swissraft.ch\/it\/prodotto\/volo-elicottero-berna-belp-meringhe-emmental\/","og_locale":"it_IT","og_type":"article","og_title":"Meringhe - Emmental da Berna-Belp in elicottero","og_description":"Meringhe nell'Emmental da Berna-Belp in elicottero per un volo di 45 minuti e un atterraggio intermedio per assaggiare la famosa meringa","og_url":"https:\/\/www.swissraft.ch\/it\/prodotto\/volo-elicottero-berna-belp-meringhe-emmental\/","og_site_name":"Swissraft","article_modified_time":"2026-02-04T00:52:27+00:00","og_image":[{"width":776,"height":776,"url":"https:\/\/www.swissraft.ch\/wp-content\/uploads\/2022\/11\/11-BERN-BELP-Meringues-im-Emmental-776x776-2.jpg","type":"image\/jpeg"}],"twitter_card":"summary_large_image","twitter_misc":{"Tempo di lettura stimato":"1 minuto"},"schema":{"@context":"https:\/\/schema.org","@graph":[{"@type":"WebPage","@id":"https:\/\/www.swissraft.ch\/it\/prodotto\/volo-elicottero-berna-belp-meringhe-emmental\/","url":"https:\/\/www.swissraft.ch\/it\/prodotto\/volo-elicottero-berna-belp-meringhe-emmental\/","name":"Meringhe - Emmental da Berna-Belp in elicottero","isPartOf":{"@id":"https:\/\/www.swissraft.ch\/it\/#website"},"primaryImageOfPage":{"@id":"https:\/\/www.swissraft.ch\/it\/prodotto\/volo-elicottero-berna-belp-meringhe-emmental\/#primaryimage"},"image":{"@id":"https:\/\/www.swissraft.ch\/it\/prodotto\/volo-elicottero-berna-belp-meringhe-emmental\/#primaryimage"},"thumbnailUrl":"https:\/\/www.swissraft.ch\/wp-content\/uploads\/2022\/11\/11-BERN-BELP-Meringues-im-Emmental-776x776-2.jpg","datePublished":"2022-11-23T09:50:13+00:00","dateModified":"2026-02-04T00:52:27+00:00","description":"Meringhe nell'Emmental da Berna-Belp in elicottero per un volo di 45 minuti e un atterraggio intermedio per assaggiare la famosa meringa","breadcrumb":{"@id":"https:\/\/www.swissraft.ch\/it\/prodotto\/volo-elicottero-berna-belp-meringhe-emmental\/#breadcrumb"},"inLanguage":"it-IT","potentialAction":[{"@type":"ReadAction","target":["https:\/\/www.swissraft.ch\/it\/prodotto\/volo-elicottero-berna-belp-meringhe-emmental\/"]}]},{"@type":"ImageObject","inLanguage":"it-IT","@id":"https:\/\/www.swissraft.ch\/it\/prodotto\/volo-elicottero-berna-belp-meringhe-emmental\/#primaryimage","url":"https:\/\/www.swissraft.ch\/wp-content\/uploads\/2022\/11\/11-BERN-BELP-Meringues-im-Emmental-776x776-2.jpg","contentUrl":"https:\/\/www.swissraft.ch\/wp-content\/uploads\/2022\/11\/11-BERN-BELP-Meringues-im-Emmental-776x776-2.jpg","width":776,"height":776,"caption":"Volo in elicottero da Berna a Belp per gustare una meringa nell'Emmental"},{"@type":"BreadcrumbList","@id":"https:\/\/www.swissraft.ch\/it\/prodotto\/volo-elicottero-berna-belp-meringhe-emmental\/#breadcrumb","itemListElement":[{"@type":"ListItem","position":1,"name":"Accueil","item":"https:\/\/www.swissraft.ch\/it\/"},{"@type":"ListItem","position":2,"name":"Negozio","item":"https:\/\/www.swissraft.ch\/it\/negozio\/"},{"@type":"ListItem","position":3,"name":"Volo in elicottero da BERNA-BELP &#8211; MERINGHE &#8211; EMMENTAL &#8211; 45 min. &#8211; A partire da CHF 1&rsquo;810.00"}]},{"@type":"WebSite","@id":"https:\/\/www.swissraft.ch\/it\/#website","url":"https:\/\/www.swissraft.ch\/it\/","name":"Swissraft","description":"To enjoy nature as it is","publisher":{"@id":"https:\/\/www.swissraft.ch\/it\/#organization"},"potentialAction":[{"@type":"SearchAction","target":{"@type":"EntryPoint","urlTemplate":"https:\/\/www.swissraft.ch\/it\/?s={search_term_string}"},"query-input":{"@type":"PropertyValueSpecification","valueRequired":true,"valueName":"search_term_string"}}],"inLanguage":"it-IT"},{"@type":"Organization","@id":"https:\/\/www.swissraft.ch\/it\/#organization","name":"Swissraft","url":"https:\/\/www.swissraft.ch\/it\/","logo":{"@type":"ImageObject","inLanguage":"it-IT","@id":"https:\/\/www.swissraft.ch\/it\/#\/schema\/logo\/image\/","url":"https:\/\/www.swissraft.ch\/wp-content\/uploads\/2025\/09\/Capture.jpg","contentUrl":"https:\/\/www.swissraft.ch\/wp-content\/uploads\/2025\/09\/Capture.jpg","width":293,"height":108,"caption":"Swissraft"},"image":{"@id":"https:\/\/www.swissraft.ch\/it\/#\/schema\/logo\/image\/"}}]}},"_links":{"self":[{"href":"https:\/\/www.swissraft.ch\/it\/wp-json\/wp\/v2\/product\/93458","targetHints":{"allow":["GET"]}}],"collection":[{"href":"https:\/\/www.swissraft.ch\/it\/wp-json\/wp\/v2\/product"}],"about":[{"href":"https:\/\/www.swissraft.ch\/it\/wp-json\/wp\/v2\/types\/product"}],"replies":[{"embeddable":true,"href":"https:\/\/www.swissraft.ch\/it\/wp-json\/wp\/v2\/comments?post=93458"}],"version-history":[{"count":19,"href":"https:\/\/www.swissraft.ch\/it\/wp-json\/wp\/v2\/product\/93458\/revisions"}],"predecessor-version":[{"id":128830,"href":"https:\/\/www.swissraft.ch\/it\/wp-json\/wp\/v2\/product\/93458\/revisions\/128830"}],"wp:featuredmedia":[{"embeddable":true,"href":"https:\/\/www.swissraft.ch\/it\/wp-json\/wp\/v2\/media\/87266"}],"wp:attachment":[{"href":"https:\/\/www.swissraft.ch\/it\/wp-json\/wp\/v2\/media?parent=93458"}],"wp:term":[{"taxonomy":"product_cat","embeddable":true,"href":"https:\/\/www.swissraft.ch\/it\/wp-json\/wp\/v2\/product_cat?post=93458"},{"taxonomy":"product_tag","embeddable":true,"href":"https:\/\/www.swissraft.ch\/it\/wp-json\/wp\/v2\/product_tag?post=93458"}],"curies":[{"name":"wp","href":"https:\/\/api.w.org\/{rel}","templated":true}]}}