{"id":93455,"date":"2022-11-23T18:27:04","date_gmt":"2022-11-23T17:27:04","guid":{"rendered":"https:\/\/swissraft.xyanzkdne.eu\/product\/volo-in-elicottero-da-bern-belp-aperitif-o-fondazione-di-lusso-50-min-a-partire-da-chf-1930-00\/"},"modified":"2026-02-03T17:05:09","modified_gmt":"2026-02-03T16:05:09","slug":"volo-elicottero-berna-belp-fondata-ghiacciaio","status":"publish","type":"product","link":"https:\/\/www.swissraft.ch\/it\/prodotto\/volo-elicottero-berna-belp-fondata-ghiacciaio\/","title":{"rendered":"Volo in elicottero da BERNA-BELP &#8211; FONDUTA SU UN GHIACCIAIO &#8211; 60 min. &#8211; Da CHF 2&#8217;490.00"},"content":{"rendered":"\t\t<div data-elementor-type=\"wp-post\" data-elementor-id=\"93455\" class=\"elementor elementor-93455 elementor-29176\">\n\t\t\t\t\t\t\t\t\t<section class=\"elementor-section elementor-top-section elementor-element elementor-element-3303a7e3 elementor-section-boxed elementor-section-height-default elementor-section-height-default\" data-id=\"3303a7e3\" data-element_type=\"section\">\n\t\t\t\t\t\t<div class=\"elementor-container elementor-column-gap-default\">\n\t\t\t\t\t<div class=\"elementor-column elementor-col-100 elementor-top-column elementor-element elementor-element-16d72dbf\" data-id=\"16d72dbf\" data-element_type=\"column\">\n\t\t\t<div class=\"elementor-widget-wrap elementor-element-populated\">\n\t\t\t\t\t\t\t\t<div class=\"elementor-element elementor-element-d743c03 elementor-widget elementor-widget-text-editor\" data-id=\"d743c03\" data-element_type=\"widget\" data-widget_type=\"text-editor.default\">\n\t\t\t\t<div class=\"elementor-widget-container\">\n\t\t\t\t\t\t\t<h2>ATTERESCEGLI LA TUA ATTIVIT\u00c0 QUI SOTTO PER OFFRIRE BUONI REGALO \/ BIGLIETTI O EFFETTUARE UNA PRENOTAZIONE<\/h2><table style=\"height: 290px;\" border=\"0\" width=\"580\" cellspacing=\"10\" cellpadding=\"10\"><tbody><tr><td width=\"50%\"><strong>FONDUTA SU UN GHIACCIAIO &#8211; VOLO PRIVATO (1-5 pers.) &#8211; 60 min.<\/strong><\/td><td><strong>A partire da CHF 2&#8217;490.00 per volo privato<\/strong><\/td><\/tr><tr><td>Informazioni pratiche<\/td><td>&#8211; L&#8217;elicottero \u00e8 a vostra esclusiva disposizione<br \/>&#8211; Siete voi a decidere la data e l&#8217;ora di partenza<br \/>&#8211; Maximum 5 pers.<br \/><em><strong>&#8211; Fonduta inclusa<\/strong><\/em><\/td><\/tr><tr><td>Aeroporto<\/td><td><a href=\"https:\/\/www.google.ch\/maps\/place\/Flugplatzstrasse+9,+3123+Belp\/@46.9110741,7.5014815,384m\/data=!3m1!1e3!4m6!3m5!1s0x478e364abf3cd12d:0x66533198ed658320!8m2!3d46.9109935!4d7.5040993!16s%2Fg%2F11c2cjv1zm?hl=fr&amp;entry=ttu\" target=\"_blank\" rel=\"noopener\">Berna-Belp<\/a><\/td><\/tr><tr><td>Tempo di volo<\/td><td>60 min.<\/td><\/tr><tr><td>Durata totale<\/td><td>circa 2h30<\/td><\/tr><tr><td>Appuntamento<\/td><td>Per telefono<\/td><\/tr><tr><td><button class=\"elementor-button\" type=\"button\"><a href=\"https:\/\/swissraft.outdoorbooking.ch:443\/fo\/products\/967?base_id=115&amp;category_id=6&amp;order_type=gift_voucher&amp;lang=it\" target=\"_blank\" rel=\"noopener\">ACQUISTO BUONO REGALO \/ BIGLIETTO<\/a><\/button><\/td><td><strong>CHF 2&#8217;490.00 &#8211; Volo privato (1-4 pers.)<\/strong><\/td><\/tr><tr><td><button class=\"elementor-button\" type=\"button\"> <a href=\"https:\/\/swissraft.outdoorbooking.ch:443\/fo\/products\/968?base_id=116&amp;category_id=6&amp;order_type=gift_voucher&amp;lang=it\" target=\"_blank\" rel=\"noopener\">ACQUISTO BUONO REGALO \/ BIGLIETTO<\/a> <\/button><\/td><td><strong>CHF 3&#8217;190.00 &#8211; Volo privato (5 pers.)<\/strong><\/td><\/tr><tr><td>\u00a0<\/td><td><strong><em>IMPORTANTE !<\/em><\/strong><br \/><em>Per prenotare, chiamate il numero che si trova in alto a sinistra sul buono regalo\/biglietto.<\/em><\/td><\/tr><\/tbody><\/table>\t\t\t\t\t\t<\/div>\n\t\t\t\t<\/div>\n\t\t\t\t\t<\/div>\n\t\t<\/div>\n\t\t\t\t\t\t\t<\/div>\n\t\t<\/section>\n\t\t\t\t\t\t\t<\/div>\n\t\t","protected":false},"excerpt":{"rendered":"<div align=\"justify\">\n<h2 align=\"justify\">Da Berna-Belp per un volo di 60 minuti con atterraggio intermedio sul ghiacciaio del Petersgrat<\/h2>\n<h3>Magnifico volo sulle Alpi Bernesi con aperitivo di lusso o fonduta servita sul ghiacciaio.<\/h3>\n<\/div>\n<div align=\"justify\">\n<p>Partendo dall&#8217;aeroporto di Berna-Belp, sorvolerai a turno le regioni di Gantrisch, Kandersteg e il lago di Oeschinen. Poi Gamchil\u00fccke prima di atterrare sul ghiacciaio Petersgrat. Durante la nostra sosta sui ghiacci eterni, ti serviremo un aperitivo di lusso. A meno che tu non preferisca una fonduta con Prosecco, vino bianco e bibite. Durante il volo di ritorno, passerai davanti al Silberhorn, alla Jungfrau, al M\u00f6nch e all&#8217;Eiger. Poi farai un tuffo nel lago di Thun prima di tornare all&#8217;aeroporto di Berna-Belp.<\/p>\n<h3>Il nostro sito web Swissraft elenca 26 eliporti e campi d&#8217;aviazione da cui puoi scegliere tra oltre 150 tour in elicottero.<\/h3>\n<p id=\"textarea\" style=\"display: none;\">\nOffriamo anche tour in elicottero dagli eliporti di Gampel e Collombey e dall&#8217;aeroporto di Sion in Vallese. Inoltre, decolleremo dall&#8217;eliporto di Interlaken-Gsteigwiler nell&#8217;Oberland Bernese. Ma abbiamo anche voli dall&#8217;eliporto di Gstaad-Grund e dall&#8217;aerodromo di Saanen nel Saanenland. E dagli eliporti di Lauterbrunnen, Lenk-Simmental e Schattenhalb-Meiringen. Allo stesso tempo, decolliamo dall&#8217;aeroporto internazionale di Zurigo-Kloten. Abbiamo anche rotte in elicottero da Buttwil, nel cantone di Argovia. Decolliamo anche dall&#8217;aerodromo di Grenchen, nel cantone di Soletta. Da un lato, offriamo tour in elicottero dall&#8217;eliporto di Pfaffnau, nel cantone di Lucerna. E tour del cantone di Uri dall&#8217;eliporto di Erstfeld. Decolliamo anche dall&#8217;eliporto di K\u00fcssnacht nel Canton Svitto. Poi ci sono i voli in Gruy\u00e8re, con partenza dall&#8217;aerodromo di \u00c9pagny nel cantone di Friburgo. Offriamo anche voli in elicottero dagli aeroporti di Locarno e Lodrino nel Canton Ticino. Operiamo anche voli dagli eliporti di Flims, Tavanasa e Untervaz nei Grigioni. Ci sono anche voli dall&#8217;aerodromo di Samedan durante tutto l&#8217;anno e dall&#8217;eliporto di St. Moritz in inverno. Decolliamo anche dall&#8217;eliporto di Balzers in Liechtenstein e nella Svizzera orientale dall&#8217;eliporto di Sitterdorf.\n<\/p>\n<p><a id=\"seeMore\" onclick=\"toggleSeeMore()\" href=\"javascript:void(0);\">Leggi tutto<\/a><\/p>\n","protected":false},"featured_media":87344,"comment_status":"open","ping_status":"closed","template":"","meta":{"inline_featured_image":false,"_mi_skip_tracking":false},"product_cat":[392,460],"product_tag":[],"class_list":["post-93455","product","type-product","status-publish","has-post-thumbnail","hentry","product_cat-volo-in-elicottero","product_cat-volo-elicottero-berna-belp"],"yoast_head":"<!-- This site is optimized with the Yoast SEO plugin v23.6 - https:\/\/yoast.com\/wordpress\/plugins\/seo\/ -->\n<title>Fonduta su un ghiacciaio in elicottero da Belp. Volo di 60 min.<\/title>\n<meta name=\"description\" content=\"Da Berna-Belp fonduta in elicottero. Con questo volo di 60 minuti atterrerete su un ghiacciaio per una deliziosa fonduta\" \/>\n<meta name=\"robots\" content=\"index, follow, max-snippet:-1, max-image-preview:large, max-video-preview:-1\" \/>\n<link rel=\"canonical\" href=\"https:\/\/www.swissraft.ch\/it\/prodotto\/volo-elicottero-berna-belp-fondata-ghiacciaio\/\" \/>\n<meta property=\"og:locale\" content=\"it_IT\" \/>\n<meta property=\"og:type\" content=\"article\" \/>\n<meta property=\"og:title\" content=\"Fonduta su un ghiacciaio in elicottero da Belp. Volo di 60 min.\" \/>\n<meta property=\"og:description\" content=\"Da Berna-Belp fonduta in elicottero. Con questo volo di 60 minuti atterrerete su un ghiacciaio per una deliziosa fonduta\" \/>\n<meta property=\"og:url\" content=\"https:\/\/www.swissraft.ch\/it\/prodotto\/volo-elicottero-berna-belp-fondata-ghiacciaio\/\" \/>\n<meta property=\"og:site_name\" content=\"Swissraft\" \/>\n<meta property=\"article:modified_time\" content=\"2026-02-03T16:05:09+00:00\" \/>\n<meta property=\"og:image\" content=\"https:\/\/www.swissraft.ch\/wp-content\/uploads\/2022\/11\/14-BERN-BELP-Apero-oder-Fondue-776x776-2.jpg\" \/>\n\t<meta property=\"og:image:width\" content=\"776\" \/>\n\t<meta property=\"og:image:height\" content=\"776\" \/>\n\t<meta property=\"og:image:type\" content=\"image\/jpeg\" \/>\n<meta name=\"twitter:card\" content=\"summary_large_image\" \/>\n<meta name=\"twitter:label1\" content=\"Tempo di lettura stimato\" \/>\n\t<meta name=\"twitter:data1\" content=\"1 minuto\" \/>\n<script type=\"application\/ld+json\" class=\"yoast-schema-graph\">{\"@context\":\"https:\/\/schema.org\",\"@graph\":[{\"@type\":\"WebPage\",\"@id\":\"https:\/\/www.swissraft.ch\/it\/prodotto\/volo-elicottero-berna-belp-fondata-ghiacciaio\/\",\"url\":\"https:\/\/www.swissraft.ch\/it\/prodotto\/volo-elicottero-berna-belp-fondata-ghiacciaio\/\",\"name\":\"Fonduta su un ghiacciaio in elicottero da Belp. Volo di 60 min.\",\"isPartOf\":{\"@id\":\"https:\/\/www.swissraft.ch\/it\/#website\"},\"primaryImageOfPage\":{\"@id\":\"https:\/\/www.swissraft.ch\/it\/prodotto\/volo-elicottero-berna-belp-fondata-ghiacciaio\/#primaryimage\"},\"image\":{\"@id\":\"https:\/\/www.swissraft.ch\/it\/prodotto\/volo-elicottero-berna-belp-fondata-ghiacciaio\/#primaryimage\"},\"thumbnailUrl\":\"https:\/\/www.swissraft.ch\/wp-content\/uploads\/2022\/11\/14-BERN-BELP-Apero-oder-Fondue-776x776-2.jpg\",\"datePublished\":\"2022-11-23T17:27:04+00:00\",\"dateModified\":\"2026-02-03T16:05:09+00:00\",\"description\":\"Da Berna-Belp fonduta in elicottero. Con questo volo di 60 minuti atterrerete su un ghiacciaio per una deliziosa fonduta\",\"breadcrumb\":{\"@id\":\"https:\/\/www.swissraft.ch\/it\/prodotto\/volo-elicottero-berna-belp-fondata-ghiacciaio\/#breadcrumb\"},\"inLanguage\":\"it-IT\",\"potentialAction\":[{\"@type\":\"ReadAction\",\"target\":[\"https:\/\/www.swissraft.ch\/it\/prodotto\/volo-elicottero-berna-belp-fondata-ghiacciaio\/\"]}]},{\"@type\":\"ImageObject\",\"inLanguage\":\"it-IT\",\"@id\":\"https:\/\/www.swissraft.ch\/it\/prodotto\/volo-elicottero-berna-belp-fondata-ghiacciaio\/#primaryimage\",\"url\":\"https:\/\/www.swissraft.ch\/wp-content\/uploads\/2022\/11\/14-BERN-BELP-Apero-oder-Fondue-776x776-2.jpg\",\"contentUrl\":\"https:\/\/www.swissraft.ch\/wp-content\/uploads\/2022\/11\/14-BERN-BELP-Apero-oder-Fondue-776x776-2.jpg\",\"width\":776,\"height\":776,\"caption\":\"Fonduta su un ghiacciaio, il Petersgrat, con partenza da Berna-Belp in elicottero.\"},{\"@type\":\"BreadcrumbList\",\"@id\":\"https:\/\/www.swissraft.ch\/it\/prodotto\/volo-elicottero-berna-belp-fondata-ghiacciaio\/#breadcrumb\",\"itemListElement\":[{\"@type\":\"ListItem\",\"position\":1,\"name\":\"Accueil\",\"item\":\"https:\/\/www.swissraft.ch\/it\/\"},{\"@type\":\"ListItem\",\"position\":2,\"name\":\"Negozio\",\"item\":\"https:\/\/www.swissraft.ch\/it\/negozio\/\"},{\"@type\":\"ListItem\",\"position\":3,\"name\":\"Volo in elicottero da BERNA-BELP &#8211; FONDUTA SU UN GHIACCIAIO &#8211; 60 min. &#8211; Da CHF 2&rsquo;490.00\"}]},{\"@type\":\"WebSite\",\"@id\":\"https:\/\/www.swissraft.ch\/it\/#website\",\"url\":\"https:\/\/www.swissraft.ch\/it\/\",\"name\":\"Swissraft\",\"description\":\"To enjoy nature as it is\",\"publisher\":{\"@id\":\"https:\/\/www.swissraft.ch\/it\/#organization\"},\"potentialAction\":[{\"@type\":\"SearchAction\",\"target\":{\"@type\":\"EntryPoint\",\"urlTemplate\":\"https:\/\/www.swissraft.ch\/it\/?s={search_term_string}\"},\"query-input\":{\"@type\":\"PropertyValueSpecification\",\"valueRequired\":true,\"valueName\":\"search_term_string\"}}],\"inLanguage\":\"it-IT\"},{\"@type\":\"Organization\",\"@id\":\"https:\/\/www.swissraft.ch\/it\/#organization\",\"name\":\"Swissraft\",\"url\":\"https:\/\/www.swissraft.ch\/it\/\",\"logo\":{\"@type\":\"ImageObject\",\"inLanguage\":\"it-IT\",\"@id\":\"https:\/\/www.swissraft.ch\/it\/#\/schema\/logo\/image\/\",\"url\":\"https:\/\/www.swissraft.ch\/wp-content\/uploads\/2025\/09\/Capture.jpg\",\"contentUrl\":\"https:\/\/www.swissraft.ch\/wp-content\/uploads\/2025\/09\/Capture.jpg\",\"width\":293,\"height\":108,\"caption\":\"Swissraft\"},\"image\":{\"@id\":\"https:\/\/www.swissraft.ch\/it\/#\/schema\/logo\/image\/\"}}]}<\/script>\n<!-- \/ Yoast SEO plugin. -->","yoast_head_json":{"title":"Fonduta su un ghiacciaio in elicottero da Belp. Volo di 60 min.","description":"Da Berna-Belp fonduta in elicottero. Con questo volo di 60 minuti atterrerete su un ghiacciaio per una deliziosa fonduta","robots":{"index":"index","follow":"follow","max-snippet":"max-snippet:-1","max-image-preview":"max-image-preview:large","max-video-preview":"max-video-preview:-1"},"canonical":"https:\/\/www.swissraft.ch\/it\/prodotto\/volo-elicottero-berna-belp-fondata-ghiacciaio\/","og_locale":"it_IT","og_type":"article","og_title":"Fonduta su un ghiacciaio in elicottero da Belp. Volo di 60 min.","og_description":"Da Berna-Belp fonduta in elicottero. Con questo volo di 60 minuti atterrerete su un ghiacciaio per una deliziosa fonduta","og_url":"https:\/\/www.swissraft.ch\/it\/prodotto\/volo-elicottero-berna-belp-fondata-ghiacciaio\/","og_site_name":"Swissraft","article_modified_time":"2026-02-03T16:05:09+00:00","og_image":[{"width":776,"height":776,"url":"https:\/\/www.swissraft.ch\/wp-content\/uploads\/2022\/11\/14-BERN-BELP-Apero-oder-Fondue-776x776-2.jpg","type":"image\/jpeg"}],"twitter_card":"summary_large_image","twitter_misc":{"Tempo di lettura stimato":"1 minuto"},"schema":{"@context":"https:\/\/schema.org","@graph":[{"@type":"WebPage","@id":"https:\/\/www.swissraft.ch\/it\/prodotto\/volo-elicottero-berna-belp-fondata-ghiacciaio\/","url":"https:\/\/www.swissraft.ch\/it\/prodotto\/volo-elicottero-berna-belp-fondata-ghiacciaio\/","name":"Fonduta su un ghiacciaio in elicottero da Belp. Volo di 60 min.","isPartOf":{"@id":"https:\/\/www.swissraft.ch\/it\/#website"},"primaryImageOfPage":{"@id":"https:\/\/www.swissraft.ch\/it\/prodotto\/volo-elicottero-berna-belp-fondata-ghiacciaio\/#primaryimage"},"image":{"@id":"https:\/\/www.swissraft.ch\/it\/prodotto\/volo-elicottero-berna-belp-fondata-ghiacciaio\/#primaryimage"},"thumbnailUrl":"https:\/\/www.swissraft.ch\/wp-content\/uploads\/2022\/11\/14-BERN-BELP-Apero-oder-Fondue-776x776-2.jpg","datePublished":"2022-11-23T17:27:04+00:00","dateModified":"2026-02-03T16:05:09+00:00","description":"Da Berna-Belp fonduta in elicottero. Con questo volo di 60 minuti atterrerete su un ghiacciaio per una deliziosa fonduta","breadcrumb":{"@id":"https:\/\/www.swissraft.ch\/it\/prodotto\/volo-elicottero-berna-belp-fondata-ghiacciaio\/#breadcrumb"},"inLanguage":"it-IT","potentialAction":[{"@type":"ReadAction","target":["https:\/\/www.swissraft.ch\/it\/prodotto\/volo-elicottero-berna-belp-fondata-ghiacciaio\/"]}]},{"@type":"ImageObject","inLanguage":"it-IT","@id":"https:\/\/www.swissraft.ch\/it\/prodotto\/volo-elicottero-berna-belp-fondata-ghiacciaio\/#primaryimage","url":"https:\/\/www.swissraft.ch\/wp-content\/uploads\/2022\/11\/14-BERN-BELP-Apero-oder-Fondue-776x776-2.jpg","contentUrl":"https:\/\/www.swissraft.ch\/wp-content\/uploads\/2022\/11\/14-BERN-BELP-Apero-oder-Fondue-776x776-2.jpg","width":776,"height":776,"caption":"Fonduta su un ghiacciaio, il Petersgrat, con partenza da Berna-Belp in elicottero."},{"@type":"BreadcrumbList","@id":"https:\/\/www.swissraft.ch\/it\/prodotto\/volo-elicottero-berna-belp-fondata-ghiacciaio\/#breadcrumb","itemListElement":[{"@type":"ListItem","position":1,"name":"Accueil","item":"https:\/\/www.swissraft.ch\/it\/"},{"@type":"ListItem","position":2,"name":"Negozio","item":"https:\/\/www.swissraft.ch\/it\/negozio\/"},{"@type":"ListItem","position":3,"name":"Volo in elicottero da BERNA-BELP &#8211; FONDUTA SU UN GHIACCIAIO &#8211; 60 min. &#8211; Da CHF 2&rsquo;490.00"}]},{"@type":"WebSite","@id":"https:\/\/www.swissraft.ch\/it\/#website","url":"https:\/\/www.swissraft.ch\/it\/","name":"Swissraft","description":"To enjoy nature as it is","publisher":{"@id":"https:\/\/www.swissraft.ch\/it\/#organization"},"potentialAction":[{"@type":"SearchAction","target":{"@type":"EntryPoint","urlTemplate":"https:\/\/www.swissraft.ch\/it\/?s={search_term_string}"},"query-input":{"@type":"PropertyValueSpecification","valueRequired":true,"valueName":"search_term_string"}}],"inLanguage":"it-IT"},{"@type":"Organization","@id":"https:\/\/www.swissraft.ch\/it\/#organization","name":"Swissraft","url":"https:\/\/www.swissraft.ch\/it\/","logo":{"@type":"ImageObject","inLanguage":"it-IT","@id":"https:\/\/www.swissraft.ch\/it\/#\/schema\/logo\/image\/","url":"https:\/\/www.swissraft.ch\/wp-content\/uploads\/2025\/09\/Capture.jpg","contentUrl":"https:\/\/www.swissraft.ch\/wp-content\/uploads\/2025\/09\/Capture.jpg","width":293,"height":108,"caption":"Swissraft"},"image":{"@id":"https:\/\/www.swissraft.ch\/it\/#\/schema\/logo\/image\/"}}]}},"_links":{"self":[{"href":"https:\/\/www.swissraft.ch\/it\/wp-json\/wp\/v2\/product\/93455","targetHints":{"allow":["GET"]}}],"collection":[{"href":"https:\/\/www.swissraft.ch\/it\/wp-json\/wp\/v2\/product"}],"about":[{"href":"https:\/\/www.swissraft.ch\/it\/wp-json\/wp\/v2\/types\/product"}],"replies":[{"embeddable":true,"href":"https:\/\/www.swissraft.ch\/it\/wp-json\/wp\/v2\/comments?post=93455"}],"version-history":[{"count":36,"href":"https:\/\/www.swissraft.ch\/it\/wp-json\/wp\/v2\/product\/93455\/revisions"}],"predecessor-version":[{"id":128667,"href":"https:\/\/www.swissraft.ch\/it\/wp-json\/wp\/v2\/product\/93455\/revisions\/128667"}],"wp:featuredmedia":[{"embeddable":true,"href":"https:\/\/www.swissraft.ch\/it\/wp-json\/wp\/v2\/media\/87344"}],"wp:attachment":[{"href":"https:\/\/www.swissraft.ch\/it\/wp-json\/wp\/v2\/media?parent=93455"}],"wp:term":[{"taxonomy":"product_cat","embeddable":true,"href":"https:\/\/www.swissraft.ch\/it\/wp-json\/wp\/v2\/product_cat?post=93455"},{"taxonomy":"product_tag","embeddable":true,"href":"https:\/\/www.swissraft.ch\/it\/wp-json\/wp\/v2\/product_tag?post=93455"}],"curies":[{"name":"wp","href":"https:\/\/api.w.org\/{rel}","templated":true}]}}