{"id":93446,"date":"2022-12-11T10:54:19","date_gmt":"2022-12-11T09:54:19","guid":{"rendered":"https:\/\/swissraft.xyanzkdne.eu\/product\/volo-in-elicottero-da-epagny-chateaux-et-lac-de-la-gruyere-15-min-chf-51500\/"},"modified":"2026-02-05T03:51:45","modified_gmt":"2026-02-05T02:51:45","slug":"volo-elicottero-epagny-castelli-lago-gruyere","status":"publish","type":"product","link":"https:\/\/www.swissraft.ch\/it\/prodotto\/volo-elicottero-epagny-castelli-lago-gruyere\/","title":{"rendered":"Volo in elicottero da \u00c9PAGNY &#8211; CASTELLI E LAGO DI GRUY\u00c8RE &#8211; 15 min. &#8211; CHF 545.00"},"content":{"rendered":"\t\t<div data-elementor-type=\"wp-post\" data-elementor-id=\"93446\" class=\"elementor elementor-93446 elementor-29560\">\n\t\t\t\t\t\t\t\t\t<section class=\"elementor-section elementor-top-section elementor-element elementor-element-3303a7e3 elementor-section-boxed elementor-section-height-default elementor-section-height-default\" data-id=\"3303a7e3\" data-element_type=\"section\">\n\t\t\t\t\t\t<div class=\"elementor-container elementor-column-gap-default\">\n\t\t\t\t\t<div class=\"elementor-column elementor-col-100 elementor-top-column elementor-element elementor-element-16d72dbf\" data-id=\"16d72dbf\" data-element_type=\"column\">\n\t\t\t<div class=\"elementor-widget-wrap elementor-element-populated\">\n\t\t\t\t\t\t\t\t<div class=\"elementor-element elementor-element-d743c03 elementor-widget elementor-widget-text-editor\" data-id=\"d743c03\" data-element_type=\"widget\" data-widget_type=\"text-editor.default\">\n\t\t\t\t<div class=\"elementor-widget-container\">\n\t\t\t\t\t\t\t<h2>SCEGLI LA TUA ATTIVIT\u00c0 QUI SOTTO PER OFFRIRE BUONI REGALO\/BIGLIETTI O EFFETTUARE UNA PRENOTAZIONE<\/h2><table style=\"height: 290px;\" border=\"0\" width=\"580\" cellspacing=\"10\" cellpadding=\"10\"><tbody><tr><td width=\"50%\"><strong>CASTELLI E LAGO DI GRUY\u00c8RE &#8211; VOLO PRIVATO (1-4 pers) &#8211; 15 min.<\/strong><\/td><td><strong><span style=\"background-color: #ffffff;\">CHF 545.00 per volo privato<\/span><\/strong><span style=\"font-weight: bold; background-color: #ffffff;\"><br \/><\/span><\/td><\/tr><tr><td>Informazioni aggiuntive<\/td><td>&#8211; Utilizzi l&#8217;elicottero esclusivamente per te<br \/>&#8211; Scegli la data e l&#8217;ora di partenza<br \/>&#8211; Massimo 4 pers.<\/td><\/tr><tr><td>Aerodromo<\/td><td><a href=\"https:\/\/www.google.com\/maps\/place\/A%C3%A9rodrome+de+la+Gruy%C3%A8re\/@46.5952055,7.0843047,1551m\/data=!3m1!1e3!4m6!3m5!1s0x478e89f722c3d039:0xd4423e0e6ea8594d!8m2!3d46.5948613!4d7.0933586!16s%2Fg%2F120t9782?entry=ttu\" target=\"_blank\" rel=\"noopener\">\u00c9pagny<\/a><\/td><\/tr><tr><td>Tempo di volo<\/td><td>15 min.<\/td><\/tr><tr><td>Durata totale<\/td><td>circa 45 min.<\/td><\/tr><tr><td>Appuntamento<\/td><td>Per telefono<\/td><\/tr><tr><td><button class=\"elementor-button\" type=\"button\"><a href=\"https:\/\/swissraft.outdoorbooking.ch\/fo\/products\/1837?base_id=125&amp;category_id=6&amp;order_type=gift_voucher&amp;lang=it\" target=\"_blank\" rel=\"noopener\">ACQUISTO BUONO REGALO \/ BIGLIETTO<\/a><\/button><\/td><td><strong><em>IMPORTANTE !<\/em><\/strong><br \/><em>Per prenotare, chiamate il numero che si trova in alto a sinistra sul buono regalo\/biglietto.<\/em><\/td><\/tr><\/tbody><\/table>\t\t\t\t\t\t<\/div>\n\t\t\t\t<\/div>\n\t\t\t\t\t<\/div>\n\t\t<\/div>\n\t\t\t\t\t\t\t<\/div>\n\t\t<\/section>\n\t\t\t\t\t\t\t<\/div>\n\t\t","protected":false},"excerpt":{"rendered":"<div align=\"justify\">\n<h2 align=\"justify\">Volo in elicottero da \u00c9pagny sulla regione della Gruy\u00e8re e i suoi castelli<\/h2>\n<h3>Parti da \u00c9pagny per un volo in elicottero di 15 minuti con un magnifico panorama del Lac de la Gruy\u00e8re e del suo famoso castello.<\/h3>\n<\/div>\n<div align=\"justify\">\n<p>Partendo da \u00c9pagny en Gruy\u00e8re, volerai verso Bulle, Corbi\u00e8res, Botterens, Broc e la sua famosa fabbrica di cioccolato. Sorvolerai poi le rovine dell&#8217;isola di Ogoz, prima di sorvolare il famoso castello di Gruy\u00e8re. Il volo termina con un atterraggio di 15 minuti all&#8217;aeroporto di \u00c9pagny.<\/p>\n<h3>Da \u00c9pagny offriamo dieci voli nella regione e pi\u00f9 di 150 voli panoramici in Svizzera da 23 eliporti e campi di volo.<\/h3>\n<p id=\"textarea\" style=\"display: none;\">Decolliamo anche in Vallese dall&#8217;aeroporto di Sion, dall&#8217;eliporto di Gampel e da Collombey. Ma anche nell&#8217;Oberland Bernese da Interlaken-Gsteigwiler. E dall&#8217;eliporto di Gstaad-Grund, con partenza dall&#8217;aerodromo di Saanen nel Saanenland. Partiamo anche nel cantone di Soletta da Grenchen e da Berna-Belp. Decolliamo anche dagli eliporti di Lauterbrunnen, Lenk-Simmental e Schattenhalb-Meiringen. Abbiamo anche voli dall&#8217;aeroporto internazionale di Zurigo-Kloten. Abbiamo anche voli da Pfaffnau, nel cantone di Lucerna. Da un lato, decolliamo da Erstfeld nel cantone di Uri e dall&#8217;eliporto di K\u00fcssnacht nel cantone di Svitto. Decolliamo anche dall&#8217;aerodromo di Buttwil, nel cantone di Argovia. E nel Canton Ticino, a Locarno-Magadino e Lodrino. Operiamo anche voli dagli eliporti di Flims, Tavanasa e Untervaz. Infatti, decolliamo dall \u201caerodromo di Samedan in Engadina tutto l\u201d anno. Inoltre, decolliamo anche da Balzers nel Liechtenstein e da Sitterdorf nel Canton Turgovia.\n<\/p>\n<p><a id=\"seeMore\" onclick=\"toggleSeeMore()\" href=\"javascript:void(0);\">Leggi tutto<\/a><\/p>\n","protected":false},"featured_media":85781,"comment_status":"open","ping_status":"closed","template":"","meta":{"inline_featured_image":false,"_mi_skip_tracking":false},"product_cat":[392,475],"product_tag":[],"class_list":["post-93446","product","type-product","status-publish","has-post-thumbnail","hentry","product_cat-volo-in-elicottero","product_cat-volo-elicottero-epagny"],"yoast_head":"<!-- This site is optimized with the Yoast SEO plugin v23.6 - https:\/\/yoast.com\/wordpress\/plugins\/seo\/ -->\n<title>Castelli e lago Gruy\u00e8re in elicottero da \u00c9pagny<\/title>\n<meta name=\"description\" content=\"Castelli e lago Gruy\u00e8re in volo in elicottero da \u00c9pagny. Un volo di 15 minuti su Bulle, Corbi\u00e8res, Botterens, Broc. Un volo superbo\" \/>\n<meta name=\"robots\" content=\"index, follow, max-snippet:-1, max-image-preview:large, max-video-preview:-1\" \/>\n<link rel=\"canonical\" href=\"https:\/\/www.swissraft.ch\/it\/prodotto\/volo-elicottero-epagny-castelli-lago-gruyere\/\" \/>\n<meta property=\"og:locale\" content=\"it_IT\" \/>\n<meta property=\"og:type\" content=\"article\" \/>\n<meta property=\"og:title\" content=\"Castelli e lago Gruy\u00e8re in elicottero da \u00c9pagny\" \/>\n<meta property=\"og:description\" content=\"Castelli e lago Gruy\u00e8re in volo in elicottero da \u00c9pagny. Un volo di 15 minuti su Bulle, Corbi\u00e8res, Botterens, Broc. Un volo superbo\" \/>\n<meta property=\"og:url\" content=\"https:\/\/www.swissraft.ch\/it\/prodotto\/volo-elicottero-epagny-castelli-lago-gruyere\/\" \/>\n<meta property=\"og:site_name\" content=\"Swissraft\" \/>\n<meta property=\"article:modified_time\" content=\"2026-02-05T02:51:45+00:00\" \/>\n<meta property=\"og:image\" content=\"https:\/\/www.swissraft.ch\/wp-content\/uploads\/2022\/12\/01-EPAGNY-Schloss-und-Greyerzersee-776x776-3.jpg\" \/>\n\t<meta property=\"og:image:width\" content=\"776\" \/>\n\t<meta property=\"og:image:height\" content=\"776\" \/>\n\t<meta property=\"og:image:type\" content=\"image\/jpeg\" \/>\n<meta name=\"twitter:card\" content=\"summary_large_image\" \/>\n<meta name=\"twitter:label1\" content=\"Tempo di lettura stimato\" \/>\n\t<meta name=\"twitter:data1\" content=\"1 minuto\" \/>\n<script type=\"application\/ld+json\" class=\"yoast-schema-graph\">{\"@context\":\"https:\/\/schema.org\",\"@graph\":[{\"@type\":\"WebPage\",\"@id\":\"https:\/\/www.swissraft.ch\/it\/prodotto\/volo-elicottero-epagny-castelli-lago-gruyere\/\",\"url\":\"https:\/\/www.swissraft.ch\/it\/prodotto\/volo-elicottero-epagny-castelli-lago-gruyere\/\",\"name\":\"Castelli e lago Gruy\u00e8re in elicottero da \u00c9pagny\",\"isPartOf\":{\"@id\":\"https:\/\/www.swissraft.ch\/it\/#website\"},\"primaryImageOfPage\":{\"@id\":\"https:\/\/www.swissraft.ch\/it\/prodotto\/volo-elicottero-epagny-castelli-lago-gruyere\/#primaryimage\"},\"image\":{\"@id\":\"https:\/\/www.swissraft.ch\/it\/prodotto\/volo-elicottero-epagny-castelli-lago-gruyere\/#primaryimage\"},\"thumbnailUrl\":\"https:\/\/www.swissraft.ch\/wp-content\/uploads\/2022\/12\/01-EPAGNY-Schloss-und-Greyerzersee-776x776-3.jpg\",\"datePublished\":\"2022-12-11T09:54:19+00:00\",\"dateModified\":\"2026-02-05T02:51:45+00:00\",\"description\":\"Castelli e lago Gruy\u00e8re in volo in elicottero da \u00c9pagny. Un volo di 15 minuti su Bulle, Corbi\u00e8res, Botterens, Broc. Un volo superbo\",\"breadcrumb\":{\"@id\":\"https:\/\/www.swissraft.ch\/it\/prodotto\/volo-elicottero-epagny-castelli-lago-gruyere\/#breadcrumb\"},\"inLanguage\":\"it-IT\",\"potentialAction\":[{\"@type\":\"ReadAction\",\"target\":[\"https:\/\/www.swissraft.ch\/it\/prodotto\/volo-elicottero-epagny-castelli-lago-gruyere\/\"]}]},{\"@type\":\"ImageObject\",\"inLanguage\":\"it-IT\",\"@id\":\"https:\/\/www.swissraft.ch\/it\/prodotto\/volo-elicottero-epagny-castelli-lago-gruyere\/#primaryimage\",\"url\":\"https:\/\/www.swissraft.ch\/wp-content\/uploads\/2022\/12\/01-EPAGNY-Schloss-und-Greyerzersee-776x776-3.jpg\",\"contentUrl\":\"https:\/\/www.swissraft.ch\/wp-content\/uploads\/2022\/12\/01-EPAGNY-Schloss-und-Greyerzersee-776x776-3.jpg\",\"width\":776,\"height\":776,\"caption\":\"Volo in elicottero dei castelli e del lago della Gruy\u00e8re da \u00c9pagny\"},{\"@type\":\"BreadcrumbList\",\"@id\":\"https:\/\/www.swissraft.ch\/it\/prodotto\/volo-elicottero-epagny-castelli-lago-gruyere\/#breadcrumb\",\"itemListElement\":[{\"@type\":\"ListItem\",\"position\":1,\"name\":\"Accueil\",\"item\":\"https:\/\/www.swissraft.ch\/it\/\"},{\"@type\":\"ListItem\",\"position\":2,\"name\":\"Negozio\",\"item\":\"https:\/\/www.swissraft.ch\/it\/negozio\/\"},{\"@type\":\"ListItem\",\"position\":3,\"name\":\"Volo in elicottero da \u00c9PAGNY &#8211; CASTELLI E LAGO DI GRUY\u00c8RE &#8211; 15 min. &#8211; CHF 545.00\"}]},{\"@type\":\"WebSite\",\"@id\":\"https:\/\/www.swissraft.ch\/it\/#website\",\"url\":\"https:\/\/www.swissraft.ch\/it\/\",\"name\":\"Swissraft\",\"description\":\"To enjoy nature as it is\",\"publisher\":{\"@id\":\"https:\/\/www.swissraft.ch\/it\/#organization\"},\"potentialAction\":[{\"@type\":\"SearchAction\",\"target\":{\"@type\":\"EntryPoint\",\"urlTemplate\":\"https:\/\/www.swissraft.ch\/it\/?s={search_term_string}\"},\"query-input\":{\"@type\":\"PropertyValueSpecification\",\"valueRequired\":true,\"valueName\":\"search_term_string\"}}],\"inLanguage\":\"it-IT\"},{\"@type\":\"Organization\",\"@id\":\"https:\/\/www.swissraft.ch\/it\/#organization\",\"name\":\"Swissraft\",\"url\":\"https:\/\/www.swissraft.ch\/it\/\",\"logo\":{\"@type\":\"ImageObject\",\"inLanguage\":\"it-IT\",\"@id\":\"https:\/\/www.swissraft.ch\/it\/#\/schema\/logo\/image\/\",\"url\":\"https:\/\/www.swissraft.ch\/wp-content\/uploads\/2025\/09\/Capture.jpg\",\"contentUrl\":\"https:\/\/www.swissraft.ch\/wp-content\/uploads\/2025\/09\/Capture.jpg\",\"width\":293,\"height\":108,\"caption\":\"Swissraft\"},\"image\":{\"@id\":\"https:\/\/www.swissraft.ch\/it\/#\/schema\/logo\/image\/\"}}]}<\/script>\n<!-- \/ Yoast SEO plugin. -->","yoast_head_json":{"title":"Castelli e lago Gruy\u00e8re in elicottero da \u00c9pagny","description":"Castelli e lago Gruy\u00e8re in volo in elicottero da \u00c9pagny. Un volo di 15 minuti su Bulle, Corbi\u00e8res, Botterens, Broc. Un volo superbo","robots":{"index":"index","follow":"follow","max-snippet":"max-snippet:-1","max-image-preview":"max-image-preview:large","max-video-preview":"max-video-preview:-1"},"canonical":"https:\/\/www.swissraft.ch\/it\/prodotto\/volo-elicottero-epagny-castelli-lago-gruyere\/","og_locale":"it_IT","og_type":"article","og_title":"Castelli e lago Gruy\u00e8re in elicottero da \u00c9pagny","og_description":"Castelli e lago Gruy\u00e8re in volo in elicottero da \u00c9pagny. Un volo di 15 minuti su Bulle, Corbi\u00e8res, Botterens, Broc. Un volo superbo","og_url":"https:\/\/www.swissraft.ch\/it\/prodotto\/volo-elicottero-epagny-castelli-lago-gruyere\/","og_site_name":"Swissraft","article_modified_time":"2026-02-05T02:51:45+00:00","og_image":[{"width":776,"height":776,"url":"https:\/\/www.swissraft.ch\/wp-content\/uploads\/2022\/12\/01-EPAGNY-Schloss-und-Greyerzersee-776x776-3.jpg","type":"image\/jpeg"}],"twitter_card":"summary_large_image","twitter_misc":{"Tempo di lettura stimato":"1 minuto"},"schema":{"@context":"https:\/\/schema.org","@graph":[{"@type":"WebPage","@id":"https:\/\/www.swissraft.ch\/it\/prodotto\/volo-elicottero-epagny-castelli-lago-gruyere\/","url":"https:\/\/www.swissraft.ch\/it\/prodotto\/volo-elicottero-epagny-castelli-lago-gruyere\/","name":"Castelli e lago Gruy\u00e8re in elicottero da \u00c9pagny","isPartOf":{"@id":"https:\/\/www.swissraft.ch\/it\/#website"},"primaryImageOfPage":{"@id":"https:\/\/www.swissraft.ch\/it\/prodotto\/volo-elicottero-epagny-castelli-lago-gruyere\/#primaryimage"},"image":{"@id":"https:\/\/www.swissraft.ch\/it\/prodotto\/volo-elicottero-epagny-castelli-lago-gruyere\/#primaryimage"},"thumbnailUrl":"https:\/\/www.swissraft.ch\/wp-content\/uploads\/2022\/12\/01-EPAGNY-Schloss-und-Greyerzersee-776x776-3.jpg","datePublished":"2022-12-11T09:54:19+00:00","dateModified":"2026-02-05T02:51:45+00:00","description":"Castelli e lago Gruy\u00e8re in volo in elicottero da \u00c9pagny. Un volo di 15 minuti su Bulle, Corbi\u00e8res, Botterens, Broc. Un volo superbo","breadcrumb":{"@id":"https:\/\/www.swissraft.ch\/it\/prodotto\/volo-elicottero-epagny-castelli-lago-gruyere\/#breadcrumb"},"inLanguage":"it-IT","potentialAction":[{"@type":"ReadAction","target":["https:\/\/www.swissraft.ch\/it\/prodotto\/volo-elicottero-epagny-castelli-lago-gruyere\/"]}]},{"@type":"ImageObject","inLanguage":"it-IT","@id":"https:\/\/www.swissraft.ch\/it\/prodotto\/volo-elicottero-epagny-castelli-lago-gruyere\/#primaryimage","url":"https:\/\/www.swissraft.ch\/wp-content\/uploads\/2022\/12\/01-EPAGNY-Schloss-und-Greyerzersee-776x776-3.jpg","contentUrl":"https:\/\/www.swissraft.ch\/wp-content\/uploads\/2022\/12\/01-EPAGNY-Schloss-und-Greyerzersee-776x776-3.jpg","width":776,"height":776,"caption":"Volo in elicottero dei castelli e del lago della Gruy\u00e8re da \u00c9pagny"},{"@type":"BreadcrumbList","@id":"https:\/\/www.swissraft.ch\/it\/prodotto\/volo-elicottero-epagny-castelli-lago-gruyere\/#breadcrumb","itemListElement":[{"@type":"ListItem","position":1,"name":"Accueil","item":"https:\/\/www.swissraft.ch\/it\/"},{"@type":"ListItem","position":2,"name":"Negozio","item":"https:\/\/www.swissraft.ch\/it\/negozio\/"},{"@type":"ListItem","position":3,"name":"Volo in elicottero da \u00c9PAGNY &#8211; CASTELLI E LAGO DI GRUY\u00c8RE &#8211; 15 min. &#8211; CHF 545.00"}]},{"@type":"WebSite","@id":"https:\/\/www.swissraft.ch\/it\/#website","url":"https:\/\/www.swissraft.ch\/it\/","name":"Swissraft","description":"To enjoy nature as it is","publisher":{"@id":"https:\/\/www.swissraft.ch\/it\/#organization"},"potentialAction":[{"@type":"SearchAction","target":{"@type":"EntryPoint","urlTemplate":"https:\/\/www.swissraft.ch\/it\/?s={search_term_string}"},"query-input":{"@type":"PropertyValueSpecification","valueRequired":true,"valueName":"search_term_string"}}],"inLanguage":"it-IT"},{"@type":"Organization","@id":"https:\/\/www.swissraft.ch\/it\/#organization","name":"Swissraft","url":"https:\/\/www.swissraft.ch\/it\/","logo":{"@type":"ImageObject","inLanguage":"it-IT","@id":"https:\/\/www.swissraft.ch\/it\/#\/schema\/logo\/image\/","url":"https:\/\/www.swissraft.ch\/wp-content\/uploads\/2025\/09\/Capture.jpg","contentUrl":"https:\/\/www.swissraft.ch\/wp-content\/uploads\/2025\/09\/Capture.jpg","width":293,"height":108,"caption":"Swissraft"},"image":{"@id":"https:\/\/www.swissraft.ch\/it\/#\/schema\/logo\/image\/"}}]}},"_links":{"self":[{"href":"https:\/\/www.swissraft.ch\/it\/wp-json\/wp\/v2\/product\/93446","targetHints":{"allow":["GET"]}}],"collection":[{"href":"https:\/\/www.swissraft.ch\/it\/wp-json\/wp\/v2\/product"}],"about":[{"href":"https:\/\/www.swissraft.ch\/it\/wp-json\/wp\/v2\/types\/product"}],"replies":[{"embeddable":true,"href":"https:\/\/www.swissraft.ch\/it\/wp-json\/wp\/v2\/comments?post=93446"}],"version-history":[{"count":12,"href":"https:\/\/www.swissraft.ch\/it\/wp-json\/wp\/v2\/product\/93446\/revisions"}],"predecessor-version":[{"id":129169,"href":"https:\/\/www.swissraft.ch\/it\/wp-json\/wp\/v2\/product\/93446\/revisions\/129169"}],"wp:featuredmedia":[{"embeddable":true,"href":"https:\/\/www.swissraft.ch\/it\/wp-json\/wp\/v2\/media\/85781"}],"wp:attachment":[{"href":"https:\/\/www.swissraft.ch\/it\/wp-json\/wp\/v2\/media?parent=93446"}],"wp:term":[{"taxonomy":"product_cat","embeddable":true,"href":"https:\/\/www.swissraft.ch\/it\/wp-json\/wp\/v2\/product_cat?post=93446"},{"taxonomy":"product_tag","embeddable":true,"href":"https:\/\/www.swissraft.ch\/it\/wp-json\/wp\/v2\/product_tag?post=93446"}],"curies":[{"name":"wp","href":"https:\/\/api.w.org\/{rel}","templated":true}]}}