{"id":93435,"date":"2022-12-11T11:27:41","date_gmt":"2022-12-11T10:27:41","guid":{"rendered":"https:\/\/swissraft.xyanzkdne.eu\/product\/volo-in-elicottero-da-epagny-glacier-des-diablerets-35-min-chf-1175-00\/"},"modified":"2026-02-05T04:14:27","modified_gmt":"2026-02-05T03:14:27","slug":"volo-elicottero-epagny-ghiacciaio-diablerets","status":"publish","type":"product","link":"https:\/\/www.swissraft.ch\/it\/prodotto\/volo-elicottero-epagny-ghiacciaio-diablerets\/","title":{"rendered":"Volo in elicottero da \u00c9PAGNY &#8211; GHIACCIAIO DI LES DIABLERETS &#8211; 35 min. &#8211; CHF 1&#8217;245.00"},"content":{"rendered":"\t\t<div data-elementor-type=\"wp-post\" data-elementor-id=\"93435\" class=\"elementor elementor-93435 elementor-29576\">\n\t\t\t\t\t\t\t\t\t<section class=\"elementor-section elementor-top-section elementor-element elementor-element-3303a7e3 elementor-section-boxed elementor-section-height-default elementor-section-height-default\" data-id=\"3303a7e3\" data-element_type=\"section\">\n\t\t\t\t\t\t<div class=\"elementor-container elementor-column-gap-default\">\n\t\t\t\t\t<div class=\"elementor-column elementor-col-100 elementor-top-column elementor-element elementor-element-16d72dbf\" data-id=\"16d72dbf\" data-element_type=\"column\">\n\t\t\t<div class=\"elementor-widget-wrap elementor-element-populated\">\n\t\t\t\t\t\t\t\t<div class=\"elementor-element elementor-element-d743c03 elementor-widget elementor-widget-text-editor\" data-id=\"d743c03\" data-element_type=\"widget\" data-widget_type=\"text-editor.default\">\n\t\t\t\t<div class=\"elementor-widget-container\">\n\t\t\t\t\t\t\t<h2>SCEGLI LA TUA ATTIVIT\u00c0 QUI SOTTO PER OFFRIRE BUONI REGALO\/BIGLIETTI O EFFETTUARE UNA PRENOTAZIONE<\/h2><table border=\"0\" width=\"580\" cellspacing=\"10\" cellpadding=\"10\"><tbody><tr><td width=\"50%\"><strong>GHIACCIAIO DI LES DIABLERETS &#8211; VOLO PRIVATO (1-4 pers.) &#8211; 35 min.<\/strong><\/td><td><strong>CHF 1&#8217;245<span class=\"productPrice\">.00 per volo privato<\/span><\/strong><\/td><\/tr><tr><td>Informazioni aggiuntive<\/td><td>&#8211; Utilizzi l&#8217;elicottero esclusivamente per te<br \/>&#8211; Scegli la data e l&#8217;ora di partenza<br \/>&#8211; Massimo 4 pers.<\/td><\/tr><tr><td>Aerodromo<\/td><td><a href=\"https:\/\/www.google.com\/maps\/place\/A%C3%A9rodrome+de+la+Gruy%C3%A8re\/@46.5952055,7.0843047,1551m\/data=!3m1!1e3!4m6!3m5!1s0x478e89f722c3d039:0xd4423e0e6ea8594d!8m2!3d46.5948613!4d7.0933586!16s%2Fg%2F120t9782?entry=ttu\" target=\"_blank\" rel=\"noopener\">\u00c9pagny<\/a><\/td><\/tr><tr><td>Tempo di volo<\/td><td>35 min.<\/td><\/tr><tr><td>Durata totale<\/td><td>circa 1 ora<\/td><\/tr><tr><td>Appuntamento<\/td><td>Per telefono<\/td><\/tr><tr><td><button class=\"elementor-button\" type=\"button\"><a href=\"https:\/\/swissraft.outdoorbooking.ch\/fo\/products\/62?base_id=125&amp;category_id=6&amp;order_type=gift_voucher&amp;lang=it\" target=\"_blank\" rel=\"noopener\">ACQUISTO BUONO REGALO \/ BIGLIETTO<\/a><\/button><\/td><td><strong><em>IMPORTANTE !<\/em><\/strong><br \/><em>Per prenotare, chiamate il numero che si trova in alto a sinistra sul buono regalo\/biglietto.<\/em><\/td><\/tr><\/tbody><\/table>\t\t\t\t\t\t<\/div>\n\t\t\t\t<\/div>\n\t\t\t\t\t<\/div>\n\t\t<\/div>\n\t\t\t\t\t\t\t<\/div>\n\t\t<\/section>\n\t\t\t\t\t\t\t<\/div>\n\t\t","protected":false},"excerpt":{"rendered":"<div align=\"justify\">\n<h2 align=\"justify\">Questo volo di 35 minuti ti porter\u00e0 al ghiacciaio Diablerets<\/h2>\n<h3>Con partenza da \u00c9pagny, questo tour in elicottero prevede un atterraggio intermedio sul ghiacciaio Diablerets.<\/h3>\n<\/div>\n<div align=\"justify\">\n<p>Decolla in elicottero dall&#8217;aeroporto di \u00c9pagny en Gruy\u00e8re e dirigiti verso la Cha\u00eene des Vanils. Dall&#8217;alto puoi vedere il Lac de l&#8217;Hongrin e il ghiacciaio Diablerets. Fermati per qualche minuto su questo magnifico ghiacciaio prima di ripartire per il passo Sanestch. Proseguirai poi il tuo volo verso Gstaad, Gastlosen e Charmey prima di riposare a \u00c9pagny.<\/p>\n<h3>La nostra vasta rete di 12 eliporti, 9 aviosuperfici e 2 aeroporti ci permette di offrirti un&#8217;ampia gamma di tour in elicottero.<\/h3>\n<p id=\"textarea\" style=\"display: none;\">\nAbbiamo anche voli da Gampel e Collombey e da Sion in Vallese. Offriamo anche voli dall&#8217;eliporto di Interlaken-Gsteigwiler. Ma anche dall&#8217;eliporto di Gstaad-Grund e dall&#8217;aerodromo di Saanen nel Saanenland. Decolliamo anche dagli eliporti di Lauterbrunnen, Lenk-Simmental e Schattenhalb-Meiringen nell&#8217;Oberland Bernese. Operiamo anche voli dall&#8217;aeroporto di Grenchen e dall&#8217;aeroporto internazionale di Berna-Belp. Operiamo anche voli dall&#8217;aeroporto internazionale di Zurigo-Kloten. Inoltre, decolleremo dall&#8217;eliporto di Pfaffnau, nel cantone di Lucerna. Decolliamo anche da Erstfeld nel Canton Uri e da K\u00fcssnacht nel Canton Svitto. Decolliamo anche da Buttwil, nel Canton Argovia. Abbiamo anche tour in partenza dagli aeroporti di Locarno e Lodrino in Ticino. Inoltre, abbiamo tour nei Grigioni con partenza dagli eliporti di Flims, Tavanasa e Untervaz. Cos\u00ec come dall \u201caerodromo di Samedan tutto l\u201d anno in Engadina. Offriamo anche tour in elicottero da Balzers e dall&#8217;aerodromo di Sitterdorf nella Svizzera orientale.\n<\/p>\n<p><a id=\"seeMore\" onclick=\"toggleSeeMore()\" href=\"javascript:void(0);\">Leggi tutto<\/a><\/p>\n","protected":false},"featured_media":87425,"comment_status":"open","ping_status":"closed","template":"","meta":{"inline_featured_image":false,"_mi_skip_tracking":false},"product_cat":[392,475],"product_tag":[],"class_list":["post-93435","product","type-product","status-publish","has-post-thumbnail","hentry","product_cat-volo-in-elicottero","product_cat-volo-elicottero-epagny"],"yoast_head":"<!-- This site is optimized with the Yoast SEO plugin v23.6 - https:\/\/yoast.com\/wordpress\/plugins\/seo\/ -->\n<title>Ghiacciaio di Diablerets in elicottero. 35 minuti di volo<\/title>\n<meta name=\"description\" content=\"Ghiacciaio di Diablerets da \u00c9pagny al in elicottero per un volo di 35 minuti con un atterraggio intermedio sul ghiacciaio per le foto.\" \/>\n<meta name=\"robots\" content=\"index, follow, max-snippet:-1, max-image-preview:large, max-video-preview:-1\" \/>\n<link rel=\"canonical\" href=\"https:\/\/www.swissraft.ch\/it\/prodotto\/volo-elicottero-epagny-ghiacciaio-diablerets\/\" \/>\n<meta property=\"og:locale\" content=\"it_IT\" \/>\n<meta property=\"og:type\" content=\"article\" \/>\n<meta property=\"og:title\" content=\"Ghiacciaio di Diablerets in elicottero. 35 minuti di volo\" \/>\n<meta property=\"og:description\" content=\"Ghiacciaio di Diablerets da \u00c9pagny al in elicottero per un volo di 35 minuti con un atterraggio intermedio sul ghiacciaio per le foto.\" \/>\n<meta property=\"og:url\" content=\"https:\/\/www.swissraft.ch\/it\/prodotto\/volo-elicottero-epagny-ghiacciaio-diablerets\/\" \/>\n<meta property=\"og:site_name\" content=\"Swissraft\" \/>\n<meta property=\"article:modified_time\" content=\"2026-02-05T03:14:27+00:00\" \/>\n<meta property=\"og:image\" content=\"https:\/\/www.swissraft.ch\/wp-content\/uploads\/2022\/12\/05-EPAGNY-Gletscher-der-Diablerets-776x776-2.jpg\" \/>\n\t<meta property=\"og:image:width\" content=\"776\" \/>\n\t<meta property=\"og:image:height\" content=\"776\" \/>\n\t<meta property=\"og:image:type\" content=\"image\/jpeg\" \/>\n<meta name=\"twitter:card\" content=\"summary_large_image\" \/>\n<meta name=\"twitter:label1\" content=\"Tempo di lettura stimato\" \/>\n\t<meta name=\"twitter:data1\" content=\"1 minuto\" \/>\n<script type=\"application\/ld+json\" class=\"yoast-schema-graph\">{\"@context\":\"https:\/\/schema.org\",\"@graph\":[{\"@type\":\"WebPage\",\"@id\":\"https:\/\/www.swissraft.ch\/it\/prodotto\/volo-elicottero-epagny-ghiacciaio-diablerets\/\",\"url\":\"https:\/\/www.swissraft.ch\/it\/prodotto\/volo-elicottero-epagny-ghiacciaio-diablerets\/\",\"name\":\"Ghiacciaio di Diablerets in elicottero. 35 minuti di volo\",\"isPartOf\":{\"@id\":\"https:\/\/www.swissraft.ch\/it\/#website\"},\"primaryImageOfPage\":{\"@id\":\"https:\/\/www.swissraft.ch\/it\/prodotto\/volo-elicottero-epagny-ghiacciaio-diablerets\/#primaryimage\"},\"image\":{\"@id\":\"https:\/\/www.swissraft.ch\/it\/prodotto\/volo-elicottero-epagny-ghiacciaio-diablerets\/#primaryimage\"},\"thumbnailUrl\":\"https:\/\/www.swissraft.ch\/wp-content\/uploads\/2022\/12\/05-EPAGNY-Gletscher-der-Diablerets-776x776-2.jpg\",\"datePublished\":\"2022-12-11T10:27:41+00:00\",\"dateModified\":\"2026-02-05T03:14:27+00:00\",\"description\":\"Ghiacciaio di Diablerets da \u00c9pagny al in elicottero per un volo di 35 minuti con un atterraggio intermedio sul ghiacciaio per le foto.\",\"breadcrumb\":{\"@id\":\"https:\/\/www.swissraft.ch\/it\/prodotto\/volo-elicottero-epagny-ghiacciaio-diablerets\/#breadcrumb\"},\"inLanguage\":\"it-IT\",\"potentialAction\":[{\"@type\":\"ReadAction\",\"target\":[\"https:\/\/www.swissraft.ch\/it\/prodotto\/volo-elicottero-epagny-ghiacciaio-diablerets\/\"]}]},{\"@type\":\"ImageObject\",\"inLanguage\":\"it-IT\",\"@id\":\"https:\/\/www.swissraft.ch\/it\/prodotto\/volo-elicottero-epagny-ghiacciaio-diablerets\/#primaryimage\",\"url\":\"https:\/\/www.swissraft.ch\/wp-content\/uploads\/2022\/12\/05-EPAGNY-Gletscher-der-Diablerets-776x776-2.jpg\",\"contentUrl\":\"https:\/\/www.swissraft.ch\/wp-content\/uploads\/2022\/12\/05-EPAGNY-Gletscher-der-Diablerets-776x776-2.jpg\",\"width\":776,\"height\":776,\"caption\":\"Volo in elicottero da \u00c9pagny al ghiacciaio dei Diablerets\"},{\"@type\":\"BreadcrumbList\",\"@id\":\"https:\/\/www.swissraft.ch\/it\/prodotto\/volo-elicottero-epagny-ghiacciaio-diablerets\/#breadcrumb\",\"itemListElement\":[{\"@type\":\"ListItem\",\"position\":1,\"name\":\"Accueil\",\"item\":\"https:\/\/www.swissraft.ch\/it\/\"},{\"@type\":\"ListItem\",\"position\":2,\"name\":\"Negozio\",\"item\":\"https:\/\/www.swissraft.ch\/it\/negozio\/\"},{\"@type\":\"ListItem\",\"position\":3,\"name\":\"Volo in elicottero da \u00c9PAGNY &#8211; GHIACCIAIO DI LES DIABLERETS &#8211; 35 min. &#8211; CHF 1&rsquo;245.00\"}]},{\"@type\":\"WebSite\",\"@id\":\"https:\/\/www.swissraft.ch\/it\/#website\",\"url\":\"https:\/\/www.swissraft.ch\/it\/\",\"name\":\"Swissraft\",\"description\":\"To enjoy nature as it is\",\"publisher\":{\"@id\":\"https:\/\/www.swissraft.ch\/it\/#organization\"},\"potentialAction\":[{\"@type\":\"SearchAction\",\"target\":{\"@type\":\"EntryPoint\",\"urlTemplate\":\"https:\/\/www.swissraft.ch\/it\/?s={search_term_string}\"},\"query-input\":{\"@type\":\"PropertyValueSpecification\",\"valueRequired\":true,\"valueName\":\"search_term_string\"}}],\"inLanguage\":\"it-IT\"},{\"@type\":\"Organization\",\"@id\":\"https:\/\/www.swissraft.ch\/it\/#organization\",\"name\":\"Swissraft\",\"url\":\"https:\/\/www.swissraft.ch\/it\/\",\"logo\":{\"@type\":\"ImageObject\",\"inLanguage\":\"it-IT\",\"@id\":\"https:\/\/www.swissraft.ch\/it\/#\/schema\/logo\/image\/\",\"url\":\"https:\/\/www.swissraft.ch\/wp-content\/uploads\/2025\/09\/Capture.jpg\",\"contentUrl\":\"https:\/\/www.swissraft.ch\/wp-content\/uploads\/2025\/09\/Capture.jpg\",\"width\":293,\"height\":108,\"caption\":\"Swissraft\"},\"image\":{\"@id\":\"https:\/\/www.swissraft.ch\/it\/#\/schema\/logo\/image\/\"}}]}<\/script>\n<!-- \/ Yoast SEO plugin. -->","yoast_head_json":{"title":"Ghiacciaio di Diablerets in elicottero. 35 minuti di volo","description":"Ghiacciaio di Diablerets da \u00c9pagny al in elicottero per un volo di 35 minuti con un atterraggio intermedio sul ghiacciaio per le foto.","robots":{"index":"index","follow":"follow","max-snippet":"max-snippet:-1","max-image-preview":"max-image-preview:large","max-video-preview":"max-video-preview:-1"},"canonical":"https:\/\/www.swissraft.ch\/it\/prodotto\/volo-elicottero-epagny-ghiacciaio-diablerets\/","og_locale":"it_IT","og_type":"article","og_title":"Ghiacciaio di Diablerets in elicottero. 35 minuti di volo","og_description":"Ghiacciaio di Diablerets da \u00c9pagny al in elicottero per un volo di 35 minuti con un atterraggio intermedio sul ghiacciaio per le foto.","og_url":"https:\/\/www.swissraft.ch\/it\/prodotto\/volo-elicottero-epagny-ghiacciaio-diablerets\/","og_site_name":"Swissraft","article_modified_time":"2026-02-05T03:14:27+00:00","og_image":[{"width":776,"height":776,"url":"https:\/\/www.swissraft.ch\/wp-content\/uploads\/2022\/12\/05-EPAGNY-Gletscher-der-Diablerets-776x776-2.jpg","type":"image\/jpeg"}],"twitter_card":"summary_large_image","twitter_misc":{"Tempo di lettura stimato":"1 minuto"},"schema":{"@context":"https:\/\/schema.org","@graph":[{"@type":"WebPage","@id":"https:\/\/www.swissraft.ch\/it\/prodotto\/volo-elicottero-epagny-ghiacciaio-diablerets\/","url":"https:\/\/www.swissraft.ch\/it\/prodotto\/volo-elicottero-epagny-ghiacciaio-diablerets\/","name":"Ghiacciaio di Diablerets in elicottero. 35 minuti di volo","isPartOf":{"@id":"https:\/\/www.swissraft.ch\/it\/#website"},"primaryImageOfPage":{"@id":"https:\/\/www.swissraft.ch\/it\/prodotto\/volo-elicottero-epagny-ghiacciaio-diablerets\/#primaryimage"},"image":{"@id":"https:\/\/www.swissraft.ch\/it\/prodotto\/volo-elicottero-epagny-ghiacciaio-diablerets\/#primaryimage"},"thumbnailUrl":"https:\/\/www.swissraft.ch\/wp-content\/uploads\/2022\/12\/05-EPAGNY-Gletscher-der-Diablerets-776x776-2.jpg","datePublished":"2022-12-11T10:27:41+00:00","dateModified":"2026-02-05T03:14:27+00:00","description":"Ghiacciaio di Diablerets da \u00c9pagny al in elicottero per un volo di 35 minuti con un atterraggio intermedio sul ghiacciaio per le foto.","breadcrumb":{"@id":"https:\/\/www.swissraft.ch\/it\/prodotto\/volo-elicottero-epagny-ghiacciaio-diablerets\/#breadcrumb"},"inLanguage":"it-IT","potentialAction":[{"@type":"ReadAction","target":["https:\/\/www.swissraft.ch\/it\/prodotto\/volo-elicottero-epagny-ghiacciaio-diablerets\/"]}]},{"@type":"ImageObject","inLanguage":"it-IT","@id":"https:\/\/www.swissraft.ch\/it\/prodotto\/volo-elicottero-epagny-ghiacciaio-diablerets\/#primaryimage","url":"https:\/\/www.swissraft.ch\/wp-content\/uploads\/2022\/12\/05-EPAGNY-Gletscher-der-Diablerets-776x776-2.jpg","contentUrl":"https:\/\/www.swissraft.ch\/wp-content\/uploads\/2022\/12\/05-EPAGNY-Gletscher-der-Diablerets-776x776-2.jpg","width":776,"height":776,"caption":"Volo in elicottero da \u00c9pagny al ghiacciaio dei Diablerets"},{"@type":"BreadcrumbList","@id":"https:\/\/www.swissraft.ch\/it\/prodotto\/volo-elicottero-epagny-ghiacciaio-diablerets\/#breadcrumb","itemListElement":[{"@type":"ListItem","position":1,"name":"Accueil","item":"https:\/\/www.swissraft.ch\/it\/"},{"@type":"ListItem","position":2,"name":"Negozio","item":"https:\/\/www.swissraft.ch\/it\/negozio\/"},{"@type":"ListItem","position":3,"name":"Volo in elicottero da \u00c9PAGNY &#8211; GHIACCIAIO DI LES DIABLERETS &#8211; 35 min. &#8211; CHF 1&rsquo;245.00"}]},{"@type":"WebSite","@id":"https:\/\/www.swissraft.ch\/it\/#website","url":"https:\/\/www.swissraft.ch\/it\/","name":"Swissraft","description":"To enjoy nature as it is","publisher":{"@id":"https:\/\/www.swissraft.ch\/it\/#organization"},"potentialAction":[{"@type":"SearchAction","target":{"@type":"EntryPoint","urlTemplate":"https:\/\/www.swissraft.ch\/it\/?s={search_term_string}"},"query-input":{"@type":"PropertyValueSpecification","valueRequired":true,"valueName":"search_term_string"}}],"inLanguage":"it-IT"},{"@type":"Organization","@id":"https:\/\/www.swissraft.ch\/it\/#organization","name":"Swissraft","url":"https:\/\/www.swissraft.ch\/it\/","logo":{"@type":"ImageObject","inLanguage":"it-IT","@id":"https:\/\/www.swissraft.ch\/it\/#\/schema\/logo\/image\/","url":"https:\/\/www.swissraft.ch\/wp-content\/uploads\/2025\/09\/Capture.jpg","contentUrl":"https:\/\/www.swissraft.ch\/wp-content\/uploads\/2025\/09\/Capture.jpg","width":293,"height":108,"caption":"Swissraft"},"image":{"@id":"https:\/\/www.swissraft.ch\/it\/#\/schema\/logo\/image\/"}}]}},"_links":{"self":[{"href":"https:\/\/www.swissraft.ch\/it\/wp-json\/wp\/v2\/product\/93435","targetHints":{"allow":["GET"]}}],"collection":[{"href":"https:\/\/www.swissraft.ch\/it\/wp-json\/wp\/v2\/product"}],"about":[{"href":"https:\/\/www.swissraft.ch\/it\/wp-json\/wp\/v2\/types\/product"}],"replies":[{"embeddable":true,"href":"https:\/\/www.swissraft.ch\/it\/wp-json\/wp\/v2\/comments?post=93435"}],"version-history":[{"count":15,"href":"https:\/\/www.swissraft.ch\/it\/wp-json\/wp\/v2\/product\/93435\/revisions"}],"predecessor-version":[{"id":129205,"href":"https:\/\/www.swissraft.ch\/it\/wp-json\/wp\/v2\/product\/93435\/revisions\/129205"}],"wp:featuredmedia":[{"embeddable":true,"href":"https:\/\/www.swissraft.ch\/it\/wp-json\/wp\/v2\/media\/87425"}],"wp:attachment":[{"href":"https:\/\/www.swissraft.ch\/it\/wp-json\/wp\/v2\/media?parent=93435"}],"wp:term":[{"taxonomy":"product_cat","embeddable":true,"href":"https:\/\/www.swissraft.ch\/it\/wp-json\/wp\/v2\/product_cat?post=93435"},{"taxonomy":"product_tag","embeddable":true,"href":"https:\/\/www.swissraft.ch\/it\/wp-json\/wp\/v2\/product_tag?post=93435"}],"curies":[{"name":"wp","href":"https:\/\/api.w.org\/{rel}","templated":true}]}}