{"id":93431,"date":"2022-12-10T18:25:30","date_gmt":"2022-12-10T17:25:30","guid":{"rendered":"https:\/\/swissraft.xyanzkdne.eu\/product\/volo-in-elicottero-da-saanen-a-la-carte-da-20-min-a-partire-da-chf-91500\/"},"modified":"2025-04-16T03:03:04","modified_gmt":"2025-04-16T01:03:04","slug":"volo-in-elicottero-da-saanen-a-la-carte-da-20-min-a-partire-da-chf-91500","status":"publish","type":"product","link":"https:\/\/www.swissraft.ch\/it\/prodotto\/volo-in-elicottero-da-saanen-a-la-carte-da-20-min-a-partire-da-chf-91500\/","title":{"rendered":"Volo in elicottero da SAANEN &#8211; A LA CARTE &#8211; Da 20 min. &#8211; A partire da CHF 1&#8217;000.00"},"content":{"rendered":"\t\t<div data-elementor-type=\"wp-post\" data-elementor-id=\"93431\" class=\"elementor elementor-93431 elementor-29531\">\n\t\t\t\t\t\t\t\t\t<section class=\"elementor-section elementor-top-section elementor-element elementor-element-3303a7e3 elementor-section-boxed elementor-section-height-default elementor-section-height-default\" data-id=\"3303a7e3\" data-element_type=\"section\">\n\t\t\t\t\t\t<div class=\"elementor-container elementor-column-gap-default\">\n\t\t\t\t\t<div class=\"elementor-column elementor-col-100 elementor-top-column elementor-element elementor-element-16d72dbf\" data-id=\"16d72dbf\" data-element_type=\"column\">\n\t\t\t<div class=\"elementor-widget-wrap elementor-element-populated\">\n\t\t\t\t\t\t\t\t<div class=\"elementor-element elementor-element-d743c03 elementor-widget elementor-widget-text-editor\" data-id=\"d743c03\" data-element_type=\"widget\" data-widget_type=\"text-editor.default\">\n\t\t\t\t<div class=\"elementor-widget-container\">\n\t\t\t\t\t\t\t<h2>SCEGLI LA TUA ATTIVIT\u00c0 QUI SOTTO PER OFFRIRE BUONI REGALO\/BIGLIETTI O EFFETTUARE UNA PRENOTAZIONE<\/h2>\n<table style=\"height: 290px;\" border=\"0\" width=\"580\" cellspacing=\"10\" cellpadding=\"10\">\n<tbody>\n<tr>\n<td width=\"50%\"><strong>1) \u00c0 LA CARTE &#8211; VOLO PRIVATO (1-5 pers.) &#8211; 20 min.<\/strong><\/td>\n<td><span style=\"font-weight: bold; background-color: #ffffff;\">A partire da CHF 1&#8217;000.00 per volo privato<\/span><\/td>\n<\/tr>\n<tr>\n<td>Informazioni aggiuntive<\/td>\n<td>\n<p>&#8211; Utilizzi l&#8217;elicottero esclusivamente per te &#8211; Decidi tu la data e l&#8217;ora di partenza &#8211; Massimo 5 pers.<\/td>\n<\/tr>\n<tr>\n<td>Aerodromo<\/td>\n<td><a href=\"https:\/\/www.google.ch\/maps\/place\/46%C2%B029'14.0%22N+7%C2%B014'37.1%22E\/@46.4873887,7.238248,774m\/data=!3m1!1e3!4m4!3m3!8m2!3d46.4872222!4d7.2436389?hl=fr&amp;entry=ttu\">Saanen<\/a><\/td>\n<\/tr>\n<tr>\n<td>Durata del volo<\/td>\n<td>20 min.<\/td>\n<\/tr>\n<tr>\n<td>Durata totale<\/td>\n<td>circa 50 min.<\/td>\n<\/tr>\n<tr>\n<td>Appuntamento<\/td>\n<td>Per telefono<\/td>\n<\/tr>\n<tr>\n<td><a href=\"https:\/\/swissraft.outdoorbooking.ch\/fo\/products\/1539?base_id=233&amp;category_id=6&amp;order_type=gift_voucher&amp;lang=it\" target=\"_blank\" rel=\"noopener\"><button class=\"elementor-button\" type=\"button\">ACQUISTO BUONO REGALO<\/button><\/a><\/td>\n<td><strong>CHF 1&#8217;000.00 &#8211; Volo privato (1-4 pers.)<\/strong><\/td>\n<\/tr>\n<tr>\n<td><a href=\"https:\/\/swissraft.outdoorbooking.ch\/fo\/products\/1544?base_id=234&amp;category_id=6&amp;order_type=gift_voucher&amp;lang=it\" target=\"_blank\" rel=\"noopener\"><button class=\"elementor-button\" type=\"button\">ACQUISTO BUONO REGALO<\/button><\/a><\/td>\n<td><strong>CHF 1&#8217;250.00 &#8211; Volo privato (5 pers.)<\/strong><\/td>\n<\/tr>\n<tr>\n<td> <\/td>\n<td>Per effettuare una prenotazione <span class=\"patt\" style=\"font-family: inherit; font-size: inherit;\"><span class=\"plbl\"><span class=\"patt\"><a href=\"https:\/\/www.swissraft.ch\/it\/contattaci\/\">contattaci<\/a><\/span><\/span><\/span><\/td>\n<\/tr>\n<\/tbody>\n<\/table>\n<table border=\"0\" width=\"580\" cellspacing=\"10\" cellpadding=\"10\">\n<tbody>\n<tr>\n<td width=\"50%\"><strong>2) \u00c0 LA CARTE &#8211; VOLO PRIVATO (1-5 pers.) &#8211; 30 min.<\/strong><\/td>\n<td><strong>A partire da CHF <span class=\"productPrice\">1&#8217;320.00 per volo privato<\/span><\/strong><\/td>\n<\/tr>\n<tr>\n<td>Informazioni aggiuntive<\/td>\n<td>\n<p>&#8211; Utilizzi l&#8217;elicottero esclusivamente per te &#8211; Decidi tu la data e l&#8217;ora di partenza &#8211; Massimo 5 pers.<\/td>\n<\/tr>\n<tr>\n<td>Aerodromo<\/td>\n<td><a href=\"https:\/\/www.google.ch\/maps\/place\/46%C2%B029'14.0%22N+7%C2%B014'37.1%22E\/@46.4873887,7.238248,774m\/data=!3m1!1e3!4m4!3m3!8m2!3d46.4872222!4d7.2436389?hl=fr&amp;entry=ttu\">Saanen<\/a><\/td>\n<\/tr>\n<tr>\n<td>Tempo di volo<\/td>\n<td>30 min.<\/td>\n<\/tr>\n<tr>\n<td>Durata totale<\/td>\n<td>circa 1 ora<\/td>\n<\/tr>\n<tr>\n<td>Appuntamento<\/td>\n<td>Per telefono<\/td>\n<\/tr>\n<tr>\n<td><a href=\"https:\/\/swissraft.outdoorbooking.ch\/fo\/products\/1756?base_id=233&amp;category_id=6&amp;order_type=gift_voucher&amp;lang=it\" target=\"_blank\" rel=\"noopener\"><button class=\"elementor-button\" type=\"button\">ACQUISTO BUONO REGALO<\/button><\/a><\/td>\n<td><strong>CHF 1&#8217;320.00 &#8211; Volo privato (1-4 pers.)<\/strong><\/td>\n<\/tr>\n<tr>\n<td><a href=\"https:\/\/swissraft.outdoorbooking.ch\/fo\/products\/1753?base_id=234&amp;category_id=6&amp;order_type=gift_voucher&amp;lang=it\" target=\"_blank\" rel=\"noopener\"><button class=\"elementor-button\" type=\"button\">ACQUISTO BUONO REGALO<\/button><\/a><\/td>\n<td><strong>CHF 1&#8217;650.00 &#8211; Volo privato (5 pers.)<\/strong><\/td>\n<\/tr>\n<tr>\n<td> <\/td>\n<td>Per effettuare una prenotazione <span class=\"patt\" style=\"font-family: inherit; font-size: inherit;\"><span class=\"plbl\"><span class=\"patt\"><a href=\"https:\/\/www.swissraft.ch\/it\/contattaci\/\">contattaci<\/a><\/span><\/span><\/span><\/td>\n<\/tr>\n<\/tbody>\n<\/table>\n<table style=\"font-size: 1rem;\" border=\"0\" width=\"580\" cellspacing=\"10\" cellpadding=\"10\">\n<tbody>\n<tr>\n<td width=\"50%\"><strong>3) \u00c0 LA CARTE &#8211; VOLO PRIVATO (1-5 pers.) &#8211; 45 min.<\/strong><\/td>\n<td><strong>A partire da CHF 1<span class=\"productPrice\">&#8216;880.00 per volo privato<br \/><\/span><\/strong><\/td>\n<\/tr>\n<tr>\n<td>Informazioni aggiuntive<\/td>\n<td>\n<p>&#8211; Utilizzi l&#8217;elicottero esclusivamente per te &#8211; Decidi tu la data e l&#8217;ora di partenza &#8211; Massimo 5 pers.<\/td>\n<\/tr>\n<tr>\n<td>Aerodromo<\/td>\n<td><a href=\"https:\/\/www.google.ch\/maps\/place\/46%C2%B029'14.0%22N+7%C2%B014'37.1%22E\/@46.4873887,7.238248,774m\/data=!3m1!1e3!4m4!3m3!8m2!3d46.4872222!4d7.2436389?hl=fr&amp;entry=ttu\">Saanen<\/a><\/td>\n<\/tr>\n<tr>\n<td>Tempo di volo<\/td>\n<td>60 min.<\/td>\n<\/tr>\n<tr>\n<td>Durata totale<\/td>\n<td>circa 1h30<\/td>\n<\/tr>\n<tr>\n<td>Appuntamento<\/td>\n<td>Per telefono<\/td>\n<\/tr>\n<tr>\n<td><button class=\"elementor-button\" type=\"button\"><a href=\"https:\/\/swissraft.outdoorbooking.ch\/fo\/products\/1755?base_id=233&amp;category_id=6&amp;order_type=gift_voucher&amp;lang=it\" target=\"_blank\" rel=\"noopener\">ACQUISTO BUONO REGALO<\/a><\/button><\/td>\n<td><strong>CHF 1&#8217;880.00 &#8211; Volo privato (1-4 pers.)<\/strong><\/td>\n<\/tr>\n<tr>\n<td><a href=\"https:\/\/swissraft.outdoorbooking.ch\/fo\/products\/1758?base_id=234&amp;category_id=6&amp;order_type=gift_voucher&amp;lang=it\" target=\"_blank\" rel=\"noopener\"><button class=\"elementor-button\" type=\"button\">ACQUISTO BUONO REGALO<\/button><\/a><\/td>\n<td><strong>CHF 2&#8217;350.00 &#8211; Volo privato (5 pers.)<\/strong><\/td>\n<\/tr>\n<tr>\n<td> <\/td>\n<td>Per effettuare una prenotazione <span class=\"patt\" style=\"font-family: inherit; font-size: inherit;\"><span class=\"plbl\"><span class=\"patt\"><a href=\"https:\/\/www.swissraft.ch\/it\/contattaci\/\">contattaci<\/a><\/span><\/span><\/span><\/td>\n<\/tr>\n<\/tbody>\n<\/table>\n<table border=\"0\" width=\"580\" cellspacing=\"10\" cellpadding=\"10\">\n<tbody>\n<tr>\n<td width=\"50%\"><strong>4) \u00c0 LA CARTE &#8211; VOLO PRIVATO (1-5 pers.) &#8211; 60 min.<\/strong><\/td>\n<td><strong>A partire da CHF 2<span class=\"productPrice\">&#8216;900.00 per volo privato<br \/><\/span><\/strong><\/td>\n<\/tr>\n<tr>\n<td>Informazioni aggiuntive<\/td>\n<td>\n<p>&#8211; Utilizzi l&#8217;elicottero esclusivamente per te &#8211; Decidi tu la data e l&#8217;ora di partenza &#8211; Massimo 5 pers.<\/td>\n<\/tr>\n<tr>\n<td>Aerodromo<\/td>\n<td><a href=\"https:\/\/www.google.ch\/maps\/place\/46%C2%B029'14.0%22N+7%C2%B014'37.1%22E\/@46.4873887,7.238248,774m\/data=!3m1!1e3!4m4!3m3!8m2!3d46.4872222!4d7.2436389?hl=fr&amp;entry=ttu\">Saanen<\/a><\/td>\n<\/tr>\n<tr>\n<td>Tempo di volo<\/td>\n<td>60 min.<\/td>\n<\/tr>\n<tr>\n<td>Durata totale<\/td>\n<td>circa 1h30<\/td>\n<\/tr>\n<tr>\n<td>Appuntamento<\/td>\n<td>Per telefono<\/td>\n<\/tr>\n<tr>\n<td><a href=\"https:\/\/swissraft.outdoorbooking.ch\/fo\/products\/1760?base_id=234&amp;category_id=6&amp;order_type=gift_voucher&amp;lang=it\" target=\"_blank\" rel=\"noopener\"><button class=\"elementor-button\" type=\"button\">ACQUISTO BUONO REGALO<\/button><\/a><\/td>\n<td><strong>CHF 2&#8217;900.00 &#8211; Volo privato (1-5 pers.)<\/strong><\/td>\n<\/tr>\n<tr>\n<td> <\/td>\n<td>Per effettuare una prenotazione <span class=\"patt\" style=\"font-family: inherit; font-size: inherit;\"><span class=\"plbl\"><span class=\"patt\"><a href=\"https:\/\/www.swissraft.ch\/it\/contattaci\/\">contattaci<\/a><\/span><\/span><\/span><\/td>\n<\/tr>\n<\/tbody>\n<\/table>\n\t\t\t\t\t\t<\/div>\n\t\t\t\t<\/div>\n\t\t\t\t\t<\/div>\n\t\t<\/div>\n\t\t\t\t\t\t\t<\/div>\n\t\t<\/section>\n\t\t\t\t\t\t\t<\/div>\n\t\t","protected":false},"excerpt":{"rendered":"<div align=\"justify\">\n<h2 align=\"justify\">Per prima cosa, comunica al nostro autista ci\u00f2 che desideri, specificando il numero di minuti che desideri.<\/h2>\n<h3>Il nostro pilota ti aiuter\u00e0 poi a concludere il tuo tour dall&#8217;aerodromo di Saanen.<\/h3>\n<\/div>\n<div align=\"justify\">\n<p>Voli panoramici in elicottero \u00c0 LA CARTE! Scegli il tuo itinerario in base al tuo budget. Il nostro pilota sar\u00e0 a disposizione per consigliarti e aiutarti a pianificare il tuo circuito di volo.<\/p>\n<p>Circuito 1 : volo di 20 minuti \u00e0 la carte<\/p>\n<p>Circuito 2 : volo di 30 minuti \u00e0 la carte<\/p>\n<p>Circuito 3 : volo di 45 minuti \u00e0 la carte<\/p>\n<p>Circuito 4 : volo di 60 minuti \u00e0 la carte<\/p>\n<h3>Su questo sito ti offriamo pi\u00f9 di 150 voli adatti a tutte le tasche.<\/h3>\n<p id=\"textarea\" style=\"display: none;\">Decolliamo anche dall&#8217;eliporto di Gstaad-Grund nel Saanenland. Sempre nell&#8217;Oberland Bernese, decolliamo dagli eliporti di Lenk-Simmental, Schattenhalb-Meiringen, Interlaken-Gsteigwiler e Lauterbrunnen. Ma abbiamo anche voli dall&#8217;aeroporto di Sion e dagli eliporti di Gampel e Collombey. Offriamo anche voli da Pfaffnau nel cantone di Lucerna e dall&#8217;eliporto di Erstfeld nel cantone di Uri. Ma anche dall&#8217;aeroporto di \u00c9pagny en Gruy\u00e8re, nel cantone di Friburgo. Inoltre, decolleremo dall&#8217;aerodromo di Buttwil, nel Canton Argovia. Voliamo anche nel cantone di Soletta dall&#8217;aeroporto di Grenchen. Operiamo anche voli nel Canton Svitto dall&#8217;eliporto di K\u00fcssnacht. Da un lato, decolliamo in elicottero dall&#8217;aeroporto internazionale di Zurigo-Kloten e dall&#8217;aeroporto internazionale di Berna-Belp. Abbiamo anche voli dall&#8217;eliporto di St. Moritz. Moritz e dall&#8217;aerodromo di Samedan. Offriamo anche voli dagli eliporti di Untervaz, Flims e Tavanasa nei Grigioni. Inoltre, decolleremo da Balzers nel Liechtenstein e dall&#8217;aerodromo di Sitterdorf nel Canton Turgovia. E in Ticino, negli aeroporti di Locarno e Lodrino.\n<\/p>\n<p><a id=\"seeMore\" onclick=\"toggleSeeMore()\" href=\"javascript:void(0);\">Leggi tutto<\/a><\/p>\n","protected":false},"featured_media":86480,"comment_status":"open","ping_status":"closed","template":"","meta":{"inline_featured_image":false,"_mi_skip_tracking":false},"product_cat":[392,581],"product_tag":[],"class_list":["post-93431","product","type-product","status-publish","has-post-thumbnail","hentry","product_cat-volo-in-elicottero","product_cat-elicottero-saanen"],"yoast_head":"<!-- This site is optimized with the Yoast SEO plugin v23.6 - https:\/\/yoast.com\/wordpress\/plugins\/seo\/ -->\n<title>Volo in elicottero \u00e0 la carte da Saanen con assistenza del pilota<\/title>\n<meta name=\"description\" content=\"Voli in elicottero \u00e0 la carte da Saanen. Decidi tu la rotta che vuoi seguire e il nostro pilota sar\u00e0 lieto di consigliarti.\" \/>\n<meta name=\"robots\" content=\"index, follow, max-snippet:-1, max-image-preview:large, max-video-preview:-1\" \/>\n<link rel=\"canonical\" href=\"https:\/\/www.swissraft.ch\/it\/prodotto\/volo-in-elicottero-da-saanen-a-la-carte-da-20-min-a-partire-da-chf-91500\/\" \/>\n<meta property=\"og:locale\" content=\"it_IT\" \/>\n<meta property=\"og:type\" content=\"article\" \/>\n<meta property=\"og:title\" content=\"Volo in elicottero \u00e0 la carte da Saanen con assistenza del pilota\" \/>\n<meta property=\"og:description\" content=\"Voli in elicottero \u00e0 la carte da Saanen. Decidi tu la rotta che vuoi seguire e il nostro pilota sar\u00e0 lieto di consigliarti.\" \/>\n<meta property=\"og:url\" content=\"https:\/\/www.swissraft.ch\/it\/prodotto\/volo-in-elicottero-da-saanen-a-la-carte-da-20-min-a-partire-da-chf-91500\/\" \/>\n<meta property=\"og:site_name\" content=\"Swissraft\" \/>\n<meta property=\"article:modified_time\" content=\"2025-04-16T01:03:04+00:00\" \/>\n<meta property=\"og:image\" content=\"https:\/\/www.swissraft.ch\/wp-content\/uploads\/2022\/12\/6-SAANEN-Rundfluge-A-LA-CARTE-20-Minuten-776x776-2.jpg\" \/>\n\t<meta property=\"og:image:width\" content=\"776\" \/>\n\t<meta property=\"og:image:height\" content=\"776\" \/>\n\t<meta property=\"og:image:type\" content=\"image\/jpeg\" \/>\n<meta name=\"twitter:card\" content=\"summary_large_image\" \/>\n<meta name=\"twitter:label1\" content=\"Tempo di lettura stimato\" \/>\n\t<meta name=\"twitter:data1\" content=\"2 minuti\" \/>\n<script type=\"application\/ld+json\" class=\"yoast-schema-graph\">{\"@context\":\"https:\/\/schema.org\",\"@graph\":[{\"@type\":\"WebPage\",\"@id\":\"https:\/\/www.swissraft.ch\/it\/prodotto\/volo-in-elicottero-da-saanen-a-la-carte-da-20-min-a-partire-da-chf-91500\/\",\"url\":\"https:\/\/www.swissraft.ch\/it\/prodotto\/volo-in-elicottero-da-saanen-a-la-carte-da-20-min-a-partire-da-chf-91500\/\",\"name\":\"Volo in elicottero \u00e0 la carte da Saanen con assistenza del pilota\",\"isPartOf\":{\"@id\":\"https:\/\/www.swissraft.ch\/it\/#website\"},\"primaryImageOfPage\":{\"@id\":\"https:\/\/www.swissraft.ch\/it\/prodotto\/volo-in-elicottero-da-saanen-a-la-carte-da-20-min-a-partire-da-chf-91500\/#primaryimage\"},\"image\":{\"@id\":\"https:\/\/www.swissraft.ch\/it\/prodotto\/volo-in-elicottero-da-saanen-a-la-carte-da-20-min-a-partire-da-chf-91500\/#primaryimage\"},\"thumbnailUrl\":\"https:\/\/www.swissraft.ch\/wp-content\/uploads\/2022\/12\/6-SAANEN-Rundfluge-A-LA-CARTE-20-Minuten-776x776-2.jpg\",\"datePublished\":\"2022-12-10T17:25:30+00:00\",\"dateModified\":\"2025-04-16T01:03:04+00:00\",\"description\":\"Voli in elicottero \u00e0 la carte da Saanen. Decidi tu la rotta che vuoi seguire e il nostro pilota sar\u00e0 lieto di consigliarti.\",\"breadcrumb\":{\"@id\":\"https:\/\/www.swissraft.ch\/it\/prodotto\/volo-in-elicottero-da-saanen-a-la-carte-da-20-min-a-partire-da-chf-91500\/#breadcrumb\"},\"inLanguage\":\"it-IT\",\"potentialAction\":[{\"@type\":\"ReadAction\",\"target\":[\"https:\/\/www.swissraft.ch\/it\/prodotto\/volo-in-elicottero-da-saanen-a-la-carte-da-20-min-a-partire-da-chf-91500\/\"]}]},{\"@type\":\"ImageObject\",\"inLanguage\":\"it-IT\",\"@id\":\"https:\/\/www.swissraft.ch\/it\/prodotto\/volo-in-elicottero-da-saanen-a-la-carte-da-20-min-a-partire-da-chf-91500\/#primaryimage\",\"url\":\"https:\/\/www.swissraft.ch\/wp-content\/uploads\/2022\/12\/6-SAANEN-Rundfluge-A-LA-CARTE-20-Minuten-776x776-2.jpg\",\"contentUrl\":\"https:\/\/www.swissraft.ch\/wp-content\/uploads\/2022\/12\/6-SAANEN-Rundfluge-A-LA-CARTE-20-Minuten-776x776-2.jpg\",\"width\":776,\"height\":776,\"caption\":\"Volo in elicottero su misura da Saanen\"},{\"@type\":\"BreadcrumbList\",\"@id\":\"https:\/\/www.swissraft.ch\/it\/prodotto\/volo-in-elicottero-da-saanen-a-la-carte-da-20-min-a-partire-da-chf-91500\/#breadcrumb\",\"itemListElement\":[{\"@type\":\"ListItem\",\"position\":1,\"name\":\"Accueil\",\"item\":\"https:\/\/www.swissraft.ch\/it\/\"},{\"@type\":\"ListItem\",\"position\":2,\"name\":\"Negozio\",\"item\":\"https:\/\/www.swissraft.ch\/it\/negozio\/\"},{\"@type\":\"ListItem\",\"position\":3,\"name\":\"Volo in elicottero da SAANEN &#8211; A LA CARTE &#8211; Da 20 min. &#8211; A partire da CHF 1&#8217;000.00\"}]},{\"@type\":\"WebSite\",\"@id\":\"https:\/\/www.swissraft.ch\/it\/#website\",\"url\":\"https:\/\/www.swissraft.ch\/it\/\",\"name\":\"Swissraft\",\"description\":\"To enjoy nature as it is\",\"publisher\":{\"@id\":\"https:\/\/www.swissraft.ch\/it\/#organization\"},\"potentialAction\":[{\"@type\":\"SearchAction\",\"target\":{\"@type\":\"EntryPoint\",\"urlTemplate\":\"https:\/\/www.swissraft.ch\/it\/?s={search_term_string}\"},\"query-input\":{\"@type\":\"PropertyValueSpecification\",\"valueRequired\":true,\"valueName\":\"search_term_string\"}}],\"inLanguage\":\"it-IT\"},{\"@type\":\"Organization\",\"@id\":\"https:\/\/www.swissraft.ch\/it\/#organization\",\"name\":\"Swissraft\",\"url\":\"https:\/\/www.swissraft.ch\/it\/\",\"logo\":{\"@type\":\"ImageObject\",\"inLanguage\":\"it-IT\",\"@id\":\"https:\/\/www.swissraft.ch\/it\/#\/schema\/logo\/image\/\",\"url\":\"https:\/\/www.swissraft.ch\/wp-content\/uploads\/2025\/09\/Capture.jpg\",\"contentUrl\":\"https:\/\/www.swissraft.ch\/wp-content\/uploads\/2025\/09\/Capture.jpg\",\"width\":293,\"height\":108,\"caption\":\"Swissraft\"},\"image\":{\"@id\":\"https:\/\/www.swissraft.ch\/it\/#\/schema\/logo\/image\/\"}}]}<\/script>\n<!-- \/ Yoast SEO plugin. -->","yoast_head_json":{"title":"Volo in elicottero \u00e0 la carte da Saanen con assistenza del pilota","description":"Voli in elicottero \u00e0 la carte da Saanen. Decidi tu la rotta che vuoi seguire e il nostro pilota sar\u00e0 lieto di consigliarti.","robots":{"index":"index","follow":"follow","max-snippet":"max-snippet:-1","max-image-preview":"max-image-preview:large","max-video-preview":"max-video-preview:-1"},"canonical":"https:\/\/www.swissraft.ch\/it\/prodotto\/volo-in-elicottero-da-saanen-a-la-carte-da-20-min-a-partire-da-chf-91500\/","og_locale":"it_IT","og_type":"article","og_title":"Volo in elicottero \u00e0 la carte da Saanen con assistenza del pilota","og_description":"Voli in elicottero \u00e0 la carte da Saanen. Decidi tu la rotta che vuoi seguire e il nostro pilota sar\u00e0 lieto di consigliarti.","og_url":"https:\/\/www.swissraft.ch\/it\/prodotto\/volo-in-elicottero-da-saanen-a-la-carte-da-20-min-a-partire-da-chf-91500\/","og_site_name":"Swissraft","article_modified_time":"2025-04-16T01:03:04+00:00","og_image":[{"width":776,"height":776,"url":"https:\/\/www.swissraft.ch\/wp-content\/uploads\/2022\/12\/6-SAANEN-Rundfluge-A-LA-CARTE-20-Minuten-776x776-2.jpg","type":"image\/jpeg"}],"twitter_card":"summary_large_image","twitter_misc":{"Tempo di lettura stimato":"2 minuti"},"schema":{"@context":"https:\/\/schema.org","@graph":[{"@type":"WebPage","@id":"https:\/\/www.swissraft.ch\/it\/prodotto\/volo-in-elicottero-da-saanen-a-la-carte-da-20-min-a-partire-da-chf-91500\/","url":"https:\/\/www.swissraft.ch\/it\/prodotto\/volo-in-elicottero-da-saanen-a-la-carte-da-20-min-a-partire-da-chf-91500\/","name":"Volo in elicottero \u00e0 la carte da Saanen con assistenza del pilota","isPartOf":{"@id":"https:\/\/www.swissraft.ch\/it\/#website"},"primaryImageOfPage":{"@id":"https:\/\/www.swissraft.ch\/it\/prodotto\/volo-in-elicottero-da-saanen-a-la-carte-da-20-min-a-partire-da-chf-91500\/#primaryimage"},"image":{"@id":"https:\/\/www.swissraft.ch\/it\/prodotto\/volo-in-elicottero-da-saanen-a-la-carte-da-20-min-a-partire-da-chf-91500\/#primaryimage"},"thumbnailUrl":"https:\/\/www.swissraft.ch\/wp-content\/uploads\/2022\/12\/6-SAANEN-Rundfluge-A-LA-CARTE-20-Minuten-776x776-2.jpg","datePublished":"2022-12-10T17:25:30+00:00","dateModified":"2025-04-16T01:03:04+00:00","description":"Voli in elicottero \u00e0 la carte da Saanen. Decidi tu la rotta che vuoi seguire e il nostro pilota sar\u00e0 lieto di consigliarti.","breadcrumb":{"@id":"https:\/\/www.swissraft.ch\/it\/prodotto\/volo-in-elicottero-da-saanen-a-la-carte-da-20-min-a-partire-da-chf-91500\/#breadcrumb"},"inLanguage":"it-IT","potentialAction":[{"@type":"ReadAction","target":["https:\/\/www.swissraft.ch\/it\/prodotto\/volo-in-elicottero-da-saanen-a-la-carte-da-20-min-a-partire-da-chf-91500\/"]}]},{"@type":"ImageObject","inLanguage":"it-IT","@id":"https:\/\/www.swissraft.ch\/it\/prodotto\/volo-in-elicottero-da-saanen-a-la-carte-da-20-min-a-partire-da-chf-91500\/#primaryimage","url":"https:\/\/www.swissraft.ch\/wp-content\/uploads\/2022\/12\/6-SAANEN-Rundfluge-A-LA-CARTE-20-Minuten-776x776-2.jpg","contentUrl":"https:\/\/www.swissraft.ch\/wp-content\/uploads\/2022\/12\/6-SAANEN-Rundfluge-A-LA-CARTE-20-Minuten-776x776-2.jpg","width":776,"height":776,"caption":"Volo in elicottero su misura da Saanen"},{"@type":"BreadcrumbList","@id":"https:\/\/www.swissraft.ch\/it\/prodotto\/volo-in-elicottero-da-saanen-a-la-carte-da-20-min-a-partire-da-chf-91500\/#breadcrumb","itemListElement":[{"@type":"ListItem","position":1,"name":"Accueil","item":"https:\/\/www.swissraft.ch\/it\/"},{"@type":"ListItem","position":2,"name":"Negozio","item":"https:\/\/www.swissraft.ch\/it\/negozio\/"},{"@type":"ListItem","position":3,"name":"Volo in elicottero da SAANEN &#8211; A LA CARTE &#8211; Da 20 min. &#8211; A partire da CHF 1&#8217;000.00"}]},{"@type":"WebSite","@id":"https:\/\/www.swissraft.ch\/it\/#website","url":"https:\/\/www.swissraft.ch\/it\/","name":"Swissraft","description":"To enjoy nature as it is","publisher":{"@id":"https:\/\/www.swissraft.ch\/it\/#organization"},"potentialAction":[{"@type":"SearchAction","target":{"@type":"EntryPoint","urlTemplate":"https:\/\/www.swissraft.ch\/it\/?s={search_term_string}"},"query-input":{"@type":"PropertyValueSpecification","valueRequired":true,"valueName":"search_term_string"}}],"inLanguage":"it-IT"},{"@type":"Organization","@id":"https:\/\/www.swissraft.ch\/it\/#organization","name":"Swissraft","url":"https:\/\/www.swissraft.ch\/it\/","logo":{"@type":"ImageObject","inLanguage":"it-IT","@id":"https:\/\/www.swissraft.ch\/it\/#\/schema\/logo\/image\/","url":"https:\/\/www.swissraft.ch\/wp-content\/uploads\/2025\/09\/Capture.jpg","contentUrl":"https:\/\/www.swissraft.ch\/wp-content\/uploads\/2025\/09\/Capture.jpg","width":293,"height":108,"caption":"Swissraft"},"image":{"@id":"https:\/\/www.swissraft.ch\/it\/#\/schema\/logo\/image\/"}}]}},"_links":{"self":[{"href":"https:\/\/www.swissraft.ch\/it\/wp-json\/wp\/v2\/product\/93431","targetHints":{"allow":["GET"]}}],"collection":[{"href":"https:\/\/www.swissraft.ch\/it\/wp-json\/wp\/v2\/product"}],"about":[{"href":"https:\/\/www.swissraft.ch\/it\/wp-json\/wp\/v2\/types\/product"}],"replies":[{"embeddable":true,"href":"https:\/\/www.swissraft.ch\/it\/wp-json\/wp\/v2\/comments?post=93431"}],"version-history":[{"count":7,"href":"https:\/\/www.swissraft.ch\/it\/wp-json\/wp\/v2\/product\/93431\/revisions"}],"predecessor-version":[{"id":112912,"href":"https:\/\/www.swissraft.ch\/it\/wp-json\/wp\/v2\/product\/93431\/revisions\/112912"}],"wp:featuredmedia":[{"embeddable":true,"href":"https:\/\/www.swissraft.ch\/it\/wp-json\/wp\/v2\/media\/86480"}],"wp:attachment":[{"href":"https:\/\/www.swissraft.ch\/it\/wp-json\/wp\/v2\/media?parent=93431"}],"wp:term":[{"taxonomy":"product_cat","embeddable":true,"href":"https:\/\/www.swissraft.ch\/it\/wp-json\/wp\/v2\/product_cat?post=93431"},{"taxonomy":"product_tag","embeddable":true,"href":"https:\/\/www.swissraft.ch\/it\/wp-json\/wp\/v2\/product_tag?post=93431"}],"curies":[{"name":"wp","href":"https:\/\/api.w.org\/{rel}","templated":true}]}}