{"id":93379,"date":"2022-12-10T13:56:03","date_gmt":"2022-12-10T12:56:03","guid":{"rendered":"https:\/\/swissraft.xyanzkdne.eu\/product\/volo-in-elicottero-da-lauterbrunnen-volo-glacier-20-min-a-partire-da-chf-81100\/"},"modified":"2026-04-19T06:10:35","modified_gmt":"2026-04-19T04:10:35","slug":"volo-elicottero-lauterbrunnen-volo-ghiacciai","status":"publish","type":"product","link":"https:\/\/www.swissraft.ch\/it\/prodotto\/volo-elicottero-lauterbrunnen-volo-ghiacciai\/","title":{"rendered":"Volo in elicottero &#8211; Lauterbrunnen &#8211; Volo Ghiacciai &#8211; 20 min. &#8211; Da CHF 870.00"},"content":{"rendered":"\t\t<div data-elementor-type=\"wp-post\" data-elementor-id=\"93379\" class=\"elementor elementor-93379 elementor-29416\">\n\t\t\t\t\t\t\t\t\t<section class=\"elementor-section elementor-top-section elementor-element elementor-element-3303a7e3 elementor-section-boxed elementor-section-height-default elementor-section-height-default\" data-id=\"3303a7e3\" data-element_type=\"section\">\n\t\t\t\t\t\t<div class=\"elementor-container elementor-column-gap-default\">\n\t\t\t\t\t<div class=\"elementor-column elementor-col-100 elementor-top-column elementor-element elementor-element-16d72dbf\" data-id=\"16d72dbf\" data-element_type=\"column\">\n\t\t\t<div class=\"elementor-widget-wrap elementor-element-populated\">\n\t\t\t\t\t\t\t\t<div class=\"elementor-element elementor-element-d743c03 elementor-widget elementor-widget-text-editor\" data-id=\"d743c03\" data-element_type=\"widget\" data-widget_type=\"text-editor.default\">\n\t\t\t\t<div class=\"elementor-widget-container\">\n\t\t\t\t\t\t\t<h2>SCEGLI LA TUA ATTIVIT\u00c0 QUI SOTTO PER OFFRIRE BUONI REGALO\/BIGLIETTI O EFFETTUARE UNA PRENOTAZIONE<\/h2><table style=\"height: 290px;\" border=\"0\" width=\"580\" cellspacing=\"10\" cellpadding=\"10\"><tbody><tr><td width=\"50%\"><strong>VOLO DEI GHIACCIAI &#8211; VOLO PRIVATO (1-5 pers.) &#8211; 20 min.<\/strong><\/td><td><strong>CHF 870.00 per volo privato<\/strong><\/td><\/tr><tr><td>Informazioni aggiuntive<\/td><td>&#8211; Utilizzi l&#8217;elicottero esclusivamente per te<br \/>&#8211; Decidi tu la data e l&#8217;ora di partenza<br \/>&#8211; Massimo 5 pers.<\/td><\/tr><tr><td>Eliporto<\/td><td><a href=\"https:\/\/www.google.com\/maps\/place\/46%C2%B035'08.5%22N+7%C2%B054'49.9%22E\/@46.5866323,7.8960457,3102m\/data=!3m1!1e3!4m4!3m3!8m2!3d46.5856944!4d7.9138611?entry=ttu\" target=\"_blank\" rel=\"noopener\">Lauterbrunnen<\/a><\/td><\/tr><tr><td>Durata del volo<\/td><td>20 min.<\/td><\/tr><tr><td>Durata totale<\/td><td>circa 1 ora<\/td><\/tr><tr><td>Appuntamento<\/td><td>Per telefono<\/td><\/tr><tr><td><button class=\"elementor-button\" type=\"button\"><a href=\"https:\/\/swissraft.outdoorbooking.ch\/fo\/products\/1726?base_id=21&amp;category_id=6&amp;order_type=gift_voucher&amp;lang=it\" target=\"_blank\" rel=\"noopener\">ACQUISTO BUONO REGALO \/ BIGLIETTO<\/a><\/button><\/td><td><strong>CHF 870.00 &#8211; Volo privato<\/strong><strong> (1-3 pers.)<\/strong><\/td><\/tr><tr><td><button class=\"elementor-button\" type=\"button\"><a href=\"https:\/\/swissraft.outdoorbooking.ch\/fo\/products\/1727?base_id=21&amp;category_id=6&amp;order_type=gift_voucher&amp;lang=it\" target=\"_blank\" rel=\"noopener\">ACQUISTO BUONO REGALO \/ BIGLIETTO<\/a><\/button><\/td><td><strong>CHF 930.00 &#8211; Volo privato<\/strong><strong> (1-3 pers.) &#8211; Atterraggio su un ghiacciaio<\/strong><\/td><\/tr><tr><td><button class=\"elementor-button\" type=\"button\"><a href=\"https:\/\/swissraft.outdoorbooking.ch\/fo\/products\/1731?base_id=227&amp;category_id=6&amp;order_type=gift_voucher&amp;lang=it\" target=\"_blank\" rel=\"noopener\">ACQUISTO BUONO REGALO \/ BIGLIETTO<\/a><\/button><\/td><td><strong>CHF 1&#8217;000.00 &#8211; Volo privato<\/strong><strong> (4 pers.)<\/strong><\/td><\/tr><tr><td><button class=\"elementor-button\" type=\"button\"><a href=\"https:\/\/swissraft.outdoorbooking.ch\/fo\/products\/1730?base_id=227&amp;category_id=6&amp;order_type=gift_voucher&amp;lang=it\" target=\"_blank\" rel=\"noopener\">ACQUISTO BUONO REGALO \/ BIGLIETTO<\/a><\/button><\/td><td><strong>CHF 1&#8217;080.00 &#8211; Volo privato<\/strong><strong> (4 pers.) &#8211; Atterraggio su un ghiacciaio<\/strong><\/td><\/tr><tr><td><button class=\"elementor-button\" type=\"button\"><a href=\"https:\/\/swissraft.outdoorbooking.ch\/fo\/products\/1736?base_id=228&amp;category_id=6&amp;order_type=gift_voucher&amp;lang=it\" target=\"_blank\" rel=\"noopener\">ACQUISTO BUONO REGALO \/ BIGLIETTO<\/a><\/button><\/td><td><strong>CHF 1&#8217;250.00 &#8211; Volo privato<\/strong><strong> (5 pers.)<\/strong><\/td><\/tr><tr><td><button class=\"elementor-button\" type=\"button\"><a href=\"https:\/\/swissraft.outdoorbooking.ch\/fo\/products\/1735?base_id=228&amp;category_id=6&amp;order_type=gift_voucher&amp;lang=it\" target=\"_blank\" rel=\"noopener\">ACQUISTO BUONO REGALO \/ BIGLIETTO<\/a><\/button><\/td><td><strong>CHF 1&#8217;350.00 &#8211; Volo privato<\/strong><strong> (5 pers.) &#8211; Atterraggio su un ghiacciaio<\/strong><\/td><\/tr><tr><td>\u00a0<\/td><td style=\"text-align: left;\"><strong><em>IMPORTANTE !<\/em><\/strong><br \/><em>Per prenotare, chiamate il numero che si trova in alto a sinistra sul buono regalo \/ biglietto.<\/em><\/td><\/tr><\/tbody><\/table>\t\t\t\t\t\t<\/div>\n\t\t\t\t<\/div>\n\t\t\t\t\t<\/div>\n\t\t<\/div>\n\t\t\t\t\t\t\t<\/div>\n\t\t<\/section>\n\t\t\t\t\t\t\t<\/div>\n\t\t","protected":false},"excerpt":{"rendered":"<div align=\"justify\">\n<h2 align=\"justify\">Questo volo di 20 minuti da Lauterbrunnen ti porter\u00e0 a sorvolare 3 dei ghiacciai pi\u00f9 impressionanti delle Alpi Bernesi.<\/h2>\n<h3>A seconda delle condizioni della neve, \u00e8 possibile atterrare su uno di essi per qualche minuto.<\/h3>\n<\/div>\n<div align=\"justify\">\n<p>Fai un volo in elicottero da Lauterbrunnen verso i 3 ghiacciai pi\u00f9 belli delle Alpi Bernesi. Il programma include il ghiacciaio dell&#8217;Aletsch, il pi\u00f9 grande delle Alpi, il ghiacciaio del Wildhorn e il ghiacciaio dello Tzanfleuron. Questo volo panoramico \u00e8 una vera bellezza. Da provare almeno una volta nella vita! Se le condizioni lo permettono, possiamo atterrare su uno di essi pagando un supplemento per ogni volo.<\/p>\n<h3>Sul suo sito web, Swissraft offre pi\u00f9 di 150 voli diversi in partenza da 14 eliporti, 9 campi di volo e 3 aeroporti.<\/h3>\n<p id=\"textarea\" style=\"display: none;\">\nPer prima cosa decolliamo dagli eliporti di Erstfeld nel Canton Uri e di Pfaffnau nel Canton Lucerna. Lo stesso vale per l&#8217;eliporto di Gstaad-Grund nel Saanenland e per l&#8217;aeroporto di Saanen. Anche dagli eliporti di Interlaken-Gsteigwiler, Lenk-Simmental e Schattenhalb-Meiringen. Offriamo voli in Vallese dagli eliporti di Collombey e Gampel e dall&#8217;aeroporto di Sion. Abbiamo anche tour in partenza dall&#8217;aerodromo di \u00c9pagny en Gruy\u00e8re. Ci sono anche tour in Argovia con partenza dall&#8217;aerodromo di Buttwil. Ci sono anche voli da Grenchen, nel cantone di Soletta. Abbiamo anche itinerari in elicottero con partenza dall&#8217;aeroporto internazionale di Berna-Belp. Cos\u00ec come dall&#8217;aeroporto internazionale di Zurigo-Kloten. E da K\u00fcssnacht, nel cantone di Svitto. Offriamo anche voli invernali da St. Moritz all&#8217;Engadina. Ci sono anche voli tutto l&#8217;anno da Samedan. Ma offriamo anche itinerari con partenza dagli eliporti di Flims, Tavanasa e Untervaz nei Grigioni. Nel Canton Ticino, offriamo tour da Lodrino e Locarno. Inoltre, decolliamo dall&#8217;eliporto di Balzers in Liechtenstein e dall&#8217;aerodromo di Sitterdorf in Turgovia.\n<\/p>\n<p><a id=\"seeMore\" onclick=\"toggleSeeMore()\" href=\"javascript:void(0);\">Leggi tutto<\/a><\/p>\n","protected":false},"featured_media":86276,"comment_status":"open","ping_status":"closed","template":"","meta":{"inline_featured_image":false,"_mi_skip_tracking":false},"product_cat":[392,574],"product_tag":[],"class_list":["post-93379","product","type-product","status-publish","has-post-thumbnail","hentry","product_cat-volo-in-elicottero","product_cat-elicottero-lauterbrunnen"],"yoast_head":"<!-- This site is optimized with the Yoast SEO plugin v23.6 - https:\/\/yoast.com\/wordpress\/plugins\/seo\/ -->\n<title>Il volo dei ghiacciai da Lauterbrunnen<\/title>\n<meta name=\"description\" content=\"Il volo dei ghiacciai da Lauterbrunnen. Questo volo di 20 minuti ti porter\u00e0 sui ghiacciai pi\u00f9 belli delle Alpi Bernesi. Un volo meraviglioso\" \/>\n<meta name=\"robots\" content=\"index, follow, max-snippet:-1, max-image-preview:large, max-video-preview:-1\" \/>\n<link rel=\"canonical\" href=\"https:\/\/www.swissraft.ch\/it\/prodotto\/volo-elicottero-lauterbrunnen-volo-ghiacciai\/\" \/>\n<meta property=\"og:locale\" content=\"it_IT\" \/>\n<meta property=\"og:type\" content=\"article\" \/>\n<meta property=\"og:title\" content=\"Il volo dei ghiacciai da Lauterbrunnen\" \/>\n<meta property=\"og:description\" content=\"Il volo dei ghiacciai da Lauterbrunnen. Questo volo di 20 minuti ti porter\u00e0 sui ghiacciai pi\u00f9 belli delle Alpi Bernesi. Un volo meraviglioso\" \/>\n<meta property=\"og:url\" content=\"https:\/\/www.swissraft.ch\/it\/prodotto\/volo-elicottero-lauterbrunnen-volo-ghiacciai\/\" \/>\n<meta property=\"og:site_name\" content=\"Swissraft\" \/>\n<meta property=\"article:modified_time\" content=\"2026-04-19T04:10:35+00:00\" \/>\n<meta property=\"og:image\" content=\"https:\/\/www.swissraft.ch\/wp-content\/uploads\/2022\/12\/2-LAUTERBRUNNEN-Gletscherrundflug-776x776-2.jpg\" \/>\n\t<meta property=\"og:image:width\" content=\"776\" \/>\n\t<meta property=\"og:image:height\" content=\"776\" \/>\n\t<meta property=\"og:image:type\" content=\"image\/jpeg\" \/>\n<meta name=\"twitter:card\" content=\"summary_large_image\" \/>\n<meta name=\"twitter:label1\" content=\"Tempo di lettura stimato\" \/>\n\t<meta name=\"twitter:data1\" content=\"1 minuto\" \/>\n<script type=\"application\/ld+json\" class=\"yoast-schema-graph\">{\"@context\":\"https:\/\/schema.org\",\"@graph\":[{\"@type\":\"WebPage\",\"@id\":\"https:\/\/www.swissraft.ch\/it\/prodotto\/volo-elicottero-lauterbrunnen-volo-ghiacciai\/\",\"url\":\"https:\/\/www.swissraft.ch\/it\/prodotto\/volo-elicottero-lauterbrunnen-volo-ghiacciai\/\",\"name\":\"Il volo dei ghiacciai da Lauterbrunnen\",\"isPartOf\":{\"@id\":\"https:\/\/www.swissraft.ch\/it\/#website\"},\"primaryImageOfPage\":{\"@id\":\"https:\/\/www.swissraft.ch\/it\/prodotto\/volo-elicottero-lauterbrunnen-volo-ghiacciai\/#primaryimage\"},\"image\":{\"@id\":\"https:\/\/www.swissraft.ch\/it\/prodotto\/volo-elicottero-lauterbrunnen-volo-ghiacciai\/#primaryimage\"},\"thumbnailUrl\":\"https:\/\/www.swissraft.ch\/wp-content\/uploads\/2022\/12\/2-LAUTERBRUNNEN-Gletscherrundflug-776x776-2.jpg\",\"datePublished\":\"2022-12-10T12:56:03+00:00\",\"dateModified\":\"2026-04-19T04:10:35+00:00\",\"description\":\"Il volo dei ghiacciai da Lauterbrunnen. Questo volo di 20 minuti ti porter\u00e0 sui ghiacciai pi\u00f9 belli delle Alpi Bernesi. Un volo meraviglioso\",\"breadcrumb\":{\"@id\":\"https:\/\/www.swissraft.ch\/it\/prodotto\/volo-elicottero-lauterbrunnen-volo-ghiacciai\/#breadcrumb\"},\"inLanguage\":\"it-IT\",\"potentialAction\":[{\"@type\":\"ReadAction\",\"target\":[\"https:\/\/www.swissraft.ch\/it\/prodotto\/volo-elicottero-lauterbrunnen-volo-ghiacciai\/\"]}]},{\"@type\":\"ImageObject\",\"inLanguage\":\"it-IT\",\"@id\":\"https:\/\/www.swissraft.ch\/it\/prodotto\/volo-elicottero-lauterbrunnen-volo-ghiacciai\/#primaryimage\",\"url\":\"https:\/\/www.swissraft.ch\/wp-content\/uploads\/2022\/12\/2-LAUTERBRUNNEN-Gletscherrundflug-776x776-2.jpg\",\"contentUrl\":\"https:\/\/www.swissraft.ch\/wp-content\/uploads\/2022\/12\/2-LAUTERBRUNNEN-Gletscherrundflug-776x776-2.jpg\",\"width\":776,\"height\":776,\"caption\":\"Volo in elicottero sui ghiacciai da Lauterbrunnen\"},{\"@type\":\"BreadcrumbList\",\"@id\":\"https:\/\/www.swissraft.ch\/it\/prodotto\/volo-elicottero-lauterbrunnen-volo-ghiacciai\/#breadcrumb\",\"itemListElement\":[{\"@type\":\"ListItem\",\"position\":1,\"name\":\"Accueil\",\"item\":\"https:\/\/www.swissraft.ch\/it\/\"},{\"@type\":\"ListItem\",\"position\":2,\"name\":\"Negozio\",\"item\":\"https:\/\/www.swissraft.ch\/it\/negozio\/\"},{\"@type\":\"ListItem\",\"position\":3,\"name\":\"Volo in elicottero &#8211; Lauterbrunnen &#8211; Volo Ghiacciai &#8211; 20 min. &#8211; Da CHF 870.00\"}]},{\"@type\":\"WebSite\",\"@id\":\"https:\/\/www.swissraft.ch\/it\/#website\",\"url\":\"https:\/\/www.swissraft.ch\/it\/\",\"name\":\"Swissraft\",\"description\":\"To enjoy nature as it is\",\"publisher\":{\"@id\":\"https:\/\/www.swissraft.ch\/it\/#organization\"},\"potentialAction\":[{\"@type\":\"SearchAction\",\"target\":{\"@type\":\"EntryPoint\",\"urlTemplate\":\"https:\/\/www.swissraft.ch\/it\/?s={search_term_string}\"},\"query-input\":{\"@type\":\"PropertyValueSpecification\",\"valueRequired\":true,\"valueName\":\"search_term_string\"}}],\"inLanguage\":\"it-IT\"},{\"@type\":\"Organization\",\"@id\":\"https:\/\/www.swissraft.ch\/it\/#organization\",\"name\":\"Swissraft\",\"url\":\"https:\/\/www.swissraft.ch\/it\/\",\"logo\":{\"@type\":\"ImageObject\",\"inLanguage\":\"it-IT\",\"@id\":\"https:\/\/www.swissraft.ch\/it\/#\/schema\/logo\/image\/\",\"url\":\"https:\/\/www.swissraft.ch\/wp-content\/uploads\/2025\/09\/Capture.jpg\",\"contentUrl\":\"https:\/\/www.swissraft.ch\/wp-content\/uploads\/2025\/09\/Capture.jpg\",\"width\":293,\"height\":108,\"caption\":\"Swissraft\"},\"image\":{\"@id\":\"https:\/\/www.swissraft.ch\/it\/#\/schema\/logo\/image\/\"}}]}<\/script>\n<!-- \/ Yoast SEO plugin. -->","yoast_head_json":{"title":"Il volo dei ghiacciai da Lauterbrunnen","description":"Il volo dei ghiacciai da Lauterbrunnen. Questo volo di 20 minuti ti porter\u00e0 sui ghiacciai pi\u00f9 belli delle Alpi Bernesi. Un volo meraviglioso","robots":{"index":"index","follow":"follow","max-snippet":"max-snippet:-1","max-image-preview":"max-image-preview:large","max-video-preview":"max-video-preview:-1"},"canonical":"https:\/\/www.swissraft.ch\/it\/prodotto\/volo-elicottero-lauterbrunnen-volo-ghiacciai\/","og_locale":"it_IT","og_type":"article","og_title":"Il volo dei ghiacciai da Lauterbrunnen","og_description":"Il volo dei ghiacciai da Lauterbrunnen. Questo volo di 20 minuti ti porter\u00e0 sui ghiacciai pi\u00f9 belli delle Alpi Bernesi. Un volo meraviglioso","og_url":"https:\/\/www.swissraft.ch\/it\/prodotto\/volo-elicottero-lauterbrunnen-volo-ghiacciai\/","og_site_name":"Swissraft","article_modified_time":"2026-04-19T04:10:35+00:00","og_image":[{"width":776,"height":776,"url":"https:\/\/www.swissraft.ch\/wp-content\/uploads\/2022\/12\/2-LAUTERBRUNNEN-Gletscherrundflug-776x776-2.jpg","type":"image\/jpeg"}],"twitter_card":"summary_large_image","twitter_misc":{"Tempo di lettura stimato":"1 minuto"},"schema":{"@context":"https:\/\/schema.org","@graph":[{"@type":"WebPage","@id":"https:\/\/www.swissraft.ch\/it\/prodotto\/volo-elicottero-lauterbrunnen-volo-ghiacciai\/","url":"https:\/\/www.swissraft.ch\/it\/prodotto\/volo-elicottero-lauterbrunnen-volo-ghiacciai\/","name":"Il volo dei ghiacciai da Lauterbrunnen","isPartOf":{"@id":"https:\/\/www.swissraft.ch\/it\/#website"},"primaryImageOfPage":{"@id":"https:\/\/www.swissraft.ch\/it\/prodotto\/volo-elicottero-lauterbrunnen-volo-ghiacciai\/#primaryimage"},"image":{"@id":"https:\/\/www.swissraft.ch\/it\/prodotto\/volo-elicottero-lauterbrunnen-volo-ghiacciai\/#primaryimage"},"thumbnailUrl":"https:\/\/www.swissraft.ch\/wp-content\/uploads\/2022\/12\/2-LAUTERBRUNNEN-Gletscherrundflug-776x776-2.jpg","datePublished":"2022-12-10T12:56:03+00:00","dateModified":"2026-04-19T04:10:35+00:00","description":"Il volo dei ghiacciai da Lauterbrunnen. Questo volo di 20 minuti ti porter\u00e0 sui ghiacciai pi\u00f9 belli delle Alpi Bernesi. Un volo meraviglioso","breadcrumb":{"@id":"https:\/\/www.swissraft.ch\/it\/prodotto\/volo-elicottero-lauterbrunnen-volo-ghiacciai\/#breadcrumb"},"inLanguage":"it-IT","potentialAction":[{"@type":"ReadAction","target":["https:\/\/www.swissraft.ch\/it\/prodotto\/volo-elicottero-lauterbrunnen-volo-ghiacciai\/"]}]},{"@type":"ImageObject","inLanguage":"it-IT","@id":"https:\/\/www.swissraft.ch\/it\/prodotto\/volo-elicottero-lauterbrunnen-volo-ghiacciai\/#primaryimage","url":"https:\/\/www.swissraft.ch\/wp-content\/uploads\/2022\/12\/2-LAUTERBRUNNEN-Gletscherrundflug-776x776-2.jpg","contentUrl":"https:\/\/www.swissraft.ch\/wp-content\/uploads\/2022\/12\/2-LAUTERBRUNNEN-Gletscherrundflug-776x776-2.jpg","width":776,"height":776,"caption":"Volo in elicottero sui ghiacciai da Lauterbrunnen"},{"@type":"BreadcrumbList","@id":"https:\/\/www.swissraft.ch\/it\/prodotto\/volo-elicottero-lauterbrunnen-volo-ghiacciai\/#breadcrumb","itemListElement":[{"@type":"ListItem","position":1,"name":"Accueil","item":"https:\/\/www.swissraft.ch\/it\/"},{"@type":"ListItem","position":2,"name":"Negozio","item":"https:\/\/www.swissraft.ch\/it\/negozio\/"},{"@type":"ListItem","position":3,"name":"Volo in elicottero &#8211; Lauterbrunnen &#8211; Volo Ghiacciai &#8211; 20 min. &#8211; Da CHF 870.00"}]},{"@type":"WebSite","@id":"https:\/\/www.swissraft.ch\/it\/#website","url":"https:\/\/www.swissraft.ch\/it\/","name":"Swissraft","description":"To enjoy nature as it is","publisher":{"@id":"https:\/\/www.swissraft.ch\/it\/#organization"},"potentialAction":[{"@type":"SearchAction","target":{"@type":"EntryPoint","urlTemplate":"https:\/\/www.swissraft.ch\/it\/?s={search_term_string}"},"query-input":{"@type":"PropertyValueSpecification","valueRequired":true,"valueName":"search_term_string"}}],"inLanguage":"it-IT"},{"@type":"Organization","@id":"https:\/\/www.swissraft.ch\/it\/#organization","name":"Swissraft","url":"https:\/\/www.swissraft.ch\/it\/","logo":{"@type":"ImageObject","inLanguage":"it-IT","@id":"https:\/\/www.swissraft.ch\/it\/#\/schema\/logo\/image\/","url":"https:\/\/www.swissraft.ch\/wp-content\/uploads\/2025\/09\/Capture.jpg","contentUrl":"https:\/\/www.swissraft.ch\/wp-content\/uploads\/2025\/09\/Capture.jpg","width":293,"height":108,"caption":"Swissraft"},"image":{"@id":"https:\/\/www.swissraft.ch\/it\/#\/schema\/logo\/image\/"}}]}},"_links":{"self":[{"href":"https:\/\/www.swissraft.ch\/it\/wp-json\/wp\/v2\/product\/93379","targetHints":{"allow":["GET"]}}],"collection":[{"href":"https:\/\/www.swissraft.ch\/it\/wp-json\/wp\/v2\/product"}],"about":[{"href":"https:\/\/www.swissraft.ch\/it\/wp-json\/wp\/v2\/types\/product"}],"replies":[{"embeddable":true,"href":"https:\/\/www.swissraft.ch\/it\/wp-json\/wp\/v2\/comments?post=93379"}],"version-history":[{"count":43,"href":"https:\/\/www.swissraft.ch\/it\/wp-json\/wp\/v2\/product\/93379\/revisions"}],"predecessor-version":[{"id":141110,"href":"https:\/\/www.swissraft.ch\/it\/wp-json\/wp\/v2\/product\/93379\/revisions\/141110"}],"wp:featuredmedia":[{"embeddable":true,"href":"https:\/\/www.swissraft.ch\/it\/wp-json\/wp\/v2\/media\/86276"}],"wp:attachment":[{"href":"https:\/\/www.swissraft.ch\/it\/wp-json\/wp\/v2\/media?parent=93379"}],"wp:term":[{"taxonomy":"product_cat","embeddable":true,"href":"https:\/\/www.swissraft.ch\/it\/wp-json\/wp\/v2\/product_cat?post=93379"},{"taxonomy":"product_tag","embeddable":true,"href":"https:\/\/www.swissraft.ch\/it\/wp-json\/wp\/v2\/product_tag?post=93379"}],"curies":[{"name":"wp","href":"https:\/\/api.w.org\/{rel}","templated":true}]}}