{"id":93367,"date":"2022-12-21T17:47:14","date_gmt":"2022-12-21T16:47:14","guid":{"rendered":"https:\/\/swissraft.xyanzkdne.eu\/product\/volo-in-elicottero-da-balzers-atterraggio-sul-burgenstock-70-min-a-partire-da-chf-1425-00\/"},"modified":"2024-11-19T21:51:56","modified_gmt":"2024-11-19T20:51:56","slug":"volo-in-elicottero-da-balzers-atterraggio-sul-burgenstock-70-min-a-partire-da-chf-1425-00","status":"publish","type":"product","link":"https:\/\/www.swissraft.ch\/it\/prodotto\/volo-in-elicottero-da-balzers-atterraggio-sul-burgenstock-70-min-a-partire-da-chf-1425-00\/","title":{"rendered":"Volo in elicottero da BALZERS &#8211; Atterraggio sul B\u00dcRGENSTOCK &#8211; 70 min. &#8211; A partire da CHF 1&#8217;425.00"},"content":{"rendered":"\t\t<div data-elementor-type=\"wp-post\" data-elementor-id=\"93367\" class=\"elementor elementor-93367 elementor-29837\">\n\t\t\t\t\t\t\t\t\t<section class=\"elementor-section elementor-top-section elementor-element elementor-element-3303a7e3 elementor-section-boxed elementor-section-height-default elementor-section-height-default\" data-id=\"3303a7e3\" data-element_type=\"section\">\n\t\t\t\t\t\t<div class=\"elementor-container elementor-column-gap-default\">\n\t\t\t\t\t<div class=\"elementor-column elementor-col-100 elementor-top-column elementor-element elementor-element-16d72dbf\" data-id=\"16d72dbf\" data-element_type=\"column\">\n\t\t\t<div class=\"elementor-widget-wrap elementor-element-populated\">\n\t\t\t\t\t\t\t\t<div class=\"elementor-element elementor-element-d743c03 elementor-widget elementor-widget-text-editor\" data-id=\"d743c03\" data-element_type=\"widget\" data-widget_type=\"text-editor.default\">\n\t\t\t\t<div class=\"elementor-widget-container\">\n\t\t\t\t\t\t\t<h2>SCEGLI LA TUA ATTIVIT\u00c0 QUI SOTTO PER OFFRIRE BUONI REGALO\/BIGLIETTI O EFFETTUARE UNA PRENOTAZIONE<\/h2>\n<table border=\"0\" width=\"580\" cellspacing=\"10\" cellpadding=\"10\">\n<tbody>\n<tr>\n<td width=\"50%\"><strong>ATTERRAGGIO SUL B\u00dcRGENSTOCK &#8211; <\/strong><strong>VOLO PRIVATO (1-4 pers.) &#8211; 70 min.<\/strong><\/td>\n<td><strong>A partire da CHF 1&#8217;425.00 per volo privato<span class=\"productPrice\"><br \/><\/span><\/strong><\/td>\n<\/tr>\n<tr>\n<td>Informazioni aggiuntive<\/td>\n<td>\n<p>&#8211; L&#8217;elicottero \u00e8 a tua disposizione in esclusiva &#8211; Sei tu a stabilire la data e l&#8217;ora di partenza &#8211; Massimo 4 persone &#8211; Pasti e bevande esclusi<\/td>\n<\/tr>\n<tr>\n<td>Eliporto<\/td>\n<td><a href=\"https:\/\/www.google.com\/maps\/place\/47%C2%B004'05.9%22N+9%C2%B028'54.3%22E\/@47.0684676,9.4773295,769m\/data=!3m1!1e3!4m4!3m3!8m2!3d47.0683056!4d9.48175?entry=ttu\" target=\"_blank\" rel=\"noopener\">Balzers<\/a><\/td>\n<\/tr>\n<tr>\n<td>Tempo di volo<\/td>\n<td>70 min.<\/td>\n<\/tr>\n<tr>\n<td>Durata totale<\/td>\n<td>circa 3 ore<\/td>\n<\/tr>\n<tr>\n<td>Appuntamento<\/td>\n<td>Per telefono<\/td>\n<\/tr>\n<tr>\n<td><button class=\"elementor-button\" type=\"button\"><a href=\"https:\/\/swissraft.outdoorbooking.ch\/fo\/products\/1058?base_id=183&amp;category_id=6&amp;order_type=gift_voucher&amp;lang=it\" target=\"_blank\" rel=\"noopener\">BUONO REGALO<\/a><\/button><\/td>\n<td><strong>CHF 1&#8217;425.00 &#8211; volo privato (1-3 pers.)<\/strong><\/td>\n<\/tr>\n<tr>\n<td><button class=\"elementor-button\" type=\"button\"><a href=\"https:\/\/swissraft.outdoorbooking.ch\/fo\/products\/1057?base_id=184&amp;category_id=6&amp;order_type=gift_voucher&amp;lang=it\" target=\"_blank\" rel=\"noopener\">BUONO REGALO<\/a><\/button><\/td>\n<td><strong>CHF 1&#8217;900.00 &#8211; volo privato (4 pers.)<\/strong><\/td>\n<\/tr>\n<tr>\n<td> <\/td>\n<td>Per effettuare una prenotazione <span class=\"patt\" style=\"font-family: inherit; font-size: inherit;\"><span class=\"plbl\"><span class=\"patt\"><a href=\"https:\/\/www.swissraft.ch\/it\/contattaci\/\">contattaci<\/a><\/span><\/span><\/span><\/td>\n<\/tr>\n<\/tbody>\n<\/table>\n\t\t\t\t\t\t<\/div>\n\t\t\t\t<\/div>\n\t\t\t\t\t<\/div>\n\t\t<\/div>\n\t\t\t\t\t\t\t<\/div>\n\t\t<\/section>\n\t\t\t\t\t\t\t<\/div>\n\t\t","protected":false},"excerpt":{"rendered":"<div align=\"justify\">\n<h2 align=\"justify\">Dirigiti verso la Svizzera centrale con un volo di 70 minuti in elicottero<\/h2>\n<h3>Partendo da Balzers, il volo prevede un atterraggio sul famoso B\u00fcrgenstock.<\/h3>\n<\/div>\n<p>Da Balzers sorvoliamo il Walensee e poi lungo il Rautispitz verso il lago W\u00e4gital. Prosegui poi verso la valle di Euthal e il lago Sihl vicino a Einsiedeln. Poi ti dirigerai verso il Rigi e la citt\u00e0 di Lucerna. Lungo il Pilatus e poi il B\u00fcrgenstock, dove si effettua un atterraggio intermedio. Se lo desideri, puoi fare una pausa culinaria. Poi il volo di ritorno prosegue verso il R\u00fctliwiese passando per il Fronalpstock, con una magnifica vista sulle montagne Brunnen e Mythen. Poi ti dirigerai verso la Valle di Muota, la terra dei laghi e delle grotte. Infine, sorvolerai il lago Kl\u00f6ntal, Flumserberg, Sargans e tornerai all&#8217;eliporto di Balzers.<\/p>\n<h3>Swissraft ti offre oltre 150 voli. Chiamaci e saremo felici di consigliarti. <\/h3>\n<p id=\"textarea\" style=\"display: none;\">\nDecolliamo dall&#8217;aerodromo di Samedan tutto l&#8217;anno e dall&#8217;eliporto di St. Moritz solo in inverno. Cos\u00ec come gli eliporti di Tavanasa, Flims e Untervaz durante tutto l&#8217;anno. Decolliamo anche dall&#8217;aerodromo di Sitterdorf in Turgovia. Operiamo anche voli dagli aeroporti internazionali di Zurigo-Kloten e Berna-Belp. Ci sono anche voli dall&#8217;aeroporto di Saanen e dall&#8217;eliporto di Gstaad-Grund nel Gstaad-Saanenland. Offriamo anche voli dagli eliporti di Lenk-Simmental, Schattenhalb-Meiringen, Interlaken-Gsteigwiler e Lauterbrunnen. Anche nel cantone di Lucerna da Pfaffnau e da Erstfeld nel cantone di Uri.<br \/>\nOffriamo anche tour con partenza da Buttwil, nel Canton Argovia. Cos\u00ec come i tour in partenza da K\u00fcssnacht nel Canton Svitto e da Grenchen nel Canton Soletta. Poi ci sono i tour da \u00c9pagny en Gruy\u00e8re. Lo stesso vale per il Vallese, dall&#8217;aeroporto di Sion e dagli eliporti di Collombey e Gampel.<br \/>\nSiamo presenti anche in Ticino, offrendo voli dagli aeroporti di Locarno e Lodrino.\n<\/p>\n<p><a id=\"seeMore\" onclick=\"toggleSeeMore()\" href=\"javascript:void(0);\">Leggi tutto<\/a><\/p>\n","protected":false},"featured_media":86717,"comment_status":"open","ping_status":"closed","template":"","meta":{"inline_featured_image":false,"_mi_skip_tracking":false},"product_cat":[392,414],"product_tag":[],"class_list":["post-93367","product","type-product","status-publish","has-post-thumbnail","hentry","product_cat-volo-in-elicottero","product_cat-elicottero-balzers"],"yoast_head":"<!-- This site is optimized with the Yoast SEO plugin v23.6 - https:\/\/yoast.com\/wordpress\/plugins\/seo\/ -->\n<title>Atterraggio di un elicottero sul B\u00fcrgenstock da Balzers<\/title>\n<meta name=\"description\" content=\"Atterraggio in elicottero sul B\u00fcrgenstock da Balzers. Questo volo in elicottero di 70 minuti ti entusiasmer\u00e0.\" \/>\n<meta name=\"robots\" content=\"index, follow, max-snippet:-1, max-image-preview:large, max-video-preview:-1\" \/>\n<link rel=\"canonical\" href=\"https:\/\/www.swissraft.ch\/it\/prodotto\/volo-in-elicottero-da-balzers-atterraggio-sul-burgenstock-70-min-a-partire-da-chf-1425-00\/\" \/>\n<meta property=\"og:locale\" content=\"it_IT\" \/>\n<meta property=\"og:type\" content=\"article\" \/>\n<meta property=\"og:title\" content=\"Atterraggio di un elicottero sul B\u00fcrgenstock da Balzers\" \/>\n<meta property=\"og:description\" content=\"Atterraggio in elicottero sul B\u00fcrgenstock da Balzers. Questo volo in elicottero di 70 minuti ti entusiasmer\u00e0.\" \/>\n<meta property=\"og:url\" content=\"https:\/\/www.swissraft.ch\/it\/prodotto\/volo-in-elicottero-da-balzers-atterraggio-sul-burgenstock-70-min-a-partire-da-chf-1425-00\/\" \/>\n<meta property=\"og:site_name\" content=\"Swissraft\" \/>\n<meta property=\"article:modified_time\" content=\"2024-11-19T20:51:56+00:00\" \/>\n<meta property=\"og:image\" content=\"https:\/\/www.swissraft.ch\/wp-content\/uploads\/2022\/12\/08-SARGANS-BALZERS-Innerschweiz-Zwischenlandung-776x776-4.jpg\" \/>\n\t<meta property=\"og:image:width\" content=\"776\" \/>\n\t<meta property=\"og:image:height\" content=\"776\" \/>\n\t<meta property=\"og:image:type\" content=\"image\/jpeg\" \/>\n<meta name=\"twitter:card\" content=\"summary_large_image\" \/>\n<script type=\"application\/ld+json\" class=\"yoast-schema-graph\">{\"@context\":\"https:\/\/schema.org\",\"@graph\":[{\"@type\":\"WebPage\",\"@id\":\"https:\/\/www.swissraft.ch\/it\/prodotto\/volo-in-elicottero-da-balzers-atterraggio-sul-burgenstock-70-min-a-partire-da-chf-1425-00\/\",\"url\":\"https:\/\/www.swissraft.ch\/it\/prodotto\/volo-in-elicottero-da-balzers-atterraggio-sul-burgenstock-70-min-a-partire-da-chf-1425-00\/\",\"name\":\"Atterraggio di un elicottero sul B\u00fcrgenstock da Balzers\",\"isPartOf\":{\"@id\":\"https:\/\/www.swissraft.ch\/it\/#website\"},\"primaryImageOfPage\":{\"@id\":\"https:\/\/www.swissraft.ch\/it\/prodotto\/volo-in-elicottero-da-balzers-atterraggio-sul-burgenstock-70-min-a-partire-da-chf-1425-00\/#primaryimage\"},\"image\":{\"@id\":\"https:\/\/www.swissraft.ch\/it\/prodotto\/volo-in-elicottero-da-balzers-atterraggio-sul-burgenstock-70-min-a-partire-da-chf-1425-00\/#primaryimage\"},\"thumbnailUrl\":\"https:\/\/www.swissraft.ch\/wp-content\/uploads\/2022\/12\/08-SARGANS-BALZERS-Innerschweiz-Zwischenlandung-776x776-4.jpg\",\"datePublished\":\"2022-12-21T16:47:14+00:00\",\"dateModified\":\"2024-11-19T20:51:56+00:00\",\"description\":\"Atterraggio in elicottero sul B\u00fcrgenstock da Balzers. Questo volo in elicottero di 70 minuti ti entusiasmer\u00e0.\",\"breadcrumb\":{\"@id\":\"https:\/\/www.swissraft.ch\/it\/prodotto\/volo-in-elicottero-da-balzers-atterraggio-sul-burgenstock-70-min-a-partire-da-chf-1425-00\/#breadcrumb\"},\"inLanguage\":\"it-IT\",\"potentialAction\":[{\"@type\":\"ReadAction\",\"target\":[\"https:\/\/www.swissraft.ch\/it\/prodotto\/volo-in-elicottero-da-balzers-atterraggio-sul-burgenstock-70-min-a-partire-da-chf-1425-00\/\"]}]},{\"@type\":\"ImageObject\",\"inLanguage\":\"it-IT\",\"@id\":\"https:\/\/www.swissraft.ch\/it\/prodotto\/volo-in-elicottero-da-balzers-atterraggio-sul-burgenstock-70-min-a-partire-da-chf-1425-00\/#primaryimage\",\"url\":\"https:\/\/www.swissraft.ch\/wp-content\/uploads\/2022\/12\/08-SARGANS-BALZERS-Innerschweiz-Zwischenlandung-776x776-4.jpg\",\"contentUrl\":\"https:\/\/www.swissraft.ch\/wp-content\/uploads\/2022\/12\/08-SARGANS-BALZERS-Innerschweiz-Zwischenlandung-776x776-4.jpg\",\"width\":776,\"height\":776,\"caption\":\"Partenza da Balzers per la Svizzera centrale e atterraggio in elicottero sul B\u00fcrgenstock.\"},{\"@type\":\"BreadcrumbList\",\"@id\":\"https:\/\/www.swissraft.ch\/it\/prodotto\/volo-in-elicottero-da-balzers-atterraggio-sul-burgenstock-70-min-a-partire-da-chf-1425-00\/#breadcrumb\",\"itemListElement\":[{\"@type\":\"ListItem\",\"position\":1,\"name\":\"Accueil\",\"item\":\"https:\/\/www.swissraft.ch\/it\/\"},{\"@type\":\"ListItem\",\"position\":2,\"name\":\"Negozio\",\"item\":\"https:\/\/www.swissraft.ch\/it\/negozio\/\"},{\"@type\":\"ListItem\",\"position\":3,\"name\":\"Volo in elicottero da BALZERS &#8211; Atterraggio sul B\u00dcRGENSTOCK &#8211; 70 min. &#8211; A partire da CHF 1&#8217;425.00\"}]},{\"@type\":\"WebSite\",\"@id\":\"https:\/\/www.swissraft.ch\/it\/#website\",\"url\":\"https:\/\/www.swissraft.ch\/it\/\",\"name\":\"Swissraft\",\"description\":\"To enjoy nature as it is\",\"publisher\":{\"@id\":\"https:\/\/www.swissraft.ch\/it\/#organization\"},\"potentialAction\":[{\"@type\":\"SearchAction\",\"target\":{\"@type\":\"EntryPoint\",\"urlTemplate\":\"https:\/\/www.swissraft.ch\/it\/?s={search_term_string}\"},\"query-input\":{\"@type\":\"PropertyValueSpecification\",\"valueRequired\":true,\"valueName\":\"search_term_string\"}}],\"inLanguage\":\"it-IT\"},{\"@type\":\"Organization\",\"@id\":\"https:\/\/www.swissraft.ch\/it\/#organization\",\"name\":\"Swissraft\",\"url\":\"https:\/\/www.swissraft.ch\/it\/\",\"logo\":{\"@type\":\"ImageObject\",\"inLanguage\":\"it-IT\",\"@id\":\"https:\/\/www.swissraft.ch\/it\/#\/schema\/logo\/image\/\",\"url\":\"https:\/\/www.swissraft.ch\/wp-content\/uploads\/2025\/09\/Capture.jpg\",\"contentUrl\":\"https:\/\/www.swissraft.ch\/wp-content\/uploads\/2025\/09\/Capture.jpg\",\"width\":293,\"height\":108,\"caption\":\"Swissraft\"},\"image\":{\"@id\":\"https:\/\/www.swissraft.ch\/it\/#\/schema\/logo\/image\/\"}}]}<\/script>\n<!-- \/ Yoast SEO plugin. -->","yoast_head_json":{"title":"Atterraggio di un elicottero sul B\u00fcrgenstock da Balzers","description":"Atterraggio in elicottero sul B\u00fcrgenstock da Balzers. Questo volo in elicottero di 70 minuti ti entusiasmer\u00e0.","robots":{"index":"index","follow":"follow","max-snippet":"max-snippet:-1","max-image-preview":"max-image-preview:large","max-video-preview":"max-video-preview:-1"},"canonical":"https:\/\/www.swissraft.ch\/it\/prodotto\/volo-in-elicottero-da-balzers-atterraggio-sul-burgenstock-70-min-a-partire-da-chf-1425-00\/","og_locale":"it_IT","og_type":"article","og_title":"Atterraggio di un elicottero sul B\u00fcrgenstock da Balzers","og_description":"Atterraggio in elicottero sul B\u00fcrgenstock da Balzers. Questo volo in elicottero di 70 minuti ti entusiasmer\u00e0.","og_url":"https:\/\/www.swissraft.ch\/it\/prodotto\/volo-in-elicottero-da-balzers-atterraggio-sul-burgenstock-70-min-a-partire-da-chf-1425-00\/","og_site_name":"Swissraft","article_modified_time":"2024-11-19T20:51:56+00:00","og_image":[{"width":776,"height":776,"url":"https:\/\/www.swissraft.ch\/wp-content\/uploads\/2022\/12\/08-SARGANS-BALZERS-Innerschweiz-Zwischenlandung-776x776-4.jpg","type":"image\/jpeg"}],"twitter_card":"summary_large_image","schema":{"@context":"https:\/\/schema.org","@graph":[{"@type":"WebPage","@id":"https:\/\/www.swissraft.ch\/it\/prodotto\/volo-in-elicottero-da-balzers-atterraggio-sul-burgenstock-70-min-a-partire-da-chf-1425-00\/","url":"https:\/\/www.swissraft.ch\/it\/prodotto\/volo-in-elicottero-da-balzers-atterraggio-sul-burgenstock-70-min-a-partire-da-chf-1425-00\/","name":"Atterraggio di un elicottero sul B\u00fcrgenstock da Balzers","isPartOf":{"@id":"https:\/\/www.swissraft.ch\/it\/#website"},"primaryImageOfPage":{"@id":"https:\/\/www.swissraft.ch\/it\/prodotto\/volo-in-elicottero-da-balzers-atterraggio-sul-burgenstock-70-min-a-partire-da-chf-1425-00\/#primaryimage"},"image":{"@id":"https:\/\/www.swissraft.ch\/it\/prodotto\/volo-in-elicottero-da-balzers-atterraggio-sul-burgenstock-70-min-a-partire-da-chf-1425-00\/#primaryimage"},"thumbnailUrl":"https:\/\/www.swissraft.ch\/wp-content\/uploads\/2022\/12\/08-SARGANS-BALZERS-Innerschweiz-Zwischenlandung-776x776-4.jpg","datePublished":"2022-12-21T16:47:14+00:00","dateModified":"2024-11-19T20:51:56+00:00","description":"Atterraggio in elicottero sul B\u00fcrgenstock da Balzers. Questo volo in elicottero di 70 minuti ti entusiasmer\u00e0.","breadcrumb":{"@id":"https:\/\/www.swissraft.ch\/it\/prodotto\/volo-in-elicottero-da-balzers-atterraggio-sul-burgenstock-70-min-a-partire-da-chf-1425-00\/#breadcrumb"},"inLanguage":"it-IT","potentialAction":[{"@type":"ReadAction","target":["https:\/\/www.swissraft.ch\/it\/prodotto\/volo-in-elicottero-da-balzers-atterraggio-sul-burgenstock-70-min-a-partire-da-chf-1425-00\/"]}]},{"@type":"ImageObject","inLanguage":"it-IT","@id":"https:\/\/www.swissraft.ch\/it\/prodotto\/volo-in-elicottero-da-balzers-atterraggio-sul-burgenstock-70-min-a-partire-da-chf-1425-00\/#primaryimage","url":"https:\/\/www.swissraft.ch\/wp-content\/uploads\/2022\/12\/08-SARGANS-BALZERS-Innerschweiz-Zwischenlandung-776x776-4.jpg","contentUrl":"https:\/\/www.swissraft.ch\/wp-content\/uploads\/2022\/12\/08-SARGANS-BALZERS-Innerschweiz-Zwischenlandung-776x776-4.jpg","width":776,"height":776,"caption":"Partenza da Balzers per la Svizzera centrale e atterraggio in elicottero sul B\u00fcrgenstock."},{"@type":"BreadcrumbList","@id":"https:\/\/www.swissraft.ch\/it\/prodotto\/volo-in-elicottero-da-balzers-atterraggio-sul-burgenstock-70-min-a-partire-da-chf-1425-00\/#breadcrumb","itemListElement":[{"@type":"ListItem","position":1,"name":"Accueil","item":"https:\/\/www.swissraft.ch\/it\/"},{"@type":"ListItem","position":2,"name":"Negozio","item":"https:\/\/www.swissraft.ch\/it\/negozio\/"},{"@type":"ListItem","position":3,"name":"Volo in elicottero da BALZERS &#8211; Atterraggio sul B\u00dcRGENSTOCK &#8211; 70 min. &#8211; A partire da CHF 1&#8217;425.00"}]},{"@type":"WebSite","@id":"https:\/\/www.swissraft.ch\/it\/#website","url":"https:\/\/www.swissraft.ch\/it\/","name":"Swissraft","description":"To enjoy nature as it is","publisher":{"@id":"https:\/\/www.swissraft.ch\/it\/#organization"},"potentialAction":[{"@type":"SearchAction","target":{"@type":"EntryPoint","urlTemplate":"https:\/\/www.swissraft.ch\/it\/?s={search_term_string}"},"query-input":{"@type":"PropertyValueSpecification","valueRequired":true,"valueName":"search_term_string"}}],"inLanguage":"it-IT"},{"@type":"Organization","@id":"https:\/\/www.swissraft.ch\/it\/#organization","name":"Swissraft","url":"https:\/\/www.swissraft.ch\/it\/","logo":{"@type":"ImageObject","inLanguage":"it-IT","@id":"https:\/\/www.swissraft.ch\/it\/#\/schema\/logo\/image\/","url":"https:\/\/www.swissraft.ch\/wp-content\/uploads\/2025\/09\/Capture.jpg","contentUrl":"https:\/\/www.swissraft.ch\/wp-content\/uploads\/2025\/09\/Capture.jpg","width":293,"height":108,"caption":"Swissraft"},"image":{"@id":"https:\/\/www.swissraft.ch\/it\/#\/schema\/logo\/image\/"}}]}},"_links":{"self":[{"href":"https:\/\/www.swissraft.ch\/it\/wp-json\/wp\/v2\/product\/93367","targetHints":{"allow":["GET"]}}],"collection":[{"href":"https:\/\/www.swissraft.ch\/it\/wp-json\/wp\/v2\/product"}],"about":[{"href":"https:\/\/www.swissraft.ch\/it\/wp-json\/wp\/v2\/types\/product"}],"replies":[{"embeddable":true,"href":"https:\/\/www.swissraft.ch\/it\/wp-json\/wp\/v2\/comments?post=93367"}],"version-history":[{"count":0,"href":"https:\/\/www.swissraft.ch\/it\/wp-json\/wp\/v2\/product\/93367\/revisions"}],"wp:featuredmedia":[{"embeddable":true,"href":"https:\/\/www.swissraft.ch\/it\/wp-json\/wp\/v2\/media\/86717"}],"wp:attachment":[{"href":"https:\/\/www.swissraft.ch\/it\/wp-json\/wp\/v2\/media?parent=93367"}],"wp:term":[{"taxonomy":"product_cat","embeddable":true,"href":"https:\/\/www.swissraft.ch\/it\/wp-json\/wp\/v2\/product_cat?post=93367"},{"taxonomy":"product_tag","embeddable":true,"href":"https:\/\/www.swissraft.ch\/it\/wp-json\/wp\/v2\/product_tag?post=93367"}],"curies":[{"name":"wp","href":"https:\/\/api.w.org\/{rel}","templated":true}]}}