{"id":93362,"date":"2022-12-21T18:05:41","date_gmt":"2022-12-21T17:05:41","guid":{"rendered":"https:\/\/swissraft.xyanzkdne.eu\/product\/volo-in-elicottero-da-balzers-alpi-tessiniche-e-grotto-90-min-a-partire-da-chf-1890-00\/"},"modified":"2024-11-19T21:52:08","modified_gmt":"2024-11-19T20:52:08","slug":"volo-in-elicottero-da-balzers-alpi-tessiniche-e-grotto-90-min-a-partire-da-chf-1890-00","status":"publish","type":"product","link":"https:\/\/www.swissraft.ch\/it\/prodotto\/volo-in-elicottero-da-balzers-alpi-tessiniche-e-grotto-90-min-a-partire-da-chf-1890-00\/","title":{"rendered":"Volo in elicottero da BALZERS &#8211; ALPI TESSINICHE E GROTTO &#8211; 90 min. &#8211; A partire da CHF 1&#8217;890.00"},"content":{"rendered":"\t\t<div data-elementor-type=\"wp-post\" data-elementor-id=\"93362\" class=\"elementor elementor-93362 elementor-29853\">\n\t\t\t\t\t\t\t\t\t<section class=\"elementor-section elementor-top-section elementor-element elementor-element-3303a7e3 elementor-section-boxed elementor-section-height-default elementor-section-height-default\" data-id=\"3303a7e3\" data-element_type=\"section\">\n\t\t\t\t\t\t<div class=\"elementor-container elementor-column-gap-default\">\n\t\t\t\t\t<div class=\"elementor-column elementor-col-100 elementor-top-column elementor-element elementor-element-16d72dbf\" data-id=\"16d72dbf\" data-element_type=\"column\">\n\t\t\t<div class=\"elementor-widget-wrap elementor-element-populated\">\n\t\t\t\t\t\t\t\t<div class=\"elementor-element elementor-element-d743c03 elementor-widget elementor-widget-text-editor\" data-id=\"d743c03\" data-element_type=\"widget\" data-widget_type=\"text-editor.default\">\n\t\t\t\t<div class=\"elementor-widget-container\">\n\t\t\t\t\t\t\t<h2>SCEGLI LA TUA ATTIVIT\u00c0 QUI SOTTO PER OFFRIRE BUONI REGALO\/BIGLIETTI O EFFETTUARE UNA PRENOTAZIONE<\/h2>\n<table border=\"0\" width=\"580\" cellspacing=\"10\" cellpadding=\"10\">\n<tbody>\n<tr>\n<td width=\"50%\">\n<h3><strong>ALPI DEL TICINO E GROTTA &#8211; <\/strong><strong style=\"font-family: inherit; font-size: inherit;\">VOLO PRIVATO (1-4 pers.) &#8211; 90 min.<\/strong><\/h3>\n<\/td>\n<td><strong>Da CHF 1.890,00 per volo privato<span class=\"productPrice\"><br \/><\/span><\/strong><\/td>\n<\/tr>\n<tr>\n<td>Informazioni aggiuntive<\/td>\n<td>\n<p>&#8211; L&#8217;elicottero \u00e8 a tua disposizione in esclusiva &#8211; Sei tu a stabilire la data e l&#8217;ora di partenza &#8211; Massimo 4 persone &#8211; Pasti e bevande esclusi<\/td>\n<\/tr>\n<tr>\n<td>Eliporto<\/td>\n<td><a href=\"https:\/\/www.google.com\/maps\/place\/47%C2%B004'05.9%22N+9%C2%B028'54.3%22E\/@47.0684676,9.4773295,769m\/data=!3m1!1e3!4m4!3m3!8m2!3d47.0683056!4d9.48175?entry=ttu\" target=\"_blank\" rel=\"noopener\">Balzers<\/a><\/td>\n<\/tr>\n<tr>\n<td>Tempo di volo<\/td>\n<td>90 minuti.<\/td>\n<\/tr>\n<tr>\n<td>Durata totale<\/td>\n<td>circa 3 ore<\/td>\n<\/tr>\n<tr>\n<td>Appuntamento<\/td>\n<td>Per telefono<\/td>\n<\/tr>\n<tr>\n<td><button class=\"elementor-button\" type=\"button\"><a href=\"https:\/\/swissraft.outdoorbooking.ch\/fo\/products\/1064?base_id=183&amp;category_id=6&amp;order_type=gift_voucher&amp;lang=it\" target=\"_blank\" rel=\"noopener\">BUONO REGALO<\/a><\/button><\/td>\n<td><strong>CHF 1&#8217;890.00 &#8211; volo privato (1-3 pers.)<\/strong><\/td>\n<\/tr>\n<tr>\n<td><button class=\"elementor-button\" type=\"button\"><a href=\"https:\/\/swissraft.outdoorbooking.ch\/fo\/products\/1065?base_id=184&amp;category_id=6&amp;order_type=gift_voucher&amp;lang=it\" target=\"_blank\" rel=\"noopener\">BUONO REGALO<\/a><\/button><\/td>\n<td><strong>CHF 2&#8217;590.00 &#8211; volo privato (4 pers.)<\/strong><\/td>\n<\/tr>\n<tr>\n<td> <\/td>\n<td>Per effettuare una prenotazione <span class=\"patt\" style=\"font-family: inherit; font-size: inherit;\"><span class=\"plbl\"><span class=\"patt\"><a href=\"https:\/\/www.swissraft.ch\/it\/contattaci\/\">contattaci<\/a><\/span><\/span><\/span><\/td>\n<\/tr>\n<\/tbody>\n<\/table>\n\t\t\t\t\t\t<\/div>\n\t\t\t\t<\/div>\n\t\t\t\t\t<\/div>\n\t\t<\/div>\n\t\t\t\t\t\t\t<\/div>\n\t\t<\/section>\n\t\t\t\t\t\t\t<\/div>\n\t\t","protected":false},"excerpt":{"rendered":"<div align=\"justify\">\n<h2 align=\"justify\">Questo volo in elicottero di 90 minuti ti porter\u00e0 in un batter d&#8217;occhio in Ticino, sulla terrazza di una grotta.<\/h2>\n<h3>Da nord a sud a tempo di record, con una pausa in quota sulla terrazza di un tipico grotto ticinese.<\/h3>\n<\/div>\n<p>Da Balzers sorvolerai Maienfeld e poi il San Bernardino in direzione di Bellinzona. Sorvolando la piana di Magadino, puoi gi\u00e0 vedere i riflessi del Lago Maggiore. In alto sopra il lago, atterri su una terrazza vicino a una grotta. Ti aspettano specialit\u00e0 regionali. Durante il volo di ritorno, passerai per la Valle Verzasca, il Piz Medel e il suo ghiacciaio. Poi le imponenti cime del Clariden, il T\u00f6di, il Tschingelh\u00f6rner e il famoso Martinsloch prima di tornare a Balzers.<\/p>\n<h3>Con oltre 150 voli turistici tra cui scegliere, non c&#8217;\u00e8 che l&#8217;imbarazzo della scelta. Chiamaci e ti consiglieremo <\/h3>\n<p id=\"textarea\" style=\"display: none;\">\nOperiamo voli dall&#8217;eliporto di St. Moritz. Puoi volare a St. Moritz in inverno e all&#8217;aeroporto di Samedan tutto l&#8217;anno. Lo stesso vale per i voli dagli eliporti di Tavanasa, Flims e Untervaz. Ma anche dall&#8217;aerodromo di Sitterdorf in Turgovia. Decolliamo anche dagli aeroporti internazionali di Zurigo-Kloten e Berna-Belp. Decolliamo anche dall&#8217;eliporto di Gstaad-Grund e dall&#8217;aerodromo di Saanen nel Gstaad-Saanenland. Offriamo anche voli dagli eliporti di Lenk-Simmental, Schattenhalb-Meiringen, Interlaken-Gsteigwiler e Lauterbrunnen. Cos\u00ec come i voli per il cantone di Lucerna da Pfaffnau e per il cantone di Uri da Erstfeld. Abbiamo anche voli da Buttwil nel Canton Argovia. Cos\u00ec come i tour in partenza da K\u00fcssnacht nel Canton Svitto e da Grenchen nel Canton Soletta. Offriamo anche tour da \u00c9pagny en Gruy\u00e8re. In Vallese, decolliamo anche dagli eliporti di Gampel e Collombey e dall&#8217;aeroporto di Sion. Inoltre, decolliamo dagli aeroporti di Locarno e Lodrino in Ticino.\n<\/p>\n<p><a id=\"seeMore\" onclick=\"toggleSeeMore()\" href=\"javascript:void(0);\">Leggi tutto<\/a><\/p>\n","protected":false},"featured_media":86669,"comment_status":"open","ping_status":"closed","template":"","meta":{"inline_featured_image":false,"_mi_skip_tracking":false},"product_cat":[392,414],"product_tag":[],"class_list":["post-93362","product","type-product","status-publish","has-post-thumbnail","hentry","product_cat-volo-in-elicottero","product_cat-elicottero-balzers"],"yoast_head":"<!-- This site is optimized with the Yoast SEO plugin v23.6 - https:\/\/yoast.com\/wordpress\/plugins\/seo\/ -->\n<title>Volo in elicottero da Balzers verso le Alpi del Ticino e la grotta<\/title>\n<meta name=\"description\" content=\"Tour in elicottero delle Alpi ticinesi e della grotta, con partenza da Balzers per un volo di 90 minuti e atterraggio vicino a una tipica grotta ticinese.\" \/>\n<meta name=\"robots\" content=\"index, follow, max-snippet:-1, max-image-preview:large, max-video-preview:-1\" \/>\n<link rel=\"canonical\" href=\"https:\/\/www.swissraft.ch\/it\/prodotto\/volo-in-elicottero-da-balzers-alpi-tessiniche-e-grotto-90-min-a-partire-da-chf-1890-00\/\" \/>\n<meta property=\"og:locale\" content=\"it_IT\" \/>\n<meta property=\"og:type\" content=\"article\" \/>\n<meta property=\"og:title\" content=\"Volo in elicottero da Balzers verso le Alpi del Ticino e la grotta\" \/>\n<meta property=\"og:description\" content=\"Tour in elicottero delle Alpi ticinesi e della grotta, con partenza da Balzers per un volo di 90 minuti e atterraggio vicino a una tipica grotta ticinese.\" \/>\n<meta property=\"og:url\" content=\"https:\/\/www.swissraft.ch\/it\/prodotto\/volo-in-elicottero-da-balzers-alpi-tessiniche-e-grotto-90-min-a-partire-da-chf-1890-00\/\" \/>\n<meta property=\"og:site_name\" content=\"Swissraft\" \/>\n<meta property=\"article:modified_time\" content=\"2024-11-19T20:52:08+00:00\" \/>\n<meta property=\"og:image\" content=\"https:\/\/www.swissraft.ch\/wp-content\/uploads\/2022\/12\/10-SARGANS-BALZERS-Uber-die-Alpen-ins-Tessiner-Grotto-776x776-2.jpg\" \/>\n\t<meta property=\"og:image:width\" content=\"776\" \/>\n\t<meta property=\"og:image:height\" content=\"776\" \/>\n\t<meta property=\"og:image:type\" content=\"image\/jpeg\" \/>\n<meta name=\"twitter:card\" content=\"summary_large_image\" \/>\n<script type=\"application\/ld+json\" class=\"yoast-schema-graph\">{\"@context\":\"https:\/\/schema.org\",\"@graph\":[{\"@type\":\"WebPage\",\"@id\":\"https:\/\/www.swissraft.ch\/it\/prodotto\/volo-in-elicottero-da-balzers-alpi-tessiniche-e-grotto-90-min-a-partire-da-chf-1890-00\/\",\"url\":\"https:\/\/www.swissraft.ch\/it\/prodotto\/volo-in-elicottero-da-balzers-alpi-tessiniche-e-grotto-90-min-a-partire-da-chf-1890-00\/\",\"name\":\"Volo in elicottero da Balzers verso le Alpi del Ticino e la grotta\",\"isPartOf\":{\"@id\":\"https:\/\/www.swissraft.ch\/it\/#website\"},\"primaryImageOfPage\":{\"@id\":\"https:\/\/www.swissraft.ch\/it\/prodotto\/volo-in-elicottero-da-balzers-alpi-tessiniche-e-grotto-90-min-a-partire-da-chf-1890-00\/#primaryimage\"},\"image\":{\"@id\":\"https:\/\/www.swissraft.ch\/it\/prodotto\/volo-in-elicottero-da-balzers-alpi-tessiniche-e-grotto-90-min-a-partire-da-chf-1890-00\/#primaryimage\"},\"thumbnailUrl\":\"https:\/\/www.swissraft.ch\/wp-content\/uploads\/2022\/12\/10-SARGANS-BALZERS-Uber-die-Alpen-ins-Tessiner-Grotto-776x776-2.jpg\",\"datePublished\":\"2022-12-21T17:05:41+00:00\",\"dateModified\":\"2024-11-19T20:52:08+00:00\",\"description\":\"Tour in elicottero delle Alpi ticinesi e della grotta, con partenza da Balzers per un volo di 90 minuti e atterraggio vicino a una tipica grotta ticinese.\",\"breadcrumb\":{\"@id\":\"https:\/\/www.swissraft.ch\/it\/prodotto\/volo-in-elicottero-da-balzers-alpi-tessiniche-e-grotto-90-min-a-partire-da-chf-1890-00\/#breadcrumb\"},\"inLanguage\":\"it-IT\",\"potentialAction\":[{\"@type\":\"ReadAction\",\"target\":[\"https:\/\/www.swissraft.ch\/it\/prodotto\/volo-in-elicottero-da-balzers-alpi-tessiniche-e-grotto-90-min-a-partire-da-chf-1890-00\/\"]}]},{\"@type\":\"ImageObject\",\"inLanguage\":\"it-IT\",\"@id\":\"https:\/\/www.swissraft.ch\/it\/prodotto\/volo-in-elicottero-da-balzers-alpi-tessiniche-e-grotto-90-min-a-partire-da-chf-1890-00\/#primaryimage\",\"url\":\"https:\/\/www.swissraft.ch\/wp-content\/uploads\/2022\/12\/10-SARGANS-BALZERS-Uber-die-Alpen-ins-Tessiner-Grotto-776x776-2.jpg\",\"contentUrl\":\"https:\/\/www.swissraft.ch\/wp-content\/uploads\/2022\/12\/10-SARGANS-BALZERS-Uber-die-Alpen-ins-Tessiner-Grotto-776x776-2.jpg\",\"width\":776,\"height\":776,\"caption\":\"Da Balzers per un volo in elicottero verso le Alpi e una grotta del Ticino\"},{\"@type\":\"BreadcrumbList\",\"@id\":\"https:\/\/www.swissraft.ch\/it\/prodotto\/volo-in-elicottero-da-balzers-alpi-tessiniche-e-grotto-90-min-a-partire-da-chf-1890-00\/#breadcrumb\",\"itemListElement\":[{\"@type\":\"ListItem\",\"position\":1,\"name\":\"Accueil\",\"item\":\"https:\/\/www.swissraft.ch\/it\/\"},{\"@type\":\"ListItem\",\"position\":2,\"name\":\"Negozio\",\"item\":\"https:\/\/www.swissraft.ch\/it\/negozio\/\"},{\"@type\":\"ListItem\",\"position\":3,\"name\":\"Volo in elicottero da BALZERS &#8211; ALPI TESSINICHE E GROTTO &#8211; 90 min. &#8211; A partire da CHF 1&#8217;890.00\"}]},{\"@type\":\"WebSite\",\"@id\":\"https:\/\/www.swissraft.ch\/it\/#website\",\"url\":\"https:\/\/www.swissraft.ch\/it\/\",\"name\":\"Swissraft\",\"description\":\"To enjoy nature as it is\",\"publisher\":{\"@id\":\"https:\/\/www.swissraft.ch\/it\/#organization\"},\"potentialAction\":[{\"@type\":\"SearchAction\",\"target\":{\"@type\":\"EntryPoint\",\"urlTemplate\":\"https:\/\/www.swissraft.ch\/it\/?s={search_term_string}\"},\"query-input\":{\"@type\":\"PropertyValueSpecification\",\"valueRequired\":true,\"valueName\":\"search_term_string\"}}],\"inLanguage\":\"it-IT\"},{\"@type\":\"Organization\",\"@id\":\"https:\/\/www.swissraft.ch\/it\/#organization\",\"name\":\"Swissraft\",\"url\":\"https:\/\/www.swissraft.ch\/it\/\",\"logo\":{\"@type\":\"ImageObject\",\"inLanguage\":\"it-IT\",\"@id\":\"https:\/\/www.swissraft.ch\/it\/#\/schema\/logo\/image\/\",\"url\":\"https:\/\/www.swissraft.ch\/wp-content\/uploads\/2025\/09\/Capture.jpg\",\"contentUrl\":\"https:\/\/www.swissraft.ch\/wp-content\/uploads\/2025\/09\/Capture.jpg\",\"width\":293,\"height\":108,\"caption\":\"Swissraft\"},\"image\":{\"@id\":\"https:\/\/www.swissraft.ch\/it\/#\/schema\/logo\/image\/\"}}]}<\/script>\n<!-- \/ Yoast SEO plugin. -->","yoast_head_json":{"title":"Volo in elicottero da Balzers verso le Alpi del Ticino e la grotta","description":"Tour in elicottero delle Alpi ticinesi e della grotta, con partenza da Balzers per un volo di 90 minuti e atterraggio vicino a una tipica grotta ticinese.","robots":{"index":"index","follow":"follow","max-snippet":"max-snippet:-1","max-image-preview":"max-image-preview:large","max-video-preview":"max-video-preview:-1"},"canonical":"https:\/\/www.swissraft.ch\/it\/prodotto\/volo-in-elicottero-da-balzers-alpi-tessiniche-e-grotto-90-min-a-partire-da-chf-1890-00\/","og_locale":"it_IT","og_type":"article","og_title":"Volo in elicottero da Balzers verso le Alpi del Ticino e la grotta","og_description":"Tour in elicottero delle Alpi ticinesi e della grotta, con partenza da Balzers per un volo di 90 minuti e atterraggio vicino a una tipica grotta ticinese.","og_url":"https:\/\/www.swissraft.ch\/it\/prodotto\/volo-in-elicottero-da-balzers-alpi-tessiniche-e-grotto-90-min-a-partire-da-chf-1890-00\/","og_site_name":"Swissraft","article_modified_time":"2024-11-19T20:52:08+00:00","og_image":[{"width":776,"height":776,"url":"https:\/\/www.swissraft.ch\/wp-content\/uploads\/2022\/12\/10-SARGANS-BALZERS-Uber-die-Alpen-ins-Tessiner-Grotto-776x776-2.jpg","type":"image\/jpeg"}],"twitter_card":"summary_large_image","schema":{"@context":"https:\/\/schema.org","@graph":[{"@type":"WebPage","@id":"https:\/\/www.swissraft.ch\/it\/prodotto\/volo-in-elicottero-da-balzers-alpi-tessiniche-e-grotto-90-min-a-partire-da-chf-1890-00\/","url":"https:\/\/www.swissraft.ch\/it\/prodotto\/volo-in-elicottero-da-balzers-alpi-tessiniche-e-grotto-90-min-a-partire-da-chf-1890-00\/","name":"Volo in elicottero da Balzers verso le Alpi del Ticino e la grotta","isPartOf":{"@id":"https:\/\/www.swissraft.ch\/it\/#website"},"primaryImageOfPage":{"@id":"https:\/\/www.swissraft.ch\/it\/prodotto\/volo-in-elicottero-da-balzers-alpi-tessiniche-e-grotto-90-min-a-partire-da-chf-1890-00\/#primaryimage"},"image":{"@id":"https:\/\/www.swissraft.ch\/it\/prodotto\/volo-in-elicottero-da-balzers-alpi-tessiniche-e-grotto-90-min-a-partire-da-chf-1890-00\/#primaryimage"},"thumbnailUrl":"https:\/\/www.swissraft.ch\/wp-content\/uploads\/2022\/12\/10-SARGANS-BALZERS-Uber-die-Alpen-ins-Tessiner-Grotto-776x776-2.jpg","datePublished":"2022-12-21T17:05:41+00:00","dateModified":"2024-11-19T20:52:08+00:00","description":"Tour in elicottero delle Alpi ticinesi e della grotta, con partenza da Balzers per un volo di 90 minuti e atterraggio vicino a una tipica grotta ticinese.","breadcrumb":{"@id":"https:\/\/www.swissraft.ch\/it\/prodotto\/volo-in-elicottero-da-balzers-alpi-tessiniche-e-grotto-90-min-a-partire-da-chf-1890-00\/#breadcrumb"},"inLanguage":"it-IT","potentialAction":[{"@type":"ReadAction","target":["https:\/\/www.swissraft.ch\/it\/prodotto\/volo-in-elicottero-da-balzers-alpi-tessiniche-e-grotto-90-min-a-partire-da-chf-1890-00\/"]}]},{"@type":"ImageObject","inLanguage":"it-IT","@id":"https:\/\/www.swissraft.ch\/it\/prodotto\/volo-in-elicottero-da-balzers-alpi-tessiniche-e-grotto-90-min-a-partire-da-chf-1890-00\/#primaryimage","url":"https:\/\/www.swissraft.ch\/wp-content\/uploads\/2022\/12\/10-SARGANS-BALZERS-Uber-die-Alpen-ins-Tessiner-Grotto-776x776-2.jpg","contentUrl":"https:\/\/www.swissraft.ch\/wp-content\/uploads\/2022\/12\/10-SARGANS-BALZERS-Uber-die-Alpen-ins-Tessiner-Grotto-776x776-2.jpg","width":776,"height":776,"caption":"Da Balzers per un volo in elicottero verso le Alpi e una grotta del Ticino"},{"@type":"BreadcrumbList","@id":"https:\/\/www.swissraft.ch\/it\/prodotto\/volo-in-elicottero-da-balzers-alpi-tessiniche-e-grotto-90-min-a-partire-da-chf-1890-00\/#breadcrumb","itemListElement":[{"@type":"ListItem","position":1,"name":"Accueil","item":"https:\/\/www.swissraft.ch\/it\/"},{"@type":"ListItem","position":2,"name":"Negozio","item":"https:\/\/www.swissraft.ch\/it\/negozio\/"},{"@type":"ListItem","position":3,"name":"Volo in elicottero da BALZERS &#8211; ALPI TESSINICHE E GROTTO &#8211; 90 min. &#8211; A partire da CHF 1&#8217;890.00"}]},{"@type":"WebSite","@id":"https:\/\/www.swissraft.ch\/it\/#website","url":"https:\/\/www.swissraft.ch\/it\/","name":"Swissraft","description":"To enjoy nature as it is","publisher":{"@id":"https:\/\/www.swissraft.ch\/it\/#organization"},"potentialAction":[{"@type":"SearchAction","target":{"@type":"EntryPoint","urlTemplate":"https:\/\/www.swissraft.ch\/it\/?s={search_term_string}"},"query-input":{"@type":"PropertyValueSpecification","valueRequired":true,"valueName":"search_term_string"}}],"inLanguage":"it-IT"},{"@type":"Organization","@id":"https:\/\/www.swissraft.ch\/it\/#organization","name":"Swissraft","url":"https:\/\/www.swissraft.ch\/it\/","logo":{"@type":"ImageObject","inLanguage":"it-IT","@id":"https:\/\/www.swissraft.ch\/it\/#\/schema\/logo\/image\/","url":"https:\/\/www.swissraft.ch\/wp-content\/uploads\/2025\/09\/Capture.jpg","contentUrl":"https:\/\/www.swissraft.ch\/wp-content\/uploads\/2025\/09\/Capture.jpg","width":293,"height":108,"caption":"Swissraft"},"image":{"@id":"https:\/\/www.swissraft.ch\/it\/#\/schema\/logo\/image\/"}}]}},"_links":{"self":[{"href":"https:\/\/www.swissraft.ch\/it\/wp-json\/wp\/v2\/product\/93362","targetHints":{"allow":["GET"]}}],"collection":[{"href":"https:\/\/www.swissraft.ch\/it\/wp-json\/wp\/v2\/product"}],"about":[{"href":"https:\/\/www.swissraft.ch\/it\/wp-json\/wp\/v2\/types\/product"}],"replies":[{"embeddable":true,"href":"https:\/\/www.swissraft.ch\/it\/wp-json\/wp\/v2\/comments?post=93362"}],"version-history":[{"count":0,"href":"https:\/\/www.swissraft.ch\/it\/wp-json\/wp\/v2\/product\/93362\/revisions"}],"wp:featuredmedia":[{"embeddable":true,"href":"https:\/\/www.swissraft.ch\/it\/wp-json\/wp\/v2\/media\/86669"}],"wp:attachment":[{"href":"https:\/\/www.swissraft.ch\/it\/wp-json\/wp\/v2\/media?parent=93362"}],"wp:term":[{"taxonomy":"product_cat","embeddable":true,"href":"https:\/\/www.swissraft.ch\/it\/wp-json\/wp\/v2\/product_cat?post=93362"},{"taxonomy":"product_tag","embeddable":true,"href":"https:\/\/www.swissraft.ch\/it\/wp-json\/wp\/v2\/product_tag?post=93362"}],"curies":[{"name":"wp","href":"https:\/\/api.w.org\/{rel}","templated":true}]}}