{"id":93359,"date":"2022-12-21T17:40:32","date_gmt":"2022-12-21T16:40:32","guid":{"rendered":"https:\/\/swissraft.xyanzkdne.eu\/product\/volo-in-elicottero-da-balzers-atterraggio-su-alpi-e-ghiacciai-50-min-a-partire-da-chf-35900\/"},"modified":"2024-11-19T21:51:55","modified_gmt":"2024-11-19T20:51:55","slug":"volo-in-elicottero-da-balzers-atterraggio-su-alpi-e-ghiacciai-50-min-a-partire-da-chf-35900","status":"publish","type":"product","link":"https:\/\/www.swissraft.ch\/it\/prodotto\/volo-in-elicottero-da-balzers-atterraggio-su-alpi-e-ghiacciai-50-min-a-partire-da-chf-35900\/","title":{"rendered":"Volo in elicottero da BALZERS &#8211; atterraggio su alpi e ghiacciai &#8211; 50 min. &#8211; A partire da CHF 359,00"},"content":{"rendered":"\t\t<div data-elementor-type=\"wp-post\" data-elementor-id=\"93359\" class=\"elementor elementor-93359 elementor-29830\">\n\t\t\t\t\t\t\t\t\t<section class=\"elementor-section elementor-top-section elementor-element elementor-element-3303a7e3 elementor-section-boxed elementor-section-height-default elementor-section-height-default\" data-id=\"3303a7e3\" data-element_type=\"section\">\n\t\t\t\t\t\t<div class=\"elementor-container elementor-column-gap-default\">\n\t\t\t\t\t<div class=\"elementor-column elementor-col-100 elementor-top-column elementor-element elementor-element-16d72dbf\" data-id=\"16d72dbf\" data-element_type=\"column\">\n\t\t\t<div class=\"elementor-widget-wrap elementor-element-populated\">\n\t\t\t\t\t\t\t\t<div class=\"elementor-element elementor-element-d743c03 elementor-widget elementor-widget-text-editor\" data-id=\"d743c03\" data-element_type=\"widget\" data-widget_type=\"text-editor.default\">\n\t\t\t\t<div class=\"elementor-widget-container\">\n\t\t\t\t\t\t\t<h2>SCEGLI LA TUA ATTIVIT\u00c0 QUI SOTTO PER OFFRIRE BUONI REGALO\/BIGLIETTI O EFFETTUARE UNA PRENOTAZIONE<\/h2>\n<table border=\"0\" width=\"580\" cellspacing=\"10\" cellpadding=\"10\">\n<tbody>\n<tr>\n<td width=\"50%\"><strong>POSIZIONE ALPES E GLACIER (1-4 pers.) &#8211; 50 min.<\/strong><\/td>\n<td><strong>A partire da CHF 359,00 a persona<span class=\"productPrice\"><br \/><\/span><\/strong><\/td>\n<\/tr>\n<tr>\n<td>Informazioni aggiuntive<\/td>\n<td>&#8211; Sarai con altri passeggeri &#8211; Volo privato per gruppi di 3 o pi\u00f9 persone.<\/td>\n<\/tr>\n<tr>\n<td>Eliporto<\/td>\n<td><a href=\"https:\/\/www.google.com\/maps\/place\/47%C2%B004'05.9%22N+9%C2%B028'54.3%22E\/@47.0684676,9.4773295,769m\/data=!3m1!1e3!4m4!3m3!8m2!3d47.0683056!4d9.48175?entry=ttu\" target=\"_blank\" rel=\"noopener\">Balzers<\/a><\/td>\n<\/tr>\n<tr>\n<td>Tempo di volo<\/td>\n<td>50 min.<\/td>\n<\/tr>\n<tr>\n<td>Durata totale<\/td>\n<td>circa 1 ora e 45 minuti<\/td>\n<\/tr>\n<tr>\n<td>Appuntamento<\/td>\n<td>Per telefono<\/td>\n<\/tr>\n<tr>\n<td><button class=\"elementor-button\" type=\"button\"><a href=\"https:\/\/swissraft.outdoorbooking.ch\/fo\/products\/1048?base_id=180&amp;category_id=6&amp;order_type=gift_voucher&amp;lang=it\" target=\"_blank\" rel=\"noopener\">BUONO REGALO<\/a><\/button><\/td>\n<td><strong>CHF 359,00 a persona<\/strong><\/td>\n<\/tr>\n<tr>\n<td><button class=\"elementor-button\" type=\"button\"><a href=\"https:\/\/swissraft.outdoorbooking.ch\/fo\/products\/1049?base_id=182&amp;category_id=6&amp;order_type=gift_voucher&amp;lang=it\" target=\"_blank\" rel=\"noopener\">BUONO REGALO<\/a><\/button><\/td>\n<td><strong>CHF 1&#8217;059.00 &#8211; volo privato (1-3 pers.)<\/strong><\/td>\n<\/tr>\n<tr>\n<td><button class=\"elementor-button\" type=\"button\"><a href=\"https:\/\/swissraft.outdoorbooking.ch\/fo\/products\/1051?base_id=184&amp;category_id=6&amp;order_type=gift_voucher&amp;lang=it\" target=\"_blank\" rel=\"noopener\">BUONO REGALO<\/a><\/button><\/td>\n<td><strong>CHF 1&#8217;436.00 &#8211; volo privato (4 pers.)<\/strong><\/td>\n<\/tr>\n<tr>\n<td> <\/td>\n<td>Per effettuare una prenotazione <span class=\"patt\" style=\"font-family: inherit; font-size: inherit;\"><span class=\"plbl\"><span class=\"patt\"><a href=\"https:\/\/www.swissraft.ch\/it\/contattaci\/\">contattaci<\/a><\/span><\/span><\/span><\/td>\n<\/tr>\n<\/tbody>\n<\/table>\n\t\t\t\t\t\t<\/div>\n\t\t\t\t<\/div>\n\t\t\t\t\t<\/div>\n\t\t<\/div>\n\t\t\t\t\t\t\t<\/div>\n\t\t<\/section>\n\t\t\t\t\t\t\t<\/div>\n\t\t","protected":false},"excerpt":{"rendered":"<div align=\"justify\">\n<h2 align=\"justify\">Questo volo in elicottero di 50 minuti ti porta nel cuore delle Alpi svizzere.<\/h2>\n<h3>Questo tour prevede un atterraggio su un ghiacciaio a quasi 3.000 metri di altitudine; non dimenticare la macchina fotografica!<\/h3>\n<\/div>\n<div align=\"justify\">\n<p>Partendo da Balzers, voliamo verso le Alpi Glaronesi e atterriamo su un ghiacciaio. Avrai tutto il tempo per scattare splendide foto. Sulla via del ritorno, passiamo sopra la diga del Lago Limmer e poi il Geoparco di Sardona. Possiamo anche vedere il Martinsloch a circa 2600 m di altitudine e il Tschingelhorn&#8230; Un&#8217;emozione garantita!<\/p>\n<h3>Swissraft vuole che tutti possano fare un volo in elicottero e offre prezzi adatti al tuo budget. Pi\u00f9 di 150 proposte di volo sul nostro sito web <\/h3>\n<p id=\"textarea\" style=\"display: none;\">\nVoliamo dall&#8217;eliporto di St. Moritz. Puoi volare a St. Moritz in inverno e all&#8217;aeroporto di Samedan tutto l&#8217;anno. In seguito operiamo voli dagli eliporti di Untervaz, Flims e Tavanasa nei Grigioni. Operiamo anche voli per la Turgovia dall&#8217;aeroporto di Sitterdorf. Cos\u00ec come i voli dall&#8217;aeroporto internazionale di Zurigo-Kloten e dall&#8217;aeroporto internazionale di Berna-Belp. Decolliamo anche dall&#8217;eliporto di Gstaad-Grund e dall&#8217;aerodromo di Saanen nel Gstaad-Saanenland. Ma anche dagli eliporti di Lenk-Simmental, Schattenhalb-Meiringen, Interlaken-Gsteigwiler e Lauterbrunnen. Operiamo anche voli da Pfaffnau nel cantone di Lucerna e da Erstfeld nel cantone di Uri. Offriamo anche voli da Buttwil nel cantone di Argovia. Abbiamo anche voli da K\u00fcssnacht nel Canton Svitto e da Grenchen nel Canton Soletta. Offriamo anche tour turistici della regione della Gruy\u00e8re dall&#8217;aeroporto di \u00c9pagny, nel cantone di Friburgo. Ma anche in Vallese dagli eliporti di Collombey e Gampel e dall&#8217;aeroporto di Sion. Decolliamo anche dagli aerodromi di Locarno e Lodrino, in Ticino, per fare dei fantastici tour aerei.\n<\/p>\n<p><a id=\"seeMore\" onclick=\"toggleSeeMore()\" href=\"javascript:void(0);\">Leggi tutto<\/a><\/p>\n","protected":false},"featured_media":86621,"comment_status":"open","ping_status":"closed","template":"","meta":{"inline_featured_image":false,"_mi_skip_tracking":false},"product_cat":[392,414],"product_tag":[],"class_list":["post-93359","product","type-product","status-publish","has-post-thumbnail","hentry","product_cat-volo-in-elicottero","product_cat-elicottero-balzers"],"yoast_head":"<!-- This site is optimized with the Yoast SEO plugin v23.6 - https:\/\/yoast.com\/wordpress\/plugins\/seo\/ -->\n<title>Alpi e ghiacciaio con atterraggio in elicottero da Balzers<\/title>\n<meta name=\"description\" content=\"Alpi e atterraggio su un ghiacciaio in elicottero da Balzers. Questo volo di 50 minuti ti porter\u00e0 attraverso le Alpi Glaronesi. Emozioni garantite durante il volo\" \/>\n<meta name=\"robots\" content=\"index, follow, max-snippet:-1, max-image-preview:large, max-video-preview:-1\" \/>\n<link rel=\"canonical\" href=\"https:\/\/www.swissraft.ch\/it\/prodotto\/volo-in-elicottero-da-balzers-atterraggio-su-alpi-e-ghiacciai-50-min-a-partire-da-chf-35900\/\" \/>\n<meta property=\"og:locale\" content=\"it_IT\" \/>\n<meta property=\"og:type\" content=\"article\" \/>\n<meta property=\"og:title\" content=\"Alpi e ghiacciaio con atterraggio in elicottero da Balzers\" \/>\n<meta property=\"og:description\" content=\"Alpi e atterraggio su un ghiacciaio in elicottero da Balzers. Questo volo di 50 minuti ti porter\u00e0 attraverso le Alpi Glaronesi. Emozioni garantite durante il volo\" \/>\n<meta property=\"og:url\" content=\"https:\/\/www.swissraft.ch\/it\/prodotto\/volo-in-elicottero-da-balzers-atterraggio-su-alpi-e-ghiacciai-50-min-a-partire-da-chf-35900\/\" \/>\n<meta property=\"og:site_name\" content=\"Swissraft\" \/>\n<meta property=\"article:modified_time\" content=\"2024-11-19T20:51:55+00:00\" \/>\n<meta property=\"og:image\" content=\"https:\/\/www.swissraft.ch\/wp-content\/uploads\/2022\/12\/06-SARGANS-BALZERS-Alpenrundflug-mit-Gletscherlandung-776x776-2.jpg\" \/>\n\t<meta property=\"og:image:width\" content=\"776\" \/>\n\t<meta property=\"og:image:height\" content=\"776\" \/>\n\t<meta property=\"og:image:type\" content=\"image\/jpeg\" \/>\n<meta name=\"twitter:card\" content=\"summary_large_image\" \/>\n<script type=\"application\/ld+json\" class=\"yoast-schema-graph\">{\"@context\":\"https:\/\/schema.org\",\"@graph\":[{\"@type\":\"WebPage\",\"@id\":\"https:\/\/www.swissraft.ch\/it\/prodotto\/volo-in-elicottero-da-balzers-atterraggio-su-alpi-e-ghiacciai-50-min-a-partire-da-chf-35900\/\",\"url\":\"https:\/\/www.swissraft.ch\/it\/prodotto\/volo-in-elicottero-da-balzers-atterraggio-su-alpi-e-ghiacciai-50-min-a-partire-da-chf-35900\/\",\"name\":\"Alpi e ghiacciaio con atterraggio in elicottero da Balzers\",\"isPartOf\":{\"@id\":\"https:\/\/www.swissraft.ch\/it\/#website\"},\"primaryImageOfPage\":{\"@id\":\"https:\/\/www.swissraft.ch\/it\/prodotto\/volo-in-elicottero-da-balzers-atterraggio-su-alpi-e-ghiacciai-50-min-a-partire-da-chf-35900\/#primaryimage\"},\"image\":{\"@id\":\"https:\/\/www.swissraft.ch\/it\/prodotto\/volo-in-elicottero-da-balzers-atterraggio-su-alpi-e-ghiacciai-50-min-a-partire-da-chf-35900\/#primaryimage\"},\"thumbnailUrl\":\"https:\/\/www.swissraft.ch\/wp-content\/uploads\/2022\/12\/06-SARGANS-BALZERS-Alpenrundflug-mit-Gletscherlandung-776x776-2.jpg\",\"datePublished\":\"2022-12-21T16:40:32+00:00\",\"dateModified\":\"2024-11-19T20:51:55+00:00\",\"description\":\"Alpi e atterraggio su un ghiacciaio in elicottero da Balzers. Questo volo di 50 minuti ti porter\u00e0 attraverso le Alpi Glaronesi. Emozioni garantite durante il volo\",\"breadcrumb\":{\"@id\":\"https:\/\/www.swissraft.ch\/it\/prodotto\/volo-in-elicottero-da-balzers-atterraggio-su-alpi-e-ghiacciai-50-min-a-partire-da-chf-35900\/#breadcrumb\"},\"inLanguage\":\"it-IT\",\"potentialAction\":[{\"@type\":\"ReadAction\",\"target\":[\"https:\/\/www.swissraft.ch\/it\/prodotto\/volo-in-elicottero-da-balzers-atterraggio-su-alpi-e-ghiacciai-50-min-a-partire-da-chf-35900\/\"]}]},{\"@type\":\"ImageObject\",\"inLanguage\":\"it-IT\",\"@id\":\"https:\/\/www.swissraft.ch\/it\/prodotto\/volo-in-elicottero-da-balzers-atterraggio-su-alpi-e-ghiacciai-50-min-a-partire-da-chf-35900\/#primaryimage\",\"url\":\"https:\/\/www.swissraft.ch\/wp-content\/uploads\/2022\/12\/06-SARGANS-BALZERS-Alpenrundflug-mit-Gletscherlandung-776x776-2.jpg\",\"contentUrl\":\"https:\/\/www.swissraft.ch\/wp-content\/uploads\/2022\/12\/06-SARGANS-BALZERS-Alpenrundflug-mit-Gletscherlandung-776x776-2.jpg\",\"width\":776,\"height\":776,\"caption\":\"Alpi e atterraggio su un ghiacciaio da Balzers in elicottero\"},{\"@type\":\"BreadcrumbList\",\"@id\":\"https:\/\/www.swissraft.ch\/it\/prodotto\/volo-in-elicottero-da-balzers-atterraggio-su-alpi-e-ghiacciai-50-min-a-partire-da-chf-35900\/#breadcrumb\",\"itemListElement\":[{\"@type\":\"ListItem\",\"position\":1,\"name\":\"Accueil\",\"item\":\"https:\/\/www.swissraft.ch\/it\/\"},{\"@type\":\"ListItem\",\"position\":2,\"name\":\"Negozio\",\"item\":\"https:\/\/www.swissraft.ch\/it\/negozio\/\"},{\"@type\":\"ListItem\",\"position\":3,\"name\":\"Volo in elicottero da BALZERS &#8211; atterraggio su alpi e ghiacciai &#8211; 50 min. &#8211; A partire da CHF 359,00\"}]},{\"@type\":\"WebSite\",\"@id\":\"https:\/\/www.swissraft.ch\/it\/#website\",\"url\":\"https:\/\/www.swissraft.ch\/it\/\",\"name\":\"Swissraft\",\"description\":\"To enjoy nature as it is\",\"publisher\":{\"@id\":\"https:\/\/www.swissraft.ch\/it\/#organization\"},\"potentialAction\":[{\"@type\":\"SearchAction\",\"target\":{\"@type\":\"EntryPoint\",\"urlTemplate\":\"https:\/\/www.swissraft.ch\/it\/?s={search_term_string}\"},\"query-input\":{\"@type\":\"PropertyValueSpecification\",\"valueRequired\":true,\"valueName\":\"search_term_string\"}}],\"inLanguage\":\"it-IT\"},{\"@type\":\"Organization\",\"@id\":\"https:\/\/www.swissraft.ch\/it\/#organization\",\"name\":\"Swissraft\",\"url\":\"https:\/\/www.swissraft.ch\/it\/\",\"logo\":{\"@type\":\"ImageObject\",\"inLanguage\":\"it-IT\",\"@id\":\"https:\/\/www.swissraft.ch\/it\/#\/schema\/logo\/image\/\",\"url\":\"https:\/\/www.swissraft.ch\/wp-content\/uploads\/2025\/09\/Capture.jpg\",\"contentUrl\":\"https:\/\/www.swissraft.ch\/wp-content\/uploads\/2025\/09\/Capture.jpg\",\"width\":293,\"height\":108,\"caption\":\"Swissraft\"},\"image\":{\"@id\":\"https:\/\/www.swissraft.ch\/it\/#\/schema\/logo\/image\/\"}}]}<\/script>\n<!-- \/ Yoast SEO plugin. -->","yoast_head_json":{"title":"Alpi e ghiacciaio con atterraggio in elicottero da Balzers","description":"Alpi e atterraggio su un ghiacciaio in elicottero da Balzers. Questo volo di 50 minuti ti porter\u00e0 attraverso le Alpi Glaronesi. Emozioni garantite durante il volo","robots":{"index":"index","follow":"follow","max-snippet":"max-snippet:-1","max-image-preview":"max-image-preview:large","max-video-preview":"max-video-preview:-1"},"canonical":"https:\/\/www.swissraft.ch\/it\/prodotto\/volo-in-elicottero-da-balzers-atterraggio-su-alpi-e-ghiacciai-50-min-a-partire-da-chf-35900\/","og_locale":"it_IT","og_type":"article","og_title":"Alpi e ghiacciaio con atterraggio in elicottero da Balzers","og_description":"Alpi e atterraggio su un ghiacciaio in elicottero da Balzers. Questo volo di 50 minuti ti porter\u00e0 attraverso le Alpi Glaronesi. Emozioni garantite durante il volo","og_url":"https:\/\/www.swissraft.ch\/it\/prodotto\/volo-in-elicottero-da-balzers-atterraggio-su-alpi-e-ghiacciai-50-min-a-partire-da-chf-35900\/","og_site_name":"Swissraft","article_modified_time":"2024-11-19T20:51:55+00:00","og_image":[{"width":776,"height":776,"url":"https:\/\/www.swissraft.ch\/wp-content\/uploads\/2022\/12\/06-SARGANS-BALZERS-Alpenrundflug-mit-Gletscherlandung-776x776-2.jpg","type":"image\/jpeg"}],"twitter_card":"summary_large_image","schema":{"@context":"https:\/\/schema.org","@graph":[{"@type":"WebPage","@id":"https:\/\/www.swissraft.ch\/it\/prodotto\/volo-in-elicottero-da-balzers-atterraggio-su-alpi-e-ghiacciai-50-min-a-partire-da-chf-35900\/","url":"https:\/\/www.swissraft.ch\/it\/prodotto\/volo-in-elicottero-da-balzers-atterraggio-su-alpi-e-ghiacciai-50-min-a-partire-da-chf-35900\/","name":"Alpi e ghiacciaio con atterraggio in elicottero da Balzers","isPartOf":{"@id":"https:\/\/www.swissraft.ch\/it\/#website"},"primaryImageOfPage":{"@id":"https:\/\/www.swissraft.ch\/it\/prodotto\/volo-in-elicottero-da-balzers-atterraggio-su-alpi-e-ghiacciai-50-min-a-partire-da-chf-35900\/#primaryimage"},"image":{"@id":"https:\/\/www.swissraft.ch\/it\/prodotto\/volo-in-elicottero-da-balzers-atterraggio-su-alpi-e-ghiacciai-50-min-a-partire-da-chf-35900\/#primaryimage"},"thumbnailUrl":"https:\/\/www.swissraft.ch\/wp-content\/uploads\/2022\/12\/06-SARGANS-BALZERS-Alpenrundflug-mit-Gletscherlandung-776x776-2.jpg","datePublished":"2022-12-21T16:40:32+00:00","dateModified":"2024-11-19T20:51:55+00:00","description":"Alpi e atterraggio su un ghiacciaio in elicottero da Balzers. Questo volo di 50 minuti ti porter\u00e0 attraverso le Alpi Glaronesi. Emozioni garantite durante il volo","breadcrumb":{"@id":"https:\/\/www.swissraft.ch\/it\/prodotto\/volo-in-elicottero-da-balzers-atterraggio-su-alpi-e-ghiacciai-50-min-a-partire-da-chf-35900\/#breadcrumb"},"inLanguage":"it-IT","potentialAction":[{"@type":"ReadAction","target":["https:\/\/www.swissraft.ch\/it\/prodotto\/volo-in-elicottero-da-balzers-atterraggio-su-alpi-e-ghiacciai-50-min-a-partire-da-chf-35900\/"]}]},{"@type":"ImageObject","inLanguage":"it-IT","@id":"https:\/\/www.swissraft.ch\/it\/prodotto\/volo-in-elicottero-da-balzers-atterraggio-su-alpi-e-ghiacciai-50-min-a-partire-da-chf-35900\/#primaryimage","url":"https:\/\/www.swissraft.ch\/wp-content\/uploads\/2022\/12\/06-SARGANS-BALZERS-Alpenrundflug-mit-Gletscherlandung-776x776-2.jpg","contentUrl":"https:\/\/www.swissraft.ch\/wp-content\/uploads\/2022\/12\/06-SARGANS-BALZERS-Alpenrundflug-mit-Gletscherlandung-776x776-2.jpg","width":776,"height":776,"caption":"Alpi e atterraggio su un ghiacciaio da Balzers in elicottero"},{"@type":"BreadcrumbList","@id":"https:\/\/www.swissraft.ch\/it\/prodotto\/volo-in-elicottero-da-balzers-atterraggio-su-alpi-e-ghiacciai-50-min-a-partire-da-chf-35900\/#breadcrumb","itemListElement":[{"@type":"ListItem","position":1,"name":"Accueil","item":"https:\/\/www.swissraft.ch\/it\/"},{"@type":"ListItem","position":2,"name":"Negozio","item":"https:\/\/www.swissraft.ch\/it\/negozio\/"},{"@type":"ListItem","position":3,"name":"Volo in elicottero da BALZERS &#8211; atterraggio su alpi e ghiacciai &#8211; 50 min. &#8211; A partire da CHF 359,00"}]},{"@type":"WebSite","@id":"https:\/\/www.swissraft.ch\/it\/#website","url":"https:\/\/www.swissraft.ch\/it\/","name":"Swissraft","description":"To enjoy nature as it is","publisher":{"@id":"https:\/\/www.swissraft.ch\/it\/#organization"},"potentialAction":[{"@type":"SearchAction","target":{"@type":"EntryPoint","urlTemplate":"https:\/\/www.swissraft.ch\/it\/?s={search_term_string}"},"query-input":{"@type":"PropertyValueSpecification","valueRequired":true,"valueName":"search_term_string"}}],"inLanguage":"it-IT"},{"@type":"Organization","@id":"https:\/\/www.swissraft.ch\/it\/#organization","name":"Swissraft","url":"https:\/\/www.swissraft.ch\/it\/","logo":{"@type":"ImageObject","inLanguage":"it-IT","@id":"https:\/\/www.swissraft.ch\/it\/#\/schema\/logo\/image\/","url":"https:\/\/www.swissraft.ch\/wp-content\/uploads\/2025\/09\/Capture.jpg","contentUrl":"https:\/\/www.swissraft.ch\/wp-content\/uploads\/2025\/09\/Capture.jpg","width":293,"height":108,"caption":"Swissraft"},"image":{"@id":"https:\/\/www.swissraft.ch\/it\/#\/schema\/logo\/image\/"}}]}},"_links":{"self":[{"href":"https:\/\/www.swissraft.ch\/it\/wp-json\/wp\/v2\/product\/93359","targetHints":{"allow":["GET"]}}],"collection":[{"href":"https:\/\/www.swissraft.ch\/it\/wp-json\/wp\/v2\/product"}],"about":[{"href":"https:\/\/www.swissraft.ch\/it\/wp-json\/wp\/v2\/types\/product"}],"replies":[{"embeddable":true,"href":"https:\/\/www.swissraft.ch\/it\/wp-json\/wp\/v2\/comments?post=93359"}],"version-history":[{"count":0,"href":"https:\/\/www.swissraft.ch\/it\/wp-json\/wp\/v2\/product\/93359\/revisions"}],"wp:featuredmedia":[{"embeddable":true,"href":"https:\/\/www.swissraft.ch\/it\/wp-json\/wp\/v2\/media\/86621"}],"wp:attachment":[{"href":"https:\/\/www.swissraft.ch\/it\/wp-json\/wp\/v2\/media?parent=93359"}],"wp:term":[{"taxonomy":"product_cat","embeddable":true,"href":"https:\/\/www.swissraft.ch\/it\/wp-json\/wp\/v2\/product_cat?post=93359"},{"taxonomy":"product_tag","embeddable":true,"href":"https:\/\/www.swissraft.ch\/it\/wp-json\/wp\/v2\/product_tag?post=93359"}],"curies":[{"name":"wp","href":"https:\/\/api.w.org\/{rel}","templated":true}]}}