{"id":93338,"date":"2022-12-13T23:17:24","date_gmt":"2022-12-13T22:17:24","guid":{"rendered":"https:\/\/swissraft.xyanzkdne.eu\/product\/volo-in-elicottero-da-pfaffnau-cervin-et-alpes-bernoises-95-min-a-partire-da-78500\/"},"modified":"2025-06-25T01:58:19","modified_gmt":"2025-06-24T23:58:19","slug":"volo-elicottero-pfaffnau-cervino-alpi-bernesi","status":"publish","type":"product","link":"https:\/\/www.swissraft.ch\/it\/prodotto\/volo-elicottero-pfaffnau-cervino-alpi-bernesi\/","title":{"rendered":"Volo in elicottero da PFAFFNAU &#8211; CERVINO E ALPI BERNESI &#8211; 95 min. &#8211; A partire da 835.00"},"content":{"rendered":"\t\t<div data-elementor-type=\"wp-post\" data-elementor-id=\"93338\" class=\"elementor elementor-93338 elementor-29763\">\n\t\t\t\t\t\t\t\t\t<section class=\"elementor-section elementor-top-section elementor-element elementor-element-3303a7e3 elementor-section-boxed elementor-section-height-default elementor-section-height-default\" data-id=\"3303a7e3\" data-element_type=\"section\">\n\t\t\t\t\t\t<div class=\"elementor-container elementor-column-gap-default\">\n\t\t\t\t\t<div class=\"elementor-column elementor-col-100 elementor-top-column elementor-element elementor-element-16d72dbf\" data-id=\"16d72dbf\" data-element_type=\"column\">\n\t\t\t<div class=\"elementor-widget-wrap elementor-element-populated\">\n\t\t\t\t\t\t\t\t<div class=\"elementor-element elementor-element-d743c03 elementor-widget elementor-widget-text-editor\" data-id=\"d743c03\" data-element_type=\"widget\" data-widget_type=\"text-editor.default\">\n\t\t\t\t<div class=\"elementor-widget-container\">\n\t\t\t\t\t\t\t<h2>SCEGLI LA TUA ATTIVIT\u00c0 QUI SOTTO PER OFFRIRE BUONI REGALO\/BIGLIETTI O EFFETTUARE UNA PRENOTAZIONE<\/h2><table border=\"0\" width=\"580\" cellspacing=\"10\" cellpadding=\"10\"><tbody><tr><td width=\"50%\"><strong>CERVINO E ALPI BERNESI &#8211; 95 min.<\/strong><\/td><td><strong>CHF <span class=\"productPrice\">835.00 a persona<\/span><\/strong><\/td><\/tr><tr><td>Informazioni aggiuntive<\/td><td>&#8211; Sarai con altri passeggeri<br \/>&#8211; Massimo 4 pers.<\/td><\/tr><tr><td>Eliporto<\/td><td><a href=\"https:\/\/www.google.com\/maps\/place\/47%C2%B014'05.9%22N+7%C2%B054'34.3%22E\/@47.2351812,7.9050044,758m\/data=!3m1!1e3!4m4!3m3!8m2!3d47.2349722!4d7.9095278?entry=ttu\" target=\"_blank\" rel=\"noopener\">Pfaffnau<\/a><\/td><\/tr><tr><td>Tempo di volo<\/td><td>95 min.<\/td><\/tr><tr><td>Durata totale<\/td><td>circa 2h15<\/td><\/tr><tr><td>Appuntamento<\/td><td>Per telefono<\/td><\/tr><tr><td><button class=\"elementor-button\" type=\"button\"><a href=\"https:\/\/swissraft.outdoorbooking.ch\/fo\/products\/49?base_id=11&amp;category_id=6&amp;order_type=gift_voucher&amp;lang=it\" target=\"_blank\" rel=\"noopener\">ACQUISTO BUONO REGALO<\/a><\/button><\/td><td>Dopo aver ricevuto il vostro biglietto\/buono, chiamate il numero di telefono indicato in alto a sinistra per effettuare la prenotazione.<\/td><\/tr><\/tbody><\/table>\t\t\t\t\t\t<\/div>\n\t\t\t\t<\/div>\n\t\t\t\t\t<\/div>\n\t\t<\/div>\n\t\t\t\t\t\t\t<\/div>\n\t\t<\/section>\n\t\t\t\t\t\t\t<\/div>\n\t\t","protected":false},"excerpt":{"rendered":"<div align=\"justify\">\n<h2 align=\"justify\">Atterrerai sul ghiacciaio Petersgrat per una pausa caff\u00e8.<\/h2>\n<h3>Parti da Pfaffnau in elicottero per raggiungere la vetta del ghiacciaio Petersgrat a oltre 3000 m dopo aver sorvolato il Cervino. Un volo magnifico<\/h3>\n<\/div>\n<div align=\"justify\">\n<p>Il nostro elicottero ti porter\u00e0 nella regione del Napf, nell&#8217;Emmental e nel lago di Thun. Poi la valle della Kander, lungo la Bl\u00fcemlisalp e il ghiacciaio Petersgrat. Ora sei nel Vallese e stai sorvolando la Valle del Rodano, la Valle della Materia. Dopo aver sorvolato Zermatt, arriverai alla famosa vetta di 4000 metri: il Cervino. Sulla via del ritorno fai una sosta in cima al ghiacciaio Petersgrat (3150m.). Una tazza di caff\u00e8 o una buona bottiglia di vino da portare con te mentre ti sgranchisci le gambe sul ghiacciaio.<br \/>\nIl volo di ritorno ti porta al Breithorn, al ghiacciaio del Monte Rosa e alla Pointe Dufour. Poi la valle di Saas, il ghiacciaio dell&#8217;Aletsch, la Jungfrau e la parete nord dell&#8217;Eiger. Sorvolerai poi Grindelwald e la comunit\u00e0 di Entlebuch prima di atterrare nuovamente all&#8217;eliporto di Pfaffnau.<\/p>\n<h3>Visita il nostro sito web per scoprire oltre 150 itinerari in elicottero in Svizzera.<\/h3>\n<p id=\"textarea\" style=\"display: none;\">\nOffriamo voli dall&#8217;eliporto di Erstfeld nel Canton Uri. Ma anche per il Ticino dagli aeroporti di Locarno e Lodrino. Poi ci sono i tour aerei dall&#8217;aerodromo di Samedan. Ma anche dagli eliporti di Untervaz, Flims e Tavanasa nei Grigioni. Decolliamo anche da Balzers nel Liechtenstein e dall&#8217;aerodromo di Sitterdorf nel Canton Turgovia. Decolliamo anche dall&#8217;aeroporto internazionale di Zurigo-Kloten e dall&#8217;aeroporto internazionale di Berna-Belp. Infatti, decolliamo dall&#8217;aerodromo di Saanen e dall&#8217;eliporto di Gstaad-Grund nella regione del Saanenland. Decolliamo anche dagli eliporti di Lenk-Simmental, Schattenhalb-Meiringen, Interlaken-Gsteigwiler e Lauterbrunnen. Operiamo anche voli dagli eliporti di Collombey e Gampel e dall&#8217;aeroporto di Sion in Vallese. Ma anche dall&#8217;aeroporto di \u00c9pagny en Gruy\u00e8re, nel cantone di Friburgo. Cos\u00ec come l&#8217;aeroporto di Buttwil nel Canton Argovia. Voliamo anche nel cantone di Soletta dall&#8217;aeroporto di Grenchen. Lo stesso vale per i voli nel Canton Svitto dall&#8217;eliporto di K\u00fcssnacht.\n<\/p>\n<p><a id=\"seeMore\" onclick=\"toggleSeeMore()\" href=\"javascript:void(0);\">Leggi tutto<\/a><\/p>\n","protected":false},"featured_media":86456,"comment_status":"open","ping_status":"closed","template":"","meta":{"inline_featured_image":false,"_mi_skip_tracking":false},"product_cat":[392,397],"product_tag":[],"class_list":["post-93338","product","type-product","status-publish","has-post-thumbnail","hentry","product_cat-volo-in-elicottero","product_cat-volo-elicottero-pfaffnau"],"yoast_head":"<!-- This site is optimized with the Yoast SEO plugin v23.6 - https:\/\/yoast.com\/wordpress\/plugins\/seo\/ -->\n<title>Cervino e Alpi Bernesi da Pfaffnau. 95 minuti di volo.<\/title>\n<meta name=\"description\" content=\"Cervino e Alpi Bernesi in elicottero o parti da Pfaffnau per un volo di 95 minuti con atterraggio intermedio sul ghiacciaio Petersgrat\" \/>\n<meta name=\"robots\" content=\"index, follow, max-snippet:-1, max-image-preview:large, max-video-preview:-1\" \/>\n<link rel=\"canonical\" href=\"https:\/\/www.swissraft.ch\/it\/prodotto\/volo-elicottero-pfaffnau-cervino-alpi-bernesi\/\" \/>\n<meta property=\"og:locale\" content=\"it_IT\" \/>\n<meta property=\"og:type\" content=\"article\" \/>\n<meta property=\"og:title\" content=\"Cervino e Alpi Bernesi da Pfaffnau. 95 minuti di volo.\" \/>\n<meta property=\"og:description\" content=\"Cervino e Alpi Bernesi in elicottero o parti da Pfaffnau per un volo di 95 minuti con atterraggio intermedio sul ghiacciaio Petersgrat\" \/>\n<meta property=\"og:url\" content=\"https:\/\/www.swissraft.ch\/it\/prodotto\/volo-elicottero-pfaffnau-cervino-alpi-bernesi\/\" \/>\n<meta property=\"og:site_name\" content=\"Swissraft\" \/>\n<meta property=\"article:modified_time\" content=\"2025-06-24T23:58:19+00:00\" \/>\n<meta property=\"og:image\" content=\"https:\/\/www.swissraft.ch\/wp-content\/uploads\/2022\/12\/3-PFAFFNAU-Le-Cervin-776x776-1.jpg\" \/>\n\t<meta property=\"og:image:width\" content=\"776\" \/>\n\t<meta property=\"og:image:height\" content=\"776\" \/>\n\t<meta property=\"og:image:type\" content=\"image\/jpeg\" \/>\n<meta name=\"twitter:card\" content=\"summary_large_image\" \/>\n<meta name=\"twitter:label1\" content=\"Tempo di lettura stimato\" \/>\n\t<meta name=\"twitter:data1\" content=\"1 minuto\" \/>\n<script type=\"application\/ld+json\" class=\"yoast-schema-graph\">{\"@context\":\"https:\/\/schema.org\",\"@graph\":[{\"@type\":\"WebPage\",\"@id\":\"https:\/\/www.swissraft.ch\/it\/prodotto\/volo-elicottero-pfaffnau-cervino-alpi-bernesi\/\",\"url\":\"https:\/\/www.swissraft.ch\/it\/prodotto\/volo-elicottero-pfaffnau-cervino-alpi-bernesi\/\",\"name\":\"Cervino e Alpi Bernesi da Pfaffnau. 95 minuti di volo.\",\"isPartOf\":{\"@id\":\"https:\/\/www.swissraft.ch\/it\/#website\"},\"primaryImageOfPage\":{\"@id\":\"https:\/\/www.swissraft.ch\/it\/prodotto\/volo-elicottero-pfaffnau-cervino-alpi-bernesi\/#primaryimage\"},\"image\":{\"@id\":\"https:\/\/www.swissraft.ch\/it\/prodotto\/volo-elicottero-pfaffnau-cervino-alpi-bernesi\/#primaryimage\"},\"thumbnailUrl\":\"https:\/\/www.swissraft.ch\/wp-content\/uploads\/2022\/12\/3-PFAFFNAU-Le-Cervin-776x776-1.jpg\",\"datePublished\":\"2022-12-13T22:17:24+00:00\",\"dateModified\":\"2025-06-24T23:58:19+00:00\",\"description\":\"Cervino e Alpi Bernesi in elicottero o parti da Pfaffnau per un volo di 95 minuti con atterraggio intermedio sul ghiacciaio Petersgrat\",\"breadcrumb\":{\"@id\":\"https:\/\/www.swissraft.ch\/it\/prodotto\/volo-elicottero-pfaffnau-cervino-alpi-bernesi\/#breadcrumb\"},\"inLanguage\":\"it-IT\",\"potentialAction\":[{\"@type\":\"ReadAction\",\"target\":[\"https:\/\/www.swissraft.ch\/it\/prodotto\/volo-elicottero-pfaffnau-cervino-alpi-bernesi\/\"]}]},{\"@type\":\"ImageObject\",\"inLanguage\":\"it-IT\",\"@id\":\"https:\/\/www.swissraft.ch\/it\/prodotto\/volo-elicottero-pfaffnau-cervino-alpi-bernesi\/#primaryimage\",\"url\":\"https:\/\/www.swissraft.ch\/wp-content\/uploads\/2022\/12\/3-PFAFFNAU-Le-Cervin-776x776-1.jpg\",\"contentUrl\":\"https:\/\/www.swissraft.ch\/wp-content\/uploads\/2022\/12\/3-PFAFFNAU-Le-Cervin-776x776-1.jpg\",\"width\":776,\"height\":776,\"caption\":\"Volo in elicottero da Pfaffnau verso il Cervino e le Alpi Bernesi\"},{\"@type\":\"BreadcrumbList\",\"@id\":\"https:\/\/www.swissraft.ch\/it\/prodotto\/volo-elicottero-pfaffnau-cervino-alpi-bernesi\/#breadcrumb\",\"itemListElement\":[{\"@type\":\"ListItem\",\"position\":1,\"name\":\"Accueil\",\"item\":\"https:\/\/www.swissraft.ch\/it\/\"},{\"@type\":\"ListItem\",\"position\":2,\"name\":\"Negozio\",\"item\":\"https:\/\/www.swissraft.ch\/it\/negozio\/\"},{\"@type\":\"ListItem\",\"position\":3,\"name\":\"Volo in elicottero da PFAFFNAU &#8211; CERVINO E ALPI BERNESI &#8211; 95 min. &#8211; A partire da 835.00\"}]},{\"@type\":\"WebSite\",\"@id\":\"https:\/\/www.swissraft.ch\/it\/#website\",\"url\":\"https:\/\/www.swissraft.ch\/it\/\",\"name\":\"Swissraft\",\"description\":\"To enjoy nature as it is\",\"publisher\":{\"@id\":\"https:\/\/www.swissraft.ch\/it\/#organization\"},\"potentialAction\":[{\"@type\":\"SearchAction\",\"target\":{\"@type\":\"EntryPoint\",\"urlTemplate\":\"https:\/\/www.swissraft.ch\/it\/?s={search_term_string}\"},\"query-input\":{\"@type\":\"PropertyValueSpecification\",\"valueRequired\":true,\"valueName\":\"search_term_string\"}}],\"inLanguage\":\"it-IT\"},{\"@type\":\"Organization\",\"@id\":\"https:\/\/www.swissraft.ch\/it\/#organization\",\"name\":\"Swissraft\",\"url\":\"https:\/\/www.swissraft.ch\/it\/\",\"logo\":{\"@type\":\"ImageObject\",\"inLanguage\":\"it-IT\",\"@id\":\"https:\/\/www.swissraft.ch\/it\/#\/schema\/logo\/image\/\",\"url\":\"https:\/\/www.swissraft.ch\/wp-content\/uploads\/2025\/09\/Capture.jpg\",\"contentUrl\":\"https:\/\/www.swissraft.ch\/wp-content\/uploads\/2025\/09\/Capture.jpg\",\"width\":293,\"height\":108,\"caption\":\"Swissraft\"},\"image\":{\"@id\":\"https:\/\/www.swissraft.ch\/it\/#\/schema\/logo\/image\/\"}}]}<\/script>\n<!-- \/ Yoast SEO plugin. -->","yoast_head_json":{"title":"Cervino e Alpi Bernesi da Pfaffnau. 95 minuti di volo.","description":"Cervino e Alpi Bernesi in elicottero o parti da Pfaffnau per un volo di 95 minuti con atterraggio intermedio sul ghiacciaio Petersgrat","robots":{"index":"index","follow":"follow","max-snippet":"max-snippet:-1","max-image-preview":"max-image-preview:large","max-video-preview":"max-video-preview:-1"},"canonical":"https:\/\/www.swissraft.ch\/it\/prodotto\/volo-elicottero-pfaffnau-cervino-alpi-bernesi\/","og_locale":"it_IT","og_type":"article","og_title":"Cervino e Alpi Bernesi da Pfaffnau. 95 minuti di volo.","og_description":"Cervino e Alpi Bernesi in elicottero o parti da Pfaffnau per un volo di 95 minuti con atterraggio intermedio sul ghiacciaio Petersgrat","og_url":"https:\/\/www.swissraft.ch\/it\/prodotto\/volo-elicottero-pfaffnau-cervino-alpi-bernesi\/","og_site_name":"Swissraft","article_modified_time":"2025-06-24T23:58:19+00:00","og_image":[{"width":776,"height":776,"url":"https:\/\/www.swissraft.ch\/wp-content\/uploads\/2022\/12\/3-PFAFFNAU-Le-Cervin-776x776-1.jpg","type":"image\/jpeg"}],"twitter_card":"summary_large_image","twitter_misc":{"Tempo di lettura stimato":"1 minuto"},"schema":{"@context":"https:\/\/schema.org","@graph":[{"@type":"WebPage","@id":"https:\/\/www.swissraft.ch\/it\/prodotto\/volo-elicottero-pfaffnau-cervino-alpi-bernesi\/","url":"https:\/\/www.swissraft.ch\/it\/prodotto\/volo-elicottero-pfaffnau-cervino-alpi-bernesi\/","name":"Cervino e Alpi Bernesi da Pfaffnau. 95 minuti di volo.","isPartOf":{"@id":"https:\/\/www.swissraft.ch\/it\/#website"},"primaryImageOfPage":{"@id":"https:\/\/www.swissraft.ch\/it\/prodotto\/volo-elicottero-pfaffnau-cervino-alpi-bernesi\/#primaryimage"},"image":{"@id":"https:\/\/www.swissraft.ch\/it\/prodotto\/volo-elicottero-pfaffnau-cervino-alpi-bernesi\/#primaryimage"},"thumbnailUrl":"https:\/\/www.swissraft.ch\/wp-content\/uploads\/2022\/12\/3-PFAFFNAU-Le-Cervin-776x776-1.jpg","datePublished":"2022-12-13T22:17:24+00:00","dateModified":"2025-06-24T23:58:19+00:00","description":"Cervino e Alpi Bernesi in elicottero o parti da Pfaffnau per un volo di 95 minuti con atterraggio intermedio sul ghiacciaio Petersgrat","breadcrumb":{"@id":"https:\/\/www.swissraft.ch\/it\/prodotto\/volo-elicottero-pfaffnau-cervino-alpi-bernesi\/#breadcrumb"},"inLanguage":"it-IT","potentialAction":[{"@type":"ReadAction","target":["https:\/\/www.swissraft.ch\/it\/prodotto\/volo-elicottero-pfaffnau-cervino-alpi-bernesi\/"]}]},{"@type":"ImageObject","inLanguage":"it-IT","@id":"https:\/\/www.swissraft.ch\/it\/prodotto\/volo-elicottero-pfaffnau-cervino-alpi-bernesi\/#primaryimage","url":"https:\/\/www.swissraft.ch\/wp-content\/uploads\/2022\/12\/3-PFAFFNAU-Le-Cervin-776x776-1.jpg","contentUrl":"https:\/\/www.swissraft.ch\/wp-content\/uploads\/2022\/12\/3-PFAFFNAU-Le-Cervin-776x776-1.jpg","width":776,"height":776,"caption":"Volo in elicottero da Pfaffnau verso il Cervino e le Alpi Bernesi"},{"@type":"BreadcrumbList","@id":"https:\/\/www.swissraft.ch\/it\/prodotto\/volo-elicottero-pfaffnau-cervino-alpi-bernesi\/#breadcrumb","itemListElement":[{"@type":"ListItem","position":1,"name":"Accueil","item":"https:\/\/www.swissraft.ch\/it\/"},{"@type":"ListItem","position":2,"name":"Negozio","item":"https:\/\/www.swissraft.ch\/it\/negozio\/"},{"@type":"ListItem","position":3,"name":"Volo in elicottero da PFAFFNAU &#8211; CERVINO E ALPI BERNESI &#8211; 95 min. &#8211; A partire da 835.00"}]},{"@type":"WebSite","@id":"https:\/\/www.swissraft.ch\/it\/#website","url":"https:\/\/www.swissraft.ch\/it\/","name":"Swissraft","description":"To enjoy nature as it is","publisher":{"@id":"https:\/\/www.swissraft.ch\/it\/#organization"},"potentialAction":[{"@type":"SearchAction","target":{"@type":"EntryPoint","urlTemplate":"https:\/\/www.swissraft.ch\/it\/?s={search_term_string}"},"query-input":{"@type":"PropertyValueSpecification","valueRequired":true,"valueName":"search_term_string"}}],"inLanguage":"it-IT"},{"@type":"Organization","@id":"https:\/\/www.swissraft.ch\/it\/#organization","name":"Swissraft","url":"https:\/\/www.swissraft.ch\/it\/","logo":{"@type":"ImageObject","inLanguage":"it-IT","@id":"https:\/\/www.swissraft.ch\/it\/#\/schema\/logo\/image\/","url":"https:\/\/www.swissraft.ch\/wp-content\/uploads\/2025\/09\/Capture.jpg","contentUrl":"https:\/\/www.swissraft.ch\/wp-content\/uploads\/2025\/09\/Capture.jpg","width":293,"height":108,"caption":"Swissraft"},"image":{"@id":"https:\/\/www.swissraft.ch\/it\/#\/schema\/logo\/image\/"}}]}},"_links":{"self":[{"href":"https:\/\/www.swissraft.ch\/it\/wp-json\/wp\/v2\/product\/93338","targetHints":{"allow":["GET"]}}],"collection":[{"href":"https:\/\/www.swissraft.ch\/it\/wp-json\/wp\/v2\/product"}],"about":[{"href":"https:\/\/www.swissraft.ch\/it\/wp-json\/wp\/v2\/types\/product"}],"replies":[{"embeddable":true,"href":"https:\/\/www.swissraft.ch\/it\/wp-json\/wp\/v2\/comments?post=93338"}],"version-history":[{"count":18,"href":"https:\/\/www.swissraft.ch\/it\/wp-json\/wp\/v2\/product\/93338\/revisions"}],"predecessor-version":[{"id":118839,"href":"https:\/\/www.swissraft.ch\/it\/wp-json\/wp\/v2\/product\/93338\/revisions\/118839"}],"wp:featuredmedia":[{"embeddable":true,"href":"https:\/\/www.swissraft.ch\/it\/wp-json\/wp\/v2\/media\/86456"}],"wp:attachment":[{"href":"https:\/\/www.swissraft.ch\/it\/wp-json\/wp\/v2\/media?parent=93338"}],"wp:term":[{"taxonomy":"product_cat","embeddable":true,"href":"https:\/\/www.swissraft.ch\/it\/wp-json\/wp\/v2\/product_cat?post=93338"},{"taxonomy":"product_tag","embeddable":true,"href":"https:\/\/www.swissraft.ch\/it\/wp-json\/wp\/v2\/product_tag?post=93338"}],"curies":[{"name":"wp","href":"https:\/\/api.w.org\/{rel}","templated":true}]}}