{"id":93330,"date":"2022-12-13T23:11:59","date_gmt":"2022-12-13T22:11:59","guid":{"rendered":"https:\/\/swissraft.xyanzkdne.eu\/product\/volo-in-elicottero-da-pfaffnau-nord-face-eiger-60-min-a-partire-da-chf-49500\/"},"modified":"2025-06-25T00:54:53","modified_gmt":"2025-06-24T22:54:53","slug":"volo-elicottero-pfaffnau-parete-nord-eiger","status":"publish","type":"product","link":"https:\/\/www.swissraft.ch\/it\/prodotto\/volo-elicottero-pfaffnau-parete-nord-eiger\/","title":{"rendered":"Volo in elicottero da PFAFFNAU &#8211; PARETE NORD EIGER &#8211; 60 min. &#8211; A partire da CHF 525.00"},"content":{"rendered":"\t\t<div data-elementor-type=\"wp-post\" data-elementor-id=\"93330\" class=\"elementor elementor-93330 elementor-29757\">\n\t\t\t\t\t\t\t\t\t<section class=\"elementor-section elementor-top-section elementor-element elementor-element-3303a7e3 elementor-section-boxed elementor-section-height-default elementor-section-height-default\" data-id=\"3303a7e3\" data-element_type=\"section\">\n\t\t\t\t\t\t<div class=\"elementor-container elementor-column-gap-default\">\n\t\t\t\t\t<div class=\"elementor-column elementor-col-100 elementor-top-column elementor-element elementor-element-16d72dbf\" data-id=\"16d72dbf\" data-element_type=\"column\">\n\t\t\t<div class=\"elementor-widget-wrap elementor-element-populated\">\n\t\t\t\t\t\t\t\t<div class=\"elementor-element elementor-element-d743c03 elementor-widget elementor-widget-text-editor\" data-id=\"d743c03\" data-element_type=\"widget\" data-widget_type=\"text-editor.default\">\n\t\t\t\t<div class=\"elementor-widget-container\">\n\t\t\t\t\t\t\t<h2>SCEGLI LA TUA ATTIVIT\u00c0 QUI SOTTO PER OFFRIRE BUONI REGALO\/BIGLIETTI O EFFETTUARE UNA PRENOTAZIONE<\/h2><table border=\"0\" width=\"580\" cellspacing=\"10\" cellpadding=\"10\"><tbody><tr><td width=\"50%\"><strong>PARETE NORD DELL&#8217;EIGER &#8211; 60 min.<\/strong><\/td><td><strong>CHF 525.00 a persona<span class=\"productPrice\"><br \/><\/span><\/strong><\/td><\/tr><tr><td>Informazioni aggiuntive<\/td><td>&#8211; Sarai con altri passeggeri<br \/>&#8211; Massimo 4 pers.<\/td><\/tr><tr><td>Eliporto<\/td><td><a href=\"https:\/\/www.google.com\/maps\/place\/47%C2%B014'05.9%22N+7%C2%B054'34.3%22E\/@47.2351812,7.9050044,758m\/data=!3m1!1e3!4m4!3m3!8m2!3d47.2349722!4d7.9095278?entry=ttu\" target=\"_blank\" rel=\"noopener\">Pfaffnau<\/a><\/td><\/tr><tr><td>Tempo di volo<\/td><td>60 min.<\/td><\/tr><tr><td>Durata totale<\/td><td>circa 1 ora 30<\/td><\/tr><tr><td>Appuntamento<\/td><td>Per telefono<\/td><\/tr><tr><td><button class=\"elementor-button\" type=\"button\"><a href=\"https:\/\/swissraft.outdoorbooking.ch\/fo\/products\/48?base_id=11&amp;category_id=6&amp;order_type=gift_voucher&amp;lang=it\" target=\"_blank\" rel=\"noopener\">ACQUISTO BUONO REGALO<\/a><\/button><\/td><td>Dopo aver ricevuto il vostro biglietto\/buono, chiamate il numero di telefono indicato in alto a sinistra per effettuare la prenotazione.<\/td><\/tr><\/tbody><\/table>\t\t\t\t\t\t<\/div>\n\t\t\t\t<\/div>\n\t\t\t\t\t<\/div>\n\t\t<\/div>\n\t\t\t\t\t\t\t<\/div>\n\t\t<\/section>\n\t\t\t\t\t\t\t<\/div>\n\t\t","protected":false},"excerpt":{"rendered":"<div align=\"justify\">\n<h2 align=\"justify\">La parete nord dell&#8217;Eiger e l&#8217;atterraggio sul ghiacciaio<\/h2>\n<h3>Con un bicchiere di champagne in mano o una tazza di caff\u00e8, ammira gli imponenti ghiacciai Petersgrat o Kanderfirn.<\/h3>\n<\/div>\n<div align=\"justify\">\n<p>Partiamo da Pfaffnau e ci dirigiamo verso Willisau, Entlebuch, Brienzer-Rothorn, il lago di Brienz, Faulhorn e Grindelwald. Il volo prosegue poi verso il Mittellegigrat lungo l&#8217;impressionante parete nord dell&#8217;Eiger e della Jungfrau. Sorvolerai poi i ghiacciai Aletsch e L\u00f6tschenl\u00fccke prima di atterrare sul ghiacciaio Petersgrat o Kanderfirn. Dopo una pausa caff\u00e8 o una buona bottiglia di vino, il volo di ritorno ti porter\u00e0 a Bl\u00fcemlisalp, al lago \u00d6eschinen e alla Kiental. Poi prosegui verso il lago di Thun, il Niederhorn, l&#8217;Emmental, Napf e Huttwil prima di riposare all&#8217;eliporto di Pfaffnau.<\/p>\n<h3>Swissraft ha in catalogo pi\u00f9 di 150 voli in Svizzera, con partenze da 12 eliporti, 9 aerodromi e 2 aeroporti.<\/h3>\n<p id=\"textarea\" style=\"display: none;\">\nOffriamo voli nel Canton Uri dall&#8217;eliporto di Erstfeld. Ma anche per il Ticino dagli aeroporti di Locarno e Lodrino. Offriamo anche tour aerei dall&#8217;aerodromo di Samedan. Offriamo anche voli dagli eliporti di Untervaz, Flims e Tavanasa nei Grigioni. Ci sono anche voli da Balzers nel Liechtenstein e dall&#8217;aerodromo di Sitterdorf nel Canton Turgovia. Decolliamo in elicottero anche dall&#8217;aeroporto internazionale di Zurigo-Kloten e dall&#8217;aeroporto internazionale di Berna-Belp. Decolliamo anche dall&#8217;aerodromo di Saanen e dall&#8217;eliporto di Gstaad-Grund nel Saanenland. E sempre nell&#8217;Oberland Bernese, dagli eliporti di Lenk-Simmental, Schattenhalb-Meiringen, Interlaken-Gsteigwiler e Lauterbrunnen. Abbiamo anche voli dall&#8217;aeroporto di Sion e dagli eliporti di Collombey e Gampel in Vallese. Ma anche dall&#8217;aerodromo di \u00c9pagny en Gruy\u00e8re, nel cantone di Friburgo. Inoltre, decolliamo dall&#8217;aerodromo di Buttwil nel Canton Argovia. Operiamo anche voli nel cantone di Soletta dall&#8217;aerodromo di Grenchen. Inoltre, voli dall&#8217;eliporto di K\u00fcssnacht nel Canton Svitto.\n<\/p>\n<p><a id=\"seeMore\" onclick=\"toggleSeeMore()\" href=\"javascript:void(0);\">Leggi tutto<\/a><\/p>\n","protected":false},"featured_media":86444,"comment_status":"open","ping_status":"closed","template":"","meta":{"inline_featured_image":false,"_mi_skip_tracking":false},"product_cat":[392,397],"product_tag":[],"class_list":["post-93330","product","type-product","status-publish","has-post-thumbnail","hentry","product_cat-volo-in-elicottero","product_cat-volo-elicottero-pfaffnau"],"yoast_head":"<!-- This site is optimized with the Yoast SEO plugin v23.6 - https:\/\/yoast.com\/wordpress\/plugins\/seo\/ -->\n<title>Parete nord dell&#039;Eiger da Pfaffnau. Un volo di 60 minuti<\/title>\n<meta name=\"description\" content=\"La parete nord dell&#039;Eiger da Pfaffnau con un volo in elicottero di 60 minuti, atterrando su un ghiacciaio. Potrai goderti questo volo\" \/>\n<meta name=\"robots\" content=\"index, follow, max-snippet:-1, max-image-preview:large, max-video-preview:-1\" \/>\n<link rel=\"canonical\" href=\"https:\/\/www.swissraft.ch\/it\/prodotto\/volo-elicottero-pfaffnau-parete-nord-eiger\/\" \/>\n<meta property=\"og:locale\" content=\"it_IT\" \/>\n<meta property=\"og:type\" content=\"article\" \/>\n<meta property=\"og:title\" content=\"Parete nord dell&#039;Eiger da Pfaffnau. Un volo di 60 minuti\" \/>\n<meta property=\"og:description\" content=\"La parete nord dell&#039;Eiger da Pfaffnau con un volo in elicottero di 60 minuti, atterrando su un ghiacciaio. Potrai goderti questo volo\" \/>\n<meta property=\"og:url\" content=\"https:\/\/www.swissraft.ch\/it\/prodotto\/volo-elicottero-pfaffnau-parete-nord-eiger\/\" \/>\n<meta property=\"og:site_name\" content=\"Swissraft\" \/>\n<meta property=\"article:modified_time\" content=\"2025-06-24T22:54:53+00:00\" \/>\n<meta property=\"og:image\" content=\"https:\/\/www.swissraft.ch\/wp-content\/uploads\/2022\/12\/2-PFAFFNAU-Grosses-Gletschererlebnis-776x776-2.jpg\" \/>\n\t<meta property=\"og:image:width\" content=\"776\" \/>\n\t<meta property=\"og:image:height\" content=\"776\" \/>\n\t<meta property=\"og:image:type\" content=\"image\/jpeg\" \/>\n<meta name=\"twitter:card\" content=\"summary_large_image\" \/>\n<meta name=\"twitter:label1\" content=\"Tempo di lettura stimato\" \/>\n\t<meta name=\"twitter:data1\" content=\"1 minuto\" \/>\n<script type=\"application\/ld+json\" class=\"yoast-schema-graph\">{\"@context\":\"https:\/\/schema.org\",\"@graph\":[{\"@type\":\"WebPage\",\"@id\":\"https:\/\/www.swissraft.ch\/it\/prodotto\/volo-elicottero-pfaffnau-parete-nord-eiger\/\",\"url\":\"https:\/\/www.swissraft.ch\/it\/prodotto\/volo-elicottero-pfaffnau-parete-nord-eiger\/\",\"name\":\"Parete nord dell'Eiger da Pfaffnau. Un volo di 60 minuti\",\"isPartOf\":{\"@id\":\"https:\/\/www.swissraft.ch\/it\/#website\"},\"primaryImageOfPage\":{\"@id\":\"https:\/\/www.swissraft.ch\/it\/prodotto\/volo-elicottero-pfaffnau-parete-nord-eiger\/#primaryimage\"},\"image\":{\"@id\":\"https:\/\/www.swissraft.ch\/it\/prodotto\/volo-elicottero-pfaffnau-parete-nord-eiger\/#primaryimage\"},\"thumbnailUrl\":\"https:\/\/www.swissraft.ch\/wp-content\/uploads\/2022\/12\/2-PFAFFNAU-Grosses-Gletschererlebnis-776x776-2.jpg\",\"datePublished\":\"2022-12-13T22:11:59+00:00\",\"dateModified\":\"2025-06-24T22:54:53+00:00\",\"description\":\"La parete nord dell'Eiger da Pfaffnau con un volo in elicottero di 60 minuti, atterrando su un ghiacciaio. Potrai goderti questo volo\",\"breadcrumb\":{\"@id\":\"https:\/\/www.swissraft.ch\/it\/prodotto\/volo-elicottero-pfaffnau-parete-nord-eiger\/#breadcrumb\"},\"inLanguage\":\"it-IT\",\"potentialAction\":[{\"@type\":\"ReadAction\",\"target\":[\"https:\/\/www.swissraft.ch\/it\/prodotto\/volo-elicottero-pfaffnau-parete-nord-eiger\/\"]}]},{\"@type\":\"ImageObject\",\"inLanguage\":\"it-IT\",\"@id\":\"https:\/\/www.swissraft.ch\/it\/prodotto\/volo-elicottero-pfaffnau-parete-nord-eiger\/#primaryimage\",\"url\":\"https:\/\/www.swissraft.ch\/wp-content\/uploads\/2022\/12\/2-PFAFFNAU-Grosses-Gletschererlebnis-776x776-2.jpg\",\"contentUrl\":\"https:\/\/www.swissraft.ch\/wp-content\/uploads\/2022\/12\/2-PFAFFNAU-Grosses-Gletschererlebnis-776x776-2.jpg\",\"width\":776,\"height\":776,\"caption\":\"La parete nord dell'Eiger e il ghiacciaio in elicottero da Pfaffnau\"},{\"@type\":\"BreadcrumbList\",\"@id\":\"https:\/\/www.swissraft.ch\/it\/prodotto\/volo-elicottero-pfaffnau-parete-nord-eiger\/#breadcrumb\",\"itemListElement\":[{\"@type\":\"ListItem\",\"position\":1,\"name\":\"Accueil\",\"item\":\"https:\/\/www.swissraft.ch\/it\/\"},{\"@type\":\"ListItem\",\"position\":2,\"name\":\"Negozio\",\"item\":\"https:\/\/www.swissraft.ch\/it\/negozio\/\"},{\"@type\":\"ListItem\",\"position\":3,\"name\":\"Volo in elicottero da PFAFFNAU &#8211; PARETE NORD EIGER &#8211; 60 min. &#8211; A partire da CHF 525.00\"}]},{\"@type\":\"WebSite\",\"@id\":\"https:\/\/www.swissraft.ch\/it\/#website\",\"url\":\"https:\/\/www.swissraft.ch\/it\/\",\"name\":\"Swissraft\",\"description\":\"To enjoy nature as it is\",\"publisher\":{\"@id\":\"https:\/\/www.swissraft.ch\/it\/#organization\"},\"potentialAction\":[{\"@type\":\"SearchAction\",\"target\":{\"@type\":\"EntryPoint\",\"urlTemplate\":\"https:\/\/www.swissraft.ch\/it\/?s={search_term_string}\"},\"query-input\":{\"@type\":\"PropertyValueSpecification\",\"valueRequired\":true,\"valueName\":\"search_term_string\"}}],\"inLanguage\":\"it-IT\"},{\"@type\":\"Organization\",\"@id\":\"https:\/\/www.swissraft.ch\/it\/#organization\",\"name\":\"Swissraft\",\"url\":\"https:\/\/www.swissraft.ch\/it\/\",\"logo\":{\"@type\":\"ImageObject\",\"inLanguage\":\"it-IT\",\"@id\":\"https:\/\/www.swissraft.ch\/it\/#\/schema\/logo\/image\/\",\"url\":\"https:\/\/www.swissraft.ch\/wp-content\/uploads\/2025\/09\/Capture.jpg\",\"contentUrl\":\"https:\/\/www.swissraft.ch\/wp-content\/uploads\/2025\/09\/Capture.jpg\",\"width\":293,\"height\":108,\"caption\":\"Swissraft\"},\"image\":{\"@id\":\"https:\/\/www.swissraft.ch\/it\/#\/schema\/logo\/image\/\"}}]}<\/script>\n<!-- \/ Yoast SEO plugin. -->","yoast_head_json":{"title":"Parete nord dell'Eiger da Pfaffnau. Un volo di 60 minuti","description":"La parete nord dell'Eiger da Pfaffnau con un volo in elicottero di 60 minuti, atterrando su un ghiacciaio. Potrai goderti questo volo","robots":{"index":"index","follow":"follow","max-snippet":"max-snippet:-1","max-image-preview":"max-image-preview:large","max-video-preview":"max-video-preview:-1"},"canonical":"https:\/\/www.swissraft.ch\/it\/prodotto\/volo-elicottero-pfaffnau-parete-nord-eiger\/","og_locale":"it_IT","og_type":"article","og_title":"Parete nord dell'Eiger da Pfaffnau. Un volo di 60 minuti","og_description":"La parete nord dell'Eiger da Pfaffnau con un volo in elicottero di 60 minuti, atterrando su un ghiacciaio. Potrai goderti questo volo","og_url":"https:\/\/www.swissraft.ch\/it\/prodotto\/volo-elicottero-pfaffnau-parete-nord-eiger\/","og_site_name":"Swissraft","article_modified_time":"2025-06-24T22:54:53+00:00","og_image":[{"width":776,"height":776,"url":"https:\/\/www.swissraft.ch\/wp-content\/uploads\/2022\/12\/2-PFAFFNAU-Grosses-Gletschererlebnis-776x776-2.jpg","type":"image\/jpeg"}],"twitter_card":"summary_large_image","twitter_misc":{"Tempo di lettura stimato":"1 minuto"},"schema":{"@context":"https:\/\/schema.org","@graph":[{"@type":"WebPage","@id":"https:\/\/www.swissraft.ch\/it\/prodotto\/volo-elicottero-pfaffnau-parete-nord-eiger\/","url":"https:\/\/www.swissraft.ch\/it\/prodotto\/volo-elicottero-pfaffnau-parete-nord-eiger\/","name":"Parete nord dell'Eiger da Pfaffnau. Un volo di 60 minuti","isPartOf":{"@id":"https:\/\/www.swissraft.ch\/it\/#website"},"primaryImageOfPage":{"@id":"https:\/\/www.swissraft.ch\/it\/prodotto\/volo-elicottero-pfaffnau-parete-nord-eiger\/#primaryimage"},"image":{"@id":"https:\/\/www.swissraft.ch\/it\/prodotto\/volo-elicottero-pfaffnau-parete-nord-eiger\/#primaryimage"},"thumbnailUrl":"https:\/\/www.swissraft.ch\/wp-content\/uploads\/2022\/12\/2-PFAFFNAU-Grosses-Gletschererlebnis-776x776-2.jpg","datePublished":"2022-12-13T22:11:59+00:00","dateModified":"2025-06-24T22:54:53+00:00","description":"La parete nord dell'Eiger da Pfaffnau con un volo in elicottero di 60 minuti, atterrando su un ghiacciaio. Potrai goderti questo volo","breadcrumb":{"@id":"https:\/\/www.swissraft.ch\/it\/prodotto\/volo-elicottero-pfaffnau-parete-nord-eiger\/#breadcrumb"},"inLanguage":"it-IT","potentialAction":[{"@type":"ReadAction","target":["https:\/\/www.swissraft.ch\/it\/prodotto\/volo-elicottero-pfaffnau-parete-nord-eiger\/"]}]},{"@type":"ImageObject","inLanguage":"it-IT","@id":"https:\/\/www.swissraft.ch\/it\/prodotto\/volo-elicottero-pfaffnau-parete-nord-eiger\/#primaryimage","url":"https:\/\/www.swissraft.ch\/wp-content\/uploads\/2022\/12\/2-PFAFFNAU-Grosses-Gletschererlebnis-776x776-2.jpg","contentUrl":"https:\/\/www.swissraft.ch\/wp-content\/uploads\/2022\/12\/2-PFAFFNAU-Grosses-Gletschererlebnis-776x776-2.jpg","width":776,"height":776,"caption":"La parete nord dell'Eiger e il ghiacciaio in elicottero da Pfaffnau"},{"@type":"BreadcrumbList","@id":"https:\/\/www.swissraft.ch\/it\/prodotto\/volo-elicottero-pfaffnau-parete-nord-eiger\/#breadcrumb","itemListElement":[{"@type":"ListItem","position":1,"name":"Accueil","item":"https:\/\/www.swissraft.ch\/it\/"},{"@type":"ListItem","position":2,"name":"Negozio","item":"https:\/\/www.swissraft.ch\/it\/negozio\/"},{"@type":"ListItem","position":3,"name":"Volo in elicottero da PFAFFNAU &#8211; PARETE NORD EIGER &#8211; 60 min. &#8211; A partire da CHF 525.00"}]},{"@type":"WebSite","@id":"https:\/\/www.swissraft.ch\/it\/#website","url":"https:\/\/www.swissraft.ch\/it\/","name":"Swissraft","description":"To enjoy nature as it is","publisher":{"@id":"https:\/\/www.swissraft.ch\/it\/#organization"},"potentialAction":[{"@type":"SearchAction","target":{"@type":"EntryPoint","urlTemplate":"https:\/\/www.swissraft.ch\/it\/?s={search_term_string}"},"query-input":{"@type":"PropertyValueSpecification","valueRequired":true,"valueName":"search_term_string"}}],"inLanguage":"it-IT"},{"@type":"Organization","@id":"https:\/\/www.swissraft.ch\/it\/#organization","name":"Swissraft","url":"https:\/\/www.swissraft.ch\/it\/","logo":{"@type":"ImageObject","inLanguage":"it-IT","@id":"https:\/\/www.swissraft.ch\/it\/#\/schema\/logo\/image\/","url":"https:\/\/www.swissraft.ch\/wp-content\/uploads\/2025\/09\/Capture.jpg","contentUrl":"https:\/\/www.swissraft.ch\/wp-content\/uploads\/2025\/09\/Capture.jpg","width":293,"height":108,"caption":"Swissraft"},"image":{"@id":"https:\/\/www.swissraft.ch\/it\/#\/schema\/logo\/image\/"}}]}},"_links":{"self":[{"href":"https:\/\/www.swissraft.ch\/it\/wp-json\/wp\/v2\/product\/93330","targetHints":{"allow":["GET"]}}],"collection":[{"href":"https:\/\/www.swissraft.ch\/it\/wp-json\/wp\/v2\/product"}],"about":[{"href":"https:\/\/www.swissraft.ch\/it\/wp-json\/wp\/v2\/types\/product"}],"replies":[{"embeddable":true,"href":"https:\/\/www.swissraft.ch\/it\/wp-json\/wp\/v2\/comments?post=93330"}],"version-history":[{"count":9,"href":"https:\/\/www.swissraft.ch\/it\/wp-json\/wp\/v2\/product\/93330\/revisions"}],"predecessor-version":[{"id":118761,"href":"https:\/\/www.swissraft.ch\/it\/wp-json\/wp\/v2\/product\/93330\/revisions\/118761"}],"wp:featuredmedia":[{"embeddable":true,"href":"https:\/\/www.swissraft.ch\/it\/wp-json\/wp\/v2\/media\/86444"}],"wp:attachment":[{"href":"https:\/\/www.swissraft.ch\/it\/wp-json\/wp\/v2\/media?parent=93330"}],"wp:term":[{"taxonomy":"product_cat","embeddable":true,"href":"https:\/\/www.swissraft.ch\/it\/wp-json\/wp\/v2\/product_cat?post=93330"},{"taxonomy":"product_tag","embeddable":true,"href":"https:\/\/www.swissraft.ch\/it\/wp-json\/wp\/v2\/product_tag?post=93330"}],"curies":[{"name":"wp","href":"https:\/\/api.w.org\/{rel}","templated":true}]}}