{"id":93294,"date":"2022-12-11T14:49:52","date_gmt":"2022-12-11T13:49:52","guid":{"rendered":"https:\/\/swissraft.xyanzkdne.eu\/product\/volo-in-elicottero-da-epagny-tour-dei-grani-ducati-130-minuti-chf-6240-00\/"},"modified":"2026-02-05T05:00:08","modified_gmt":"2026-02-05T04:00:08","slug":"volo-elicottero-epagny-giro-dei-grandi-signori","status":"publish","type":"product","link":"https:\/\/www.swissraft.ch\/it\/prodotto\/volo-elicottero-epagny-giro-dei-grandi-signori\/","title":{"rendered":"Volo in elicottero da \u00c9PAGNY &#8211; GIRO DEI GRANDI SIGNORI &#8211; 130 min. &#8211; CHF 6&#8217;260.00"},"content":{"rendered":"\t\t<div data-elementor-type=\"wp-post\" data-elementor-id=\"93294\" class=\"elementor elementor-93294 elementor-29604\">\n\t\t\t\t\t\t\t\t\t<section class=\"elementor-section elementor-top-section elementor-element elementor-element-3303a7e3 elementor-section-boxed elementor-section-height-default elementor-section-height-default\" data-id=\"3303a7e3\" data-element_type=\"section\">\n\t\t\t\t\t\t<div class=\"elementor-container elementor-column-gap-default\">\n\t\t\t\t\t<div class=\"elementor-column elementor-col-100 elementor-top-column elementor-element elementor-element-16d72dbf\" data-id=\"16d72dbf\" data-element_type=\"column\">\n\t\t\t<div class=\"elementor-widget-wrap elementor-element-populated\">\n\t\t\t\t\t\t\t\t<div class=\"elementor-element elementor-element-d743c03 elementor-widget elementor-widget-text-editor\" data-id=\"d743c03\" data-element_type=\"widget\" data-widget_type=\"text-editor.default\">\n\t\t\t\t<div class=\"elementor-widget-container\">\n\t\t\t\t\t\t\t<h2>SCEGLI LA TUA ATTIVIT\u00c0 QUI SOTTO PER OFFRIRE BUONI REGALO\/BIGLIETTI O EFFETTUARE UNA PRENOTAZIONE<\/h2><table border=\"0\" width=\"580\" cellspacing=\"10\" cellpadding=\"10\"><tbody><tr><td width=\"50%\"><strong>GIRO DEI GRANDI SIGNORI &#8211; VOLO PRIVATO (1-5 pers.) &#8211; 130 min.<\/strong><\/td><td><strong>CHF 6&#8217;260.00 per volo privato<span class=\"productPrice\"><br \/><\/span><\/strong><\/td><\/tr><tr><td>Informazioni aggiuntive<\/td><td>&#8211; Utilizzi l&#8217;elicottero esclusivamente per te<br \/>&#8211; Decidi tu la data e l&#8217;ora di partenza<br \/>&#8211; Massimo 5 pers.<\/td><\/tr><tr><td>Aerodromo<\/td><td><a href=\"https:\/\/www.google.com\/maps\/place\/A%C3%A9rodrome+de+la+Gruy%C3%A8re\/@46.5952055,7.0843047,1551m\/data=!3m1!1e3!4m6!3m5!1s0x478e89f722c3d039:0xd4423e0e6ea8594d!8m2!3d46.5948613!4d7.0933586!16s%2Fg%2F120t9782?entry=ttu\" target=\"_blank\" rel=\"noopener\">\u00c9pagny<\/a><\/td><\/tr><tr><td>Tempo di volo<\/td><td>130 min.<\/td><\/tr><tr><td>Durata totale<\/td><td>circa 2,5 ore<\/td><\/tr><tr><td>Appuntamento<\/td><td>Per telefono<\/td><\/tr><tr><td><button class=\"elementor-button\" type=\"button\"><a href=\"https:\/\/swissraft.outdoorbooking.ch\/fo\/products\/513?base_id=124&amp;category_id=6&amp;order_type=gift_voucher&amp;lang=it\" target=\"_blank\" rel=\"noopener\">ACQUISTO BUONO REGALO \/ BIGLIETTO<\/a><\/button><\/td><td><strong><em>IMPORTANTE !<\/em><\/strong><br \/><em>Per prenotare, chiamate il numero che si trova in alto a sinistra sul buono regalo\/biglietto.<\/em><\/td><\/tr><\/tbody><\/table>\t\t\t\t\t\t<\/div>\n\t\t\t\t<\/div>\n\t\t\t\t\t<\/div>\n\t\t<\/div>\n\t\t\t\t\t\t\t<\/div>\n\t\t<\/section>\n\t\t\t\t\t\t\t<\/div>\n\t\t","protected":false},"excerpt":{"rendered":"<div align=\"justify\">\n<h2 align=\"justify\">Parti da \u00c9pagny per un volo di 130 minuti. Volerai verso il Monte Bianco, il tetto d&#8217;Europa.<\/h2>\n<h3>Le Alpi svizzere e francesi sono da scoprire in tutto il loro splendore durante questo tour in elicottero.<\/h3>\n<\/div>\n<div align=\"justify\">\n<p>Partendo da \u00c9pagny en Gruy\u00e8re, attraversa le Prealpi di Friburgo e Vaud per raggiungere la localit\u00e0 di Verbier. Prosegui il tuo volo praticamente costeggiando il confine cantonale con il Vallese. Sorvolerai il Grand Combin (4314 m) e il Mont Blanc de Cheillon (3870 m). Poi la Dent Blanche (4358 m), il Cervino (4478 m) e il villaggio di Zermatt. Poi il Mont Rose (4634 m), la nona vetta pi\u00f9 alta d&#8217;Europa, Saas-Fee e il Passo del Sempione. Il volo prosegue verso la valle della Conche, il ghiacciaio del Rodano e il passo del Grimsel. Scoprirai poi il Finsteraarhorn (4274 m), l&#8217;Eiger (3967 m), il M\u00f6nch (4110 m), la Jungfrau (4158 m) e il ghiacciaio dell&#8217;Aletsch. Ma anche il Bietschhorn (3934 m), il lago di Oeschinen, il Wildstrubel (3244 m), Adelboden, il Gastlosen e Charmey. Dopo questo fantastico tour, torna all&#8217;aerodromo di \u00c9pagny. Su richiesta, possiamo organizzare un aperitivo sul ghiacciaio o un pasto al Refuge du Cervin (cucina italiana). Puoi anche atterrare sullo Jungfraujoch per visitare il Palazzo di Ghiaccio e gustare un pasto.<\/p>\n<h3>Swissraft \u00e8 lieta di presentare pi\u00f9 di 150 voli in elicottero sul suo sito web.<\/h3>\n<p id=\"textarea\" style=\"display: none;\">\nOffriamo voli turistici dall&#8217;aeroporto di Sion in Vallese e dagli eliporti di Gampel e Collombey. Inoltre, abbiamo tour in elicottero con partenza dall&#8217;eliporto di Interlaken-Gsteigwiler. Decolliamo anche dall&#8217;eliporto di Gstaad-Grund e dall&#8217;aerodromo di Saanen nel Saanenland. Cos\u00ec come Lauterbrunnen, Lenk-Simmental e Schattenhalb-Meiringen, sempre nell&#8217;Oberland Bernese. Offriamo anche tour in elicottero con partenza dall&#8217;aeroporto internazionale di Berna-Belp. Decolliamo anche dall&#8217;aeroporto di Grenchen, nel cantone di Soletta. Decolliamo anche dall&#8217;aeroporto internazionale di Zurigo-Kloten in elicottero. Operiamo anche voli dall&#8217;eliporto di Pfaffnau, nel cantone di Lucerna. Ci sono anche tour in elicottero del cantone di Uri con partenza dall&#8217;eliporto di Erstfeld. Inoltre, i tour da K\u00fcssnacht nel Canton Svitto. Decolliamo anche dall&#8217;aerodromo di Buttwil nel Canton Argovia. Poi ci sono i tour aerei del Ticino dagli aerodromi di Locarno e Lodrino. Inoltre, decolliamo dall \u201caerodromo di Samedan tutto l\u201d anno. Continuiamo inoltre a offrire voli turistici nei Grigioni dagli eliporti di Flims, Tavanasa e Untervaz. Per quanto riguarda il Liechtenstein, abbiamo voli in elicottero da Balzers e dall&#8217;aerodromo di Sitterdorf in Turgovia.\n<\/p>\n<p><a id=\"seeMore\" onclick=\"toggleSeeMore()\" href=\"javascript:void(0);\">Leggi tutto<\/a><\/p>\n","protected":false},"featured_media":87515,"comment_status":"open","ping_status":"closed","template":"","meta":{"inline_featured_image":false,"_mi_skip_tracking":false},"product_cat":[392,475],"product_tag":[],"class_list":["post-93294","product","type-product","status-publish","has-post-thumbnail","hentry","product_cat-volo-in-elicottero","product_cat-volo-elicottero-epagny"],"yoast_head":"<!-- This site is optimized with the Yoast SEO plugin v23.6 - https:\/\/yoast.com\/wordpress\/plugins\/seo\/ -->\n<title>Giro dei Grandi Signori in elicottero da \u00c9pagny<\/title>\n<meta name=\"description\" content=\"Giro dei Grandi Signori, con partenza da \u00c9pagny per un volo in elicottero di 130 minuti. Sorvolerai le cime di 4000 metri delle Alpi\" \/>\n<meta name=\"robots\" content=\"index, follow, max-snippet:-1, max-image-preview:large, max-video-preview:-1\" \/>\n<link rel=\"canonical\" href=\"https:\/\/www.swissraft.ch\/it\/prodotto\/volo-elicottero-epagny-giro-dei-grandi-signori\/\" \/>\n<meta property=\"og:locale\" content=\"it_IT\" \/>\n<meta property=\"og:type\" content=\"article\" \/>\n<meta property=\"og:title\" content=\"Giro dei Grandi Signori in elicottero da \u00c9pagny\" \/>\n<meta property=\"og:description\" content=\"Giro dei Grandi Signori, con partenza da \u00c9pagny per un volo in elicottero di 130 minuti. Sorvolerai le cime di 4000 metri delle Alpi\" \/>\n<meta property=\"og:url\" content=\"https:\/\/www.swissraft.ch\/it\/prodotto\/volo-elicottero-epagny-giro-dei-grandi-signori\/\" \/>\n<meta property=\"og:site_name\" content=\"Swissraft\" \/>\n<meta property=\"article:modified_time\" content=\"2026-02-05T04:00:08+00:00\" \/>\n<meta property=\"og:image\" content=\"https:\/\/www.swissraft.ch\/wp-content\/uploads\/2022\/12\/10-EPAGNY-Rundflug-des-Grands-Ducs-776x776-2.jpg\" \/>\n\t<meta property=\"og:image:width\" content=\"776\" \/>\n\t<meta property=\"og:image:height\" content=\"776\" \/>\n\t<meta property=\"og:image:type\" content=\"image\/jpeg\" \/>\n<meta name=\"twitter:card\" content=\"summary_large_image\" \/>\n<meta name=\"twitter:label1\" content=\"Tempo di lettura stimato\" \/>\n\t<meta name=\"twitter:data1\" content=\"1 minuto\" \/>\n<script type=\"application\/ld+json\" class=\"yoast-schema-graph\">{\"@context\":\"https:\/\/schema.org\",\"@graph\":[{\"@type\":\"WebPage\",\"@id\":\"https:\/\/www.swissraft.ch\/it\/prodotto\/volo-elicottero-epagny-giro-dei-grandi-signori\/\",\"url\":\"https:\/\/www.swissraft.ch\/it\/prodotto\/volo-elicottero-epagny-giro-dei-grandi-signori\/\",\"name\":\"Giro dei Grandi Signori in elicottero da \u00c9pagny\",\"isPartOf\":{\"@id\":\"https:\/\/www.swissraft.ch\/it\/#website\"},\"primaryImageOfPage\":{\"@id\":\"https:\/\/www.swissraft.ch\/it\/prodotto\/volo-elicottero-epagny-giro-dei-grandi-signori\/#primaryimage\"},\"image\":{\"@id\":\"https:\/\/www.swissraft.ch\/it\/prodotto\/volo-elicottero-epagny-giro-dei-grandi-signori\/#primaryimage\"},\"thumbnailUrl\":\"https:\/\/www.swissraft.ch\/wp-content\/uploads\/2022\/12\/10-EPAGNY-Rundflug-des-Grands-Ducs-776x776-2.jpg\",\"datePublished\":\"2022-12-11T13:49:52+00:00\",\"dateModified\":\"2026-02-05T04:00:08+00:00\",\"description\":\"Giro dei Grandi Signori, con partenza da \u00c9pagny per un volo in elicottero di 130 minuti. Sorvolerai le cime di 4000 metri delle Alpi\",\"breadcrumb\":{\"@id\":\"https:\/\/www.swissraft.ch\/it\/prodotto\/volo-elicottero-epagny-giro-dei-grandi-signori\/#breadcrumb\"},\"inLanguage\":\"it-IT\",\"potentialAction\":[{\"@type\":\"ReadAction\",\"target\":[\"https:\/\/www.swissraft.ch\/it\/prodotto\/volo-elicottero-epagny-giro-dei-grandi-signori\/\"]}]},{\"@type\":\"ImageObject\",\"inLanguage\":\"it-IT\",\"@id\":\"https:\/\/www.swissraft.ch\/it\/prodotto\/volo-elicottero-epagny-giro-dei-grandi-signori\/#primaryimage\",\"url\":\"https:\/\/www.swissraft.ch\/wp-content\/uploads\/2022\/12\/10-EPAGNY-Rundflug-des-Grands-Ducs-776x776-2.jpg\",\"contentUrl\":\"https:\/\/www.swissraft.ch\/wp-content\/uploads\/2022\/12\/10-EPAGNY-Rundflug-des-Grands-Ducs-776x776-2.jpg\",\"width\":776,\"height\":776,\"caption\":\"Giro dei Grandi Signori in elicottero da \u00c9pagny\"},{\"@type\":\"BreadcrumbList\",\"@id\":\"https:\/\/www.swissraft.ch\/it\/prodotto\/volo-elicottero-epagny-giro-dei-grandi-signori\/#breadcrumb\",\"itemListElement\":[{\"@type\":\"ListItem\",\"position\":1,\"name\":\"Accueil\",\"item\":\"https:\/\/www.swissraft.ch\/it\/\"},{\"@type\":\"ListItem\",\"position\":2,\"name\":\"Negozio\",\"item\":\"https:\/\/www.swissraft.ch\/it\/negozio\/\"},{\"@type\":\"ListItem\",\"position\":3,\"name\":\"Volo in elicottero da \u00c9PAGNY &#8211; GIRO DEI GRANDI SIGNORI &#8211; 130 min. &#8211; CHF 6&rsquo;260.00\"}]},{\"@type\":\"WebSite\",\"@id\":\"https:\/\/www.swissraft.ch\/it\/#website\",\"url\":\"https:\/\/www.swissraft.ch\/it\/\",\"name\":\"Swissraft\",\"description\":\"To enjoy nature as it is\",\"publisher\":{\"@id\":\"https:\/\/www.swissraft.ch\/it\/#organization\"},\"potentialAction\":[{\"@type\":\"SearchAction\",\"target\":{\"@type\":\"EntryPoint\",\"urlTemplate\":\"https:\/\/www.swissraft.ch\/it\/?s={search_term_string}\"},\"query-input\":{\"@type\":\"PropertyValueSpecification\",\"valueRequired\":true,\"valueName\":\"search_term_string\"}}],\"inLanguage\":\"it-IT\"},{\"@type\":\"Organization\",\"@id\":\"https:\/\/www.swissraft.ch\/it\/#organization\",\"name\":\"Swissraft\",\"url\":\"https:\/\/www.swissraft.ch\/it\/\",\"logo\":{\"@type\":\"ImageObject\",\"inLanguage\":\"it-IT\",\"@id\":\"https:\/\/www.swissraft.ch\/it\/#\/schema\/logo\/image\/\",\"url\":\"https:\/\/www.swissraft.ch\/wp-content\/uploads\/2025\/09\/Capture.jpg\",\"contentUrl\":\"https:\/\/www.swissraft.ch\/wp-content\/uploads\/2025\/09\/Capture.jpg\",\"width\":293,\"height\":108,\"caption\":\"Swissraft\"},\"image\":{\"@id\":\"https:\/\/www.swissraft.ch\/it\/#\/schema\/logo\/image\/\"}}]}<\/script>\n<!-- \/ Yoast SEO plugin. -->","yoast_head_json":{"title":"Giro dei Grandi Signori in elicottero da \u00c9pagny","description":"Giro dei Grandi Signori, con partenza da \u00c9pagny per un volo in elicottero di 130 minuti. Sorvolerai le cime di 4000 metri delle Alpi","robots":{"index":"index","follow":"follow","max-snippet":"max-snippet:-1","max-image-preview":"max-image-preview:large","max-video-preview":"max-video-preview:-1"},"canonical":"https:\/\/www.swissraft.ch\/it\/prodotto\/volo-elicottero-epagny-giro-dei-grandi-signori\/","og_locale":"it_IT","og_type":"article","og_title":"Giro dei Grandi Signori in elicottero da \u00c9pagny","og_description":"Giro dei Grandi Signori, con partenza da \u00c9pagny per un volo in elicottero di 130 minuti. Sorvolerai le cime di 4000 metri delle Alpi","og_url":"https:\/\/www.swissraft.ch\/it\/prodotto\/volo-elicottero-epagny-giro-dei-grandi-signori\/","og_site_name":"Swissraft","article_modified_time":"2026-02-05T04:00:08+00:00","og_image":[{"width":776,"height":776,"url":"https:\/\/www.swissraft.ch\/wp-content\/uploads\/2022\/12\/10-EPAGNY-Rundflug-des-Grands-Ducs-776x776-2.jpg","type":"image\/jpeg"}],"twitter_card":"summary_large_image","twitter_misc":{"Tempo di lettura stimato":"1 minuto"},"schema":{"@context":"https:\/\/schema.org","@graph":[{"@type":"WebPage","@id":"https:\/\/www.swissraft.ch\/it\/prodotto\/volo-elicottero-epagny-giro-dei-grandi-signori\/","url":"https:\/\/www.swissraft.ch\/it\/prodotto\/volo-elicottero-epagny-giro-dei-grandi-signori\/","name":"Giro dei Grandi Signori in elicottero da \u00c9pagny","isPartOf":{"@id":"https:\/\/www.swissraft.ch\/it\/#website"},"primaryImageOfPage":{"@id":"https:\/\/www.swissraft.ch\/it\/prodotto\/volo-elicottero-epagny-giro-dei-grandi-signori\/#primaryimage"},"image":{"@id":"https:\/\/www.swissraft.ch\/it\/prodotto\/volo-elicottero-epagny-giro-dei-grandi-signori\/#primaryimage"},"thumbnailUrl":"https:\/\/www.swissraft.ch\/wp-content\/uploads\/2022\/12\/10-EPAGNY-Rundflug-des-Grands-Ducs-776x776-2.jpg","datePublished":"2022-12-11T13:49:52+00:00","dateModified":"2026-02-05T04:00:08+00:00","description":"Giro dei Grandi Signori, con partenza da \u00c9pagny per un volo in elicottero di 130 minuti. Sorvolerai le cime di 4000 metri delle Alpi","breadcrumb":{"@id":"https:\/\/www.swissraft.ch\/it\/prodotto\/volo-elicottero-epagny-giro-dei-grandi-signori\/#breadcrumb"},"inLanguage":"it-IT","potentialAction":[{"@type":"ReadAction","target":["https:\/\/www.swissraft.ch\/it\/prodotto\/volo-elicottero-epagny-giro-dei-grandi-signori\/"]}]},{"@type":"ImageObject","inLanguage":"it-IT","@id":"https:\/\/www.swissraft.ch\/it\/prodotto\/volo-elicottero-epagny-giro-dei-grandi-signori\/#primaryimage","url":"https:\/\/www.swissraft.ch\/wp-content\/uploads\/2022\/12\/10-EPAGNY-Rundflug-des-Grands-Ducs-776x776-2.jpg","contentUrl":"https:\/\/www.swissraft.ch\/wp-content\/uploads\/2022\/12\/10-EPAGNY-Rundflug-des-Grands-Ducs-776x776-2.jpg","width":776,"height":776,"caption":"Giro dei Grandi Signori in elicottero da \u00c9pagny"},{"@type":"BreadcrumbList","@id":"https:\/\/www.swissraft.ch\/it\/prodotto\/volo-elicottero-epagny-giro-dei-grandi-signori\/#breadcrumb","itemListElement":[{"@type":"ListItem","position":1,"name":"Accueil","item":"https:\/\/www.swissraft.ch\/it\/"},{"@type":"ListItem","position":2,"name":"Negozio","item":"https:\/\/www.swissraft.ch\/it\/negozio\/"},{"@type":"ListItem","position":3,"name":"Volo in elicottero da \u00c9PAGNY &#8211; GIRO DEI GRANDI SIGNORI &#8211; 130 min. &#8211; CHF 6&rsquo;260.00"}]},{"@type":"WebSite","@id":"https:\/\/www.swissraft.ch\/it\/#website","url":"https:\/\/www.swissraft.ch\/it\/","name":"Swissraft","description":"To enjoy nature as it is","publisher":{"@id":"https:\/\/www.swissraft.ch\/it\/#organization"},"potentialAction":[{"@type":"SearchAction","target":{"@type":"EntryPoint","urlTemplate":"https:\/\/www.swissraft.ch\/it\/?s={search_term_string}"},"query-input":{"@type":"PropertyValueSpecification","valueRequired":true,"valueName":"search_term_string"}}],"inLanguage":"it-IT"},{"@type":"Organization","@id":"https:\/\/www.swissraft.ch\/it\/#organization","name":"Swissraft","url":"https:\/\/www.swissraft.ch\/it\/","logo":{"@type":"ImageObject","inLanguage":"it-IT","@id":"https:\/\/www.swissraft.ch\/it\/#\/schema\/logo\/image\/","url":"https:\/\/www.swissraft.ch\/wp-content\/uploads\/2025\/09\/Capture.jpg","contentUrl":"https:\/\/www.swissraft.ch\/wp-content\/uploads\/2025\/09\/Capture.jpg","width":293,"height":108,"caption":"Swissraft"},"image":{"@id":"https:\/\/www.swissraft.ch\/it\/#\/schema\/logo\/image\/"}}]}},"_links":{"self":[{"href":"https:\/\/www.swissraft.ch\/it\/wp-json\/wp\/v2\/product\/93294","targetHints":{"allow":["GET"]}}],"collection":[{"href":"https:\/\/www.swissraft.ch\/it\/wp-json\/wp\/v2\/product"}],"about":[{"href":"https:\/\/www.swissraft.ch\/it\/wp-json\/wp\/v2\/types\/product"}],"replies":[{"embeddable":true,"href":"https:\/\/www.swissraft.ch\/it\/wp-json\/wp\/v2\/comments?post=93294"}],"version-history":[{"count":21,"href":"https:\/\/www.swissraft.ch\/it\/wp-json\/wp\/v2\/product\/93294\/revisions"}],"predecessor-version":[{"id":129318,"href":"https:\/\/www.swissraft.ch\/it\/wp-json\/wp\/v2\/product\/93294\/revisions\/129318"}],"wp:featuredmedia":[{"embeddable":true,"href":"https:\/\/www.swissraft.ch\/it\/wp-json\/wp\/v2\/media\/87515"}],"wp:attachment":[{"href":"https:\/\/www.swissraft.ch\/it\/wp-json\/wp\/v2\/media?parent=93294"}],"wp:term":[{"taxonomy":"product_cat","embeddable":true,"href":"https:\/\/www.swissraft.ch\/it\/wp-json\/wp\/v2\/product_cat?post=93294"},{"taxonomy":"product_tag","embeddable":true,"href":"https:\/\/www.swissraft.ch\/it\/wp-json\/wp\/v2\/product_tag?post=93294"}],"curies":[{"name":"wp","href":"https:\/\/api.w.org\/{rel}","templated":true}]}}