{"id":93288,"date":"2022-12-23T22:15:59","date_gmt":"2022-12-23T21:15:59","guid":{"rendered":"https:\/\/swissraft.xyanzkdne.eu\/product\/volo-in-elicottero-da-granges-volo-sui-tre-laghi-45-min-a-partire-da-chf-44000\/"},"modified":"2026-02-06T17:44:34","modified_gmt":"2026-02-06T16:44:34","slug":"volo-elicottero-granges-tre-laghi","status":"publish","type":"product","link":"https:\/\/www.swissraft.ch\/it\/prodotto\/volo-elicottero-granges-tre-laghi\/","title":{"rendered":"Volo in elicottero da GRANGES &#8211; VOLO SUI TRE LAGHI &#8211; 45 min. &#8211; CHF 1&#8217;216.00"},"content":{"rendered":"\t\t<div data-elementor-type=\"wp-post\" data-elementor-id=\"93288\" class=\"elementor elementor-93288 elementor-29883\">\n\t\t\t\t\t\t\t\t\t<section class=\"elementor-section elementor-top-section elementor-element elementor-element-3303a7e3 elementor-section-boxed elementor-section-height-default elementor-section-height-default\" data-id=\"3303a7e3\" data-element_type=\"section\">\n\t\t\t\t\t\t<div class=\"elementor-container elementor-column-gap-default\">\n\t\t\t\t\t<div class=\"elementor-column elementor-col-100 elementor-top-column elementor-element elementor-element-16d72dbf\" data-id=\"16d72dbf\" data-element_type=\"column\">\n\t\t\t<div class=\"elementor-widget-wrap elementor-element-populated\">\n\t\t\t\t\t\t\t\t<div class=\"elementor-element elementor-element-d743c03 elementor-widget elementor-widget-text-editor\" data-id=\"d743c03\" data-element_type=\"widget\" data-widget_type=\"text-editor.default\">\n\t\t\t\t<div class=\"elementor-widget-container\">\n\t\t\t\t\t\t\t<h2>SCEGLI LA TUA ATTIVIT\u00c0 QUI SOTTO PER OFFRIRE BUONI REGALO\/BIGLIETTI O EFFETTUARE UNA PRENOTAZIONE<\/h2><table border=\"0\" width=\"580\" cellspacing=\"10\" cellpadding=\"10\"><tbody><tr><td width=\"50%\"><strong>VOLO DEI TRE LAGHI (1-3 pers.) &#8211; 45 min.<\/strong><\/td><td><strong>CHF 1&#8217;216.00 per vol privato<span class=\"productPrice\"><br \/><\/span><\/strong><\/td><\/tr><tr><td>Informazioni aggiuntive<\/td><td>&#8211; Utilizzate l&#8217;elicottero esclusivamente per voi<br \/>&#8211; Stabilite voi la data e l&#8217;ora di partenza<br \/>&#8211; Massimo 3 pers.<\/td><\/tr><tr><td>Aerodromo<\/td><td><a href=\"https:\/\/www.google.com\/maps\/place\/47%C2%B010'58.8%22N+7%C2%B024'45.2%22E\/@47.1842958,7.3756682,6136m\/data=!3m1!1e3!4m4!3m3!8m2!3d47.183!4d7.4125556?entry=ttu\" target=\"_blank\" rel=\"noopener\">Granges<\/a><\/td><\/tr><tr><td>Tempo di volo<\/td><td>45 min.<\/td><\/tr><tr><td>Durata totale<\/td><td>circa 1 ora<\/td><\/tr><tr><td>Appuntamenti<\/td><td>Per telefono<\/td><\/tr><tr><td><button class=\"elementor-button\" type=\"button\"><a href=\"https:\/\/swissraft.outdoorbooking.ch\/fo\/products\/1387?base_id=207&amp;category_id=6&amp;order_type=gift_voucher&amp;lang=it\" target=\"_blank\" rel=\"noopener\">ACQUISTO BUONO REGALO \/ BIGLIETTO<\/a><\/button><\/td><td><strong>CHF 1&#8217;216.00 &#8211; Volo privato (1-3 pers.)<\/strong><\/td><\/tr><tr><td>\u00a0<\/td><td><strong><em>IMPORTANTE !<\/em><\/strong><br \/><em>Per prenotare, chiamate il numero che si trova in alto a sinistra sul buono regalo\/biglietto.<\/em><\/td><\/tr><\/tbody><\/table>\t\t\t\t\t\t<\/div>\n\t\t\t\t<\/div>\n\t\t\t\t\t<\/div>\n\t\t<\/div>\n\t\t\t\t\t\t\t<\/div>\n\t\t<\/section>\n\t\t\t\t\t\t\t<\/div>\n\t\t","protected":false},"excerpt":{"rendered":"<div align=\"justify\">\n<h2 align=\"justify\">Volo in elicottero sulla regione dei 3 laghi; un tour incantevole<\/h2>\n<h3>Questo volo in elicottero di 45 minuti ti porter\u00e0 a sorvolare la regione dei Tre Laghi.<\/h3>\n<\/div>\n<div align=\"justify\">\n<p>Volo in elicottero sui 3 laghi del Seeland: i laghi Biel, Neuch\u00e2tel e Murten. Decolliamo da Grenchen verso la citt\u00e0 di Biel, il lago di Biel e La Neuveville. Poi si prosegue verso Neuch\u00e2tel e il suo lago, Le Creux du Van. Per poi proseguire verso Cudrefin, il lago di Murten, Lyss, Buren e riposare a Grenchen.<\/p>\n<h3>Swissraft ti offre oltre 150 rotte in elicottero in Svizzera<\/h3>\n<p id=\"textarea\" style=\"display: none;\">\nDecolliamo anche dall&#8217;eliporto di K\u00fcssnacht nel Canton Svitto. E dall&#8217;eliporto di Pfaffnau, nel cantone di Lucerna. Ma anche l&#8217;eliporto di Erstfeld, nel cantone di Uri, e l&#8217;aeroporto di Buttwil, nel cantone di Argovia. Anche nel cantone di Friburgo, a \u00c9pagny en Gruy\u00e8re. Lo stesso vale per l&#8217;aeroporto di Sion, l&#8217;eliporto di Gampel e l&#8217;eliporto di Collombey in Vallese. Anche dagli eliporti di Interlaken-Gsteigwiler e Gstaad-Grund e dall&#8217;aerodromo di Saanen nel Saanenland. Decolliamo anche dall&#8217;aeroporto di Berna-Belp. E dagli eliporti di Lauterbrunnen, Lenk-Simmental e Schattenhalb-Meiringen nell&#8217;Oberland Bernese. Decolliamo anche dall&#8217;aeroporto internazionale di Zurigo-Kloten. In Ticino offriamo voli dagli aeroporti di Locarno e Lodrino. Decolliamo anche dagli eliporti di Flims, Tavanasa e Untervaz nei Grigioni. Anche dall&#8217;eliporto di St. Puoi volare dall&#8217;aeroporto di St. Moritz in inverno e dall&#8217;aeroporto di Samedan in Engadina tutto l&#8217;anno. Ma anche dall&#8217;eliporto di Balzers nel Liechtenstein e dall&#8217;aeroporto di Sitterdorf nel Canton Turgovia.\n<\/p>\n<p><a id=\"seeMore\" onclick=\"toggleSeeMore()\" href=\"javascript:void(0);\">Leggi tutto<\/a><\/p>\n","protected":false},"featured_media":115655,"comment_status":"open","ping_status":"closed","template":"","meta":{"inline_featured_image":false,"_mi_skip_tracking":false},"product_cat":[392,565],"product_tag":[],"class_list":["post-93288","product","type-product","status-publish","has-post-thumbnail","hentry","product_cat-volo-in-elicottero","product_cat-elicottero-granges"],"yoast_head":"<!-- This site is optimized with the Yoast SEO plugin v23.6 - https:\/\/yoast.com\/wordpress\/plugins\/seo\/ -->\n<title>Volo dei tre laghi in elicottero dall&#039;aeroporto di Granges<\/title>\n<meta name=\"description\" content=\"Volo dei tre laghi da Grenchen. Questo volo di 45 min ti porter\u00e0 a sorvolare : il lago di Biel, il lago di Neuch\u00e2tel e il lago di Murten.\" \/>\n<meta name=\"robots\" content=\"index, follow, max-snippet:-1, max-image-preview:large, max-video-preview:-1\" \/>\n<link rel=\"canonical\" href=\"https:\/\/www.swissraft.ch\/it\/prodotto\/volo-elicottero-granges-tre-laghi\/\" \/>\n<meta property=\"og:locale\" content=\"it_IT\" \/>\n<meta property=\"og:type\" content=\"article\" \/>\n<meta property=\"og:title\" content=\"Volo dei tre laghi in elicottero dall&#039;aeroporto di Granges\" \/>\n<meta property=\"og:description\" content=\"Volo dei tre laghi da Grenchen. Questo volo di 45 min ti porter\u00e0 a sorvolare : il lago di Biel, il lago di Neuch\u00e2tel e il lago di Murten.\" \/>\n<meta property=\"og:url\" content=\"https:\/\/www.swissraft.ch\/it\/prodotto\/volo-elicottero-granges-tre-laghi\/\" \/>\n<meta property=\"og:site_name\" content=\"Swissraft\" \/>\n<meta property=\"article:modified_time\" content=\"2026-02-06T16:44:34+00:00\" \/>\n<meta property=\"og:image\" content=\"https:\/\/www.swissraft.ch\/wp-content\/uploads\/2022\/12\/Helikopter-Rundflug-Drei-Seen.jpg\" \/>\n\t<meta property=\"og:image:width\" content=\"600\" \/>\n\t<meta property=\"og:image:height\" content=\"600\" \/>\n\t<meta property=\"og:image:type\" content=\"image\/jpeg\" \/>\n<meta name=\"twitter:card\" content=\"summary_large_image\" \/>\n<meta name=\"twitter:label1\" content=\"Tempo di lettura stimato\" \/>\n\t<meta name=\"twitter:data1\" content=\"1 minuto\" \/>\n<script type=\"application\/ld+json\" class=\"yoast-schema-graph\">{\"@context\":\"https:\/\/schema.org\",\"@graph\":[{\"@type\":\"WebPage\",\"@id\":\"https:\/\/www.swissraft.ch\/it\/prodotto\/volo-elicottero-granges-tre-laghi\/\",\"url\":\"https:\/\/www.swissraft.ch\/it\/prodotto\/volo-elicottero-granges-tre-laghi\/\",\"name\":\"Volo dei tre laghi in elicottero dall'aeroporto di Granges\",\"isPartOf\":{\"@id\":\"https:\/\/www.swissraft.ch\/it\/#website\"},\"primaryImageOfPage\":{\"@id\":\"https:\/\/www.swissraft.ch\/it\/prodotto\/volo-elicottero-granges-tre-laghi\/#primaryimage\"},\"image\":{\"@id\":\"https:\/\/www.swissraft.ch\/it\/prodotto\/volo-elicottero-granges-tre-laghi\/#primaryimage\"},\"thumbnailUrl\":\"https:\/\/www.swissraft.ch\/wp-content\/uploads\/2022\/12\/Helikopter-Rundflug-Drei-Seen.jpg\",\"datePublished\":\"2022-12-23T21:15:59+00:00\",\"dateModified\":\"2026-02-06T16:44:34+00:00\",\"description\":\"Volo dei tre laghi da Grenchen. Questo volo di 45 min ti porter\u00e0 a sorvolare : il lago di Biel, il lago di Neuch\u00e2tel e il lago di Murten.\",\"breadcrumb\":{\"@id\":\"https:\/\/www.swissraft.ch\/it\/prodotto\/volo-elicottero-granges-tre-laghi\/#breadcrumb\"},\"inLanguage\":\"it-IT\",\"potentialAction\":[{\"@type\":\"ReadAction\",\"target\":[\"https:\/\/www.swissraft.ch\/it\/prodotto\/volo-elicottero-granges-tre-laghi\/\"]}]},{\"@type\":\"ImageObject\",\"inLanguage\":\"it-IT\",\"@id\":\"https:\/\/www.swissraft.ch\/it\/prodotto\/volo-elicottero-granges-tre-laghi\/#primaryimage\",\"url\":\"https:\/\/www.swissraft.ch\/wp-content\/uploads\/2022\/12\/Helikopter-Rundflug-Drei-Seen.jpg\",\"contentUrl\":\"https:\/\/www.swissraft.ch\/wp-content\/uploads\/2022\/12\/Helikopter-Rundflug-Drei-Seen.jpg\",\"width\":600,\"height\":600,\"caption\":\"Volo dei tre laghi in elicottero\"},{\"@type\":\"BreadcrumbList\",\"@id\":\"https:\/\/www.swissraft.ch\/it\/prodotto\/volo-elicottero-granges-tre-laghi\/#breadcrumb\",\"itemListElement\":[{\"@type\":\"ListItem\",\"position\":1,\"name\":\"Accueil\",\"item\":\"https:\/\/www.swissraft.ch\/it\/\"},{\"@type\":\"ListItem\",\"position\":2,\"name\":\"Negozio\",\"item\":\"https:\/\/www.swissraft.ch\/it\/negozio\/\"},{\"@type\":\"ListItem\",\"position\":3,\"name\":\"Volo in elicottero da GRANGES &#8211; VOLO SUI TRE LAGHI &#8211; 45 min. &#8211; CHF 1&rsquo;216.00\"}]},{\"@type\":\"WebSite\",\"@id\":\"https:\/\/www.swissraft.ch\/it\/#website\",\"url\":\"https:\/\/www.swissraft.ch\/it\/\",\"name\":\"Swissraft\",\"description\":\"To enjoy nature as it is\",\"publisher\":{\"@id\":\"https:\/\/www.swissraft.ch\/it\/#organization\"},\"potentialAction\":[{\"@type\":\"SearchAction\",\"target\":{\"@type\":\"EntryPoint\",\"urlTemplate\":\"https:\/\/www.swissraft.ch\/it\/?s={search_term_string}\"},\"query-input\":{\"@type\":\"PropertyValueSpecification\",\"valueRequired\":true,\"valueName\":\"search_term_string\"}}],\"inLanguage\":\"it-IT\"},{\"@type\":\"Organization\",\"@id\":\"https:\/\/www.swissraft.ch\/it\/#organization\",\"name\":\"Swissraft\",\"url\":\"https:\/\/www.swissraft.ch\/it\/\",\"logo\":{\"@type\":\"ImageObject\",\"inLanguage\":\"it-IT\",\"@id\":\"https:\/\/www.swissraft.ch\/it\/#\/schema\/logo\/image\/\",\"url\":\"https:\/\/www.swissraft.ch\/wp-content\/uploads\/2025\/09\/Capture.jpg\",\"contentUrl\":\"https:\/\/www.swissraft.ch\/wp-content\/uploads\/2025\/09\/Capture.jpg\",\"width\":293,\"height\":108,\"caption\":\"Swissraft\"},\"image\":{\"@id\":\"https:\/\/www.swissraft.ch\/it\/#\/schema\/logo\/image\/\"}}]}<\/script>\n<!-- \/ Yoast SEO plugin. -->","yoast_head_json":{"title":"Volo dei tre laghi in elicottero dall'aeroporto di Granges","description":"Volo dei tre laghi da Grenchen. Questo volo di 45 min ti porter\u00e0 a sorvolare : il lago di Biel, il lago di Neuch\u00e2tel e il lago di Murten.","robots":{"index":"index","follow":"follow","max-snippet":"max-snippet:-1","max-image-preview":"max-image-preview:large","max-video-preview":"max-video-preview:-1"},"canonical":"https:\/\/www.swissraft.ch\/it\/prodotto\/volo-elicottero-granges-tre-laghi\/","og_locale":"it_IT","og_type":"article","og_title":"Volo dei tre laghi in elicottero dall'aeroporto di Granges","og_description":"Volo dei tre laghi da Grenchen. Questo volo di 45 min ti porter\u00e0 a sorvolare : il lago di Biel, il lago di Neuch\u00e2tel e il lago di Murten.","og_url":"https:\/\/www.swissraft.ch\/it\/prodotto\/volo-elicottero-granges-tre-laghi\/","og_site_name":"Swissraft","article_modified_time":"2026-02-06T16:44:34+00:00","og_image":[{"width":600,"height":600,"url":"https:\/\/www.swissraft.ch\/wp-content\/uploads\/2022\/12\/Helikopter-Rundflug-Drei-Seen.jpg","type":"image\/jpeg"}],"twitter_card":"summary_large_image","twitter_misc":{"Tempo di lettura stimato":"1 minuto"},"schema":{"@context":"https:\/\/schema.org","@graph":[{"@type":"WebPage","@id":"https:\/\/www.swissraft.ch\/it\/prodotto\/volo-elicottero-granges-tre-laghi\/","url":"https:\/\/www.swissraft.ch\/it\/prodotto\/volo-elicottero-granges-tre-laghi\/","name":"Volo dei tre laghi in elicottero dall'aeroporto di Granges","isPartOf":{"@id":"https:\/\/www.swissraft.ch\/it\/#website"},"primaryImageOfPage":{"@id":"https:\/\/www.swissraft.ch\/it\/prodotto\/volo-elicottero-granges-tre-laghi\/#primaryimage"},"image":{"@id":"https:\/\/www.swissraft.ch\/it\/prodotto\/volo-elicottero-granges-tre-laghi\/#primaryimage"},"thumbnailUrl":"https:\/\/www.swissraft.ch\/wp-content\/uploads\/2022\/12\/Helikopter-Rundflug-Drei-Seen.jpg","datePublished":"2022-12-23T21:15:59+00:00","dateModified":"2026-02-06T16:44:34+00:00","description":"Volo dei tre laghi da Grenchen. Questo volo di 45 min ti porter\u00e0 a sorvolare : il lago di Biel, il lago di Neuch\u00e2tel e il lago di Murten.","breadcrumb":{"@id":"https:\/\/www.swissraft.ch\/it\/prodotto\/volo-elicottero-granges-tre-laghi\/#breadcrumb"},"inLanguage":"it-IT","potentialAction":[{"@type":"ReadAction","target":["https:\/\/www.swissraft.ch\/it\/prodotto\/volo-elicottero-granges-tre-laghi\/"]}]},{"@type":"ImageObject","inLanguage":"it-IT","@id":"https:\/\/www.swissraft.ch\/it\/prodotto\/volo-elicottero-granges-tre-laghi\/#primaryimage","url":"https:\/\/www.swissraft.ch\/wp-content\/uploads\/2022\/12\/Helikopter-Rundflug-Drei-Seen.jpg","contentUrl":"https:\/\/www.swissraft.ch\/wp-content\/uploads\/2022\/12\/Helikopter-Rundflug-Drei-Seen.jpg","width":600,"height":600,"caption":"Volo dei tre laghi in elicottero"},{"@type":"BreadcrumbList","@id":"https:\/\/www.swissraft.ch\/it\/prodotto\/volo-elicottero-granges-tre-laghi\/#breadcrumb","itemListElement":[{"@type":"ListItem","position":1,"name":"Accueil","item":"https:\/\/www.swissraft.ch\/it\/"},{"@type":"ListItem","position":2,"name":"Negozio","item":"https:\/\/www.swissraft.ch\/it\/negozio\/"},{"@type":"ListItem","position":3,"name":"Volo in elicottero da GRANGES &#8211; VOLO SUI TRE LAGHI &#8211; 45 min. &#8211; CHF 1&rsquo;216.00"}]},{"@type":"WebSite","@id":"https:\/\/www.swissraft.ch\/it\/#website","url":"https:\/\/www.swissraft.ch\/it\/","name":"Swissraft","description":"To enjoy nature as it is","publisher":{"@id":"https:\/\/www.swissraft.ch\/it\/#organization"},"potentialAction":[{"@type":"SearchAction","target":{"@type":"EntryPoint","urlTemplate":"https:\/\/www.swissraft.ch\/it\/?s={search_term_string}"},"query-input":{"@type":"PropertyValueSpecification","valueRequired":true,"valueName":"search_term_string"}}],"inLanguage":"it-IT"},{"@type":"Organization","@id":"https:\/\/www.swissraft.ch\/it\/#organization","name":"Swissraft","url":"https:\/\/www.swissraft.ch\/it\/","logo":{"@type":"ImageObject","inLanguage":"it-IT","@id":"https:\/\/www.swissraft.ch\/it\/#\/schema\/logo\/image\/","url":"https:\/\/www.swissraft.ch\/wp-content\/uploads\/2025\/09\/Capture.jpg","contentUrl":"https:\/\/www.swissraft.ch\/wp-content\/uploads\/2025\/09\/Capture.jpg","width":293,"height":108,"caption":"Swissraft"},"image":{"@id":"https:\/\/www.swissraft.ch\/it\/#\/schema\/logo\/image\/"}}]}},"_links":{"self":[{"href":"https:\/\/www.swissraft.ch\/it\/wp-json\/wp\/v2\/product\/93288","targetHints":{"allow":["GET"]}}],"collection":[{"href":"https:\/\/www.swissraft.ch\/it\/wp-json\/wp\/v2\/product"}],"about":[{"href":"https:\/\/www.swissraft.ch\/it\/wp-json\/wp\/v2\/types\/product"}],"replies":[{"embeddable":true,"href":"https:\/\/www.swissraft.ch\/it\/wp-json\/wp\/v2\/comments?post=93288"}],"version-history":[{"count":20,"href":"https:\/\/www.swissraft.ch\/it\/wp-json\/wp\/v2\/product\/93288\/revisions"}],"predecessor-version":[{"id":129448,"href":"https:\/\/www.swissraft.ch\/it\/wp-json\/wp\/v2\/product\/93288\/revisions\/129448"}],"wp:featuredmedia":[{"embeddable":true,"href":"https:\/\/www.swissraft.ch\/it\/wp-json\/wp\/v2\/media\/115655"}],"wp:attachment":[{"href":"https:\/\/www.swissraft.ch\/it\/wp-json\/wp\/v2\/media?parent=93288"}],"wp:term":[{"taxonomy":"product_cat","embeddable":true,"href":"https:\/\/www.swissraft.ch\/it\/wp-json\/wp\/v2\/product_cat?post=93288"},{"taxonomy":"product_tag","embeddable":true,"href":"https:\/\/www.swissraft.ch\/it\/wp-json\/wp\/v2\/product_tag?post=93288"}],"curies":[{"name":"wp","href":"https:\/\/api.w.org\/{rel}","templated":true}]}}