{"id":93234,"date":"2022-12-23T22:38:00","date_gmt":"2022-12-23T21:38:00","guid":{"rendered":"https:\/\/swissraft.xyanzkdne.eu\/product\/volo-in-elicottero-granges-eiger-monch-e-jungfrau-65-min-a-partire-da-chf-1695-00\/"},"modified":"2026-02-06T18:36:01","modified_gmt":"2026-02-06T17:36:01","slug":"volo-elicottero-granges-eiger-monch-e-jungfrau","status":"publish","type":"product","link":"https:\/\/www.swissraft.ch\/it\/prodotto\/volo-elicottero-granges-eiger-monch-e-jungfrau\/","title":{"rendered":"Volo in elicottero GRANGES &#8211; EIGER M\u00d6NCH E JUNGFRAU &#8211; 65 min. &#8211; A partire da CHF 1&#8217;730.00"},"content":{"rendered":"\t\t<div data-elementor-type=\"wp-post\" data-elementor-id=\"93234\" class=\"elementor elementor-93234 elementor-29906\">\n\t\t\t\t\t\t\t\t\t<section class=\"elementor-section elementor-top-section elementor-element elementor-element-3303a7e3 elementor-section-boxed elementor-section-height-default elementor-section-height-default\" data-id=\"3303a7e3\" data-element_type=\"section\">\n\t\t\t\t\t\t<div class=\"elementor-container elementor-column-gap-default\">\n\t\t\t\t\t<div class=\"elementor-column elementor-col-100 elementor-top-column elementor-element elementor-element-16d72dbf\" data-id=\"16d72dbf\" data-element_type=\"column\">\n\t\t\t<div class=\"elementor-widget-wrap elementor-element-populated\">\n\t\t\t\t\t\t\t\t<div class=\"elementor-element elementor-element-d743c03 elementor-widget elementor-widget-text-editor\" data-id=\"d743c03\" data-element_type=\"widget\" data-widget_type=\"text-editor.default\">\n\t\t\t\t<div class=\"elementor-widget-container\">\n\t\t\t\t\t\t\t<h2>SCEGLI LA TUA ATTIVIT\u00c0 QUI SOTTO PER OFFRIRE BUONI REGALO\/BIGLIETTI O EFFETTUARE UNA PRENOTAZIONE<\/h2><table border=\"0\" width=\"580\" cellspacing=\"10\" cellpadding=\"10\"><tbody><tr><td width=\"50%\"><strong>EIGER M\u00d6NCH E JUNGFRAU &#8211; VOLO PRIVATO (1-3 pers.) &#8211; 65 min.<\/strong><\/td><td><strong>CHF 1&#8217;730.00 per volo privato<span class=\"productPrice\"><br \/><\/span><\/strong><\/td><\/tr><tr><td>Informazioni aggiuntive<\/td><td>&#8211; Utilizzate l\u2019elicottero esclusivamente per voi<br \/>&#8211; Stabilite voi la data e l\u2019ora di partenza<br \/>&#8211; Massimo 3 pers.<\/td><\/tr><tr><td>Aerodromo<\/td><td><a href=\"https:\/\/www.google.com\/maps\/place\/47%C2%B010'58.8%22N+7%C2%B024'45.2%22E\/@47.1842958,7.3756682,6136m\/data=!3m1!1e3!4m4!3m3!8m2!3d47.183!4d7.4125556?entry=ttu\" target=\"_blank\" rel=\"noopener\">Granges<\/a><\/td><\/tr><tr><td>Tempo di volo<\/td><td>65 min.<\/td><\/tr><tr><td>Durata totale<\/td><td>circa 1h30<\/td><\/tr><tr><td>Appuntamento<\/td><td>Per telefono<\/td><\/tr><tr><td><button class=\"elementor-button\" type=\"button\"><a href=\"https:\/\/swissraft.outdoorbooking.ch\/fo\/products\/2043?base_id=207&amp;category_id=6&amp;order_type=gift_voucher&amp;lang=it\" target=\"_blank\" rel=\"noopener\">ACQUISTO BUONO REGALO \/ BIGLIETTO<\/a><\/button><\/td><td><strong>CHF 1&#8217;730.00 &#8211; Volo privato (1-3 pers.)<\/strong><\/td><\/tr><tr><td>\u00a0<\/td><td><span class=\"patt\" style=\"font-family: inherit; font-size: inherit;\"><span class=\"plbl\"><strong><em>IMPORTANTE !<\/em><\/strong><br \/><em>Per prenotare, chiamate il numero che si trova in alto a sinistra sul buono regalo\/biglietto.<\/em><\/span><\/span><\/td><\/tr><\/tbody><\/table>\t\t\t\t\t\t<\/div>\n\t\t\t\t<\/div>\n\t\t\t\t\t<\/div>\n\t\t<\/div>\n\t\t\t\t\t\t\t<\/div>\n\t\t<\/section>\n\t\t\t\t\t\t\t<\/div>\n\t\t","protected":false},"excerpt":{"rendered":"<div align=\"justify\">\n<h2 align=\"justify\">Partenza da Grenchen per un volo sopra l&#8217;Eiger, il M\u00f6nch e la Jungfrau, un volo da non perdere.<\/h2>\n<h3>Il massiccio dell&#8217;Eiger e la sua famosa parete nord; un volo di 65 minuti che ti lascer\u00e0 senza fiato.<\/h3>\n<\/div>\n<div align=\"justify\">\n<p>Volo in elicottero da Grenchen alle Alpi Bernesi. Pi\u00f9 precisamente, alle famose vette con viste mozzafiato dell&#8217;Eiger, del M\u00f6nch e della Jungfrau. Poi continuiamo il nostro volo verso lo Schilthorn, il Niesen e la catena dello Stockhorn. Il volo termina nella valle di G\u00fcrbetal prima di tornare all&#8217;aerodromo di Grenchen.<\/p>\n<h3>Swisraft offre un&#8217;ampia gamma di tour in elicottero con partenza da 26 eliporti e campi di volo in Svizzera.<\/h3>\n<p id=\"textarea\" style=\"display: none;\">Decolliamo dagli eliporti di Collombey e Gampel, oltre che dall&#8217;aeroporto di Sion in Vallese. Partiamo anche da \u00c9pagny en Gruy\u00e8re, nel cantone di Friburgo. Anche dagli eliporti di Interlaken-Gsteigwiler e Gstaad-Grund e dall&#8217;aerodromo di Saanen nel Saanenland. Offriamo anche voli per il Canton Uri dall&#8217;eliporto di Erstfeld e voli da Pfaffnau. Ma anche dall&#8217;aeroporto di Buttwil in Argovia. Decolliamo anche dall&#8217;aeroporto di Berna-Belp. E nell&#8217;Oberland Bernese dagli eliporti di Lauterbrunnen, Lenk-Simmental e Schattenhalb-Meiringen. Dall&#8217;aeroporto internazionale di Zurigo-Kloten partono anche voli in elicottero. Lo stesso vale per l&#8217;eliporto di K\u00fcssnacht, nel Canton Svitto. Nei Grigioni da St. Moritz Puoi volare dall&#8217;aeroporto di St. Moritz in inverno e dall&#8217;aeroporto di Samedan in Engadina tutto l&#8217;anno. Ma anche dagli eliporti di Flims, Tavanasa e Untervaz. Offriamo anche voli turistici per il Ticino dagli aeroporti di Locarno e Lodrino. Decolliamo anche dal Liechtenstein dall&#8217;eliporto di Balzers e dall&#8217;aerodromo di Sitterdorf in Turgovia.\n<\/p>\n<p><a id=\"seeMore\" onclick=\"toggleSeeMore()\" href=\"javascript:void(0);\">Leggi tutto<\/a><\/p>\n","protected":false},"featured_media":86042,"comment_status":"open","ping_status":"closed","template":"","meta":{"inline_featured_image":false,"_mi_skip_tracking":false},"product_cat":[392,565],"product_tag":[],"class_list":["post-93234","product","type-product","status-publish","has-post-thumbnail","hentry","product_cat-volo-in-elicottero","product_cat-elicottero-granges"],"yoast_head":"<!-- This site is optimized with the Yoast SEO plugin v23.6 - https:\/\/yoast.com\/wordpress\/plugins\/seo\/ -->\n<title>Eiger M\u00f6nch Jungfrau volo da Grenchen in elicottero<\/title>\n<meta name=\"description\" content=\"Volo in elicottero Eiger M\u00f6nch Jungfrau volo da Grenchen al famoso massiccio delle Alpi Bernesi. Volerai il pi\u00f9 vicino possibile dell&#039;Eiger.\" \/>\n<meta name=\"robots\" content=\"index, follow, max-snippet:-1, max-image-preview:large, max-video-preview:-1\" \/>\n<link rel=\"canonical\" href=\"https:\/\/www.swissraft.ch\/it\/prodotto\/volo-elicottero-granges-eiger-monch-e-jungfrau\/\" \/>\n<meta property=\"og:locale\" content=\"it_IT\" \/>\n<meta property=\"og:type\" content=\"article\" \/>\n<meta property=\"og:title\" content=\"Eiger M\u00f6nch Jungfrau volo da Grenchen in elicottero\" \/>\n<meta property=\"og:description\" content=\"Volo in elicottero Eiger M\u00f6nch Jungfrau volo da Grenchen al famoso massiccio delle Alpi Bernesi. Volerai il pi\u00f9 vicino possibile dell&#039;Eiger.\" \/>\n<meta property=\"og:url\" content=\"https:\/\/www.swissraft.ch\/it\/prodotto\/volo-elicottero-granges-eiger-monch-e-jungfrau\/\" \/>\n<meta property=\"og:site_name\" content=\"Swissraft\" \/>\n<meta property=\"article:modified_time\" content=\"2026-02-06T17:36:01+00:00\" \/>\n<meta property=\"og:image\" content=\"https:\/\/www.swissraft.ch\/wp-content\/uploads\/2022\/12\/5-GRENCHEN-Eiger-Monch-und-Jungfrau-776x776-2.jpg\" \/>\n\t<meta property=\"og:image:width\" content=\"776\" \/>\n\t<meta property=\"og:image:height\" content=\"776\" \/>\n\t<meta property=\"og:image:type\" content=\"image\/jpeg\" \/>\n<meta name=\"twitter:card\" content=\"summary_large_image\" \/>\n<meta name=\"twitter:label1\" content=\"Tempo di lettura stimato\" \/>\n\t<meta name=\"twitter:data1\" content=\"1 minuto\" \/>\n<script type=\"application\/ld+json\" class=\"yoast-schema-graph\">{\"@context\":\"https:\/\/schema.org\",\"@graph\":[{\"@type\":\"WebPage\",\"@id\":\"https:\/\/www.swissraft.ch\/it\/prodotto\/volo-elicottero-granges-eiger-monch-e-jungfrau\/\",\"url\":\"https:\/\/www.swissraft.ch\/it\/prodotto\/volo-elicottero-granges-eiger-monch-e-jungfrau\/\",\"name\":\"Eiger M\u00f6nch Jungfrau volo da Grenchen in elicottero\",\"isPartOf\":{\"@id\":\"https:\/\/www.swissraft.ch\/it\/#website\"},\"primaryImageOfPage\":{\"@id\":\"https:\/\/www.swissraft.ch\/it\/prodotto\/volo-elicottero-granges-eiger-monch-e-jungfrau\/#primaryimage\"},\"image\":{\"@id\":\"https:\/\/www.swissraft.ch\/it\/prodotto\/volo-elicottero-granges-eiger-monch-e-jungfrau\/#primaryimage\"},\"thumbnailUrl\":\"https:\/\/www.swissraft.ch\/wp-content\/uploads\/2022\/12\/5-GRENCHEN-Eiger-Monch-und-Jungfrau-776x776-2.jpg\",\"datePublished\":\"2022-12-23T21:38:00+00:00\",\"dateModified\":\"2026-02-06T17:36:01+00:00\",\"description\":\"Volo in elicottero Eiger M\u00f6nch Jungfrau volo da Grenchen al famoso massiccio delle Alpi Bernesi. Volerai il pi\u00f9 vicino possibile dell'Eiger.\",\"breadcrumb\":{\"@id\":\"https:\/\/www.swissraft.ch\/it\/prodotto\/volo-elicottero-granges-eiger-monch-e-jungfrau\/#breadcrumb\"},\"inLanguage\":\"it-IT\",\"potentialAction\":[{\"@type\":\"ReadAction\",\"target\":[\"https:\/\/www.swissraft.ch\/it\/prodotto\/volo-elicottero-granges-eiger-monch-e-jungfrau\/\"]}]},{\"@type\":\"ImageObject\",\"inLanguage\":\"it-IT\",\"@id\":\"https:\/\/www.swissraft.ch\/it\/prodotto\/volo-elicottero-granges-eiger-monch-e-jungfrau\/#primaryimage\",\"url\":\"https:\/\/www.swissraft.ch\/wp-content\/uploads\/2022\/12\/5-GRENCHEN-Eiger-Monch-und-Jungfrau-776x776-2.jpg\",\"contentUrl\":\"https:\/\/www.swissraft.ch\/wp-content\/uploads\/2022\/12\/5-GRENCHEN-Eiger-Monch-und-Jungfrau-776x776-2.jpg\",\"width\":776,\"height\":776,\"caption\":\"Eiger, M\u00f6nch, Jungfrau in elicottero da Grenchen\"},{\"@type\":\"BreadcrumbList\",\"@id\":\"https:\/\/www.swissraft.ch\/it\/prodotto\/volo-elicottero-granges-eiger-monch-e-jungfrau\/#breadcrumb\",\"itemListElement\":[{\"@type\":\"ListItem\",\"position\":1,\"name\":\"Accueil\",\"item\":\"https:\/\/www.swissraft.ch\/it\/\"},{\"@type\":\"ListItem\",\"position\":2,\"name\":\"Negozio\",\"item\":\"https:\/\/www.swissraft.ch\/it\/negozio\/\"},{\"@type\":\"ListItem\",\"position\":3,\"name\":\"Volo in elicottero GRANGES &#8211; EIGER M\u00d6NCH E JUNGFRAU &#8211; 65 min. &#8211; A partire da CHF 1&rsquo;730.00\"}]},{\"@type\":\"WebSite\",\"@id\":\"https:\/\/www.swissraft.ch\/it\/#website\",\"url\":\"https:\/\/www.swissraft.ch\/it\/\",\"name\":\"Swissraft\",\"description\":\"To enjoy nature as it is\",\"publisher\":{\"@id\":\"https:\/\/www.swissraft.ch\/it\/#organization\"},\"potentialAction\":[{\"@type\":\"SearchAction\",\"target\":{\"@type\":\"EntryPoint\",\"urlTemplate\":\"https:\/\/www.swissraft.ch\/it\/?s={search_term_string}\"},\"query-input\":{\"@type\":\"PropertyValueSpecification\",\"valueRequired\":true,\"valueName\":\"search_term_string\"}}],\"inLanguage\":\"it-IT\"},{\"@type\":\"Organization\",\"@id\":\"https:\/\/www.swissraft.ch\/it\/#organization\",\"name\":\"Swissraft\",\"url\":\"https:\/\/www.swissraft.ch\/it\/\",\"logo\":{\"@type\":\"ImageObject\",\"inLanguage\":\"it-IT\",\"@id\":\"https:\/\/www.swissraft.ch\/it\/#\/schema\/logo\/image\/\",\"url\":\"https:\/\/www.swissraft.ch\/wp-content\/uploads\/2025\/09\/Capture.jpg\",\"contentUrl\":\"https:\/\/www.swissraft.ch\/wp-content\/uploads\/2025\/09\/Capture.jpg\",\"width\":293,\"height\":108,\"caption\":\"Swissraft\"},\"image\":{\"@id\":\"https:\/\/www.swissraft.ch\/it\/#\/schema\/logo\/image\/\"}}]}<\/script>\n<!-- \/ Yoast SEO plugin. -->","yoast_head_json":{"title":"Eiger M\u00f6nch Jungfrau volo da Grenchen in elicottero","description":"Volo in elicottero Eiger M\u00f6nch Jungfrau volo da Grenchen al famoso massiccio delle Alpi Bernesi. Volerai il pi\u00f9 vicino possibile dell'Eiger.","robots":{"index":"index","follow":"follow","max-snippet":"max-snippet:-1","max-image-preview":"max-image-preview:large","max-video-preview":"max-video-preview:-1"},"canonical":"https:\/\/www.swissraft.ch\/it\/prodotto\/volo-elicottero-granges-eiger-monch-e-jungfrau\/","og_locale":"it_IT","og_type":"article","og_title":"Eiger M\u00f6nch Jungfrau volo da Grenchen in elicottero","og_description":"Volo in elicottero Eiger M\u00f6nch Jungfrau volo da Grenchen al famoso massiccio delle Alpi Bernesi. Volerai il pi\u00f9 vicino possibile dell'Eiger.","og_url":"https:\/\/www.swissraft.ch\/it\/prodotto\/volo-elicottero-granges-eiger-monch-e-jungfrau\/","og_site_name":"Swissraft","article_modified_time":"2026-02-06T17:36:01+00:00","og_image":[{"width":776,"height":776,"url":"https:\/\/www.swissraft.ch\/wp-content\/uploads\/2022\/12\/5-GRENCHEN-Eiger-Monch-und-Jungfrau-776x776-2.jpg","type":"image\/jpeg"}],"twitter_card":"summary_large_image","twitter_misc":{"Tempo di lettura stimato":"1 minuto"},"schema":{"@context":"https:\/\/schema.org","@graph":[{"@type":"WebPage","@id":"https:\/\/www.swissraft.ch\/it\/prodotto\/volo-elicottero-granges-eiger-monch-e-jungfrau\/","url":"https:\/\/www.swissraft.ch\/it\/prodotto\/volo-elicottero-granges-eiger-monch-e-jungfrau\/","name":"Eiger M\u00f6nch Jungfrau volo da Grenchen in elicottero","isPartOf":{"@id":"https:\/\/www.swissraft.ch\/it\/#website"},"primaryImageOfPage":{"@id":"https:\/\/www.swissraft.ch\/it\/prodotto\/volo-elicottero-granges-eiger-monch-e-jungfrau\/#primaryimage"},"image":{"@id":"https:\/\/www.swissraft.ch\/it\/prodotto\/volo-elicottero-granges-eiger-monch-e-jungfrau\/#primaryimage"},"thumbnailUrl":"https:\/\/www.swissraft.ch\/wp-content\/uploads\/2022\/12\/5-GRENCHEN-Eiger-Monch-und-Jungfrau-776x776-2.jpg","datePublished":"2022-12-23T21:38:00+00:00","dateModified":"2026-02-06T17:36:01+00:00","description":"Volo in elicottero Eiger M\u00f6nch Jungfrau volo da Grenchen al famoso massiccio delle Alpi Bernesi. Volerai il pi\u00f9 vicino possibile dell'Eiger.","breadcrumb":{"@id":"https:\/\/www.swissraft.ch\/it\/prodotto\/volo-elicottero-granges-eiger-monch-e-jungfrau\/#breadcrumb"},"inLanguage":"it-IT","potentialAction":[{"@type":"ReadAction","target":["https:\/\/www.swissraft.ch\/it\/prodotto\/volo-elicottero-granges-eiger-monch-e-jungfrau\/"]}]},{"@type":"ImageObject","inLanguage":"it-IT","@id":"https:\/\/www.swissraft.ch\/it\/prodotto\/volo-elicottero-granges-eiger-monch-e-jungfrau\/#primaryimage","url":"https:\/\/www.swissraft.ch\/wp-content\/uploads\/2022\/12\/5-GRENCHEN-Eiger-Monch-und-Jungfrau-776x776-2.jpg","contentUrl":"https:\/\/www.swissraft.ch\/wp-content\/uploads\/2022\/12\/5-GRENCHEN-Eiger-Monch-und-Jungfrau-776x776-2.jpg","width":776,"height":776,"caption":"Eiger, M\u00f6nch, Jungfrau in elicottero da Grenchen"},{"@type":"BreadcrumbList","@id":"https:\/\/www.swissraft.ch\/it\/prodotto\/volo-elicottero-granges-eiger-monch-e-jungfrau\/#breadcrumb","itemListElement":[{"@type":"ListItem","position":1,"name":"Accueil","item":"https:\/\/www.swissraft.ch\/it\/"},{"@type":"ListItem","position":2,"name":"Negozio","item":"https:\/\/www.swissraft.ch\/it\/negozio\/"},{"@type":"ListItem","position":3,"name":"Volo in elicottero GRANGES &#8211; EIGER M\u00d6NCH E JUNGFRAU &#8211; 65 min. &#8211; A partire da CHF 1&rsquo;730.00"}]},{"@type":"WebSite","@id":"https:\/\/www.swissraft.ch\/it\/#website","url":"https:\/\/www.swissraft.ch\/it\/","name":"Swissraft","description":"To enjoy nature as it is","publisher":{"@id":"https:\/\/www.swissraft.ch\/it\/#organization"},"potentialAction":[{"@type":"SearchAction","target":{"@type":"EntryPoint","urlTemplate":"https:\/\/www.swissraft.ch\/it\/?s={search_term_string}"},"query-input":{"@type":"PropertyValueSpecification","valueRequired":true,"valueName":"search_term_string"}}],"inLanguage":"it-IT"},{"@type":"Organization","@id":"https:\/\/www.swissraft.ch\/it\/#organization","name":"Swissraft","url":"https:\/\/www.swissraft.ch\/it\/","logo":{"@type":"ImageObject","inLanguage":"it-IT","@id":"https:\/\/www.swissraft.ch\/it\/#\/schema\/logo\/image\/","url":"https:\/\/www.swissraft.ch\/wp-content\/uploads\/2025\/09\/Capture.jpg","contentUrl":"https:\/\/www.swissraft.ch\/wp-content\/uploads\/2025\/09\/Capture.jpg","width":293,"height":108,"caption":"Swissraft"},"image":{"@id":"https:\/\/www.swissraft.ch\/it\/#\/schema\/logo\/image\/"}}]}},"_links":{"self":[{"href":"https:\/\/www.swissraft.ch\/it\/wp-json\/wp\/v2\/product\/93234","targetHints":{"allow":["GET"]}}],"collection":[{"href":"https:\/\/www.swissraft.ch\/it\/wp-json\/wp\/v2\/product"}],"about":[{"href":"https:\/\/www.swissraft.ch\/it\/wp-json\/wp\/v2\/types\/product"}],"replies":[{"embeddable":true,"href":"https:\/\/www.swissraft.ch\/it\/wp-json\/wp\/v2\/comments?post=93234"}],"version-history":[{"count":10,"href":"https:\/\/www.swissraft.ch\/it\/wp-json\/wp\/v2\/product\/93234\/revisions"}],"predecessor-version":[{"id":129528,"href":"https:\/\/www.swissraft.ch\/it\/wp-json\/wp\/v2\/product\/93234\/revisions\/129528"}],"wp:featuredmedia":[{"embeddable":true,"href":"https:\/\/www.swissraft.ch\/it\/wp-json\/wp\/v2\/media\/86042"}],"wp:attachment":[{"href":"https:\/\/www.swissraft.ch\/it\/wp-json\/wp\/v2\/media?parent=93234"}],"wp:term":[{"taxonomy":"product_cat","embeddable":true,"href":"https:\/\/www.swissraft.ch\/it\/wp-json\/wp\/v2\/product_cat?post=93234"},{"taxonomy":"product_tag","embeddable":true,"href":"https:\/\/www.swissraft.ch\/it\/wp-json\/wp\/v2\/product_tag?post=93234"}],"curies":[{"name":"wp","href":"https:\/\/api.w.org\/{rel}","templated":true}]}}