{"id":93226,"date":"2022-12-23T22:05:43","date_gmt":"2022-12-23T21:05:43","guid":{"rendered":"https:\/\/swissraft.xyanzkdne.eu\/product\/volo-in-elicottero-da-granges-weissenstein-e-chasseral-20-min-a-partire-da-chf-19900\/"},"modified":"2026-02-06T17:33:10","modified_gmt":"2026-02-06T16:33:10","slug":"volo-elicottero-granges-weissenstein-chasseral","status":"publish","type":"product","link":"https:\/\/www.swissraft.ch\/it\/prodotto\/volo-elicottero-granges-weissenstein-chasseral\/","title":{"rendered":"Volo in elicottero da GRANGES &#8211; WEISSENSTEIN E CHASSERAL &#8211; 20 min. &#8211; CHF 566.00"},"content":{"rendered":"\t\t<div data-elementor-type=\"wp-post\" data-elementor-id=\"93226\" class=\"elementor elementor-93226 elementor-29877\">\n\t\t\t\t\t\t\t\t\t<section class=\"elementor-section elementor-top-section elementor-element elementor-element-3303a7e3 elementor-section-boxed elementor-section-height-default elementor-section-height-default\" data-id=\"3303a7e3\" data-element_type=\"section\">\n\t\t\t\t\t\t<div class=\"elementor-container elementor-column-gap-default\">\n\t\t\t\t\t<div class=\"elementor-column elementor-col-100 elementor-top-column elementor-element elementor-element-16d72dbf\" data-id=\"16d72dbf\" data-element_type=\"column\">\n\t\t\t<div class=\"elementor-widget-wrap elementor-element-populated\">\n\t\t\t\t\t\t\t\t<div class=\"elementor-element elementor-element-d743c03 elementor-widget elementor-widget-text-editor\" data-id=\"d743c03\" data-element_type=\"widget\" data-widget_type=\"text-editor.default\">\n\t\t\t\t<div class=\"elementor-widget-container\">\n\t\t\t\t\t\t\t<h2>SCEGLI LA TUA ATTIVIT\u00c0 QUI SOTTO PER OFFRIRE BUONI REGALO\/BIGLIETTI O EFFETTUARE UNA PRENOTAZIONE<\/h2><table border=\"0\" width=\"580\" cellspacing=\"10\" cellpadding=\"10\"><tbody><tr><td width=\"50%\"><strong>WEISSENSTEIN E CHASSERAL (1-3 pers.) &#8211; 20 min. <\/strong><\/td><td><strong><span class=\"productPrice\">CHF 566.00 per volo privato<\/span><\/strong><\/td><\/tr><tr><td>Informazioni aggiuntive<\/td><td>&#8211; Utilizzate l\u2019elicottero esclusivamente per voi<br \/>&#8211; Stabilite voi la data e l\u2019ora di partenza<br \/>&#8211; Massimo 3 pers.<\/td><\/tr><tr><td>Aerodromo<\/td><td><a href=\"https:\/\/www.google.com\/maps\/place\/47%C2%B010'58.8%22N+7%C2%B024'45.2%22E\/@47.1842958,7.3756682,6136m\/data=!3m1!1e3!4m4!3m3!8m2!3d47.183!4d7.4125556?entry=ttu\" target=\"_blank\" rel=\"noopener\">Granges<\/a><\/td><\/tr><tr><td>Tempo di volo<\/td><td>20 min.<\/td><\/tr><tr><td>Durata totale<\/td><td>circa 45 min.<\/td><\/tr><tr><td>Appuntamento<\/td><td>Per telefono<\/td><\/tr><tr><td><button class=\"elementor-button\" type=\"button\"><a href=\"https:\/\/swissraft.outdoorbooking.ch\/fo\/products\/1393?base_id=192&amp;category_id=6&amp;order_type=gift_voucher&amp;lang=fr\" target=\"_blank\" rel=\"noopener\">ACQUISTO BUONO REGALO \/ BIGLIETTO<\/a><\/button><\/td><td><strong>CHF 566.00 &#8211; Volo privato (1-3 pers.)<\/strong><\/td><\/tr><\/tbody><\/table>\t\t\t\t\t\t<\/div>\n\t\t\t\t<\/div>\n\t\t\t\t\t<\/div>\n\t\t<\/div>\n\t\t\t\t\t\t\t<\/div>\n\t\t<\/section>\n\t\t\t\t\t\t\t<\/div>\n\t\t","protected":false},"excerpt":{"rendered":"<div align=\"justify\">\n<h2 align=\"justify\">Sorvola le due vette pi\u00f9 famose della catena montuosa del Giura<\/h2>\n<h3>Partendo da Granges, questo volo in elicottero di 20 minuti ti offre un sontuoso panorama del Giura con le sue due montagne, il Chasseral e il Weissenstein.<\/h3>\n<\/div>\n<div align=\"justify\">\n<p>Sorvolerai le due cime pi\u00f9 famose del Giura: il Chasseral e il Weissenstein. Da qui si gode di una vista unica sul lago di Biel e sulla catena montuosa del Giura. Partiamo da Granges in direzione di Bienne e poi ci dirigiamo verso il Chasseral. Proseguiamo poi verso Orvin e il Weissenstein prima di tornare a Granges.<\/p>\n<h3>Swissraft offre 5 voli panoramici in elicottero da Grenchen e oltre 150 voli in Svizzera grazie alla sua vasta rete di eliporti e campi di volo.<\/h3>\n<p id=\"textarea\" style=\"display: none;\">\nDecolliamo dall&#8217;eliporto di K\u00fcssnacht nel Canton Svitto. Ma anche dall&#8217;eliporto di Pfaffnau, nel cantone di Lucerna. Da Erstfeld, nel cantone di Uri, ma anche dall&#8217;aerodromo di Buttwil, nel cantone di Argovia. Lo stesso vale per \u00c9pagny en Gruy\u00e8re, nel cantone di Friburgo. Cos\u00ec come l&#8217;aeroporto di Sion, l&#8217;eliporto di Gampel e l&#8217;eliporto di Collombey in Vallese. Ci sono anche voli dagli eliporti di Interlaken-Gsteigwiler e Gstaad-Grund, oltre che dall&#8217;aerodromo di Saanen nella regione del Saanenland. Decolliamo anche dall&#8217;aeroporto di Berna-Belp. Lo stesso vale per gli eliporti di Lauterbrunnen, Lenk-Simmental e Schattenhalb-Meiringen nell&#8217;Oberland Bernese. Anche dall&#8217;aeroporto internazionale di Zurigo-Kloten. Nel Canton Ticino offriamo voli dagli aeroporti di Locarno e Lodrino. Decolliamo anche dagli eliporti di Flims, Tavanasa e Untervaz nei Grigioni. Ma anche dall&#8217;eliporto di St. Moritz in inverno e dall&#8217;aeroporto di Samedan in Engadina. Decolliamo anche dall&#8217;eliporto di Balzers in Liechtenstein e dall&#8217;aerodromo di Sitterdorf nel Canton Turgovia.\n<\/p>\n<p><a id=\"seeMore\" onclick=\"toggleSeeMore()\" href=\"javascript:void(0);\">Leggi tutto<\/a><\/p>\n","protected":false},"featured_media":85976,"comment_status":"open","ping_status":"closed","template":"","meta":{"inline_featured_image":false,"_mi_skip_tracking":false},"product_cat":[392,565],"product_tag":[],"class_list":["post-93226","product","type-product","status-publish","has-post-thumbnail","hentry","product_cat-volo-in-elicottero","product_cat-elicottero-granges"],"yoast_head":"<!-- This site is optimized with the Yoast SEO plugin v23.6 - https:\/\/yoast.com\/wordpress\/plugins\/seo\/ -->\n<title>Weissenstein e Chasseral elicottero da Grenchen<\/title>\n<meta name=\"description\" content=\"Weissenstein e Chasseral da Granges in elicottero. Un volo di 40 minuti sul famoso Chasseral, la quarta vetta pi\u00f9 alta del Giura svizzero.\" \/>\n<meta name=\"robots\" content=\"index, follow, max-snippet:-1, max-image-preview:large, max-video-preview:-1\" \/>\n<link rel=\"canonical\" href=\"https:\/\/www.swissraft.ch\/it\/prodotto\/volo-elicottero-granges-weissenstein-chasseral\/\" \/>\n<meta property=\"og:locale\" content=\"it_IT\" \/>\n<meta property=\"og:type\" content=\"article\" \/>\n<meta property=\"og:title\" content=\"Weissenstein e Chasseral elicottero da Grenchen\" \/>\n<meta property=\"og:description\" content=\"Weissenstein e Chasseral da Granges in elicottero. Un volo di 40 minuti sul famoso Chasseral, la quarta vetta pi\u00f9 alta del Giura svizzero.\" \/>\n<meta property=\"og:url\" content=\"https:\/\/www.swissraft.ch\/it\/prodotto\/volo-elicottero-granges-weissenstein-chasseral\/\" \/>\n<meta property=\"og:site_name\" content=\"Swissraft\" \/>\n<meta property=\"article:modified_time\" content=\"2026-02-06T16:33:10+00:00\" \/>\n<meta property=\"og:image\" content=\"https:\/\/www.swissraft.ch\/wp-content\/uploads\/2022\/12\/1-GRENCHEN-Weissenstein-und-Chasseral-776x776-2.jpg\" \/>\n\t<meta property=\"og:image:width\" content=\"776\" \/>\n\t<meta property=\"og:image:height\" content=\"776\" \/>\n\t<meta property=\"og:image:type\" content=\"image\/jpeg\" \/>\n<meta name=\"twitter:card\" content=\"summary_large_image\" \/>\n<meta name=\"twitter:label1\" content=\"Tempo di lettura stimato\" \/>\n\t<meta name=\"twitter:data1\" content=\"1 minuto\" \/>\n<script type=\"application\/ld+json\" class=\"yoast-schema-graph\">{\"@context\":\"https:\/\/schema.org\",\"@graph\":[{\"@type\":\"WebPage\",\"@id\":\"https:\/\/www.swissraft.ch\/it\/prodotto\/volo-elicottero-granges-weissenstein-chasseral\/\",\"url\":\"https:\/\/www.swissraft.ch\/it\/prodotto\/volo-elicottero-granges-weissenstein-chasseral\/\",\"name\":\"Weissenstein e Chasseral elicottero da Grenchen\",\"isPartOf\":{\"@id\":\"https:\/\/www.swissraft.ch\/it\/#website\"},\"primaryImageOfPage\":{\"@id\":\"https:\/\/www.swissraft.ch\/it\/prodotto\/volo-elicottero-granges-weissenstein-chasseral\/#primaryimage\"},\"image\":{\"@id\":\"https:\/\/www.swissraft.ch\/it\/prodotto\/volo-elicottero-granges-weissenstein-chasseral\/#primaryimage\"},\"thumbnailUrl\":\"https:\/\/www.swissraft.ch\/wp-content\/uploads\/2022\/12\/1-GRENCHEN-Weissenstein-und-Chasseral-776x776-2.jpg\",\"datePublished\":\"2022-12-23T21:05:43+00:00\",\"dateModified\":\"2026-02-06T16:33:10+00:00\",\"description\":\"Weissenstein e Chasseral da Granges in elicottero. Un volo di 40 minuti sul famoso Chasseral, la quarta vetta pi\u00f9 alta del Giura svizzero.\",\"breadcrumb\":{\"@id\":\"https:\/\/www.swissraft.ch\/it\/prodotto\/volo-elicottero-granges-weissenstein-chasseral\/#breadcrumb\"},\"inLanguage\":\"it-IT\",\"potentialAction\":[{\"@type\":\"ReadAction\",\"target\":[\"https:\/\/www.swissraft.ch\/it\/prodotto\/volo-elicottero-granges-weissenstein-chasseral\/\"]}]},{\"@type\":\"ImageObject\",\"inLanguage\":\"it-IT\",\"@id\":\"https:\/\/www.swissraft.ch\/it\/prodotto\/volo-elicottero-granges-weissenstein-chasseral\/#primaryimage\",\"url\":\"https:\/\/www.swissraft.ch\/wp-content\/uploads\/2022\/12\/1-GRENCHEN-Weissenstein-und-Chasseral-776x776-2.jpg\",\"contentUrl\":\"https:\/\/www.swissraft.ch\/wp-content\/uploads\/2022\/12\/1-GRENCHEN-Weissenstein-und-Chasseral-776x776-2.jpg\",\"width\":776,\"height\":776,\"caption\":\"Weissenstein e Chasseral in elicottero\"},{\"@type\":\"BreadcrumbList\",\"@id\":\"https:\/\/www.swissraft.ch\/it\/prodotto\/volo-elicottero-granges-weissenstein-chasseral\/#breadcrumb\",\"itemListElement\":[{\"@type\":\"ListItem\",\"position\":1,\"name\":\"Accueil\",\"item\":\"https:\/\/www.swissraft.ch\/it\/\"},{\"@type\":\"ListItem\",\"position\":2,\"name\":\"Negozio\",\"item\":\"https:\/\/www.swissraft.ch\/it\/negozio\/\"},{\"@type\":\"ListItem\",\"position\":3,\"name\":\"Volo in elicottero da GRANGES &#8211; WEISSENSTEIN E CHASSERAL &#8211; 20 min. &#8211; CHF 566.00\"}]},{\"@type\":\"WebSite\",\"@id\":\"https:\/\/www.swissraft.ch\/it\/#website\",\"url\":\"https:\/\/www.swissraft.ch\/it\/\",\"name\":\"Swissraft\",\"description\":\"To enjoy nature as it is\",\"publisher\":{\"@id\":\"https:\/\/www.swissraft.ch\/it\/#organization\"},\"potentialAction\":[{\"@type\":\"SearchAction\",\"target\":{\"@type\":\"EntryPoint\",\"urlTemplate\":\"https:\/\/www.swissraft.ch\/it\/?s={search_term_string}\"},\"query-input\":{\"@type\":\"PropertyValueSpecification\",\"valueRequired\":true,\"valueName\":\"search_term_string\"}}],\"inLanguage\":\"it-IT\"},{\"@type\":\"Organization\",\"@id\":\"https:\/\/www.swissraft.ch\/it\/#organization\",\"name\":\"Swissraft\",\"url\":\"https:\/\/www.swissraft.ch\/it\/\",\"logo\":{\"@type\":\"ImageObject\",\"inLanguage\":\"it-IT\",\"@id\":\"https:\/\/www.swissraft.ch\/it\/#\/schema\/logo\/image\/\",\"url\":\"https:\/\/www.swissraft.ch\/wp-content\/uploads\/2025\/09\/Capture.jpg\",\"contentUrl\":\"https:\/\/www.swissraft.ch\/wp-content\/uploads\/2025\/09\/Capture.jpg\",\"width\":293,\"height\":108,\"caption\":\"Swissraft\"},\"image\":{\"@id\":\"https:\/\/www.swissraft.ch\/it\/#\/schema\/logo\/image\/\"}}]}<\/script>\n<!-- \/ Yoast SEO plugin. -->","yoast_head_json":{"title":"Weissenstein e Chasseral elicottero da Grenchen","description":"Weissenstein e Chasseral da Granges in elicottero. Un volo di 40 minuti sul famoso Chasseral, la quarta vetta pi\u00f9 alta del Giura svizzero.","robots":{"index":"index","follow":"follow","max-snippet":"max-snippet:-1","max-image-preview":"max-image-preview:large","max-video-preview":"max-video-preview:-1"},"canonical":"https:\/\/www.swissraft.ch\/it\/prodotto\/volo-elicottero-granges-weissenstein-chasseral\/","og_locale":"it_IT","og_type":"article","og_title":"Weissenstein e Chasseral elicottero da Grenchen","og_description":"Weissenstein e Chasseral da Granges in elicottero. Un volo di 40 minuti sul famoso Chasseral, la quarta vetta pi\u00f9 alta del Giura svizzero.","og_url":"https:\/\/www.swissraft.ch\/it\/prodotto\/volo-elicottero-granges-weissenstein-chasseral\/","og_site_name":"Swissraft","article_modified_time":"2026-02-06T16:33:10+00:00","og_image":[{"width":776,"height":776,"url":"https:\/\/www.swissraft.ch\/wp-content\/uploads\/2022\/12\/1-GRENCHEN-Weissenstein-und-Chasseral-776x776-2.jpg","type":"image\/jpeg"}],"twitter_card":"summary_large_image","twitter_misc":{"Tempo di lettura stimato":"1 minuto"},"schema":{"@context":"https:\/\/schema.org","@graph":[{"@type":"WebPage","@id":"https:\/\/www.swissraft.ch\/it\/prodotto\/volo-elicottero-granges-weissenstein-chasseral\/","url":"https:\/\/www.swissraft.ch\/it\/prodotto\/volo-elicottero-granges-weissenstein-chasseral\/","name":"Weissenstein e Chasseral elicottero da Grenchen","isPartOf":{"@id":"https:\/\/www.swissraft.ch\/it\/#website"},"primaryImageOfPage":{"@id":"https:\/\/www.swissraft.ch\/it\/prodotto\/volo-elicottero-granges-weissenstein-chasseral\/#primaryimage"},"image":{"@id":"https:\/\/www.swissraft.ch\/it\/prodotto\/volo-elicottero-granges-weissenstein-chasseral\/#primaryimage"},"thumbnailUrl":"https:\/\/www.swissraft.ch\/wp-content\/uploads\/2022\/12\/1-GRENCHEN-Weissenstein-und-Chasseral-776x776-2.jpg","datePublished":"2022-12-23T21:05:43+00:00","dateModified":"2026-02-06T16:33:10+00:00","description":"Weissenstein e Chasseral da Granges in elicottero. Un volo di 40 minuti sul famoso Chasseral, la quarta vetta pi\u00f9 alta del Giura svizzero.","breadcrumb":{"@id":"https:\/\/www.swissraft.ch\/it\/prodotto\/volo-elicottero-granges-weissenstein-chasseral\/#breadcrumb"},"inLanguage":"it-IT","potentialAction":[{"@type":"ReadAction","target":["https:\/\/www.swissraft.ch\/it\/prodotto\/volo-elicottero-granges-weissenstein-chasseral\/"]}]},{"@type":"ImageObject","inLanguage":"it-IT","@id":"https:\/\/www.swissraft.ch\/it\/prodotto\/volo-elicottero-granges-weissenstein-chasseral\/#primaryimage","url":"https:\/\/www.swissraft.ch\/wp-content\/uploads\/2022\/12\/1-GRENCHEN-Weissenstein-und-Chasseral-776x776-2.jpg","contentUrl":"https:\/\/www.swissraft.ch\/wp-content\/uploads\/2022\/12\/1-GRENCHEN-Weissenstein-und-Chasseral-776x776-2.jpg","width":776,"height":776,"caption":"Weissenstein e Chasseral in elicottero"},{"@type":"BreadcrumbList","@id":"https:\/\/www.swissraft.ch\/it\/prodotto\/volo-elicottero-granges-weissenstein-chasseral\/#breadcrumb","itemListElement":[{"@type":"ListItem","position":1,"name":"Accueil","item":"https:\/\/www.swissraft.ch\/it\/"},{"@type":"ListItem","position":2,"name":"Negozio","item":"https:\/\/www.swissraft.ch\/it\/negozio\/"},{"@type":"ListItem","position":3,"name":"Volo in elicottero da GRANGES &#8211; WEISSENSTEIN E CHASSERAL &#8211; 20 min. &#8211; CHF 566.00"}]},{"@type":"WebSite","@id":"https:\/\/www.swissraft.ch\/it\/#website","url":"https:\/\/www.swissraft.ch\/it\/","name":"Swissraft","description":"To enjoy nature as it is","publisher":{"@id":"https:\/\/www.swissraft.ch\/it\/#organization"},"potentialAction":[{"@type":"SearchAction","target":{"@type":"EntryPoint","urlTemplate":"https:\/\/www.swissraft.ch\/it\/?s={search_term_string}"},"query-input":{"@type":"PropertyValueSpecification","valueRequired":true,"valueName":"search_term_string"}}],"inLanguage":"it-IT"},{"@type":"Organization","@id":"https:\/\/www.swissraft.ch\/it\/#organization","name":"Swissraft","url":"https:\/\/www.swissraft.ch\/it\/","logo":{"@type":"ImageObject","inLanguage":"it-IT","@id":"https:\/\/www.swissraft.ch\/it\/#\/schema\/logo\/image\/","url":"https:\/\/www.swissraft.ch\/wp-content\/uploads\/2025\/09\/Capture.jpg","contentUrl":"https:\/\/www.swissraft.ch\/wp-content\/uploads\/2025\/09\/Capture.jpg","width":293,"height":108,"caption":"Swissraft"},"image":{"@id":"https:\/\/www.swissraft.ch\/it\/#\/schema\/logo\/image\/"}}]}},"_links":{"self":[{"href":"https:\/\/www.swissraft.ch\/it\/wp-json\/wp\/v2\/product\/93226","targetHints":{"allow":["GET"]}}],"collection":[{"href":"https:\/\/www.swissraft.ch\/it\/wp-json\/wp\/v2\/product"}],"about":[{"href":"https:\/\/www.swissraft.ch\/it\/wp-json\/wp\/v2\/types\/product"}],"replies":[{"embeddable":true,"href":"https:\/\/www.swissraft.ch\/it\/wp-json\/wp\/v2\/comments?post=93226"}],"version-history":[{"count":19,"href":"https:\/\/www.swissraft.ch\/it\/wp-json\/wp\/v2\/product\/93226\/revisions"}],"predecessor-version":[{"id":129427,"href":"https:\/\/www.swissraft.ch\/it\/wp-json\/wp\/v2\/product\/93226\/revisions\/129427"}],"wp:featuredmedia":[{"embeddable":true,"href":"https:\/\/www.swissraft.ch\/it\/wp-json\/wp\/v2\/media\/85976"}],"wp:attachment":[{"href":"https:\/\/www.swissraft.ch\/it\/wp-json\/wp\/v2\/media?parent=93226"}],"wp:term":[{"taxonomy":"product_cat","embeddable":true,"href":"https:\/\/www.swissraft.ch\/it\/wp-json\/wp\/v2\/product_cat?post=93226"},{"taxonomy":"product_tag","embeddable":true,"href":"https:\/\/www.swissraft.ch\/it\/wp-json\/wp\/v2\/product_tag?post=93226"}],"curies":[{"name":"wp","href":"https:\/\/api.w.org\/{rel}","templated":true}]}}