{"id":93190,"date":"2022-12-27T19:04:38","date_gmt":"2022-12-27T18:04:38","guid":{"rendered":"https:\/\/swissraft.xyanzkdne.eu\/product\/volo-in-elicottero-da-sion-the-big-five-60-min-chf-2800-00\/"},"modified":"2025-04-17T23:59:03","modified_gmt":"2025-04-17T21:59:03","slug":"volo-in-elicottero-da-sion-the-big-five-60-min-chf-2800-00","status":"publish","type":"product","link":"https:\/\/www.swissraft.ch\/it\/prodotto\/volo-in-elicottero-da-sion-the-big-five-60-min-chf-2800-00\/","title":{"rendered":"Volo in elicottero da SION &#8211; THE BIG FIVE &#8211; 60 min. &#8211; CHF 2&#8217;900.00"},"content":{"rendered":"\t\t<div data-elementor-type=\"wp-post\" data-elementor-id=\"93190\" class=\"elementor elementor-93190 elementor-30171\">\n\t\t\t\t\t\t\t\t\t<section class=\"elementor-section elementor-top-section elementor-element elementor-element-3303a7e3 elementor-section-boxed elementor-section-height-default elementor-section-height-default\" data-id=\"3303a7e3\" data-element_type=\"section\">\n\t\t\t\t\t\t<div class=\"elementor-container elementor-column-gap-default\">\n\t\t\t\t\t<div class=\"elementor-column elementor-col-100 elementor-top-column elementor-element elementor-element-16d72dbf\" data-id=\"16d72dbf\" data-element_type=\"column\">\n\t\t\t<div class=\"elementor-widget-wrap elementor-element-populated\">\n\t\t\t\t\t\t\t\t<div class=\"elementor-element elementor-element-d743c03 elementor-widget elementor-widget-text-editor\" data-id=\"d743c03\" data-element_type=\"widget\" data-widget_type=\"text-editor.default\">\n\t\t\t\t<div class=\"elementor-widget-container\">\n\t\t\t\t\t\t\t<h2>SCEGLI LA TUA ATTIVIT\u00c0 QUI SOTTO PER OFFRIRE BUONI REGALO\/BIGLIETTI O EFFETTUARE UNA PRENOTAZIONE<\/h2><table border=\"0\" width=\"580\" cellspacing=\"10\" cellpadding=\"10\"><tbody><tr><td width=\"50%\"><strong>THE BIG FIVE &#8211; VOLO PRIVATO (1-5 pers.) &#8211; 60 min.<\/strong><\/td><td><strong>CHF 2&#8217;900.00 per volo privato<span class=\"productPrice\"><br \/><\/span><\/strong><\/td><\/tr><tr><td>Informazioni aggiuntive<\/td><td>&#8211; Utilizzi l&#8217;elicottero esclusivamente per te<br \/>&#8211; Decidi tu la data e l&#8217;ora di partenza<br \/>&#8211; Massimo 5 pers.<\/td><\/tr><tr><td>Aeroporto<\/td><td><a href=\"https:\/\/www.google.com\/maps\/place\/Rte+de+l'A%C3%A9roport+25,+1950+Sion\/@46.2214572,7.3447093,390m\/data=!3m1!1e3!4m6!3m5!1s0x478edc1547f1513f:0xa0e6ee925c2d9a5b!8m2!3d46.2214387!4d7.3468926!16s%2Fg%2F11c1x0w_h5?entry=ttu\" target=\"_blank\" rel=\"noopener\">Sion<\/a><\/td><\/tr><tr><td>Tempo di volo<\/td><td>60 min.<\/td><\/tr><tr><td>Durata totale<\/td><td>circa 1h30<\/td><\/tr><tr><td>Appuntamento<\/td><td>Per telefono<\/td><\/tr><tr><td><button class=\"elementor-button\" type=\"button\"><a href=\"https:\/\/swissraft.outdoorbooking.ch\/fo\/products\/1602?base_id=137&amp;category_id=6&amp;order_type=gift_voucher&amp;lang=it\" target=\"_blank\" rel=\"noopener\">ACQUISTO BUONO REGALO<\/a><\/button><\/td><td>Per effettuare una prenotazione <span class=\"patt\" style=\"font-family: inherit; font-size: inherit;\"><span class=\"plbl\"><span class=\"patt\"><a href=\"https:\/\/www.swissraft.ch\/it\/contattaci\/\">contattaci<\/a><\/span><\/span><\/span><\/td><\/tr><\/tbody><\/table>\t\t\t\t\t\t<\/div>\n\t\t\t\t<\/div>\n\t\t\t\t\t<\/div>\n\t\t<\/div>\n\t\t\t\t\t\t\t<\/div>\n\t\t<\/section>\n\t\t\t\t\t\t\t<\/div>\n\t\t","protected":false},"excerpt":{"rendered":"<div align=\"justify\">\n<h2 align=\"justify\">Vola verso le vette pi\u00f9 belle: i Big Five delle Alpi svizzere<\/h2>\n<h3>Un tour di 60 minuti da Sion con panorami fantastici che ti accompagneranno a lungo.<\/h3>\n<\/div>\n<div align=\"justify\">\n<p>Partendo dall&#8217;aeroporto di Sion, nel Vallese, sorvolerai il Monte Bianco e il Grand Combin. Poi ci sono le Pigne d&#8217;Arolla, la Dent Blanche, il Cervino, il Mont Rose e il Weisshorn. Prima di riposare all&#8217;aeroporto di Sion, sorvolerai il ghiacciaio dell&#8217;Aletsch, l&#8217;Eiger M\u00f6nch JungfrauJoch nell&#8217;Oberland Bernese.<\/p>\n<h3>Sul nostro sito web Swissraft sono disponibili pi\u00f9 di 150 tour in elicottero. Chiamaci se hai delle domande; saremo felici di risponderti. <\/h3>\n<p id=\"textarea\" style=\"display: none;\">Decolliamo anche dagli eliporti di Gampel e Collombey. Cos\u00ec come dall&#8217;aerodromo di \u00c9pagny en Gruy\u00e8re, nel cantone di Friburgo. Decolliamo anche da Pfaffnau nel cantone di Lucerna e da Erstfeld nel cantone di Uri. Da un lato, abbiamo i circuiti dell&#8217;eliporto di Gstaad-Grund e dell&#8217;aerodromo di Saanen nell&#8217;Oberland Bernese. Ci sono anche tour dagli eliporti di Lauterbrunnen, Schattenhalb-Meiringen, Lenk-Simmental e Interlaken-Gsteigwiler. Offriamo anche voli dagli aeroporti internazionali di Zurigo-Kloten e Berna-Belp. Lo stesso vale per le partenze dall&#8217;aeroporto di Buttwil nel Canton Argovia. Inoltre, decolliamo nel Canton Svitto da K\u00fcssnacht e nel Canton Soletta da Grenchen. Operiamo anche voli dall&#8217;aerodromo di Sitterdorf nella Svizzera orientale e dall&#8217;eliporto di Balzers in Liechtenstein. Offriamo anche voli per l&#8217;Engadina da Samedan. Sono disponibili anche voli in elicottero dall&#8217;eliporto di St. Moritz. Moritz in inverno. Offriamo anche voli turistici nei Grigioni dagli eliporti di Tavanasa, Flims e Untervaz. Offriamo anche tour in elicottero con partenza dagli aeroporti di Locarno e Lodrino in Ticino.\n<\/p>\n<p><a id=\"seeMore\" onclick=\"toggleSeeMore()\" href=\"javascript:void(0);\">Leggi tutto<\/a><\/p>\n","protected":false},"featured_media":86975,"comment_status":"open","ping_status":"closed","template":"","meta":{"inline_featured_image":false,"_mi_skip_tracking":false},"product_cat":[392,489],"product_tag":[],"class_list":["post-93190","product","type-product","status-publish","has-post-thumbnail","hentry","product_cat-volo-in-elicottero","product_cat-elicottero-sion"],"yoast_head":"<!-- This site is optimized with the Yoast SEO plugin v23.6 - https:\/\/yoast.com\/wordpress\/plugins\/seo\/ -->\n<title>I Big Five da Sion in elicottero per un volo di 60 minuti<\/title>\n<meta name=\"description\" content=\"Il Big Five parte da Sion in elicottero per un volo di 60 minuti. Sorvolerai le Alpi del Vallese e le Alpi dell&#039;Oberland Bernese.\" \/>\n<meta name=\"robots\" content=\"index, follow, max-snippet:-1, max-image-preview:large, max-video-preview:-1\" \/>\n<link rel=\"canonical\" href=\"https:\/\/www.swissraft.ch\/it\/prodotto\/volo-in-elicottero-da-sion-the-big-five-60-min-chf-2800-00\/\" \/>\n<meta property=\"og:locale\" content=\"it_IT\" \/>\n<meta property=\"og:type\" content=\"article\" \/>\n<meta property=\"og:title\" content=\"I Big Five da Sion in elicottero per un volo di 60 minuti\" \/>\n<meta property=\"og:description\" content=\"Il Big Five parte da Sion in elicottero per un volo di 60 minuti. Sorvolerai le Alpi del Vallese e le Alpi dell&#039;Oberland Bernese.\" \/>\n<meta property=\"og:url\" content=\"https:\/\/www.swissraft.ch\/it\/prodotto\/volo-in-elicottero-da-sion-the-big-five-60-min-chf-2800-00\/\" \/>\n<meta property=\"og:site_name\" content=\"Swissraft\" \/>\n<meta property=\"article:modified_time\" content=\"2025-04-17T21:59:03+00:00\" \/>\n<meta property=\"og:image\" content=\"https:\/\/www.swissraft.ch\/wp-content\/uploads\/2022\/12\/12-SITTEN-The-Big-Five-776x776-2.jpg\" \/>\n\t<meta property=\"og:image:width\" content=\"776\" \/>\n\t<meta property=\"og:image:height\" content=\"776\" \/>\n\t<meta property=\"og:image:type\" content=\"image\/jpeg\" \/>\n<meta name=\"twitter:card\" content=\"summary_large_image\" \/>\n<meta name=\"twitter:label1\" content=\"Tempo di lettura stimato\" \/>\n\t<meta name=\"twitter:data1\" content=\"1 minuto\" \/>\n<script type=\"application\/ld+json\" class=\"yoast-schema-graph\">{\"@context\":\"https:\/\/schema.org\",\"@graph\":[{\"@type\":\"WebPage\",\"@id\":\"https:\/\/www.swissraft.ch\/it\/prodotto\/volo-in-elicottero-da-sion-the-big-five-60-min-chf-2800-00\/\",\"url\":\"https:\/\/www.swissraft.ch\/it\/prodotto\/volo-in-elicottero-da-sion-the-big-five-60-min-chf-2800-00\/\",\"name\":\"I Big Five da Sion in elicottero per un volo di 60 minuti\",\"isPartOf\":{\"@id\":\"https:\/\/www.swissraft.ch\/it\/#website\"},\"primaryImageOfPage\":{\"@id\":\"https:\/\/www.swissraft.ch\/it\/prodotto\/volo-in-elicottero-da-sion-the-big-five-60-min-chf-2800-00\/#primaryimage\"},\"image\":{\"@id\":\"https:\/\/www.swissraft.ch\/it\/prodotto\/volo-in-elicottero-da-sion-the-big-five-60-min-chf-2800-00\/#primaryimage\"},\"thumbnailUrl\":\"https:\/\/www.swissraft.ch\/wp-content\/uploads\/2022\/12\/12-SITTEN-The-Big-Five-776x776-2.jpg\",\"datePublished\":\"2022-12-27T18:04:38+00:00\",\"dateModified\":\"2025-04-17T21:59:03+00:00\",\"description\":\"Il Big Five parte da Sion in elicottero per un volo di 60 minuti. Sorvolerai le Alpi del Vallese e le Alpi dell'Oberland Bernese.\",\"breadcrumb\":{\"@id\":\"https:\/\/www.swissraft.ch\/it\/prodotto\/volo-in-elicottero-da-sion-the-big-five-60-min-chf-2800-00\/#breadcrumb\"},\"inLanguage\":\"it-IT\",\"potentialAction\":[{\"@type\":\"ReadAction\",\"target\":[\"https:\/\/www.swissraft.ch\/it\/prodotto\/volo-in-elicottero-da-sion-the-big-five-60-min-chf-2800-00\/\"]}]},{\"@type\":\"ImageObject\",\"inLanguage\":\"it-IT\",\"@id\":\"https:\/\/www.swissraft.ch\/it\/prodotto\/volo-in-elicottero-da-sion-the-big-five-60-min-chf-2800-00\/#primaryimage\",\"url\":\"https:\/\/www.swissraft.ch\/wp-content\/uploads\/2022\/12\/12-SITTEN-The-Big-Five-776x776-2.jpg\",\"contentUrl\":\"https:\/\/www.swissraft.ch\/wp-content\/uploads\/2022\/12\/12-SITTEN-The-Big-Five-776x776-2.jpg\",\"width\":776,\"height\":776,\"caption\":\"Volo in elicottero da Sion verso i Big Five\"},{\"@type\":\"BreadcrumbList\",\"@id\":\"https:\/\/www.swissraft.ch\/it\/prodotto\/volo-in-elicottero-da-sion-the-big-five-60-min-chf-2800-00\/#breadcrumb\",\"itemListElement\":[{\"@type\":\"ListItem\",\"position\":1,\"name\":\"Accueil\",\"item\":\"https:\/\/www.swissraft.ch\/it\/\"},{\"@type\":\"ListItem\",\"position\":2,\"name\":\"Negozio\",\"item\":\"https:\/\/www.swissraft.ch\/it\/negozio\/\"},{\"@type\":\"ListItem\",\"position\":3,\"name\":\"Volo in elicottero da SION &#8211; THE BIG FIVE &#8211; 60 min. &#8211; CHF 2&rsquo;900.00\"}]},{\"@type\":\"WebSite\",\"@id\":\"https:\/\/www.swissraft.ch\/it\/#website\",\"url\":\"https:\/\/www.swissraft.ch\/it\/\",\"name\":\"Swissraft\",\"description\":\"To enjoy nature as it is\",\"publisher\":{\"@id\":\"https:\/\/www.swissraft.ch\/it\/#organization\"},\"potentialAction\":[{\"@type\":\"SearchAction\",\"target\":{\"@type\":\"EntryPoint\",\"urlTemplate\":\"https:\/\/www.swissraft.ch\/it\/?s={search_term_string}\"},\"query-input\":{\"@type\":\"PropertyValueSpecification\",\"valueRequired\":true,\"valueName\":\"search_term_string\"}}],\"inLanguage\":\"it-IT\"},{\"@type\":\"Organization\",\"@id\":\"https:\/\/www.swissraft.ch\/it\/#organization\",\"name\":\"Swissraft\",\"url\":\"https:\/\/www.swissraft.ch\/it\/\",\"logo\":{\"@type\":\"ImageObject\",\"inLanguage\":\"it-IT\",\"@id\":\"https:\/\/www.swissraft.ch\/it\/#\/schema\/logo\/image\/\",\"url\":\"https:\/\/www.swissraft.ch\/wp-content\/uploads\/2025\/09\/Capture.jpg\",\"contentUrl\":\"https:\/\/www.swissraft.ch\/wp-content\/uploads\/2025\/09\/Capture.jpg\",\"width\":293,\"height\":108,\"caption\":\"Swissraft\"},\"image\":{\"@id\":\"https:\/\/www.swissraft.ch\/it\/#\/schema\/logo\/image\/\"}}]}<\/script>\n<!-- \/ Yoast SEO plugin. -->","yoast_head_json":{"title":"I Big Five da Sion in elicottero per un volo di 60 minuti","description":"Il Big Five parte da Sion in elicottero per un volo di 60 minuti. Sorvolerai le Alpi del Vallese e le Alpi dell'Oberland Bernese.","robots":{"index":"index","follow":"follow","max-snippet":"max-snippet:-1","max-image-preview":"max-image-preview:large","max-video-preview":"max-video-preview:-1"},"canonical":"https:\/\/www.swissraft.ch\/it\/prodotto\/volo-in-elicottero-da-sion-the-big-five-60-min-chf-2800-00\/","og_locale":"it_IT","og_type":"article","og_title":"I Big Five da Sion in elicottero per un volo di 60 minuti","og_description":"Il Big Five parte da Sion in elicottero per un volo di 60 minuti. Sorvolerai le Alpi del Vallese e le Alpi dell'Oberland Bernese.","og_url":"https:\/\/www.swissraft.ch\/it\/prodotto\/volo-in-elicottero-da-sion-the-big-five-60-min-chf-2800-00\/","og_site_name":"Swissraft","article_modified_time":"2025-04-17T21:59:03+00:00","og_image":[{"width":776,"height":776,"url":"https:\/\/www.swissraft.ch\/wp-content\/uploads\/2022\/12\/12-SITTEN-The-Big-Five-776x776-2.jpg","type":"image\/jpeg"}],"twitter_card":"summary_large_image","twitter_misc":{"Tempo di lettura stimato":"1 minuto"},"schema":{"@context":"https:\/\/schema.org","@graph":[{"@type":"WebPage","@id":"https:\/\/www.swissraft.ch\/it\/prodotto\/volo-in-elicottero-da-sion-the-big-five-60-min-chf-2800-00\/","url":"https:\/\/www.swissraft.ch\/it\/prodotto\/volo-in-elicottero-da-sion-the-big-five-60-min-chf-2800-00\/","name":"I Big Five da Sion in elicottero per un volo di 60 minuti","isPartOf":{"@id":"https:\/\/www.swissraft.ch\/it\/#website"},"primaryImageOfPage":{"@id":"https:\/\/www.swissraft.ch\/it\/prodotto\/volo-in-elicottero-da-sion-the-big-five-60-min-chf-2800-00\/#primaryimage"},"image":{"@id":"https:\/\/www.swissraft.ch\/it\/prodotto\/volo-in-elicottero-da-sion-the-big-five-60-min-chf-2800-00\/#primaryimage"},"thumbnailUrl":"https:\/\/www.swissraft.ch\/wp-content\/uploads\/2022\/12\/12-SITTEN-The-Big-Five-776x776-2.jpg","datePublished":"2022-12-27T18:04:38+00:00","dateModified":"2025-04-17T21:59:03+00:00","description":"Il Big Five parte da Sion in elicottero per un volo di 60 minuti. Sorvolerai le Alpi del Vallese e le Alpi dell'Oberland Bernese.","breadcrumb":{"@id":"https:\/\/www.swissraft.ch\/it\/prodotto\/volo-in-elicottero-da-sion-the-big-five-60-min-chf-2800-00\/#breadcrumb"},"inLanguage":"it-IT","potentialAction":[{"@type":"ReadAction","target":["https:\/\/www.swissraft.ch\/it\/prodotto\/volo-in-elicottero-da-sion-the-big-five-60-min-chf-2800-00\/"]}]},{"@type":"ImageObject","inLanguage":"it-IT","@id":"https:\/\/www.swissraft.ch\/it\/prodotto\/volo-in-elicottero-da-sion-the-big-five-60-min-chf-2800-00\/#primaryimage","url":"https:\/\/www.swissraft.ch\/wp-content\/uploads\/2022\/12\/12-SITTEN-The-Big-Five-776x776-2.jpg","contentUrl":"https:\/\/www.swissraft.ch\/wp-content\/uploads\/2022\/12\/12-SITTEN-The-Big-Five-776x776-2.jpg","width":776,"height":776,"caption":"Volo in elicottero da Sion verso i Big Five"},{"@type":"BreadcrumbList","@id":"https:\/\/www.swissraft.ch\/it\/prodotto\/volo-in-elicottero-da-sion-the-big-five-60-min-chf-2800-00\/#breadcrumb","itemListElement":[{"@type":"ListItem","position":1,"name":"Accueil","item":"https:\/\/www.swissraft.ch\/it\/"},{"@type":"ListItem","position":2,"name":"Negozio","item":"https:\/\/www.swissraft.ch\/it\/negozio\/"},{"@type":"ListItem","position":3,"name":"Volo in elicottero da SION &#8211; THE BIG FIVE &#8211; 60 min. &#8211; CHF 2&rsquo;900.00"}]},{"@type":"WebSite","@id":"https:\/\/www.swissraft.ch\/it\/#website","url":"https:\/\/www.swissraft.ch\/it\/","name":"Swissraft","description":"To enjoy nature as it is","publisher":{"@id":"https:\/\/www.swissraft.ch\/it\/#organization"},"potentialAction":[{"@type":"SearchAction","target":{"@type":"EntryPoint","urlTemplate":"https:\/\/www.swissraft.ch\/it\/?s={search_term_string}"},"query-input":{"@type":"PropertyValueSpecification","valueRequired":true,"valueName":"search_term_string"}}],"inLanguage":"it-IT"},{"@type":"Organization","@id":"https:\/\/www.swissraft.ch\/it\/#organization","name":"Swissraft","url":"https:\/\/www.swissraft.ch\/it\/","logo":{"@type":"ImageObject","inLanguage":"it-IT","@id":"https:\/\/www.swissraft.ch\/it\/#\/schema\/logo\/image\/","url":"https:\/\/www.swissraft.ch\/wp-content\/uploads\/2025\/09\/Capture.jpg","contentUrl":"https:\/\/www.swissraft.ch\/wp-content\/uploads\/2025\/09\/Capture.jpg","width":293,"height":108,"caption":"Swissraft"},"image":{"@id":"https:\/\/www.swissraft.ch\/it\/#\/schema\/logo\/image\/"}}]}},"_links":{"self":[{"href":"https:\/\/www.swissraft.ch\/it\/wp-json\/wp\/v2\/product\/93190","targetHints":{"allow":["GET"]}}],"collection":[{"href":"https:\/\/www.swissraft.ch\/it\/wp-json\/wp\/v2\/product"}],"about":[{"href":"https:\/\/www.swissraft.ch\/it\/wp-json\/wp\/v2\/types\/product"}],"replies":[{"embeddable":true,"href":"https:\/\/www.swissraft.ch\/it\/wp-json\/wp\/v2\/comments?post=93190"}],"version-history":[{"count":17,"href":"https:\/\/www.swissraft.ch\/it\/wp-json\/wp\/v2\/product\/93190\/revisions"}],"predecessor-version":[{"id":113270,"href":"https:\/\/www.swissraft.ch\/it\/wp-json\/wp\/v2\/product\/93190\/revisions\/113270"}],"wp:featuredmedia":[{"embeddable":true,"href":"https:\/\/www.swissraft.ch\/it\/wp-json\/wp\/v2\/media\/86975"}],"wp:attachment":[{"href":"https:\/\/www.swissraft.ch\/it\/wp-json\/wp\/v2\/media?parent=93190"}],"wp:term":[{"taxonomy":"product_cat","embeddable":true,"href":"https:\/\/www.swissraft.ch\/it\/wp-json\/wp\/v2\/product_cat?post=93190"},{"taxonomy":"product_tag","embeddable":true,"href":"https:\/\/www.swissraft.ch\/it\/wp-json\/wp\/v2\/product_tag?post=93190"}],"curies":[{"name":"wp","href":"https:\/\/api.w.org\/{rel}","templated":true}]}}