{"id":93141,"date":"2022-12-27T17:40:18","date_gmt":"2022-12-27T16:40:18","guid":{"rendered":"https:\/\/swissraft.xyanzkdne.eu\/product\/volo-in-elicottero-da-gampel-volo-sul-cervino-60-min-chf-2808-00\/"},"modified":"2025-11-20T22:53:23","modified_gmt":"2025-11-20T21:53:23","slug":"volo-elicottero-gampel-volo-sul-cervino","status":"publish","type":"product","link":"https:\/\/www.swissraft.ch\/it\/prodotto\/volo-elicottero-gampel-volo-sul-cervino\/","title":{"rendered":"Volo in elicottero da GAMPEL &#8211; VOLO SUL CERVINO &#8211; 60 min. &#8211; CHF 2&#8217;900.00"},"content":{"rendered":"\t\t<div data-elementor-type=\"wp-post\" data-elementor-id=\"93141\" class=\"elementor elementor-93141 elementor-30092\">\n\t\t\t\t\t\t\t\t\t<section class=\"elementor-section elementor-top-section elementor-element elementor-element-3303a7e3 elementor-section-boxed elementor-section-height-default elementor-section-height-default\" data-id=\"3303a7e3\" data-element_type=\"section\">\n\t\t\t\t\t\t<div class=\"elementor-container elementor-column-gap-default\">\n\t\t\t\t\t<div class=\"elementor-column elementor-col-100 elementor-top-column elementor-element elementor-element-16d72dbf\" data-id=\"16d72dbf\" data-element_type=\"column\">\n\t\t\t<div class=\"elementor-widget-wrap elementor-element-populated\">\n\t\t\t\t\t\t\t\t<div class=\"elementor-element elementor-element-d743c03 elementor-widget elementor-widget-text-editor\" data-id=\"d743c03\" data-element_type=\"widget\" data-widget_type=\"text-editor.default\">\n\t\t\t\t<div class=\"elementor-widget-container\">\n\t\t\t\t\t\t\t<h2>SCEGLI LA TUA ATTIVIT\u00c0 QUI SOTTO PER OFFRIRE BUONI REGALO \/ BIGLIETTI O EFFETTUARE UNA PRENOTAZIONE<\/h2><table border=\"0\" width=\"580\" cellspacing=\"10\" cellpadding=\"10\"><tbody><tr><td width=\"50%\"><strong>VOLO SUL CERVINO ZERMATT &#8211; VOLO PRIVATO (1-5 pers.) &#8211; 60 min.<\/strong><\/td><td><strong>CHF 2&#8217;900.00 per volo privato<span class=\"productPrice\"><br \/><\/span><\/strong><\/td><\/tr><tr><td>Informazioni aggiuntive<\/td><td>&#8211; Utilizzi l&#8217;elicottero esclusivamente per te<br \/>&#8211; Decidi tu la data e l&#8217;ora di partenza<br \/>&#8211; Massimo 5 pers.<\/td><\/tr><tr><td>Eliporto<\/td><td><a href=\"https:\/\/www.google.com\/maps\/place\/46%C2%B018'48.5%22N+7%C2%B043'38.8%22E\/@46.3138726,7.7187639,1559m\/data=!3m1!1e3!4m4!3m3!8m2!3d46.3134722!4d7.7274444?entry=ttu\" target=\"_blank\" rel=\"noopener\">Gampel<\/a><\/td><\/tr><tr><td>Tempo di volo<\/td><td>60 min.<\/td><\/tr><tr><td>Durata totale<\/td><td>circa 1h30<\/td><\/tr><tr><td>Appuntamento<\/td><td>Per telefono<\/td><\/tr><tr><td><button class=\"elementor-button\" type=\"button\"> <a href=\"https:\/\/swissraft.outdoorbooking.ch\/fo\/products\/1780?base_id=237&amp;category_id=6&amp;order_type=gift_voucher&amp;lang=it\" target=\"_blank\" rel=\"noopener\">ACQUISTO BUONO REGALO \/ BIGLIETTO<\/a><\/button><\/td><td><strong>CHF 2&#8217;900.00 \u2013 Volo privato (1-5 pers.)<\/strong><\/td><\/tr><tr><td>\u00a0<\/td><td><span style=\"text-decoration: underline;\"><strong><em>IMPORTANTE !<\/em><\/strong><\/span><br \/><em>Per prenotare, chiamate il numero che si trova in alto a sinistra sul buono regalo\/biglietto.<\/em><\/td><\/tr><\/tbody><\/table>\t\t\t\t\t\t<\/div>\n\t\t\t\t<\/div>\n\t\t\t\t\t<\/div>\n\t\t<\/div>\n\t\t\t\t\t\t\t<\/div>\n\t\t<\/section>\n\t\t\t\t\t\t\t<\/div>\n\t\t","protected":false},"excerpt":{"rendered":"<div align=\"justify\">\n<h2 align=\"justify\">Questi voli in elicottero di 60 minuti ti lasceranno a bocca aperta!<\/h2>\n<h3>Arrivando a Zermat, ti aspetta la montagna pi\u00f9 famosa e leggendaria del mondo: il Cervino.<\/h3>\n<\/div>\n<div align=\"justify\">\n<p>Con partenza da Gampel, questo tour di 60 minuti ti incanter\u00e0 mentre sorvoli numerose vette. In fondo alla valle di Tourtemagne, puoi vedere il picco del Bishorn a 4153 m e il Weisshorn a 4506 m. Poi Zermatt con il Cervino, una delle montagne pi\u00f9 belle del mondo con i suoi 4478 metri. Scoprirai poi l&#8217;imponente diga di Grande-Dixence nella Val d&#8217;H\u00e9rens. Dopo questo magnifico tour, tornerai all&#8217;eliporto di Gampel.<\/p>\n<h3>Swissraft offre pi\u00f9 di 150 voli in Svizzera grazie alla sua vasta rete di eliporti e aerodromi per il tuo divertimento.<\/h3>\n<p id=\"textarea\" style=\"display: none;\">\nDecolliamo dall&#8217;aeroporto di Collombey e Sion nel Vallese. Partiamo anche da \u00c9pagny en Gruy\u00e8re, nel cantone di Friburgo. Decolliamo anche dagli eliporti di Interlaken-Gsteigwiler e Gstaad-Grund, oltre che dall&#8217;aerodromo di Saanen nella regione del Saanenland. Partendo dall&#8217;eliporto di Erstfeld, offriamo tour del cantone di Uri. Voli anche da Pfaffnau, nel cantone di Lucerna. Anche dall&#8217;aerodromo di Buttwil in Argovia. Decolliamo anche dall&#8217;aeroporto di Grenchen, nel cantone di Soletta, e dall&#8217;aeroporto di Berna-Belp. Decolliamo anche dagli eliporti di Lauterbrunnen, Lenk-Simmental e Schattenhalb-Meiringen nell&#8217;Oberland Bernese. Dall&#8217;aeroporto internazionale di Zurigo-Kloten partono anche voli turistici in elicottero. Dall&#8217;eliporto di K\u00fcssnacht, nel Canton Svitto. Nel Cantone dei Grigioni dall&#8217;eliporto di St. Moritz Moritz in inverno e dall&#8217;aeroporto di Samedan in Engadina. Ma anche dagli eliporti di Flims, Tavanasa e Untervaz. Offriamo anche voli turistici per il Ticino dagli aeroporti di Locarno e Lodrino. Lo stesso vale per il Liechtenstein da Balzers e dall&#8217;aerodromo di Sitterdorf in Turgovia.\n<\/p>\n<p><a id=\"seeMore\" onclick=\"toggleSeeMore()\" href=\"javascript:void(0);\">Read more<\/a><\/p>\n","protected":false},"featured_media":85964,"comment_status":"open","ping_status":"closed","template":"","meta":{"inline_featured_image":false,"_mi_skip_tracking":false},"product_cat":[392,562],"product_tag":[],"class_list":["post-93141","product","type-product","status-publish","has-post-thumbnail","hentry","product_cat-volo-in-elicottero","product_cat-elicottero-gampel"],"yoast_head":"<!-- This site is optimized with the Yoast SEO plugin v23.6 - https:\/\/yoast.com\/wordpress\/plugins\/seo\/ -->\n<title>Volo sul Cervino Zermatt, una delle vette pi\u00f9 belle d&#039;Europa<\/title>\n<meta name=\"description\" content=\"Volo sul Cervino Zermatt, che si erge a oltre 4000 metri. Una montagna mitica, \u00e8 una delle vette pi\u00f9 conosciute al mondo per la sua forma.\" \/>\n<meta name=\"robots\" content=\"index, follow, max-snippet:-1, max-image-preview:large, max-video-preview:-1\" \/>\n<link rel=\"canonical\" href=\"https:\/\/www.swissraft.ch\/it\/prodotto\/volo-elicottero-gampel-volo-sul-cervino\/\" \/>\n<meta property=\"og:locale\" content=\"it_IT\" \/>\n<meta property=\"og:type\" content=\"article\" \/>\n<meta property=\"og:title\" content=\"Volo sul Cervino Zermatt, una delle vette pi\u00f9 belle d&#039;Europa\" \/>\n<meta property=\"og:description\" content=\"Volo sul Cervino Zermatt, che si erge a oltre 4000 metri. Una montagna mitica, \u00e8 una delle vette pi\u00f9 conosciute al mondo per la sua forma.\" \/>\n<meta property=\"og:url\" content=\"https:\/\/www.swissraft.ch\/it\/prodotto\/volo-elicottero-gampel-volo-sul-cervino\/\" \/>\n<meta property=\"og:site_name\" content=\"Swissraft\" \/>\n<meta property=\"article:modified_time\" content=\"2025-11-20T21:53:23+00:00\" \/>\n<meta property=\"og:image\" content=\"https:\/\/www.swissraft.ch\/wp-content\/uploads\/2022\/12\/3-GAMPEL-Das-Matterhorn-776x776-2.jpg\" \/>\n\t<meta property=\"og:image:width\" content=\"776\" \/>\n\t<meta property=\"og:image:height\" content=\"776\" \/>\n\t<meta property=\"og:image:type\" content=\"image\/jpeg\" \/>\n<meta name=\"twitter:card\" content=\"summary_large_image\" \/>\n<meta name=\"twitter:label1\" content=\"Tempo di lettura stimato\" \/>\n\t<meta name=\"twitter:data1\" content=\"1 minuto\" \/>\n<script type=\"application\/ld+json\" class=\"yoast-schema-graph\">{\"@context\":\"https:\/\/schema.org\",\"@graph\":[{\"@type\":\"WebPage\",\"@id\":\"https:\/\/www.swissraft.ch\/it\/prodotto\/volo-elicottero-gampel-volo-sul-cervino\/\",\"url\":\"https:\/\/www.swissraft.ch\/it\/prodotto\/volo-elicottero-gampel-volo-sul-cervino\/\",\"name\":\"Volo sul Cervino Zermatt, una delle vette pi\u00f9 belle d'Europa\",\"isPartOf\":{\"@id\":\"https:\/\/www.swissraft.ch\/it\/#website\"},\"primaryImageOfPage\":{\"@id\":\"https:\/\/www.swissraft.ch\/it\/prodotto\/volo-elicottero-gampel-volo-sul-cervino\/#primaryimage\"},\"image\":{\"@id\":\"https:\/\/www.swissraft.ch\/it\/prodotto\/volo-elicottero-gampel-volo-sul-cervino\/#primaryimage\"},\"thumbnailUrl\":\"https:\/\/www.swissraft.ch\/wp-content\/uploads\/2022\/12\/3-GAMPEL-Das-Matterhorn-776x776-2.jpg\",\"datePublished\":\"2022-12-27T16:40:18+00:00\",\"dateModified\":\"2025-11-20T21:53:23+00:00\",\"description\":\"Volo sul Cervino Zermatt, che si erge a oltre 4000 metri. Una montagna mitica, \u00e8 una delle vette pi\u00f9 conosciute al mondo per la sua forma.\",\"breadcrumb\":{\"@id\":\"https:\/\/www.swissraft.ch\/it\/prodotto\/volo-elicottero-gampel-volo-sul-cervino\/#breadcrumb\"},\"inLanguage\":\"it-IT\",\"potentialAction\":[{\"@type\":\"ReadAction\",\"target\":[\"https:\/\/www.swissraft.ch\/it\/prodotto\/volo-elicottero-gampel-volo-sul-cervino\/\"]}]},{\"@type\":\"ImageObject\",\"inLanguage\":\"it-IT\",\"@id\":\"https:\/\/www.swissraft.ch\/it\/prodotto\/volo-elicottero-gampel-volo-sul-cervino\/#primaryimage\",\"url\":\"https:\/\/www.swissraft.ch\/wp-content\/uploads\/2022\/12\/3-GAMPEL-Das-Matterhorn-776x776-2.jpg\",\"contentUrl\":\"https:\/\/www.swissraft.ch\/wp-content\/uploads\/2022\/12\/3-GAMPEL-Das-Matterhorn-776x776-2.jpg\",\"width\":776,\"height\":776,\"caption\":\"Volo in elicottero da Gampel al Cervino\"},{\"@type\":\"BreadcrumbList\",\"@id\":\"https:\/\/www.swissraft.ch\/it\/prodotto\/volo-elicottero-gampel-volo-sul-cervino\/#breadcrumb\",\"itemListElement\":[{\"@type\":\"ListItem\",\"position\":1,\"name\":\"Accueil\",\"item\":\"https:\/\/www.swissraft.ch\/it\/\"},{\"@type\":\"ListItem\",\"position\":2,\"name\":\"Negozio\",\"item\":\"https:\/\/www.swissraft.ch\/it\/negozio\/\"},{\"@type\":\"ListItem\",\"position\":3,\"name\":\"Volo in elicottero da GAMPEL &#8211; VOLO SUL CERVINO &#8211; 60 min. &#8211; CHF 2&#8217;900.00\"}]},{\"@type\":\"WebSite\",\"@id\":\"https:\/\/www.swissraft.ch\/it\/#website\",\"url\":\"https:\/\/www.swissraft.ch\/it\/\",\"name\":\"Swissraft\",\"description\":\"To enjoy nature as it is\",\"publisher\":{\"@id\":\"https:\/\/www.swissraft.ch\/it\/#organization\"},\"potentialAction\":[{\"@type\":\"SearchAction\",\"target\":{\"@type\":\"EntryPoint\",\"urlTemplate\":\"https:\/\/www.swissraft.ch\/it\/?s={search_term_string}\"},\"query-input\":{\"@type\":\"PropertyValueSpecification\",\"valueRequired\":true,\"valueName\":\"search_term_string\"}}],\"inLanguage\":\"it-IT\"},{\"@type\":\"Organization\",\"@id\":\"https:\/\/www.swissraft.ch\/it\/#organization\",\"name\":\"Swissraft\",\"url\":\"https:\/\/www.swissraft.ch\/it\/\",\"logo\":{\"@type\":\"ImageObject\",\"inLanguage\":\"it-IT\",\"@id\":\"https:\/\/www.swissraft.ch\/it\/#\/schema\/logo\/image\/\",\"url\":\"https:\/\/www.swissraft.ch\/wp-content\/uploads\/2025\/09\/Capture.jpg\",\"contentUrl\":\"https:\/\/www.swissraft.ch\/wp-content\/uploads\/2025\/09\/Capture.jpg\",\"width\":293,\"height\":108,\"caption\":\"Swissraft\"},\"image\":{\"@id\":\"https:\/\/www.swissraft.ch\/it\/#\/schema\/logo\/image\/\"}}]}<\/script>\n<!-- \/ Yoast SEO plugin. -->","yoast_head_json":{"title":"Volo sul Cervino Zermatt, una delle vette pi\u00f9 belle d'Europa","description":"Volo sul Cervino Zermatt, che si erge a oltre 4000 metri. Una montagna mitica, \u00e8 una delle vette pi\u00f9 conosciute al mondo per la sua forma.","robots":{"index":"index","follow":"follow","max-snippet":"max-snippet:-1","max-image-preview":"max-image-preview:large","max-video-preview":"max-video-preview:-1"},"canonical":"https:\/\/www.swissraft.ch\/it\/prodotto\/volo-elicottero-gampel-volo-sul-cervino\/","og_locale":"it_IT","og_type":"article","og_title":"Volo sul Cervino Zermatt, una delle vette pi\u00f9 belle d'Europa","og_description":"Volo sul Cervino Zermatt, che si erge a oltre 4000 metri. Una montagna mitica, \u00e8 una delle vette pi\u00f9 conosciute al mondo per la sua forma.","og_url":"https:\/\/www.swissraft.ch\/it\/prodotto\/volo-elicottero-gampel-volo-sul-cervino\/","og_site_name":"Swissraft","article_modified_time":"2025-11-20T21:53:23+00:00","og_image":[{"width":776,"height":776,"url":"https:\/\/www.swissraft.ch\/wp-content\/uploads\/2022\/12\/3-GAMPEL-Das-Matterhorn-776x776-2.jpg","type":"image\/jpeg"}],"twitter_card":"summary_large_image","twitter_misc":{"Tempo di lettura stimato":"1 minuto"},"schema":{"@context":"https:\/\/schema.org","@graph":[{"@type":"WebPage","@id":"https:\/\/www.swissraft.ch\/it\/prodotto\/volo-elicottero-gampel-volo-sul-cervino\/","url":"https:\/\/www.swissraft.ch\/it\/prodotto\/volo-elicottero-gampel-volo-sul-cervino\/","name":"Volo sul Cervino Zermatt, una delle vette pi\u00f9 belle d'Europa","isPartOf":{"@id":"https:\/\/www.swissraft.ch\/it\/#website"},"primaryImageOfPage":{"@id":"https:\/\/www.swissraft.ch\/it\/prodotto\/volo-elicottero-gampel-volo-sul-cervino\/#primaryimage"},"image":{"@id":"https:\/\/www.swissraft.ch\/it\/prodotto\/volo-elicottero-gampel-volo-sul-cervino\/#primaryimage"},"thumbnailUrl":"https:\/\/www.swissraft.ch\/wp-content\/uploads\/2022\/12\/3-GAMPEL-Das-Matterhorn-776x776-2.jpg","datePublished":"2022-12-27T16:40:18+00:00","dateModified":"2025-11-20T21:53:23+00:00","description":"Volo sul Cervino Zermatt, che si erge a oltre 4000 metri. Una montagna mitica, \u00e8 una delle vette pi\u00f9 conosciute al mondo per la sua forma.","breadcrumb":{"@id":"https:\/\/www.swissraft.ch\/it\/prodotto\/volo-elicottero-gampel-volo-sul-cervino\/#breadcrumb"},"inLanguage":"it-IT","potentialAction":[{"@type":"ReadAction","target":["https:\/\/www.swissraft.ch\/it\/prodotto\/volo-elicottero-gampel-volo-sul-cervino\/"]}]},{"@type":"ImageObject","inLanguage":"it-IT","@id":"https:\/\/www.swissraft.ch\/it\/prodotto\/volo-elicottero-gampel-volo-sul-cervino\/#primaryimage","url":"https:\/\/www.swissraft.ch\/wp-content\/uploads\/2022\/12\/3-GAMPEL-Das-Matterhorn-776x776-2.jpg","contentUrl":"https:\/\/www.swissraft.ch\/wp-content\/uploads\/2022\/12\/3-GAMPEL-Das-Matterhorn-776x776-2.jpg","width":776,"height":776,"caption":"Volo in elicottero da Gampel al Cervino"},{"@type":"BreadcrumbList","@id":"https:\/\/www.swissraft.ch\/it\/prodotto\/volo-elicottero-gampel-volo-sul-cervino\/#breadcrumb","itemListElement":[{"@type":"ListItem","position":1,"name":"Accueil","item":"https:\/\/www.swissraft.ch\/it\/"},{"@type":"ListItem","position":2,"name":"Negozio","item":"https:\/\/www.swissraft.ch\/it\/negozio\/"},{"@type":"ListItem","position":3,"name":"Volo in elicottero da GAMPEL &#8211; VOLO SUL CERVINO &#8211; 60 min. &#8211; CHF 2&#8217;900.00"}]},{"@type":"WebSite","@id":"https:\/\/www.swissraft.ch\/it\/#website","url":"https:\/\/www.swissraft.ch\/it\/","name":"Swissraft","description":"To enjoy nature as it is","publisher":{"@id":"https:\/\/www.swissraft.ch\/it\/#organization"},"potentialAction":[{"@type":"SearchAction","target":{"@type":"EntryPoint","urlTemplate":"https:\/\/www.swissraft.ch\/it\/?s={search_term_string}"},"query-input":{"@type":"PropertyValueSpecification","valueRequired":true,"valueName":"search_term_string"}}],"inLanguage":"it-IT"},{"@type":"Organization","@id":"https:\/\/www.swissraft.ch\/it\/#organization","name":"Swissraft","url":"https:\/\/www.swissraft.ch\/it\/","logo":{"@type":"ImageObject","inLanguage":"it-IT","@id":"https:\/\/www.swissraft.ch\/it\/#\/schema\/logo\/image\/","url":"https:\/\/www.swissraft.ch\/wp-content\/uploads\/2025\/09\/Capture.jpg","contentUrl":"https:\/\/www.swissraft.ch\/wp-content\/uploads\/2025\/09\/Capture.jpg","width":293,"height":108,"caption":"Swissraft"},"image":{"@id":"https:\/\/www.swissraft.ch\/it\/#\/schema\/logo\/image\/"}}]}},"_links":{"self":[{"href":"https:\/\/www.swissraft.ch\/it\/wp-json\/wp\/v2\/product\/93141","targetHints":{"allow":["GET"]}}],"collection":[{"href":"https:\/\/www.swissraft.ch\/it\/wp-json\/wp\/v2\/product"}],"about":[{"href":"https:\/\/www.swissraft.ch\/it\/wp-json\/wp\/v2\/types\/product"}],"replies":[{"embeddable":true,"href":"https:\/\/www.swissraft.ch\/it\/wp-json\/wp\/v2\/comments?post=93141"}],"version-history":[{"count":18,"href":"https:\/\/www.swissraft.ch\/it\/wp-json\/wp\/v2\/product\/93141\/revisions"}],"predecessor-version":[{"id":123748,"href":"https:\/\/www.swissraft.ch\/it\/wp-json\/wp\/v2\/product\/93141\/revisions\/123748"}],"wp:featuredmedia":[{"embeddable":true,"href":"https:\/\/www.swissraft.ch\/it\/wp-json\/wp\/v2\/media\/85964"}],"wp:attachment":[{"href":"https:\/\/www.swissraft.ch\/it\/wp-json\/wp\/v2\/media?parent=93141"}],"wp:term":[{"taxonomy":"product_cat","embeddable":true,"href":"https:\/\/www.swissraft.ch\/it\/wp-json\/wp\/v2\/product_cat?post=93141"},{"taxonomy":"product_tag","embeddable":true,"href":"https:\/\/www.swissraft.ch\/it\/wp-json\/wp\/v2\/product_tag?post=93141"}],"curies":[{"name":"wp","href":"https:\/\/api.w.org\/{rel}","templated":true}]}}