{"id":93134,"date":"2022-12-27T17:35:48","date_gmt":"2022-12-27T16:35:48","guid":{"rendered":"https:\/\/swissraft.xyanzkdne.eu\/product\/volo-in-elicottero-da-gampel-le-glacier-daletsch-40-min-a-partire-da-chf-1643-00\/"},"modified":"2025-11-20T17:50:30","modified_gmt":"2025-11-20T16:50:30","slug":"volo-elicottero-gampel-ghiacciaio-aletsch","status":"publish","type":"product","link":"https:\/\/www.swissraft.ch\/it\/prodotto\/volo-elicottero-gampel-ghiacciaio-aletsch\/","title":{"rendered":"Volo in elicottero da GAMPEL &#8211; IL GHIACCIAIO DI ALETSCH &#8211; 40 min. &#8211; A partire da CHF 1&#8217;680.00"},"content":{"rendered":"\t\t<div data-elementor-type=\"wp-post\" data-elementor-id=\"93134\" class=\"elementor elementor-93134 elementor-30086\">\n\t\t\t\t\t\t\t\t\t<section class=\"elementor-section elementor-top-section elementor-element elementor-element-3303a7e3 elementor-section-boxed elementor-section-height-default elementor-section-height-default\" data-id=\"3303a7e3\" data-element_type=\"section\">\n\t\t\t\t\t\t<div class=\"elementor-container elementor-column-gap-default\">\n\t\t\t\t\t<div class=\"elementor-column elementor-col-100 elementor-top-column elementor-element elementor-element-16d72dbf\" data-id=\"16d72dbf\" data-element_type=\"column\">\n\t\t\t<div class=\"elementor-widget-wrap elementor-element-populated\">\n\t\t\t\t\t\t\t\t<div class=\"elementor-element elementor-element-d743c03 elementor-widget elementor-widget-text-editor\" data-id=\"d743c03\" data-element_type=\"widget\" data-widget_type=\"text-editor.default\">\n\t\t\t\t<div class=\"elementor-widget-container\">\n\t\t\t\t\t\t\t<h2>SCEGLI LA TUA ATTIVIT\u00c0 QUI SOTTO PER OFFRIRE BUONI REGALO \/ BIGLIETTI O EFFETTUARE UNA PRENOTAZIONE<\/h2><table border=\"0\" width=\"580\" cellspacing=\"10\" cellpadding=\"10\"><tbody><tr><td width=\"50%\"><strong>IL GHIACCIAIO DI ALETSCH &#8211; VOLO PRIVATO (1-5 pers.) &#8211; 40 min.<\/strong><\/td><td><strong>A partire da CHF 1&#8217;680.00 per volo privato<span class=\"productPrice\"><br \/><\/span><\/strong><\/td><\/tr><tr><td>Informazioni aggiuntive<\/td><td>&#8211; Utilizzi l&#8217;elicottero esclusivamente per te<br \/>&#8211; Decidi tu la data e l&#8217;ora di partenza<br \/>&#8211; Massimo 5 pers.<\/td><\/tr><tr><td>Eliporto<\/td><td><a href=\"https:\/\/www.google.com\/maps\/place\/46%C2%B018'48.5%22N+7%C2%B043'38.8%22E\/@46.3138726,7.7187639,1559m\/data=!3m1!1e3!4m4!3m3!8m2!3d46.3134722!4d7.7274444?entry=ttu\" target=\"_blank\" rel=\"noopener\">Gampel<\/a><\/td><\/tr><tr><td>Tempo di volo<\/td><td>40 min.<\/td><\/tr><tr><td>Durata totale<\/td><td>circa 1h15<\/td><\/tr><tr><td>Appuntamento<\/td><td>Per telefono<\/td><\/tr><tr><td><button class=\"elementor-button\" type=\"button\"> <a href=\"https:\/\/swissraft.outdoorbooking.ch\/fo\/products\/1778?base_id=236&amp;category_id=6&amp;order_type=gift_voucher&amp;lang=it\" target=\"_blank\" rel=\"noopener\">ACQUISTO BUONO REGALO \/ TICKET<\/a><\/button><\/td><td><strong>CHF 1&#8217;680.00 &#8211; Volo privato (1-4 pers.)<\/strong><\/td><\/tr><tr><td><button class=\"elementor-button\" type=\"button\"> <a href=\"https:\/\/swissraft.outdoorbooking.ch\/fo\/products\/1779?base_id=237&amp;category_id=6&amp;order_type=gift_voucher&amp;lang=it\" target=\"_blank\" rel=\"noopener\">ACQUISTO BUONO REGALO \/ TICKET<\/a><\/button><\/td><td><strong>CHF 2&#8217;100.00 &#8211; Volo privato (5 pers.)<\/strong><\/td><\/tr><tr><td>\u00a0<\/td><td><span style=\"text-decoration: underline;\"><strong><em>IMPORTANTE !<\/em><\/strong><\/span><br \/><em>Per prenotare, chiamate il numero che si trova in alto a sinistra sul buono regalo\/biglietto.<\/em><\/td><\/tr><\/tbody><\/table>\t\t\t\t\t\t<\/div>\n\t\t\t\t<\/div>\n\t\t\t\t\t<\/div>\n\t\t<\/div>\n\t\t\t\t\t\t\t<\/div>\n\t\t<\/section>\n\t\t\t\t\t\t\t<\/div>\n\t\t","protected":false},"excerpt":{"rendered":"<div align=\"justify\">\n<h2 align=\"justify\">Questo volo in elicottero di 40 minuti ti porter\u00e0 fino al ghiacciaio dell&#8217;Aletsch.<\/h2>\n<h3>Sono in programma cime famose come il Bietschhorn, il Petersgrat, il massiccio dell&#8217;Eiger e il ghiacciaio dell&#8217;Aletsch.<\/h3>\n<\/div>\n<div align=\"justify\">\n<p>Da Gampel, questo tour in elicottero di 40 minuti ti delizier\u00e0. Sorvolerai la valle L\u00f6tschental con le sue cime, il Bietschhorn e il Petersgrat. Il massiccio dell&#8217;Eiger, il M\u00f6nch e la Jungfrau dominano la regione dell&#8217;Oberland Bernese. Prosegui poi verso il magnifico ghiacciaio dell&#8217;Aletsch, il pi\u00f9 grande delle Alpi.<\/p>\n<h3>Nelle Alpi \u00e8 disponibile un&#8217;ampia gamma di tour in elicottero, grazie alla vasta rete di eliporti della Svizzera.<\/h3>\n<p id=\"textarea\" style=\"display: none;\">\nDecolliamo anche dagli aeroporti di Collombey e Sion, nel Vallese. Da un lato, partiamo da \u00c9pagny en Gruy\u00e8re, nel cantone di Friburgo. Decolliamo anche dagli eliporti di Interlaken-Gsteigwiler e Gstaad-Grund, oltre che dall&#8217;aerodromo di Saanen nella regione del Saanenland. Offriamo anche tour nel cantone di Uri dall&#8217;eliporto di Erstfeld e voli da Pfaffnau, vicino a Lucerna. E dall&#8217;aerodromo di Buttwil in Argovia. Decolliamo anche dall&#8217;aeroporto di Grenchen, nel cantone di Soletta, e dall&#8217;aeroporto di Berna-Belp. Decolliamo anche dagli eliporti di Lauterbrunnen, Lenk-Simmental e Schattenhalb-Meiringen nell&#8217;Oberland Bernese. Le rotte aeree partono anche dall&#8217;aeroporto internazionale di Zurigo-Kloten. Dall&#8217;eliporto di K\u00fcssnacht nel Canton Svitto. Nei Grigioni dall&#8217;eliporto di St. Moritz Puoi volare dall&#8217;aeroporto di St. Moritz in inverno e dall&#8217;aeroporto di Samedan in Engadina tutto l&#8217;anno. Ma anche dagli eliporti di Flims, Tavanasa e Untervaz. Operiamo anche voli turistici per il Ticino dagli aeroporti di Locarno e Lodrino. E dall&#8217;eliporto di Balzers in Liechtenstein e dall&#8217;aeroporto di Sitterdorf in Turgovia.\n<\/p>\n<p><a id=\"seeMore\" onclick=\"toggleSeeMore()\" href=\"javascript:void(0);\">Leggi tutto<\/a><\/p>\n","protected":false},"featured_media":83234,"comment_status":"open","ping_status":"closed","template":"","meta":{"inline_featured_image":false,"_mi_skip_tracking":false},"product_cat":[392,562],"product_tag":[],"class_list":["post-93134","product","type-product","status-publish","has-post-thumbnail","hentry","product_cat-volo-in-elicottero","product_cat-elicottero-gampel"],"yoast_head":"<!-- This site is optimized with the Yoast SEO plugin v23.6 - https:\/\/yoast.com\/wordpress\/plugins\/seo\/ -->\n<title>Il ghiacciaio di Aletsch, a 40 minuti di volo da Gampel<\/title>\n<meta name=\"description\" content=\"Il ghiacciaio di Aletsch, a 40 minuti di volo in elicottero dall&#039;eliporto di Gampel. Un sontuoso volo sul ghiacciaio dell&#039;Aletsch\" \/>\n<meta name=\"robots\" content=\"index, follow, max-snippet:-1, max-image-preview:large, max-video-preview:-1\" \/>\n<link rel=\"canonical\" href=\"https:\/\/www.swissraft.ch\/it\/prodotto\/volo-elicottero-gampel-ghiacciaio-aletsch\/\" \/>\n<meta property=\"og:locale\" content=\"it_IT\" \/>\n<meta property=\"og:type\" content=\"article\" \/>\n<meta property=\"og:title\" content=\"Il ghiacciaio di Aletsch, a 40 minuti di volo da Gampel\" \/>\n<meta property=\"og:description\" content=\"Il ghiacciaio di Aletsch, a 40 minuti di volo in elicottero dall&#039;eliporto di Gampel. Un sontuoso volo sul ghiacciaio dell&#039;Aletsch\" \/>\n<meta property=\"og:url\" content=\"https:\/\/www.swissraft.ch\/it\/prodotto\/volo-elicottero-gampel-ghiacciaio-aletsch\/\" \/>\n<meta property=\"og:site_name\" content=\"Swissraft\" \/>\n<meta property=\"article:modified_time\" content=\"2025-11-20T16:50:30+00:00\" \/>\n<meta property=\"og:image\" content=\"https:\/\/www.swissraft.ch\/wp-content\/uploads\/2022\/12\/2-GAMPEL-Der-Aletschgletscher-776x776-1.jpg\" \/>\n\t<meta property=\"og:image:width\" content=\"776\" \/>\n\t<meta property=\"og:image:height\" content=\"776\" \/>\n\t<meta property=\"og:image:type\" content=\"image\/jpeg\" \/>\n<meta name=\"twitter:card\" content=\"summary_large_image\" \/>\n<meta name=\"twitter:label1\" content=\"Tempo di lettura stimato\" \/>\n\t<meta name=\"twitter:data1\" content=\"1 minuto\" \/>\n<script type=\"application\/ld+json\" class=\"yoast-schema-graph\">{\"@context\":\"https:\/\/schema.org\",\"@graph\":[{\"@type\":\"WebPage\",\"@id\":\"https:\/\/www.swissraft.ch\/it\/prodotto\/volo-elicottero-gampel-ghiacciaio-aletsch\/\",\"url\":\"https:\/\/www.swissraft.ch\/it\/prodotto\/volo-elicottero-gampel-ghiacciaio-aletsch\/\",\"name\":\"Il ghiacciaio di Aletsch, a 40 minuti di volo da Gampel\",\"isPartOf\":{\"@id\":\"https:\/\/www.swissraft.ch\/it\/#website\"},\"primaryImageOfPage\":{\"@id\":\"https:\/\/www.swissraft.ch\/it\/prodotto\/volo-elicottero-gampel-ghiacciaio-aletsch\/#primaryimage\"},\"image\":{\"@id\":\"https:\/\/www.swissraft.ch\/it\/prodotto\/volo-elicottero-gampel-ghiacciaio-aletsch\/#primaryimage\"},\"thumbnailUrl\":\"https:\/\/www.swissraft.ch\/wp-content\/uploads\/2022\/12\/2-GAMPEL-Der-Aletschgletscher-776x776-1.jpg\",\"datePublished\":\"2022-12-27T16:35:48+00:00\",\"dateModified\":\"2025-11-20T16:50:30+00:00\",\"description\":\"Il ghiacciaio di Aletsch, a 40 minuti di volo in elicottero dall'eliporto di Gampel. Un sontuoso volo sul ghiacciaio dell'Aletsch\",\"breadcrumb\":{\"@id\":\"https:\/\/www.swissraft.ch\/it\/prodotto\/volo-elicottero-gampel-ghiacciaio-aletsch\/#breadcrumb\"},\"inLanguage\":\"it-IT\",\"potentialAction\":[{\"@type\":\"ReadAction\",\"target\":[\"https:\/\/www.swissraft.ch\/it\/prodotto\/volo-elicottero-gampel-ghiacciaio-aletsch\/\"]}]},{\"@type\":\"ImageObject\",\"inLanguage\":\"it-IT\",\"@id\":\"https:\/\/www.swissraft.ch\/it\/prodotto\/volo-elicottero-gampel-ghiacciaio-aletsch\/#primaryimage\",\"url\":\"https:\/\/www.swissraft.ch\/wp-content\/uploads\/2022\/12\/2-GAMPEL-Der-Aletschgletscher-776x776-1.jpg\",\"contentUrl\":\"https:\/\/www.swissraft.ch\/wp-content\/uploads\/2022\/12\/2-GAMPEL-Der-Aletschgletscher-776x776-1.jpg\",\"width\":776,\"height\":776,\"caption\":\"Elicottero Gampel - Ghiacciaio dell'Aletsch\"},{\"@type\":\"BreadcrumbList\",\"@id\":\"https:\/\/www.swissraft.ch\/it\/prodotto\/volo-elicottero-gampel-ghiacciaio-aletsch\/#breadcrumb\",\"itemListElement\":[{\"@type\":\"ListItem\",\"position\":1,\"name\":\"Accueil\",\"item\":\"https:\/\/www.swissraft.ch\/it\/\"},{\"@type\":\"ListItem\",\"position\":2,\"name\":\"Negozio\",\"item\":\"https:\/\/www.swissraft.ch\/it\/negozio\/\"},{\"@type\":\"ListItem\",\"position\":3,\"name\":\"Volo in elicottero da GAMPEL &#8211; IL GHIACCIAIO DI ALETSCH &#8211; 40 min. &#8211; A partire da CHF 1&#8217;680.00\"}]},{\"@type\":\"WebSite\",\"@id\":\"https:\/\/www.swissraft.ch\/it\/#website\",\"url\":\"https:\/\/www.swissraft.ch\/it\/\",\"name\":\"Swissraft\",\"description\":\"To enjoy nature as it is\",\"publisher\":{\"@id\":\"https:\/\/www.swissraft.ch\/it\/#organization\"},\"potentialAction\":[{\"@type\":\"SearchAction\",\"target\":{\"@type\":\"EntryPoint\",\"urlTemplate\":\"https:\/\/www.swissraft.ch\/it\/?s={search_term_string}\"},\"query-input\":{\"@type\":\"PropertyValueSpecification\",\"valueRequired\":true,\"valueName\":\"search_term_string\"}}],\"inLanguage\":\"it-IT\"},{\"@type\":\"Organization\",\"@id\":\"https:\/\/www.swissraft.ch\/it\/#organization\",\"name\":\"Swissraft\",\"url\":\"https:\/\/www.swissraft.ch\/it\/\",\"logo\":{\"@type\":\"ImageObject\",\"inLanguage\":\"it-IT\",\"@id\":\"https:\/\/www.swissraft.ch\/it\/#\/schema\/logo\/image\/\",\"url\":\"https:\/\/www.swissraft.ch\/wp-content\/uploads\/2025\/09\/Capture.jpg\",\"contentUrl\":\"https:\/\/www.swissraft.ch\/wp-content\/uploads\/2025\/09\/Capture.jpg\",\"width\":293,\"height\":108,\"caption\":\"Swissraft\"},\"image\":{\"@id\":\"https:\/\/www.swissraft.ch\/it\/#\/schema\/logo\/image\/\"}}]}<\/script>\n<!-- \/ Yoast SEO plugin. -->","yoast_head_json":{"title":"Il ghiacciaio di Aletsch, a 40 minuti di volo da Gampel","description":"Il ghiacciaio di Aletsch, a 40 minuti di volo in elicottero dall'eliporto di Gampel. Un sontuoso volo sul ghiacciaio dell'Aletsch","robots":{"index":"index","follow":"follow","max-snippet":"max-snippet:-1","max-image-preview":"max-image-preview:large","max-video-preview":"max-video-preview:-1"},"canonical":"https:\/\/www.swissraft.ch\/it\/prodotto\/volo-elicottero-gampel-ghiacciaio-aletsch\/","og_locale":"it_IT","og_type":"article","og_title":"Il ghiacciaio di Aletsch, a 40 minuti di volo da Gampel","og_description":"Il ghiacciaio di Aletsch, a 40 minuti di volo in elicottero dall'eliporto di Gampel. Un sontuoso volo sul ghiacciaio dell'Aletsch","og_url":"https:\/\/www.swissraft.ch\/it\/prodotto\/volo-elicottero-gampel-ghiacciaio-aletsch\/","og_site_name":"Swissraft","article_modified_time":"2025-11-20T16:50:30+00:00","og_image":[{"width":776,"height":776,"url":"https:\/\/www.swissraft.ch\/wp-content\/uploads\/2022\/12\/2-GAMPEL-Der-Aletschgletscher-776x776-1.jpg","type":"image\/jpeg"}],"twitter_card":"summary_large_image","twitter_misc":{"Tempo di lettura stimato":"1 minuto"},"schema":{"@context":"https:\/\/schema.org","@graph":[{"@type":"WebPage","@id":"https:\/\/www.swissraft.ch\/it\/prodotto\/volo-elicottero-gampel-ghiacciaio-aletsch\/","url":"https:\/\/www.swissraft.ch\/it\/prodotto\/volo-elicottero-gampel-ghiacciaio-aletsch\/","name":"Il ghiacciaio di Aletsch, a 40 minuti di volo da Gampel","isPartOf":{"@id":"https:\/\/www.swissraft.ch\/it\/#website"},"primaryImageOfPage":{"@id":"https:\/\/www.swissraft.ch\/it\/prodotto\/volo-elicottero-gampel-ghiacciaio-aletsch\/#primaryimage"},"image":{"@id":"https:\/\/www.swissraft.ch\/it\/prodotto\/volo-elicottero-gampel-ghiacciaio-aletsch\/#primaryimage"},"thumbnailUrl":"https:\/\/www.swissraft.ch\/wp-content\/uploads\/2022\/12\/2-GAMPEL-Der-Aletschgletscher-776x776-1.jpg","datePublished":"2022-12-27T16:35:48+00:00","dateModified":"2025-11-20T16:50:30+00:00","description":"Il ghiacciaio di Aletsch, a 40 minuti di volo in elicottero dall'eliporto di Gampel. Un sontuoso volo sul ghiacciaio dell'Aletsch","breadcrumb":{"@id":"https:\/\/www.swissraft.ch\/it\/prodotto\/volo-elicottero-gampel-ghiacciaio-aletsch\/#breadcrumb"},"inLanguage":"it-IT","potentialAction":[{"@type":"ReadAction","target":["https:\/\/www.swissraft.ch\/it\/prodotto\/volo-elicottero-gampel-ghiacciaio-aletsch\/"]}]},{"@type":"ImageObject","inLanguage":"it-IT","@id":"https:\/\/www.swissraft.ch\/it\/prodotto\/volo-elicottero-gampel-ghiacciaio-aletsch\/#primaryimage","url":"https:\/\/www.swissraft.ch\/wp-content\/uploads\/2022\/12\/2-GAMPEL-Der-Aletschgletscher-776x776-1.jpg","contentUrl":"https:\/\/www.swissraft.ch\/wp-content\/uploads\/2022\/12\/2-GAMPEL-Der-Aletschgletscher-776x776-1.jpg","width":776,"height":776,"caption":"Elicottero Gampel - Ghiacciaio dell'Aletsch"},{"@type":"BreadcrumbList","@id":"https:\/\/www.swissraft.ch\/it\/prodotto\/volo-elicottero-gampel-ghiacciaio-aletsch\/#breadcrumb","itemListElement":[{"@type":"ListItem","position":1,"name":"Accueil","item":"https:\/\/www.swissraft.ch\/it\/"},{"@type":"ListItem","position":2,"name":"Negozio","item":"https:\/\/www.swissraft.ch\/it\/negozio\/"},{"@type":"ListItem","position":3,"name":"Volo in elicottero da GAMPEL &#8211; IL GHIACCIAIO DI ALETSCH &#8211; 40 min. &#8211; A partire da CHF 1&#8217;680.00"}]},{"@type":"WebSite","@id":"https:\/\/www.swissraft.ch\/it\/#website","url":"https:\/\/www.swissraft.ch\/it\/","name":"Swissraft","description":"To enjoy nature as it is","publisher":{"@id":"https:\/\/www.swissraft.ch\/it\/#organization"},"potentialAction":[{"@type":"SearchAction","target":{"@type":"EntryPoint","urlTemplate":"https:\/\/www.swissraft.ch\/it\/?s={search_term_string}"},"query-input":{"@type":"PropertyValueSpecification","valueRequired":true,"valueName":"search_term_string"}}],"inLanguage":"it-IT"},{"@type":"Organization","@id":"https:\/\/www.swissraft.ch\/it\/#organization","name":"Swissraft","url":"https:\/\/www.swissraft.ch\/it\/","logo":{"@type":"ImageObject","inLanguage":"it-IT","@id":"https:\/\/www.swissraft.ch\/it\/#\/schema\/logo\/image\/","url":"https:\/\/www.swissraft.ch\/wp-content\/uploads\/2025\/09\/Capture.jpg","contentUrl":"https:\/\/www.swissraft.ch\/wp-content\/uploads\/2025\/09\/Capture.jpg","width":293,"height":108,"caption":"Swissraft"},"image":{"@id":"https:\/\/www.swissraft.ch\/it\/#\/schema\/logo\/image\/"}}]}},"_links":{"self":[{"href":"https:\/\/www.swissraft.ch\/it\/wp-json\/wp\/v2\/product\/93134","targetHints":{"allow":["GET"]}}],"collection":[{"href":"https:\/\/www.swissraft.ch\/it\/wp-json\/wp\/v2\/product"}],"about":[{"href":"https:\/\/www.swissraft.ch\/it\/wp-json\/wp\/v2\/types\/product"}],"replies":[{"embeddable":true,"href":"https:\/\/www.swissraft.ch\/it\/wp-json\/wp\/v2\/comments?post=93134"}],"version-history":[{"count":17,"href":"https:\/\/www.swissraft.ch\/it\/wp-json\/wp\/v2\/product\/93134\/revisions"}],"predecessor-version":[{"id":123713,"href":"https:\/\/www.swissraft.ch\/it\/wp-json\/wp\/v2\/product\/93134\/revisions\/123713"}],"wp:featuredmedia":[{"embeddable":true,"href":"https:\/\/www.swissraft.ch\/it\/wp-json\/wp\/v2\/media\/83234"}],"wp:attachment":[{"href":"https:\/\/www.swissraft.ch\/it\/wp-json\/wp\/v2\/media?parent=93134"}],"wp:term":[{"taxonomy":"product_cat","embeddable":true,"href":"https:\/\/www.swissraft.ch\/it\/wp-json\/wp\/v2\/product_cat?post=93134"},{"taxonomy":"product_tag","embeddable":true,"href":"https:\/\/www.swissraft.ch\/it\/wp-json\/wp\/v2\/product_tag?post=93134"}],"curies":[{"name":"wp","href":"https:\/\/api.w.org\/{rel}","templated":true}]}}