{"id":93119,"date":"2023-01-11T16:45:26","date_gmt":"2023-01-11T15:45:26","guid":{"rendered":"https:\/\/swissraft.xyanzkdne.eu\/product\/volo-aereo-da-bienne-le-chasseral-30-min-a-partire-da-20000\/"},"modified":"2024-11-20T09:32:27","modified_gmt":"2024-11-20T08:32:27","slug":"volo-aereo-da-bienne-le-chasseral-30-min-a-partire-da-20000","status":"publish","type":"product","link":"https:\/\/www.swissraft.ch\/it\/prodotto\/volo-aereo-da-bienne-le-chasseral-30-min-a-partire-da-20000\/","title":{"rendered":"Volo aereo da BIENNE &#8211; LE CHASSERAL &#8211; 30 min. &#8211; A partire da 200,00"},"content":{"rendered":"\t\t<div data-elementor-type=\"wp-post\" data-elementor-id=\"93119\" class=\"elementor elementor-93119 elementor-30342\">\n\t\t\t\t\t\t\t\t\t<section class=\"elementor-section elementor-top-section elementor-element elementor-element-3303a7e3 elementor-section-boxed elementor-section-height-default elementor-section-height-default\" data-id=\"3303a7e3\" data-element_type=\"section\">\n\t\t\t\t\t\t<div class=\"elementor-container elementor-column-gap-default\">\n\t\t\t\t\t<div class=\"elementor-column elementor-col-100 elementor-top-column elementor-element elementor-element-16d72dbf\" data-id=\"16d72dbf\" data-element_type=\"column\">\n\t\t\t<div class=\"elementor-widget-wrap elementor-element-populated\">\n\t\t\t\t\t\t\t\t<div class=\"elementor-element elementor-element-d743c03 elementor-widget elementor-widget-text-editor\" data-id=\"d743c03\" data-element_type=\"widget\" data-widget_type=\"text-editor.default\">\n\t\t\t\t<div class=\"elementor-widget-container\">\n\t\t\t\t\t\t\t<h2>SCEGLI LA TUA ATTIVIT\u00c0 QUI SOTTO PER OFFRIRE BUONI REGALO\/BIGLIETTI O EFFETTUARE UNA PRENOTAZIONE<\/h2>\n<table border=\"0\" width=\"580\" cellspacing=\"10\" cellpadding=\"10\">\n<tbody>\n<tr>\n<td width=\"50%\"><strong>LE CHASSERAL &#8211; VOLO PRIVATO (1-3 pers.) &#8211; 30 min.<\/strong><\/td>\n<td><strong>A partire da CHF 200,00 per volo privato<span class=\"productPrice\"><br \/><\/span><\/strong><\/td>\n<\/tr>\n<tr>\n<td>Ulteriori informazioni<\/td>\n<td><span class=\"patt\">&#8211; Puoi utilizzare l&#8217;aereo esclusivamente per te stesso<br \/>&#8211; Imposta la data e l&#8217;ora di partenza<br \/><\/span><span class=\"patt\">&#8211; Massimo 3 persone, di cui 1 bambino di et\u00e0 compresa tra i 2 e i 12 anni <\/span><\/td>\n<\/tr>\n<tr>\n<td>Aerodromo<\/td>\n<td><a href=\"https:\/\/www.google.com\/maps\/place\/47%C2%B005'27.9%22N+7%C2%B017'27.8%22E\/@47.0912114,7.2867544,768m\/data=!3m1!1e3!4m4!3m3!8m2!3d47.0910833!4d7.2910556?entry=ttu\" target=\"_blank\" rel=\"noopener\">Biel<\/a><\/td>\n<\/tr>\n<tr>\n<td>Tempo di volo<\/td>\n<td>30 min.<\/td>\n<\/tr>\n<tr>\n<td>Durata totale<\/td>\n<td>circa 50 minuti.<\/td>\n<\/tr>\n<tr>\n<td>Appuntamento<\/td>\n<td>Per telefono<\/td>\n<\/tr>\n<tr>\n<td><button class=\"elementor-button\" type=\"button\"><a href=\"https:\/\/swissraft.outdoorbooking.ch\/fo\/products\/167?base_id=26&amp;category_id=22&amp;order_type=gift_voucher&amp;lang=it\" target=\"_blank\" rel=\"noopener\">BUONO REGALO<\/a><\/button><\/td>\n<td><strong>CHF 200.00 &#8211; VOLO PRIVATO &#8211; 30 min (1-2 pers.) <\/strong><\/td>\n<\/tr>\n<tr>\n<td><button class=\"elementor-button\" type=\"button\"><a href=\"https:\/\/swissraft.outdoorbooking.ch\/fo\/products\/1441?base_id=26&amp;category_id=22&amp;order_type=gift_voucher&amp;lang=it\" target=\"_blank\" rel=\"noopener\">BUONO REGALO<\/a><\/button><\/td>\n<td><strong>CHF 250.00 &#8211; VOLO PRIVATO &#8211; 30 min. (2 adulti + 1 bambino) <\/strong><\/td>\n<\/tr>\n<tr>\n<td> <\/td>\n<td>Per effettuare una prenotazione <span class=\"patt\" style=\"font-family: inherit; font-size: inherit;\"><span class=\"plbl\"><span class=\"patt\"><a href=\"https:\/\/www.swissraft.ch\/it\/contattaci\/\">contattaci<\/a><\/span><\/span><\/span><\/td>\n<\/tr>\n<\/tbody>\n<\/table>\n\t\t\t\t\t\t<\/div>\n\t\t\t\t<\/div>\n\t\t\t\t\t<\/div>\n\t\t<\/div>\n\t\t\t\t\t\t\t<\/div>\n\t\t<\/section>\n\t\t\t\t\t\t\t<\/div>\n\t\t","protected":false},"excerpt":{"rendered":"<div align=\"justify\">\n<h2 align=\"justify\">Parti dall&#8217;aerodromo di Biel per un magnifico volo di 30 minuti verso il Chasseral.<\/h2>\n<h3>Il nostro aereo Piper Archer ti porter\u00e0 a sorvolare la vetta pi\u00f9 importante del Giura: lo Chasseral.<\/h3>\n<\/div>\n<div align=\"justify\">\n<p>Parti dall&#8217;aerodromo di Biel e dirigiti in salita verso Biel, sopra la quale volerai. Poi ti dirigi verso Pr\u00e9 d&#8217;Orvin e intorno all&#8217;antenna Chasseral. Da qui potrai ammirare uno splendido panorama dei 3 laghi. Il tuo viaggio continua scendendo verso La Neuville, sulla quale sorvoli. Segui poi la sponda orientale del lago di Biel e passa sopra il comune di L\u00fcscherz. Il volo termina con il ritorno all&#8217;aerodromo di Biel, dove atterrerai dopo 30 minuti di volo.<\/p>\n<h3>Dai un&#8217;occhiata al nostro sito web, dove offriamo un&#8217;ampia gamma di tour aerei.<\/h3>\n<p id=\"textarea\" style=\"display: none;\">\nOffriamo anche voli di piacere dall&#8217;aeroporto internazionale di Berna-Belp. Da un lato, decolliamo dall&#8217;aerodromo di Buttwil in Argovia. Offriamo anche voli dall&#8217;aeroporto di Grenchen. Abbiamo anche voli turistici in partenza dall&#8217;aerodromo di \u00c9pagny en Gruy\u00e8re. Ma stiamo anche decollando nel cantone di St. San Gallo dall&#8217;aerodromo di Sch\u00e4nis per voli turistici.\n<\/p>\n<p><a id=\"seeMore\" onclick=\"toggleSeeMore()\" href=\"javascript:void(0);\">Leggi tutto<\/a><\/p>\n","protected":false},"featured_media":88085,"comment_status":"open","ping_status":"closed","template":"","meta":{"inline_featured_image":false,"_mi_skip_tracking":false},"product_cat":[550,423],"product_tag":[],"class_list":["post-93119","product","type-product","status-publish","has-post-thumbnail","hentry","product_cat-aereo-bienne","product_cat-voli"],"yoast_head":"<!-- This site is optimized with the Yoast SEO plugin v23.6 - https:\/\/yoast.com\/wordpress\/plugins\/seo\/ -->\n<title>Volo per il Chasseral da Biel. Volo di 30 minuti<\/title>\n<meta name=\"description\" content=\"Raggiungi lo Chasseral da Biel con un volo di 30 minuti. Lo Chasseral, la montagna pi\u00f9 emblematica del Giura. Un volo da non perdere.\" \/>\n<meta name=\"robots\" content=\"index, follow, max-snippet:-1, max-image-preview:large, max-video-preview:-1\" \/>\n<link rel=\"canonical\" href=\"https:\/\/www.swissraft.ch\/it\/prodotto\/volo-aereo-da-bienne-le-chasseral-30-min-a-partire-da-20000\/\" \/>\n<meta property=\"og:locale\" content=\"it_IT\" \/>\n<meta property=\"og:type\" content=\"article\" \/>\n<meta property=\"og:title\" content=\"Volo per il Chasseral da Biel. Volo di 30 minuti\" \/>\n<meta property=\"og:description\" content=\"Raggiungi lo Chasseral da Biel con un volo di 30 minuti. Lo Chasseral, la montagna pi\u00f9 emblematica del Giura. Un volo da non perdere.\" \/>\n<meta property=\"og:url\" content=\"https:\/\/www.swissraft.ch\/it\/prodotto\/volo-aereo-da-bienne-le-chasseral-30-min-a-partire-da-20000\/\" \/>\n<meta property=\"og:site_name\" content=\"Swissraft\" \/>\n<meta property=\"article:modified_time\" content=\"2024-11-20T08:32:27+00:00\" \/>\n<meta property=\"og:image\" content=\"https:\/\/www.swissraft.ch\/wp-content\/uploads\/2023\/01\/03-BIEL-Chasseral-Rundflug-776x776-2.jpg\" \/>\n\t<meta property=\"og:image:width\" content=\"776\" \/>\n\t<meta property=\"og:image:height\" content=\"776\" \/>\n\t<meta property=\"og:image:type\" content=\"image\/jpeg\" \/>\n<meta name=\"twitter:card\" content=\"summary_large_image\" \/>\n<script type=\"application\/ld+json\" class=\"yoast-schema-graph\">{\"@context\":\"https:\/\/schema.org\",\"@graph\":[{\"@type\":\"WebPage\",\"@id\":\"https:\/\/www.swissraft.ch\/it\/prodotto\/volo-aereo-da-bienne-le-chasseral-30-min-a-partire-da-20000\/\",\"url\":\"https:\/\/www.swissraft.ch\/it\/prodotto\/volo-aereo-da-bienne-le-chasseral-30-min-a-partire-da-20000\/\",\"name\":\"Volo per il Chasseral da Biel. Volo di 30 minuti\",\"isPartOf\":{\"@id\":\"https:\/\/www.swissraft.ch\/it\/#website\"},\"primaryImageOfPage\":{\"@id\":\"https:\/\/www.swissraft.ch\/it\/prodotto\/volo-aereo-da-bienne-le-chasseral-30-min-a-partire-da-20000\/#primaryimage\"},\"image\":{\"@id\":\"https:\/\/www.swissraft.ch\/it\/prodotto\/volo-aereo-da-bienne-le-chasseral-30-min-a-partire-da-20000\/#primaryimage\"},\"thumbnailUrl\":\"https:\/\/www.swissraft.ch\/wp-content\/uploads\/2023\/01\/03-BIEL-Chasseral-Rundflug-776x776-2.jpg\",\"datePublished\":\"2023-01-11T15:45:26+00:00\",\"dateModified\":\"2024-11-20T08:32:27+00:00\",\"description\":\"Raggiungi lo Chasseral da Biel con un volo di 30 minuti. Lo Chasseral, la montagna pi\u00f9 emblematica del Giura. Un volo da non perdere.\",\"breadcrumb\":{\"@id\":\"https:\/\/www.swissraft.ch\/it\/prodotto\/volo-aereo-da-bienne-le-chasseral-30-min-a-partire-da-20000\/#breadcrumb\"},\"inLanguage\":\"it-IT\",\"potentialAction\":[{\"@type\":\"ReadAction\",\"target\":[\"https:\/\/www.swissraft.ch\/it\/prodotto\/volo-aereo-da-bienne-le-chasseral-30-min-a-partire-da-20000\/\"]}]},{\"@type\":\"ImageObject\",\"inLanguage\":\"it-IT\",\"@id\":\"https:\/\/www.swissraft.ch\/it\/prodotto\/volo-aereo-da-bienne-le-chasseral-30-min-a-partire-da-20000\/#primaryimage\",\"url\":\"https:\/\/www.swissraft.ch\/wp-content\/uploads\/2023\/01\/03-BIEL-Chasseral-Rundflug-776x776-2.jpg\",\"contentUrl\":\"https:\/\/www.swissraft.ch\/wp-content\/uploads\/2023\/01\/03-BIEL-Chasseral-Rundflug-776x776-2.jpg\",\"width\":776,\"height\":776,\"caption\":\"Volo per il Chasseral da Biel\"},{\"@type\":\"BreadcrumbList\",\"@id\":\"https:\/\/www.swissraft.ch\/it\/prodotto\/volo-aereo-da-bienne-le-chasseral-30-min-a-partire-da-20000\/#breadcrumb\",\"itemListElement\":[{\"@type\":\"ListItem\",\"position\":1,\"name\":\"Accueil\",\"item\":\"https:\/\/www.swissraft.ch\/it\/\"},{\"@type\":\"ListItem\",\"position\":2,\"name\":\"Negozio\",\"item\":\"https:\/\/www.swissraft.ch\/it\/negozio\/\"},{\"@type\":\"ListItem\",\"position\":3,\"name\":\"Volo aereo da BIENNE &#8211; LE CHASSERAL &#8211; 30 min. &#8211; A partire da 200,00\"}]},{\"@type\":\"WebSite\",\"@id\":\"https:\/\/www.swissraft.ch\/it\/#website\",\"url\":\"https:\/\/www.swissraft.ch\/it\/\",\"name\":\"Swissraft\",\"description\":\"To enjoy nature as it is\",\"publisher\":{\"@id\":\"https:\/\/www.swissraft.ch\/it\/#organization\"},\"potentialAction\":[{\"@type\":\"SearchAction\",\"target\":{\"@type\":\"EntryPoint\",\"urlTemplate\":\"https:\/\/www.swissraft.ch\/it\/?s={search_term_string}\"},\"query-input\":{\"@type\":\"PropertyValueSpecification\",\"valueRequired\":true,\"valueName\":\"search_term_string\"}}],\"inLanguage\":\"it-IT\"},{\"@type\":\"Organization\",\"@id\":\"https:\/\/www.swissraft.ch\/it\/#organization\",\"name\":\"Swissraft\",\"url\":\"https:\/\/www.swissraft.ch\/it\/\",\"logo\":{\"@type\":\"ImageObject\",\"inLanguage\":\"it-IT\",\"@id\":\"https:\/\/www.swissraft.ch\/it\/#\/schema\/logo\/image\/\",\"url\":\"https:\/\/www.swissraft.ch\/wp-content\/uploads\/2025\/09\/Capture.jpg\",\"contentUrl\":\"https:\/\/www.swissraft.ch\/wp-content\/uploads\/2025\/09\/Capture.jpg\",\"width\":293,\"height\":108,\"caption\":\"Swissraft\"},\"image\":{\"@id\":\"https:\/\/www.swissraft.ch\/it\/#\/schema\/logo\/image\/\"}}]}<\/script>\n<!-- \/ Yoast SEO plugin. -->","yoast_head_json":{"title":"Volo per il Chasseral da Biel. Volo di 30 minuti","description":"Raggiungi lo Chasseral da Biel con un volo di 30 minuti. Lo Chasseral, la montagna pi\u00f9 emblematica del Giura. Un volo da non perdere.","robots":{"index":"index","follow":"follow","max-snippet":"max-snippet:-1","max-image-preview":"max-image-preview:large","max-video-preview":"max-video-preview:-1"},"canonical":"https:\/\/www.swissraft.ch\/it\/prodotto\/volo-aereo-da-bienne-le-chasseral-30-min-a-partire-da-20000\/","og_locale":"it_IT","og_type":"article","og_title":"Volo per il Chasseral da Biel. Volo di 30 minuti","og_description":"Raggiungi lo Chasseral da Biel con un volo di 30 minuti. Lo Chasseral, la montagna pi\u00f9 emblematica del Giura. Un volo da non perdere.","og_url":"https:\/\/www.swissraft.ch\/it\/prodotto\/volo-aereo-da-bienne-le-chasseral-30-min-a-partire-da-20000\/","og_site_name":"Swissraft","article_modified_time":"2024-11-20T08:32:27+00:00","og_image":[{"width":776,"height":776,"url":"https:\/\/www.swissraft.ch\/wp-content\/uploads\/2023\/01\/03-BIEL-Chasseral-Rundflug-776x776-2.jpg","type":"image\/jpeg"}],"twitter_card":"summary_large_image","schema":{"@context":"https:\/\/schema.org","@graph":[{"@type":"WebPage","@id":"https:\/\/www.swissraft.ch\/it\/prodotto\/volo-aereo-da-bienne-le-chasseral-30-min-a-partire-da-20000\/","url":"https:\/\/www.swissraft.ch\/it\/prodotto\/volo-aereo-da-bienne-le-chasseral-30-min-a-partire-da-20000\/","name":"Volo per il Chasseral da Biel. Volo di 30 minuti","isPartOf":{"@id":"https:\/\/www.swissraft.ch\/it\/#website"},"primaryImageOfPage":{"@id":"https:\/\/www.swissraft.ch\/it\/prodotto\/volo-aereo-da-bienne-le-chasseral-30-min-a-partire-da-20000\/#primaryimage"},"image":{"@id":"https:\/\/www.swissraft.ch\/it\/prodotto\/volo-aereo-da-bienne-le-chasseral-30-min-a-partire-da-20000\/#primaryimage"},"thumbnailUrl":"https:\/\/www.swissraft.ch\/wp-content\/uploads\/2023\/01\/03-BIEL-Chasseral-Rundflug-776x776-2.jpg","datePublished":"2023-01-11T15:45:26+00:00","dateModified":"2024-11-20T08:32:27+00:00","description":"Raggiungi lo Chasseral da Biel con un volo di 30 minuti. Lo Chasseral, la montagna pi\u00f9 emblematica del Giura. Un volo da non perdere.","breadcrumb":{"@id":"https:\/\/www.swissraft.ch\/it\/prodotto\/volo-aereo-da-bienne-le-chasseral-30-min-a-partire-da-20000\/#breadcrumb"},"inLanguage":"it-IT","potentialAction":[{"@type":"ReadAction","target":["https:\/\/www.swissraft.ch\/it\/prodotto\/volo-aereo-da-bienne-le-chasseral-30-min-a-partire-da-20000\/"]}]},{"@type":"ImageObject","inLanguage":"it-IT","@id":"https:\/\/www.swissraft.ch\/it\/prodotto\/volo-aereo-da-bienne-le-chasseral-30-min-a-partire-da-20000\/#primaryimage","url":"https:\/\/www.swissraft.ch\/wp-content\/uploads\/2023\/01\/03-BIEL-Chasseral-Rundflug-776x776-2.jpg","contentUrl":"https:\/\/www.swissraft.ch\/wp-content\/uploads\/2023\/01\/03-BIEL-Chasseral-Rundflug-776x776-2.jpg","width":776,"height":776,"caption":"Volo per il Chasseral da Biel"},{"@type":"BreadcrumbList","@id":"https:\/\/www.swissraft.ch\/it\/prodotto\/volo-aereo-da-bienne-le-chasseral-30-min-a-partire-da-20000\/#breadcrumb","itemListElement":[{"@type":"ListItem","position":1,"name":"Accueil","item":"https:\/\/www.swissraft.ch\/it\/"},{"@type":"ListItem","position":2,"name":"Negozio","item":"https:\/\/www.swissraft.ch\/it\/negozio\/"},{"@type":"ListItem","position":3,"name":"Volo aereo da BIENNE &#8211; LE CHASSERAL &#8211; 30 min. &#8211; A partire da 200,00"}]},{"@type":"WebSite","@id":"https:\/\/www.swissraft.ch\/it\/#website","url":"https:\/\/www.swissraft.ch\/it\/","name":"Swissraft","description":"To enjoy nature as it is","publisher":{"@id":"https:\/\/www.swissraft.ch\/it\/#organization"},"potentialAction":[{"@type":"SearchAction","target":{"@type":"EntryPoint","urlTemplate":"https:\/\/www.swissraft.ch\/it\/?s={search_term_string}"},"query-input":{"@type":"PropertyValueSpecification","valueRequired":true,"valueName":"search_term_string"}}],"inLanguage":"it-IT"},{"@type":"Organization","@id":"https:\/\/www.swissraft.ch\/it\/#organization","name":"Swissraft","url":"https:\/\/www.swissraft.ch\/it\/","logo":{"@type":"ImageObject","inLanguage":"it-IT","@id":"https:\/\/www.swissraft.ch\/it\/#\/schema\/logo\/image\/","url":"https:\/\/www.swissraft.ch\/wp-content\/uploads\/2025\/09\/Capture.jpg","contentUrl":"https:\/\/www.swissraft.ch\/wp-content\/uploads\/2025\/09\/Capture.jpg","width":293,"height":108,"caption":"Swissraft"},"image":{"@id":"https:\/\/www.swissraft.ch\/it\/#\/schema\/logo\/image\/"}}]}},"_links":{"self":[{"href":"https:\/\/www.swissraft.ch\/it\/wp-json\/wp\/v2\/product\/93119","targetHints":{"allow":["GET"]}}],"collection":[{"href":"https:\/\/www.swissraft.ch\/it\/wp-json\/wp\/v2\/product"}],"about":[{"href":"https:\/\/www.swissraft.ch\/it\/wp-json\/wp\/v2\/types\/product"}],"replies":[{"embeddable":true,"href":"https:\/\/www.swissraft.ch\/it\/wp-json\/wp\/v2\/comments?post=93119"}],"version-history":[{"count":0,"href":"https:\/\/www.swissraft.ch\/it\/wp-json\/wp\/v2\/product\/93119\/revisions"}],"wp:featuredmedia":[{"embeddable":true,"href":"https:\/\/www.swissraft.ch\/it\/wp-json\/wp\/v2\/media\/88085"}],"wp:attachment":[{"href":"https:\/\/www.swissraft.ch\/it\/wp-json\/wp\/v2\/media?parent=93119"}],"wp:term":[{"taxonomy":"product_cat","embeddable":true,"href":"https:\/\/www.swissraft.ch\/it\/wp-json\/wp\/v2\/product_cat?post=93119"},{"taxonomy":"product_tag","embeddable":true,"href":"https:\/\/www.swissraft.ch\/it\/wp-json\/wp\/v2\/product_tag?post=93119"}],"curies":[{"name":"wp","href":"https:\/\/api.w.org\/{rel}","templated":true}]}}