{"id":93107,"date":"2023-01-11T15:11:39","date_gmt":"2023-01-11T14:11:39","guid":{"rendered":"https:\/\/swissraft.xyanzkdne.eu\/product\/volo-aereo-da-berne-belp-hautes-alpes-o-lac-leman-et-gruyere-70-min-chf-31900\/"},"modified":"2024-11-20T09:32:14","modified_gmt":"2024-11-20T08:32:14","slug":"volo-aereo-da-berne-belp-hautes-alpes-o-lac-leman-et-gruyere-70-min-chf-31900","status":"publish","type":"product","link":"https:\/\/www.swissraft.ch\/it\/prodotto\/volo-aereo-da-berne-belp-hautes-alpes-o-lac-leman-et-gruyere-70-min-chf-31900\/","title":{"rendered":"Volo aereo da BERNE-BELP &#8211; HAUTES ALPES O LAC L\u00c9MAN ET GRUY\u00c8RE &#8211; 70 min. &#8211; CHF 319,00"},"content":{"rendered":"\t\t<div data-elementor-type=\"wp-post\" data-elementor-id=\"93107\" class=\"elementor elementor-93107 elementor-30320\">\n\t\t\t\t\t\t\t\t\t<section class=\"elementor-section elementor-top-section elementor-element elementor-element-3303a7e3 elementor-section-boxed elementor-section-height-default elementor-section-height-default\" data-id=\"3303a7e3\" data-element_type=\"section\">\n\t\t\t\t\t\t<div class=\"elementor-container elementor-column-gap-default\">\n\t\t\t\t\t<div class=\"elementor-column elementor-col-100 elementor-top-column elementor-element elementor-element-16d72dbf\" data-id=\"16d72dbf\" data-element_type=\"column\">\n\t\t\t<div class=\"elementor-widget-wrap elementor-element-populated\">\n\t\t\t\t\t\t\t\t<div class=\"elementor-element elementor-element-d743c03 elementor-widget elementor-widget-text-editor\" data-id=\"d743c03\" data-element_type=\"widget\" data-widget_type=\"text-editor.default\">\n\t\t\t\t<div class=\"elementor-widget-container\">\n\t\t\t\t\t\t\t<h2>SCEGLI LA TUA ATTIVIT\u00c0 QUI SOTTO PER OFFRIRE BUONI REGALO\/BIGLIETTI O EFFETTUARE UNA PRENOTAZIONE<\/h2>\n<table border=\"0\" width=\"580\" cellspacing=\"10\" cellpadding=\"10\">\n<tbody>\n<tr>\n<td width=\"50%\"><strong>ALPI ALTE O LAGO DI L\u00c9MAN E GRUY\u00c8RE &#8211; 70 min.<\/strong><\/td>\n<td><strong>CHF 319,00 a persona<span class=\"productPrice\"><br \/><\/span><\/strong><\/td>\n<\/tr>\n<tr>\n<td>Informazioni aggiuntive<\/td>\n<td><span class=\"patt\"><br \/>&#8211; Sarai con altri passeggeri &#8211; Massimo 3 persone.<\/span><\/td>\n<\/tr>\n<tr>\n<td>Aeroporto<\/td>\n<td><a href=\"https:\/\/www.google.com\/maps\/place\/46%C2%B054'42.7%22N+7%C2%B030'12.1%22E\/@46.9123669,7.4941803,1542m\/data=!3m1!1e3!4m4!3m3!8m2!3d46.9118611!4d7.5033611?entry=ttu\" target=\"_blank\" rel=\"noopener\">Berna-Belp<\/a><\/td>\n<\/tr>\n<tr>\n<td>Tempo di volo<\/td>\n<td>70 min.<\/td>\n<\/tr>\n<tr>\n<td>Durata totale<\/td>\n<td>circa 1h30<\/td>\n<\/tr>\n<tr>\n<td>Appuntamento<\/td>\n<td>Per telefono<\/td>\n<\/tr>\n<tr>\n<td><button class=\"elementor-button\" type=\"button\"><a href=\"https:\/\/swissraft.outdoorbooking.ch\/fo\/products\/419?base_id=108&amp;category_id=22&amp;order_type=gift_voucher&amp;lang=it\" target=\"_blank\" rel=\"noopener\">BUONO REGALO<\/a><\/button><\/td>\n<td><strong>CHF 319.00 &#8211; Hautes Alpes ( 1 pers.)<\/strong><\/td>\n<\/tr>\n<tr>\n<td><button class=\"elementor-button\" type=\"button\"><a href=\"https:\/\/swissraft.outdoorbooking.ch\/fo\/products\/420?base_id=108&amp;category_id=22&amp;order_type=gift_voucher&amp;lang=it\" target=\"_blank\" rel=\"noopener\">BUONO REGALO<\/a><\/button><\/td>\n<td><strong>CHF 319,00 &#8211; Lago di Ginevra e Gruy\u00e8re ( 1 pers.)<\/strong><\/td>\n<\/tr>\n<tr>\n<td> <\/td>\n<td>Per effettuare una prenotazione <span class=\"patt\" style=\"font-family: inherit; font-size: inherit;\"><span class=\"plbl\"><span class=\"patt\"><a href=\"https:\/\/www.swissraft.ch\/it\/contattaci\/\">contattaci<\/a><\/span><\/span><\/span><\/td>\n<\/tr>\n<\/tbody>\n<\/table>\n\t\t\t\t\t\t<\/div>\n\t\t\t\t<\/div>\n\t\t\t\t\t<\/div>\n\t\t<\/div>\n\t\t\t\t\t\t\t<\/div>\n\t\t<\/section>\n\t\t\t\t<section class=\"elementor-section elementor-top-section elementor-element elementor-element-e145124 elementor-section-boxed elementor-section-height-default elementor-section-height-default\" data-id=\"e145124\" data-element_type=\"section\">\n\t\t\t\t\t\t<div class=\"elementor-container elementor-column-gap-default\">\n\t\t\t\t\t<div class=\"elementor-column elementor-col-100 elementor-top-column elementor-element elementor-element-bda7833\" data-id=\"bda7833\" data-element_type=\"column\">\n\t\t\t<div class=\"elementor-widget-wrap elementor-element-populated\">\n\t\t\t\t\t\t\t\t<div class=\"elementor-element elementor-element-684f175 elementor-widget elementor-widget-text-editor\" data-id=\"684f175\" data-element_type=\"widget\" data-widget_type=\"text-editor.default\">\n\t\t\t\t<div class=\"elementor-widget-container\">\n\t\t\t\t\t\t\t\t\t\t\t\t\t<\/div>\n\t\t\t\t<\/div>\n\t\t\t\t\t<\/div>\n\t\t<\/div>\n\t\t\t\t\t\t\t<\/div>\n\t\t<\/section>\n\t\t\t\t\t\t\t<\/div>\n\t\t","protected":false},"excerpt":{"rendered":"<div align=\"justify\">\n<h2 align=\"justify\">Partirai con un volo di 70 minuti verso le alte Alpi Bernesi o verso il Lago di Ginevra e la regione della Gruy\u00e8re.<\/h2>\n<h3>Volerai a un&#8217;altitudine di 4000 m o 1500 m, a seconda del tour che deciderai di fare. Infatti, ognuno di questi due tour ti lascer\u00e0 un&#8217;impressione superba. <\/h3>\n<\/div>\n<div align=\"justify\">\n<p>Dall&#8217;aeroporto di Berna-Belp decolli per un volo di 70 minuti a un&#8217;altitudine di 4.000 metri. Il volo sopra le Alpi offre la migliore panoramica possibile delle Alpi Bernesi. Sorvolerai le Alpi da sud, passando per la regione del Grimsel, il Finsteraarhorn e il Gr\u00fcnhornl\u00fccke. Poi il Konkordiaplatz, il L\u00f6tschenl\u00fccke, la L\u00f6tschental, il Wildstrubel e la valle del Simmen prima di tornare a Berna-Belp. Inoltre, \u00e8 un&#8217;esperienza impressionante con una vista unica sul mondo dei ghiacciai delle Alpi.<br \/>\nScegli l&#8217;itinerario Lago di Ginevra e Gruy\u00e8re? Potrai anche fare un volo di 70 minuti a un&#8217;altitudine di 1.500 metri. Ti porta oltre il Gruy\u00e8re fino al Lago di Ginevra. Inoltre, offre una splendida vista sulle Prealpi e sulla regione del Lago di Ginevra con i suoi vigneti. Il volo pu\u00f2 essere effettuato anche in una giornata nuvolosa.<\/p>\n<h3>Non esitare a chiamarci per qualsiasi domanda sui nostri voli in Svizzera.<\/h3>\n<p id=\"textarea\" style=\"display: none;\">\nDecolliamo anche dall&#8217;aerodromo di Biel, nel cantone di Berna. Abbiamo anche tour in aereo con partenza dall&#8217;aerodromo di Buttwil nel Canton Argovia. Offriamo anche voli dall&#8217;aeroporto di Grenchen, nel cantone di Soletta. Decolliamo anche dall&#8217;aeroporto di \u00c9pagny en Gruy\u00e8re, nel cantone di Friburgo. Partiamo poi da Sch\u00e4nis per un volo panoramico nel cantone di St. Moritz. Gall.\n<\/p>\n<p><a id=\"seeMore\" onclick=\"toggleSeeMore()\" href=\"javascript:void(0);\">Leggi tutto<\/a><\/p>\n","protected":false},"featured_media":88007,"comment_status":"open","ping_status":"closed","template":"","meta":{"inline_featured_image":false,"_mi_skip_tracking":false},"product_cat":[463,423],"product_tag":[],"class_list":["post-93107","product","type-product","status-publish","has-post-thumbnail","hentry","product_cat-aereo-berne-belp","product_cat-voli-aereo"],"yoast_head":"<!-- This site is optimized with the Yoast SEO plugin v23.6 - https:\/\/yoast.com\/wordpress\/plugins\/seo\/ -->\n<title>Alte Alpi o Lago di Ginevra e Gruy\u00e8re: due splendidi tour<\/title>\n<meta name=\"description\" content=\"Alte Alpi o Lago di Ginevra e Gruy\u00e8re, due tour di piacere tra cui scegliere. Si tratta di voli di 70 minuti con viste magnifiche durante il viaggio.\" \/>\n<meta name=\"robots\" content=\"index, follow, max-snippet:-1, max-image-preview:large, max-video-preview:-1\" \/>\n<link rel=\"canonical\" href=\"https:\/\/www.swissraft.ch\/it\/prodotto\/volo-aereo-da-berne-belp-hautes-alpes-o-lac-leman-et-gruyere-70-min-chf-31900\/\" \/>\n<meta property=\"og:locale\" content=\"it_IT\" \/>\n<meta property=\"og:type\" content=\"article\" \/>\n<meta property=\"og:title\" content=\"Alte Alpi o Lago di Ginevra e Gruy\u00e8re: due splendidi tour\" \/>\n<meta property=\"og:description\" content=\"Alte Alpi o Lago di Ginevra e Gruy\u00e8re, due tour di piacere tra cui scegliere. Si tratta di voli di 70 minuti con viste magnifiche durante il viaggio.\" \/>\n<meta property=\"og:url\" content=\"https:\/\/www.swissraft.ch\/it\/prodotto\/volo-aereo-da-berne-belp-hautes-alpes-o-lac-leman-et-gruyere-70-min-chf-31900\/\" \/>\n<meta property=\"og:site_name\" content=\"Swissraft\" \/>\n<meta property=\"article:modified_time\" content=\"2024-11-20T08:32:14+00:00\" \/>\n<meta property=\"og:image\" content=\"https:\/\/www.swissraft.ch\/wp-content\/uploads\/2023\/01\/4-Hochalpen-Rundflug-776x776-1.jpg\" \/>\n\t<meta property=\"og:image:width\" content=\"776\" \/>\n\t<meta property=\"og:image:height\" content=\"776\" \/>\n\t<meta property=\"og:image:type\" content=\"image\/jpeg\" \/>\n<meta name=\"twitter:card\" content=\"summary_large_image\" \/>\n<script type=\"application\/ld+json\" class=\"yoast-schema-graph\">{\"@context\":\"https:\/\/schema.org\",\"@graph\":[{\"@type\":\"WebPage\",\"@id\":\"https:\/\/www.swissraft.ch\/it\/prodotto\/volo-aereo-da-berne-belp-hautes-alpes-o-lac-leman-et-gruyere-70-min-chf-31900\/\",\"url\":\"https:\/\/www.swissraft.ch\/it\/prodotto\/volo-aereo-da-berne-belp-hautes-alpes-o-lac-leman-et-gruyere-70-min-chf-31900\/\",\"name\":\"Alte Alpi o Lago di Ginevra e Gruy\u00e8re: due splendidi tour\",\"isPartOf\":{\"@id\":\"https:\/\/www.swissraft.ch\/it\/#website\"},\"primaryImageOfPage\":{\"@id\":\"https:\/\/www.swissraft.ch\/it\/prodotto\/volo-aereo-da-berne-belp-hautes-alpes-o-lac-leman-et-gruyere-70-min-chf-31900\/#primaryimage\"},\"image\":{\"@id\":\"https:\/\/www.swissraft.ch\/it\/prodotto\/volo-aereo-da-berne-belp-hautes-alpes-o-lac-leman-et-gruyere-70-min-chf-31900\/#primaryimage\"},\"thumbnailUrl\":\"https:\/\/www.swissraft.ch\/wp-content\/uploads\/2023\/01\/4-Hochalpen-Rundflug-776x776-1.jpg\",\"datePublished\":\"2023-01-11T14:11:39+00:00\",\"dateModified\":\"2024-11-20T08:32:14+00:00\",\"description\":\"Alte Alpi o Lago di Ginevra e Gruy\u00e8re, due tour di piacere tra cui scegliere. Si tratta di voli di 70 minuti con viste magnifiche durante il viaggio.\",\"breadcrumb\":{\"@id\":\"https:\/\/www.swissraft.ch\/it\/prodotto\/volo-aereo-da-berne-belp-hautes-alpes-o-lac-leman-et-gruyere-70-min-chf-31900\/#breadcrumb\"},\"inLanguage\":\"it-IT\",\"potentialAction\":[{\"@type\":\"ReadAction\",\"target\":[\"https:\/\/www.swissraft.ch\/it\/prodotto\/volo-aereo-da-berne-belp-hautes-alpes-o-lac-leman-et-gruyere-70-min-chf-31900\/\"]}]},{\"@type\":\"ImageObject\",\"inLanguage\":\"it-IT\",\"@id\":\"https:\/\/www.swissraft.ch\/it\/prodotto\/volo-aereo-da-berne-belp-hautes-alpes-o-lac-leman-et-gruyere-70-min-chf-31900\/#primaryimage\",\"url\":\"https:\/\/www.swissraft.ch\/wp-content\/uploads\/2023\/01\/4-Hochalpen-Rundflug-776x776-1.jpg\",\"contentUrl\":\"https:\/\/www.swissraft.ch\/wp-content\/uploads\/2023\/01\/4-Hochalpen-Rundflug-776x776-1.jpg\",\"width\":776,\"height\":776,\"caption\":\"Da Berna-Belp per un volo verso le Alte Alpi o il Lago di Ginevra e la Gruy\u00e8re\"},{\"@type\":\"BreadcrumbList\",\"@id\":\"https:\/\/www.swissraft.ch\/it\/prodotto\/volo-aereo-da-berne-belp-hautes-alpes-o-lac-leman-et-gruyere-70-min-chf-31900\/#breadcrumb\",\"itemListElement\":[{\"@type\":\"ListItem\",\"position\":1,\"name\":\"Accueil\",\"item\":\"https:\/\/www.swissraft.ch\/it\/\"},{\"@type\":\"ListItem\",\"position\":2,\"name\":\"Negozio\",\"item\":\"https:\/\/www.swissraft.ch\/it\/negozio\/\"},{\"@type\":\"ListItem\",\"position\":3,\"name\":\"Volo aereo da BERNE-BELP &#8211; HAUTES ALPES O LAC L\u00c9MAN ET GRUY\u00c8RE &#8211; 70 min. &#8211; CHF 319,00\"}]},{\"@type\":\"WebSite\",\"@id\":\"https:\/\/www.swissraft.ch\/it\/#website\",\"url\":\"https:\/\/www.swissraft.ch\/it\/\",\"name\":\"Swissraft\",\"description\":\"To enjoy nature as it is\",\"publisher\":{\"@id\":\"https:\/\/www.swissraft.ch\/it\/#organization\"},\"potentialAction\":[{\"@type\":\"SearchAction\",\"target\":{\"@type\":\"EntryPoint\",\"urlTemplate\":\"https:\/\/www.swissraft.ch\/it\/?s={search_term_string}\"},\"query-input\":{\"@type\":\"PropertyValueSpecification\",\"valueRequired\":true,\"valueName\":\"search_term_string\"}}],\"inLanguage\":\"it-IT\"},{\"@type\":\"Organization\",\"@id\":\"https:\/\/www.swissraft.ch\/it\/#organization\",\"name\":\"Swissraft\",\"url\":\"https:\/\/www.swissraft.ch\/it\/\",\"logo\":{\"@type\":\"ImageObject\",\"inLanguage\":\"it-IT\",\"@id\":\"https:\/\/www.swissraft.ch\/it\/#\/schema\/logo\/image\/\",\"url\":\"https:\/\/www.swissraft.ch\/wp-content\/uploads\/2025\/09\/Capture.jpg\",\"contentUrl\":\"https:\/\/www.swissraft.ch\/wp-content\/uploads\/2025\/09\/Capture.jpg\",\"width\":293,\"height\":108,\"caption\":\"Swissraft\"},\"image\":{\"@id\":\"https:\/\/www.swissraft.ch\/it\/#\/schema\/logo\/image\/\"}}]}<\/script>\n<!-- \/ Yoast SEO plugin. -->","yoast_head_json":{"title":"Alte Alpi o Lago di Ginevra e Gruy\u00e8re: due splendidi tour","description":"Alte Alpi o Lago di Ginevra e Gruy\u00e8re, due tour di piacere tra cui scegliere. Si tratta di voli di 70 minuti con viste magnifiche durante il viaggio.","robots":{"index":"index","follow":"follow","max-snippet":"max-snippet:-1","max-image-preview":"max-image-preview:large","max-video-preview":"max-video-preview:-1"},"canonical":"https:\/\/www.swissraft.ch\/it\/prodotto\/volo-aereo-da-berne-belp-hautes-alpes-o-lac-leman-et-gruyere-70-min-chf-31900\/","og_locale":"it_IT","og_type":"article","og_title":"Alte Alpi o Lago di Ginevra e Gruy\u00e8re: due splendidi tour","og_description":"Alte Alpi o Lago di Ginevra e Gruy\u00e8re, due tour di piacere tra cui scegliere. Si tratta di voli di 70 minuti con viste magnifiche durante il viaggio.","og_url":"https:\/\/www.swissraft.ch\/it\/prodotto\/volo-aereo-da-berne-belp-hautes-alpes-o-lac-leman-et-gruyere-70-min-chf-31900\/","og_site_name":"Swissraft","article_modified_time":"2024-11-20T08:32:14+00:00","og_image":[{"width":776,"height":776,"url":"https:\/\/www.swissraft.ch\/wp-content\/uploads\/2023\/01\/4-Hochalpen-Rundflug-776x776-1.jpg","type":"image\/jpeg"}],"twitter_card":"summary_large_image","schema":{"@context":"https:\/\/schema.org","@graph":[{"@type":"WebPage","@id":"https:\/\/www.swissraft.ch\/it\/prodotto\/volo-aereo-da-berne-belp-hautes-alpes-o-lac-leman-et-gruyere-70-min-chf-31900\/","url":"https:\/\/www.swissraft.ch\/it\/prodotto\/volo-aereo-da-berne-belp-hautes-alpes-o-lac-leman-et-gruyere-70-min-chf-31900\/","name":"Alte Alpi o Lago di Ginevra e Gruy\u00e8re: due splendidi tour","isPartOf":{"@id":"https:\/\/www.swissraft.ch\/it\/#website"},"primaryImageOfPage":{"@id":"https:\/\/www.swissraft.ch\/it\/prodotto\/volo-aereo-da-berne-belp-hautes-alpes-o-lac-leman-et-gruyere-70-min-chf-31900\/#primaryimage"},"image":{"@id":"https:\/\/www.swissraft.ch\/it\/prodotto\/volo-aereo-da-berne-belp-hautes-alpes-o-lac-leman-et-gruyere-70-min-chf-31900\/#primaryimage"},"thumbnailUrl":"https:\/\/www.swissraft.ch\/wp-content\/uploads\/2023\/01\/4-Hochalpen-Rundflug-776x776-1.jpg","datePublished":"2023-01-11T14:11:39+00:00","dateModified":"2024-11-20T08:32:14+00:00","description":"Alte Alpi o Lago di Ginevra e Gruy\u00e8re, due tour di piacere tra cui scegliere. Si tratta di voli di 70 minuti con viste magnifiche durante il viaggio.","breadcrumb":{"@id":"https:\/\/www.swissraft.ch\/it\/prodotto\/volo-aereo-da-berne-belp-hautes-alpes-o-lac-leman-et-gruyere-70-min-chf-31900\/#breadcrumb"},"inLanguage":"it-IT","potentialAction":[{"@type":"ReadAction","target":["https:\/\/www.swissraft.ch\/it\/prodotto\/volo-aereo-da-berne-belp-hautes-alpes-o-lac-leman-et-gruyere-70-min-chf-31900\/"]}]},{"@type":"ImageObject","inLanguage":"it-IT","@id":"https:\/\/www.swissraft.ch\/it\/prodotto\/volo-aereo-da-berne-belp-hautes-alpes-o-lac-leman-et-gruyere-70-min-chf-31900\/#primaryimage","url":"https:\/\/www.swissraft.ch\/wp-content\/uploads\/2023\/01\/4-Hochalpen-Rundflug-776x776-1.jpg","contentUrl":"https:\/\/www.swissraft.ch\/wp-content\/uploads\/2023\/01\/4-Hochalpen-Rundflug-776x776-1.jpg","width":776,"height":776,"caption":"Da Berna-Belp per un volo verso le Alte Alpi o il Lago di Ginevra e la Gruy\u00e8re"},{"@type":"BreadcrumbList","@id":"https:\/\/www.swissraft.ch\/it\/prodotto\/volo-aereo-da-berne-belp-hautes-alpes-o-lac-leman-et-gruyere-70-min-chf-31900\/#breadcrumb","itemListElement":[{"@type":"ListItem","position":1,"name":"Accueil","item":"https:\/\/www.swissraft.ch\/it\/"},{"@type":"ListItem","position":2,"name":"Negozio","item":"https:\/\/www.swissraft.ch\/it\/negozio\/"},{"@type":"ListItem","position":3,"name":"Volo aereo da BERNE-BELP &#8211; HAUTES ALPES O LAC L\u00c9MAN ET GRUY\u00c8RE &#8211; 70 min. &#8211; CHF 319,00"}]},{"@type":"WebSite","@id":"https:\/\/www.swissraft.ch\/it\/#website","url":"https:\/\/www.swissraft.ch\/it\/","name":"Swissraft","description":"To enjoy nature as it is","publisher":{"@id":"https:\/\/www.swissraft.ch\/it\/#organization"},"potentialAction":[{"@type":"SearchAction","target":{"@type":"EntryPoint","urlTemplate":"https:\/\/www.swissraft.ch\/it\/?s={search_term_string}"},"query-input":{"@type":"PropertyValueSpecification","valueRequired":true,"valueName":"search_term_string"}}],"inLanguage":"it-IT"},{"@type":"Organization","@id":"https:\/\/www.swissraft.ch\/it\/#organization","name":"Swissraft","url":"https:\/\/www.swissraft.ch\/it\/","logo":{"@type":"ImageObject","inLanguage":"it-IT","@id":"https:\/\/www.swissraft.ch\/it\/#\/schema\/logo\/image\/","url":"https:\/\/www.swissraft.ch\/wp-content\/uploads\/2025\/09\/Capture.jpg","contentUrl":"https:\/\/www.swissraft.ch\/wp-content\/uploads\/2025\/09\/Capture.jpg","width":293,"height":108,"caption":"Swissraft"},"image":{"@id":"https:\/\/www.swissraft.ch\/it\/#\/schema\/logo\/image\/"}}]}},"_links":{"self":[{"href":"https:\/\/www.swissraft.ch\/it\/wp-json\/wp\/v2\/product\/93107","targetHints":{"allow":["GET"]}}],"collection":[{"href":"https:\/\/www.swissraft.ch\/it\/wp-json\/wp\/v2\/product"}],"about":[{"href":"https:\/\/www.swissraft.ch\/it\/wp-json\/wp\/v2\/types\/product"}],"replies":[{"embeddable":true,"href":"https:\/\/www.swissraft.ch\/it\/wp-json\/wp\/v2\/comments?post=93107"}],"version-history":[{"count":0,"href":"https:\/\/www.swissraft.ch\/it\/wp-json\/wp\/v2\/product\/93107\/revisions"}],"wp:featuredmedia":[{"embeddable":true,"href":"https:\/\/www.swissraft.ch\/it\/wp-json\/wp\/v2\/media\/88007"}],"wp:attachment":[{"href":"https:\/\/www.swissraft.ch\/it\/wp-json\/wp\/v2\/media?parent=93107"}],"wp:term":[{"taxonomy":"product_cat","embeddable":true,"href":"https:\/\/www.swissraft.ch\/it\/wp-json\/wp\/v2\/product_cat?post=93107"},{"taxonomy":"product_tag","embeddable":true,"href":"https:\/\/www.swissraft.ch\/it\/wp-json\/wp\/v2\/product_tag?post=93107"}],"curies":[{"name":"wp","href":"https:\/\/api.w.org\/{rel}","templated":true}]}}