{"id":93099,"date":"2023-01-11T14:49:02","date_gmt":"2023-01-11T13:49:02","guid":{"rendered":"https:\/\/swissraft.xyanzkdne.eu\/product\/volo-aereo-da-berne-belp-i-laghi-della-regione-30-min-chf-15200\/"},"modified":"2024-11-20T09:32:15","modified_gmt":"2024-11-20T08:32:15","slug":"volo-aereo-da-berne-belp-i-laghi-della-regione-30-min-chf-15200","status":"publish","type":"product","link":"https:\/\/www.swissraft.ch\/it\/prodotto\/volo-aereo-da-berne-belp-i-laghi-della-regione-30-min-chf-15200\/","title":{"rendered":"Volo aereo da BERNE-BELP &#8211; I LAGHI DELLA REGIONE &#8211; 30 min. &#8211; CHF 152,00"},"content":{"rendered":"\t\t<div data-elementor-type=\"wp-post\" data-elementor-id=\"93099\" class=\"elementor elementor-93099 elementor-30305\">\n\t\t\t\t\t\t\t\t\t<section class=\"elementor-section elementor-top-section elementor-element elementor-element-3303a7e3 elementor-section-boxed elementor-section-height-default elementor-section-height-default\" data-id=\"3303a7e3\" data-element_type=\"section\">\n\t\t\t\t\t\t<div class=\"elementor-container elementor-column-gap-default\">\n\t\t\t\t\t<div class=\"elementor-column elementor-col-100 elementor-top-column elementor-element elementor-element-16d72dbf\" data-id=\"16d72dbf\" data-element_type=\"column\">\n\t\t\t<div class=\"elementor-widget-wrap elementor-element-populated\">\n\t\t\t\t\t\t\t\t<div class=\"elementor-element elementor-element-d743c03 elementor-widget elementor-widget-text-editor\" data-id=\"d743c03\" data-element_type=\"widget\" data-widget_type=\"text-editor.default\">\n\t\t\t\t<div class=\"elementor-widget-container\">\n\t\t\t\t\t\t\t<h2>SCEGLI LA TUA ATTIVIT\u00c0 QUI SOTTO PER OFFRIRE BUONI REGALO\/BIGLIETTI O EFFETTUARE UNA PRENOTAZIONE<\/h2>\n<table border=\"0\" width=\"580\" cellspacing=\"10\" cellpadding=\"10\">\n<tbody>\n<tr>\n<td width=\"50%\"><strong>I LAGHI DELLA REGIONE &#8211; 30 min.<\/strong><\/td>\n<td><strong>CHF 152,00 a persona<span class=\"productPrice\"><br \/><\/span><\/strong><\/td>\n<\/tr>\n<tr>\n<td>Informazioni aggiuntive<\/td>\n<td>&#8211; Sarai con altri passeggeri &#8211;<span class=\"patt\"> Massimo 3 persone.<\/span><\/td>\n<\/tr>\n<tr>\n<td>Aeroporto<\/td>\n<td><a href=\"https:\/\/www.google.com\/maps\/place\/46%C2%B054'42.7%22N+7%C2%B030'12.1%22E\/@46.9123669,7.4941803,1542m\/data=!3m1!1e3!4m4!3m3!8m2!3d46.9118611!4d7.5033611?entry=ttu\" target=\"_blank\" rel=\"noopener\">Berna-Belp<\/a><\/td>\n<\/tr>\n<tr>\n<td>Tempo di volo<\/td>\n<td>30 min.<\/td>\n<\/tr>\n<tr>\n<td>Durata totale<\/td>\n<td>circa 1 ora<\/td>\n<\/tr>\n<tr>\n<td>Appuntamento<\/td>\n<td>Per telefono<\/td>\n<\/tr>\n<tr>\n<td><button class=\"elementor-button\" type=\"button\"><a href=\"https:\/\/swissraft.outdoorbooking.ch\/fo\/products\/161?base_id=108&amp;category_id=22&amp;order_type=gift_voucher&amp;lang=it\" target=\"_blank\" rel=\"noopener\">BUONO REGALO<\/a><\/button><\/td>\n<td><strong>CHF 152,00 &#8211; Lago di Thun (1 persona)<\/strong><\/td>\n<\/tr>\n<tr>\n<td><button class=\"elementor-button\" type=\"button\"><a href=\"https:\/\/swissraft.outdoorbooking.ch\/fo\/products\/163?base_id=108&amp;category_id=22&amp;order_type=gift_voucher&amp;lang=it\" target=\"_blank\" rel=\"noopener\">BUONO REGALO<\/a><\/button><\/td>\n<td><strong>CHF 152,00 &#8211; Laghi del Giura (1 persona)<\/strong><\/td>\n<\/tr>\n<tr>\n<td> <\/td>\n<td>Per effettuare una prenotazione <span class=\"patt\" style=\"font-family: inherit; font-size: inherit;\"><span class=\"plbl\"><span class=\"patt\"><a href=\"https:\/\/www.swissraft.ch\/it\/contattaci\/\">contattaci<\/a><\/span><\/span><\/span><\/td>\n<\/tr>\n<\/tbody>\n<\/table>\n\t\t\t\t\t\t<\/div>\n\t\t\t\t<\/div>\n\t\t\t\t\t<\/div>\n\t\t<\/div>\n\t\t\t\t\t\t\t<\/div>\n\t\t<\/section>\n\t\t\t\t\t\t\t<\/div>\n\t\t","protected":false},"excerpt":{"rendered":"<div align=\"justify\">\n<h2 align=\"justify\">Prendi un volo di piacere in aereo per un tour dei laghi dall&#8217;aeroporto di Berna-Belp<\/h2>\n<h3>Sorvola la regione dei 3 laghi con uno dei nostri aerei a tuo piacimento.<\/h3>\n<\/div>\n<div align=\"justify\">\n<p>Decolla da Berna-Belp con uno dei nostri aerei diretti al Lago di Thun. Questo volo di 30 minuti si svolge a un&#8217;altitudine di 1.500 metri sul livello del mare. Nelle giornate limpide, potrai godere di splendide viste sulle Prealpi e sulle Alpi Bernesi. L&#8217;itinerario dei laghi del Giura ti porta al Lac de Morat, al Lac de Neuch\u00e2tel e al Lac de Bienne. Sempre ad un&#8217;altitudine di 1.500 m sul livello del mare, puoi vedere tutta la Svizzera centrale fino al Lago di Ginevra.<\/p>\n<h3>Il nostro sito web Swissraft offre pi\u00f9 di 35 itinerari di volo di piacere.<\/h3>\n<p id=\"textarea\" style=\"display: none;\">\nAbbiamo anche voli turistici dall&#8217;aerodromo di Biel, nel cantone di Berna. Offriamo anche voli dall&#8217;aeroporto di Buttwil ad Argovia. Ma anche nel cantone di Soletta dall&#8217;aeroporto di Grenchen. Offriamo anche voli di piacere nel cantone di Friburgo, con partenza dall&#8217;aerodromo di \u00c9pagny en Gruy\u00e8re. Offriamo anche voli di piacere nel Canton Moritz. Gall in Sch\u00e4nis.\n<\/p>\n<p><a id=\"seeMore\" onclick=\"toggleSeeMore()\" href=\"javascript:void(0);\">Leggi tutto<\/a><\/p>\n","protected":false},"featured_media":88025,"comment_status":"open","ping_status":"closed","template":"","meta":{"inline_featured_image":false,"_mi_skip_tracking":false},"product_cat":[463,423],"product_tag":[],"class_list":["post-93099","product","type-product","status-publish","has-post-thumbnail","hentry","product_cat-aereo-berne-belp","product_cat-voli"],"yoast_head":"<!-- This site is optimized with the Yoast SEO plugin v23.6 - https:\/\/yoast.com\/wordpress\/plugins\/seo\/ -->\n<title>I laghi della regione da Berna-Belp con un volo di 30 minuti<\/title>\n<meta name=\"description\" content=\"I laghi della regione da Berna-Belp, un volo di 30 minuti sui laghi della regione. Puoi scegliere tra il lago di Thun e i laghi del Giura.\" \/>\n<meta name=\"robots\" content=\"index, follow, max-snippet:-1, max-image-preview:large, max-video-preview:-1\" \/>\n<link rel=\"canonical\" href=\"https:\/\/www.swissraft.ch\/it\/prodotto\/volo-aereo-da-berne-belp-i-laghi-della-regione-30-min-chf-15200\/\" \/>\n<meta property=\"og:locale\" content=\"it_IT\" \/>\n<meta property=\"og:type\" content=\"article\" \/>\n<meta property=\"og:title\" content=\"I laghi della regione da Berna-Belp con un volo di 30 minuti\" \/>\n<meta property=\"og:description\" content=\"I laghi della regione da Berna-Belp, un volo di 30 minuti sui laghi della regione. Puoi scegliere tra il lago di Thun e i laghi del Giura.\" \/>\n<meta property=\"og:url\" content=\"https:\/\/www.swissraft.ch\/it\/prodotto\/volo-aereo-da-berne-belp-i-laghi-della-regione-30-min-chf-15200\/\" \/>\n<meta property=\"og:site_name\" content=\"Swissraft\" \/>\n<meta property=\"article:modified_time\" content=\"2024-11-20T08:32:15+00:00\" \/>\n<meta property=\"og:image\" content=\"https:\/\/www.swissraft.ch\/wp-content\/uploads\/2023\/01\/2-BERN-BELP-Die-Seen-Rundflug-776x776-1.jpg\" \/>\n\t<meta property=\"og:image:width\" content=\"776\" \/>\n\t<meta property=\"og:image:height\" content=\"776\" \/>\n\t<meta property=\"og:image:type\" content=\"image\/jpeg\" \/>\n<meta name=\"twitter:card\" content=\"summary_large_image\" \/>\n<script type=\"application\/ld+json\" class=\"yoast-schema-graph\">{\"@context\":\"https:\/\/schema.org\",\"@graph\":[{\"@type\":\"WebPage\",\"@id\":\"https:\/\/www.swissraft.ch\/it\/prodotto\/volo-aereo-da-berne-belp-i-laghi-della-regione-30-min-chf-15200\/\",\"url\":\"https:\/\/www.swissraft.ch\/it\/prodotto\/volo-aereo-da-berne-belp-i-laghi-della-regione-30-min-chf-15200\/\",\"name\":\"I laghi della regione da Berna-Belp con un volo di 30 minuti\",\"isPartOf\":{\"@id\":\"https:\/\/www.swissraft.ch\/it\/#website\"},\"primaryImageOfPage\":{\"@id\":\"https:\/\/www.swissraft.ch\/it\/prodotto\/volo-aereo-da-berne-belp-i-laghi-della-regione-30-min-chf-15200\/#primaryimage\"},\"image\":{\"@id\":\"https:\/\/www.swissraft.ch\/it\/prodotto\/volo-aereo-da-berne-belp-i-laghi-della-regione-30-min-chf-15200\/#primaryimage\"},\"thumbnailUrl\":\"https:\/\/www.swissraft.ch\/wp-content\/uploads\/2023\/01\/2-BERN-BELP-Die-Seen-Rundflug-776x776-1.jpg\",\"datePublished\":\"2023-01-11T13:49:02+00:00\",\"dateModified\":\"2024-11-20T08:32:15+00:00\",\"description\":\"I laghi della regione da Berna-Belp, un volo di 30 minuti sui laghi della regione. Puoi scegliere tra il lago di Thun e i laghi del Giura.\",\"breadcrumb\":{\"@id\":\"https:\/\/www.swissraft.ch\/it\/prodotto\/volo-aereo-da-berne-belp-i-laghi-della-regione-30-min-chf-15200\/#breadcrumb\"},\"inLanguage\":\"it-IT\",\"potentialAction\":[{\"@type\":\"ReadAction\",\"target\":[\"https:\/\/www.swissraft.ch\/it\/prodotto\/volo-aereo-da-berne-belp-i-laghi-della-regione-30-min-chf-15200\/\"]}]},{\"@type\":\"ImageObject\",\"inLanguage\":\"it-IT\",\"@id\":\"https:\/\/www.swissraft.ch\/it\/prodotto\/volo-aereo-da-berne-belp-i-laghi-della-regione-30-min-chf-15200\/#primaryimage\",\"url\":\"https:\/\/www.swissraft.ch\/wp-content\/uploads\/2023\/01\/2-BERN-BELP-Die-Seen-Rundflug-776x776-1.jpg\",\"contentUrl\":\"https:\/\/www.swissraft.ch\/wp-content\/uploads\/2023\/01\/2-BERN-BELP-Die-Seen-Rundflug-776x776-1.jpg\",\"width\":776,\"height\":776,\"caption\":\"Sorvolo dei 3 laghi da Berna-Belp in aereo\"},{\"@type\":\"BreadcrumbList\",\"@id\":\"https:\/\/www.swissraft.ch\/it\/prodotto\/volo-aereo-da-berne-belp-i-laghi-della-regione-30-min-chf-15200\/#breadcrumb\",\"itemListElement\":[{\"@type\":\"ListItem\",\"position\":1,\"name\":\"Accueil\",\"item\":\"https:\/\/www.swissraft.ch\/it\/\"},{\"@type\":\"ListItem\",\"position\":2,\"name\":\"Negozio\",\"item\":\"https:\/\/www.swissraft.ch\/it\/negozio\/\"},{\"@type\":\"ListItem\",\"position\":3,\"name\":\"Volo aereo da BERNE-BELP &#8211; I LAGHI DELLA REGIONE &#8211; 30 min. &#8211; CHF 152,00\"}]},{\"@type\":\"WebSite\",\"@id\":\"https:\/\/www.swissraft.ch\/it\/#website\",\"url\":\"https:\/\/www.swissraft.ch\/it\/\",\"name\":\"Swissraft\",\"description\":\"To enjoy nature as it is\",\"publisher\":{\"@id\":\"https:\/\/www.swissraft.ch\/it\/#organization\"},\"potentialAction\":[{\"@type\":\"SearchAction\",\"target\":{\"@type\":\"EntryPoint\",\"urlTemplate\":\"https:\/\/www.swissraft.ch\/it\/?s={search_term_string}\"},\"query-input\":{\"@type\":\"PropertyValueSpecification\",\"valueRequired\":true,\"valueName\":\"search_term_string\"}}],\"inLanguage\":\"it-IT\"},{\"@type\":\"Organization\",\"@id\":\"https:\/\/www.swissraft.ch\/it\/#organization\",\"name\":\"Swissraft\",\"url\":\"https:\/\/www.swissraft.ch\/it\/\",\"logo\":{\"@type\":\"ImageObject\",\"inLanguage\":\"it-IT\",\"@id\":\"https:\/\/www.swissraft.ch\/it\/#\/schema\/logo\/image\/\",\"url\":\"https:\/\/www.swissraft.ch\/wp-content\/uploads\/2025\/09\/Capture.jpg\",\"contentUrl\":\"https:\/\/www.swissraft.ch\/wp-content\/uploads\/2025\/09\/Capture.jpg\",\"width\":293,\"height\":108,\"caption\":\"Swissraft\"},\"image\":{\"@id\":\"https:\/\/www.swissraft.ch\/it\/#\/schema\/logo\/image\/\"}}]}<\/script>\n<!-- \/ Yoast SEO plugin. -->","yoast_head_json":{"title":"I laghi della regione da Berna-Belp con un volo di 30 minuti","description":"I laghi della regione da Berna-Belp, un volo di 30 minuti sui laghi della regione. Puoi scegliere tra il lago di Thun e i laghi del Giura.","robots":{"index":"index","follow":"follow","max-snippet":"max-snippet:-1","max-image-preview":"max-image-preview:large","max-video-preview":"max-video-preview:-1"},"canonical":"https:\/\/www.swissraft.ch\/it\/prodotto\/volo-aereo-da-berne-belp-i-laghi-della-regione-30-min-chf-15200\/","og_locale":"it_IT","og_type":"article","og_title":"I laghi della regione da Berna-Belp con un volo di 30 minuti","og_description":"I laghi della regione da Berna-Belp, un volo di 30 minuti sui laghi della regione. Puoi scegliere tra il lago di Thun e i laghi del Giura.","og_url":"https:\/\/www.swissraft.ch\/it\/prodotto\/volo-aereo-da-berne-belp-i-laghi-della-regione-30-min-chf-15200\/","og_site_name":"Swissraft","article_modified_time":"2024-11-20T08:32:15+00:00","og_image":[{"width":776,"height":776,"url":"https:\/\/www.swissraft.ch\/wp-content\/uploads\/2023\/01\/2-BERN-BELP-Die-Seen-Rundflug-776x776-1.jpg","type":"image\/jpeg"}],"twitter_card":"summary_large_image","schema":{"@context":"https:\/\/schema.org","@graph":[{"@type":"WebPage","@id":"https:\/\/www.swissraft.ch\/it\/prodotto\/volo-aereo-da-berne-belp-i-laghi-della-regione-30-min-chf-15200\/","url":"https:\/\/www.swissraft.ch\/it\/prodotto\/volo-aereo-da-berne-belp-i-laghi-della-regione-30-min-chf-15200\/","name":"I laghi della regione da Berna-Belp con un volo di 30 minuti","isPartOf":{"@id":"https:\/\/www.swissraft.ch\/it\/#website"},"primaryImageOfPage":{"@id":"https:\/\/www.swissraft.ch\/it\/prodotto\/volo-aereo-da-berne-belp-i-laghi-della-regione-30-min-chf-15200\/#primaryimage"},"image":{"@id":"https:\/\/www.swissraft.ch\/it\/prodotto\/volo-aereo-da-berne-belp-i-laghi-della-regione-30-min-chf-15200\/#primaryimage"},"thumbnailUrl":"https:\/\/www.swissraft.ch\/wp-content\/uploads\/2023\/01\/2-BERN-BELP-Die-Seen-Rundflug-776x776-1.jpg","datePublished":"2023-01-11T13:49:02+00:00","dateModified":"2024-11-20T08:32:15+00:00","description":"I laghi della regione da Berna-Belp, un volo di 30 minuti sui laghi della regione. Puoi scegliere tra il lago di Thun e i laghi del Giura.","breadcrumb":{"@id":"https:\/\/www.swissraft.ch\/it\/prodotto\/volo-aereo-da-berne-belp-i-laghi-della-regione-30-min-chf-15200\/#breadcrumb"},"inLanguage":"it-IT","potentialAction":[{"@type":"ReadAction","target":["https:\/\/www.swissraft.ch\/it\/prodotto\/volo-aereo-da-berne-belp-i-laghi-della-regione-30-min-chf-15200\/"]}]},{"@type":"ImageObject","inLanguage":"it-IT","@id":"https:\/\/www.swissraft.ch\/it\/prodotto\/volo-aereo-da-berne-belp-i-laghi-della-regione-30-min-chf-15200\/#primaryimage","url":"https:\/\/www.swissraft.ch\/wp-content\/uploads\/2023\/01\/2-BERN-BELP-Die-Seen-Rundflug-776x776-1.jpg","contentUrl":"https:\/\/www.swissraft.ch\/wp-content\/uploads\/2023\/01\/2-BERN-BELP-Die-Seen-Rundflug-776x776-1.jpg","width":776,"height":776,"caption":"Sorvolo dei 3 laghi da Berna-Belp in aereo"},{"@type":"BreadcrumbList","@id":"https:\/\/www.swissraft.ch\/it\/prodotto\/volo-aereo-da-berne-belp-i-laghi-della-regione-30-min-chf-15200\/#breadcrumb","itemListElement":[{"@type":"ListItem","position":1,"name":"Accueil","item":"https:\/\/www.swissraft.ch\/it\/"},{"@type":"ListItem","position":2,"name":"Negozio","item":"https:\/\/www.swissraft.ch\/it\/negozio\/"},{"@type":"ListItem","position":3,"name":"Volo aereo da BERNE-BELP &#8211; I LAGHI DELLA REGIONE &#8211; 30 min. &#8211; CHF 152,00"}]},{"@type":"WebSite","@id":"https:\/\/www.swissraft.ch\/it\/#website","url":"https:\/\/www.swissraft.ch\/it\/","name":"Swissraft","description":"To enjoy nature as it is","publisher":{"@id":"https:\/\/www.swissraft.ch\/it\/#organization"},"potentialAction":[{"@type":"SearchAction","target":{"@type":"EntryPoint","urlTemplate":"https:\/\/www.swissraft.ch\/it\/?s={search_term_string}"},"query-input":{"@type":"PropertyValueSpecification","valueRequired":true,"valueName":"search_term_string"}}],"inLanguage":"it-IT"},{"@type":"Organization","@id":"https:\/\/www.swissraft.ch\/it\/#organization","name":"Swissraft","url":"https:\/\/www.swissraft.ch\/it\/","logo":{"@type":"ImageObject","inLanguage":"it-IT","@id":"https:\/\/www.swissraft.ch\/it\/#\/schema\/logo\/image\/","url":"https:\/\/www.swissraft.ch\/wp-content\/uploads\/2025\/09\/Capture.jpg","contentUrl":"https:\/\/www.swissraft.ch\/wp-content\/uploads\/2025\/09\/Capture.jpg","width":293,"height":108,"caption":"Swissraft"},"image":{"@id":"https:\/\/www.swissraft.ch\/it\/#\/schema\/logo\/image\/"}}]}},"_links":{"self":[{"href":"https:\/\/www.swissraft.ch\/it\/wp-json\/wp\/v2\/product\/93099","targetHints":{"allow":["GET"]}}],"collection":[{"href":"https:\/\/www.swissraft.ch\/it\/wp-json\/wp\/v2\/product"}],"about":[{"href":"https:\/\/www.swissraft.ch\/it\/wp-json\/wp\/v2\/types\/product"}],"replies":[{"embeddable":true,"href":"https:\/\/www.swissraft.ch\/it\/wp-json\/wp\/v2\/comments?post=93099"}],"version-history":[{"count":0,"href":"https:\/\/www.swissraft.ch\/it\/wp-json\/wp\/v2\/product\/93099\/revisions"}],"wp:featuredmedia":[{"embeddable":true,"href":"https:\/\/www.swissraft.ch\/it\/wp-json\/wp\/v2\/media\/88025"}],"wp:attachment":[{"href":"https:\/\/www.swissraft.ch\/it\/wp-json\/wp\/v2\/media?parent=93099"}],"wp:term":[{"taxonomy":"product_cat","embeddable":true,"href":"https:\/\/www.swissraft.ch\/it\/wp-json\/wp\/v2\/product_cat?post=93099"},{"taxonomy":"product_tag","embeddable":true,"href":"https:\/\/www.swissraft.ch\/it\/wp-json\/wp\/v2\/product_tag?post=93099"}],"curies":[{"name":"wp","href":"https:\/\/api.w.org\/{rel}","templated":true}]}}