{"id":93074,"date":"2023-01-11T14:07:00","date_gmt":"2023-01-11T13:07:00","guid":{"rendered":"https:\/\/swissraft.xyanzkdne.eu\/product\/volo-aereo-da-buttwil-la-jungfrau-90-min-a-partire-da-chf-27000\/"},"modified":"2024-11-20T09:32:02","modified_gmt":"2024-11-20T08:32:02","slug":"volo-aereo-da-buttwil-la-jungfrau-90-min-a-partire-da-chf-27000","status":"publish","type":"product","link":"https:\/\/www.swissraft.ch\/it\/prodotto\/volo-aereo-da-buttwil-la-jungfrau-90-min-a-partire-da-chf-27000\/","title":{"rendered":"Volo aereo da BUTTWIL &#8211; LA JUNGFRAU &#8211; 90 min. &#8211; A partire da CHF 270,00"},"content":{"rendered":"\t\t<div data-elementor-type=\"wp-post\" data-elementor-id=\"93074\" class=\"elementor elementor-93074 elementor-30288\">\n\t\t\t\t\t\t\t\t\t<section class=\"elementor-section elementor-top-section elementor-element elementor-element-3303a7e3 elementor-section-boxed elementor-section-height-default elementor-section-height-default\" data-id=\"3303a7e3\" data-element_type=\"section\">\n\t\t\t\t\t\t<div class=\"elementor-container elementor-column-gap-default\">\n\t\t\t\t\t<div class=\"elementor-column elementor-col-100 elementor-top-column elementor-element elementor-element-16d72dbf\" data-id=\"16d72dbf\" data-element_type=\"column\">\n\t\t\t<div class=\"elementor-widget-wrap elementor-element-populated\">\n\t\t\t\t\t\t\t\t<div class=\"elementor-element elementor-element-d743c03 elementor-widget elementor-widget-text-editor\" data-id=\"d743c03\" data-element_type=\"widget\" data-widget_type=\"text-editor.default\">\n\t\t\t\t<div class=\"elementor-widget-container\">\n\t\t\t\t\t\t\t<h2>SCEGLI LA TUA ATTIVIT\u00c0 QUI SOTTO PER OFFRIRE BUONI REGALO\/BIGLIETTI O EFFETTUARE UNA PRENOTAZIONE<\/h2>\n<table border=\"0\" width=\"580\" cellspacing=\"10\" cellpadding=\"10\">\n<tbody>\n<tr>\n<td width=\"50%\"><strong>LA JUNGFRAU &#8211; (1-3 pers.) &#8211; 90 min.<\/strong><\/td>\n<td><strong>A partire da CHF 270,00 a persona<span class=\"productPrice\"><br \/><\/span><\/strong><\/td>\n<\/tr>\n<tr>\n<td>Informazioni aggiuntive<\/td>\n<td><span class=\"patt\">&#8211; Sarai con altri passeggeri<br \/><\/span><span class=\"patt\">&#8211; Bambini dai 5 ai 12 anni<br \/><\/span><span class=\"patt\">&#8211; Massimo 3 persone<\/span><\/td>\n<\/tr>\n<tr>\n<td>Campo d&#8217;aviazione<\/td>\n<td><a href=\"https:\/\/www.google.com\/maps\/place\/47%C2%B015'51.5%22N+8%C2%B018'05.7%22E\/@47.2643994,8.29713,766m\/data=!3m1!1e3!4m4!3m3!8m2!3d47.2643056!4d8.3015833?entry=ttu\" target=\"_blank\" rel=\"noopener\">Buttwil<\/a><\/td>\n<\/tr>\n<tr>\n<td>Tempo di volo<\/td>\n<td>90 minuti.<\/td>\n<\/tr>\n<tr>\n<td>Durata totale<\/td>\n<td>circa 2 ore<\/td>\n<\/tr>\n<tr>\n<td>Appuntamento<\/td>\n<td>Per telefono<\/td>\n<\/tr>\n<tr>\n<td><button class=\"elementor-button\" type=\"button\"><a href=\"https:\/\/swissraft.outdoorbooking.ch\/fo\/products\/208?base_id=25&amp;category_id=22&amp;order_type=gift_voucher&amp;lang=it\" target=\"_blank\" rel=\"noopener\">BUONO REGALO<\/a><\/button><\/td>\n<td><strong>CHF 270,00 &#8211; 90 min. (1 persona) <\/strong><\/td>\n<\/tr>\n<tr>\n<td><button class=\"elementor-button\" type=\"button\"><a href=\"https:\/\/swissraft.outdoorbooking.ch\/fo\/products\/409?base_id=106&amp;category_id=22&amp;order_type=gift_voucher&amp;lang=it\" target=\"_blank\" rel=\"noopener\">BUONO REGALO<\/a><\/button><\/td>\n<td><strong>CHF 540,00 &#8211; 90 min. (2 pers.) <\/strong><\/td>\n<\/tr>\n<tr>\n<td><button class=\"elementor-button\" type=\"button\"><a href=\"https:\/\/swissraft.outdoorbooking.ch\/fo\/products\/403?base_id=101&amp;category_id=22&amp;order_type=gift_voucher&amp;lang=it\" target=\"_blank\" rel=\"noopener\">BUONO REGALO<\/a><\/button><\/td>\n<td><strong>CHF 675,00 &#8211; VOLO PRIVATO &#8211; 90 min. (2 adulti + 1 bambino) <\/strong><\/td>\n<\/tr>\n<tr>\n<td><button class=\"elementor-button\" type=\"button\"><a href=\"https:\/\/swissraft.outdoorbooking.ch\/fo\/products\/416?base_id=107&amp;category_id=22&amp;order_type=gift_voucher&amp;lang=it\" target=\"_blank\" rel=\"noopener\">BUONO REGALO<\/a><\/button><\/td>\n<td><strong>CHF 810,00 &#8211; VOLO PRIVATO &#8211; 90 min. (3 pers.) <\/strong><\/td>\n<\/tr>\n<tr>\n<td> <\/td>\n<td>Per effettuare una prenotazione <span class=\"patt\" style=\"font-family: inherit; font-size: inherit;\"><span class=\"plbl\"><span class=\"patt\"><a href=\"https:\/\/www.swissraft.ch\/it\/contattaci\/\">contattaci<\/a><\/span><\/span><\/span><\/td>\n<\/tr>\n<\/tbody>\n<\/table>\n\t\t\t\t\t\t<\/div>\n\t\t\t\t<\/div>\n\t\t\t\t\t<\/div>\n\t\t<\/div>\n\t\t\t\t\t\t\t<\/div>\n\t\t<\/section>\n\t\t\t\t\t\t\t<\/div>\n\t\t","protected":false},"excerpt":{"rendered":"<div align=\"justify\">\n<h2 align=\"justify\">Parti da Buttwil per un volo di 90 minuti verso la Jungfrau.<\/h2>\n<h3>Sorvolerai le Alpi Bernesi e le loro vette che culminano ad un&#8217;altitudine di oltre 4000 m.<\/h3>\n<\/div>\n<div align=\"justify\">\n<p>Questo volo di 90 minuti ti porter\u00e0 a sorvolare le montagne dell&#8217;Oberland Bernese. \u00c8 un&#8217;esperienza indimenticabile. Vola per 45 minuti e alla fine sei molto vicino al massiccio dell&#8217;Eiger, del M\u00f6nch e della Jungfrau. Per il volo di ritorno, volerai lungo l&#8217;imponente massiccio che culmina a 4158 metri. Poi continuerai il tuo volo e sorvolerai il Sustenhorn, culminando a 3502 m. Poi c&#8217;\u00e8 il Titlis, che culmina a 3238 m, che si sorvola prima di atterrare nuovamente a Buttwil.<\/p>\n<h3>Sul nostro sito web Swissraft troverai pi\u00f9 di 35 voli in aerei passeggeri. Hai qualche domanda? Chiamaci e saremo felici di aiutarti.  <\/h3>\n<p id=\"textarea\" style=\"display: none;\">\nDecolliamo anche dall&#8217;aeroporto internazionale di Berna-Belp per voli turistici con aerei da turismo. Da un lato, decolliamo dall&#8217;aerodromo di Biel. Offriamo anche voli di piacere da Grenchen, nel cantone di Soletta. Abbiamo anche voli turistici in partenza da \u00c9pagny en Gruy\u00e8re. Decolliamo anche con aerei passeggeri dall&#8217;aerodromo di Sch\u00e4nis.\n<\/p>\n<p><a id=\"seeMore\" onclick=\"toggleSeeMore()\" href=\"javascript:void(0);\">Leggi tutto<\/a><\/p>\n","protected":false},"featured_media":88295,"comment_status":"open","ping_status":"closed","template":"","meta":{"inline_featured_image":false,"_mi_skip_tracking":false},"product_cat":[558,423],"product_tag":[],"class_list":["post-93074","product","type-product","status-publish","has-post-thumbnail","hentry","product_cat-aereo-buttwil","product_cat-voli"],"yoast_head":"<!-- This site is optimized with the Yoast SEO plugin v23.6 - https:\/\/yoast.com\/wordpress\/plugins\/seo\/ -->\n<title>La Jungfrau in aereo da Buttwil. 90 minuti di volo<\/title>\n<meta name=\"description\" content=\"La Jungfrau in aereo da Buttwil. Questo volo di 90 minuti ti porter\u00e0 a sorvolare le vette di 4000 metri delle Alpi Bernesi.\" \/>\n<meta name=\"robots\" content=\"index, follow, max-snippet:-1, max-image-preview:large, max-video-preview:-1\" \/>\n<link rel=\"canonical\" href=\"https:\/\/www.swissraft.ch\/it\/prodotto\/volo-aereo-da-buttwil-la-jungfrau-90-min-a-partire-da-chf-27000\/\" \/>\n<meta property=\"og:locale\" content=\"it_IT\" \/>\n<meta property=\"og:type\" content=\"article\" \/>\n<meta property=\"og:title\" content=\"La Jungfrau in aereo da Buttwil. 90 minuti di volo\" \/>\n<meta property=\"og:description\" content=\"La Jungfrau in aereo da Buttwil. Questo volo di 90 minuti ti porter\u00e0 a sorvolare le vette di 4000 metri delle Alpi Bernesi.\" \/>\n<meta property=\"og:url\" content=\"https:\/\/www.swissraft.ch\/it\/prodotto\/volo-aereo-da-buttwil-la-jungfrau-90-min-a-partire-da-chf-27000\/\" \/>\n<meta property=\"og:site_name\" content=\"Swissraft\" \/>\n<meta property=\"article:modified_time\" content=\"2024-11-20T08:32:02+00:00\" \/>\n<meta property=\"og:image\" content=\"https:\/\/www.swissraft.ch\/wp-content\/uploads\/2023\/01\/6-BUTTWIL-Jungfrau-776x776-2.jpg\" \/>\n\t<meta property=\"og:image:width\" content=\"776\" \/>\n\t<meta property=\"og:image:height\" content=\"776\" \/>\n\t<meta property=\"og:image:type\" content=\"image\/jpeg\" \/>\n<meta name=\"twitter:card\" content=\"summary_large_image\" \/>\n<script type=\"application\/ld+json\" class=\"yoast-schema-graph\">{\"@context\":\"https:\/\/schema.org\",\"@graph\":[{\"@type\":\"WebPage\",\"@id\":\"https:\/\/www.swissraft.ch\/it\/prodotto\/volo-aereo-da-buttwil-la-jungfrau-90-min-a-partire-da-chf-27000\/\",\"url\":\"https:\/\/www.swissraft.ch\/it\/prodotto\/volo-aereo-da-buttwil-la-jungfrau-90-min-a-partire-da-chf-27000\/\",\"name\":\"La Jungfrau in aereo da Buttwil. 90 minuti di volo\",\"isPartOf\":{\"@id\":\"https:\/\/www.swissraft.ch\/it\/#website\"},\"primaryImageOfPage\":{\"@id\":\"https:\/\/www.swissraft.ch\/it\/prodotto\/volo-aereo-da-buttwil-la-jungfrau-90-min-a-partire-da-chf-27000\/#primaryimage\"},\"image\":{\"@id\":\"https:\/\/www.swissraft.ch\/it\/prodotto\/volo-aereo-da-buttwil-la-jungfrau-90-min-a-partire-da-chf-27000\/#primaryimage\"},\"thumbnailUrl\":\"https:\/\/www.swissraft.ch\/wp-content\/uploads\/2023\/01\/6-BUTTWIL-Jungfrau-776x776-2.jpg\",\"datePublished\":\"2023-01-11T13:07:00+00:00\",\"dateModified\":\"2024-11-20T08:32:02+00:00\",\"description\":\"La Jungfrau in aereo da Buttwil. Questo volo di 90 minuti ti porter\u00e0 a sorvolare le vette di 4000 metri delle Alpi Bernesi.\",\"breadcrumb\":{\"@id\":\"https:\/\/www.swissraft.ch\/it\/prodotto\/volo-aereo-da-buttwil-la-jungfrau-90-min-a-partire-da-chf-27000\/#breadcrumb\"},\"inLanguage\":\"it-IT\",\"potentialAction\":[{\"@type\":\"ReadAction\",\"target\":[\"https:\/\/www.swissraft.ch\/it\/prodotto\/volo-aereo-da-buttwil-la-jungfrau-90-min-a-partire-da-chf-27000\/\"]}]},{\"@type\":\"ImageObject\",\"inLanguage\":\"it-IT\",\"@id\":\"https:\/\/www.swissraft.ch\/it\/prodotto\/volo-aereo-da-buttwil-la-jungfrau-90-min-a-partire-da-chf-27000\/#primaryimage\",\"url\":\"https:\/\/www.swissraft.ch\/wp-content\/uploads\/2023\/01\/6-BUTTWIL-Jungfrau-776x776-2.jpg\",\"contentUrl\":\"https:\/\/www.swissraft.ch\/wp-content\/uploads\/2023\/01\/6-BUTTWIL-Jungfrau-776x776-2.jpg\",\"width\":776,\"height\":776,\"caption\":\"Volo per la Jungfrau da Buttwil\"},{\"@type\":\"BreadcrumbList\",\"@id\":\"https:\/\/www.swissraft.ch\/it\/prodotto\/volo-aereo-da-buttwil-la-jungfrau-90-min-a-partire-da-chf-27000\/#breadcrumb\",\"itemListElement\":[{\"@type\":\"ListItem\",\"position\":1,\"name\":\"Accueil\",\"item\":\"https:\/\/www.swissraft.ch\/it\/\"},{\"@type\":\"ListItem\",\"position\":2,\"name\":\"Negozio\",\"item\":\"https:\/\/www.swissraft.ch\/it\/negozio\/\"},{\"@type\":\"ListItem\",\"position\":3,\"name\":\"Volo aereo da BUTTWIL &#8211; LA JUNGFRAU &#8211; 90 min. &#8211; A partire da CHF 270,00\"}]},{\"@type\":\"WebSite\",\"@id\":\"https:\/\/www.swissraft.ch\/it\/#website\",\"url\":\"https:\/\/www.swissraft.ch\/it\/\",\"name\":\"Swissraft\",\"description\":\"To enjoy nature as it is\",\"publisher\":{\"@id\":\"https:\/\/www.swissraft.ch\/it\/#organization\"},\"potentialAction\":[{\"@type\":\"SearchAction\",\"target\":{\"@type\":\"EntryPoint\",\"urlTemplate\":\"https:\/\/www.swissraft.ch\/it\/?s={search_term_string}\"},\"query-input\":{\"@type\":\"PropertyValueSpecification\",\"valueRequired\":true,\"valueName\":\"search_term_string\"}}],\"inLanguage\":\"it-IT\"},{\"@type\":\"Organization\",\"@id\":\"https:\/\/www.swissraft.ch\/it\/#organization\",\"name\":\"Swissraft\",\"url\":\"https:\/\/www.swissraft.ch\/it\/\",\"logo\":{\"@type\":\"ImageObject\",\"inLanguage\":\"it-IT\",\"@id\":\"https:\/\/www.swissraft.ch\/it\/#\/schema\/logo\/image\/\",\"url\":\"https:\/\/www.swissraft.ch\/wp-content\/uploads\/2025\/09\/Capture.jpg\",\"contentUrl\":\"https:\/\/www.swissraft.ch\/wp-content\/uploads\/2025\/09\/Capture.jpg\",\"width\":293,\"height\":108,\"caption\":\"Swissraft\"},\"image\":{\"@id\":\"https:\/\/www.swissraft.ch\/it\/#\/schema\/logo\/image\/\"}}]}<\/script>\n<!-- \/ Yoast SEO plugin. -->","yoast_head_json":{"title":"La Jungfrau in aereo da Buttwil. 90 minuti di volo","description":"La Jungfrau in aereo da Buttwil. Questo volo di 90 minuti ti porter\u00e0 a sorvolare le vette di 4000 metri delle Alpi Bernesi.","robots":{"index":"index","follow":"follow","max-snippet":"max-snippet:-1","max-image-preview":"max-image-preview:large","max-video-preview":"max-video-preview:-1"},"canonical":"https:\/\/www.swissraft.ch\/it\/prodotto\/volo-aereo-da-buttwil-la-jungfrau-90-min-a-partire-da-chf-27000\/","og_locale":"it_IT","og_type":"article","og_title":"La Jungfrau in aereo da Buttwil. 90 minuti di volo","og_description":"La Jungfrau in aereo da Buttwil. Questo volo di 90 minuti ti porter\u00e0 a sorvolare le vette di 4000 metri delle Alpi Bernesi.","og_url":"https:\/\/www.swissraft.ch\/it\/prodotto\/volo-aereo-da-buttwil-la-jungfrau-90-min-a-partire-da-chf-27000\/","og_site_name":"Swissraft","article_modified_time":"2024-11-20T08:32:02+00:00","og_image":[{"width":776,"height":776,"url":"https:\/\/www.swissraft.ch\/wp-content\/uploads\/2023\/01\/6-BUTTWIL-Jungfrau-776x776-2.jpg","type":"image\/jpeg"}],"twitter_card":"summary_large_image","schema":{"@context":"https:\/\/schema.org","@graph":[{"@type":"WebPage","@id":"https:\/\/www.swissraft.ch\/it\/prodotto\/volo-aereo-da-buttwil-la-jungfrau-90-min-a-partire-da-chf-27000\/","url":"https:\/\/www.swissraft.ch\/it\/prodotto\/volo-aereo-da-buttwil-la-jungfrau-90-min-a-partire-da-chf-27000\/","name":"La Jungfrau in aereo da Buttwil. 90 minuti di volo","isPartOf":{"@id":"https:\/\/www.swissraft.ch\/it\/#website"},"primaryImageOfPage":{"@id":"https:\/\/www.swissraft.ch\/it\/prodotto\/volo-aereo-da-buttwil-la-jungfrau-90-min-a-partire-da-chf-27000\/#primaryimage"},"image":{"@id":"https:\/\/www.swissraft.ch\/it\/prodotto\/volo-aereo-da-buttwil-la-jungfrau-90-min-a-partire-da-chf-27000\/#primaryimage"},"thumbnailUrl":"https:\/\/www.swissraft.ch\/wp-content\/uploads\/2023\/01\/6-BUTTWIL-Jungfrau-776x776-2.jpg","datePublished":"2023-01-11T13:07:00+00:00","dateModified":"2024-11-20T08:32:02+00:00","description":"La Jungfrau in aereo da Buttwil. Questo volo di 90 minuti ti porter\u00e0 a sorvolare le vette di 4000 metri delle Alpi Bernesi.","breadcrumb":{"@id":"https:\/\/www.swissraft.ch\/it\/prodotto\/volo-aereo-da-buttwil-la-jungfrau-90-min-a-partire-da-chf-27000\/#breadcrumb"},"inLanguage":"it-IT","potentialAction":[{"@type":"ReadAction","target":["https:\/\/www.swissraft.ch\/it\/prodotto\/volo-aereo-da-buttwil-la-jungfrau-90-min-a-partire-da-chf-27000\/"]}]},{"@type":"ImageObject","inLanguage":"it-IT","@id":"https:\/\/www.swissraft.ch\/it\/prodotto\/volo-aereo-da-buttwil-la-jungfrau-90-min-a-partire-da-chf-27000\/#primaryimage","url":"https:\/\/www.swissraft.ch\/wp-content\/uploads\/2023\/01\/6-BUTTWIL-Jungfrau-776x776-2.jpg","contentUrl":"https:\/\/www.swissraft.ch\/wp-content\/uploads\/2023\/01\/6-BUTTWIL-Jungfrau-776x776-2.jpg","width":776,"height":776,"caption":"Volo per la Jungfrau da Buttwil"},{"@type":"BreadcrumbList","@id":"https:\/\/www.swissraft.ch\/it\/prodotto\/volo-aereo-da-buttwil-la-jungfrau-90-min-a-partire-da-chf-27000\/#breadcrumb","itemListElement":[{"@type":"ListItem","position":1,"name":"Accueil","item":"https:\/\/www.swissraft.ch\/it\/"},{"@type":"ListItem","position":2,"name":"Negozio","item":"https:\/\/www.swissraft.ch\/it\/negozio\/"},{"@type":"ListItem","position":3,"name":"Volo aereo da BUTTWIL &#8211; LA JUNGFRAU &#8211; 90 min. &#8211; A partire da CHF 270,00"}]},{"@type":"WebSite","@id":"https:\/\/www.swissraft.ch\/it\/#website","url":"https:\/\/www.swissraft.ch\/it\/","name":"Swissraft","description":"To enjoy nature as it is","publisher":{"@id":"https:\/\/www.swissraft.ch\/it\/#organization"},"potentialAction":[{"@type":"SearchAction","target":{"@type":"EntryPoint","urlTemplate":"https:\/\/www.swissraft.ch\/it\/?s={search_term_string}"},"query-input":{"@type":"PropertyValueSpecification","valueRequired":true,"valueName":"search_term_string"}}],"inLanguage":"it-IT"},{"@type":"Organization","@id":"https:\/\/www.swissraft.ch\/it\/#organization","name":"Swissraft","url":"https:\/\/www.swissraft.ch\/it\/","logo":{"@type":"ImageObject","inLanguage":"it-IT","@id":"https:\/\/www.swissraft.ch\/it\/#\/schema\/logo\/image\/","url":"https:\/\/www.swissraft.ch\/wp-content\/uploads\/2025\/09\/Capture.jpg","contentUrl":"https:\/\/www.swissraft.ch\/wp-content\/uploads\/2025\/09\/Capture.jpg","width":293,"height":108,"caption":"Swissraft"},"image":{"@id":"https:\/\/www.swissraft.ch\/it\/#\/schema\/logo\/image\/"}}]}},"_links":{"self":[{"href":"https:\/\/www.swissraft.ch\/it\/wp-json\/wp\/v2\/product\/93074","targetHints":{"allow":["GET"]}}],"collection":[{"href":"https:\/\/www.swissraft.ch\/it\/wp-json\/wp\/v2\/product"}],"about":[{"href":"https:\/\/www.swissraft.ch\/it\/wp-json\/wp\/v2\/types\/product"}],"replies":[{"embeddable":true,"href":"https:\/\/www.swissraft.ch\/it\/wp-json\/wp\/v2\/comments?post=93074"}],"version-history":[{"count":0,"href":"https:\/\/www.swissraft.ch\/it\/wp-json\/wp\/v2\/product\/93074\/revisions"}],"wp:featuredmedia":[{"embeddable":true,"href":"https:\/\/www.swissraft.ch\/it\/wp-json\/wp\/v2\/media\/88295"}],"wp:attachment":[{"href":"https:\/\/www.swissraft.ch\/it\/wp-json\/wp\/v2\/media?parent=93074"}],"wp:term":[{"taxonomy":"product_cat","embeddable":true,"href":"https:\/\/www.swissraft.ch\/it\/wp-json\/wp\/v2\/product_cat?post=93074"},{"taxonomy":"product_tag","embeddable":true,"href":"https:\/\/www.swissraft.ch\/it\/wp-json\/wp\/v2\/product_tag?post=93074"}],"curies":[{"name":"wp","href":"https:\/\/api.w.org\/{rel}","templated":true}]}}