{"id":93043,"date":"2023-01-17T14:01:00","date_gmt":"2023-01-17T13:01:00","guid":{"rendered":"https:\/\/swissraft.xyanzkdne.eu\/product\/volo-acrobatico-in-aliante-da-schanis-20-min-chf-25000\/"},"modified":"2024-11-20T10:05:34","modified_gmt":"2024-11-20T09:05:34","slug":"volo-acrobatico-in-aliante-da-schanis-20-min-chf-25000","status":"publish","type":"product","link":"https:\/\/www.swissraft.ch\/it\/prodotto\/volo-acrobatico-in-aliante-da-schanis-20-min-chf-25000\/","title":{"rendered":"Volo acrobatico in aliante da SCH\u00c4NIS &#8211; 20 min. &#8211; CHF 250,00"},"content":{"rendered":"\t\t<div data-elementor-type=\"wp-post\" data-elementor-id=\"93043\" class=\"elementor elementor-93043 elementor-30476\">\n\t\t\t\t\t\t\t\t\t<section class=\"elementor-section elementor-top-section elementor-element elementor-element-3303a7e3 elementor-section-boxed elementor-section-height-default elementor-section-height-default\" data-id=\"3303a7e3\" data-element_type=\"section\">\n\t\t\t\t\t\t<div class=\"elementor-container elementor-column-gap-default\">\n\t\t\t\t\t<div class=\"elementor-column elementor-col-100 elementor-top-column elementor-element elementor-element-16d72dbf\" data-id=\"16d72dbf\" data-element_type=\"column\">\n\t\t\t<div class=\"elementor-widget-wrap elementor-element-populated\">\n\t\t\t\t\t\t\t\t<div class=\"elementor-element elementor-element-d743c03 elementor-widget elementor-widget-text-editor\" data-id=\"d743c03\" data-element_type=\"widget\" data-widget_type=\"text-editor.default\">\n\t\t\t\t<div class=\"elementor-widget-container\">\n\t\t\t\t\t\t\t<h2>SCEGLI LA TUA ATTIVIT\u00c0 QUI SOTTO PER OFFRIRE BUONI REGALO\/BIGLIETTI O EFFETTUARE UNA PRENOTAZIONE<\/h2>\n<table border=\"0\" width=\"580\" cellspacing=\"10\" cellpadding=\"10\">\n<tbody>\n<tr>\n<td width=\"50%\"><strong>SCH\u00c4NIS &#8211; GLIDING &#8211; 20 min.<\/strong><\/td>\n<td><strong>CHF 220,00 a persona<span class=\"productPrice\"><br \/><\/span><\/strong><\/td>\n<\/tr>\n<tr>\n<td>Informazioni aggiuntive<\/td>\n<td><span class=\"patt\"><br \/>&#8211; Utilizzi l&#8217;aereo esclusivamente per te &#8211; Scegli tu la data del volo<br \/><\/span><span class=\"patt\">&#8211; Massimo 1 persona<\/span><\/td>\n<\/tr>\n<tr>\n<td>Campo d&#8217;aviazione<\/td>\n<td><a href=\"https:\/\/www.google.com\/maps\/place\/47%C2%B010'17.6%22N+9%C2%B002'28.0%22E\/@47.1716212,9.038858,384m\/data=!3m1!1e3!4m4!3m3!8m2!3d47.1715556!4d9.0411111?entry=ttu\" target=\"_blank\" rel=\"noopener\">Sch\u00e4nis<\/a><\/td>\n<\/tr>\n<tr>\n<td>Tempo di volo<\/td>\n<td>20 min. di cui  <strong>10 minuti di acrobazia <\/strong><\/td>\n<\/tr>\n<tr>\n<td>Durata totale<\/td>\n<td>circa 1h30<\/td>\n<\/tr>\n<tr>\n<td>Appuntamento<\/td>\n<td>Per telefono<\/td>\n<\/tr>\n<tr>\n<td><button class=\"elementor-button\" type=\"button\"><a href=\"https:\/\/swissraft.outdoorbooking.ch\/fo\/products\/179?base_id=28&amp;category_id=24&amp;order_type=gift_voucher&amp;lang=it\" target=\"_blank\" rel=\"noopener\">BUONO REGALO<\/a><\/button><\/td>\n<td>Per prenotare <span class=\"patt\" style=\"font-family: inherit; font-size: inherit;\"><span class=\"plbl\"><span class=\"patt\"><a href=\"https:\/\/www.swissraft.ch\/it\/contattaci\/\">contattaci<\/a><\/span><\/span><\/span><\/td>\n<\/tr>\n<\/tbody>\n<\/table>\n\t\t\t\t\t\t<\/div>\n\t\t\t\t<\/div>\n\t\t\t\t\t<\/div>\n\t\t<\/div>\n\t\t\t\t\t\t\t<\/div>\n\t\t<\/section>\n\t\t\t\t\t\t\t<\/div>\n\t\t","protected":false},"excerpt":{"rendered":"<div align=\"justify\">\n<h2 align=\"justify\">Farai acrobazie dall&#8217;aerodromo di Sch\u00e4nis.<\/h2>\n<h3>Le acrobazie in aliante ti lasceranno a bocca aperta. Senti la potenza delle termiche e scopri le prestazioni estreme dell&#8217;aliante. <\/h3>\n<\/div>\n<p>Per prima cosa posizioniamo il tuo aliante dietro l&#8217;aereo da traino. Un cavo collega i due velivoli. Poi un controllo finale e il pilota dell&#8217;aereo da traino d\u00e0 il via libera. Dopo pochi metri sei gi\u00e0 in volo mentre l&#8217;aereo sta ancora rullando lungo la pista. Il rimorchiatore guadagna quindi quota e inizia la salita. Ad un&#8217;altitudine di circa 2500 m, il pilota rilascia la fune di traino per liberarsi da ogni trazione. Le acrobazie possono iniziare: looping, scivolate, voli sulla schiena e piqu\u00e9 ti aspettano. Tieniti forte perch\u00e9 \u00e8 un vero e proprio colpo di fulmine.<\/p>\n<h3>Se cerchi un volo meno frenetico, opta per un volo panoramico di 60 minuti che ti delizier\u00e0 sicuramente.<\/h3>\n<p id=\"textarea\" style=\"display: none;\">\nOffriamo anche voli introduttivi in aliante presso il campo di volo di Sch\u00e4nis.\n<\/p>\n<p><a id=\"seeMore\" onclick=\"toggleSeeMore()\" href=\"javascript:void(0);\">Leggi tutto<\/a><\/p>\n","protected":false},"featured_media":88670,"comment_status":"open","ping_status":"closed","template":"","meta":{"inline_featured_image":false,"_mi_skip_tracking":false},"product_cat":[538,555],"product_tag":[],"class_list":["post-93043","product","type-product","status-publish","has-post-thumbnail","hentry","product_cat-scivolare","product_cat-scivolare-schanis"],"yoast_head":"<!-- This site is optimized with the Yoast SEO plugin v23.6 - https:\/\/yoast.com\/wordpress\/plugins\/seo\/ -->\n<title>Acrobazia in aliante da Sch\u00e4nis. Fai 10 minuti di acrobazia<\/title>\n<meta name=\"description\" content=\"Acrobazie in aliante da Sch\u00e4nis. Goditi 10 minuti di acrobazie mozzafiato in aliante. Il tuo pilota \u00e8, ovviamente, molto esperto.\" \/>\n<meta name=\"robots\" content=\"index, follow, max-snippet:-1, max-image-preview:large, max-video-preview:-1\" \/>\n<link rel=\"canonical\" href=\"https:\/\/www.swissraft.ch\/it\/prodotto\/volo-acrobatico-in-aliante-da-schanis-20-min-chf-25000\/\" \/>\n<meta property=\"og:locale\" content=\"it_IT\" \/>\n<meta property=\"og:type\" content=\"article\" \/>\n<meta property=\"og:title\" content=\"Acrobazia in aliante da Sch\u00e4nis. Fai 10 minuti di acrobazia\" \/>\n<meta property=\"og:description\" content=\"Acrobazie in aliante da Sch\u00e4nis. Goditi 10 minuti di acrobazie mozzafiato in aliante. Il tuo pilota \u00e8, ovviamente, molto esperto.\" \/>\n<meta property=\"og:url\" content=\"https:\/\/www.swissraft.ch\/it\/prodotto\/volo-acrobatico-in-aliante-da-schanis-20-min-chf-25000\/\" \/>\n<meta property=\"og:site_name\" content=\"Swissraft\" \/>\n<meta property=\"article:modified_time\" content=\"2024-11-20T09:05:34+00:00\" \/>\n<meta property=\"og:image\" content=\"https:\/\/www.swissraft.ch\/wp-content\/uploads\/2023\/01\/1-3-Kunstflug-776x776-1.jpg\" \/>\n\t<meta property=\"og:image:width\" content=\"776\" \/>\n\t<meta property=\"og:image:height\" content=\"776\" \/>\n\t<meta property=\"og:image:type\" content=\"image\/jpeg\" \/>\n<meta name=\"twitter:card\" content=\"summary_large_image\" \/>\n<script type=\"application\/ld+json\" class=\"yoast-schema-graph\">{\"@context\":\"https:\/\/schema.org\",\"@graph\":[{\"@type\":\"WebPage\",\"@id\":\"https:\/\/www.swissraft.ch\/it\/prodotto\/volo-acrobatico-in-aliante-da-schanis-20-min-chf-25000\/\",\"url\":\"https:\/\/www.swissraft.ch\/it\/prodotto\/volo-acrobatico-in-aliante-da-schanis-20-min-chf-25000\/\",\"name\":\"Acrobazia in aliante da Sch\u00e4nis. Fai 10 minuti di acrobazia\",\"isPartOf\":{\"@id\":\"https:\/\/www.swissraft.ch\/it\/#website\"},\"primaryImageOfPage\":{\"@id\":\"https:\/\/www.swissraft.ch\/it\/prodotto\/volo-acrobatico-in-aliante-da-schanis-20-min-chf-25000\/#primaryimage\"},\"image\":{\"@id\":\"https:\/\/www.swissraft.ch\/it\/prodotto\/volo-acrobatico-in-aliante-da-schanis-20-min-chf-25000\/#primaryimage\"},\"thumbnailUrl\":\"https:\/\/www.swissraft.ch\/wp-content\/uploads\/2023\/01\/1-3-Kunstflug-776x776-1.jpg\",\"datePublished\":\"2023-01-17T13:01:00+00:00\",\"dateModified\":\"2024-11-20T09:05:34+00:00\",\"description\":\"Acrobazie in aliante da Sch\u00e4nis. Goditi 10 minuti di acrobazie mozzafiato in aliante. Il tuo pilota \u00e8, ovviamente, molto esperto.\",\"breadcrumb\":{\"@id\":\"https:\/\/www.swissraft.ch\/it\/prodotto\/volo-acrobatico-in-aliante-da-schanis-20-min-chf-25000\/#breadcrumb\"},\"inLanguage\":\"it-IT\",\"potentialAction\":[{\"@type\":\"ReadAction\",\"target\":[\"https:\/\/www.swissraft.ch\/it\/prodotto\/volo-acrobatico-in-aliante-da-schanis-20-min-chf-25000\/\"]}]},{\"@type\":\"ImageObject\",\"inLanguage\":\"it-IT\",\"@id\":\"https:\/\/www.swissraft.ch\/it\/prodotto\/volo-acrobatico-in-aliante-da-schanis-20-min-chf-25000\/#primaryimage\",\"url\":\"https:\/\/www.swissraft.ch\/wp-content\/uploads\/2023\/01\/1-3-Kunstflug-776x776-1.jpg\",\"contentUrl\":\"https:\/\/www.swissraft.ch\/wp-content\/uploads\/2023\/01\/1-3-Kunstflug-776x776-1.jpg\",\"width\":776,\"height\":776,\"caption\":\"Volo a vela da Sch\u00e4nis\"},{\"@type\":\"BreadcrumbList\",\"@id\":\"https:\/\/www.swissraft.ch\/it\/prodotto\/volo-acrobatico-in-aliante-da-schanis-20-min-chf-25000\/#breadcrumb\",\"itemListElement\":[{\"@type\":\"ListItem\",\"position\":1,\"name\":\"Accueil\",\"item\":\"https:\/\/www.swissraft.ch\/it\/\"},{\"@type\":\"ListItem\",\"position\":2,\"name\":\"Negozio\",\"item\":\"https:\/\/www.swissraft.ch\/it\/negozio\/\"},{\"@type\":\"ListItem\",\"position\":3,\"name\":\"Volo acrobatico in aliante da SCH\u00c4NIS &#8211; 20 min. &#8211; CHF 250,00\"}]},{\"@type\":\"WebSite\",\"@id\":\"https:\/\/www.swissraft.ch\/it\/#website\",\"url\":\"https:\/\/www.swissraft.ch\/it\/\",\"name\":\"Swissraft\",\"description\":\"To enjoy nature as it is\",\"publisher\":{\"@id\":\"https:\/\/www.swissraft.ch\/it\/#organization\"},\"potentialAction\":[{\"@type\":\"SearchAction\",\"target\":{\"@type\":\"EntryPoint\",\"urlTemplate\":\"https:\/\/www.swissraft.ch\/it\/?s={search_term_string}\"},\"query-input\":{\"@type\":\"PropertyValueSpecification\",\"valueRequired\":true,\"valueName\":\"search_term_string\"}}],\"inLanguage\":\"it-IT\"},{\"@type\":\"Organization\",\"@id\":\"https:\/\/www.swissraft.ch\/it\/#organization\",\"name\":\"Swissraft\",\"url\":\"https:\/\/www.swissraft.ch\/it\/\",\"logo\":{\"@type\":\"ImageObject\",\"inLanguage\":\"it-IT\",\"@id\":\"https:\/\/www.swissraft.ch\/it\/#\/schema\/logo\/image\/\",\"url\":\"https:\/\/www.swissraft.ch\/wp-content\/uploads\/2025\/09\/Capture.jpg\",\"contentUrl\":\"https:\/\/www.swissraft.ch\/wp-content\/uploads\/2025\/09\/Capture.jpg\",\"width\":293,\"height\":108,\"caption\":\"Swissraft\"},\"image\":{\"@id\":\"https:\/\/www.swissraft.ch\/it\/#\/schema\/logo\/image\/\"}}]}<\/script>\n<!-- \/ Yoast SEO plugin. -->","yoast_head_json":{"title":"Acrobazia in aliante da Sch\u00e4nis. Fai 10 minuti di acrobazia","description":"Acrobazie in aliante da Sch\u00e4nis. Goditi 10 minuti di acrobazie mozzafiato in aliante. Il tuo pilota \u00e8, ovviamente, molto esperto.","robots":{"index":"index","follow":"follow","max-snippet":"max-snippet:-1","max-image-preview":"max-image-preview:large","max-video-preview":"max-video-preview:-1"},"canonical":"https:\/\/www.swissraft.ch\/it\/prodotto\/volo-acrobatico-in-aliante-da-schanis-20-min-chf-25000\/","og_locale":"it_IT","og_type":"article","og_title":"Acrobazia in aliante da Sch\u00e4nis. Fai 10 minuti di acrobazia","og_description":"Acrobazie in aliante da Sch\u00e4nis. Goditi 10 minuti di acrobazie mozzafiato in aliante. Il tuo pilota \u00e8, ovviamente, molto esperto.","og_url":"https:\/\/www.swissraft.ch\/it\/prodotto\/volo-acrobatico-in-aliante-da-schanis-20-min-chf-25000\/","og_site_name":"Swissraft","article_modified_time":"2024-11-20T09:05:34+00:00","og_image":[{"width":776,"height":776,"url":"https:\/\/www.swissraft.ch\/wp-content\/uploads\/2023\/01\/1-3-Kunstflug-776x776-1.jpg","type":"image\/jpeg"}],"twitter_card":"summary_large_image","schema":{"@context":"https:\/\/schema.org","@graph":[{"@type":"WebPage","@id":"https:\/\/www.swissraft.ch\/it\/prodotto\/volo-acrobatico-in-aliante-da-schanis-20-min-chf-25000\/","url":"https:\/\/www.swissraft.ch\/it\/prodotto\/volo-acrobatico-in-aliante-da-schanis-20-min-chf-25000\/","name":"Acrobazia in aliante da Sch\u00e4nis. Fai 10 minuti di acrobazia","isPartOf":{"@id":"https:\/\/www.swissraft.ch\/it\/#website"},"primaryImageOfPage":{"@id":"https:\/\/www.swissraft.ch\/it\/prodotto\/volo-acrobatico-in-aliante-da-schanis-20-min-chf-25000\/#primaryimage"},"image":{"@id":"https:\/\/www.swissraft.ch\/it\/prodotto\/volo-acrobatico-in-aliante-da-schanis-20-min-chf-25000\/#primaryimage"},"thumbnailUrl":"https:\/\/www.swissraft.ch\/wp-content\/uploads\/2023\/01\/1-3-Kunstflug-776x776-1.jpg","datePublished":"2023-01-17T13:01:00+00:00","dateModified":"2024-11-20T09:05:34+00:00","description":"Acrobazie in aliante da Sch\u00e4nis. Goditi 10 minuti di acrobazie mozzafiato in aliante. Il tuo pilota \u00e8, ovviamente, molto esperto.","breadcrumb":{"@id":"https:\/\/www.swissraft.ch\/it\/prodotto\/volo-acrobatico-in-aliante-da-schanis-20-min-chf-25000\/#breadcrumb"},"inLanguage":"it-IT","potentialAction":[{"@type":"ReadAction","target":["https:\/\/www.swissraft.ch\/it\/prodotto\/volo-acrobatico-in-aliante-da-schanis-20-min-chf-25000\/"]}]},{"@type":"ImageObject","inLanguage":"it-IT","@id":"https:\/\/www.swissraft.ch\/it\/prodotto\/volo-acrobatico-in-aliante-da-schanis-20-min-chf-25000\/#primaryimage","url":"https:\/\/www.swissraft.ch\/wp-content\/uploads\/2023\/01\/1-3-Kunstflug-776x776-1.jpg","contentUrl":"https:\/\/www.swissraft.ch\/wp-content\/uploads\/2023\/01\/1-3-Kunstflug-776x776-1.jpg","width":776,"height":776,"caption":"Volo a vela da Sch\u00e4nis"},{"@type":"BreadcrumbList","@id":"https:\/\/www.swissraft.ch\/it\/prodotto\/volo-acrobatico-in-aliante-da-schanis-20-min-chf-25000\/#breadcrumb","itemListElement":[{"@type":"ListItem","position":1,"name":"Accueil","item":"https:\/\/www.swissraft.ch\/it\/"},{"@type":"ListItem","position":2,"name":"Negozio","item":"https:\/\/www.swissraft.ch\/it\/negozio\/"},{"@type":"ListItem","position":3,"name":"Volo acrobatico in aliante da SCH\u00c4NIS &#8211; 20 min. &#8211; CHF 250,00"}]},{"@type":"WebSite","@id":"https:\/\/www.swissraft.ch\/it\/#website","url":"https:\/\/www.swissraft.ch\/it\/","name":"Swissraft","description":"To enjoy nature as it is","publisher":{"@id":"https:\/\/www.swissraft.ch\/it\/#organization"},"potentialAction":[{"@type":"SearchAction","target":{"@type":"EntryPoint","urlTemplate":"https:\/\/www.swissraft.ch\/it\/?s={search_term_string}"},"query-input":{"@type":"PropertyValueSpecification","valueRequired":true,"valueName":"search_term_string"}}],"inLanguage":"it-IT"},{"@type":"Organization","@id":"https:\/\/www.swissraft.ch\/it\/#organization","name":"Swissraft","url":"https:\/\/www.swissraft.ch\/it\/","logo":{"@type":"ImageObject","inLanguage":"it-IT","@id":"https:\/\/www.swissraft.ch\/it\/#\/schema\/logo\/image\/","url":"https:\/\/www.swissraft.ch\/wp-content\/uploads\/2025\/09\/Capture.jpg","contentUrl":"https:\/\/www.swissraft.ch\/wp-content\/uploads\/2025\/09\/Capture.jpg","width":293,"height":108,"caption":"Swissraft"},"image":{"@id":"https:\/\/www.swissraft.ch\/it\/#\/schema\/logo\/image\/"}}]}},"_links":{"self":[{"href":"https:\/\/www.swissraft.ch\/it\/wp-json\/wp\/v2\/product\/93043","targetHints":{"allow":["GET"]}}],"collection":[{"href":"https:\/\/www.swissraft.ch\/it\/wp-json\/wp\/v2\/product"}],"about":[{"href":"https:\/\/www.swissraft.ch\/it\/wp-json\/wp\/v2\/types\/product"}],"replies":[{"embeddable":true,"href":"https:\/\/www.swissraft.ch\/it\/wp-json\/wp\/v2\/comments?post=93043"}],"version-history":[{"count":0,"href":"https:\/\/www.swissraft.ch\/it\/wp-json\/wp\/v2\/product\/93043\/revisions"}],"wp:featuredmedia":[{"embeddable":true,"href":"https:\/\/www.swissraft.ch\/it\/wp-json\/wp\/v2\/media\/88670"}],"wp:attachment":[{"href":"https:\/\/www.swissraft.ch\/it\/wp-json\/wp\/v2\/media?parent=93043"}],"wp:term":[{"taxonomy":"product_cat","embeddable":true,"href":"https:\/\/www.swissraft.ch\/it\/wp-json\/wp\/v2\/product_cat?post=93043"},{"taxonomy":"product_tag","embeddable":true,"href":"https:\/\/www.swissraft.ch\/it\/wp-json\/wp\/v2\/product_tag?post=93043"}],"curies":[{"name":"wp","href":"https:\/\/api.w.org\/{rel}","templated":true}]}}