{"id":93023,"date":"2023-01-17T12:05:26","date_gmt":"2023-01-17T11:05:26","guid":{"rendered":"https:\/\/swissraft.xyanzkdne.eu\/product\/volo-in-aereo-da-granges-circa-berne-30-min-chf-33000\/"},"modified":"2024-11-20T09:29:36","modified_gmt":"2024-11-20T08:29:36","slug":"volo-in-aereo-da-granges-circa-berne-30-min-chf-33000","status":"publish","type":"product","link":"https:\/\/www.swissraft.ch\/it\/prodotto\/volo-in-aereo-da-granges-circa-berne-30-min-chf-33000\/","title":{"rendered":"Volo in aereo da GRANGES &#8211; CIRCA BERNE &#8211; 30 min. &#8211; CHF 330,00"},"content":{"rendered":"\t\t<div data-elementor-type=\"wp-post\" data-elementor-id=\"93023\" class=\"elementor elementor-93023 elementor-30443\">\n\t\t\t\t\t\t\t\t\t<section class=\"elementor-section elementor-top-section elementor-element elementor-element-3303a7e3 elementor-section-boxed elementor-section-height-default elementor-section-height-default\" data-id=\"3303a7e3\" data-element_type=\"section\">\n\t\t\t\t\t\t<div class=\"elementor-container elementor-column-gap-default\">\n\t\t\t\t\t<div class=\"elementor-column elementor-col-100 elementor-top-column elementor-element elementor-element-16d72dbf\" data-id=\"16d72dbf\" data-element_type=\"column\">\n\t\t\t<div class=\"elementor-widget-wrap elementor-element-populated\">\n\t\t\t\t\t\t\t\t<div class=\"elementor-element elementor-element-d743c03 elementor-widget elementor-widget-text-editor\" data-id=\"d743c03\" data-element_type=\"widget\" data-widget_type=\"text-editor.default\">\n\t\t\t\t<div class=\"elementor-widget-container\">\n\t\t\t\t\t\t\t<h2>SCEGLI LA TUA ATTIVIT\u00c0 QUI SOTTO PER OFFRIRE BUONI REGALO\/BIGLIETTI O EFFETTUARE UNA PRENOTAZIONE<\/h2>\n<table border=\"0\" width=\"580\" cellspacing=\"10\" cellpadding=\"10\">\n<tbody>\n<tr>\n<td width=\"50%\"><strong>Volo intorno a BERNE &#8211; Volo privato (1-3 pers.) &#8211; 30 min.<\/strong><\/td>\n<td><strong>CHF 330,00 per volo privato<span class=\"productPrice\"><br \/><\/span><\/strong><\/td>\n<\/tr>\n<tr>\n<td>Informazioni aggiuntive<\/td>\n<td>\n<p>&#8211; Utilizzi l&#8217;aereo esclusivamente per te &#8211; Decidi tu la data e l&#8217;ora di partenza &#8211; Massimo 3 persone.<\/td>\n<\/tr>\n<tr>\n<td>Aerodromo<\/td>\n<td><a href=\"https:\/\/www.google.com\/maps\/place\/47%C2%B010'59.4%22N+7%C2%B024'53.1%22E\/@47.1836299,7.3960656,3068m\/data=!3m1!1e3!4m4!3m3!8m2!3d47.183175!4d7.41475?entry=ttu\" target=\"_blank\" rel=\"noopener\">Granges<\/a><\/td>\n<\/tr>\n<tr>\n<td>Tempo di volo<\/td>\n<td>30 min.<\/td>\n<\/tr>\n<tr>\n<td>Durata totale<\/td>\n<td>circa 50 minuti.<\/td>\n<\/tr>\n<tr>\n<td>Appuntamento<\/td>\n<td>Per telefono<\/td>\n<\/tr>\n<tr>\n<td><button class=\"elementor-button\" type=\"button\"><a href=\"https:\/\/swissraft.outdoorbooking.ch\/fo\/products\/657?base_id=149&amp;category_id=22&amp;order_type=gift_voucher&amp;lang=it\" target=\"_blank\" rel=\"noopener\">BUONO REGALO<\/a><\/button><\/td>\n<td>Per prenotare <span class=\"patt\" style=\"font-family: inherit; font-size: inherit;\"><span class=\"plbl\"><span class=\"patt\"><a href=\"https:\/\/www.swissraft.ch\/it\/contattaci\/\">contattaci<\/a><\/span><\/span><\/span><\/td>\n<\/tr>\n<\/tbody>\n<\/table>\n\t\t\t\t\t\t<\/div>\n\t\t\t\t<\/div>\n\t\t\t\t\t<\/div>\n\t\t<\/div>\n\t\t\t\t\t\t\t<\/div>\n\t\t<\/section>\n\t\t\t\t\t\t\t<\/div>\n\t\t","protected":false},"excerpt":{"rendered":"<div align=\"justify\">\n<h2 align=\"justify\">Questo volo di 30 minuti da Grenchen ti porter\u00e0 in giro per la citt\u00e0 di Berna.<\/h2>\n<h3>Comodamente seduto a bordo del nostro Robin DR300, decollerai per un volo di 30 minuti durante il quale scoprirai i dintorni della capitale federale.<\/h3>\n<\/div>\n<div align=\"justify\">\n<p>Da Grenchen dirigiti verso sud in direzione di Neuenegg, un comune del cantone di Berna. Il volo prosegue poi verso la citt\u00e0 di Berna, con una vista sul Palazzo Federale. Sorvola l&#8217;Aare prima di raggiungere Burgdorf a nord-est, con il suo castello e il suo famoso ristorante. Poi deviate verso ovest e tornate all&#8217;aerodromo di Granges per un atterraggio tranquillo. In una giornata limpida, avrai come sfondo le maestose Alpi Bernesi per gran parte del volo.<\/p>\n<h3>Grazie alla sua vasta rete di aerodromi e aeroporti in Svizzera, Swissraft offre un&#8217;ampia gamma di voli di piacere con aerei passeggeri sul suo sito web.<\/h3>\n<p id=\"textarea\" style=\"display: none;\">\nInoltre, abbiamo voli di piacere dall&#8217;aeroporto internazionale di Berna-Belp. Offriamo anche voli di piacere nella regione dei tre laghi di Biel\/Bienne. Ma anche nel cantone di Argovia, partendo dall&#8217;aerodromo di Buttwil. Effettuiamo anche voli turistici da \u00c9pagny en Gruy\u00e8re. Offriamo anche voli nel Canton Moritz. Gall in partenza dall&#8217;aerodromo di Sch\u00e4nis.\n<\/p>\n<p><a id=\"seeMore\" onclick=\"toggleSeeMore()\" href=\"javascript:void(0);\">Leggi tutto<\/a><\/p>\n","protected":false},"featured_media":89618,"comment_status":"open","ping_status":"closed","template":"","meta":{"inline_featured_image":false,"_mi_skip_tracking":false},"product_cat":[424,423],"product_tag":[],"class_list":["post-93023","product","type-product","status-publish","has-post-thumbnail","hentry","product_cat-aereo-granges","product_cat-voli"],"yoast_head":"<!-- This site is optimized with the Yoast SEO plugin v23.6 - https:\/\/yoast.com\/wordpress\/plugins\/seo\/ -->\n<title>Vola intorno a Berna dall&#039;aeroporto di Grenchen<\/title>\n<meta name=\"description\" content=\"Vola intorno a Berna dall&#039;aeroporto di Grenchen. Scopri la regione intorno alla capitale svizzera con questo volo di 30 minuti.\" \/>\n<meta name=\"robots\" content=\"index, follow, max-snippet:-1, max-image-preview:large, max-video-preview:-1\" \/>\n<link rel=\"canonical\" href=\"https:\/\/www.swissraft.ch\/it\/prodotto\/volo-in-aereo-da-granges-circa-berne-30-min-chf-33000\/\" \/>\n<meta property=\"og:locale\" content=\"it_IT\" \/>\n<meta property=\"og:type\" content=\"article\" \/>\n<meta property=\"og:title\" content=\"Vola intorno a Berna dall&#039;aeroporto di Grenchen\" \/>\n<meta property=\"og:description\" content=\"Vola intorno a Berna dall&#039;aeroporto di Grenchen. Scopri la regione intorno alla capitale svizzera con questo volo di 30 minuti.\" \/>\n<meta property=\"og:url\" content=\"https:\/\/www.swissraft.ch\/it\/prodotto\/volo-in-aereo-da-granges-circa-berne-30-min-chf-33000\/\" \/>\n<meta property=\"og:site_name\" content=\"Swissraft\" \/>\n<meta property=\"article:modified_time\" content=\"2024-11-20T08:29:36+00:00\" \/>\n<meta property=\"og:image\" content=\"https:\/\/www.swissraft.ch\/wp-content\/uploads\/2023\/01\/1-GRENCHEN-Berner-Rundflug-776x776-1.jpg\" \/>\n\t<meta property=\"og:image:width\" content=\"776\" \/>\n\t<meta property=\"og:image:height\" content=\"776\" \/>\n\t<meta property=\"og:image:type\" content=\"image\/jpeg\" \/>\n<meta name=\"twitter:card\" content=\"summary_large_image\" \/>\n<script type=\"application\/ld+json\" class=\"yoast-schema-graph\">{\"@context\":\"https:\/\/schema.org\",\"@graph\":[{\"@type\":\"WebPage\",\"@id\":\"https:\/\/www.swissraft.ch\/it\/prodotto\/volo-in-aereo-da-granges-circa-berne-30-min-chf-33000\/\",\"url\":\"https:\/\/www.swissraft.ch\/it\/prodotto\/volo-in-aereo-da-granges-circa-berne-30-min-chf-33000\/\",\"name\":\"Vola intorno a Berna dall'aeroporto di Grenchen\",\"isPartOf\":{\"@id\":\"https:\/\/www.swissraft.ch\/it\/#website\"},\"primaryImageOfPage\":{\"@id\":\"https:\/\/www.swissraft.ch\/it\/prodotto\/volo-in-aereo-da-granges-circa-berne-30-min-chf-33000\/#primaryimage\"},\"image\":{\"@id\":\"https:\/\/www.swissraft.ch\/it\/prodotto\/volo-in-aereo-da-granges-circa-berne-30-min-chf-33000\/#primaryimage\"},\"thumbnailUrl\":\"https:\/\/www.swissraft.ch\/wp-content\/uploads\/2023\/01\/1-GRENCHEN-Berner-Rundflug-776x776-1.jpg\",\"datePublished\":\"2023-01-17T11:05:26+00:00\",\"dateModified\":\"2024-11-20T08:29:36+00:00\",\"description\":\"Vola intorno a Berna dall'aeroporto di Grenchen. Scopri la regione intorno alla capitale svizzera con questo volo di 30 minuti.\",\"breadcrumb\":{\"@id\":\"https:\/\/www.swissraft.ch\/it\/prodotto\/volo-in-aereo-da-granges-circa-berne-30-min-chf-33000\/#breadcrumb\"},\"inLanguage\":\"it-IT\",\"potentialAction\":[{\"@type\":\"ReadAction\",\"target\":[\"https:\/\/www.swissraft.ch\/it\/prodotto\/volo-in-aereo-da-granges-circa-berne-30-min-chf-33000\/\"]}]},{\"@type\":\"ImageObject\",\"inLanguage\":\"it-IT\",\"@id\":\"https:\/\/www.swissraft.ch\/it\/prodotto\/volo-in-aereo-da-granges-circa-berne-30-min-chf-33000\/#primaryimage\",\"url\":\"https:\/\/www.swissraft.ch\/wp-content\/uploads\/2023\/01\/1-GRENCHEN-Berner-Rundflug-776x776-1.jpg\",\"contentUrl\":\"https:\/\/www.swissraft.ch\/wp-content\/uploads\/2023\/01\/1-GRENCHEN-Berner-Rundflug-776x776-1.jpg\",\"width\":776,\"height\":776,\"caption\":\"Volo in aereo intorno a Berna da Grenchen\"},{\"@type\":\"BreadcrumbList\",\"@id\":\"https:\/\/www.swissraft.ch\/it\/prodotto\/volo-in-aereo-da-granges-circa-berne-30-min-chf-33000\/#breadcrumb\",\"itemListElement\":[{\"@type\":\"ListItem\",\"position\":1,\"name\":\"Accueil\",\"item\":\"https:\/\/www.swissraft.ch\/it\/\"},{\"@type\":\"ListItem\",\"position\":2,\"name\":\"Negozio\",\"item\":\"https:\/\/www.swissraft.ch\/it\/negozio\/\"},{\"@type\":\"ListItem\",\"position\":3,\"name\":\"Volo in aereo da GRANGES &#8211; CIRCA BERNE &#8211; 30 min. &#8211; CHF 330,00\"}]},{\"@type\":\"WebSite\",\"@id\":\"https:\/\/www.swissraft.ch\/it\/#website\",\"url\":\"https:\/\/www.swissraft.ch\/it\/\",\"name\":\"Swissraft\",\"description\":\"To enjoy nature as it is\",\"publisher\":{\"@id\":\"https:\/\/www.swissraft.ch\/it\/#organization\"},\"potentialAction\":[{\"@type\":\"SearchAction\",\"target\":{\"@type\":\"EntryPoint\",\"urlTemplate\":\"https:\/\/www.swissraft.ch\/it\/?s={search_term_string}\"},\"query-input\":{\"@type\":\"PropertyValueSpecification\",\"valueRequired\":true,\"valueName\":\"search_term_string\"}}],\"inLanguage\":\"it-IT\"},{\"@type\":\"Organization\",\"@id\":\"https:\/\/www.swissraft.ch\/it\/#organization\",\"name\":\"Swissraft\",\"url\":\"https:\/\/www.swissraft.ch\/it\/\",\"logo\":{\"@type\":\"ImageObject\",\"inLanguage\":\"it-IT\",\"@id\":\"https:\/\/www.swissraft.ch\/it\/#\/schema\/logo\/image\/\",\"url\":\"https:\/\/www.swissraft.ch\/wp-content\/uploads\/2025\/09\/Capture.jpg\",\"contentUrl\":\"https:\/\/www.swissraft.ch\/wp-content\/uploads\/2025\/09\/Capture.jpg\",\"width\":293,\"height\":108,\"caption\":\"Swissraft\"},\"image\":{\"@id\":\"https:\/\/www.swissraft.ch\/it\/#\/schema\/logo\/image\/\"}}]}<\/script>\n<!-- \/ Yoast SEO plugin. -->","yoast_head_json":{"title":"Vola intorno a Berna dall'aeroporto di Grenchen","description":"Vola intorno a Berna dall'aeroporto di Grenchen. Scopri la regione intorno alla capitale svizzera con questo volo di 30 minuti.","robots":{"index":"index","follow":"follow","max-snippet":"max-snippet:-1","max-image-preview":"max-image-preview:large","max-video-preview":"max-video-preview:-1"},"canonical":"https:\/\/www.swissraft.ch\/it\/prodotto\/volo-in-aereo-da-granges-circa-berne-30-min-chf-33000\/","og_locale":"it_IT","og_type":"article","og_title":"Vola intorno a Berna dall'aeroporto di Grenchen","og_description":"Vola intorno a Berna dall'aeroporto di Grenchen. Scopri la regione intorno alla capitale svizzera con questo volo di 30 minuti.","og_url":"https:\/\/www.swissraft.ch\/it\/prodotto\/volo-in-aereo-da-granges-circa-berne-30-min-chf-33000\/","og_site_name":"Swissraft","article_modified_time":"2024-11-20T08:29:36+00:00","og_image":[{"width":776,"height":776,"url":"https:\/\/www.swissraft.ch\/wp-content\/uploads\/2023\/01\/1-GRENCHEN-Berner-Rundflug-776x776-1.jpg","type":"image\/jpeg"}],"twitter_card":"summary_large_image","schema":{"@context":"https:\/\/schema.org","@graph":[{"@type":"WebPage","@id":"https:\/\/www.swissraft.ch\/it\/prodotto\/volo-in-aereo-da-granges-circa-berne-30-min-chf-33000\/","url":"https:\/\/www.swissraft.ch\/it\/prodotto\/volo-in-aereo-da-granges-circa-berne-30-min-chf-33000\/","name":"Vola intorno a Berna dall'aeroporto di Grenchen","isPartOf":{"@id":"https:\/\/www.swissraft.ch\/it\/#website"},"primaryImageOfPage":{"@id":"https:\/\/www.swissraft.ch\/it\/prodotto\/volo-in-aereo-da-granges-circa-berne-30-min-chf-33000\/#primaryimage"},"image":{"@id":"https:\/\/www.swissraft.ch\/it\/prodotto\/volo-in-aereo-da-granges-circa-berne-30-min-chf-33000\/#primaryimage"},"thumbnailUrl":"https:\/\/www.swissraft.ch\/wp-content\/uploads\/2023\/01\/1-GRENCHEN-Berner-Rundflug-776x776-1.jpg","datePublished":"2023-01-17T11:05:26+00:00","dateModified":"2024-11-20T08:29:36+00:00","description":"Vola intorno a Berna dall'aeroporto di Grenchen. Scopri la regione intorno alla capitale svizzera con questo volo di 30 minuti.","breadcrumb":{"@id":"https:\/\/www.swissraft.ch\/it\/prodotto\/volo-in-aereo-da-granges-circa-berne-30-min-chf-33000\/#breadcrumb"},"inLanguage":"it-IT","potentialAction":[{"@type":"ReadAction","target":["https:\/\/www.swissraft.ch\/it\/prodotto\/volo-in-aereo-da-granges-circa-berne-30-min-chf-33000\/"]}]},{"@type":"ImageObject","inLanguage":"it-IT","@id":"https:\/\/www.swissraft.ch\/it\/prodotto\/volo-in-aereo-da-granges-circa-berne-30-min-chf-33000\/#primaryimage","url":"https:\/\/www.swissraft.ch\/wp-content\/uploads\/2023\/01\/1-GRENCHEN-Berner-Rundflug-776x776-1.jpg","contentUrl":"https:\/\/www.swissraft.ch\/wp-content\/uploads\/2023\/01\/1-GRENCHEN-Berner-Rundflug-776x776-1.jpg","width":776,"height":776,"caption":"Volo in aereo intorno a Berna da Grenchen"},{"@type":"BreadcrumbList","@id":"https:\/\/www.swissraft.ch\/it\/prodotto\/volo-in-aereo-da-granges-circa-berne-30-min-chf-33000\/#breadcrumb","itemListElement":[{"@type":"ListItem","position":1,"name":"Accueil","item":"https:\/\/www.swissraft.ch\/it\/"},{"@type":"ListItem","position":2,"name":"Negozio","item":"https:\/\/www.swissraft.ch\/it\/negozio\/"},{"@type":"ListItem","position":3,"name":"Volo in aereo da GRANGES &#8211; CIRCA BERNE &#8211; 30 min. &#8211; CHF 330,00"}]},{"@type":"WebSite","@id":"https:\/\/www.swissraft.ch\/it\/#website","url":"https:\/\/www.swissraft.ch\/it\/","name":"Swissraft","description":"To enjoy nature as it is","publisher":{"@id":"https:\/\/www.swissraft.ch\/it\/#organization"},"potentialAction":[{"@type":"SearchAction","target":{"@type":"EntryPoint","urlTemplate":"https:\/\/www.swissraft.ch\/it\/?s={search_term_string}"},"query-input":{"@type":"PropertyValueSpecification","valueRequired":true,"valueName":"search_term_string"}}],"inLanguage":"it-IT"},{"@type":"Organization","@id":"https:\/\/www.swissraft.ch\/it\/#organization","name":"Swissraft","url":"https:\/\/www.swissraft.ch\/it\/","logo":{"@type":"ImageObject","inLanguage":"it-IT","@id":"https:\/\/www.swissraft.ch\/it\/#\/schema\/logo\/image\/","url":"https:\/\/www.swissraft.ch\/wp-content\/uploads\/2025\/09\/Capture.jpg","contentUrl":"https:\/\/www.swissraft.ch\/wp-content\/uploads\/2025\/09\/Capture.jpg","width":293,"height":108,"caption":"Swissraft"},"image":{"@id":"https:\/\/www.swissraft.ch\/it\/#\/schema\/logo\/image\/"}}]}},"_links":{"self":[{"href":"https:\/\/www.swissraft.ch\/it\/wp-json\/wp\/v2\/product\/93023","targetHints":{"allow":["GET"]}}],"collection":[{"href":"https:\/\/www.swissraft.ch\/it\/wp-json\/wp\/v2\/product"}],"about":[{"href":"https:\/\/www.swissraft.ch\/it\/wp-json\/wp\/v2\/types\/product"}],"replies":[{"embeddable":true,"href":"https:\/\/www.swissraft.ch\/it\/wp-json\/wp\/v2\/comments?post=93023"}],"version-history":[{"count":0,"href":"https:\/\/www.swissraft.ch\/it\/wp-json\/wp\/v2\/product\/93023\/revisions"}],"wp:featuredmedia":[{"embeddable":true,"href":"https:\/\/www.swissraft.ch\/it\/wp-json\/wp\/v2\/media\/89618"}],"wp:attachment":[{"href":"https:\/\/www.swissraft.ch\/it\/wp-json\/wp\/v2\/media?parent=93023"}],"wp:term":[{"taxonomy":"product_cat","embeddable":true,"href":"https:\/\/www.swissraft.ch\/it\/wp-json\/wp\/v2\/product_cat?post=93023"},{"taxonomy":"product_tag","embeddable":true,"href":"https:\/\/www.swissraft.ch\/it\/wp-json\/wp\/v2\/product_tag?post=93023"}],"curies":[{"name":"wp","href":"https:\/\/api.w.org\/{rel}","templated":true}]}}