{"id":93003,"date":"2023-01-17T11:02:05","date_gmt":"2023-01-17T10:02:05","guid":{"rendered":"https:\/\/swissraft.xyanzkdne.eu\/product\/volo-aereo-da-epagny-les-3-lacs-60-min-a-partire-da-chf-25000\/"},"modified":"2025-12-19T05:50:50","modified_gmt":"2025-12-19T04:50:50","slug":"volo-aereo-da-epagny-les-3-lacs-60-min-a-partire-da-chf-25000","status":"publish","type":"product","link":"https:\/\/www.swissraft.ch\/it\/prodotto\/volo-aereo-da-epagny-les-3-lacs-60-min-a-partire-da-chf-25000\/","title":{"rendered":"Volo in aereo da \u00c9PAGNY &#8211; I TRE LAGHI &#8211; 60 min. &#8211; A partire da CHF 150.00"},"content":{"rendered":"\t\t<div data-elementor-type=\"wp-post\" data-elementor-id=\"93003\" class=\"elementor elementor-93003 elementor-30415\">\n\t\t\t\t\t\t\t\t\t<section class=\"elementor-section elementor-top-section elementor-element elementor-element-3303a7e3 elementor-section-boxed elementor-section-height-default elementor-section-height-default\" data-id=\"3303a7e3\" data-element_type=\"section\">\n\t\t\t\t\t\t<div class=\"elementor-container elementor-column-gap-default\">\n\t\t\t\t\t<div class=\"elementor-column elementor-col-100 elementor-top-column elementor-element elementor-element-16d72dbf\" data-id=\"16d72dbf\" data-element_type=\"column\">\n\t\t\t<div class=\"elementor-widget-wrap elementor-element-populated\">\n\t\t\t\t\t\t\t\t<div class=\"elementor-element elementor-element-d743c03 elementor-widget elementor-widget-text-editor\" data-id=\"d743c03\" data-element_type=\"widget\" data-widget_type=\"text-editor.default\">\n\t\t\t\t<div class=\"elementor-widget-container\">\n\t\t\t\t\t\t\t<h2>SCEGLI LA TUA ATTIVIT\u00c0 QUI SOTTO PER OFFRIRE BUONI REGALO \/ BIGLIETTI O EFFETTUARE UNA PRENOTAZIONE<\/h2><table border=\"0\" width=\"580\" cellspacing=\"10\" cellpadding=\"10\"><tbody><tr><td width=\"50%\"><strong>I TRE LAGHI (1-5 pers.) &#8211; 60 min.<\/strong><\/td><td><strong>A partire da CHF 150.00 per persona<span class=\"productPrice\"><br \/><\/span><\/strong><\/td><\/tr><tr><td>Informazioni aggiuntive<\/td><td>&#8211; Bambini dai 5 ai 12 anni<br \/><span class=\"patt\">&#8211; Massimo 5 pers. di cui 2 bambini <br \/>&#8211; Peso max. 60 kg in totale per i bambini<br \/>&#8211; Altezza max. per bambino 1m50<\/span><\/td><\/tr><tr><td>Aerodromo<\/td><td><a href=\"https:\/\/www.google.com\/maps\/place\/46%C2%B035'44.0%22N+7%C2%B005'36.3%22E\/@46.5958455,7.0846888,1551m\/data=!3m1!1e3!4m4!3m3!8m2!3d46.5955556!4d7.0934167?entry=ttu\" target=\"_blank\" rel=\"noopener\">\u00c9pagny<\/a><\/td><\/tr><tr><td>Tempo di volo<\/td><td>60 min.<\/td><\/tr><tr><td>Durata totale<\/td><td>circa 1h15<\/td><\/tr><tr><td>Appuntamento<\/td><td>Per telefono<\/td><\/tr><tr><td><button class=\"elementor-button\" type=\"button\"> <a href=\"https:\/\/swissraft.outdoorbooking.ch\/fo\/products\/1685?base_id=252&amp;category_id=22&amp;order_type=gift_voucher&amp;lang=it\" target=\"_blank\" rel=\"noopener\">ACQUISTO BUONO REGALO \/ BIGLIETTO<\/a> <\/button><\/td><td><strong>CHF 150.00<\/strong>\/pers.<strong> &#8211; 60 min.<\/strong><\/td><\/tr><tr><td><button class=\"elementor-button\" type=\"button\"><a href=\"https:\/\/swissraft.outdoorbooking.ch\/fo\/products\/1691?base_id=253&amp;category_id=22&amp;order_type=gift_voucher&amp;lang=it\" target=\"_blank\" rel=\"noopener\">ACQUISTO BUONO REGALO \/ BIGLIETTO<\/a><\/button><\/td><td><strong>CHF 450.00 &#8211; 60 min. &#8211; Volo privato (1-3 pers.)<\/strong><\/td><\/tr><tr><td><button class=\"elementor-button\" type=\"button\"><a href=\"https:\/\/swissraft.outdoorbooking.ch\/fo\/products\/1708?base_id=255&amp;category_id=22&amp;order_type=gift_voucher&amp;lang=it\" target=\"_blank\" rel=\"noopener\">ACQUISTO BUONO REGALO \/ BIGLIETTO<\/a><\/button><\/td><td><strong>CHF 475.00 &#8211; 60 min. &#8211; Volo privato (3 adul. + 2 bamb.)<\/strong><\/td><\/tr><tr><td>\u00a0<\/td><td><span style=\"text-decoration: underline;\"><strong><em>IMPORTANTE !<\/em><\/strong><\/span><br \/><em>Per prenotare, chiamate il numero che si trova in alto a sinistra sul buono regalo\/biglietto.<\/em><\/td><\/tr><\/tbody><\/table>\t\t\t\t\t\t<\/div>\n\t\t\t\t<\/div>\n\t\t\t\t\t<\/div>\n\t\t<\/div>\n\t\t\t\t\t\t\t<\/div>\n\t\t<\/section>\n\t\t\t\t\t\t\t<\/div>\n\t\t","protected":false},"excerpt":{"rendered":"<div align=\"justify\">\n<h2 align=\"justify\">I tre laghi dall&#8217;aerodromo di \u00c9pagny en Gruy\u00e8re<\/h2>\n<h3>Questo volo di 60 minuti ti porter\u00e0 a sorvolare il lago di Neuch\u00e2tel, il lago di Biel e il lago di Murten.<\/h3>\n<\/div>\n<div align=\"justify\">\n<p>Decolla da \u00c9pagny e dirigiti verso la regione dei Tre Laghi per un volo di 60 minuti. La regione dei Tre Laghi comprende 4 cantoni ed \u00e8 una regione in cui si parla francese e tedesco. Sorvolerai i laghi di Neuch\u00e2tel, Biel e Murten prima di tornare all&#8217;aerodromo di \u00c9pagny per riposare.<\/p>\n<h3>Sul suo sito web, Swissraft offre un&#8217;ampia gamma di tour della Svizzera con aerei da turismo.<\/h3>\n<p id=\"textarea\" style=\"display: none;\">\nOffriamo anche voli dall&#8217;aeroporto di Biel, nel cantone di Berna. Da un lato, abbiamo voli di piacere dall&#8217;aeroporto internazionale di Berna-Belp. Effettuiamo anche voli di piacere dall&#8217;aerodromo di Buttwil. Decolliamo anche dall&#8217;aeroporto di Grenchen, nel cantone di Soletta. Operiamo anche voli dall&#8217;aerodromo di Sch\u00e4nis, nel cantone di San Gallo. Gallo.\n<\/p>\n<p><a id=\"seeMore\" onclick=\"toggleSeeMore()\" href=\"javascript:void(0);\">Leggi tutto<\/a><\/p>\n","protected":false},"featured_media":88433,"comment_status":"open","ping_status":"closed","template":"","meta":{"inline_featured_image":false,"_mi_skip_tracking":false},"product_cat":[553,423],"product_tag":[],"class_list":["post-93003","product","type-product","status-publish","has-post-thumbnail","hentry","product_cat-aereo-epagny","product_cat-voli"],"yoast_head":"<!-- This site is optimized with the Yoast SEO plugin v23.6 - https:\/\/yoast.com\/wordpress\/plugins\/seo\/ -->\n<title>I tre laghi si raggiungono in aereo da \u00c9pagny con un volo di 60 minuti.<\/title>\n<meta name=\"description\" content=\"Un volo di 60 minuti sui tre laghi da \u00c9pagny. Decolla da \u00c9pagny per sorvolare i laghi di Neuch\u00e2tel, Biel e Murten.\" \/>\n<meta name=\"robots\" content=\"index, follow, max-snippet:-1, max-image-preview:large, max-video-preview:-1\" \/>\n<link rel=\"canonical\" href=\"https:\/\/www.swissraft.ch\/it\/prodotto\/volo-aereo-da-epagny-les-3-lacs-60-min-a-partire-da-chf-25000\/\" \/>\n<meta property=\"og:locale\" content=\"it_IT\" \/>\n<meta property=\"og:type\" content=\"article\" \/>\n<meta property=\"og:title\" content=\"I tre laghi si raggiungono in aereo da \u00c9pagny con un volo di 60 minuti.\" \/>\n<meta property=\"og:description\" content=\"Un volo di 60 minuti sui tre laghi da \u00c9pagny. Decolla da \u00c9pagny per sorvolare i laghi di Neuch\u00e2tel, Biel e Murten.\" \/>\n<meta property=\"og:url\" content=\"https:\/\/www.swissraft.ch\/it\/prodotto\/volo-aereo-da-epagny-les-3-lacs-60-min-a-partire-da-chf-25000\/\" \/>\n<meta property=\"og:site_name\" content=\"Swissraft\" \/>\n<meta property=\"article:modified_time\" content=\"2025-12-19T04:50:50+00:00\" \/>\n<meta property=\"og:image\" content=\"https:\/\/www.swissraft.ch\/wp-content\/uploads\/2023\/01\/4-EPAGNY-Die-drei-Seen-776x776-1.jpg\" \/>\n\t<meta property=\"og:image:width\" content=\"776\" \/>\n\t<meta property=\"og:image:height\" content=\"776\" \/>\n\t<meta property=\"og:image:type\" content=\"image\/jpeg\" \/>\n<meta name=\"twitter:card\" content=\"summary_large_image\" \/>\n<meta name=\"twitter:label1\" content=\"Tempo di lettura stimato\" \/>\n\t<meta name=\"twitter:data1\" content=\"1 minuto\" \/>\n<script type=\"application\/ld+json\" class=\"yoast-schema-graph\">{\"@context\":\"https:\/\/schema.org\",\"@graph\":[{\"@type\":\"WebPage\",\"@id\":\"https:\/\/www.swissraft.ch\/it\/prodotto\/volo-aereo-da-epagny-les-3-lacs-60-min-a-partire-da-chf-25000\/\",\"url\":\"https:\/\/www.swissraft.ch\/it\/prodotto\/volo-aereo-da-epagny-les-3-lacs-60-min-a-partire-da-chf-25000\/\",\"name\":\"I tre laghi si raggiungono in aereo da \u00c9pagny con un volo di 60 minuti.\",\"isPartOf\":{\"@id\":\"https:\/\/www.swissraft.ch\/it\/#website\"},\"primaryImageOfPage\":{\"@id\":\"https:\/\/www.swissraft.ch\/it\/prodotto\/volo-aereo-da-epagny-les-3-lacs-60-min-a-partire-da-chf-25000\/#primaryimage\"},\"image\":{\"@id\":\"https:\/\/www.swissraft.ch\/it\/prodotto\/volo-aereo-da-epagny-les-3-lacs-60-min-a-partire-da-chf-25000\/#primaryimage\"},\"thumbnailUrl\":\"https:\/\/www.swissraft.ch\/wp-content\/uploads\/2023\/01\/4-EPAGNY-Die-drei-Seen-776x776-1.jpg\",\"datePublished\":\"2023-01-17T10:02:05+00:00\",\"dateModified\":\"2025-12-19T04:50:50+00:00\",\"description\":\"Un volo di 60 minuti sui tre laghi da \u00c9pagny. Decolla da \u00c9pagny per sorvolare i laghi di Neuch\u00e2tel, Biel e Murten.\",\"breadcrumb\":{\"@id\":\"https:\/\/www.swissraft.ch\/it\/prodotto\/volo-aereo-da-epagny-les-3-lacs-60-min-a-partire-da-chf-25000\/#breadcrumb\"},\"inLanguage\":\"it-IT\",\"potentialAction\":[{\"@type\":\"ReadAction\",\"target\":[\"https:\/\/www.swissraft.ch\/it\/prodotto\/volo-aereo-da-epagny-les-3-lacs-60-min-a-partire-da-chf-25000\/\"]}]},{\"@type\":\"ImageObject\",\"inLanguage\":\"it-IT\",\"@id\":\"https:\/\/www.swissraft.ch\/it\/prodotto\/volo-aereo-da-epagny-les-3-lacs-60-min-a-partire-da-chf-25000\/#primaryimage\",\"url\":\"https:\/\/www.swissraft.ch\/wp-content\/uploads\/2023\/01\/4-EPAGNY-Die-drei-Seen-776x776-1.jpg\",\"contentUrl\":\"https:\/\/www.swissraft.ch\/wp-content\/uploads\/2023\/01\/4-EPAGNY-Die-drei-Seen-776x776-1.jpg\",\"width\":776,\"height\":776,\"caption\":\"Raggiungi i 3 laghi in aereo da \u00c9pagny\"},{\"@type\":\"BreadcrumbList\",\"@id\":\"https:\/\/www.swissraft.ch\/it\/prodotto\/volo-aereo-da-epagny-les-3-lacs-60-min-a-partire-da-chf-25000\/#breadcrumb\",\"itemListElement\":[{\"@type\":\"ListItem\",\"position\":1,\"name\":\"Accueil\",\"item\":\"https:\/\/www.swissraft.ch\/it\/\"},{\"@type\":\"ListItem\",\"position\":2,\"name\":\"Negozio\",\"item\":\"https:\/\/www.swissraft.ch\/it\/negozio\/\"},{\"@type\":\"ListItem\",\"position\":3,\"name\":\"Volo in aereo da \u00c9PAGNY &#8211; I TRE LAGHI &#8211; 60 min. &#8211; A partire da CHF 150.00\"}]},{\"@type\":\"WebSite\",\"@id\":\"https:\/\/www.swissraft.ch\/it\/#website\",\"url\":\"https:\/\/www.swissraft.ch\/it\/\",\"name\":\"Swissraft\",\"description\":\"To enjoy nature as it is\",\"publisher\":{\"@id\":\"https:\/\/www.swissraft.ch\/it\/#organization\"},\"potentialAction\":[{\"@type\":\"SearchAction\",\"target\":{\"@type\":\"EntryPoint\",\"urlTemplate\":\"https:\/\/www.swissraft.ch\/it\/?s={search_term_string}\"},\"query-input\":{\"@type\":\"PropertyValueSpecification\",\"valueRequired\":true,\"valueName\":\"search_term_string\"}}],\"inLanguage\":\"it-IT\"},{\"@type\":\"Organization\",\"@id\":\"https:\/\/www.swissraft.ch\/it\/#organization\",\"name\":\"Swissraft\",\"url\":\"https:\/\/www.swissraft.ch\/it\/\",\"logo\":{\"@type\":\"ImageObject\",\"inLanguage\":\"it-IT\",\"@id\":\"https:\/\/www.swissraft.ch\/it\/#\/schema\/logo\/image\/\",\"url\":\"https:\/\/www.swissraft.ch\/wp-content\/uploads\/2025\/09\/Capture.jpg\",\"contentUrl\":\"https:\/\/www.swissraft.ch\/wp-content\/uploads\/2025\/09\/Capture.jpg\",\"width\":293,\"height\":108,\"caption\":\"Swissraft\"},\"image\":{\"@id\":\"https:\/\/www.swissraft.ch\/it\/#\/schema\/logo\/image\/\"}}]}<\/script>\n<!-- \/ Yoast SEO plugin. -->","yoast_head_json":{"title":"I tre laghi si raggiungono in aereo da \u00c9pagny con un volo di 60 minuti.","description":"Un volo di 60 minuti sui tre laghi da \u00c9pagny. Decolla da \u00c9pagny per sorvolare i laghi di Neuch\u00e2tel, Biel e Murten.","robots":{"index":"index","follow":"follow","max-snippet":"max-snippet:-1","max-image-preview":"max-image-preview:large","max-video-preview":"max-video-preview:-1"},"canonical":"https:\/\/www.swissraft.ch\/it\/prodotto\/volo-aereo-da-epagny-les-3-lacs-60-min-a-partire-da-chf-25000\/","og_locale":"it_IT","og_type":"article","og_title":"I tre laghi si raggiungono in aereo da \u00c9pagny con un volo di 60 minuti.","og_description":"Un volo di 60 minuti sui tre laghi da \u00c9pagny. Decolla da \u00c9pagny per sorvolare i laghi di Neuch\u00e2tel, Biel e Murten.","og_url":"https:\/\/www.swissraft.ch\/it\/prodotto\/volo-aereo-da-epagny-les-3-lacs-60-min-a-partire-da-chf-25000\/","og_site_name":"Swissraft","article_modified_time":"2025-12-19T04:50:50+00:00","og_image":[{"width":776,"height":776,"url":"https:\/\/www.swissraft.ch\/wp-content\/uploads\/2023\/01\/4-EPAGNY-Die-drei-Seen-776x776-1.jpg","type":"image\/jpeg"}],"twitter_card":"summary_large_image","twitter_misc":{"Tempo di lettura stimato":"1 minuto"},"schema":{"@context":"https:\/\/schema.org","@graph":[{"@type":"WebPage","@id":"https:\/\/www.swissraft.ch\/it\/prodotto\/volo-aereo-da-epagny-les-3-lacs-60-min-a-partire-da-chf-25000\/","url":"https:\/\/www.swissraft.ch\/it\/prodotto\/volo-aereo-da-epagny-les-3-lacs-60-min-a-partire-da-chf-25000\/","name":"I tre laghi si raggiungono in aereo da \u00c9pagny con un volo di 60 minuti.","isPartOf":{"@id":"https:\/\/www.swissraft.ch\/it\/#website"},"primaryImageOfPage":{"@id":"https:\/\/www.swissraft.ch\/it\/prodotto\/volo-aereo-da-epagny-les-3-lacs-60-min-a-partire-da-chf-25000\/#primaryimage"},"image":{"@id":"https:\/\/www.swissraft.ch\/it\/prodotto\/volo-aereo-da-epagny-les-3-lacs-60-min-a-partire-da-chf-25000\/#primaryimage"},"thumbnailUrl":"https:\/\/www.swissraft.ch\/wp-content\/uploads\/2023\/01\/4-EPAGNY-Die-drei-Seen-776x776-1.jpg","datePublished":"2023-01-17T10:02:05+00:00","dateModified":"2025-12-19T04:50:50+00:00","description":"Un volo di 60 minuti sui tre laghi da \u00c9pagny. Decolla da \u00c9pagny per sorvolare i laghi di Neuch\u00e2tel, Biel e Murten.","breadcrumb":{"@id":"https:\/\/www.swissraft.ch\/it\/prodotto\/volo-aereo-da-epagny-les-3-lacs-60-min-a-partire-da-chf-25000\/#breadcrumb"},"inLanguage":"it-IT","potentialAction":[{"@type":"ReadAction","target":["https:\/\/www.swissraft.ch\/it\/prodotto\/volo-aereo-da-epagny-les-3-lacs-60-min-a-partire-da-chf-25000\/"]}]},{"@type":"ImageObject","inLanguage":"it-IT","@id":"https:\/\/www.swissraft.ch\/it\/prodotto\/volo-aereo-da-epagny-les-3-lacs-60-min-a-partire-da-chf-25000\/#primaryimage","url":"https:\/\/www.swissraft.ch\/wp-content\/uploads\/2023\/01\/4-EPAGNY-Die-drei-Seen-776x776-1.jpg","contentUrl":"https:\/\/www.swissraft.ch\/wp-content\/uploads\/2023\/01\/4-EPAGNY-Die-drei-Seen-776x776-1.jpg","width":776,"height":776,"caption":"Raggiungi i 3 laghi in aereo da \u00c9pagny"},{"@type":"BreadcrumbList","@id":"https:\/\/www.swissraft.ch\/it\/prodotto\/volo-aereo-da-epagny-les-3-lacs-60-min-a-partire-da-chf-25000\/#breadcrumb","itemListElement":[{"@type":"ListItem","position":1,"name":"Accueil","item":"https:\/\/www.swissraft.ch\/it\/"},{"@type":"ListItem","position":2,"name":"Negozio","item":"https:\/\/www.swissraft.ch\/it\/negozio\/"},{"@type":"ListItem","position":3,"name":"Volo in aereo da \u00c9PAGNY &#8211; I TRE LAGHI &#8211; 60 min. &#8211; A partire da CHF 150.00"}]},{"@type":"WebSite","@id":"https:\/\/www.swissraft.ch\/it\/#website","url":"https:\/\/www.swissraft.ch\/it\/","name":"Swissraft","description":"To enjoy nature as it is","publisher":{"@id":"https:\/\/www.swissraft.ch\/it\/#organization"},"potentialAction":[{"@type":"SearchAction","target":{"@type":"EntryPoint","urlTemplate":"https:\/\/www.swissraft.ch\/it\/?s={search_term_string}"},"query-input":{"@type":"PropertyValueSpecification","valueRequired":true,"valueName":"search_term_string"}}],"inLanguage":"it-IT"},{"@type":"Organization","@id":"https:\/\/www.swissraft.ch\/it\/#organization","name":"Swissraft","url":"https:\/\/www.swissraft.ch\/it\/","logo":{"@type":"ImageObject","inLanguage":"it-IT","@id":"https:\/\/www.swissraft.ch\/it\/#\/schema\/logo\/image\/","url":"https:\/\/www.swissraft.ch\/wp-content\/uploads\/2025\/09\/Capture.jpg","contentUrl":"https:\/\/www.swissraft.ch\/wp-content\/uploads\/2025\/09\/Capture.jpg","width":293,"height":108,"caption":"Swissraft"},"image":{"@id":"https:\/\/www.swissraft.ch\/it\/#\/schema\/logo\/image\/"}}]}},"_links":{"self":[{"href":"https:\/\/www.swissraft.ch\/it\/wp-json\/wp\/v2\/product\/93003","targetHints":{"allow":["GET"]}}],"collection":[{"href":"https:\/\/www.swissraft.ch\/it\/wp-json\/wp\/v2\/product"}],"about":[{"href":"https:\/\/www.swissraft.ch\/it\/wp-json\/wp\/v2\/types\/product"}],"replies":[{"embeddable":true,"href":"https:\/\/www.swissraft.ch\/it\/wp-json\/wp\/v2\/comments?post=93003"}],"version-history":[{"count":5,"href":"https:\/\/www.swissraft.ch\/it\/wp-json\/wp\/v2\/product\/93003\/revisions"}],"predecessor-version":[{"id":124355,"href":"https:\/\/www.swissraft.ch\/it\/wp-json\/wp\/v2\/product\/93003\/revisions\/124355"}],"wp:featuredmedia":[{"embeddable":true,"href":"https:\/\/www.swissraft.ch\/it\/wp-json\/wp\/v2\/media\/88433"}],"wp:attachment":[{"href":"https:\/\/www.swissraft.ch\/it\/wp-json\/wp\/v2\/media?parent=93003"}],"wp:term":[{"taxonomy":"product_cat","embeddable":true,"href":"https:\/\/www.swissraft.ch\/it\/wp-json\/wp\/v2\/product_cat?post=93003"},{"taxonomy":"product_tag","embeddable":true,"href":"https:\/\/www.swissraft.ch\/it\/wp-json\/wp\/v2\/product_tag?post=93003"}],"curies":[{"name":"wp","href":"https:\/\/api.w.org\/{rel}","templated":true}]}}