{"id":92998,"date":"2023-01-17T10:33:07","date_gmt":"2023-01-17T09:33:07","guid":{"rendered":"https:\/\/swissraft.xyanzkdne.eu\/product\/primo-volo-in-aereo-da-epagny-20-min-a-partire-da-chf-4900\/"},"modified":"2025-12-19T02:10:37","modified_gmt":"2025-12-19T01:10:37","slug":"primo-volo-in-aereo-da-epagny-20-min-a-partire-da-chf-4900","status":"publish","type":"product","link":"https:\/\/www.swissraft.ch\/it\/prodotto\/primo-volo-in-aereo-da-epagny-20-min-a-partire-da-chf-4900\/","title":{"rendered":"Primo volo in aereo da EPAGNY &#8211; 20 min. &#8211; A partire da CHF 49.00"},"content":{"rendered":"\t\t<div data-elementor-type=\"wp-post\" data-elementor-id=\"92998\" class=\"elementor elementor-92998 elementor-30398\">\n\t\t\t\t\t\t\t\t\t<section class=\"elementor-section elementor-top-section elementor-element elementor-element-3303a7e3 elementor-section-boxed elementor-section-height-default elementor-section-height-default\" data-id=\"3303a7e3\" data-element_type=\"section\">\n\t\t\t\t\t\t<div class=\"elementor-container elementor-column-gap-default\">\n\t\t\t\t\t<div class=\"elementor-column elementor-col-100 elementor-top-column elementor-element elementor-element-16d72dbf\" data-id=\"16d72dbf\" data-element_type=\"column\">\n\t\t\t<div class=\"elementor-widget-wrap elementor-element-populated\">\n\t\t\t\t\t\t\t\t<div class=\"elementor-element elementor-element-d743c03 elementor-widget elementor-widget-text-editor\" data-id=\"d743c03\" data-element_type=\"widget\" data-widget_type=\"text-editor.default\">\n\t\t\t\t<div class=\"elementor-widget-container\">\n\t\t\t\t\t\t\t<h2>SCEGLI LA TUA ATTIVIT\u00c0 QUI SOTTO PER OFFRIRE BUONI REGALO \/ BIGLIETTI O EFFETTUARE UNA PRENOTAZIONE<\/h2>\n<table border=\"0\" width=\"580\" cellspacing=\"10\" cellpadding=\"10\">\n<tbody>\n<tr>\n<td width=\"50%\"><strong>BATTESIMO D&#8217;ARIA &#8211; (1-5 pers.) &#8211; 20 min.<\/strong><\/td>\n<td><strong>A partire da CHF 49.00 a persona<span class=\"productPrice\"><br \/><\/span><\/strong><\/td>\n<\/tr>\n<tr>\n<td>Informazioni aggiuntive<\/td>\n<td><span class=\"patt\">&#8211; Bambini dai 5 ai 12 anni<br \/>&#8211; Massimo 5 pers. di cui 2 bambini <br \/>&#8211; Peso max. 60 kg in totale per i bambini<br \/>&#8211; Altezza max. per bambino 1m50<br \/><\/span><\/td>\n<\/tr>\n<tr>\n<td>Aerodromo<\/td>\n<td><a href=\"https:\/\/www.google.com\/maps\/place\/46%C2%B035'44.0%22N+7%C2%B005'36.3%22E\/@46.5958455,7.0846888,1551m\/data=!3m1!1e3!4m4!3m3!8m2!3d46.5955556!4d7.0934167?entry=ttu\" target=\"_blank\" rel=\"noopener\">\u00c9pagny<\/a><\/td>\n<\/tr>\n<tr>\n<td>Durata del volo<\/td>\n<td>20 min.<\/td>\n<\/tr>\n<tr>\n<td>Durata totale<\/td>\n<td>circa 50 min.<\/td>\n<\/tr>\n<tr>\n<td>Appuntamento<\/td>\n<td>Per telefono<\/td>\n<\/tr>\n<tr>\n<td> <button class=\"elementor-button\" type=\"button\"> <a href=\"https:\/\/swissraft.outdoorbooking.ch\/fo\/products\/1682?base_id=252&amp;category_id=22&amp;order_type=gift_voucher&amp;lang=it\" target=\"_blank\" rel=\"noopener\">ACQUISTO BUONO REGALO \/ BIGLIETTO<\/a> <\/button><\/td>\n<td><strong>CHF 49.00<\/strong>\/pers.<\/td>\n<\/tr>\n<tr>\n<td> <a href=\"https:\/\/swissraft.outdoorbooking.ch\/fo\/products\/1688?base_id=253&amp;category_id=22&amp;order_type=gift_voucher&amp;lang=it\" target=\"_blank\" rel=\"noopener\"> <button class=\"elementor-button\" type=\"button\">ACQUISTO BUONO REGALO \/ BIGLIETTO<\/button> <\/a><\/td>\n<td><strong>CHF 147.00 &#8211; Volo privato (1-3 pers.)<\/strong> <\/td>\n<\/tr>\n<tr>\n<td> <a href=\"https:\/\/swissraft.outdoorbooking.ch\/fo\/products\/1711?base_id=255&amp;category_id=22&amp;order_type=gift_voucher&amp;lang=it\" target=\"_blank\" rel=\"noopener\"> <button class=\"elementor-button\" type=\"button\">ACQUISTO BUONO REGALO \/ BIGLIETTO<\/button> <\/a><\/td>\n<td><strong>CHF 245.00 &#8211; Volo privato (3 adul. + 2 bamb.)<\/strong> <\/td>\n<\/tr>\n<tr>\n<td> <\/td>\n<td>Per prenotare <span class=\"patt\" style=\"font-family: inherit; font-size: inherit;\"><span class=\"plbl\"><span class=\"patt\"><a href=\"https:\/\/www.swissraft.ch\/it\/contattaci\/\">contattateci<\/a><\/span><\/span><\/span><\/td>\n<\/tr>\n<\/tbody>\n<\/table>\n\t\t\t\t\t\t<\/div>\n\t\t\t\t<\/div>\n\t\t\t\t\t<\/div>\n\t\t<\/div>\n\t\t\t\t\t\t\t<\/div>\n\t\t<\/section>\n\t\t\t\t\t\t\t<\/div>\n\t\t","protected":false},"excerpt":{"rendered":"<div align=\"justify\">\n<h2 align=\"justify\">Parti da \u00c9pagny per un primo volo di 20 minuti in un aereo passeggeri.<\/h2>\n<h3>Scopri il volo in un piccolo aereo durante un tour sulla regione del Gruy\u00e8re.<\/h3>\n<\/div>\n<div align=\"justify\">\n<p>Dall&#8217;aerodromo di \u00c9pagny, sorvola la regione della Gruy\u00e8re con il nostro pilota. Inoltre, per il tuo primo volo il nostro pilota \u00e8 particolarmente attento affinch\u00e9 tu possa goderti appieno il volo. Dopo un volo di 20 minuti, si ritorna all&#8217;aerodromo di \u00c9pagny.<\/p>\n<h3>Partendo da \u00c9pagny, swissraft offre 6 circuiti e voli \u00e0 la carte.<\/h3>\n<p id=\"textarea\" style=\"display: none;\">\nEffettuiamo anche voli di piacere dall&#8217;aerodromo di Biel, nel cantone di Berna. Da un lato, operiamo voli di piacere dall&#8217;aeroporto internazionale di Berna-Belp. Abbiamo anche tour aerei in partenza dall&#8217;aerodromo di Granges. Ma anche voli per Argovia da Buttwil. Abbiamo anche voli di piacere nel cantone di St. Gall dall&#8217;aerodromo di Sch\u00e4nis.\n<\/p>\n<p><a id=\"seeMore\" onclick=\"toggleSeeMore()\" href=\"javascript:void(0);\">Leggi tutto<\/a><\/p>\n","protected":false},"featured_media":88340,"comment_status":"open","ping_status":"closed","template":"","meta":{"inline_featured_image":false,"_mi_skip_tracking":false},"product_cat":[553,423],"product_tag":[],"class_list":["post-92998","product","type-product","status-publish","has-post-thumbnail","hentry","product_cat-aereo-epagny","product_cat-voli-aereo"],"yoast_head":"<!-- This site is optimized with the Yoast SEO plugin v23.6 - https:\/\/yoast.com\/wordpress\/plugins\/seo\/ -->\n<title>Battesimo dell&#039;aria - 20 min. da \u00c9pagny in aereo turistico<\/title>\n<meta name=\"description\" content=\"Battesimo dell&#039;aria - 20 minuti da \u00c9pagny-min. Decolla per un volo di 20 minuti sopra la regione della Gruy\u00e8re e le Prealpi di Friburgo.\" \/>\n<meta name=\"robots\" content=\"index, follow, max-snippet:-1, max-image-preview:large, max-video-preview:-1\" \/>\n<link rel=\"canonical\" href=\"https:\/\/www.swissraft.ch\/it\/prodotto\/primo-volo-in-aereo-da-epagny-20-min-a-partire-da-chf-4900\/\" \/>\n<meta property=\"og:locale\" content=\"it_IT\" \/>\n<meta property=\"og:type\" content=\"article\" \/>\n<meta property=\"og:title\" content=\"Battesimo dell&#039;aria - 20 min. da \u00c9pagny in aereo turistico\" \/>\n<meta property=\"og:description\" content=\"Battesimo dell&#039;aria - 20 minuti da \u00c9pagny-min. Decolla per un volo di 20 minuti sopra la regione della Gruy\u00e8re e le Prealpi di Friburgo.\" \/>\n<meta property=\"og:url\" content=\"https:\/\/www.swissraft.ch\/it\/prodotto\/primo-volo-in-aereo-da-epagny-20-min-a-partire-da-chf-4900\/\" \/>\n<meta property=\"og:site_name\" content=\"Swissraft\" \/>\n<meta property=\"article:modified_time\" content=\"2025-12-19T01:10:37+00:00\" \/>\n<meta property=\"og:image\" content=\"https:\/\/www.swissraft.ch\/wp-content\/uploads\/2023\/01\/1-EPAGNY-Flugtaufe-776x776-1.jpg\" \/>\n\t<meta property=\"og:image:width\" content=\"776\" \/>\n\t<meta property=\"og:image:height\" content=\"776\" \/>\n\t<meta property=\"og:image:type\" content=\"image\/jpeg\" \/>\n<meta name=\"twitter:card\" content=\"summary_large_image\" \/>\n<meta name=\"twitter:label1\" content=\"Tempo di lettura stimato\" \/>\n\t<meta name=\"twitter:data1\" content=\"1 minuto\" \/>\n<script type=\"application\/ld+json\" class=\"yoast-schema-graph\">{\"@context\":\"https:\/\/schema.org\",\"@graph\":[{\"@type\":\"WebPage\",\"@id\":\"https:\/\/www.swissraft.ch\/it\/prodotto\/primo-volo-in-aereo-da-epagny-20-min-a-partire-da-chf-4900\/\",\"url\":\"https:\/\/www.swissraft.ch\/it\/prodotto\/primo-volo-in-aereo-da-epagny-20-min-a-partire-da-chf-4900\/\",\"name\":\"Battesimo dell'aria - 20 min. da \u00c9pagny in aereo turistico\",\"isPartOf\":{\"@id\":\"https:\/\/www.swissraft.ch\/it\/#website\"},\"primaryImageOfPage\":{\"@id\":\"https:\/\/www.swissraft.ch\/it\/prodotto\/primo-volo-in-aereo-da-epagny-20-min-a-partire-da-chf-4900\/#primaryimage\"},\"image\":{\"@id\":\"https:\/\/www.swissraft.ch\/it\/prodotto\/primo-volo-in-aereo-da-epagny-20-min-a-partire-da-chf-4900\/#primaryimage\"},\"thumbnailUrl\":\"https:\/\/www.swissraft.ch\/wp-content\/uploads\/2023\/01\/1-EPAGNY-Flugtaufe-776x776-1.jpg\",\"datePublished\":\"2023-01-17T09:33:07+00:00\",\"dateModified\":\"2025-12-19T01:10:37+00:00\",\"description\":\"Battesimo dell'aria - 20 minuti da \u00c9pagny-min. Decolla per un volo di 20 minuti sopra la regione della Gruy\u00e8re e le Prealpi di Friburgo.\",\"breadcrumb\":{\"@id\":\"https:\/\/www.swissraft.ch\/it\/prodotto\/primo-volo-in-aereo-da-epagny-20-min-a-partire-da-chf-4900\/#breadcrumb\"},\"inLanguage\":\"it-IT\",\"potentialAction\":[{\"@type\":\"ReadAction\",\"target\":[\"https:\/\/www.swissraft.ch\/it\/prodotto\/primo-volo-in-aereo-da-epagny-20-min-a-partire-da-chf-4900\/\"]}]},{\"@type\":\"ImageObject\",\"inLanguage\":\"it-IT\",\"@id\":\"https:\/\/www.swissraft.ch\/it\/prodotto\/primo-volo-in-aereo-da-epagny-20-min-a-partire-da-chf-4900\/#primaryimage\",\"url\":\"https:\/\/www.swissraft.ch\/wp-content\/uploads\/2023\/01\/1-EPAGNY-Flugtaufe-776x776-1.jpg\",\"contentUrl\":\"https:\/\/www.swissraft.ch\/wp-content\/uploads\/2023\/01\/1-EPAGNY-Flugtaufe-776x776-1.jpg\",\"width\":776,\"height\":776,\"caption\":\"Primo volo in aereo da \u00c9pagny\"},{\"@type\":\"BreadcrumbList\",\"@id\":\"https:\/\/www.swissraft.ch\/it\/prodotto\/primo-volo-in-aereo-da-epagny-20-min-a-partire-da-chf-4900\/#breadcrumb\",\"itemListElement\":[{\"@type\":\"ListItem\",\"position\":1,\"name\":\"Accueil\",\"item\":\"https:\/\/www.swissraft.ch\/it\/\"},{\"@type\":\"ListItem\",\"position\":2,\"name\":\"Negozio\",\"item\":\"https:\/\/www.swissraft.ch\/it\/negozio\/\"},{\"@type\":\"ListItem\",\"position\":3,\"name\":\"Primo volo in aereo da EPAGNY &#8211; 20 min. &#8211; A partire da CHF 49.00\"}]},{\"@type\":\"WebSite\",\"@id\":\"https:\/\/www.swissraft.ch\/it\/#website\",\"url\":\"https:\/\/www.swissraft.ch\/it\/\",\"name\":\"Swissraft\",\"description\":\"To enjoy nature as it is\",\"publisher\":{\"@id\":\"https:\/\/www.swissraft.ch\/it\/#organization\"},\"potentialAction\":[{\"@type\":\"SearchAction\",\"target\":{\"@type\":\"EntryPoint\",\"urlTemplate\":\"https:\/\/www.swissraft.ch\/it\/?s={search_term_string}\"},\"query-input\":{\"@type\":\"PropertyValueSpecification\",\"valueRequired\":true,\"valueName\":\"search_term_string\"}}],\"inLanguage\":\"it-IT\"},{\"@type\":\"Organization\",\"@id\":\"https:\/\/www.swissraft.ch\/it\/#organization\",\"name\":\"Swissraft\",\"url\":\"https:\/\/www.swissraft.ch\/it\/\",\"logo\":{\"@type\":\"ImageObject\",\"inLanguage\":\"it-IT\",\"@id\":\"https:\/\/www.swissraft.ch\/it\/#\/schema\/logo\/image\/\",\"url\":\"https:\/\/www.swissraft.ch\/wp-content\/uploads\/2025\/09\/Capture.jpg\",\"contentUrl\":\"https:\/\/www.swissraft.ch\/wp-content\/uploads\/2025\/09\/Capture.jpg\",\"width\":293,\"height\":108,\"caption\":\"Swissraft\"},\"image\":{\"@id\":\"https:\/\/www.swissraft.ch\/it\/#\/schema\/logo\/image\/\"}}]}<\/script>\n<!-- \/ Yoast SEO plugin. -->","yoast_head_json":{"title":"Battesimo dell'aria - 20 min. da \u00c9pagny in aereo turistico","description":"Battesimo dell'aria - 20 minuti da \u00c9pagny-min. Decolla per un volo di 20 minuti sopra la regione della Gruy\u00e8re e le Prealpi di Friburgo.","robots":{"index":"index","follow":"follow","max-snippet":"max-snippet:-1","max-image-preview":"max-image-preview:large","max-video-preview":"max-video-preview:-1"},"canonical":"https:\/\/www.swissraft.ch\/it\/prodotto\/primo-volo-in-aereo-da-epagny-20-min-a-partire-da-chf-4900\/","og_locale":"it_IT","og_type":"article","og_title":"Battesimo dell'aria - 20 min. da \u00c9pagny in aereo turistico","og_description":"Battesimo dell'aria - 20 minuti da \u00c9pagny-min. Decolla per un volo di 20 minuti sopra la regione della Gruy\u00e8re e le Prealpi di Friburgo.","og_url":"https:\/\/www.swissraft.ch\/it\/prodotto\/primo-volo-in-aereo-da-epagny-20-min-a-partire-da-chf-4900\/","og_site_name":"Swissraft","article_modified_time":"2025-12-19T01:10:37+00:00","og_image":[{"width":776,"height":776,"url":"https:\/\/www.swissraft.ch\/wp-content\/uploads\/2023\/01\/1-EPAGNY-Flugtaufe-776x776-1.jpg","type":"image\/jpeg"}],"twitter_card":"summary_large_image","twitter_misc":{"Tempo di lettura stimato":"1 minuto"},"schema":{"@context":"https:\/\/schema.org","@graph":[{"@type":"WebPage","@id":"https:\/\/www.swissraft.ch\/it\/prodotto\/primo-volo-in-aereo-da-epagny-20-min-a-partire-da-chf-4900\/","url":"https:\/\/www.swissraft.ch\/it\/prodotto\/primo-volo-in-aereo-da-epagny-20-min-a-partire-da-chf-4900\/","name":"Battesimo dell'aria - 20 min. da \u00c9pagny in aereo turistico","isPartOf":{"@id":"https:\/\/www.swissraft.ch\/it\/#website"},"primaryImageOfPage":{"@id":"https:\/\/www.swissraft.ch\/it\/prodotto\/primo-volo-in-aereo-da-epagny-20-min-a-partire-da-chf-4900\/#primaryimage"},"image":{"@id":"https:\/\/www.swissraft.ch\/it\/prodotto\/primo-volo-in-aereo-da-epagny-20-min-a-partire-da-chf-4900\/#primaryimage"},"thumbnailUrl":"https:\/\/www.swissraft.ch\/wp-content\/uploads\/2023\/01\/1-EPAGNY-Flugtaufe-776x776-1.jpg","datePublished":"2023-01-17T09:33:07+00:00","dateModified":"2025-12-19T01:10:37+00:00","description":"Battesimo dell'aria - 20 minuti da \u00c9pagny-min. Decolla per un volo di 20 minuti sopra la regione della Gruy\u00e8re e le Prealpi di Friburgo.","breadcrumb":{"@id":"https:\/\/www.swissraft.ch\/it\/prodotto\/primo-volo-in-aereo-da-epagny-20-min-a-partire-da-chf-4900\/#breadcrumb"},"inLanguage":"it-IT","potentialAction":[{"@type":"ReadAction","target":["https:\/\/www.swissraft.ch\/it\/prodotto\/primo-volo-in-aereo-da-epagny-20-min-a-partire-da-chf-4900\/"]}]},{"@type":"ImageObject","inLanguage":"it-IT","@id":"https:\/\/www.swissraft.ch\/it\/prodotto\/primo-volo-in-aereo-da-epagny-20-min-a-partire-da-chf-4900\/#primaryimage","url":"https:\/\/www.swissraft.ch\/wp-content\/uploads\/2023\/01\/1-EPAGNY-Flugtaufe-776x776-1.jpg","contentUrl":"https:\/\/www.swissraft.ch\/wp-content\/uploads\/2023\/01\/1-EPAGNY-Flugtaufe-776x776-1.jpg","width":776,"height":776,"caption":"Primo volo in aereo da \u00c9pagny"},{"@type":"BreadcrumbList","@id":"https:\/\/www.swissraft.ch\/it\/prodotto\/primo-volo-in-aereo-da-epagny-20-min-a-partire-da-chf-4900\/#breadcrumb","itemListElement":[{"@type":"ListItem","position":1,"name":"Accueil","item":"https:\/\/www.swissraft.ch\/it\/"},{"@type":"ListItem","position":2,"name":"Negozio","item":"https:\/\/www.swissraft.ch\/it\/negozio\/"},{"@type":"ListItem","position":3,"name":"Primo volo in aereo da EPAGNY &#8211; 20 min. &#8211; A partire da CHF 49.00"}]},{"@type":"WebSite","@id":"https:\/\/www.swissraft.ch\/it\/#website","url":"https:\/\/www.swissraft.ch\/it\/","name":"Swissraft","description":"To enjoy nature as it is","publisher":{"@id":"https:\/\/www.swissraft.ch\/it\/#organization"},"potentialAction":[{"@type":"SearchAction","target":{"@type":"EntryPoint","urlTemplate":"https:\/\/www.swissraft.ch\/it\/?s={search_term_string}"},"query-input":{"@type":"PropertyValueSpecification","valueRequired":true,"valueName":"search_term_string"}}],"inLanguage":"it-IT"},{"@type":"Organization","@id":"https:\/\/www.swissraft.ch\/it\/#organization","name":"Swissraft","url":"https:\/\/www.swissraft.ch\/it\/","logo":{"@type":"ImageObject","inLanguage":"it-IT","@id":"https:\/\/www.swissraft.ch\/it\/#\/schema\/logo\/image\/","url":"https:\/\/www.swissraft.ch\/wp-content\/uploads\/2025\/09\/Capture.jpg","contentUrl":"https:\/\/www.swissraft.ch\/wp-content\/uploads\/2025\/09\/Capture.jpg","width":293,"height":108,"caption":"Swissraft"},"image":{"@id":"https:\/\/www.swissraft.ch\/it\/#\/schema\/logo\/image\/"}}]}},"_links":{"self":[{"href":"https:\/\/www.swissraft.ch\/it\/wp-json\/wp\/v2\/product\/92998","targetHints":{"allow":["GET"]}}],"collection":[{"href":"https:\/\/www.swissraft.ch\/it\/wp-json\/wp\/v2\/product"}],"about":[{"href":"https:\/\/www.swissraft.ch\/it\/wp-json\/wp\/v2\/types\/product"}],"replies":[{"embeddable":true,"href":"https:\/\/www.swissraft.ch\/it\/wp-json\/wp\/v2\/comments?post=92998"}],"version-history":[{"count":11,"href":"https:\/\/www.swissraft.ch\/it\/wp-json\/wp\/v2\/product\/92998\/revisions"}],"predecessor-version":[{"id":124274,"href":"https:\/\/www.swissraft.ch\/it\/wp-json\/wp\/v2\/product\/92998\/revisions\/124274"}],"wp:featuredmedia":[{"embeddable":true,"href":"https:\/\/www.swissraft.ch\/it\/wp-json\/wp\/v2\/media\/88340"}],"wp:attachment":[{"href":"https:\/\/www.swissraft.ch\/it\/wp-json\/wp\/v2\/media?parent=92998"}],"wp:term":[{"taxonomy":"product_cat","embeddable":true,"href":"https:\/\/www.swissraft.ch\/it\/wp-json\/wp\/v2\/product_cat?post=92998"},{"taxonomy":"product_tag","embeddable":true,"href":"https:\/\/www.swissraft.ch\/it\/wp-json\/wp\/v2\/product_tag?post=92998"}],"curies":[{"name":"wp","href":"https:\/\/api.w.org\/{rel}","templated":true}]}}