{"id":92990,"date":"2023-01-15T17:42:37","date_gmt":"2023-01-15T16:42:37","guid":{"rendered":"https:\/\/swissraft.xyanzkdne.eu\/product\/volo-da-bienne-a-la-carte-a-partire-da-chf-200-00\/"},"modified":"2024-11-20T09:28:22","modified_gmt":"2024-11-20T08:28:22","slug":"volo-da-bienne-a-la-carte-a-partire-da-chf-200-00","status":"publish","type":"product","link":"https:\/\/www.swissraft.ch\/it\/prodotto\/volo-da-bienne-a-la-carte-a-partire-da-chf-200-00\/","title":{"rendered":"Volo da BIENNE &#8211; A LA CARTE &#8211; A partire da CHF 200.00"},"content":{"rendered":"\t\t<div data-elementor-type=\"wp-post\" data-elementor-id=\"92990\" class=\"elementor elementor-92990 elementor-30392\">\n\t\t\t\t\t\t\t\t\t<section class=\"elementor-section elementor-top-section elementor-element elementor-element-3303a7e3 elementor-section-boxed elementor-section-height-default elementor-section-height-default\" data-id=\"3303a7e3\" data-element_type=\"section\">\n\t\t\t\t\t\t<div class=\"elementor-container elementor-column-gap-default\">\n\t\t\t\t\t<div class=\"elementor-column elementor-col-100 elementor-top-column elementor-element elementor-element-16d72dbf\" data-id=\"16d72dbf\" data-element_type=\"column\">\n\t\t\t<div class=\"elementor-widget-wrap elementor-element-populated\">\n\t\t\t\t\t\t\t\t<div class=\"elementor-element elementor-element-d743c03 elementor-widget elementor-widget-text-editor\" data-id=\"d743c03\" data-element_type=\"widget\" data-widget_type=\"text-editor.default\">\n\t\t\t\t<div class=\"elementor-widget-container\">\n\t\t\t\t\t\t\t<h2>SCEGLI LA TUA ATTIVIT\u00c0 QUI SOTTO PER OFFRIRE BUONI REGALO\/BIGLIETTI O EFFETTUARE UNA PRENOTAZIONE<\/h2>\n<table border=\"0\" width=\"580\" cellspacing=\"10\" cellpadding=\"10\">\n<tbody>\n<tr>\n<td width=\"50%\"><strong>VOLO A LA CARTE &#8211; VOLO PRIVATO (1-3 pers.) &#8211; 30 min.<\/strong><\/td>\n<td><strong>CHF 200,00 per volo privato  <span class=\"productPrice\"><br \/><\/span><\/strong><\/td>\n<\/tr>\n<tr>\n<td>Ulteriori informazioni<\/td>\n<td> <span class=\"patt\">&#8211; Puoi utilizzare l&#8217;aereo esclusivamente per te stesso<br \/>&#8211; Imposta la data e l&#8217;ora di partenza<br \/><\/span><span class=\"patt\">&#8211; Massimo 3 persone, di cui 1 bambino di et\u00e0 compresa tra i 2 e i 12 anni <\/span><\/td>\n<\/tr>\n<tr>\n<td>Aerodromo<\/td>\n<td><a href=\"https:\/\/www.google.com\/maps\/place\/47%C2%B005'27.9%22N+7%C2%B017'27.8%22E\/@47.0912114,7.2867544,768m\/data=!3m1!1e3!4m4!3m3!8m2!3d47.0910833!4d7.2910556?entry=ttu\" target=\"_blank\" rel=\"noopener\">Biel<\/a><\/td>\n<\/tr>\n<tr>\n<td>Tempo di volo<\/td>\n<td>30 \/ 60 \/ 90 \/ 120 min.<\/td>\n<\/tr>\n<tr>\n<td>Tempo totale<\/td>\n<td>circa 1h &#8211; 2h30 a seconda del numero di minuti<\/td>\n<\/tr>\n<tr>\n<td>Appuntamento<\/td>\n<td>Per telefono<\/td>\n<\/tr>\n<tr>\n<td><button class=\"elementor-button\" type=\"button\"><a href=\"https:\/\/swissraft.outdoorbooking.ch\/fo\/products\/1464?base_id=26&amp;category_id=22&amp;order_type=gift_voucher&amp;lang=it\" target=\"_blank\" rel=\"noopener\">BUONO REGALO<\/a><\/button><\/td>\n<td><strong>CHF 200,00 &#8211; 30 min. (1-2 persone) <\/strong><\/td>\n<\/tr>\n<tr>\n<td><button class=\"elementor-button\" type=\"button\"><a href=\"https:\/\/swissraft.outdoorbooking.ch\/fo\/products\/1465?base_id=26&amp;category_id=22&amp;order_type=gift_voucher&amp;lang=it\" target=\"_blank\" rel=\"noopener\">BUONO REGALO<\/a><\/button><\/td>\n<td><strong>CHF 250,00 &#8211; 30 min. (2 adulti + 1 bambino) <\/strong><\/td>\n<\/tr>\n<tr>\n<td><button class=\"elementor-button\" type=\"button\"><a href=\"https:\/\/swissraft.outdoorbooking.ch\/fo\/products\/1466?base_id=26&amp;category_id=22&amp;order_type=gift_voucher&amp;lang=it\" target=\"_blank\" rel=\"noopener\">BUONO REGALO<\/a><\/button><\/td>\n<td><strong>CHF 400,00 &#8211; 60 min. (1-2 persone) <\/strong><\/td>\n<\/tr>\n<tr>\n<td><button class=\"elementor-button\" type=\"button\"><a href=\"https:\/\/swissraft.outdoorbooking.ch\/fo\/products\/1467?base_id=26&amp;category_id=22&amp;order_type=gift_voucher&amp;lang=it\" target=\"_blank\" rel=\"noopener\">BUONO REGALO<\/a><\/button><\/td>\n<td><strong>CHF 500,00 &#8211; 60 min. (2 adulti + 1 bambino) <\/strong><\/td>\n<\/tr>\n<tr>\n<td><button class=\"elementor-button\" type=\"button\"><a href=\"https:\/\/swissraft.outdoorbooking.ch\/fo\/products\/1468?base_id=26&amp;category_id=22&amp;order_type=gift_voucher&amp;lang=it\" target=\"_blank\" rel=\"noopener\">BUONO REGALO<\/a><\/button><\/td>\n<td><strong>CHF 600,00 &#8211; 90 min. (1-2 persone) <\/strong><\/td>\n<\/tr>\n<tr>\n<td><button class=\"elementor-button\" type=\"button\"><a href=\"https:\/\/swissraft.outdoorbooking.ch\/fo\/products\/1469?base_id=26&amp;category_id=22&amp;order_type=gift_voucher&amp;lang=it\" target=\"_blank\" rel=\"noopener\">BUONO REGALO<\/a><\/button><\/td>\n<td><strong>CHF 750,00 &#8211; 90 min. (2 adulti + 1 bambino) <\/strong><\/td>\n<\/tr>\n<tr>\n<td><button class=\"elementor-button\" type=\"button\"><a href=\"https:\/\/swissraft.outdoorbooking.ch\/fo\/products\/1470?base_id=26&amp;category_id=22&amp;order_type=gift_voucher&amp;lang=it\" target=\"_blank\" rel=\"noopener\">BUONO REGALO<\/a><\/button><\/td>\n<td><strong>CHF 800,00 &#8211; 120 min. (1-2 persone) <\/strong><\/td>\n<\/tr>\n<tr>\n<td><button class=\"elementor-button\" type=\"button\"><a href=\"https:\/\/swissraft.outdoorbooking.ch\/fo\/products\/1471?base_id=26&amp;category_id=22&amp;order_type=gift_voucher&amp;lang=it\" target=\"_blank\" rel=\"noopener\">BUONO REGALO<\/a><\/button><\/td>\n<td><strong>CHF 975,00 &#8211; 120 min. (2 adulti + 1 bambino) <\/strong><\/td>\n<\/tr>\n<tr>\n<td> <\/td>\n<td>Per effettuare una prenotazione <span class=\"patt\" style=\"font-family: inherit; font-size: inherit;\"><span class=\"plbl\"><span class=\"patt\"><a href=\"https:\/\/www.swissraft.ch\/it\/contattaci\/\">contattaci<\/a><\/span><\/span><\/span><\/td>\n<\/tr>\n<\/tbody>\n<\/table>\n\t\t\t\t\t\t<\/div>\n\t\t\t\t<\/div>\n\t\t\t\t\t<\/div>\n\t\t<\/div>\n\t\t\t\t\t\t\t<\/div>\n\t\t<\/section>\n\t\t\t\t\t\t\t<\/div>\n\t\t","protected":false},"excerpt":{"rendered":"<div align=\"justify\">\n<h2 align=\"justify\">Voli su misura da Biel<\/h2>\n<h3>Da Biel-Bienne partirai con un volo privato della durata di 30-120 minuti; sarai tu a decidere il tuo itinerario.<\/h3>\n<\/div>\n<div align=\"justify\">\n<p>Volo alla carta da Biel. Puoi scegliere un volo della durata minima di 30 minuti e massima di 2 ore. Ad esempio, ti piacerebbe volare sopra le Alpi Bernesi o la citt\u00e0 di Zurigo? Parla con il tuo pilota privato, che ti consiglier\u00e0 sulla scelta.<\/p>\n<h3>Con il nostro pilota puoi definire il tuo piano di volo in base al tuo budget.<\/h3>\n<p id=\"textarea\" style=\"display: none;\">\nAbbiamo anche voli dall&#8217;aeroporto internazionale di Berna-Belp. Ci sono anche voli di piacere che partono dall&#8217;aerodromo di Buttwil. Offriamo anche tour aerei con partenza dall&#8217;aerodromo di Grenchen, nel Canton Soletta. Partiamo anche da \u00c9pagny en Gruy\u00e8re, nel cantone di Friburgo. Ci sono anche voli in partenza dall&#8217;aerodromo di Sch\u00e4nis, nel cantone di San Gallo. Gall.\n<\/p>\n<p><a id=\"seeMore\" onclick=\"toggleSeeMore()\" href=\"javascript:void(0);\">Leggi tutto<\/a><\/p>\n","protected":false},"featured_media":88118,"comment_status":"open","ping_status":"closed","template":"","meta":{"inline_featured_image":false,"_mi_skip_tracking":false},"product_cat":[550,423],"product_tag":[],"class_list":["post-92990","product","type-product","status-publish","has-post-thumbnail","hentry","product_cat-aereo-bienne","product_cat-voli"],"yoast_head":"<!-- This site is optimized with the Yoast SEO plugin v23.6 - https:\/\/yoast.com\/wordpress\/plugins\/seo\/ -->\n<title>Un volo \u00e0 la carte da Bienne per un volo da 30 a 120 minuti.<\/title>\n<meta name=\"description\" content=\"Volo \u00e0 la carte in aereo privato da Bienne per un volo da 30 a 120 minuti. Definisci il tuo piano di volo con il tuo pilota, che sar\u00e0 in grado di darti tutti i consigli di cui hai bisogno.\" \/>\n<meta name=\"robots\" content=\"index, follow, max-snippet:-1, max-image-preview:large, max-video-preview:-1\" \/>\n<link rel=\"canonical\" href=\"https:\/\/www.swissraft.ch\/it\/prodotto\/volo-da-bienne-a-la-carte-a-partire-da-chf-200-00\/\" \/>\n<meta property=\"og:locale\" content=\"it_IT\" \/>\n<meta property=\"og:type\" content=\"article\" \/>\n<meta property=\"og:title\" content=\"Un volo \u00e0 la carte da Bienne per un volo da 30 a 120 minuti.\" \/>\n<meta property=\"og:description\" content=\"Volo \u00e0 la carte in aereo privato da Bienne per un volo da 30 a 120 minuti. Definisci il tuo piano di volo con il tuo pilota, che sar\u00e0 in grado di darti tutti i consigli di cui hai bisogno.\" \/>\n<meta property=\"og:url\" content=\"https:\/\/www.swissraft.ch\/it\/prodotto\/volo-da-bienne-a-la-carte-a-partire-da-chf-200-00\/\" \/>\n<meta property=\"og:site_name\" content=\"Swissraft\" \/>\n<meta property=\"article:modified_time\" content=\"2024-11-20T08:28:22+00:00\" \/>\n<meta property=\"og:image\" content=\"https:\/\/www.swissraft.ch\/wp-content\/uploads\/2023\/01\/12-BIEL-Rundfluge-a-la-carte-ab-30-Minuten-776x776-1.jpg\" \/>\n\t<meta property=\"og:image:width\" content=\"667\" \/>\n\t<meta property=\"og:image:height\" content=\"667\" \/>\n\t<meta property=\"og:image:type\" content=\"image\/jpeg\" \/>\n<meta name=\"twitter:card\" content=\"summary_large_image\" \/>\n<meta name=\"twitter:label1\" content=\"Tempo di lettura stimato\" \/>\n\t<meta name=\"twitter:data1\" content=\"1 minuto\" \/>\n<script type=\"application\/ld+json\" class=\"yoast-schema-graph\">{\"@context\":\"https:\/\/schema.org\",\"@graph\":[{\"@type\":\"WebPage\",\"@id\":\"https:\/\/www.swissraft.ch\/it\/prodotto\/volo-da-bienne-a-la-carte-a-partire-da-chf-200-00\/\",\"url\":\"https:\/\/www.swissraft.ch\/it\/prodotto\/volo-da-bienne-a-la-carte-a-partire-da-chf-200-00\/\",\"name\":\"Un volo \u00e0 la carte da Bienne per un volo da 30 a 120 minuti.\",\"isPartOf\":{\"@id\":\"https:\/\/www.swissraft.ch\/it\/#website\"},\"primaryImageOfPage\":{\"@id\":\"https:\/\/www.swissraft.ch\/it\/prodotto\/volo-da-bienne-a-la-carte-a-partire-da-chf-200-00\/#primaryimage\"},\"image\":{\"@id\":\"https:\/\/www.swissraft.ch\/it\/prodotto\/volo-da-bienne-a-la-carte-a-partire-da-chf-200-00\/#primaryimage\"},\"thumbnailUrl\":\"https:\/\/www.swissraft.ch\/wp-content\/uploads\/2023\/01\/12-BIEL-Rundfluge-a-la-carte-ab-30-Minuten-776x776-1.jpg\",\"datePublished\":\"2023-01-15T16:42:37+00:00\",\"dateModified\":\"2024-11-20T08:28:22+00:00\",\"description\":\"Volo \u00e0 la carte in aereo privato da Bienne per un volo da 30 a 120 minuti. Definisci il tuo piano di volo con il tuo pilota, che sar\u00e0 in grado di darti tutti i consigli di cui hai bisogno.\",\"breadcrumb\":{\"@id\":\"https:\/\/www.swissraft.ch\/it\/prodotto\/volo-da-bienne-a-la-carte-a-partire-da-chf-200-00\/#breadcrumb\"},\"inLanguage\":\"it-IT\",\"potentialAction\":[{\"@type\":\"ReadAction\",\"target\":[\"https:\/\/www.swissraft.ch\/it\/prodotto\/volo-da-bienne-a-la-carte-a-partire-da-chf-200-00\/\"]}]},{\"@type\":\"ImageObject\",\"inLanguage\":\"it-IT\",\"@id\":\"https:\/\/www.swissraft.ch\/it\/prodotto\/volo-da-bienne-a-la-carte-a-partire-da-chf-200-00\/#primaryimage\",\"url\":\"https:\/\/www.swissraft.ch\/wp-content\/uploads\/2023\/01\/12-BIEL-Rundfluge-a-la-carte-ab-30-Minuten-776x776-1.jpg\",\"contentUrl\":\"https:\/\/www.swissraft.ch\/wp-content\/uploads\/2023\/01\/12-BIEL-Rundfluge-a-la-carte-ab-30-Minuten-776x776-1.jpg\",\"width\":667,\"height\":667,\"caption\":\"Voli \u00e0 la carte da Biel\"},{\"@type\":\"BreadcrumbList\",\"@id\":\"https:\/\/www.swissraft.ch\/it\/prodotto\/volo-da-bienne-a-la-carte-a-partire-da-chf-200-00\/#breadcrumb\",\"itemListElement\":[{\"@type\":\"ListItem\",\"position\":1,\"name\":\"Accueil\",\"item\":\"https:\/\/www.swissraft.ch\/it\/\"},{\"@type\":\"ListItem\",\"position\":2,\"name\":\"Negozio\",\"item\":\"https:\/\/www.swissraft.ch\/it\/negozio\/\"},{\"@type\":\"ListItem\",\"position\":3,\"name\":\"Volo da BIENNE &#8211; A LA CARTE &#8211; A partire da CHF 200.00\"}]},{\"@type\":\"WebSite\",\"@id\":\"https:\/\/www.swissraft.ch\/it\/#website\",\"url\":\"https:\/\/www.swissraft.ch\/it\/\",\"name\":\"Swissraft\",\"description\":\"To enjoy nature as it is\",\"publisher\":{\"@id\":\"https:\/\/www.swissraft.ch\/it\/#organization\"},\"potentialAction\":[{\"@type\":\"SearchAction\",\"target\":{\"@type\":\"EntryPoint\",\"urlTemplate\":\"https:\/\/www.swissraft.ch\/it\/?s={search_term_string}\"},\"query-input\":{\"@type\":\"PropertyValueSpecification\",\"valueRequired\":true,\"valueName\":\"search_term_string\"}}],\"inLanguage\":\"it-IT\"},{\"@type\":\"Organization\",\"@id\":\"https:\/\/www.swissraft.ch\/it\/#organization\",\"name\":\"Swissraft\",\"url\":\"https:\/\/www.swissraft.ch\/it\/\",\"logo\":{\"@type\":\"ImageObject\",\"inLanguage\":\"it-IT\",\"@id\":\"https:\/\/www.swissraft.ch\/it\/#\/schema\/logo\/image\/\",\"url\":\"https:\/\/www.swissraft.ch\/wp-content\/uploads\/2025\/09\/Capture.jpg\",\"contentUrl\":\"https:\/\/www.swissraft.ch\/wp-content\/uploads\/2025\/09\/Capture.jpg\",\"width\":293,\"height\":108,\"caption\":\"Swissraft\"},\"image\":{\"@id\":\"https:\/\/www.swissraft.ch\/it\/#\/schema\/logo\/image\/\"}}]}<\/script>\n<!-- \/ Yoast SEO plugin. -->","yoast_head_json":{"title":"Un volo \u00e0 la carte da Bienne per un volo da 30 a 120 minuti.","description":"Volo \u00e0 la carte in aereo privato da Bienne per un volo da 30 a 120 minuti. Definisci il tuo piano di volo con il tuo pilota, che sar\u00e0 in grado di darti tutti i consigli di cui hai bisogno.","robots":{"index":"index","follow":"follow","max-snippet":"max-snippet:-1","max-image-preview":"max-image-preview:large","max-video-preview":"max-video-preview:-1"},"canonical":"https:\/\/www.swissraft.ch\/it\/prodotto\/volo-da-bienne-a-la-carte-a-partire-da-chf-200-00\/","og_locale":"it_IT","og_type":"article","og_title":"Un volo \u00e0 la carte da Bienne per un volo da 30 a 120 minuti.","og_description":"Volo \u00e0 la carte in aereo privato da Bienne per un volo da 30 a 120 minuti. Definisci il tuo piano di volo con il tuo pilota, che sar\u00e0 in grado di darti tutti i consigli di cui hai bisogno.","og_url":"https:\/\/www.swissraft.ch\/it\/prodotto\/volo-da-bienne-a-la-carte-a-partire-da-chf-200-00\/","og_site_name":"Swissraft","article_modified_time":"2024-11-20T08:28:22+00:00","og_image":[{"width":667,"height":667,"url":"https:\/\/www.swissraft.ch\/wp-content\/uploads\/2023\/01\/12-BIEL-Rundfluge-a-la-carte-ab-30-Minuten-776x776-1.jpg","type":"image\/jpeg"}],"twitter_card":"summary_large_image","twitter_misc":{"Tempo di lettura stimato":"1 minuto"},"schema":{"@context":"https:\/\/schema.org","@graph":[{"@type":"WebPage","@id":"https:\/\/www.swissraft.ch\/it\/prodotto\/volo-da-bienne-a-la-carte-a-partire-da-chf-200-00\/","url":"https:\/\/www.swissraft.ch\/it\/prodotto\/volo-da-bienne-a-la-carte-a-partire-da-chf-200-00\/","name":"Un volo \u00e0 la carte da Bienne per un volo da 30 a 120 minuti.","isPartOf":{"@id":"https:\/\/www.swissraft.ch\/it\/#website"},"primaryImageOfPage":{"@id":"https:\/\/www.swissraft.ch\/it\/prodotto\/volo-da-bienne-a-la-carte-a-partire-da-chf-200-00\/#primaryimage"},"image":{"@id":"https:\/\/www.swissraft.ch\/it\/prodotto\/volo-da-bienne-a-la-carte-a-partire-da-chf-200-00\/#primaryimage"},"thumbnailUrl":"https:\/\/www.swissraft.ch\/wp-content\/uploads\/2023\/01\/12-BIEL-Rundfluge-a-la-carte-ab-30-Minuten-776x776-1.jpg","datePublished":"2023-01-15T16:42:37+00:00","dateModified":"2024-11-20T08:28:22+00:00","description":"Volo \u00e0 la carte in aereo privato da Bienne per un volo da 30 a 120 minuti. Definisci il tuo piano di volo con il tuo pilota, che sar\u00e0 in grado di darti tutti i consigli di cui hai bisogno.","breadcrumb":{"@id":"https:\/\/www.swissraft.ch\/it\/prodotto\/volo-da-bienne-a-la-carte-a-partire-da-chf-200-00\/#breadcrumb"},"inLanguage":"it-IT","potentialAction":[{"@type":"ReadAction","target":["https:\/\/www.swissraft.ch\/it\/prodotto\/volo-da-bienne-a-la-carte-a-partire-da-chf-200-00\/"]}]},{"@type":"ImageObject","inLanguage":"it-IT","@id":"https:\/\/www.swissraft.ch\/it\/prodotto\/volo-da-bienne-a-la-carte-a-partire-da-chf-200-00\/#primaryimage","url":"https:\/\/www.swissraft.ch\/wp-content\/uploads\/2023\/01\/12-BIEL-Rundfluge-a-la-carte-ab-30-Minuten-776x776-1.jpg","contentUrl":"https:\/\/www.swissraft.ch\/wp-content\/uploads\/2023\/01\/12-BIEL-Rundfluge-a-la-carte-ab-30-Minuten-776x776-1.jpg","width":667,"height":667,"caption":"Voli \u00e0 la carte da Biel"},{"@type":"BreadcrumbList","@id":"https:\/\/www.swissraft.ch\/it\/prodotto\/volo-da-bienne-a-la-carte-a-partire-da-chf-200-00\/#breadcrumb","itemListElement":[{"@type":"ListItem","position":1,"name":"Accueil","item":"https:\/\/www.swissraft.ch\/it\/"},{"@type":"ListItem","position":2,"name":"Negozio","item":"https:\/\/www.swissraft.ch\/it\/negozio\/"},{"@type":"ListItem","position":3,"name":"Volo da BIENNE &#8211; A LA CARTE &#8211; A partire da CHF 200.00"}]},{"@type":"WebSite","@id":"https:\/\/www.swissraft.ch\/it\/#website","url":"https:\/\/www.swissraft.ch\/it\/","name":"Swissraft","description":"To enjoy nature as it is","publisher":{"@id":"https:\/\/www.swissraft.ch\/it\/#organization"},"potentialAction":[{"@type":"SearchAction","target":{"@type":"EntryPoint","urlTemplate":"https:\/\/www.swissraft.ch\/it\/?s={search_term_string}"},"query-input":{"@type":"PropertyValueSpecification","valueRequired":true,"valueName":"search_term_string"}}],"inLanguage":"it-IT"},{"@type":"Organization","@id":"https:\/\/www.swissraft.ch\/it\/#organization","name":"Swissraft","url":"https:\/\/www.swissraft.ch\/it\/","logo":{"@type":"ImageObject","inLanguage":"it-IT","@id":"https:\/\/www.swissraft.ch\/it\/#\/schema\/logo\/image\/","url":"https:\/\/www.swissraft.ch\/wp-content\/uploads\/2025\/09\/Capture.jpg","contentUrl":"https:\/\/www.swissraft.ch\/wp-content\/uploads\/2025\/09\/Capture.jpg","width":293,"height":108,"caption":"Swissraft"},"image":{"@id":"https:\/\/www.swissraft.ch\/it\/#\/schema\/logo\/image\/"}}]}},"_links":{"self":[{"href":"https:\/\/www.swissraft.ch\/it\/wp-json\/wp\/v2\/product\/92990","targetHints":{"allow":["GET"]}}],"collection":[{"href":"https:\/\/www.swissraft.ch\/it\/wp-json\/wp\/v2\/product"}],"about":[{"href":"https:\/\/www.swissraft.ch\/it\/wp-json\/wp\/v2\/types\/product"}],"replies":[{"embeddable":true,"href":"https:\/\/www.swissraft.ch\/it\/wp-json\/wp\/v2\/comments?post=92990"}],"version-history":[{"count":0,"href":"https:\/\/www.swissraft.ch\/it\/wp-json\/wp\/v2\/product\/92990\/revisions"}],"wp:featuredmedia":[{"embeddable":true,"href":"https:\/\/www.swissraft.ch\/it\/wp-json\/wp\/v2\/media\/88118"}],"wp:attachment":[{"href":"https:\/\/www.swissraft.ch\/it\/wp-json\/wp\/v2\/media?parent=92990"}],"wp:term":[{"taxonomy":"product_cat","embeddable":true,"href":"https:\/\/www.swissraft.ch\/it\/wp-json\/wp\/v2\/product_cat?post=92990"},{"taxonomy":"product_tag","embeddable":true,"href":"https:\/\/www.swissraft.ch\/it\/wp-json\/wp\/v2\/product_tag?post=92990"}],"curies":[{"name":"wp","href":"https:\/\/api.w.org\/{rel}","templated":true}]}}