{"id":92978,"date":"2023-01-11T17:18:50","date_gmt":"2023-01-11T16:18:50","guid":{"rendered":"https:\/\/swissraft.xyanzkdne.eu\/product\/volo-aereo-da-bienne-eiger-monch-jungfrau-60-min-a-partire-da-chf-40000\/"},"modified":"2024-11-20T09:32:51","modified_gmt":"2024-11-20T08:32:51","slug":"volo-aereo-da-bienne-eiger-monch-jungfrau-60-min-a-partire-da-chf-40000","status":"publish","type":"product","link":"https:\/\/www.swissraft.ch\/it\/prodotto\/volo-aereo-da-bienne-eiger-monch-jungfrau-60-min-a-partire-da-chf-40000\/","title":{"rendered":"Volo aereo da BIENNE &#8211; EIGER-M\u00d6NCH-JUNGFRAU &#8211; 60 min. &#8211; A partire da CHF 400,00"},"content":{"rendered":"\t\t<div data-elementor-type=\"wp-post\" data-elementor-id=\"92978\" class=\"elementor elementor-92978 elementor-30371\">\n\t\t\t\t\t\t\t\t\t<section class=\"elementor-section elementor-top-section elementor-element elementor-element-3303a7e3 elementor-section-boxed elementor-section-height-default elementor-section-height-default\" data-id=\"3303a7e3\" data-element_type=\"section\">\n\t\t\t\t\t\t<div class=\"elementor-container elementor-column-gap-default\">\n\t\t\t\t\t<div class=\"elementor-column elementor-col-100 elementor-top-column elementor-element elementor-element-16d72dbf\" data-id=\"16d72dbf\" data-element_type=\"column\">\n\t\t\t<div class=\"elementor-widget-wrap elementor-element-populated\">\n\t\t\t\t\t\t\t\t<div class=\"elementor-element elementor-element-d743c03 elementor-widget elementor-widget-text-editor\" data-id=\"d743c03\" data-element_type=\"widget\" data-widget_type=\"text-editor.default\">\n\t\t\t\t<div class=\"elementor-widget-container\">\n\t\t\t\t\t\t\t<h2>SCEGLI LA TUA ATTIVIT\u00c0 QUI SOTTO PER OFFRIRE BUONI REGALO\/BIGLIETTI O EFFETTUARE UNA PRENOTAZIONE<\/h2>\n<table border=\"0\" width=\"580\" cellspacing=\"10\" cellpadding=\"10\">\n<tbody>\n<tr>\n<td width=\"50%\"><strong>EIGER-M\u00d6NCH-JUNGFRAU &#8211; VOLO PRIVATO (1-3 pers.) &#8211; 60 min.<\/strong><\/td>\n<td><strong>A partire da CHF 400,00 per volo privato<span class=\"productPrice\"><br \/><\/span><\/strong><\/td>\n<\/tr>\n<tr>\n<td>Ulteriori informazioni<\/td>\n<td><span class=\"patt\">&#8211; Puoi utilizzare l&#8217;aereo esclusivamente per te stesso<br \/>&#8211; Imposta la data e l&#8217;ora di partenza<br \/><\/span><span class=\"patt\">&#8211; Massimo 3 persone, di cui 1 bambino di et\u00e0 compresa tra i 2 e i 12 anni <\/span><\/td>\n<\/tr>\n<tr>\n<td>Aerodromo<\/td>\n<td><a href=\"https:\/\/www.google.com\/maps\/place\/47%C2%B005'27.9%22N+7%C2%B017'27.8%22E\/@47.0912114,7.2867544,768m\/data=!3m1!1e3!4m4!3m3!8m2!3d47.0910833!4d7.2910556?entry=ttu\" target=\"_blank\" rel=\"noopener\">Biel<\/a><\/td>\n<\/tr>\n<tr>\n<td>Tempo di volo<\/td>\n<td>60 minuti.<\/td>\n<\/tr>\n<tr>\n<td>Durata totale<\/td>\n<td>circa 1h30<\/td>\n<\/tr>\n<tr>\n<td>Appuntamento<\/td>\n<td>Per telefono<\/td>\n<\/tr>\n<tr>\n<td><button class=\"elementor-button\" type=\"button\"><a href=\"https:\/\/swissraft.outdoorbooking.ch\/fo\/products\/172?base_id=26&amp;category_id=22&amp;order_type=gift_voucher&amp;lang=it\" target=\"_blank\" rel=\"noopener\">BUONO REGALO<\/a><\/button><\/td>\n<td><strong>CHF 400.00 &#8211; VOLO PRIVATO &#8211; 40 min (1-2 pers.) <\/strong><\/td>\n<\/tr>\n<tr>\n<td><button class=\"elementor-button\" type=\"button\"><a href=\"https:\/\/swissraft.outdoorbooking.ch\/fo\/products\/1456?base_id=26&amp;category_id=22&amp;order_type=gift_voucher&amp;lang=it\" target=\"_blank\" rel=\"noopener\">BUONO REGALO<\/a><\/button><\/td>\n<td><strong>CHF 500.00 &#8211; VOLO PRIVATO &#8211; 40 min. (2 adulti + 1 bambino) <\/strong><\/td>\n<\/tr>\n<tr>\n<td> <\/td>\n<td>Per effettuare una prenotazione <span class=\"patt\" style=\"font-family: inherit; font-size: inherit;\"><span class=\"plbl\"><span class=\"patt\"><a href=\"https:\/\/www.swissraft.ch\/it\/contattaci\/\">contattaci<\/a><\/span><\/span><\/span><\/td>\n<\/tr>\n<\/tbody>\n<\/table>\n\t\t\t\t\t\t<\/div>\n\t\t\t\t<\/div>\n\t\t\t\t\t<\/div>\n\t\t<\/div>\n\t\t\t\t\t\t\t<\/div>\n\t\t<\/section>\n\t\t\t\t\t\t\t<\/div>\n\t\t","protected":false},"excerpt":{"rendered":"<div align=\"justify\">\n<h2 align=\"justify\">Parti da Bienne con un volo di 60 minuti verso l&#8217;Eiger-M\u00f6nch-Jungfrau.<\/h2>\n<h3>Da Bienne, a bordo del nostro aereo, sorvolerai le Alpi Bernesi fino al massiccio dell&#8217;Eiger.<\/h3>\n<\/div>\n<div align=\"justify\">\n<p>Questo volo di piacere in aereo \u00e8 uno dei grandi classici. Sorvola l&#8217;Oberland Bernese in direzione del Lago di Thun e della citt\u00e0 di Interlaken. Poi deviate verso la valle di Lauterbrunnen per un tour ravvicinato del massiccio dell&#8217;Eiger-M\u00f6nch-Jungfraujoch. Il volo prosegue sopra Hohgant nell&#8217;Emmental, passando per Langnau e Burgdorf prima di atterrare all&#8217;aeroporto di Biel.<\/p>\n<h3>Offriamo 7 aeroporti e aerodromi da cui partono pi\u00f9 di 35 voli di piacere.<\/h3>\n<p id=\"textarea\" style=\"display: none;\">\nOffriamo anche voli turistici dall&#8217;aeroporto internazionale di Berna-Belp. Ma anche dall&#8217;aerodromo di Buttwil, nel Canton Argovia. Decolliamo anche dall&#8217;aerodromo di Grenchen, nel cantone di Soletta. Da un lato, offriamo voli sulle Prealpi Friburghesi da \u00c9pagny en Gruy\u00e8re. Offriamo anche voli turistici nel cantone di St. Moritz. San Gallo lascia Sch\u00e4nis\n<\/p>\n<p><a id=\"seeMore\" onclick=\"toggleSeeMore()\" href=\"javascript:void(0);\">Leggi tutto<\/a><\/p>\n","protected":false},"featured_media":88154,"comment_status":"open","ping_status":"closed","template":"","meta":{"inline_featured_image":false,"_mi_skip_tracking":false},"product_cat":[550,423],"product_tag":[],"class_list":["post-92978","product","type-product","status-publish","has-post-thumbnail","hentry","product_cat-aereo-bienne","product_cat-voli-aereo"],"yoast_head":"<!-- This site is optimized with the Yoast SEO plugin v23.6 - https:\/\/yoast.com\/wordpress\/plugins\/seo\/ -->\n<title>Volo per Eiger-M\u00f6nch-Jungfrau da Biel. Volo di 60 minuti.<\/title>\n<meta name=\"description\" content=\"Un volo di 60 minuti da Bienne all&#039;Eiger-M\u00f6nch-Jungfrau. Questo volo sulle Alpi Bernesi ti porta il pi\u00f9 vicino possibile all&#039;Eiger.\" \/>\n<meta name=\"robots\" content=\"index, follow, max-snippet:-1, max-image-preview:large, max-video-preview:-1\" \/>\n<link rel=\"canonical\" href=\"https:\/\/www.swissraft.ch\/it\/prodotto\/volo-aereo-da-bienne-eiger-monch-jungfrau-60-min-a-partire-da-chf-40000\/\" \/>\n<meta property=\"og:locale\" content=\"it_IT\" \/>\n<meta property=\"og:type\" content=\"article\" \/>\n<meta property=\"og:title\" content=\"Volo per Eiger-M\u00f6nch-Jungfrau da Biel. Volo di 60 minuti.\" \/>\n<meta property=\"og:description\" content=\"Un volo di 60 minuti da Bienne all&#039;Eiger-M\u00f6nch-Jungfrau. Questo volo sulle Alpi Bernesi ti porta il pi\u00f9 vicino possibile all&#039;Eiger.\" \/>\n<meta property=\"og:url\" content=\"https:\/\/www.swissraft.ch\/it\/prodotto\/volo-aereo-da-bienne-eiger-monch-jungfrau-60-min-a-partire-da-chf-40000\/\" \/>\n<meta property=\"og:site_name\" content=\"Swissraft\" \/>\n<meta property=\"article:modified_time\" content=\"2024-11-20T08:32:51+00:00\" \/>\n<meta property=\"og:image\" content=\"https:\/\/www.swissraft.ch\/wp-content\/uploads\/2023\/01\/08-BIEL-Eiger-Monch-Jungfrau-Rundflug-776x776-2.jpg\" \/>\n\t<meta property=\"og:image:width\" content=\"776\" \/>\n\t<meta property=\"og:image:height\" content=\"776\" \/>\n\t<meta property=\"og:image:type\" content=\"image\/jpeg\" \/>\n<meta name=\"twitter:card\" content=\"summary_large_image\" \/>\n<script type=\"application\/ld+json\" class=\"yoast-schema-graph\">{\"@context\":\"https:\/\/schema.org\",\"@graph\":[{\"@type\":\"WebPage\",\"@id\":\"https:\/\/www.swissraft.ch\/it\/prodotto\/volo-aereo-da-bienne-eiger-monch-jungfrau-60-min-a-partire-da-chf-40000\/\",\"url\":\"https:\/\/www.swissraft.ch\/it\/prodotto\/volo-aereo-da-bienne-eiger-monch-jungfrau-60-min-a-partire-da-chf-40000\/\",\"name\":\"Volo per Eiger-M\u00f6nch-Jungfrau da Biel. Volo di 60 minuti.\",\"isPartOf\":{\"@id\":\"https:\/\/www.swissraft.ch\/it\/#website\"},\"primaryImageOfPage\":{\"@id\":\"https:\/\/www.swissraft.ch\/it\/prodotto\/volo-aereo-da-bienne-eiger-monch-jungfrau-60-min-a-partire-da-chf-40000\/#primaryimage\"},\"image\":{\"@id\":\"https:\/\/www.swissraft.ch\/it\/prodotto\/volo-aereo-da-bienne-eiger-monch-jungfrau-60-min-a-partire-da-chf-40000\/#primaryimage\"},\"thumbnailUrl\":\"https:\/\/www.swissraft.ch\/wp-content\/uploads\/2023\/01\/08-BIEL-Eiger-Monch-Jungfrau-Rundflug-776x776-2.jpg\",\"datePublished\":\"2023-01-11T16:18:50+00:00\",\"dateModified\":\"2024-11-20T08:32:51+00:00\",\"description\":\"Un volo di 60 minuti da Bienne all'Eiger-M\u00f6nch-Jungfrau. Questo volo sulle Alpi Bernesi ti porta il pi\u00f9 vicino possibile all'Eiger.\",\"breadcrumb\":{\"@id\":\"https:\/\/www.swissraft.ch\/it\/prodotto\/volo-aereo-da-bienne-eiger-monch-jungfrau-60-min-a-partire-da-chf-40000\/#breadcrumb\"},\"inLanguage\":\"it-IT\",\"potentialAction\":[{\"@type\":\"ReadAction\",\"target\":[\"https:\/\/www.swissraft.ch\/it\/prodotto\/volo-aereo-da-bienne-eiger-monch-jungfrau-60-min-a-partire-da-chf-40000\/\"]}]},{\"@type\":\"ImageObject\",\"inLanguage\":\"it-IT\",\"@id\":\"https:\/\/www.swissraft.ch\/it\/prodotto\/volo-aereo-da-bienne-eiger-monch-jungfrau-60-min-a-partire-da-chf-40000\/#primaryimage\",\"url\":\"https:\/\/www.swissraft.ch\/wp-content\/uploads\/2023\/01\/08-BIEL-Eiger-Monch-Jungfrau-Rundflug-776x776-2.jpg\",\"contentUrl\":\"https:\/\/www.swissraft.ch\/wp-content\/uploads\/2023\/01\/08-BIEL-Eiger-Monch-Jungfrau-Rundflug-776x776-2.jpg\",\"width\":776,\"height\":776,\"caption\":\"Volo per l'Eiger da Bienne\"},{\"@type\":\"BreadcrumbList\",\"@id\":\"https:\/\/www.swissraft.ch\/it\/prodotto\/volo-aereo-da-bienne-eiger-monch-jungfrau-60-min-a-partire-da-chf-40000\/#breadcrumb\",\"itemListElement\":[{\"@type\":\"ListItem\",\"position\":1,\"name\":\"Accueil\",\"item\":\"https:\/\/www.swissraft.ch\/it\/\"},{\"@type\":\"ListItem\",\"position\":2,\"name\":\"Negozio\",\"item\":\"https:\/\/www.swissraft.ch\/it\/negozio\/\"},{\"@type\":\"ListItem\",\"position\":3,\"name\":\"Volo aereo da BIENNE &#8211; EIGER-M\u00d6NCH-JUNGFRAU &#8211; 60 min. &#8211; A partire da CHF 400,00\"}]},{\"@type\":\"WebSite\",\"@id\":\"https:\/\/www.swissraft.ch\/it\/#website\",\"url\":\"https:\/\/www.swissraft.ch\/it\/\",\"name\":\"Swissraft\",\"description\":\"To enjoy nature as it is\",\"publisher\":{\"@id\":\"https:\/\/www.swissraft.ch\/it\/#organization\"},\"potentialAction\":[{\"@type\":\"SearchAction\",\"target\":{\"@type\":\"EntryPoint\",\"urlTemplate\":\"https:\/\/www.swissraft.ch\/it\/?s={search_term_string}\"},\"query-input\":{\"@type\":\"PropertyValueSpecification\",\"valueRequired\":true,\"valueName\":\"search_term_string\"}}],\"inLanguage\":\"it-IT\"},{\"@type\":\"Organization\",\"@id\":\"https:\/\/www.swissraft.ch\/it\/#organization\",\"name\":\"Swissraft\",\"url\":\"https:\/\/www.swissraft.ch\/it\/\",\"logo\":{\"@type\":\"ImageObject\",\"inLanguage\":\"it-IT\",\"@id\":\"https:\/\/www.swissraft.ch\/it\/#\/schema\/logo\/image\/\",\"url\":\"https:\/\/www.swissraft.ch\/wp-content\/uploads\/2025\/09\/Capture.jpg\",\"contentUrl\":\"https:\/\/www.swissraft.ch\/wp-content\/uploads\/2025\/09\/Capture.jpg\",\"width\":293,\"height\":108,\"caption\":\"Swissraft\"},\"image\":{\"@id\":\"https:\/\/www.swissraft.ch\/it\/#\/schema\/logo\/image\/\"}}]}<\/script>\n<!-- \/ Yoast SEO plugin. -->","yoast_head_json":{"title":"Volo per Eiger-M\u00f6nch-Jungfrau da Biel. Volo di 60 minuti.","description":"Un volo di 60 minuti da Bienne all'Eiger-M\u00f6nch-Jungfrau. Questo volo sulle Alpi Bernesi ti porta il pi\u00f9 vicino possibile all'Eiger.","robots":{"index":"index","follow":"follow","max-snippet":"max-snippet:-1","max-image-preview":"max-image-preview:large","max-video-preview":"max-video-preview:-1"},"canonical":"https:\/\/www.swissraft.ch\/it\/prodotto\/volo-aereo-da-bienne-eiger-monch-jungfrau-60-min-a-partire-da-chf-40000\/","og_locale":"it_IT","og_type":"article","og_title":"Volo per Eiger-M\u00f6nch-Jungfrau da Biel. Volo di 60 minuti.","og_description":"Un volo di 60 minuti da Bienne all'Eiger-M\u00f6nch-Jungfrau. Questo volo sulle Alpi Bernesi ti porta il pi\u00f9 vicino possibile all'Eiger.","og_url":"https:\/\/www.swissraft.ch\/it\/prodotto\/volo-aereo-da-bienne-eiger-monch-jungfrau-60-min-a-partire-da-chf-40000\/","og_site_name":"Swissraft","article_modified_time":"2024-11-20T08:32:51+00:00","og_image":[{"width":776,"height":776,"url":"https:\/\/www.swissraft.ch\/wp-content\/uploads\/2023\/01\/08-BIEL-Eiger-Monch-Jungfrau-Rundflug-776x776-2.jpg","type":"image\/jpeg"}],"twitter_card":"summary_large_image","schema":{"@context":"https:\/\/schema.org","@graph":[{"@type":"WebPage","@id":"https:\/\/www.swissraft.ch\/it\/prodotto\/volo-aereo-da-bienne-eiger-monch-jungfrau-60-min-a-partire-da-chf-40000\/","url":"https:\/\/www.swissraft.ch\/it\/prodotto\/volo-aereo-da-bienne-eiger-monch-jungfrau-60-min-a-partire-da-chf-40000\/","name":"Volo per Eiger-M\u00f6nch-Jungfrau da Biel. Volo di 60 minuti.","isPartOf":{"@id":"https:\/\/www.swissraft.ch\/it\/#website"},"primaryImageOfPage":{"@id":"https:\/\/www.swissraft.ch\/it\/prodotto\/volo-aereo-da-bienne-eiger-monch-jungfrau-60-min-a-partire-da-chf-40000\/#primaryimage"},"image":{"@id":"https:\/\/www.swissraft.ch\/it\/prodotto\/volo-aereo-da-bienne-eiger-monch-jungfrau-60-min-a-partire-da-chf-40000\/#primaryimage"},"thumbnailUrl":"https:\/\/www.swissraft.ch\/wp-content\/uploads\/2023\/01\/08-BIEL-Eiger-Monch-Jungfrau-Rundflug-776x776-2.jpg","datePublished":"2023-01-11T16:18:50+00:00","dateModified":"2024-11-20T08:32:51+00:00","description":"Un volo di 60 minuti da Bienne all'Eiger-M\u00f6nch-Jungfrau. Questo volo sulle Alpi Bernesi ti porta il pi\u00f9 vicino possibile all'Eiger.","breadcrumb":{"@id":"https:\/\/www.swissraft.ch\/it\/prodotto\/volo-aereo-da-bienne-eiger-monch-jungfrau-60-min-a-partire-da-chf-40000\/#breadcrumb"},"inLanguage":"it-IT","potentialAction":[{"@type":"ReadAction","target":["https:\/\/www.swissraft.ch\/it\/prodotto\/volo-aereo-da-bienne-eiger-monch-jungfrau-60-min-a-partire-da-chf-40000\/"]}]},{"@type":"ImageObject","inLanguage":"it-IT","@id":"https:\/\/www.swissraft.ch\/it\/prodotto\/volo-aereo-da-bienne-eiger-monch-jungfrau-60-min-a-partire-da-chf-40000\/#primaryimage","url":"https:\/\/www.swissraft.ch\/wp-content\/uploads\/2023\/01\/08-BIEL-Eiger-Monch-Jungfrau-Rundflug-776x776-2.jpg","contentUrl":"https:\/\/www.swissraft.ch\/wp-content\/uploads\/2023\/01\/08-BIEL-Eiger-Monch-Jungfrau-Rundflug-776x776-2.jpg","width":776,"height":776,"caption":"Volo per l'Eiger da Bienne"},{"@type":"BreadcrumbList","@id":"https:\/\/www.swissraft.ch\/it\/prodotto\/volo-aereo-da-bienne-eiger-monch-jungfrau-60-min-a-partire-da-chf-40000\/#breadcrumb","itemListElement":[{"@type":"ListItem","position":1,"name":"Accueil","item":"https:\/\/www.swissraft.ch\/it\/"},{"@type":"ListItem","position":2,"name":"Negozio","item":"https:\/\/www.swissraft.ch\/it\/negozio\/"},{"@type":"ListItem","position":3,"name":"Volo aereo da BIENNE &#8211; EIGER-M\u00d6NCH-JUNGFRAU &#8211; 60 min. &#8211; A partire da CHF 400,00"}]},{"@type":"WebSite","@id":"https:\/\/www.swissraft.ch\/it\/#website","url":"https:\/\/www.swissraft.ch\/it\/","name":"Swissraft","description":"To enjoy nature as it is","publisher":{"@id":"https:\/\/www.swissraft.ch\/it\/#organization"},"potentialAction":[{"@type":"SearchAction","target":{"@type":"EntryPoint","urlTemplate":"https:\/\/www.swissraft.ch\/it\/?s={search_term_string}"},"query-input":{"@type":"PropertyValueSpecification","valueRequired":true,"valueName":"search_term_string"}}],"inLanguage":"it-IT"},{"@type":"Organization","@id":"https:\/\/www.swissraft.ch\/it\/#organization","name":"Swissraft","url":"https:\/\/www.swissraft.ch\/it\/","logo":{"@type":"ImageObject","inLanguage":"it-IT","@id":"https:\/\/www.swissraft.ch\/it\/#\/schema\/logo\/image\/","url":"https:\/\/www.swissraft.ch\/wp-content\/uploads\/2025\/09\/Capture.jpg","contentUrl":"https:\/\/www.swissraft.ch\/wp-content\/uploads\/2025\/09\/Capture.jpg","width":293,"height":108,"caption":"Swissraft"},"image":{"@id":"https:\/\/www.swissraft.ch\/it\/#\/schema\/logo\/image\/"}}]}},"_links":{"self":[{"href":"https:\/\/www.swissraft.ch\/it\/wp-json\/wp\/v2\/product\/92978","targetHints":{"allow":["GET"]}}],"collection":[{"href":"https:\/\/www.swissraft.ch\/it\/wp-json\/wp\/v2\/product"}],"about":[{"href":"https:\/\/www.swissraft.ch\/it\/wp-json\/wp\/v2\/types\/product"}],"replies":[{"embeddable":true,"href":"https:\/\/www.swissraft.ch\/it\/wp-json\/wp\/v2\/comments?post=92978"}],"version-history":[{"count":0,"href":"https:\/\/www.swissraft.ch\/it\/wp-json\/wp\/v2\/product\/92978\/revisions"}],"wp:featuredmedia":[{"embeddable":true,"href":"https:\/\/www.swissraft.ch\/it\/wp-json\/wp\/v2\/media\/88154"}],"wp:attachment":[{"href":"https:\/\/www.swissraft.ch\/it\/wp-json\/wp\/v2\/media?parent=92978"}],"wp:term":[{"taxonomy":"product_cat","embeddable":true,"href":"https:\/\/www.swissraft.ch\/it\/wp-json\/wp\/v2\/product_cat?post=92978"},{"taxonomy":"product_tag","embeddable":true,"href":"https:\/\/www.swissraft.ch\/it\/wp-json\/wp\/v2\/product_tag?post=92978"}],"curies":[{"name":"wp","href":"https:\/\/api.w.org\/{rel}","templated":true}]}}