{"id":92943,"date":"2023-02-05T17:43:34","date_gmt":"2023-02-05T16:43:34","guid":{"rendered":"https:\/\/swissraft.xyanzkdne.eu\/product\/simulatore-di-volo-a-zurich-boeing-b777-da-chf-229-00\/"},"modified":"2024-11-20T09:57:16","modified_gmt":"2024-11-20T08:57:16","slug":"simulatore-di-volo-a-zurich-boeing-b777-da-chf-229-00","status":"publish","type":"product","link":"https:\/\/www.swissraft.ch\/it\/prodotto\/simulatore-di-volo-a-zurich-boeing-b777-da-chf-229-00\/","title":{"rendered":"Simulatore di volo a ZURICH &#8211; BOEING B777 &#8211; Da CHF 229.00"},"content":{"rendered":"\t\t<div data-elementor-type=\"wp-post\" data-elementor-id=\"92943\" class=\"elementor elementor-92943 elementor-30696\">\n\t\t\t\t\t\t\t\t\t<section class=\"elementor-section elementor-top-section elementor-element elementor-element-3303a7e3 elementor-section-boxed elementor-section-height-default elementor-section-height-default\" data-id=\"3303a7e3\" data-element_type=\"section\">\n\t\t\t\t\t\t<div class=\"elementor-container elementor-column-gap-default\">\n\t\t\t\t\t<div class=\"elementor-column elementor-col-100 elementor-top-column elementor-element elementor-element-16d72dbf\" data-id=\"16d72dbf\" data-element_type=\"column\">\n\t\t\t<div class=\"elementor-widget-wrap elementor-element-populated\">\n\t\t\t\t\t\t\t\t<div class=\"elementor-element elementor-element-d743c03 elementor-widget elementor-widget-text-editor\" data-id=\"d743c03\" data-element_type=\"widget\" data-widget_type=\"text-editor.default\">\n\t\t\t\t<div class=\"elementor-widget-container\">\n\t\t\t\t\t\t\t<h2>SCEGLI LA TUA ATTIVIT\u00c0 QUI SOTTO PER OFFRIRE BUONI REGALO\/BIGLIETTI O EFFETTUARE UNA PRENOTAZIONE<\/h2>\n<table border=\"0\" width=\"580\" cellspacing=\"10\" cellpadding=\"10\">\n<tbody>\n<tr>\n<td width=\"50%\"><strong>SIMULATORE DI VOLO BOEING B777 (1+3 pers.) &#8211; A partire da 60 min.<\/strong><\/td>\n<td><strong>A partire da CHF 229,00 per volo<span class=\"productPrice\"><br \/><\/span><\/strong><\/td>\n<\/tr>\n<tr>\n<td>Informazioni aggiuntive<\/td>\n<td><span class=\"patt\"><br \/>&#8211; Altezza minima: 1m40 &#8211; Massimo 3 passeggeri<\/span><\/td>\n<\/tr>\n<tr>\n<td>Luogo di incontro<\/td>\n<td><a href=\"https:\/\/www.google.com\/maps\/place\/47%C2%B022'55.6%22N+8%C2%B031'56.6%22E\/@47.382188,8.5300915,382m\/data=!3m1!1e3!4m4!3m3!8m2!3d47.3821111!4d8.5323889?entry=ttu\" target=\"_blank\" rel=\"noopener\">Zurigo<\/a><\/td>\n<\/tr>\n<tr>\n<td>Scelta della durata del volo<\/td>\n<td>1h \/ 1h30 \/ 2h \/ 2h30<\/td>\n<\/tr>\n<tr>\n<td>Durata totale<\/td>\n<td>Da 1 ora e 30 a 3 ore, a seconda del numero di minuti.<\/td>\n<\/tr>\n<tr>\n<td>Appuntamento<\/td>\n<td>Per telefono<\/td>\n<\/tr>\n<tr>\n<td><button class=\"elementor-button\" type=\"button\"><a href=\"https:\/\/swissraft.outdoorbooking.ch\/fo\/products\/1343?base_id=209&amp;category_id=21&amp;order_type=gift_voucher&amp;lang=it\" target=\"_blank\" rel=\"noopener\">BUONO REGALO<\/a><\/button><\/td>\n<td><strong>CHF 229,00 &#8211; 60 minuti di volo <\/strong><\/td>\n<\/tr>\n<tr>\n<td><button class=\"elementor-button\" type=\"button\"><a href=\"https:\/\/swissraft.outdoorbooking.ch\/fo\/products\/1344?base_id=209&amp;category_id=21&amp;order_type=gift_voucher&amp;lang=it\" target=\"_blank\" rel=\"noopener\">BUONO REGALO<\/a><\/button><\/td>\n<td><strong>CHF 319,00 &#8211; volo di 90 minuti <\/strong><\/td>\n<\/tr>\n<tr>\n<td><button class=\"elementor-button\" type=\"button\"><a href=\"https:\/\/swissraft.outdoorbooking.ch\/fo\/products\/1345?base_id=209&amp;category_id=21&amp;order_type=gift_voucher&amp;lang=it\" target=\"_blank\" rel=\"noopener\">BUONO REGALO<\/a><\/button><\/td>\n<td><strong>CHF 409,00 &#8211; Volo di 2 ore<\/strong><\/td>\n<\/tr>\n<tr>\n<td><button class=\"elementor-button\" type=\"button\"><a href=\"https:\/\/swissraft.outdoorbooking.ch\/fo\/products\/1346?base_id=209&amp;category_id=21&amp;order_type=gift_voucher&amp;lang=it\" target=\"_blank\" rel=\"noopener\">BUONO REGALO<\/a><\/button><\/td>\n<td><strong>CHF 499,00 &#8211; volo di 2h30<\/strong><\/td>\n<\/tr>\n<tr>\n<td> <\/td>\n<td>Per effettuare una prenotazione <span class=\"patt\" style=\"font-family: inherit; font-size: inherit;\"><span class=\"plbl\"><span class=\"patt\"><a href=\"https:\/\/www.swissraft.ch\/it\/contattaci\/\">contattaci<\/a><\/span><\/span><\/span><\/td>\n<\/tr>\n<\/tbody>\n<\/table>\n\t\t\t\t\t\t<\/div>\n\t\t\t\t<\/div>\n\t\t\t\t\t<\/div>\n\t\t<\/div>\n\t\t\t\t\t\t\t<\/div>\n\t\t<\/section>\n\t\t\t\t\t\t\t<\/div>\n\t\t","protected":false},"excerpt":{"rendered":"<div align=\"justify\">\n<h2 align=\"justify\">Scopri la meraviglia di Zurigo con il nostro simulatore di volo BOEING B777, un&#8217;esperienza semplicemente mozzafiato!<\/h2>\n<h3>Invita tre amici a bordo del BOEING B777 per condividere con te questa esperienza virtuale unica. Vivete l&#8217;avventura insieme! <\/h3>\n<\/div>\n<div align=\"justify\">\n<p>Il nostro simulatore di volo ti immerge in un&#8217;avventura coinvolgente grazie al suo schermo panoramico gigante di 5 metri di larghezza. Offre una vista semicircolare di 200 gradi. Fin dall&#8217;inizio rimarrai stupito dalla realt\u00e0 del rumore del motore, del rullaggio e delle vibrazioni al decollo. Non volerai semplicemente su un Boeing B777, ma lo vivrai in prima persona. Il tuo appassionato ed esperto istruttore di pilotaggio ti guider\u00e0 passo dopo passo in ogni manovra. Questa esperienza unica \u00e8 molto pi\u00f9 di un volo simulato: \u00e8 un&#8217;avventura affascinante per tutti gli appassionati di aviazione. Prova il brivido di pilotare un aereo di linea in condizioni ultra-realistiche. Acquista subito il tuo biglietto e preparati a vivere un&#8217;esperienza di volo indimenticabile!<\/p>\n<h3>Per maggiori informazioni o per prenotare la tua emozionante sessione sul nostro simulatore di volo, non esitare a contattarci via e-mail o telefono.<\/h3>\n<p id=\"textarea\" style=\"display: none;\">\nSwissraft offre anche un simulatore di volo Boeing 737-700 a Losanna. Alla Attikon\/Winterthur abbiamo anche un simulatore di volo Boeing 737 FSC e un simulatore di volo per elicotteri EC135. Offriamo anche un simulatore di volo Boeing 737-800, un simulatore di volo per elicotteri Robinson RH22 e un simulatore di volo Cessna 172 a Niederbuchsiten. A Pf\u00e4ffikon abbiamo anche un simulatore di volo per elicotteri EC135. A Villars-Les-Moines offriamo un simulatore di volo Airbus A320.\n<\/p>\n<p><a id=\"seeMore\" onclick=\"toggleSeeMore()\" href=\"javascript:void(0);\">Leggi tutto<\/a><\/p>\n","protected":false},"featured_media":89423,"comment_status":"open","ping_status":"closed","template":"","meta":{"inline_featured_image":false,"_mi_skip_tracking":false},"product_cat":[415,547],"product_tag":[],"class_list":["post-92943","product","type-product","status-publish","has-post-thumbnail","hentry","product_cat-simulatore-di-volo","product_cat-simulatore-di-volo-zurich"],"yoast_head":"<!-- This site is optimized with the Yoast SEO plugin v23.6 - https:\/\/yoast.com\/wordpress\/plugins\/seo\/ -->\n<title>Simulatore di volo Boeing B777 a Zurigo; un simulatore ad alte prestazioni<\/title>\n<meta name=\"description\" content=\"Simulatore di volo Boeing B777 a Zurigo, un simulatore ad alte prestazioni. \u00c8 una meraviglia della tecnologia che riproduce fedelmente tutte le sensazioni di un volo.\" \/>\n<meta name=\"robots\" content=\"index, follow, max-snippet:-1, max-image-preview:large, max-video-preview:-1\" \/>\n<link rel=\"canonical\" href=\"https:\/\/www.swissraft.ch\/it\/prodotto\/simulatore-di-volo-a-zurich-boeing-b777-da-chf-229-00\/\" \/>\n<meta property=\"og:locale\" content=\"it_IT\" \/>\n<meta property=\"og:type\" content=\"article\" \/>\n<meta property=\"og:title\" content=\"Simulatore di volo Boeing B777 a Zurigo; un simulatore ad alte prestazioni\" \/>\n<meta property=\"og:description\" content=\"Simulatore di volo Boeing B777 a Zurigo, un simulatore ad alte prestazioni. \u00c8 una meraviglia della tecnologia che riproduce fedelmente tutte le sensazioni di un volo.\" \/>\n<meta property=\"og:url\" content=\"https:\/\/www.swissraft.ch\/it\/prodotto\/simulatore-di-volo-a-zurich-boeing-b777-da-chf-229-00\/\" \/>\n<meta property=\"og:site_name\" content=\"Swissraft\" \/>\n<meta property=\"article:modified_time\" content=\"2024-11-20T08:57:16+00:00\" \/>\n<meta property=\"og:image\" content=\"https:\/\/www.swissraft.ch\/wp-content\/uploads\/2023\/02\/1-ZURICH-BOEING-777-776x776-1.jpg\" \/>\n\t<meta property=\"og:image:width\" content=\"776\" \/>\n\t<meta property=\"og:image:height\" content=\"776\" \/>\n\t<meta property=\"og:image:type\" content=\"image\/jpeg\" \/>\n<meta name=\"twitter:card\" content=\"summary_large_image\" \/>\n<meta name=\"twitter:label1\" content=\"Tempo di lettura stimato\" \/>\n\t<meta name=\"twitter:data1\" content=\"1 minuto\" \/>\n<script type=\"application\/ld+json\" class=\"yoast-schema-graph\">{\"@context\":\"https:\/\/schema.org\",\"@graph\":[{\"@type\":\"WebPage\",\"@id\":\"https:\/\/www.swissraft.ch\/it\/prodotto\/simulatore-di-volo-a-zurich-boeing-b777-da-chf-229-00\/\",\"url\":\"https:\/\/www.swissraft.ch\/it\/prodotto\/simulatore-di-volo-a-zurich-boeing-b777-da-chf-229-00\/\",\"name\":\"Simulatore di volo Boeing B777 a Zurigo; un simulatore ad alte prestazioni\",\"isPartOf\":{\"@id\":\"https:\/\/www.swissraft.ch\/it\/#website\"},\"primaryImageOfPage\":{\"@id\":\"https:\/\/www.swissraft.ch\/it\/prodotto\/simulatore-di-volo-a-zurich-boeing-b777-da-chf-229-00\/#primaryimage\"},\"image\":{\"@id\":\"https:\/\/www.swissraft.ch\/it\/prodotto\/simulatore-di-volo-a-zurich-boeing-b777-da-chf-229-00\/#primaryimage\"},\"thumbnailUrl\":\"https:\/\/www.swissraft.ch\/wp-content\/uploads\/2023\/02\/1-ZURICH-BOEING-777-776x776-1.jpg\",\"datePublished\":\"2023-02-05T16:43:34+00:00\",\"dateModified\":\"2024-11-20T08:57:16+00:00\",\"description\":\"Simulatore di volo Boeing B777 a Zurigo, un simulatore ad alte prestazioni. \u00c8 una meraviglia della tecnologia che riproduce fedelmente tutte le sensazioni di un volo.\",\"breadcrumb\":{\"@id\":\"https:\/\/www.swissraft.ch\/it\/prodotto\/simulatore-di-volo-a-zurich-boeing-b777-da-chf-229-00\/#breadcrumb\"},\"inLanguage\":\"it-IT\",\"potentialAction\":[{\"@type\":\"ReadAction\",\"target\":[\"https:\/\/www.swissraft.ch\/it\/prodotto\/simulatore-di-volo-a-zurich-boeing-b777-da-chf-229-00\/\"]}]},{\"@type\":\"ImageObject\",\"inLanguage\":\"it-IT\",\"@id\":\"https:\/\/www.swissraft.ch\/it\/prodotto\/simulatore-di-volo-a-zurich-boeing-b777-da-chf-229-00\/#primaryimage\",\"url\":\"https:\/\/www.swissraft.ch\/wp-content\/uploads\/2023\/02\/1-ZURICH-BOEING-777-776x776-1.jpg\",\"contentUrl\":\"https:\/\/www.swissraft.ch\/wp-content\/uploads\/2023\/02\/1-ZURICH-BOEING-777-776x776-1.jpg\",\"width\":776,\"height\":776,\"caption\":\"Simulatore di volo Boeing B777 a Zurigo\"},{\"@type\":\"BreadcrumbList\",\"@id\":\"https:\/\/www.swissraft.ch\/it\/prodotto\/simulatore-di-volo-a-zurich-boeing-b777-da-chf-229-00\/#breadcrumb\",\"itemListElement\":[{\"@type\":\"ListItem\",\"position\":1,\"name\":\"Accueil\",\"item\":\"https:\/\/www.swissraft.ch\/it\/\"},{\"@type\":\"ListItem\",\"position\":2,\"name\":\"Negozio\",\"item\":\"https:\/\/www.swissraft.ch\/it\/negozio\/\"},{\"@type\":\"ListItem\",\"position\":3,\"name\":\"Simulatore di volo a ZURICH &#8211; BOEING B777 &#8211; Da CHF 229.00\"}]},{\"@type\":\"WebSite\",\"@id\":\"https:\/\/www.swissraft.ch\/it\/#website\",\"url\":\"https:\/\/www.swissraft.ch\/it\/\",\"name\":\"Swissraft\",\"description\":\"To enjoy nature as it is\",\"publisher\":{\"@id\":\"https:\/\/www.swissraft.ch\/it\/#organization\"},\"potentialAction\":[{\"@type\":\"SearchAction\",\"target\":{\"@type\":\"EntryPoint\",\"urlTemplate\":\"https:\/\/www.swissraft.ch\/it\/?s={search_term_string}\"},\"query-input\":{\"@type\":\"PropertyValueSpecification\",\"valueRequired\":true,\"valueName\":\"search_term_string\"}}],\"inLanguage\":\"it-IT\"},{\"@type\":\"Organization\",\"@id\":\"https:\/\/www.swissraft.ch\/it\/#organization\",\"name\":\"Swissraft\",\"url\":\"https:\/\/www.swissraft.ch\/it\/\",\"logo\":{\"@type\":\"ImageObject\",\"inLanguage\":\"it-IT\",\"@id\":\"https:\/\/www.swissraft.ch\/it\/#\/schema\/logo\/image\/\",\"url\":\"https:\/\/www.swissraft.ch\/wp-content\/uploads\/2025\/09\/Capture.jpg\",\"contentUrl\":\"https:\/\/www.swissraft.ch\/wp-content\/uploads\/2025\/09\/Capture.jpg\",\"width\":293,\"height\":108,\"caption\":\"Swissraft\"},\"image\":{\"@id\":\"https:\/\/www.swissraft.ch\/it\/#\/schema\/logo\/image\/\"}}]}<\/script>\n<!-- \/ Yoast SEO plugin. -->","yoast_head_json":{"title":"Simulatore di volo Boeing B777 a Zurigo; un simulatore ad alte prestazioni","description":"Simulatore di volo Boeing B777 a Zurigo, un simulatore ad alte prestazioni. \u00c8 una meraviglia della tecnologia che riproduce fedelmente tutte le sensazioni di un volo.","robots":{"index":"index","follow":"follow","max-snippet":"max-snippet:-1","max-image-preview":"max-image-preview:large","max-video-preview":"max-video-preview:-1"},"canonical":"https:\/\/www.swissraft.ch\/it\/prodotto\/simulatore-di-volo-a-zurich-boeing-b777-da-chf-229-00\/","og_locale":"it_IT","og_type":"article","og_title":"Simulatore di volo Boeing B777 a Zurigo; un simulatore ad alte prestazioni","og_description":"Simulatore di volo Boeing B777 a Zurigo, un simulatore ad alte prestazioni. \u00c8 una meraviglia della tecnologia che riproduce fedelmente tutte le sensazioni di un volo.","og_url":"https:\/\/www.swissraft.ch\/it\/prodotto\/simulatore-di-volo-a-zurich-boeing-b777-da-chf-229-00\/","og_site_name":"Swissraft","article_modified_time":"2024-11-20T08:57:16+00:00","og_image":[{"width":776,"height":776,"url":"https:\/\/www.swissraft.ch\/wp-content\/uploads\/2023\/02\/1-ZURICH-BOEING-777-776x776-1.jpg","type":"image\/jpeg"}],"twitter_card":"summary_large_image","twitter_misc":{"Tempo di lettura stimato":"1 minuto"},"schema":{"@context":"https:\/\/schema.org","@graph":[{"@type":"WebPage","@id":"https:\/\/www.swissraft.ch\/it\/prodotto\/simulatore-di-volo-a-zurich-boeing-b777-da-chf-229-00\/","url":"https:\/\/www.swissraft.ch\/it\/prodotto\/simulatore-di-volo-a-zurich-boeing-b777-da-chf-229-00\/","name":"Simulatore di volo Boeing B777 a Zurigo; un simulatore ad alte prestazioni","isPartOf":{"@id":"https:\/\/www.swissraft.ch\/it\/#website"},"primaryImageOfPage":{"@id":"https:\/\/www.swissraft.ch\/it\/prodotto\/simulatore-di-volo-a-zurich-boeing-b777-da-chf-229-00\/#primaryimage"},"image":{"@id":"https:\/\/www.swissraft.ch\/it\/prodotto\/simulatore-di-volo-a-zurich-boeing-b777-da-chf-229-00\/#primaryimage"},"thumbnailUrl":"https:\/\/www.swissraft.ch\/wp-content\/uploads\/2023\/02\/1-ZURICH-BOEING-777-776x776-1.jpg","datePublished":"2023-02-05T16:43:34+00:00","dateModified":"2024-11-20T08:57:16+00:00","description":"Simulatore di volo Boeing B777 a Zurigo, un simulatore ad alte prestazioni. \u00c8 una meraviglia della tecnologia che riproduce fedelmente tutte le sensazioni di un volo.","breadcrumb":{"@id":"https:\/\/www.swissraft.ch\/it\/prodotto\/simulatore-di-volo-a-zurich-boeing-b777-da-chf-229-00\/#breadcrumb"},"inLanguage":"it-IT","potentialAction":[{"@type":"ReadAction","target":["https:\/\/www.swissraft.ch\/it\/prodotto\/simulatore-di-volo-a-zurich-boeing-b777-da-chf-229-00\/"]}]},{"@type":"ImageObject","inLanguage":"it-IT","@id":"https:\/\/www.swissraft.ch\/it\/prodotto\/simulatore-di-volo-a-zurich-boeing-b777-da-chf-229-00\/#primaryimage","url":"https:\/\/www.swissraft.ch\/wp-content\/uploads\/2023\/02\/1-ZURICH-BOEING-777-776x776-1.jpg","contentUrl":"https:\/\/www.swissraft.ch\/wp-content\/uploads\/2023\/02\/1-ZURICH-BOEING-777-776x776-1.jpg","width":776,"height":776,"caption":"Simulatore di volo Boeing B777 a Zurigo"},{"@type":"BreadcrumbList","@id":"https:\/\/www.swissraft.ch\/it\/prodotto\/simulatore-di-volo-a-zurich-boeing-b777-da-chf-229-00\/#breadcrumb","itemListElement":[{"@type":"ListItem","position":1,"name":"Accueil","item":"https:\/\/www.swissraft.ch\/it\/"},{"@type":"ListItem","position":2,"name":"Negozio","item":"https:\/\/www.swissraft.ch\/it\/negozio\/"},{"@type":"ListItem","position":3,"name":"Simulatore di volo a ZURICH &#8211; BOEING B777 &#8211; Da CHF 229.00"}]},{"@type":"WebSite","@id":"https:\/\/www.swissraft.ch\/it\/#website","url":"https:\/\/www.swissraft.ch\/it\/","name":"Swissraft","description":"To enjoy nature as it is","publisher":{"@id":"https:\/\/www.swissraft.ch\/it\/#organization"},"potentialAction":[{"@type":"SearchAction","target":{"@type":"EntryPoint","urlTemplate":"https:\/\/www.swissraft.ch\/it\/?s={search_term_string}"},"query-input":{"@type":"PropertyValueSpecification","valueRequired":true,"valueName":"search_term_string"}}],"inLanguage":"it-IT"},{"@type":"Organization","@id":"https:\/\/www.swissraft.ch\/it\/#organization","name":"Swissraft","url":"https:\/\/www.swissraft.ch\/it\/","logo":{"@type":"ImageObject","inLanguage":"it-IT","@id":"https:\/\/www.swissraft.ch\/it\/#\/schema\/logo\/image\/","url":"https:\/\/www.swissraft.ch\/wp-content\/uploads\/2025\/09\/Capture.jpg","contentUrl":"https:\/\/www.swissraft.ch\/wp-content\/uploads\/2025\/09\/Capture.jpg","width":293,"height":108,"caption":"Swissraft"},"image":{"@id":"https:\/\/www.swissraft.ch\/it\/#\/schema\/logo\/image\/"}}]}},"_links":{"self":[{"href":"https:\/\/www.swissraft.ch\/it\/wp-json\/wp\/v2\/product\/92943","targetHints":{"allow":["GET"]}}],"collection":[{"href":"https:\/\/www.swissraft.ch\/it\/wp-json\/wp\/v2\/product"}],"about":[{"href":"https:\/\/www.swissraft.ch\/it\/wp-json\/wp\/v2\/types\/product"}],"replies":[{"embeddable":true,"href":"https:\/\/www.swissraft.ch\/it\/wp-json\/wp\/v2\/comments?post=92943"}],"version-history":[{"count":0,"href":"https:\/\/www.swissraft.ch\/it\/wp-json\/wp\/v2\/product\/92943\/revisions"}],"wp:featuredmedia":[{"embeddable":true,"href":"https:\/\/www.swissraft.ch\/it\/wp-json\/wp\/v2\/media\/89423"}],"wp:attachment":[{"href":"https:\/\/www.swissraft.ch\/it\/wp-json\/wp\/v2\/media?parent=92943"}],"wp:term":[{"taxonomy":"product_cat","embeddable":true,"href":"https:\/\/www.swissraft.ch\/it\/wp-json\/wp\/v2\/product_cat?post=92943"},{"taxonomy":"product_tag","embeddable":true,"href":"https:\/\/www.swissraft.ch\/it\/wp-json\/wp\/v2\/product_tag?post=92943"}],"curies":[{"name":"wp","href":"https:\/\/api.w.org\/{rel}","templated":true}]}}