{"id":92935,"date":"2023-02-05T17:19:56","date_gmt":"2023-02-05T16:19:56","guid":{"rendered":"https:\/\/swissraft.xyanzkdne.eu\/product\/simulatore-di-volo-a-pfaffikon-eurocopter-ec135-a-partire-da-chf-120-00\/"},"modified":"2024-11-20T09:57:55","modified_gmt":"2024-11-20T08:57:55","slug":"simulatore-di-volo-a-pfaffikon-eurocopter-ec135-a-partire-da-chf-120-00","status":"publish","type":"product","link":"https:\/\/www.swissraft.ch\/it\/prodotto\/simulatore-di-volo-a-pfaffikon-eurocopter-ec135-a-partire-da-chf-120-00\/","title":{"rendered":"Simulatore di volo a PF\u00c4FFIKON &#8211; EUROCOPTER EC135 &#8211; A partire da CHF 120.00"},"content":{"rendered":"\t\t<div data-elementor-type=\"wp-post\" data-elementor-id=\"92935\" class=\"elementor elementor-92935 elementor-30690\">\n\t\t\t\t\t\t\t\t\t<section class=\"elementor-section elementor-top-section elementor-element elementor-element-3303a7e3 elementor-section-boxed elementor-section-height-default elementor-section-height-default\" data-id=\"3303a7e3\" data-element_type=\"section\">\n\t\t\t\t\t\t<div class=\"elementor-container elementor-column-gap-default\">\n\t\t\t\t\t<div class=\"elementor-column elementor-col-100 elementor-top-column elementor-element elementor-element-16d72dbf\" data-id=\"16d72dbf\" data-element_type=\"column\">\n\t\t\t<div class=\"elementor-widget-wrap elementor-element-populated\">\n\t\t\t\t\t\t\t\t<div class=\"elementor-element elementor-element-d743c03 elementor-widget elementor-widget-text-editor\" data-id=\"d743c03\" data-element_type=\"widget\" data-widget_type=\"text-editor.default\">\n\t\t\t\t<div class=\"elementor-widget-container\">\n\t\t\t\t\t\t\t<h2>SCEGLI LA TUA ATTIVIT\u00c0 QUI SOTTO PER OFFRIRE BUONI REGALO\/BIGLIETTI O EFFETTUARE UNA PRENOTAZIONE<\/h2>\n<table border=\"0\" width=\"580\" cellspacing=\"10\" cellpadding=\"10\">\n<tbody>\n<tr>\n<td width=\"50%\"><strong>1) INIZIAZIONE AL VOLO DEL SIMULATORE DI ELICOTTERO EC135 (1 persona) &#8211; 90 min.<\/strong><\/td>\n<td><strong>CHF 200,00 per volo<span class=\"productPrice\"><br \/><\/span><\/strong><\/td>\n<\/tr>\n<tr>\n<td>Informazioni aggiuntive<\/td>\n<td><span class=\"patt\"><br \/>&#8211; Altezza minima: 1m60 &#8211; Altezza massima: 1m90<\/span><\/td>\n<\/tr>\n<tr>\n<td>Punto d&#8217;incontro<\/td>\n<td><a href=\"https:\/\/www.google.com\/maps\/place\/47%C2%B021'47.4%22N+8%C2%B047'42.4%22E\/@47.3632591,8.7929322,382m\/data=!3m1!1e3!4m4!3m3!8m2!3d47.3631667!4d8.7951111?entry=ttu\" target=\"_blank\" rel=\"noopener\">Pf\u00e4ffikon<\/a><\/td>\n<\/tr>\n<tr>\n<td>Durata del volo<\/td>\n<td>1h30<\/td>\n<\/tr>\n<tr>\n<td>Durata totale<\/td>\n<td>circa 2 ore<\/td>\n<\/tr>\n<tr>\n<td>Appuntamento<\/td>\n<td>Per telefono<\/td>\n<\/tr>\n<tr>\n<td><button class=\"elementor-button\" type=\"button\"><a href=\"https:\/\/swissraft.outdoorbooking.ch\/fo\/products\/1282?base_id=205&amp;category_id=21&amp;order_type=gift_voucher&amp;lang=it\" target=\"_blank\" rel=\"noopener\">BUONO REGALO<\/a><\/button><\/td>\n<td><strong>CHF 200,00 &#8211; 1h30 di volo<\/strong><\/td>\n<\/tr>\n<tr>\n<td><button class=\"elementor-button\" type=\"button\"><a href=\"https:\/\/swissraft.outdoorbooking.ch\/fo\/products\/1398?base_id=205&amp;category_id=21&amp;order_type=gift_voucher&amp;lang=it\" target=\"_blank\" rel=\"noopener\">BUONO REGALO<\/a><\/button><\/td>\n<td><strong>CHF 220,00 &#8211; 1h30 di volo &#8211; Domenica e festivi<\/strong><\/td>\n<\/tr>\n<tr>\n<td> <\/td>\n<td>Per effettuare una prenotazione <span class=\"patt\" style=\"font-family: inherit; font-size: inherit;\"><span class=\"plbl\"><span class=\"patt\"><a href=\"https:\/\/www.swissraft.ch\/it\/contattaci\/\">contattaci<\/a><\/span><\/span><\/span><\/td>\n<\/tr>\n<\/tbody>\n<\/table>\n<table border=\"0\" width=\"580\" cellspacing=\"10\" cellpadding=\"10\">\n<tbody>\n<tr>\n<td width=\"50%\"><strong>2) SIMULATORE DI VOLO PER ELICOTTERO EC135 (1 persona) &#8211; A partire da 60 min.<\/strong><\/td>\n<td><strong>&#8211; A partire da CHF 120,00 per volo<span class=\"productPrice\"><br \/><\/span><\/strong><\/td>\n<\/tr>\n<tr>\n<td>Informazioni aggiuntive<\/td>\n<td><span class=\"patt\"><br \/>&#8211; Altezza minima: 1m60 &#8211; Altezza massima: 1m90<\/span><\/td>\n<\/tr>\n<tr>\n<td>Punto d&#8217;incontro<\/td>\n<td><a href=\"https:\/\/www.google.com\/maps\/place\/47%C2%B021'47.4%22N+8%C2%B047'42.4%22E\/@47.3632591,8.7929322,382m\/data=!3m1!1e3!4m4!3m3!8m2!3d47.3631667!4d8.7951111?entry=ttu\" target=\"_blank\" rel=\"noopener\">Pf\u00e4ffikon<\/a><\/td>\n<\/tr>\n<tr>\n<td>Scelta della durata del volo<\/td>\n<td>1h \/ 2h \/ 3h<\/td>\n<\/tr>\n<tr>\n<td>Tempo totale<\/td>\n<td>da 1h30 a 3h30 circa, a seconda del numero di minuti.<\/td>\n<\/tr>\n<tr>\n<td>Appuntamento<\/td>\n<td>Per telefono<\/td>\n<\/tr>\n<tr>\n<td><button class=\"elementor-button\" type=\"button\"><a href=\"https:\/\/swissraft.outdoorbooking.ch\/fo\/products\/1283?base_id=205&amp;category_id=21&amp;order_type=gift_voucher&amp;lang=it\" target=\"_blank\" rel=\"noopener\">BUONO REGALO<\/a><\/button><\/td>\n<td><strong>CHF 120,00 &#8211; 1 ora di volo<\/strong><\/td>\n<\/tr>\n<tr>\n<td><button class=\"elementor-button\" type=\"button\"><a href=\"https:\/\/swissraft.outdoorbooking.ch\/fo\/products\/1400?base_id=205&amp;category_id=21&amp;order_type=gift_voucher&amp;lang=it\" target=\"_blank\" rel=\"noopener\">BUONO REGALO<\/a><\/button><\/td>\n<td><strong>CHF 240,00 &#8211; Volo di 2 ore<\/strong><\/td>\n<\/tr>\n<tr>\n<td><button class=\"elementor-button\" type=\"button\"><a href=\"https:\/\/swissraft.outdoorbooking.ch\/fo\/products\/1402?base_id=205&amp;category_id=21&amp;order_type=gift_voucher&amp;lang=it\" target=\"_blank\" rel=\"noopener\">BUONO REGALO<\/a><\/button><\/td>\n<td><strong>CHF 360,00 &#8211; Volo di 3 ore<\/strong><\/td>\n<\/tr>\n<tr>\n<td><button class=\"elementor-button\" type=\"button\"><a href=\"https:\/\/swissraft.outdoorbooking.ch\/fo\/products\/1399?base_id=205&amp;category_id=21&amp;order_type=gift_voucher&amp;lang=it\" target=\"_blank\" rel=\"noopener\">BUONO REGALO<\/a><\/button><\/td>\n<td><strong>CHF 130.00 &#8211; 1h di volo &#8211; Domenica e festivi <\/strong><\/td>\n<\/tr>\n<tr>\n<td><button class=\"elementor-button\" type=\"button\"><a href=\"https:\/\/swissraft.outdoorbooking.ch\/fo\/products\/1401?base_id=205&amp;category_id=21&amp;order_type=gift_voucher&amp;lang=it\" target=\"_blank\" rel=\"noopener\">BUONO REGALO<\/a><\/button><\/td>\n<td><strong>CHF 260,00 &#8211; 2 ore di volo &#8211; Domenica e festivi <\/strong><\/td>\n<\/tr>\n<tr>\n<td><button class=\"elementor-button\" type=\"button\"><a href=\"https:\/\/swissraft.outdoorbooking.ch\/fo\/products\/1403?base_id=205&amp;category_id=21&amp;order_type=gift_voucher&amp;lang=it\" target=\"_blank\" rel=\"noopener\">BUONO REGALO<\/a><\/button><\/td>\n<td><strong>CHF 390,00 &#8211; 3h di volo &#8211; domenica e festivi <\/strong><\/td>\n<\/tr>\n<tr>\n<td> <\/td>\n<td>Per effettuare una prenotazione <span class=\"patt\" style=\"font-family: inherit; font-size: inherit;\"><span class=\"plbl\"><span class=\"patt\"><a href=\"https:\/\/www.swissraft.ch\/it\/contattaci\/\">contattaci<\/a><\/span><\/span><\/span><\/td>\n<\/tr>\n<\/tbody>\n<\/table>\n\t\t\t\t\t\t<\/div>\n\t\t\t\t<\/div>\n\t\t\t\t\t<\/div>\n\t\t<\/div>\n\t\t\t\t\t\t\t<\/div>\n\t\t<\/section>\n\t\t\t\t\t\t\t<\/div>\n\t\t","protected":false},"excerpt":{"rendered":"<div align=\"justify\">\n<h2 align=\"justify\">Grazie al nostro Eurocopter EC135, entrerai nella ristretta cerchia del soccorso in alta montagna.<\/h2>\n<h3>Volare con questo elicottero Eurocopter EC135 \u00e8 affascinante. Al termine del corso di formazione riceverai un diploma. <\/h3>\n<\/div>\n<div align=\"justify\">\n<p>L&#8217;introduzione al volo in elicottero inizia con un breve video su come gestire un elicottero. Il tuo istruttore ti spiegher\u00e0 cos&#8217;\u00e8 il volo VFR, cio\u00e8 il volo a vista. Poi prepara il piano di volo in base al punto di decollo che preferisci.<br \/>\nOra prendi posto nell&#8217;elicottero con il tuo istruttore. Spiega tutte le schermate e gli interruttori. Gli esercizi ti insegneranno a mantenere l&#8217;elicottero in hovering, a fare perno sul suo asse e a spostarti lateralmente. Durante tutte queste manovre, il tuo istruttore sar\u00e0 vicino a te per guidarti e correggerti se necessario. Poi fai un volo prima di tornare ad atterrare all&#8217;eliporto di tua scelta.<\/p>\n<h3>Per prenotare la tua sessione di volo sul simulatore di volo per elicotteri EC135, contattaci!<\/h3>\n<p id=\"textarea\" style=\"display: none;\">\nOffriamo anche un simulatore di Boeing B777 a Zurigo. Abbiamo anche un simulatore di volo Boeing 737-700 all&#8217;aerodromo Bl\u00e9cherette di Losanna. Alla Attikon\/Winterthur abbiamo anche un simulatore di volo Boeing 737 FSC e un simulatore di volo per elicotteri EC135. Abbiamo anche un simulatore di volo Boeing 737-800, un simulatore di volo per elicotteri Robinson RH22 e un simulatore di volo Cessna 172 a Niederbuchsiten. Per quanto riguarda Villars-Les-Moines, abbiamo un simulatore di volo Airbus A320.\n<\/p>\n<p><a id=\"seeMore\" onclick=\"toggleSeeMore()\" href=\"javascript:void(0);\">Leggi tutto<\/a><\/p>\n","protected":false},"featured_media":89447,"comment_status":"open","ping_status":"closed","template":"","meta":{"inline_featured_image":false,"_mi_skip_tracking":false},"product_cat":[415,545],"product_tag":[],"class_list":["post-92935","product","type-product","status-publish","has-post-thumbnail","hentry","product_cat-simulatore-di-volo","product_cat-simulatore-di-volo-pfaffikon"],"yoast_head":"<!-- This site is optimized with the Yoast SEO plugin v23.6 - https:\/\/yoast.com\/wordpress\/plugins\/seo\/ -->\n<title>Simulatore di elicottero EC135 - un simulatore per tutti<\/title>\n<meta name=\"description\" content=\"Il simulatore di elicottero EC135 di Pf\u00e4ffikon \u00e8 un simulatore adatto a tutti. Il nostro istruttore ti guider\u00e0 passo dopo passo durante l&#039;iniziazione.\" \/>\n<meta name=\"robots\" content=\"index, follow, max-snippet:-1, max-image-preview:large, max-video-preview:-1\" \/>\n<link rel=\"canonical\" href=\"https:\/\/www.swissraft.ch\/it\/prodotto\/simulatore-di-volo-a-pfaffikon-eurocopter-ec135-a-partire-da-chf-120-00\/\" \/>\n<meta property=\"og:locale\" content=\"it_IT\" \/>\n<meta property=\"og:type\" content=\"article\" \/>\n<meta property=\"og:title\" content=\"Simulatore di elicottero EC135 - un simulatore per tutti\" \/>\n<meta property=\"og:description\" content=\"Il simulatore di elicottero EC135 di Pf\u00e4ffikon \u00e8 un simulatore adatto a tutti. Il nostro istruttore ti guider\u00e0 passo dopo passo durante l&#039;iniziazione.\" \/>\n<meta property=\"og:url\" content=\"https:\/\/www.swissraft.ch\/it\/prodotto\/simulatore-di-volo-a-pfaffikon-eurocopter-ec135-a-partire-da-chf-120-00\/\" \/>\n<meta property=\"og:site_name\" content=\"Swissraft\" \/>\n<meta property=\"article:modified_time\" content=\"2024-11-20T08:57:55+00:00\" \/>\n<meta property=\"og:image\" content=\"https:\/\/www.swissraft.ch\/wp-content\/uploads\/2023\/02\/1-PFAFFIKON-AIRBUS-H135-776x776-1.jpg\" \/>\n\t<meta property=\"og:image:width\" content=\"776\" \/>\n\t<meta property=\"og:image:height\" content=\"776\" \/>\n\t<meta property=\"og:image:type\" content=\"image\/jpeg\" \/>\n<meta name=\"twitter:card\" content=\"summary_large_image\" \/>\n<meta name=\"twitter:label1\" content=\"Tempo di lettura stimato\" \/>\n\t<meta name=\"twitter:data1\" content=\"1 minuto\" \/>\n<script type=\"application\/ld+json\" class=\"yoast-schema-graph\">{\"@context\":\"https:\/\/schema.org\",\"@graph\":[{\"@type\":\"WebPage\",\"@id\":\"https:\/\/www.swissraft.ch\/it\/prodotto\/simulatore-di-volo-a-pfaffikon-eurocopter-ec135-a-partire-da-chf-120-00\/\",\"url\":\"https:\/\/www.swissraft.ch\/it\/prodotto\/simulatore-di-volo-a-pfaffikon-eurocopter-ec135-a-partire-da-chf-120-00\/\",\"name\":\"Simulatore di elicottero EC135 - un simulatore per tutti\",\"isPartOf\":{\"@id\":\"https:\/\/www.swissraft.ch\/it\/#website\"},\"primaryImageOfPage\":{\"@id\":\"https:\/\/www.swissraft.ch\/it\/prodotto\/simulatore-di-volo-a-pfaffikon-eurocopter-ec135-a-partire-da-chf-120-00\/#primaryimage\"},\"image\":{\"@id\":\"https:\/\/www.swissraft.ch\/it\/prodotto\/simulatore-di-volo-a-pfaffikon-eurocopter-ec135-a-partire-da-chf-120-00\/#primaryimage\"},\"thumbnailUrl\":\"https:\/\/www.swissraft.ch\/wp-content\/uploads\/2023\/02\/1-PFAFFIKON-AIRBUS-H135-776x776-1.jpg\",\"datePublished\":\"2023-02-05T16:19:56+00:00\",\"dateModified\":\"2024-11-20T08:57:55+00:00\",\"description\":\"Il simulatore di elicottero EC135 di Pf\u00e4ffikon \u00e8 un simulatore adatto a tutti. Il nostro istruttore ti guider\u00e0 passo dopo passo durante l'iniziazione.\",\"breadcrumb\":{\"@id\":\"https:\/\/www.swissraft.ch\/it\/prodotto\/simulatore-di-volo-a-pfaffikon-eurocopter-ec135-a-partire-da-chf-120-00\/#breadcrumb\"},\"inLanguage\":\"it-IT\",\"potentialAction\":[{\"@type\":\"ReadAction\",\"target\":[\"https:\/\/www.swissraft.ch\/it\/prodotto\/simulatore-di-volo-a-pfaffikon-eurocopter-ec135-a-partire-da-chf-120-00\/\"]}]},{\"@type\":\"ImageObject\",\"inLanguage\":\"it-IT\",\"@id\":\"https:\/\/www.swissraft.ch\/it\/prodotto\/simulatore-di-volo-a-pfaffikon-eurocopter-ec135-a-partire-da-chf-120-00\/#primaryimage\",\"url\":\"https:\/\/www.swissraft.ch\/wp-content\/uploads\/2023\/02\/1-PFAFFIKON-AIRBUS-H135-776x776-1.jpg\",\"contentUrl\":\"https:\/\/www.swissraft.ch\/wp-content\/uploads\/2023\/02\/1-PFAFFIKON-AIRBUS-H135-776x776-1.jpg\",\"width\":776,\"height\":776,\"caption\":\"Simulatore di volo per elicotteri EC135 per un'introduzione da Pf\u00e4ffikon\"},{\"@type\":\"BreadcrumbList\",\"@id\":\"https:\/\/www.swissraft.ch\/it\/prodotto\/simulatore-di-volo-a-pfaffikon-eurocopter-ec135-a-partire-da-chf-120-00\/#breadcrumb\",\"itemListElement\":[{\"@type\":\"ListItem\",\"position\":1,\"name\":\"Accueil\",\"item\":\"https:\/\/www.swissraft.ch\/it\/\"},{\"@type\":\"ListItem\",\"position\":2,\"name\":\"Negozio\",\"item\":\"https:\/\/www.swissraft.ch\/it\/negozio\/\"},{\"@type\":\"ListItem\",\"position\":3,\"name\":\"Simulatore di volo a PF\u00c4FFIKON &#8211; EUROCOPTER EC135 &#8211; A partire da CHF 120.00\"}]},{\"@type\":\"WebSite\",\"@id\":\"https:\/\/www.swissraft.ch\/it\/#website\",\"url\":\"https:\/\/www.swissraft.ch\/it\/\",\"name\":\"Swissraft\",\"description\":\"To enjoy nature as it is\",\"publisher\":{\"@id\":\"https:\/\/www.swissraft.ch\/it\/#organization\"},\"potentialAction\":[{\"@type\":\"SearchAction\",\"target\":{\"@type\":\"EntryPoint\",\"urlTemplate\":\"https:\/\/www.swissraft.ch\/it\/?s={search_term_string}\"},\"query-input\":{\"@type\":\"PropertyValueSpecification\",\"valueRequired\":true,\"valueName\":\"search_term_string\"}}],\"inLanguage\":\"it-IT\"},{\"@type\":\"Organization\",\"@id\":\"https:\/\/www.swissraft.ch\/it\/#organization\",\"name\":\"Swissraft\",\"url\":\"https:\/\/www.swissraft.ch\/it\/\",\"logo\":{\"@type\":\"ImageObject\",\"inLanguage\":\"it-IT\",\"@id\":\"https:\/\/www.swissraft.ch\/it\/#\/schema\/logo\/image\/\",\"url\":\"https:\/\/www.swissraft.ch\/wp-content\/uploads\/2025\/09\/Capture.jpg\",\"contentUrl\":\"https:\/\/www.swissraft.ch\/wp-content\/uploads\/2025\/09\/Capture.jpg\",\"width\":293,\"height\":108,\"caption\":\"Swissraft\"},\"image\":{\"@id\":\"https:\/\/www.swissraft.ch\/it\/#\/schema\/logo\/image\/\"}}]}<\/script>\n<!-- \/ Yoast SEO plugin. -->","yoast_head_json":{"title":"Simulatore di elicottero EC135 - un simulatore per tutti","description":"Il simulatore di elicottero EC135 di Pf\u00e4ffikon \u00e8 un simulatore adatto a tutti. Il nostro istruttore ti guider\u00e0 passo dopo passo durante l'iniziazione.","robots":{"index":"index","follow":"follow","max-snippet":"max-snippet:-1","max-image-preview":"max-image-preview:large","max-video-preview":"max-video-preview:-1"},"canonical":"https:\/\/www.swissraft.ch\/it\/prodotto\/simulatore-di-volo-a-pfaffikon-eurocopter-ec135-a-partire-da-chf-120-00\/","og_locale":"it_IT","og_type":"article","og_title":"Simulatore di elicottero EC135 - un simulatore per tutti","og_description":"Il simulatore di elicottero EC135 di Pf\u00e4ffikon \u00e8 un simulatore adatto a tutti. Il nostro istruttore ti guider\u00e0 passo dopo passo durante l'iniziazione.","og_url":"https:\/\/www.swissraft.ch\/it\/prodotto\/simulatore-di-volo-a-pfaffikon-eurocopter-ec135-a-partire-da-chf-120-00\/","og_site_name":"Swissraft","article_modified_time":"2024-11-20T08:57:55+00:00","og_image":[{"width":776,"height":776,"url":"https:\/\/www.swissraft.ch\/wp-content\/uploads\/2023\/02\/1-PFAFFIKON-AIRBUS-H135-776x776-1.jpg","type":"image\/jpeg"}],"twitter_card":"summary_large_image","twitter_misc":{"Tempo di lettura stimato":"1 minuto"},"schema":{"@context":"https:\/\/schema.org","@graph":[{"@type":"WebPage","@id":"https:\/\/www.swissraft.ch\/it\/prodotto\/simulatore-di-volo-a-pfaffikon-eurocopter-ec135-a-partire-da-chf-120-00\/","url":"https:\/\/www.swissraft.ch\/it\/prodotto\/simulatore-di-volo-a-pfaffikon-eurocopter-ec135-a-partire-da-chf-120-00\/","name":"Simulatore di elicottero EC135 - un simulatore per tutti","isPartOf":{"@id":"https:\/\/www.swissraft.ch\/it\/#website"},"primaryImageOfPage":{"@id":"https:\/\/www.swissraft.ch\/it\/prodotto\/simulatore-di-volo-a-pfaffikon-eurocopter-ec135-a-partire-da-chf-120-00\/#primaryimage"},"image":{"@id":"https:\/\/www.swissraft.ch\/it\/prodotto\/simulatore-di-volo-a-pfaffikon-eurocopter-ec135-a-partire-da-chf-120-00\/#primaryimage"},"thumbnailUrl":"https:\/\/www.swissraft.ch\/wp-content\/uploads\/2023\/02\/1-PFAFFIKON-AIRBUS-H135-776x776-1.jpg","datePublished":"2023-02-05T16:19:56+00:00","dateModified":"2024-11-20T08:57:55+00:00","description":"Il simulatore di elicottero EC135 di Pf\u00e4ffikon \u00e8 un simulatore adatto a tutti. Il nostro istruttore ti guider\u00e0 passo dopo passo durante l'iniziazione.","breadcrumb":{"@id":"https:\/\/www.swissraft.ch\/it\/prodotto\/simulatore-di-volo-a-pfaffikon-eurocopter-ec135-a-partire-da-chf-120-00\/#breadcrumb"},"inLanguage":"it-IT","potentialAction":[{"@type":"ReadAction","target":["https:\/\/www.swissraft.ch\/it\/prodotto\/simulatore-di-volo-a-pfaffikon-eurocopter-ec135-a-partire-da-chf-120-00\/"]}]},{"@type":"ImageObject","inLanguage":"it-IT","@id":"https:\/\/www.swissraft.ch\/it\/prodotto\/simulatore-di-volo-a-pfaffikon-eurocopter-ec135-a-partire-da-chf-120-00\/#primaryimage","url":"https:\/\/www.swissraft.ch\/wp-content\/uploads\/2023\/02\/1-PFAFFIKON-AIRBUS-H135-776x776-1.jpg","contentUrl":"https:\/\/www.swissraft.ch\/wp-content\/uploads\/2023\/02\/1-PFAFFIKON-AIRBUS-H135-776x776-1.jpg","width":776,"height":776,"caption":"Simulatore di volo per elicotteri EC135 per un'introduzione da Pf\u00e4ffikon"},{"@type":"BreadcrumbList","@id":"https:\/\/www.swissraft.ch\/it\/prodotto\/simulatore-di-volo-a-pfaffikon-eurocopter-ec135-a-partire-da-chf-120-00\/#breadcrumb","itemListElement":[{"@type":"ListItem","position":1,"name":"Accueil","item":"https:\/\/www.swissraft.ch\/it\/"},{"@type":"ListItem","position":2,"name":"Negozio","item":"https:\/\/www.swissraft.ch\/it\/negozio\/"},{"@type":"ListItem","position":3,"name":"Simulatore di volo a PF\u00c4FFIKON &#8211; EUROCOPTER EC135 &#8211; A partire da CHF 120.00"}]},{"@type":"WebSite","@id":"https:\/\/www.swissraft.ch\/it\/#website","url":"https:\/\/www.swissraft.ch\/it\/","name":"Swissraft","description":"To enjoy nature as it is","publisher":{"@id":"https:\/\/www.swissraft.ch\/it\/#organization"},"potentialAction":[{"@type":"SearchAction","target":{"@type":"EntryPoint","urlTemplate":"https:\/\/www.swissraft.ch\/it\/?s={search_term_string}"},"query-input":{"@type":"PropertyValueSpecification","valueRequired":true,"valueName":"search_term_string"}}],"inLanguage":"it-IT"},{"@type":"Organization","@id":"https:\/\/www.swissraft.ch\/it\/#organization","name":"Swissraft","url":"https:\/\/www.swissraft.ch\/it\/","logo":{"@type":"ImageObject","inLanguage":"it-IT","@id":"https:\/\/www.swissraft.ch\/it\/#\/schema\/logo\/image\/","url":"https:\/\/www.swissraft.ch\/wp-content\/uploads\/2025\/09\/Capture.jpg","contentUrl":"https:\/\/www.swissraft.ch\/wp-content\/uploads\/2025\/09\/Capture.jpg","width":293,"height":108,"caption":"Swissraft"},"image":{"@id":"https:\/\/www.swissraft.ch\/it\/#\/schema\/logo\/image\/"}}]}},"_links":{"self":[{"href":"https:\/\/www.swissraft.ch\/it\/wp-json\/wp\/v2\/product\/92935","targetHints":{"allow":["GET"]}}],"collection":[{"href":"https:\/\/www.swissraft.ch\/it\/wp-json\/wp\/v2\/product"}],"about":[{"href":"https:\/\/www.swissraft.ch\/it\/wp-json\/wp\/v2\/types\/product"}],"replies":[{"embeddable":true,"href":"https:\/\/www.swissraft.ch\/it\/wp-json\/wp\/v2\/comments?post=92935"}],"version-history":[{"count":0,"href":"https:\/\/www.swissraft.ch\/it\/wp-json\/wp\/v2\/product\/92935\/revisions"}],"wp:featuredmedia":[{"embeddable":true,"href":"https:\/\/www.swissraft.ch\/it\/wp-json\/wp\/v2\/media\/89447"}],"wp:attachment":[{"href":"https:\/\/www.swissraft.ch\/it\/wp-json\/wp\/v2\/media?parent=92935"}],"wp:term":[{"taxonomy":"product_cat","embeddable":true,"href":"https:\/\/www.swissraft.ch\/it\/wp-json\/wp\/v2\/product_cat?post=92935"},{"taxonomy":"product_tag","embeddable":true,"href":"https:\/\/www.swissraft.ch\/it\/wp-json\/wp\/v2\/product_tag?post=92935"}],"curies":[{"name":"wp","href":"https:\/\/api.w.org\/{rel}","templated":true}]}}