{"id":92931,"date":"2023-02-05T17:55:37","date_gmt":"2023-02-05T16:55:37","guid":{"rendered":"https:\/\/swissraft.xyanzkdne.eu\/product\/voli-in-mongolfiera-in-argovia-a-partire-da-chf-270-00\/"},"modified":"2026-04-01T05:09:14","modified_gmt":"2026-04-01T03:09:14","slug":"voli-in-mongolfiera-in-argovia-a-partire-da-chf-270-00","status":"publish","type":"product","link":"https:\/\/www.swissraft.ch\/it\/prodotto\/voli-in-mongolfiera-in-argovia-a-partire-da-chf-270-00\/","title":{"rendered":"Volo in mongolfiera in Argovia &#8211; Da CHF 270.00"},"content":{"rendered":"\t\t<div data-elementor-type=\"wp-post\" data-elementor-id=\"92931\" class=\"elementor elementor-92931 elementor-30702\">\n\t\t\t\t\t\t\t\t\t<section class=\"elementor-section elementor-top-section elementor-element elementor-element-3303a7e3 elementor-section-boxed elementor-section-height-default elementor-section-height-default\" data-id=\"3303a7e3\" data-element_type=\"section\">\n\t\t\t\t\t\t<div class=\"elementor-container elementor-column-gap-default\">\n\t\t\t\t\t<div class=\"elementor-column elementor-col-100 elementor-top-column elementor-element elementor-element-16d72dbf\" data-id=\"16d72dbf\" data-element_type=\"column\">\n\t\t\t<div class=\"elementor-widget-wrap elementor-element-populated\">\n\t\t\t\t\t\t\t\t<div class=\"elementor-element elementor-element-d743c03 elementor-widget elementor-widget-text-editor\" data-id=\"d743c03\" data-element_type=\"widget\" data-widget_type=\"text-editor.default\">\n\t\t\t\t<div class=\"elementor-widget-container\">\n\t\t\t\t\t\t\t<h2>SCEGLI LA TUA ATTIVIT\u00c0 QUI SOTTO PER OFFRIRE BUONI REGALO\/BIGLIETTI O EFFETTUARE UNA PRENOTAZIONE<\/h2><table border=\"0\" width=\"580\" cellspacing=\"10\" cellpadding=\"10\"><tbody><tr><td width=\"50%\"><strong>1) VOLO IN MONGOLFIERA &#8211; ARGOVIA &#8211; circa 1,5 a 2 ore<\/strong><\/td><td><strong>CHF 420.00 a persona<span class=\"productPrice\"><br \/><\/span><\/strong><\/td><\/tr><tr><td>Informazioni aggiuntive<\/td><td>&#8211;<span class=\"plbl\"> Prezzo giovani <\/span>: <span class=\"patt\">Bambini da 7 a 12 anni : <strong>CHF 270.00<\/strong>\/bambino<br \/><\/span><span class=\"patt\">&#8211; Partenza al mattino o nel tardo pomeriggio<br \/>&#8211; Sarai con altri passeggeri<\/span><\/td><\/tr><tr><td>Localit\u00e0<\/td><td>&#8211; Bremgarten<br \/>&#8211; Meisterschwanden<br \/>&#8211; Fahrwangen &#8211; Aarau<br \/>&#8211; Oberentfelden &#8211; Baden<br \/>&#8211; Birrfeld, Frick, Zofingen ecc.<\/td><\/tr><tr><td>Durata del volo<\/td><td>da 1,5 a 2 ore circa<\/td><\/tr><tr><td>Durata totale<\/td><td>circa 4 ore<\/td><\/tr><tr><td>Appuntamento<\/td><td>Per telefono<\/td><\/tr><tr><td><button class=\"elementor-button\" type=\"button\"><a href=\"https:\/\/swissraft.outdoorbooking.ch\/fo\/products\/83?base_id=48&amp;category_id=7&amp;order_type=gift_voucher&amp;lang=it\" target=\"_blank\" rel=\"noopener\">ACQUISTO BUONO REGALO \/ BIGLIETTO<\/a><\/button><\/td><td><strong>CHF 420.00 &#8211; 1 pers.<\/strong><\/td><\/tr><tr><td><button class=\"elementor-button\" type=\"button\"><a href=\"https:\/\/swissraft.outdoorbooking.ch\/fo\/products\/146?base_id=48&amp;category_id=7&amp;order_type=gift_voucher&amp;lang=it\" target=\"_blank\" rel=\"noopener\">ACQUISTO BUONO REGALO \/ BIGLIETTO<\/a><\/button><\/td><td><strong>CHF 800.00 &#8211; 2 pers.<\/strong><\/td><\/tr><tr><td><button class=\"elementor-button\" type=\"button\"><a href=\"https:\/\/swissraft.outdoorbooking.ch\/fo\/products\/488?base_id=48&amp;category_id=7&amp;order_type=gift_voucher&amp;lang=it\" target=\"_blank\" rel=\"noopener\">ACQUISTO BUONO REGALO \/ BIGLIETTO<\/a><\/button><\/td><td><strong>CHF 1&#8217;200.00 &#8211; 3 pers.<\/strong><\/td><\/tr><tr><td><button class=\"elementor-button\" type=\"button\"><a href=\"https:\/\/swissraft.outdoorbooking.ch\/fo\/products\/495?base_id=48&amp;category_id=7&amp;order_type=gift_voucher&amp;lang=it\" target=\"_blank\" rel=\"noopener\">ACQUISTO BUONO REGALO \/ BIGLIETTO<\/a><\/button><\/td><td><strong>CHF 1&#8217;600.00 &#8211; 4 pers.<\/strong><\/td><\/tr><tr><td><button class=\"elementor-button\" type=\"button\"><a href=\"https:\/\/swissraft.outdoorbooking.ch\/fo\/products\/673?base_id=48&amp;category_id=7&amp;order_type=gift_voucher&amp;lang=it\" target=\"_blank\" rel=\"noopener\">ACQUISTO BUONO REGALO \/ BIGLIETTO<\/a><\/button><\/td><td><strong>CHF 1&#8217;900.00 &#8211; 5 pers.<\/strong><\/td><\/tr><tr><td>\u00a0<\/td><td><strong><em>IMPORTANTE !<\/em><\/strong> <em>Per prenotare, chiamate il numero che si trova in alto a sinistra sul buono regalo \/ biglietto.<\/em><\/td><\/tr><\/tbody><\/table><table border=\"0\" width=\"580\" cellspacing=\"10\" cellpadding=\"10\"><tbody><tr><td width=\"50%\"><strong>2) VOLO IN MONGOLFIERA &#8211; ARGOVIA &#8211; VOLO PRIVATO &#8211; circa 1,5 &#8211; 2 ore<\/strong><\/td><td><strong>CHF 1&#8217;700.00 per 2 pers. &#8211; Volo privato <span class=\"productPrice\"><br \/><\/span><\/strong><\/td><\/tr><tr><td>Informazioni aggiuntive<\/td><td>&#8211; <span class=\"patt\"> Decollo al mattino presto o nel tardo pomeriggio<br \/><\/span>&#8211; Mongolfiera privata<br \/>&#8211; Per pi\u00f9 di 11 pers. : <span class=\"patt\"><span class=\"plbl\"><a href=\"https:\/\/www.swissraft.ch\/it\/contattaci\/\">contattaci<\/a><\/span><\/span><\/td><\/tr><tr><td>Localit\u00e0<\/td><td>&#8211; Bremgarten<br \/>&#8211; Meisterschwanden<br \/>&#8211; Fahrwangen &#8211; Aarau<br \/>&#8211; Oberentfelden &#8211; Baden<br \/>&#8211; Birrfeld, Frick, Zofingen ecc.<\/td><\/tr><tr><td>Durata del volo<\/td><td>da 1,5 a 2 ore circa<\/td><\/tr><tr><td>Durata totale<\/td><td>circa 4 ore<\/td><\/tr><tr><td>Appuntamento<\/td><td>Per telefono<\/td><\/tr><tr><td><button class=\"elementor-button\" type=\"button\"><a href=\"https:\/\/swissraft.outdoorbooking.ch\/fo\/products\/674?base_id=48&amp;category_id=7&amp;order_type=gift_voucher&amp;lang=it\" target=\"_blank\" rel=\"noopener\">ACQUISTO BUONO REGALO \/ BIGLIETTO<\/a><\/button><\/td><td><strong>CHF 1&#8217;700.00 &#8211; volo privato (2 pers.)<\/strong><\/td><\/tr><tr><td><button class=\"elementor-button\" type=\"button\"><a href=\"https:\/\/swissraft.outdoorbooking.ch\/fo\/products\/761?base_id=48&amp;category_id=7&amp;order_type=gift_voucher&amp;lang=it\" target=\"_blank\" rel=\"noopener\">ACQUISTO BUONO REGALO \/ BIGLIETTO<\/a><\/button><\/td><td><strong>CHF 2.000.00 &#8211; volo privato (3-4 pers.)<\/strong><\/td><\/tr><tr><td><button class=\"elementor-button\" type=\"button\"><a href=\"https:\/\/swissraft.outdoorbooking.ch\/fo\/products\/785?base_id=48&amp;category_id=7&amp;order_type=gift_voucher&amp;lang=it\" target=\"_blank\" rel=\"noopener\">ACQUISTO BUONO REGALO \/ BIGLIETTO<\/a><\/button><\/td><td><strong>CHF 2&#8217;400.00 &#8211; volo privato (5-6 pers.<\/strong><\/td><\/tr><tr><td><button class=\"elementor-button\" type=\"button\"><a href=\"https:\/\/swissraft.outdoorbooking.ch\/fo\/products\/1177?base_id=48&amp;category_id=7&amp;order_type=gift_voucher&amp;lang=it\" target=\"_blank\" rel=\"noopener\">ACQUISTO BUONO REGALO \/ BIGLIETTO<\/a><\/button><\/td><td><strong>CHF 2&#8217;900.00 &#8211; volo privato (7-8 pers.)<\/strong><\/td><\/tr><tr><td><button class=\"elementor-button\" type=\"button\"><a href=\"https:\/\/swissraft.outdoorbooking.ch\/fo\/products\/1178?base_id=48&amp;category_id=7&amp;order_type=gift_voucher&amp;lang=it\" target=\"_blank\" rel=\"noopener\">ACQUISTO BUONO REGALO \/ BIGLIETTO<\/a><\/button><\/td><td><strong>CHF 3&#8217;400.00 &#8211; volo privato (9-10 pers.)<\/strong><\/td><\/tr><tr><td><button class=\"elementor-button\" type=\"button\"><a href=\"https:\/\/swissraft.outdoorbooking.ch\/fo\/products\/1179?base_id=48&amp;category_id=7&amp;order_type=gift_voucher&amp;lang=it\" target=\"_blank\" rel=\"noopener\">ACQUISTO BUONO REGALO \/ BIGLIETTO<\/a><\/button><\/td><td><strong>CHF 3&#8217;700.00 &#8211; volo privato (11 pers.)<\/strong><\/td><\/tr><tr><td>\u00a0<\/td><td><strong><em>IMPORTANTE !<\/em><\/strong> <em>Per prenotare, chiamate il numero che si trova in alto a sinistra sul buono regalo \/ biglietto.<\/em><\/td><\/tr><\/tbody><\/table>\t\t\t\t\t\t<\/div>\n\t\t\t\t<\/div>\n\t\t\t\t\t<\/div>\n\t\t<\/div>\n\t\t\t\t\t\t\t<\/div>\n\t\t<\/section>\n\t\t\t\t\t\t\t<\/div>\n\t\t","protected":false},"excerpt":{"rendered":"<div align=\"justify\">\n<h2 align=\"justify\">Volo in mongolfiera in Argovia da Aarau e dintorni; decolla per un volo di circa un&#8217;ora.<\/h2>\n<h3>Questo volo in mongolfiera sull&#8217;Argovia ti lascer\u00e0 ricordi indimenticabili.<\/h3>\n<\/div>\n<div align=\"justify\">\n<p>Innanzitutto, il bel tempo \u00e8 essenziale per un volo in mongolfiera. In altre parole, poco vento al suolo e nuvole alte. In secondo luogo, abbiamo bisogno di un&#8217;area di decollo piatta e ben sgombra. Poi arriva il gonfiaggio dei palloncini, a cui partecipano tutti. Il pilota utilizza quindi i bruciatori per riscaldare l&#8217;aria all&#8217;interno dell&#8217;involucro. La palla si alz\u00f2 gradualmente e maestosamente in piedi. Un involucro di 4.000-5.000 metri cubi \u00e8 molto imponente. Sorvoliamo l&#8217;altopiano svizzero da Bremgarten, Meisterschwanden\/Fahrwangen, Aarau\/Oberentfelden, Baden\/Birrfeld, Frick, Zofingen e molti altri luoghi!<\/p>\n<h3>Swissraft offre voli in mongolfiera in tutta la Svizzera.<\/h3>\n<p id=\"textarea\" style=\"display: none;\">\nDecolliamo in mongolfiera nella regione di Basilea-Campagna. Ma anche nei dintorni di Berna. Partenza anche nei dintorni di Zurigo. Offriamo anche viaggi in mongolfiera nel Pays d&#8217;Enhaut da Ch\u00e2teau d&#8217;Oex, nel cantone di Vaud. Ma anche nel cantone di Friburgo dalla Gruy\u00e8re e dalla regione dei tre laghi che si estende nei cantoni di Berna, Friburgo, Neuch\u00e2tel e Vaud. Ci addentriamo anche nel Saanenland. Abbiamo anche partenze nel Giura e nelle Franches Montagnes. Inoltre, decolleremo in mongolfiera nel Cantone di Lucerna e intorno al Lago dei Quattro Cantoni. Ma anche vicino al lago di Sempach e intorno al lago di Zugo. Offriamo anche voli in mongolfiera nel cantone di Neuch\u00e2tel. Ma anche nel cantone di Soletta, nel cantone di Turgovia e a San Gallo. Inoltre, partiamo dal Ticino per voli in mongolfiera verso l&#8217;Italia.\n<\/p>\n<p><a id=\"seeMore\" onclick=\"toggleSeeMore()\" href=\"javascript:void(0);\">Leggi tutto<\/a><\/p>\n","protected":false},"featured_media":88688,"comment_status":"open","ping_status":"closed","template":"","meta":{"inline_featured_image":false,"_mi_skip_tracking":false},"product_cat":[537],"product_tag":[],"class_list":["post-92931","product","type-product","status-publish","has-post-thumbnail","hentry","product_cat-volo-in-mongolfiera"],"yoast_head":"<!-- This site is optimized with the Yoast SEO plugin v23.6 - https:\/\/yoast.com\/wordpress\/plugins\/seo\/ -->\n<title>Voli in mongolfiera in Argovia. Un volo in mongolfiera di 2 ore<\/title>\n<meta name=\"description\" content=\"Volo in mongolfiera nell&#039;Argovia. Un volo in mongolfiera di 2 ore sopra l&#039;Argovia. Goditi la pace e la tranquillit\u00e0 e il paesaggio che ti circonda durante il volo.\" \/>\n<meta name=\"robots\" content=\"index, follow, max-snippet:-1, max-image-preview:large, max-video-preview:-1\" \/>\n<link rel=\"canonical\" href=\"https:\/\/www.swissraft.ch\/it\/prodotto\/voli-in-mongolfiera-in-argovia-a-partire-da-chf-270-00\/\" \/>\n<meta property=\"og:locale\" content=\"it_IT\" \/>\n<meta property=\"og:type\" content=\"article\" \/>\n<meta property=\"og:title\" content=\"Voli in mongolfiera in Argovia. Un volo in mongolfiera di 2 ore\" \/>\n<meta property=\"og:description\" content=\"Volo in mongolfiera nell&#039;Argovia. Un volo in mongolfiera di 2 ore sopra l&#039;Argovia. Goditi la pace e la tranquillit\u00e0 e il paesaggio che ti circonda durante il volo.\" \/>\n<meta property=\"og:url\" content=\"https:\/\/www.swissraft.ch\/it\/prodotto\/voli-in-mongolfiera-in-argovia-a-partire-da-chf-270-00\/\" \/>\n<meta property=\"og:site_name\" content=\"Swissraft\" \/>\n<meta property=\"article:modified_time\" content=\"2026-04-01T03:09:14+00:00\" \/>\n<meta property=\"og:image\" content=\"https:\/\/www.swissraft.ch\/wp-content\/uploads\/2023\/02\/1-Aarau-776x776-1.jpg\" \/>\n\t<meta property=\"og:image:width\" content=\"776\" \/>\n\t<meta property=\"og:image:height\" content=\"776\" \/>\n\t<meta property=\"og:image:type\" content=\"image\/jpeg\" \/>\n<meta name=\"twitter:card\" content=\"summary_large_image\" \/>\n<meta name=\"twitter:label1\" content=\"Tempo di lettura stimato\" \/>\n\t<meta name=\"twitter:data1\" content=\"2 minuti\" \/>\n<script type=\"application\/ld+json\" class=\"yoast-schema-graph\">{\"@context\":\"https:\/\/schema.org\",\"@graph\":[{\"@type\":\"WebPage\",\"@id\":\"https:\/\/www.swissraft.ch\/it\/prodotto\/voli-in-mongolfiera-in-argovia-a-partire-da-chf-270-00\/\",\"url\":\"https:\/\/www.swissraft.ch\/it\/prodotto\/voli-in-mongolfiera-in-argovia-a-partire-da-chf-270-00\/\",\"name\":\"Voli in mongolfiera in Argovia. Un volo in mongolfiera di 2 ore\",\"isPartOf\":{\"@id\":\"https:\/\/www.swissraft.ch\/it\/#website\"},\"primaryImageOfPage\":{\"@id\":\"https:\/\/www.swissraft.ch\/it\/prodotto\/voli-in-mongolfiera-in-argovia-a-partire-da-chf-270-00\/#primaryimage\"},\"image\":{\"@id\":\"https:\/\/www.swissraft.ch\/it\/prodotto\/voli-in-mongolfiera-in-argovia-a-partire-da-chf-270-00\/#primaryimage\"},\"thumbnailUrl\":\"https:\/\/www.swissraft.ch\/wp-content\/uploads\/2023\/02\/1-Aarau-776x776-1.jpg\",\"datePublished\":\"2023-02-05T16:55:37+00:00\",\"dateModified\":\"2026-04-01T03:09:14+00:00\",\"description\":\"Volo in mongolfiera nell'Argovia. Un volo in mongolfiera di 2 ore sopra l'Argovia. Goditi la pace e la tranquillit\u00e0 e il paesaggio che ti circonda durante il volo.\",\"breadcrumb\":{\"@id\":\"https:\/\/www.swissraft.ch\/it\/prodotto\/voli-in-mongolfiera-in-argovia-a-partire-da-chf-270-00\/#breadcrumb\"},\"inLanguage\":\"it-IT\",\"potentialAction\":[{\"@type\":\"ReadAction\",\"target\":[\"https:\/\/www.swissraft.ch\/it\/prodotto\/voli-in-mongolfiera-in-argovia-a-partire-da-chf-270-00\/\"]}]},{\"@type\":\"ImageObject\",\"inLanguage\":\"it-IT\",\"@id\":\"https:\/\/www.swissraft.ch\/it\/prodotto\/voli-in-mongolfiera-in-argovia-a-partire-da-chf-270-00\/#primaryimage\",\"url\":\"https:\/\/www.swissraft.ch\/wp-content\/uploads\/2023\/02\/1-Aarau-776x776-1.jpg\",\"contentUrl\":\"https:\/\/www.swissraft.ch\/wp-content\/uploads\/2023\/02\/1-Aarau-776x776-1.jpg\",\"width\":776,\"height\":776,\"caption\":\"Volo in mongolfiera in Argovia\"},{\"@type\":\"BreadcrumbList\",\"@id\":\"https:\/\/www.swissraft.ch\/it\/prodotto\/voli-in-mongolfiera-in-argovia-a-partire-da-chf-270-00\/#breadcrumb\",\"itemListElement\":[{\"@type\":\"ListItem\",\"position\":1,\"name\":\"Accueil\",\"item\":\"https:\/\/www.swissraft.ch\/it\/\"},{\"@type\":\"ListItem\",\"position\":2,\"name\":\"Negozio\",\"item\":\"https:\/\/www.swissraft.ch\/it\/negozio\/\"},{\"@type\":\"ListItem\",\"position\":3,\"name\":\"Volo in mongolfiera in Argovia &#8211; Da CHF 270.00\"}]},{\"@type\":\"WebSite\",\"@id\":\"https:\/\/www.swissraft.ch\/it\/#website\",\"url\":\"https:\/\/www.swissraft.ch\/it\/\",\"name\":\"Swissraft\",\"description\":\"To enjoy nature as it is\",\"publisher\":{\"@id\":\"https:\/\/www.swissraft.ch\/it\/#organization\"},\"potentialAction\":[{\"@type\":\"SearchAction\",\"target\":{\"@type\":\"EntryPoint\",\"urlTemplate\":\"https:\/\/www.swissraft.ch\/it\/?s={search_term_string}\"},\"query-input\":{\"@type\":\"PropertyValueSpecification\",\"valueRequired\":true,\"valueName\":\"search_term_string\"}}],\"inLanguage\":\"it-IT\"},{\"@type\":\"Organization\",\"@id\":\"https:\/\/www.swissraft.ch\/it\/#organization\",\"name\":\"Swissraft\",\"url\":\"https:\/\/www.swissraft.ch\/it\/\",\"logo\":{\"@type\":\"ImageObject\",\"inLanguage\":\"it-IT\",\"@id\":\"https:\/\/www.swissraft.ch\/it\/#\/schema\/logo\/image\/\",\"url\":\"https:\/\/www.swissraft.ch\/wp-content\/uploads\/2025\/09\/Capture.jpg\",\"contentUrl\":\"https:\/\/www.swissraft.ch\/wp-content\/uploads\/2025\/09\/Capture.jpg\",\"width\":293,\"height\":108,\"caption\":\"Swissraft\"},\"image\":{\"@id\":\"https:\/\/www.swissraft.ch\/it\/#\/schema\/logo\/image\/\"}}]}<\/script>\n<!-- \/ Yoast SEO plugin. -->","yoast_head_json":{"title":"Voli in mongolfiera in Argovia. Un volo in mongolfiera di 2 ore","description":"Volo in mongolfiera nell'Argovia. Un volo in mongolfiera di 2 ore sopra l'Argovia. Goditi la pace e la tranquillit\u00e0 e il paesaggio che ti circonda durante il volo.","robots":{"index":"index","follow":"follow","max-snippet":"max-snippet:-1","max-image-preview":"max-image-preview:large","max-video-preview":"max-video-preview:-1"},"canonical":"https:\/\/www.swissraft.ch\/it\/prodotto\/voli-in-mongolfiera-in-argovia-a-partire-da-chf-270-00\/","og_locale":"it_IT","og_type":"article","og_title":"Voli in mongolfiera in Argovia. Un volo in mongolfiera di 2 ore","og_description":"Volo in mongolfiera nell'Argovia. Un volo in mongolfiera di 2 ore sopra l'Argovia. Goditi la pace e la tranquillit\u00e0 e il paesaggio che ti circonda durante il volo.","og_url":"https:\/\/www.swissraft.ch\/it\/prodotto\/voli-in-mongolfiera-in-argovia-a-partire-da-chf-270-00\/","og_site_name":"Swissraft","article_modified_time":"2026-04-01T03:09:14+00:00","og_image":[{"width":776,"height":776,"url":"https:\/\/www.swissraft.ch\/wp-content\/uploads\/2023\/02\/1-Aarau-776x776-1.jpg","type":"image\/jpeg"}],"twitter_card":"summary_large_image","twitter_misc":{"Tempo di lettura stimato":"2 minuti"},"schema":{"@context":"https:\/\/schema.org","@graph":[{"@type":"WebPage","@id":"https:\/\/www.swissraft.ch\/it\/prodotto\/voli-in-mongolfiera-in-argovia-a-partire-da-chf-270-00\/","url":"https:\/\/www.swissraft.ch\/it\/prodotto\/voli-in-mongolfiera-in-argovia-a-partire-da-chf-270-00\/","name":"Voli in mongolfiera in Argovia. Un volo in mongolfiera di 2 ore","isPartOf":{"@id":"https:\/\/www.swissraft.ch\/it\/#website"},"primaryImageOfPage":{"@id":"https:\/\/www.swissraft.ch\/it\/prodotto\/voli-in-mongolfiera-in-argovia-a-partire-da-chf-270-00\/#primaryimage"},"image":{"@id":"https:\/\/www.swissraft.ch\/it\/prodotto\/voli-in-mongolfiera-in-argovia-a-partire-da-chf-270-00\/#primaryimage"},"thumbnailUrl":"https:\/\/www.swissraft.ch\/wp-content\/uploads\/2023\/02\/1-Aarau-776x776-1.jpg","datePublished":"2023-02-05T16:55:37+00:00","dateModified":"2026-04-01T03:09:14+00:00","description":"Volo in mongolfiera nell'Argovia. Un volo in mongolfiera di 2 ore sopra l'Argovia. Goditi la pace e la tranquillit\u00e0 e il paesaggio che ti circonda durante il volo.","breadcrumb":{"@id":"https:\/\/www.swissraft.ch\/it\/prodotto\/voli-in-mongolfiera-in-argovia-a-partire-da-chf-270-00\/#breadcrumb"},"inLanguage":"it-IT","potentialAction":[{"@type":"ReadAction","target":["https:\/\/www.swissraft.ch\/it\/prodotto\/voli-in-mongolfiera-in-argovia-a-partire-da-chf-270-00\/"]}]},{"@type":"ImageObject","inLanguage":"it-IT","@id":"https:\/\/www.swissraft.ch\/it\/prodotto\/voli-in-mongolfiera-in-argovia-a-partire-da-chf-270-00\/#primaryimage","url":"https:\/\/www.swissraft.ch\/wp-content\/uploads\/2023\/02\/1-Aarau-776x776-1.jpg","contentUrl":"https:\/\/www.swissraft.ch\/wp-content\/uploads\/2023\/02\/1-Aarau-776x776-1.jpg","width":776,"height":776,"caption":"Volo in mongolfiera in Argovia"},{"@type":"BreadcrumbList","@id":"https:\/\/www.swissraft.ch\/it\/prodotto\/voli-in-mongolfiera-in-argovia-a-partire-da-chf-270-00\/#breadcrumb","itemListElement":[{"@type":"ListItem","position":1,"name":"Accueil","item":"https:\/\/www.swissraft.ch\/it\/"},{"@type":"ListItem","position":2,"name":"Negozio","item":"https:\/\/www.swissraft.ch\/it\/negozio\/"},{"@type":"ListItem","position":3,"name":"Volo in mongolfiera in Argovia &#8211; Da CHF 270.00"}]},{"@type":"WebSite","@id":"https:\/\/www.swissraft.ch\/it\/#website","url":"https:\/\/www.swissraft.ch\/it\/","name":"Swissraft","description":"To enjoy nature as it is","publisher":{"@id":"https:\/\/www.swissraft.ch\/it\/#organization"},"potentialAction":[{"@type":"SearchAction","target":{"@type":"EntryPoint","urlTemplate":"https:\/\/www.swissraft.ch\/it\/?s={search_term_string}"},"query-input":{"@type":"PropertyValueSpecification","valueRequired":true,"valueName":"search_term_string"}}],"inLanguage":"it-IT"},{"@type":"Organization","@id":"https:\/\/www.swissraft.ch\/it\/#organization","name":"Swissraft","url":"https:\/\/www.swissraft.ch\/it\/","logo":{"@type":"ImageObject","inLanguage":"it-IT","@id":"https:\/\/www.swissraft.ch\/it\/#\/schema\/logo\/image\/","url":"https:\/\/www.swissraft.ch\/wp-content\/uploads\/2025\/09\/Capture.jpg","contentUrl":"https:\/\/www.swissraft.ch\/wp-content\/uploads\/2025\/09\/Capture.jpg","width":293,"height":108,"caption":"Swissraft"},"image":{"@id":"https:\/\/www.swissraft.ch\/it\/#\/schema\/logo\/image\/"}}]}},"_links":{"self":[{"href":"https:\/\/www.swissraft.ch\/it\/wp-json\/wp\/v2\/product\/92931","targetHints":{"allow":["GET"]}}],"collection":[{"href":"https:\/\/www.swissraft.ch\/it\/wp-json\/wp\/v2\/product"}],"about":[{"href":"https:\/\/www.swissraft.ch\/it\/wp-json\/wp\/v2\/types\/product"}],"replies":[{"embeddable":true,"href":"https:\/\/www.swissraft.ch\/it\/wp-json\/wp\/v2\/comments?post=92931"}],"version-history":[{"count":51,"href":"https:\/\/www.swissraft.ch\/it\/wp-json\/wp\/v2\/product\/92931\/revisions"}],"predecessor-version":[{"id":135749,"href":"https:\/\/www.swissraft.ch\/it\/wp-json\/wp\/v2\/product\/92931\/revisions\/135749"}],"wp:featuredmedia":[{"embeddable":true,"href":"https:\/\/www.swissraft.ch\/it\/wp-json\/wp\/v2\/media\/88688"}],"wp:attachment":[{"href":"https:\/\/www.swissraft.ch\/it\/wp-json\/wp\/v2\/media?parent=92931"}],"wp:term":[{"taxonomy":"product_cat","embeddable":true,"href":"https:\/\/www.swissraft.ch\/it\/wp-json\/wp\/v2\/product_cat?post=92931"},{"taxonomy":"product_tag","embeddable":true,"href":"https:\/\/www.swissraft.ch\/it\/wp-json\/wp\/v2\/product_tag?post=92931"}],"curies":[{"name":"wp","href":"https:\/\/api.w.org\/{rel}","templated":true}]}}