{"id":92895,"date":"2023-01-18T15:19:14","date_gmt":"2023-01-18T14:19:14","guid":{"rendered":"https:\/\/swissraft.xyanzkdne.eu\/product\/iniziazione-in-aereo-da-berne-belp-bristell-b23-a-partire-da-chf-220-00\/"},"modified":"2025-11-17T23:19:15","modified_gmt":"2025-11-17T22:19:15","slug":"iniziazione-aereo-berna-belp-bristell-b23","status":"publish","type":"product","link":"https:\/\/www.swissraft.ch\/it\/prodotto\/iniziazione-aereo-berna-belp-bristell-b23\/","title":{"rendered":"Iniziazione in aereo da BERNA-BELP &#8211; BRISTELL B23 &#8211; A partire da CHF 220.00"},"content":{"rendered":"\t\t<div data-elementor-type=\"wp-post\" data-elementor-id=\"92895\" class=\"elementor elementor-92895 elementor-30518\">\n\t\t\t\t\t\t\t\t\t<section class=\"elementor-section elementor-top-section elementor-element elementor-element-3303a7e3 elementor-section-boxed elementor-section-height-default elementor-section-height-default\" data-id=\"3303a7e3\" data-element_type=\"section\">\n\t\t\t\t\t\t<div class=\"elementor-container elementor-column-gap-default\">\n\t\t\t\t\t<div class=\"elementor-column elementor-col-100 elementor-top-column elementor-element elementor-element-16d72dbf\" data-id=\"16d72dbf\" data-element_type=\"column\">\n\t\t\t<div class=\"elementor-widget-wrap elementor-element-populated\">\n\t\t\t\t\t\t\t\t<div class=\"elementor-element elementor-element-d743c03 elementor-widget elementor-widget-text-editor\" data-id=\"d743c03\" data-element_type=\"widget\" data-widget_type=\"text-editor.default\">\n\t\t\t\t<div class=\"elementor-widget-container\">\n\t\t\t\t\t\t\t<h2>SCEGLI LA TUA ATTIVIT\u00c0 QUI SOTTO PER OFFRIRE BUONI REGALO \/ BIGLIETTI O EFFETTUARE UNA PRENOTAZIONE<\/h2><table border=\"0\" width=\"580\" cellspacing=\"10\" cellpadding=\"10\"><tbody><tr><td width=\"50%\"><strong>INIZIAZIONE AL BRISTELL B23 &#8211; 1 ALUNNO &#8211; Da 20 min.<\/strong><\/td><td><strong>CHF 220.00 per volo<span class=\"productPrice\"><br \/><\/span><\/strong><\/td><\/tr><tr><td>Informazioni aggiuntive<\/td><td><p>\u00a0<\/p><p>&#8211; Utilizzi l&#8217;aereo esclusivamente per te &#8211; Stabilisci tu la data e l&#8217;ora di partenza &#8211; Altezza massima: 1m 90 &#8211; Massimo 1 pers.<\/p><\/td><\/tr><tr><td>Aeroporto<\/td><td><a href=\"https:\/\/www.google.com\/maps\/place\/46%C2%B054'42.7%22N+7%C2%B030'12.1%22E\/@46.9123669,7.4941803,1542m\/data=!3m1!1e3!4m4!3m3!8m2!3d46.9118611!4d7.5033611?entry=ttu\" target=\"_blank\" rel=\"noopener\">Berna-Belp<\/a><\/td><\/tr><tr><td>Scelta dei tempi di volo<\/td><td>20 \/ 30 \/ 40 \/ 60 min.<\/td><\/tr><tr><td>Tempo totale<\/td><td>circa 1h &#8211; 1h40 a seconda del numero di minuti<\/td><\/tr><tr><td>Appuntamento<\/td><td>Per telefono<\/td><\/tr><tr><td><button class=\"elementor-button\" type=\"button\"><a href=\"https:\/\/swissraft.outdoorbooking.ch\/fo\/products\/164?base_id=24&amp;category_id=4&amp;order_type=gift_voucher&amp;lang=it\" target=\"_blank\" rel=\"noopener\">ACQUISTO BUONO REGALO \/ BIGLIETTO<\/a><\/button><\/td><td><strong>CHF 220.00 &#8211; 20 minuti di volo <\/strong><\/td><\/tr><tr><td><button class=\"elementor-button\" type=\"button\"><a href=\"https:\/\/swissraft.outdoorbooking.ch\/fo\/products\/287?base_id=24&amp;category_id=4&amp;order_type=gift_voucher&amp;lang=it\" target=\"_blank\" rel=\"noopener\">ACQUISTO BUONO REGALO \/ BIGLIETTO<\/a><\/button><\/td><td><strong>CHF 265,00 &#8211; 30 minuti di volo <\/strong><\/td><\/tr><tr><td><button class=\"elementor-button\" type=\"button\"><a href=\"https:\/\/swissraft.outdoorbooking.ch\/fo\/products\/334?base_id=24&amp;category_id=4&amp;order_type=gift_voucher&amp;lang=it\" target=\"_blank\" rel=\"noopener\">ACQUISTO BUONO REGALO \/ BIGLIETTO<\/a><\/button><\/td><td><strong>CHF 335,00 &#8211; volo di 40 min. <\/strong><\/td><\/tr><tr><td><button class=\"elementor-button\" type=\"button\"><a href=\"https:\/\/swissraft.outdoorbooking.ch\/fo\/products\/335?base_id=24&amp;category_id=4&amp;order_type=gift_voucher&amp;lang=it\" target=\"_blank\" rel=\"noopener\">ACQUISTO BUONO REGALO \/ BIGLIETTO<\/a><\/button><\/td><td><strong>CHF 415.00 &#8211; 60 min. di volo <\/strong><\/td><\/tr><tr><td>\u00a0<\/td><td><strong><em>IMPORTANTE !<\/em><\/strong><br \/><em>Per prenotare, chiamate il numero che si trova in alto a sinistra sul buono regalo\/biglietto.<\/em><\/td><\/tr><\/tbody><\/table>\t\t\t\t\t\t<\/div>\n\t\t\t\t<\/div>\n\t\t\t\t\t<\/div>\n\t\t<\/div>\n\t\t\t\t\t\t\t<\/div>\n\t\t<\/section>\n\t\t\t\t\t\t\t<\/div>\n\t\t","protected":false},"excerpt":{"rendered":"<div align=\"justify\">\n<h2 align=\"justify\">Dall&#8217;aeroporto di Berna-Belp, prendi i comandi e prova il Bristell B23 senza ulteriori formalit\u00e0.<\/h2>\n<h3>Il Bristell B23 \u00e8 un aereo di nuova generazione. \u00c8 facile da pilotare, ovviamente sotto la supervisione del tuo istruttore.<\/h3>\n<\/div>\n<div align=\"justify\">\n<p>Impara a pilotare un aereo scegliendo un corso di introduzione al volo. Vivrai un momento eccezionale ai comandi del tuo aereo e, soprattutto, ti divertirai.<\/p>\n<h3>Swissraft ti offre la possibilit\u00e0 di volare con una vasta gamma di aerei ed elicotteri in Svizzera. Chiamaci e saremo lieti di consigliarti nella scelta.<\/h3>\n<p id=\"textarea\" style=\"display: none;\">\nOffriamo anche voli introduttivi presso l&#8217;aeroporto di Buttwil. Ma anche dall&#8217;aerodromo di \u00c9pagny en Gruy\u00e8re, nel cantone di Friburgo. Offriamo anche voli introduttivi in aliante presso il campo di volo di Sch\u00e4nis.\n<\/p>\n<p><a id=\"seeMore\" onclick=\"toggleSeeMore()\" href=\"javascript:void(0);\">Leggi tutto<\/a><\/p>\n","protected":false},"featured_media":88652,"comment_status":"open","ping_status":"closed","template":"","meta":{"inline_featured_image":false,"_mi_skip_tracking":false},"product_cat":[468,386,385],"product_tag":[],"class_list":["post-92895","product","type-product","status-publish","has-post-thumbnail","hentry","product_cat-introduzione-al-volo-berne-belp","product_cat-pilotare-se-stessi","product_cat-pilotare-un-aereo"],"yoast_head":"<!-- This site is optimized with the Yoast SEO plugin v23.6 - https:\/\/yoast.com\/wordpress\/plugins\/seo\/ -->\n<title>Iniziazione al Bristell B23 di Bern-Belp. Impara a volare<\/title>\n<meta name=\"description\" content=\"Iniziazione al Bristell B23 di Bern-Belp. Hai sempre sognato di pilotare un aereo? Con Swissraft questa esperienza \u00e8 facile\" \/>\n<meta name=\"robots\" content=\"index, follow, max-snippet:-1, max-image-preview:large, max-video-preview:-1\" \/>\n<link rel=\"canonical\" href=\"https:\/\/www.swissraft.ch\/it\/prodotto\/iniziazione-aereo-berna-belp-bristell-b23\/\" \/>\n<meta property=\"og:locale\" content=\"it_IT\" \/>\n<meta property=\"og:type\" content=\"article\" \/>\n<meta property=\"og:title\" content=\"Iniziazione al Bristell B23 di Bern-Belp. Impara a volare\" \/>\n<meta property=\"og:description\" content=\"Iniziazione al Bristell B23 di Bern-Belp. Hai sempre sognato di pilotare un aereo? Con Swissraft questa esperienza \u00e8 facile\" \/>\n<meta property=\"og:url\" content=\"https:\/\/www.swissraft.ch\/it\/prodotto\/iniziazione-aereo-berna-belp-bristell-b23\/\" \/>\n<meta property=\"og:site_name\" content=\"Swissraft\" \/>\n<meta property=\"article:modified_time\" content=\"2025-11-17T22:19:15+00:00\" \/>\n<meta property=\"og:image\" content=\"https:\/\/www.swissraft.ch\/wp-content\/uploads\/2023\/01\/1-BRISTELL-B23-776x776-1.jpg\" \/>\n\t<meta property=\"og:image:width\" content=\"776\" \/>\n\t<meta property=\"og:image:height\" content=\"776\" \/>\n\t<meta property=\"og:image:type\" content=\"image\/jpeg\" \/>\n<meta name=\"twitter:card\" content=\"summary_large_image\" \/>\n<meta name=\"twitter:label1\" content=\"Tempo di lettura stimato\" \/>\n\t<meta name=\"twitter:data1\" content=\"1 minuto\" \/>\n<script type=\"application\/ld+json\" class=\"yoast-schema-graph\">{\"@context\":\"https:\/\/schema.org\",\"@graph\":[{\"@type\":\"WebPage\",\"@id\":\"https:\/\/www.swissraft.ch\/it\/prodotto\/iniziazione-aereo-berna-belp-bristell-b23\/\",\"url\":\"https:\/\/www.swissraft.ch\/it\/prodotto\/iniziazione-aereo-berna-belp-bristell-b23\/\",\"name\":\"Iniziazione al Bristell B23 di Bern-Belp. Impara a volare\",\"isPartOf\":{\"@id\":\"https:\/\/www.swissraft.ch\/it\/#website\"},\"primaryImageOfPage\":{\"@id\":\"https:\/\/www.swissraft.ch\/it\/prodotto\/iniziazione-aereo-berna-belp-bristell-b23\/#primaryimage\"},\"image\":{\"@id\":\"https:\/\/www.swissraft.ch\/it\/prodotto\/iniziazione-aereo-berna-belp-bristell-b23\/#primaryimage\"},\"thumbnailUrl\":\"https:\/\/www.swissraft.ch\/wp-content\/uploads\/2023\/01\/1-BRISTELL-B23-776x776-1.jpg\",\"datePublished\":\"2023-01-18T14:19:14+00:00\",\"dateModified\":\"2025-11-17T22:19:15+00:00\",\"description\":\"Iniziazione al Bristell B23 di Bern-Belp. Hai sempre sognato di pilotare un aereo? Con Swissraft questa esperienza \u00e8 facile\",\"breadcrumb\":{\"@id\":\"https:\/\/www.swissraft.ch\/it\/prodotto\/iniziazione-aereo-berna-belp-bristell-b23\/#breadcrumb\"},\"inLanguage\":\"it-IT\",\"potentialAction\":[{\"@type\":\"ReadAction\",\"target\":[\"https:\/\/www.swissraft.ch\/it\/prodotto\/iniziazione-aereo-berna-belp-bristell-b23\/\"]}]},{\"@type\":\"ImageObject\",\"inLanguage\":\"it-IT\",\"@id\":\"https:\/\/www.swissraft.ch\/it\/prodotto\/iniziazione-aereo-berna-belp-bristell-b23\/#primaryimage\",\"url\":\"https:\/\/www.swissraft.ch\/wp-content\/uploads\/2023\/01\/1-BRISTELL-B23-776x776-1.jpg\",\"contentUrl\":\"https:\/\/www.swissraft.ch\/wp-content\/uploads\/2023\/01\/1-BRISTELL-B23-776x776-1.jpg\",\"width\":776,\"height\":776,\"caption\":\"Bristell B23 per un'introduzione al volo da Berna-Belp\"},{\"@type\":\"BreadcrumbList\",\"@id\":\"https:\/\/www.swissraft.ch\/it\/prodotto\/iniziazione-aereo-berna-belp-bristell-b23\/#breadcrumb\",\"itemListElement\":[{\"@type\":\"ListItem\",\"position\":1,\"name\":\"Accueil\",\"item\":\"https:\/\/www.swissraft.ch\/it\/\"},{\"@type\":\"ListItem\",\"position\":2,\"name\":\"Negozio\",\"item\":\"https:\/\/www.swissraft.ch\/it\/negozio\/\"},{\"@type\":\"ListItem\",\"position\":3,\"name\":\"Iniziazione in aereo da BERNA-BELP &#8211; BRISTELL B23 &#8211; A partire da CHF 220.00\"}]},{\"@type\":\"WebSite\",\"@id\":\"https:\/\/www.swissraft.ch\/it\/#website\",\"url\":\"https:\/\/www.swissraft.ch\/it\/\",\"name\":\"Swissraft\",\"description\":\"To enjoy nature as it is\",\"publisher\":{\"@id\":\"https:\/\/www.swissraft.ch\/it\/#organization\"},\"potentialAction\":[{\"@type\":\"SearchAction\",\"target\":{\"@type\":\"EntryPoint\",\"urlTemplate\":\"https:\/\/www.swissraft.ch\/it\/?s={search_term_string}\"},\"query-input\":{\"@type\":\"PropertyValueSpecification\",\"valueRequired\":true,\"valueName\":\"search_term_string\"}}],\"inLanguage\":\"it-IT\"},{\"@type\":\"Organization\",\"@id\":\"https:\/\/www.swissraft.ch\/it\/#organization\",\"name\":\"Swissraft\",\"url\":\"https:\/\/www.swissraft.ch\/it\/\",\"logo\":{\"@type\":\"ImageObject\",\"inLanguage\":\"it-IT\",\"@id\":\"https:\/\/www.swissraft.ch\/it\/#\/schema\/logo\/image\/\",\"url\":\"https:\/\/www.swissraft.ch\/wp-content\/uploads\/2025\/09\/Capture.jpg\",\"contentUrl\":\"https:\/\/www.swissraft.ch\/wp-content\/uploads\/2025\/09\/Capture.jpg\",\"width\":293,\"height\":108,\"caption\":\"Swissraft\"},\"image\":{\"@id\":\"https:\/\/www.swissraft.ch\/it\/#\/schema\/logo\/image\/\"}}]}<\/script>\n<!-- \/ Yoast SEO plugin. -->","yoast_head_json":{"title":"Iniziazione al Bristell B23 di Bern-Belp. Impara a volare","description":"Iniziazione al Bristell B23 di Bern-Belp. Hai sempre sognato di pilotare un aereo? Con Swissraft questa esperienza \u00e8 facile","robots":{"index":"index","follow":"follow","max-snippet":"max-snippet:-1","max-image-preview":"max-image-preview:large","max-video-preview":"max-video-preview:-1"},"canonical":"https:\/\/www.swissraft.ch\/it\/prodotto\/iniziazione-aereo-berna-belp-bristell-b23\/","og_locale":"it_IT","og_type":"article","og_title":"Iniziazione al Bristell B23 di Bern-Belp. Impara a volare","og_description":"Iniziazione al Bristell B23 di Bern-Belp. Hai sempre sognato di pilotare un aereo? Con Swissraft questa esperienza \u00e8 facile","og_url":"https:\/\/www.swissraft.ch\/it\/prodotto\/iniziazione-aereo-berna-belp-bristell-b23\/","og_site_name":"Swissraft","article_modified_time":"2025-11-17T22:19:15+00:00","og_image":[{"width":776,"height":776,"url":"https:\/\/www.swissraft.ch\/wp-content\/uploads\/2023\/01\/1-BRISTELL-B23-776x776-1.jpg","type":"image\/jpeg"}],"twitter_card":"summary_large_image","twitter_misc":{"Tempo di lettura stimato":"1 minuto"},"schema":{"@context":"https:\/\/schema.org","@graph":[{"@type":"WebPage","@id":"https:\/\/www.swissraft.ch\/it\/prodotto\/iniziazione-aereo-berna-belp-bristell-b23\/","url":"https:\/\/www.swissraft.ch\/it\/prodotto\/iniziazione-aereo-berna-belp-bristell-b23\/","name":"Iniziazione al Bristell B23 di Bern-Belp. Impara a volare","isPartOf":{"@id":"https:\/\/www.swissraft.ch\/it\/#website"},"primaryImageOfPage":{"@id":"https:\/\/www.swissraft.ch\/it\/prodotto\/iniziazione-aereo-berna-belp-bristell-b23\/#primaryimage"},"image":{"@id":"https:\/\/www.swissraft.ch\/it\/prodotto\/iniziazione-aereo-berna-belp-bristell-b23\/#primaryimage"},"thumbnailUrl":"https:\/\/www.swissraft.ch\/wp-content\/uploads\/2023\/01\/1-BRISTELL-B23-776x776-1.jpg","datePublished":"2023-01-18T14:19:14+00:00","dateModified":"2025-11-17T22:19:15+00:00","description":"Iniziazione al Bristell B23 di Bern-Belp. Hai sempre sognato di pilotare un aereo? Con Swissraft questa esperienza \u00e8 facile","breadcrumb":{"@id":"https:\/\/www.swissraft.ch\/it\/prodotto\/iniziazione-aereo-berna-belp-bristell-b23\/#breadcrumb"},"inLanguage":"it-IT","potentialAction":[{"@type":"ReadAction","target":["https:\/\/www.swissraft.ch\/it\/prodotto\/iniziazione-aereo-berna-belp-bristell-b23\/"]}]},{"@type":"ImageObject","inLanguage":"it-IT","@id":"https:\/\/www.swissraft.ch\/it\/prodotto\/iniziazione-aereo-berna-belp-bristell-b23\/#primaryimage","url":"https:\/\/www.swissraft.ch\/wp-content\/uploads\/2023\/01\/1-BRISTELL-B23-776x776-1.jpg","contentUrl":"https:\/\/www.swissraft.ch\/wp-content\/uploads\/2023\/01\/1-BRISTELL-B23-776x776-1.jpg","width":776,"height":776,"caption":"Bristell B23 per un'introduzione al volo da Berna-Belp"},{"@type":"BreadcrumbList","@id":"https:\/\/www.swissraft.ch\/it\/prodotto\/iniziazione-aereo-berna-belp-bristell-b23\/#breadcrumb","itemListElement":[{"@type":"ListItem","position":1,"name":"Accueil","item":"https:\/\/www.swissraft.ch\/it\/"},{"@type":"ListItem","position":2,"name":"Negozio","item":"https:\/\/www.swissraft.ch\/it\/negozio\/"},{"@type":"ListItem","position":3,"name":"Iniziazione in aereo da BERNA-BELP &#8211; BRISTELL B23 &#8211; A partire da CHF 220.00"}]},{"@type":"WebSite","@id":"https:\/\/www.swissraft.ch\/it\/#website","url":"https:\/\/www.swissraft.ch\/it\/","name":"Swissraft","description":"To enjoy nature as it is","publisher":{"@id":"https:\/\/www.swissraft.ch\/it\/#organization"},"potentialAction":[{"@type":"SearchAction","target":{"@type":"EntryPoint","urlTemplate":"https:\/\/www.swissraft.ch\/it\/?s={search_term_string}"},"query-input":{"@type":"PropertyValueSpecification","valueRequired":true,"valueName":"search_term_string"}}],"inLanguage":"it-IT"},{"@type":"Organization","@id":"https:\/\/www.swissraft.ch\/it\/#organization","name":"Swissraft","url":"https:\/\/www.swissraft.ch\/it\/","logo":{"@type":"ImageObject","inLanguage":"it-IT","@id":"https:\/\/www.swissraft.ch\/it\/#\/schema\/logo\/image\/","url":"https:\/\/www.swissraft.ch\/wp-content\/uploads\/2025\/09\/Capture.jpg","contentUrl":"https:\/\/www.swissraft.ch\/wp-content\/uploads\/2025\/09\/Capture.jpg","width":293,"height":108,"caption":"Swissraft"},"image":{"@id":"https:\/\/www.swissraft.ch\/it\/#\/schema\/logo\/image\/"}}]}},"_links":{"self":[{"href":"https:\/\/www.swissraft.ch\/it\/wp-json\/wp\/v2\/product\/92895","targetHints":{"allow":["GET"]}}],"collection":[{"href":"https:\/\/www.swissraft.ch\/it\/wp-json\/wp\/v2\/product"}],"about":[{"href":"https:\/\/www.swissraft.ch\/it\/wp-json\/wp\/v2\/types\/product"}],"replies":[{"embeddable":true,"href":"https:\/\/www.swissraft.ch\/it\/wp-json\/wp\/v2\/comments?post=92895"}],"version-history":[{"count":11,"href":"https:\/\/www.swissraft.ch\/it\/wp-json\/wp\/v2\/product\/92895\/revisions"}],"predecessor-version":[{"id":123626,"href":"https:\/\/www.swissraft.ch\/it\/wp-json\/wp\/v2\/product\/92895\/revisions\/123626"}],"wp:featuredmedia":[{"embeddable":true,"href":"https:\/\/www.swissraft.ch\/it\/wp-json\/wp\/v2\/media\/88652"}],"wp:attachment":[{"href":"https:\/\/www.swissraft.ch\/it\/wp-json\/wp\/v2\/media?parent=92895"}],"wp:term":[{"taxonomy":"product_cat","embeddable":true,"href":"https:\/\/www.swissraft.ch\/it\/wp-json\/wp\/v2\/product_cat?post=92895"},{"taxonomy":"product_tag","embeddable":true,"href":"https:\/\/www.swissraft.ch\/it\/wp-json\/wp\/v2\/product_tag?post=92895"}],"curies":[{"name":"wp","href":"https:\/\/api.w.org\/{rel}","templated":true}]}}