{"id":92886,"date":"2023-02-16T18:06:20","date_gmt":"2023-02-16T17:06:20","guid":{"rendered":"https:\/\/swissraft.xyanzkdne.eu\/product\/paracadutismo-a-epagny-salto-tandem-da-un-aereo-da-chf-430-00\/"},"modified":"2026-04-04T04:21:05","modified_gmt":"2026-04-04T02:21:05","slug":"paracadutismo-epagny-salto-tandem-aereo","status":"publish","type":"product","link":"https:\/\/www.swissraft.ch\/it\/prodotto\/paracadutismo-epagny-salto-tandem-aereo\/","title":{"rendered":"Paracadutismo a \u00c9pagny &#8211; Salto tandem da un aereo &#8211; Da CHF 430.00"},"content":{"rendered":"\t\t<div data-elementor-type=\"wp-post\" data-elementor-id=\"92886\" class=\"elementor elementor-92886 elementor-30887\">\n\t\t\t\t\t\t\t\t\t<section class=\"elementor-section elementor-top-section elementor-element elementor-element-3303a7e3 elementor-section-boxed elementor-section-height-default elementor-section-height-default\" data-id=\"3303a7e3\" data-element_type=\"section\">\n\t\t\t\t\t\t<div class=\"elementor-container elementor-column-gap-default\">\n\t\t\t\t\t<div class=\"elementor-column elementor-col-100 elementor-top-column elementor-element elementor-element-16d72dbf\" data-id=\"16d72dbf\" data-element_type=\"column\">\n\t\t\t<div class=\"elementor-widget-wrap elementor-element-populated\">\n\t\t\t\t\t\t\t\t<div class=\"elementor-element elementor-element-d743c03 elementor-widget elementor-widget-text-editor\" data-id=\"d743c03\" data-element_type=\"widget\" data-widget_type=\"text-editor.default\">\n\t\t\t\t<div class=\"elementor-widget-container\">\n\t\t\t\t\t\t\t<h2>SCEGLI LA TUA ATTIVIT\u00c0 QUI SOTTO PER OFFRIRE BUONI REGALO\/BIGLIETTI O EFFETTUARE UNA PRENOTAZIONE<\/h2><table border=\"0\" width=\"580\" cellspacing=\"10\" cellpadding=\"10\"><tbody><tr><td width=\"50%\"><strong>LANCIO IN TANDEM CON PARACADUTE &#8211; \u00c9PAGNY<\/strong><\/td><td><strong>CHF 430.00 a persona<span class=\"productPrice\"><br \/><\/span><\/strong><\/td><\/tr><tr><td>Informazioni aggiuntive<\/td><td>&#8211;<span class=\"plbl\"><span class=\"patt\"> Scarpe sportive senza ganci<br \/>&#8211; Non essere a digiuno<br \/>&#8211; Non essere sotto l&#8217;effetto di alcol o altre sostanze<br \/>&#8211; Autorizzazione dei genitori per i minori<br \/><\/span>&#8211; Sconto <\/span>: <span class=\"patt\">11 salti in tandem (11\u00b0 gratuito)<\/span><\/td><\/tr><tr><td>Orari<\/td><td>Al momento della prenotazione, dovrai scegliere l&#8217;ora del giorno in cui effettuare la prenotazione<\/td><\/tr><tr><td>Durata della caduta libera<\/td><td>circa 50 secondi<\/td><\/tr><tr><td>Durata totale<\/td><td>circa 4 ore<\/td><\/tr><tr><td>Aerodromo<\/td><td><a href=\"https:\/\/www.google.com\/maps\/place\/46%C2%B035'41.2%22N+7%C2%B005'35.6%22E\/@46.5951031,7.0751367,3102m\/data=!3m1!1e3!4m4!3m3!8m2!3d46.5947778!4d7.0932222?entry=ttu\" target=\"_blank\" rel=\"noopener\">\u00c9pagny<\/a><\/td><\/tr><tr><td><button class=\"elementor-button\" type=\"button\"><a href=\"https:\/\/swissraft.outdoorbooking.ch\/fo\/products\/128?base_id=42&amp;category_id=5&amp;order_type=gift_voucher&amp;lang=it\" target=\"_blank\" rel=\"noopener\">ACQUISTO BUONO REGALO \/ BIGLIETTO<\/a><\/button><\/td><td><a href=\"https:\/\/swissraft.outdoorbooking.ch\/fo\/products\/128?base_id=42&amp;category_id=5&amp;order_type=event&amp;lang=it\" target=\"_blank\" rel=\"noopener\">PRENOTA LA DATA DEL SALTO<\/a>\u00a0 <strong>CHF 430.00<\/strong>\/pers.<\/td><\/tr><tr><td><button class=\"elementor-button\" type=\"button\"><a href=\"https:\/\/swissraft.outdoorbooking.ch\/fo\/products\/258?base_id=42&amp;category_id=5&amp;order_type=gift_voucher&amp;lang=it\" target=\"_blank\" rel=\"noopener\">ACQUISTO BUONO REGALO \/ BIGLIETTO<\/a><\/button><\/td><td><a href=\"https:\/\/swissraft.outdoorbooking.ch\/fo\/products\/258?base_id=42&amp;category_id=5&amp;order_type=event&amp;lang=it\" target=\"_blank\" rel=\"noopener\">PRENOTA LA DATA DEL SALTO<\/a>\u00a0 <strong>CHF 550.00\/<\/strong>pers. con video o foto<\/td><\/tr><tr><td><button class=\"elementor-button\" type=\"button\"><a href=\"https:\/\/swissraft.outdoorbooking.ch\/fo\/products\/259?base_id=42&amp;category_id=5&amp;order_type=gift_voucher&amp;lang=it\" target=\"_blank\" rel=\"noopener\">ACQUISTO BUONO REGALO \/ BIGLIETTO<\/a><\/button><\/td><td><a href=\"https:\/\/swissraft.outdoorbooking.ch\/fo\/products\/259?base_id=42&amp;category_id=5&amp;order_type=event&amp;lang=it\" target=\"_blank\" rel=\"noopener\">PRENOTA LA DATA DEL SALTO<\/a>\u00a0 <strong>CHF 580.00<\/strong>\/pers. con video e foto<\/td><\/tr><\/tbody><\/table>\t\t\t\t\t\t<\/div>\n\t\t\t\t<\/div>\n\t\t\t\t\t<\/div>\n\t\t<\/div>\n\t\t\t\t\t\t\t<\/div>\n\t\t<\/section>\n\t\t\t\t\t\t\t<\/div>\n\t\t","protected":false},"excerpt":{"rendered":"<div align=\"justify\">\n<h2 align=\"justify\">A \u00c9pagny en Gruy\u00e8re, nel cantone di Friburgo, puoi fare un paracadutismo in tandem con un pilota esperto.<\/h2>\n<h3>Il paracadutismo in tandem \u00e8 un&#8217;avventura che ti lascia un senso di realizzazione ed euforia.<\/h3>\n<\/div>\n<div align=\"justify\">\n<p>Il tuo istruttore e il tuo pilota ti daranno il benvenuto nella nostra dropzone all&#8217;aeroporto di \u00c9pagny. Sei con lui in ogni fase del percorso, dall&#8217;attrezzatura alle istruzioni, fino all&#8217;atterraggio. Per prima cosa, ti verranno forniti imbracatura, casco e occhiali di protezione. In secondo luogo, fai alcuni esercizi con lui; in particolare impari a mettere le braccia e la testa in una certa posizione. Poi prendi posto nell&#8217;aereo con il tuo pilota-istruttore. Sei un po&#8217; teso: \u00e8 normale. L&#8217;aereo decolla e tu ti rilassi e ti godi il panorama. Sotto di te ci sono il Lac de la Gruy\u00e8re e le Prealpi Friburghesi. L&#8217;aereo raggiunge i 4000 m dopo 20 minuti di ascesa ed \u00e8 il momento del controllo finale prima del salto. Tu e il tuo pilota vi avvicinate alla porta ed entrambi vi spingete fuori dall&#8217;aereo. La caduta libera dura circa 50 secondi. Poi arriva il momento in cui il pilota apre il paracadute. Poi, la calma di una discesa con il paracadute, di cui potrai godere prima di atterrare dolcemente al campo di volo di \u00c9pagny. Non dimenticare di conservare un ricordo del tuo paracadutismo in tandem ordinando un video al momento della prenotazione. Se vuoi vivere un&#8217;esperienza simile ma con meno stress, abbiamo quello che fa per te. Il simulatore di caduta libera ti offre praticamente le stesse sensazioni, senza il minimo rischio.<\/p>\n<h3>Abbiamo pi\u00f9 di una dozzina di localit\u00e0 in Svizzera dove effettuiamo lanci in tandem con il paracadute.<\/h3>\n<p id=\"textarea\" style=\"display: none;\">\nSempre nel cantone di Friburgo, abbiamo saltato anche all&#8217;aeroporto di \u00c9cuvillens. Nell&#8217;Oberland Bernese, effettuiamo lanci tandem con il paracadute da un elicottero a Interlaken e da un aereo a Reichenbach. Ma stiamo anche saltando dagli aeroporti di Berom\u00fcnster e Triengen, nel cantone di Lucerna. Stiamo anche saltando nel cantone di Neuch\u00e2tel a Colombier. Poi ci paracadutiamo a Bex, nel cantone di Vaud. Offriamo anche lanci in tandem all&#8217;aerodromo di Granges. Da un lato, effettuiamo salti in tandem nel Vallese presso l&#8217;aerodromo di Rarogne e l&#8217;aeroporto di Sion. Abbiamo anche una dropzone presso l&#8217;aeroporto di Sitterdorf in Turgovia. C&#8217;\u00e8 anche una dropzone in Ticino, all&#8217;aeroporto di Locarno. Inoltre, vicino a Basilea, nella vicina Germania, ci lanciamo con il paracadute nell&#8217;aeroporto di Rottweil.\n<\/p>\n<p><a id=\"seeMore\" onclick=\"toggleSeeMore()\" href=\"javascript:void(0);\">Leggi tutto<\/a><\/p>\n","protected":false},"featured_media":87854,"comment_status":"open","ping_status":"closed","template":"","meta":{"inline_featured_image":false,"_mi_skip_tracking":false},"product_cat":[432],"product_tag":[],"class_list":["post-92886","product","type-product","status-publish","has-post-thumbnail","hentry","product_cat-lancio-con-paracadute-in-tandem"],"yoast_head":"<!-- This site is optimized with the Yoast SEO plugin v23.6 - https:\/\/yoast.com\/wordpress\/plugins\/seo\/ -->\n<title>Paracadutismo a \u00c9pagny. Paracadute in tandem con caduta libera<\/title>\n<meta name=\"description\" content=\"Paracadutismo a \u00c9pagny. Paracadute in tandem con una caduta libera di circa 50 secondi. Per chi ama una scarica di adrenalina senza precedenti\" \/>\n<meta name=\"robots\" content=\"index, follow, max-snippet:-1, max-image-preview:large, max-video-preview:-1\" \/>\n<link rel=\"canonical\" href=\"https:\/\/www.swissraft.ch\/it\/prodotto\/paracadutismo-epagny-salto-tandem-aereo\/\" \/>\n<meta property=\"og:locale\" content=\"it_IT\" \/>\n<meta property=\"og:type\" content=\"article\" \/>\n<meta property=\"og:title\" content=\"Paracadutismo a \u00c9pagny. Paracadute in tandem con caduta libera\" \/>\n<meta property=\"og:description\" content=\"Paracadutismo a \u00c9pagny. Paracadute in tandem con una caduta libera di circa 50 secondi. Per chi ama una scarica di adrenalina senza precedenti\" \/>\n<meta property=\"og:url\" content=\"https:\/\/www.swissraft.ch\/it\/prodotto\/paracadutismo-epagny-salto-tandem-aereo\/\" \/>\n<meta property=\"og:site_name\" content=\"Swissraft\" \/>\n<meta property=\"article:modified_time\" content=\"2026-04-04T02:21:05+00:00\" \/>\n<meta property=\"og:image\" content=\"https:\/\/www.swissraft.ch\/wp-content\/uploads\/2023\/02\/1-EPAGNY-776x776-1.jpg\" \/>\n\t<meta property=\"og:image:width\" content=\"776\" \/>\n\t<meta property=\"og:image:height\" content=\"776\" \/>\n\t<meta property=\"og:image:type\" content=\"image\/jpeg\" \/>\n<meta name=\"twitter:card\" content=\"summary_large_image\" \/>\n<meta name=\"twitter:label1\" content=\"Tempo di lettura stimato\" \/>\n\t<meta name=\"twitter:data1\" content=\"1 minuto\" \/>\n<script type=\"application\/ld+json\" class=\"yoast-schema-graph\">{\"@context\":\"https:\/\/schema.org\",\"@graph\":[{\"@type\":\"WebPage\",\"@id\":\"https:\/\/www.swissraft.ch\/it\/prodotto\/paracadutismo-epagny-salto-tandem-aereo\/\",\"url\":\"https:\/\/www.swissraft.ch\/it\/prodotto\/paracadutismo-epagny-salto-tandem-aereo\/\",\"name\":\"Paracadutismo a \u00c9pagny. Paracadute in tandem con caduta libera\",\"isPartOf\":{\"@id\":\"https:\/\/www.swissraft.ch\/it\/#website\"},\"primaryImageOfPage\":{\"@id\":\"https:\/\/www.swissraft.ch\/it\/prodotto\/paracadutismo-epagny-salto-tandem-aereo\/#primaryimage\"},\"image\":{\"@id\":\"https:\/\/www.swissraft.ch\/it\/prodotto\/paracadutismo-epagny-salto-tandem-aereo\/#primaryimage\"},\"thumbnailUrl\":\"https:\/\/www.swissraft.ch\/wp-content\/uploads\/2023\/02\/1-EPAGNY-776x776-1.jpg\",\"datePublished\":\"2023-02-16T17:06:20+00:00\",\"dateModified\":\"2026-04-04T02:21:05+00:00\",\"description\":\"Paracadutismo a \u00c9pagny. Paracadute in tandem con una caduta libera di circa 50 secondi. Per chi ama una scarica di adrenalina senza precedenti\",\"breadcrumb\":{\"@id\":\"https:\/\/www.swissraft.ch\/it\/prodotto\/paracadutismo-epagny-salto-tandem-aereo\/#breadcrumb\"},\"inLanguage\":\"it-IT\",\"potentialAction\":[{\"@type\":\"ReadAction\",\"target\":[\"https:\/\/www.swissraft.ch\/it\/prodotto\/paracadutismo-epagny-salto-tandem-aereo\/\"]}]},{\"@type\":\"ImageObject\",\"inLanguage\":\"it-IT\",\"@id\":\"https:\/\/www.swissraft.ch\/it\/prodotto\/paracadutismo-epagny-salto-tandem-aereo\/#primaryimage\",\"url\":\"https:\/\/www.swissraft.ch\/wp-content\/uploads\/2023\/02\/1-EPAGNY-776x776-1.jpg\",\"contentUrl\":\"https:\/\/www.swissraft.ch\/wp-content\/uploads\/2023\/02\/1-EPAGNY-776x776-1.jpg\",\"width\":776,\"height\":776,\"caption\":\"Lancio con paracadute in tandem a \u00c9pagny\"},{\"@type\":\"BreadcrumbList\",\"@id\":\"https:\/\/www.swissraft.ch\/it\/prodotto\/paracadutismo-epagny-salto-tandem-aereo\/#breadcrumb\",\"itemListElement\":[{\"@type\":\"ListItem\",\"position\":1,\"name\":\"Accueil\",\"item\":\"https:\/\/www.swissraft.ch\/it\/\"},{\"@type\":\"ListItem\",\"position\":2,\"name\":\"Negozio\",\"item\":\"https:\/\/www.swissraft.ch\/it\/negozio\/\"},{\"@type\":\"ListItem\",\"position\":3,\"name\":\"Paracadutismo a \u00c9pagny &#8211; Salto tandem da un aereo &#8211; Da CHF 430.00\"}]},{\"@type\":\"WebSite\",\"@id\":\"https:\/\/www.swissraft.ch\/it\/#website\",\"url\":\"https:\/\/www.swissraft.ch\/it\/\",\"name\":\"Swissraft\",\"description\":\"To enjoy nature as it is\",\"publisher\":{\"@id\":\"https:\/\/www.swissraft.ch\/it\/#organization\"},\"potentialAction\":[{\"@type\":\"SearchAction\",\"target\":{\"@type\":\"EntryPoint\",\"urlTemplate\":\"https:\/\/www.swissraft.ch\/it\/?s={search_term_string}\"},\"query-input\":{\"@type\":\"PropertyValueSpecification\",\"valueRequired\":true,\"valueName\":\"search_term_string\"}}],\"inLanguage\":\"it-IT\"},{\"@type\":\"Organization\",\"@id\":\"https:\/\/www.swissraft.ch\/it\/#organization\",\"name\":\"Swissraft\",\"url\":\"https:\/\/www.swissraft.ch\/it\/\",\"logo\":{\"@type\":\"ImageObject\",\"inLanguage\":\"it-IT\",\"@id\":\"https:\/\/www.swissraft.ch\/it\/#\/schema\/logo\/image\/\",\"url\":\"https:\/\/www.swissraft.ch\/wp-content\/uploads\/2025\/09\/Capture.jpg\",\"contentUrl\":\"https:\/\/www.swissraft.ch\/wp-content\/uploads\/2025\/09\/Capture.jpg\",\"width\":293,\"height\":108,\"caption\":\"Swissraft\"},\"image\":{\"@id\":\"https:\/\/www.swissraft.ch\/it\/#\/schema\/logo\/image\/\"}}]}<\/script>\n<!-- \/ Yoast SEO plugin. -->","yoast_head_json":{"title":"Paracadutismo a \u00c9pagny. Paracadute in tandem con caduta libera","description":"Paracadutismo a \u00c9pagny. Paracadute in tandem con una caduta libera di circa 50 secondi. Per chi ama una scarica di adrenalina senza precedenti","robots":{"index":"index","follow":"follow","max-snippet":"max-snippet:-1","max-image-preview":"max-image-preview:large","max-video-preview":"max-video-preview:-1"},"canonical":"https:\/\/www.swissraft.ch\/it\/prodotto\/paracadutismo-epagny-salto-tandem-aereo\/","og_locale":"it_IT","og_type":"article","og_title":"Paracadutismo a \u00c9pagny. Paracadute in tandem con caduta libera","og_description":"Paracadutismo a \u00c9pagny. Paracadute in tandem con una caduta libera di circa 50 secondi. Per chi ama una scarica di adrenalina senza precedenti","og_url":"https:\/\/www.swissraft.ch\/it\/prodotto\/paracadutismo-epagny-salto-tandem-aereo\/","og_site_name":"Swissraft","article_modified_time":"2026-04-04T02:21:05+00:00","og_image":[{"width":776,"height":776,"url":"https:\/\/www.swissraft.ch\/wp-content\/uploads\/2023\/02\/1-EPAGNY-776x776-1.jpg","type":"image\/jpeg"}],"twitter_card":"summary_large_image","twitter_misc":{"Tempo di lettura stimato":"1 minuto"},"schema":{"@context":"https:\/\/schema.org","@graph":[{"@type":"WebPage","@id":"https:\/\/www.swissraft.ch\/it\/prodotto\/paracadutismo-epagny-salto-tandem-aereo\/","url":"https:\/\/www.swissraft.ch\/it\/prodotto\/paracadutismo-epagny-salto-tandem-aereo\/","name":"Paracadutismo a \u00c9pagny. Paracadute in tandem con caduta libera","isPartOf":{"@id":"https:\/\/www.swissraft.ch\/it\/#website"},"primaryImageOfPage":{"@id":"https:\/\/www.swissraft.ch\/it\/prodotto\/paracadutismo-epagny-salto-tandem-aereo\/#primaryimage"},"image":{"@id":"https:\/\/www.swissraft.ch\/it\/prodotto\/paracadutismo-epagny-salto-tandem-aereo\/#primaryimage"},"thumbnailUrl":"https:\/\/www.swissraft.ch\/wp-content\/uploads\/2023\/02\/1-EPAGNY-776x776-1.jpg","datePublished":"2023-02-16T17:06:20+00:00","dateModified":"2026-04-04T02:21:05+00:00","description":"Paracadutismo a \u00c9pagny. Paracadute in tandem con una caduta libera di circa 50 secondi. Per chi ama una scarica di adrenalina senza precedenti","breadcrumb":{"@id":"https:\/\/www.swissraft.ch\/it\/prodotto\/paracadutismo-epagny-salto-tandem-aereo\/#breadcrumb"},"inLanguage":"it-IT","potentialAction":[{"@type":"ReadAction","target":["https:\/\/www.swissraft.ch\/it\/prodotto\/paracadutismo-epagny-salto-tandem-aereo\/"]}]},{"@type":"ImageObject","inLanguage":"it-IT","@id":"https:\/\/www.swissraft.ch\/it\/prodotto\/paracadutismo-epagny-salto-tandem-aereo\/#primaryimage","url":"https:\/\/www.swissraft.ch\/wp-content\/uploads\/2023\/02\/1-EPAGNY-776x776-1.jpg","contentUrl":"https:\/\/www.swissraft.ch\/wp-content\/uploads\/2023\/02\/1-EPAGNY-776x776-1.jpg","width":776,"height":776,"caption":"Lancio con paracadute in tandem a \u00c9pagny"},{"@type":"BreadcrumbList","@id":"https:\/\/www.swissraft.ch\/it\/prodotto\/paracadutismo-epagny-salto-tandem-aereo\/#breadcrumb","itemListElement":[{"@type":"ListItem","position":1,"name":"Accueil","item":"https:\/\/www.swissraft.ch\/it\/"},{"@type":"ListItem","position":2,"name":"Negozio","item":"https:\/\/www.swissraft.ch\/it\/negozio\/"},{"@type":"ListItem","position":3,"name":"Paracadutismo a \u00c9pagny &#8211; Salto tandem da un aereo &#8211; Da CHF 430.00"}]},{"@type":"WebSite","@id":"https:\/\/www.swissraft.ch\/it\/#website","url":"https:\/\/www.swissraft.ch\/it\/","name":"Swissraft","description":"To enjoy nature as it is","publisher":{"@id":"https:\/\/www.swissraft.ch\/it\/#organization"},"potentialAction":[{"@type":"SearchAction","target":{"@type":"EntryPoint","urlTemplate":"https:\/\/www.swissraft.ch\/it\/?s={search_term_string}"},"query-input":{"@type":"PropertyValueSpecification","valueRequired":true,"valueName":"search_term_string"}}],"inLanguage":"it-IT"},{"@type":"Organization","@id":"https:\/\/www.swissraft.ch\/it\/#organization","name":"Swissraft","url":"https:\/\/www.swissraft.ch\/it\/","logo":{"@type":"ImageObject","inLanguage":"it-IT","@id":"https:\/\/www.swissraft.ch\/it\/#\/schema\/logo\/image\/","url":"https:\/\/www.swissraft.ch\/wp-content\/uploads\/2025\/09\/Capture.jpg","contentUrl":"https:\/\/www.swissraft.ch\/wp-content\/uploads\/2025\/09\/Capture.jpg","width":293,"height":108,"caption":"Swissraft"},"image":{"@id":"https:\/\/www.swissraft.ch\/it\/#\/schema\/logo\/image\/"}}]}},"_links":{"self":[{"href":"https:\/\/www.swissraft.ch\/it\/wp-json\/wp\/v2\/product\/92886","targetHints":{"allow":["GET"]}}],"collection":[{"href":"https:\/\/www.swissraft.ch\/it\/wp-json\/wp\/v2\/product"}],"about":[{"href":"https:\/\/www.swissraft.ch\/it\/wp-json\/wp\/v2\/types\/product"}],"replies":[{"embeddable":true,"href":"https:\/\/www.swissraft.ch\/it\/wp-json\/wp\/v2\/comments?post=92886"}],"version-history":[{"count":25,"href":"https:\/\/www.swissraft.ch\/it\/wp-json\/wp\/v2\/product\/92886\/revisions"}],"predecessor-version":[{"id":136704,"href":"https:\/\/www.swissraft.ch\/it\/wp-json\/wp\/v2\/product\/92886\/revisions\/136704"}],"wp:featuredmedia":[{"embeddable":true,"href":"https:\/\/www.swissraft.ch\/it\/wp-json\/wp\/v2\/media\/87854"}],"wp:attachment":[{"href":"https:\/\/www.swissraft.ch\/it\/wp-json\/wp\/v2\/media?parent=92886"}],"wp:term":[{"taxonomy":"product_cat","embeddable":true,"href":"https:\/\/www.swissraft.ch\/it\/wp-json\/wp\/v2\/product_cat?post=92886"},{"taxonomy":"product_tag","embeddable":true,"href":"https:\/\/www.swissraft.ch\/it\/wp-json\/wp\/v2\/product_tag?post=92886"}],"curies":[{"name":"wp","href":"https:\/\/api.w.org\/{rel}","templated":true}]}}