{"id":92883,"date":"2023-02-18T12:11:22","date_gmt":"2023-02-18T11:11:22","guid":{"rendered":"https:\/\/swissraft.xyanzkdne.eu\/product\/lancio-con-il-paracadute-a-triengen-salto-tandem-da-un-aereo-a-partire-da-chf-390-00\/"},"modified":"2026-04-04T04:14:52","modified_gmt":"2026-04-04T02:14:52","slug":"paracadutismo-triengen-salto-tandem-aereo","status":"publish","type":"product","link":"https:\/\/www.swissraft.ch\/it\/prodotto\/paracadutismo-triengen-salto-tandem-aereo\/","title":{"rendered":"Paracadutismo a Triengen &#8211; Salto tandem da un aereo &#8211; Da CHF 390.00"},"content":{"rendered":"\t\t<div data-elementor-type=\"wp-post\" data-elementor-id=\"92883\" class=\"elementor elementor-92883 elementor-30898\">\n\t\t\t\t\t\t\t\t\t<section class=\"elementor-section elementor-top-section elementor-element elementor-element-3303a7e3 elementor-section-boxed elementor-section-height-default elementor-section-height-default\" data-id=\"3303a7e3\" data-element_type=\"section\">\n\t\t\t\t\t\t<div class=\"elementor-container elementor-column-gap-default\">\n\t\t\t\t\t<div class=\"elementor-column elementor-col-100 elementor-top-column elementor-element elementor-element-16d72dbf\" data-id=\"16d72dbf\" data-element_type=\"column\">\n\t\t\t<div class=\"elementor-widget-wrap elementor-element-populated\">\n\t\t\t\t\t\t\t\t<div class=\"elementor-element elementor-element-d743c03 elementor-widget elementor-widget-text-editor\" data-id=\"d743c03\" data-element_type=\"widget\" data-widget_type=\"text-editor.default\">\n\t\t\t\t<div class=\"elementor-widget-container\">\n\t\t\t\t\t\t\t<h2>SCEGLI LA TUA ATTIVIT\u00c0 QUI SOTTO PER OFFRIRE BUONI REGALO\/BIGLIETTI O EFFETTUARE UNA PRENOTAZIONE<\/h2><table border=\"0\" width=\"580\" cellspacing=\"10\" cellpadding=\"10\"><tbody><tr><td width=\"50%\"><strong>1) LANCIO IN TANDEM CON PARACADUTE &#8211; TRIENGEN<\/strong><\/td><td><strong>CHF 390.00 a persona<span class=\"productPrice\"><br \/><\/span><\/strong><\/td><\/tr><tr><td>Informazioni aggiuntive<\/td><td><p>&#8211; Scarpe sportive senza ganci<br \/>&#8211; Non andare a digiuno<br \/>&#8211; Non essere sotto l&#8217;effetto di alcol o altre sostanze<br \/>&#8211;<span class=\"patt\"> Autorizzazione dei genitori per i minori<\/span><\/p><\/td><\/tr><tr><td>Orari<\/td><td>Al momento della prenotazione, dovrai scegliere l&#8217;ora del giorno in cui effettuare la prenotazione<\/td><\/tr><tr><td>Durata della caduta libera<\/td><td>circa 50 secondi<\/td><\/tr><tr><td>Durata totale<\/td><td>circa 4 ore<\/td><\/tr><tr><td>Aerodromo<\/td><td><a href=\"https:\/\/www.google.com\/maps\/place\/47%C2%B013'36.7%22N+8%C2%B004'46.0%22E\/@47.2270183,8.0430167,6131m\/data=!3m1!1e3!4m4!3m3!8m2!3d47.2268611!4d8.0794444?entry=ttu\" target=\"_blank\" rel=\"noopener\">Triengen<\/a><\/td><\/tr><tr><td><button class=\"elementor-button\" type=\"button\"><a href=\"https:\/\/swissraft.outdoorbooking.ch\/fo\/products\/145?base_id=44&amp;category_id=5&amp;order_type=gift_voucher&amp;lang=it\" target=\"_blank\" rel=\"noopener\">ACQUISTO BUONO REGALO \/ BIGLIETTO<\/a><\/button><\/td><td><a href=\"https:\/\/swissraft.outdoorbooking.ch\/fo\/products\/145?base_id=44&amp;category_id=5&amp;order_type=event&amp;lang=it\" target=\"_blank\" rel=\"noopener\">PRENOTA LA DATA DEL SALTO<\/a>\u00a0 <strong>CHF 390.00<\/strong>\/pers.<\/td><\/tr><tr><td><button class=\"elementor-button\" type=\"button\"><a href=\"https:\/\/swissraft.outdoorbooking.ch\/fo\/products\/254?base_id=44&amp;category_id=5&amp;order_type=gift_voucher&amp;lang=it\" target=\"_blank\" rel=\"noopener\">ACQUISTO BUONO REGALO \/ BIGLIETTO<\/a><\/button><\/td><td><a href=\"https:\/\/swissraft.outdoorbooking.ch\/fo\/products\/254?base_id=44&amp;category_id=5&amp;order_type=event&amp;lang=it\" target=\"_blank\" rel=\"noopener\">PRENOTA LA DATA DEL SALTO<\/a>\u00a0 <strong>CHF 540.00<\/strong>\/pers. con video<\/td><\/tr><\/tbody><\/table><table border=\"0\" width=\"580\" cellspacing=\"10\" cellpadding=\"10\"><tbody><tr><td width=\"50%\"><strong>2) SALTO IN SOLITARIA CON CADUTA LIBERA AFF &#8211; TRIENGEN<\/strong><\/td><td><strong>CHF 490.00 a persona<span class=\"productPrice\"><br \/><\/span><\/strong><\/td><\/tr><tr><td>Informazioni aggiuntive<\/td><td>&#8211; Scarpe sportive senza ganci<br \/>&#8211; Non andare a digiuno<br \/>&#8211; Non essere sotto l&#8217;effetto di alcol o altre sostanze<br \/>&#8211;<span class=\"patt\"> Autorizzazione dei genitori per i minori<\/span><\/td><\/tr><tr><td>Orari<\/td><td>Al momento della prenotazione, dovrai scegliere l&#8217;ora del giorno in cui effettuare la prenotazione<\/td><\/tr><tr><td>Durata della caduta libera<\/td><td>circa 50 secondi<\/td><\/tr><tr><td>Durata totale<\/td><td>circa 4 ore<\/td><\/tr><tr><td>Aerodromo<\/td><td><a href=\"https:\/\/www.google.com\/maps\/place\/47%C2%B013'36.7%22N+8%C2%B004'46.0%22E\/@47.2270183,8.0430167,6131m\/data=!3m1!1e3!4m4!3m3!8m2!3d47.2268611!4d8.0794444?entry=ttu\" target=\"_blank\" rel=\"noopener\">Triengen<\/a><\/td><\/tr><tr><td><a href=\"https:\/\/swissraft.outdoorbooking.ch\/fo\/products\/255?base_id=44&amp;category_id=5&amp;order_type=gift_voucher&amp;lang=it\" target=\"_blank\" rel=\"noopener\"><button class=\"elementor-button\" type=\"button\">ACQUISTO BUONO REGALO \/ BIGLIETTO<\/button><\/a><\/td><td><a href=\"https:\/\/swissraft.outdoorbooking.ch\/fo\/products\/255?base_id=44&amp;category_id=5&amp;order_type=event&amp;lang=it\" target=\"_blank\" rel=\"noopener\">PRENOTA LA DATA DEL SALTO<\/a>\u00a0 <strong>CHF 490.00<\/strong>\/pers.<\/td><\/tr><tr><td><a href=\"https:\/\/swissraft.outdoorbooking.ch\/fo\/products\/256?base_id=44&amp;category_id=5&amp;order_type=gift_voucher&amp;lang=it\" target=\"_blank\" rel=\"noopener\"><button class=\"elementor-button\" type=\"button\">ACQUISTO BUONO REGALO \/ BIGLIETTO<\/button><\/a><\/td><td><a href=\"https:\/\/swissraft.outdoorbooking.ch\/fo\/products\/256?base_id=44&amp;category_id=5&amp;order_type=event&amp;lang=it\" target=\"_blank\" rel=\"noopener\">PRENOTA LA DATA DEL SALTO<\/a> \u00a0<strong>CHF 640.00<\/strong>\/pers. con video<\/td><\/tr><\/tbody><\/table><table border=\"0\" width=\"580\" cellspacing=\"10\" cellpadding=\"10\"><tbody><tr><td width=\"50%\"><strong>3) SALTO IN SOLITARIA CON SOA &#8211; TRIENGEN<\/strong><\/td><td><strong>CHF 290.00 a persona<span class=\"productPrice\"><br \/><\/span><\/strong><\/td><\/tr><tr><td>Informazioni aggiuntive<\/td><td>&#8211; Scarpe sportive senza ganci<br \/>&#8211; Non andare a digiuno<br \/>&#8211; Non essere sotto l&#8217;effetto di alcol o altre sostanze<br \/>&#8211;<span class=\"patt\"> Autorizzazione dei genitori per i minori<\/span><\/td><\/tr><tr><td>Orari<\/td><td>Al momento della prenotazione, dovrai scegliere l&#8217;ora del giorno in cui effettuare la prenotazione<\/td><\/tr><tr><td>Tempo di caduta libera<\/td><td>circa 2 secondi<\/td><\/tr><tr><td>Durata totale<\/td><td>Un giorno<\/td><\/tr><tr><td>Aerodromo<\/td><td><a href=\"https:\/\/www.google.com\/maps\/place\/47%C2%B013'36.7%22N+8%C2%B004'46.0%22E\/@47.2270183,8.0430167,6131m\/data=!3m1!1e3!4m4!3m3!8m2!3d47.2268611!4d8.0794444?entry=ttu\" target=\"_blank\" rel=\"noopener\">Triengen<\/a><\/td><\/tr><tr><td><button class=\"elementor-button\" type=\"button\"><a href=\"https:\/\/swissraft.outdoorbooking.ch\/fo\/products\/257?base_id=44&amp;category_id=5&amp;order_type=gift_voucher&amp;lang=it\" target=\"_blank\" rel=\"noopener\">ACQUISTO BUONO REGALO \/ BIGLIETTO<\/a><\/button><\/td><td><a href=\"https:\/\/swissraft.outdoorbooking.ch\/fo\/products\/257?base_id=44&amp;category_id=5&amp;order_type=event&amp;lang=it\" target=\"_blank\" rel=\"noopener\">PRENOTA LA DATA DEL SALTO<\/a> \u00a0<strong>CHF 490.00<\/strong>\/pers.<\/td><\/tr><\/tbody><\/table>\t\t\t\t\t\t<\/div>\n\t\t\t\t<\/div>\n\t\t\t\t\t<\/div>\n\t\t<\/div>\n\t\t\t\t\t\t\t<\/div>\n\t\t<\/section>\n\t\t\t\t\t\t\t<\/div>\n\t\t","protected":false},"excerpt":{"rendered":"<div align=\"justify\">\n<h2 align=\"justify\">Lancio in tandem con il paracadute a Triengen, nel Cantone di Lucerna<\/h2>\n<h3>Salta da un aereo a 4000 m dal suolo<\/h3>\n<\/div>\n<div align=\"justify\">\n<p>Puoi sentire il vento che ti scompiglia i capelli a oltre 200 km\/h. I tuoi occhi sono protetti da occhiali di sicurezza che ti forniamo prima del salto. Hai sognato questo momento per molto tempo e ora si sta avverando. Ti diamo il benvenuto nella nostra dropzone all&#8217;aeroporto di Triengen. Per prima cosa ricevi istruzioni su come comportarti durante la caduta libera e l&#8217;atterraggio. Salti dall&#8217;aereo e senti l&#8217;inevitabile scarica di adrenalina durante la caduta libera. Inoltre, durante la salita potrai godere di una magnifica vista su tutti i laghi della Svizzera centrale. E se vuoi fare skydiving da solo, puoi farlo con noi. Si chiama salto AFF e passerai una giornata a prepararti con il tuo istruttore. Poi salti con due istruttori che ti accompagnano durante la caduta libera e ti stabilizzano. Una volta aperto il paracadute, continuerai la tua discesa da solo. Naturalmente, sarai sotto il controllo di un istruttore a terra che ti guider\u00e0 all&#8217;atterraggio via radio. Ti aspetta un&#8217;esperienza esaltante!<\/p>\n<h3>Sul suo sito web, Swissraft offre una serie di dropzone in tutta la Svizzera e nella vicina Germania.<\/h3>\n<p id=\"textarea\" style=\"display: none;\">\nCi lanciamo anche con il paracadute dall&#8217;aeroporto di Berom\u00fcnster, sempre nel cantone di Lucerna. Saltiamo anche dagli aeroporti di Interlaken e Reichenbach nell&#8217;Oberland Bernese. Effettuiamo anche lanci dall&#8217;aeroporto di Grenchen, nel cantone di Soletta. Da un lato, effettuiamo lanci in tandem con il paracadute nel cantone di Friburgo dagli aerodromi di \u00c9cuvillens e \u00c9pagny. Effettuiamo anche lanci in tandem dall&#8217;aeroporto di Colombier, nel cantone di Neuch\u00e2tel. Poi abbiamo una dropzone nel cantone di Vaud, presso l&#8217;aeroporto di Bex. In Vallese, saltiamo anche dall&#8217;aeroporto di Sion e dall&#8217;aerodromo di Raron. Abbiamo anche una dropzone nella Svizzera orientale, nel cantone di Thurgau, presso l&#8217;aeroporto di Sitterdorf. Ma facciamo anche lanci in tandem con il paracadute dall&#8217;aeroporto di Locarno, in Ticino. Infine, in Germania, vicino a Basilea, abbiamo fatto un salto in tandem dall&#8217;aeroporto di Rottweil.\n<\/p>\n<p><a id=\"seeMore\" onclick=\"toggleSeeMore()\" href=\"javascript:void(0);\">Leggi tutto<\/a><\/p>\n","protected":false},"featured_media":87770,"comment_status":"open","ping_status":"closed","template":"","meta":{"inline_featured_image":false,"_mi_skip_tracking":false},"product_cat":[432],"product_tag":[],"class_list":["post-92883","product","type-product","status-publish","has-post-thumbnail","hentry","product_cat-lancio-con-paracadute-in-tandem"],"yoast_head":"<!-- This site is optimized with the Yoast SEO plugin v23.6 - https:\/\/yoast.com\/wordpress\/plugins\/seo\/ -->\n<title>Paracadutismo a Triengen da un aereo a 4000 metri di altezza<\/title>\n<meta name=\"description\" content=\"Paracadutismo a Triengen da un aereo. Tu e il tuo pilota vi lanciate a un&#039;altitudine di 4000 m\/terra e cadete in caduta libera per 50 secondi\" \/>\n<meta name=\"robots\" content=\"index, follow, max-snippet:-1, max-image-preview:large, max-video-preview:-1\" \/>\n<link rel=\"canonical\" href=\"https:\/\/www.swissraft.ch\/it\/prodotto\/paracadutismo-triengen-salto-tandem-aereo\/\" \/>\n<meta property=\"og:locale\" content=\"it_IT\" \/>\n<meta property=\"og:type\" content=\"article\" \/>\n<meta property=\"og:title\" content=\"Paracadutismo a Triengen da un aereo a 4000 metri di altezza\" \/>\n<meta property=\"og:description\" content=\"Paracadutismo a Triengen da un aereo. Tu e il tuo pilota vi lanciate a un&#039;altitudine di 4000 m\/terra e cadete in caduta libera per 50 secondi\" \/>\n<meta property=\"og:url\" content=\"https:\/\/www.swissraft.ch\/it\/prodotto\/paracadutismo-triengen-salto-tandem-aereo\/\" \/>\n<meta property=\"og:site_name\" content=\"Swissraft\" \/>\n<meta property=\"article:modified_time\" content=\"2026-04-04T02:14:52+00:00\" \/>\n<meta property=\"og:image\" content=\"https:\/\/www.swissraft.ch\/wp-content\/uploads\/2023\/02\/1-TRIENGEN-776x776-1.jpg\" \/>\n\t<meta property=\"og:image:width\" content=\"776\" \/>\n\t<meta property=\"og:image:height\" content=\"776\" \/>\n\t<meta property=\"og:image:type\" content=\"image\/jpeg\" \/>\n<meta name=\"twitter:card\" content=\"summary_large_image\" \/>\n<meta name=\"twitter:label1\" content=\"Tempo di lettura stimato\" \/>\n\t<meta name=\"twitter:data1\" content=\"2 minuti\" \/>\n<script type=\"application\/ld+json\" class=\"yoast-schema-graph\">{\"@context\":\"https:\/\/schema.org\",\"@graph\":[{\"@type\":\"WebPage\",\"@id\":\"https:\/\/www.swissraft.ch\/it\/prodotto\/paracadutismo-triengen-salto-tandem-aereo\/\",\"url\":\"https:\/\/www.swissraft.ch\/it\/prodotto\/paracadutismo-triengen-salto-tandem-aereo\/\",\"name\":\"Paracadutismo a Triengen da un aereo a 4000 metri di altezza\",\"isPartOf\":{\"@id\":\"https:\/\/www.swissraft.ch\/it\/#website\"},\"primaryImageOfPage\":{\"@id\":\"https:\/\/www.swissraft.ch\/it\/prodotto\/paracadutismo-triengen-salto-tandem-aereo\/#primaryimage\"},\"image\":{\"@id\":\"https:\/\/www.swissraft.ch\/it\/prodotto\/paracadutismo-triengen-salto-tandem-aereo\/#primaryimage\"},\"thumbnailUrl\":\"https:\/\/www.swissraft.ch\/wp-content\/uploads\/2023\/02\/1-TRIENGEN-776x776-1.jpg\",\"datePublished\":\"2023-02-18T11:11:22+00:00\",\"dateModified\":\"2026-04-04T02:14:52+00:00\",\"description\":\"Paracadutismo a Triengen da un aereo. Tu e il tuo pilota vi lanciate a un'altitudine di 4000 m\/terra e cadete in caduta libera per 50 secondi\",\"breadcrumb\":{\"@id\":\"https:\/\/www.swissraft.ch\/it\/prodotto\/paracadutismo-triengen-salto-tandem-aereo\/#breadcrumb\"},\"inLanguage\":\"it-IT\",\"potentialAction\":[{\"@type\":\"ReadAction\",\"target\":[\"https:\/\/www.swissraft.ch\/it\/prodotto\/paracadutismo-triengen-salto-tandem-aereo\/\"]}]},{\"@type\":\"ImageObject\",\"inLanguage\":\"it-IT\",\"@id\":\"https:\/\/www.swissraft.ch\/it\/prodotto\/paracadutismo-triengen-salto-tandem-aereo\/#primaryimage\",\"url\":\"https:\/\/www.swissraft.ch\/wp-content\/uploads\/2023\/02\/1-TRIENGEN-776x776-1.jpg\",\"contentUrl\":\"https:\/\/www.swissraft.ch\/wp-content\/uploads\/2023\/02\/1-TRIENGEN-776x776-1.jpg\",\"width\":776,\"height\":776,\"caption\":\"Salto in tandem. Volare in caduta libera.\"},{\"@type\":\"BreadcrumbList\",\"@id\":\"https:\/\/www.swissraft.ch\/it\/prodotto\/paracadutismo-triengen-salto-tandem-aereo\/#breadcrumb\",\"itemListElement\":[{\"@type\":\"ListItem\",\"position\":1,\"name\":\"Accueil\",\"item\":\"https:\/\/www.swissraft.ch\/it\/\"},{\"@type\":\"ListItem\",\"position\":2,\"name\":\"Negozio\",\"item\":\"https:\/\/www.swissraft.ch\/it\/negozio\/\"},{\"@type\":\"ListItem\",\"position\":3,\"name\":\"Paracadutismo a Triengen &#8211; Salto tandem da un aereo &#8211; Da CHF 390.00\"}]},{\"@type\":\"WebSite\",\"@id\":\"https:\/\/www.swissraft.ch\/it\/#website\",\"url\":\"https:\/\/www.swissraft.ch\/it\/\",\"name\":\"Swissraft\",\"description\":\"To enjoy nature as it is\",\"publisher\":{\"@id\":\"https:\/\/www.swissraft.ch\/it\/#organization\"},\"potentialAction\":[{\"@type\":\"SearchAction\",\"target\":{\"@type\":\"EntryPoint\",\"urlTemplate\":\"https:\/\/www.swissraft.ch\/it\/?s={search_term_string}\"},\"query-input\":{\"@type\":\"PropertyValueSpecification\",\"valueRequired\":true,\"valueName\":\"search_term_string\"}}],\"inLanguage\":\"it-IT\"},{\"@type\":\"Organization\",\"@id\":\"https:\/\/www.swissraft.ch\/it\/#organization\",\"name\":\"Swissraft\",\"url\":\"https:\/\/www.swissraft.ch\/it\/\",\"logo\":{\"@type\":\"ImageObject\",\"inLanguage\":\"it-IT\",\"@id\":\"https:\/\/www.swissraft.ch\/it\/#\/schema\/logo\/image\/\",\"url\":\"https:\/\/www.swissraft.ch\/wp-content\/uploads\/2025\/09\/Capture.jpg\",\"contentUrl\":\"https:\/\/www.swissraft.ch\/wp-content\/uploads\/2025\/09\/Capture.jpg\",\"width\":293,\"height\":108,\"caption\":\"Swissraft\"},\"image\":{\"@id\":\"https:\/\/www.swissraft.ch\/it\/#\/schema\/logo\/image\/\"}}]}<\/script>\n<!-- \/ Yoast SEO plugin. -->","yoast_head_json":{"title":"Paracadutismo a Triengen da un aereo a 4000 metri di altezza","description":"Paracadutismo a Triengen da un aereo. Tu e il tuo pilota vi lanciate a un'altitudine di 4000 m\/terra e cadete in caduta libera per 50 secondi","robots":{"index":"index","follow":"follow","max-snippet":"max-snippet:-1","max-image-preview":"max-image-preview:large","max-video-preview":"max-video-preview:-1"},"canonical":"https:\/\/www.swissraft.ch\/it\/prodotto\/paracadutismo-triengen-salto-tandem-aereo\/","og_locale":"it_IT","og_type":"article","og_title":"Paracadutismo a Triengen da un aereo a 4000 metri di altezza","og_description":"Paracadutismo a Triengen da un aereo. Tu e il tuo pilota vi lanciate a un'altitudine di 4000 m\/terra e cadete in caduta libera per 50 secondi","og_url":"https:\/\/www.swissraft.ch\/it\/prodotto\/paracadutismo-triengen-salto-tandem-aereo\/","og_site_name":"Swissraft","article_modified_time":"2026-04-04T02:14:52+00:00","og_image":[{"width":776,"height":776,"url":"https:\/\/www.swissraft.ch\/wp-content\/uploads\/2023\/02\/1-TRIENGEN-776x776-1.jpg","type":"image\/jpeg"}],"twitter_card":"summary_large_image","twitter_misc":{"Tempo di lettura stimato":"2 minuti"},"schema":{"@context":"https:\/\/schema.org","@graph":[{"@type":"WebPage","@id":"https:\/\/www.swissraft.ch\/it\/prodotto\/paracadutismo-triengen-salto-tandem-aereo\/","url":"https:\/\/www.swissraft.ch\/it\/prodotto\/paracadutismo-triengen-salto-tandem-aereo\/","name":"Paracadutismo a Triengen da un aereo a 4000 metri di altezza","isPartOf":{"@id":"https:\/\/www.swissraft.ch\/it\/#website"},"primaryImageOfPage":{"@id":"https:\/\/www.swissraft.ch\/it\/prodotto\/paracadutismo-triengen-salto-tandem-aereo\/#primaryimage"},"image":{"@id":"https:\/\/www.swissraft.ch\/it\/prodotto\/paracadutismo-triengen-salto-tandem-aereo\/#primaryimage"},"thumbnailUrl":"https:\/\/www.swissraft.ch\/wp-content\/uploads\/2023\/02\/1-TRIENGEN-776x776-1.jpg","datePublished":"2023-02-18T11:11:22+00:00","dateModified":"2026-04-04T02:14:52+00:00","description":"Paracadutismo a Triengen da un aereo. Tu e il tuo pilota vi lanciate a un'altitudine di 4000 m\/terra e cadete in caduta libera per 50 secondi","breadcrumb":{"@id":"https:\/\/www.swissraft.ch\/it\/prodotto\/paracadutismo-triengen-salto-tandem-aereo\/#breadcrumb"},"inLanguage":"it-IT","potentialAction":[{"@type":"ReadAction","target":["https:\/\/www.swissraft.ch\/it\/prodotto\/paracadutismo-triengen-salto-tandem-aereo\/"]}]},{"@type":"ImageObject","inLanguage":"it-IT","@id":"https:\/\/www.swissraft.ch\/it\/prodotto\/paracadutismo-triengen-salto-tandem-aereo\/#primaryimage","url":"https:\/\/www.swissraft.ch\/wp-content\/uploads\/2023\/02\/1-TRIENGEN-776x776-1.jpg","contentUrl":"https:\/\/www.swissraft.ch\/wp-content\/uploads\/2023\/02\/1-TRIENGEN-776x776-1.jpg","width":776,"height":776,"caption":"Salto in tandem. Volare in caduta libera."},{"@type":"BreadcrumbList","@id":"https:\/\/www.swissraft.ch\/it\/prodotto\/paracadutismo-triengen-salto-tandem-aereo\/#breadcrumb","itemListElement":[{"@type":"ListItem","position":1,"name":"Accueil","item":"https:\/\/www.swissraft.ch\/it\/"},{"@type":"ListItem","position":2,"name":"Negozio","item":"https:\/\/www.swissraft.ch\/it\/negozio\/"},{"@type":"ListItem","position":3,"name":"Paracadutismo a Triengen &#8211; Salto tandem da un aereo &#8211; Da CHF 390.00"}]},{"@type":"WebSite","@id":"https:\/\/www.swissraft.ch\/it\/#website","url":"https:\/\/www.swissraft.ch\/it\/","name":"Swissraft","description":"To enjoy nature as it is","publisher":{"@id":"https:\/\/www.swissraft.ch\/it\/#organization"},"potentialAction":[{"@type":"SearchAction","target":{"@type":"EntryPoint","urlTemplate":"https:\/\/www.swissraft.ch\/it\/?s={search_term_string}"},"query-input":{"@type":"PropertyValueSpecification","valueRequired":true,"valueName":"search_term_string"}}],"inLanguage":"it-IT"},{"@type":"Organization","@id":"https:\/\/www.swissraft.ch\/it\/#organization","name":"Swissraft","url":"https:\/\/www.swissraft.ch\/it\/","logo":{"@type":"ImageObject","inLanguage":"it-IT","@id":"https:\/\/www.swissraft.ch\/it\/#\/schema\/logo\/image\/","url":"https:\/\/www.swissraft.ch\/wp-content\/uploads\/2025\/09\/Capture.jpg","contentUrl":"https:\/\/www.swissraft.ch\/wp-content\/uploads\/2025\/09\/Capture.jpg","width":293,"height":108,"caption":"Swissraft"},"image":{"@id":"https:\/\/www.swissraft.ch\/it\/#\/schema\/logo\/image\/"}}]}},"_links":{"self":[{"href":"https:\/\/www.swissraft.ch\/it\/wp-json\/wp\/v2\/product\/92883","targetHints":{"allow":["GET"]}}],"collection":[{"href":"https:\/\/www.swissraft.ch\/it\/wp-json\/wp\/v2\/product"}],"about":[{"href":"https:\/\/www.swissraft.ch\/it\/wp-json\/wp\/v2\/types\/product"}],"replies":[{"embeddable":true,"href":"https:\/\/www.swissraft.ch\/it\/wp-json\/wp\/v2\/comments?post=92883"}],"version-history":[{"count":34,"href":"https:\/\/www.swissraft.ch\/it\/wp-json\/wp\/v2\/product\/92883\/revisions"}],"predecessor-version":[{"id":136689,"href":"https:\/\/www.swissraft.ch\/it\/wp-json\/wp\/v2\/product\/92883\/revisions\/136689"}],"wp:featuredmedia":[{"embeddable":true,"href":"https:\/\/www.swissraft.ch\/it\/wp-json\/wp\/v2\/media\/87770"}],"wp:attachment":[{"href":"https:\/\/www.swissraft.ch\/it\/wp-json\/wp\/v2\/media?parent=92883"}],"wp:term":[{"taxonomy":"product_cat","embeddable":true,"href":"https:\/\/www.swissraft.ch\/it\/wp-json\/wp\/v2\/product_cat?post=92883"},{"taxonomy":"product_tag","embeddable":true,"href":"https:\/\/www.swissraft.ch\/it\/wp-json\/wp\/v2\/product_tag?post=92883"}],"curies":[{"name":"wp","href":"https:\/\/api.w.org\/{rel}","templated":true}]}}