{"id":92874,"date":"2023-02-16T18:14:36","date_gmt":"2023-02-16T17:14:36","guid":{"rendered":"https:\/\/swissraft.xyanzkdne.eu\/product\/lancio-con-il-paracadute-a-beromunster-salto-tandem-da-un-aereo-da-chf-36500\/"},"modified":"2026-04-04T04:43:23","modified_gmt":"2026-04-04T02:43:23","slug":"paracadutismo-beromuenster-salto-tandem-aereo","status":"publish","type":"product","link":"https:\/\/www.swissraft.ch\/it\/prodotto\/paracadutismo-beromuenster-salto-tandem-aereo\/","title":{"rendered":"Paracadutismo a Berom\u00fcnster &#8211; Salto tandem da un aereo &#8211; Da CHF 365.00"},"content":{"rendered":"\t\t<div data-elementor-type=\"wp-post\" data-elementor-id=\"92874\" class=\"elementor elementor-92874 elementor-30892\">\n\t\t\t\t\t\t\t\t\t<section class=\"elementor-section elementor-top-section elementor-element elementor-element-3303a7e3 elementor-section-boxed elementor-section-height-default elementor-section-height-default\" data-id=\"3303a7e3\" data-element_type=\"section\">\n\t\t\t\t\t\t<div class=\"elementor-container elementor-column-gap-default\">\n\t\t\t\t\t<div class=\"elementor-column elementor-col-100 elementor-top-column elementor-element elementor-element-16d72dbf\" data-id=\"16d72dbf\" data-element_type=\"column\">\n\t\t\t<div class=\"elementor-widget-wrap elementor-element-populated\">\n\t\t\t\t\t\t\t\t<div class=\"elementor-element elementor-element-d743c03 elementor-widget elementor-widget-text-editor\" data-id=\"d743c03\" data-element_type=\"widget\" data-widget_type=\"text-editor.default\">\n\t\t\t\t<div class=\"elementor-widget-container\">\n\t\t\t\t\t\t\t<h2>SCEGLI LA TUA ATTIVIT\u00c0 QUI SOTTO PER OFFRIRE BUONI REGALO\/BIGLIETTI O EFFETTUARE UNA PRENOTAZIONE<\/h2><table border=\"0\" width=\"580\" cellspacing=\"10\" cellpadding=\"10\"><tbody><tr><td width=\"50%\"><strong>1) LANCIO IN TANDEM CON PARACADUTE &#8211; BEROM\u00dcNSTER &#8211; SETTIMANA<\/strong><\/td><td><strong>CHF 365.00 a persona<span class=\"productPrice\"><br \/><\/span><\/strong><\/td><\/tr><tr><td>Informazioni aggiuntive<\/td><td>&#8211;<span class=\"plbl\"> Scarpe sportive senza ganci<br \/>&#8211; Non deve essere a digiuno<br \/>&#8211; Non deve essere sotto l&#8217;effetto di alcol o altre sostanze<br \/>&#8211;<span class=\"patt\"> Autorizzazione dei genitori per i minori<br \/><\/span>&#8211; Prezzo giovani <\/span>: <span class=\"patt\"><strong>CHF 345.00<\/strong> fino ai 20 anni<\/span><\/td><\/tr><tr><td>Orari<\/td><td>Al momento della prenotazione, dovrai scegliere l&#8217;ora del giorno in cui effettuare la prenotazione<\/td><\/tr><tr><td>Durata della caduta libera<\/td><td>circa 50 secondi<\/td><\/tr><tr><td>Durata totale<\/td><td>circa 4 ore<\/td><\/tr><tr><td>Aerodromo<\/td><td><a href=\"https:\/\/www.google.com\/maps\/place\/47%C2%B011'29.8%22N+8%C2%B012'17.9%22E\/@47.1917337,8.1693559,6135m\/data=!3m1!1e3!4m4!3m3!8m2!3d47.1916111!4d8.2049722?entry=ttu\" target=\"_blank\" rel=\"noopener\">Berom\u00fcnster<\/a><\/td><\/tr><tr><td><button class=\"elementor-button\" type=\"button\"><a href=\"https:\/\/swissraft.outdoorbooking.ch\/fo\/products\/1317?base_id=196&amp;category_id=5&amp;order_type=gift_voucher&amp;lang=it\" target=\"_blank\" rel=\"noopener\">ACQUISTO BUONO REGALO \/ BIGLIETTO<\/a><\/button><\/td><td><a href=\"https:\/\/swissraft.outdoorbooking.ch\/fo\/products\/1317?base_id=196&amp;category_id=5&amp;order_type=event&amp;lang=it\" target=\"_blank\" rel=\"noopener\">PRENOTA LA DATA DEL SALTO<\/a>\u00a0 <strong>CHF 365.00<\/strong>\/pers.<\/td><\/tr><tr><td><button class=\"elementor-button\" type=\"button\"><a href=\"https:\/\/swissraft.outdoorbooking.ch\/fo\/products\/1318?base_id=196&amp;category_id=5&amp;order_type=gift_voucher&amp;lang=it\" target=\"_blank\" rel=\"noopener\">ACQUISTO BUONO REGALO \/ BIGLIETTO<\/a><\/button><\/td><td><a href=\"https:\/\/swissraft.outdoorbooking.ch\/fo\/products\/1318?base_id=196&amp;category_id=5&amp;order_type=event&amp;lang=it\" target=\"_blank\" rel=\"noopener\">PRENOTA LA DATA DEL SALTO<\/a>\u00a0 <strong>CHF 525.00<\/strong>\/pers. con foto o video<\/td><\/tr><tr><td><button class=\"elementor-button\" type=\"button\"><a href=\"https:\/\/swissraft.outdoorbooking.ch\/fo\/products\/1319?base_id=196&amp;category_id=5&amp;order_type=gift_voucher&amp;lang=it\" target=\"_blank\" rel=\"noopener\">ACQUISTO BUONO REGALO \/ BIGLIETTO<\/a><\/button><\/td><td><a href=\"https:\/\/swissraft.outdoorbooking.ch\/fo\/products\/1319?base_id=196&amp;category_id=5&amp;order_type=event&amp;lang=it\" target=\"_blank\" rel=\"noopener\">PRENOTA LA DATA DEL SALTO<\/a>\u00a0 <strong>CHF 575.00<\/strong>\/pers. con video e foto<\/td><\/tr><tr><td><button class=\"elementor-button\" type=\"button\"><a href=\"https:\/\/swissraft.outdoorbooking.ch\/fo\/products\/1320?base_id=196&amp;category_id=5&amp;order_type=gift_voucher&amp;lang=it\" target=\"_blank\" rel=\"noopener\">ACQUISTO BUONO REGALO \/ BIGLIETTO<\/a><\/button><\/td><td><a href=\"https:\/\/swissraft.outdoorbooking.ch\/fo\/products\/1320?base_id=196&amp;category_id=5&amp;order_type=event&amp;lang=it\" target=\"_blank\" rel=\"noopener\">PRENOTA LA DATA DEL SALTO<\/a>\u00a0 <strong>CHF 475.00<\/strong>\/pers. con foto o video (HCamera)<\/td><\/tr><\/tbody><\/table><table border=\"0\" width=\"580\" cellspacing=\"10\" cellpadding=\"10\"><tbody><tr><td width=\"50%\"><strong>2) LANCIO IN TANDEM CON PARACADUTE &#8211; BEROM\u00dcNSTER &#8211; WEEKEND<\/strong><\/td><td><strong>CHF 395,00 a persona<span class=\"productPrice\"><br \/><\/span><\/strong><\/td><\/tr><tr><td>Informazioni aggiuntive<\/td><td>&#8211;<span class=\"plbl\"> Scarpe sportive senza ganci<br \/>&#8211; Non deve essere a digiuno<br \/>&#8211; Non deve essere sotto l&#8217;effetto di alcol o altre sostanze<br \/>&#8211;<span class=\"patt\"> Autorizzazione dei genitori per i minori<br \/><\/span>&#8211; Prezzo giovani<\/span>: <span class=\"patt\"><strong>CHF 375.00<\/strong> fino a 20 anni di et\u00e0<\/span><\/td><\/tr><tr><td>Orari<\/td><td>Al momento della prenotazione, dovrai scegliere l&#8217;ora del giorno in cui effettuare la prenotazione<\/td><\/tr><tr><td>Durata della caduta libera<\/td><td>circa 50 secondi<\/td><\/tr><tr><td>Durata totale<\/td><td>circa 4 ore<\/td><\/tr><tr><td>Aerodromo<\/td><td><a href=\"https:\/\/www.google.com\/maps\/place\/47%C2%B011'29.8%22N+8%C2%B012'17.9%22E\/@47.1917337,8.1693559,6135m\/data=!3m1!1e3!4m4!3m3!8m2!3d47.1916111!4d8.2049722?entry=ttu\" target=\"_blank\" rel=\"noopener\">Berom\u00fcnster<\/a><\/td><\/tr><tr><td><button class=\"elementor-button\" type=\"button\"><a href=\"https:\/\/swissraft.outdoorbooking.ch\/fo\/products\/1121?base_id=196&amp;category_id=5&amp;order_type=gift_voucher&amp;lang=it\" target=\"_blank\" rel=\"noopener\">ACQUISTO BUONO REGALO \/ BIGLIETTO<\/a><\/button><\/td><td><a href=\"https:\/\/swissraft.outdoorbooking.ch\/fo\/products\/1121?base_id=196&amp;category_id=5&amp;order_type=event&amp;lang=it\" target=\"_blank\" rel=\"noopener\">PRENOTA LA DATA DEL SALTO<\/a>\u00a0 <strong>CHF 395.00<\/strong>\/pers.<\/td><\/tr><tr><td><button class=\"elementor-button\" type=\"button\"><a href=\"https:\/\/swissraft.outdoorbooking.ch\/fo\/products\/1122?base_id=196&amp;category_id=5&amp;order_type=gift_voucher&amp;lang=it\" target=\"_blank\" rel=\"noopener\">ACQUISTO BUONO REGALO \/ BIGLIETTO<\/a><\/button><\/td><td><a href=\"https:\/\/swissraft.outdoorbooking.ch\/fo\/products\/1122?base_id=196&amp;category_id=5&amp;order_type=event&amp;lang=it\" target=\"_blank\" rel=\"noopener\">PRENOTA LA DATA DEL SALTO<\/a>\u00a0 <strong>CHF 555.00<\/strong>\/pers. con foto o video<\/td><\/tr><tr><td><button class=\"elementor-button\" type=\"button\"><a href=\"https:\/\/swissraft.outdoorbooking.ch\/fo\/products\/1123?base_id=196&amp;category_id=5&amp;order_type=gift_voucher&amp;lang=it\" target=\"_blank\" rel=\"noopener\">ACQUISTO BUONO REGALO \/ BIGLIETTO<\/a><\/button><\/td><td><a href=\"https:\/\/swissraft.outdoorbooking.ch\/fo\/products\/1123?base_id=196&amp;category_id=5&amp;order_type=event&amp;lang=it\" target=\"_blank\" rel=\"noopener\">PRENOTA LA DATA DEL SALTO<\/a>\u00a0 <strong>CHF 605.00<\/strong>\/pers. con video e foto<\/td><\/tr><tr><td><button class=\"elementor-button\" type=\"button\"><a href=\"https:\/\/swissraft.outdoorbooking.ch\/fo\/products\/1124?base_id=196&amp;category_id=5&amp;order_type=gift_voucher&amp;lang=it\" target=\"_blank\" rel=\"noopener\">ACQUISTO BUONO REGALO \/ BIGLIETTO<\/a><\/button><\/td><td><a href=\"https:\/\/swissraft.outdoorbooking.ch\/fo\/products\/1320?base_id=196&amp;category_id=5&amp;order_type=event&amp;lang=it\" target=\"_blank\" rel=\"noopener\">PRENOTA LA DATA DEL SALTO<\/a>\u00a0 <strong>CHF 505.00<\/strong>\/pers. con foto o video (HCamera)<\/td><\/tr><\/tbody><\/table>\t\t\t\t\t\t<\/div>\n\t\t\t\t<\/div>\n\t\t\t\t\t<\/div>\n\t\t<\/div>\n\t\t\t\t\t\t\t<\/div>\n\t\t<\/section>\n\t\t\t\t\t\t\t<\/div>\n\t\t","protected":false},"excerpt":{"rendered":"<div align=\"justify\">\n<h2 align=\"justify\">Salto in tandem a Berom\u00fcnster, nel cantone di Lucerna. Salta da un aereo a un&#8217;altitudine di 4000 m con il tuo pilota e il tuo istruttore.<\/h2>\n<h3>Un&#8217;esperienza da non perdere per gli amanti del brivido e dell&#8217;adrenalina.<\/h3>\n<\/div>\n<div align=\"justify\">\n<p>Prima di tutto, quando arriverai nella nostra dropzone all&#8217;aeroporto di Berom\u00fcnster, il tuo istruttore-pilota si prender\u00e0 subito cura di te. Insieme provate alcuni movimenti e posizioni del corpo per sentirvi a vostro agio durante il salto. Poi il tuo istruttore ti dar\u00e0 una muta, un casco e degli occhiali. Poi sarai pronto a salire a bordo del nostro aereo con il tuo istruttore. Inoltre, durante l&#8217;intera ascesa a 4000 m, potrai godere di una splendida vista sui laghi della Svizzera centrale. Una volta raggiunta la quota di salto, il tuo istruttore ti dar\u00e0 le ultime raccomandazioni prima di lanciarti. Un&#8217;emozione ti aspetta non appena scendi dall&#8217;aereo. Al momento della prenotazione, ricordati di ordinare un video o delle foto per conservare un ricordo di questa incredibile avventura. Per i meno avventurosi, offriamo un simulatore di caduta libera a Sion e Winterthur. Durante il volo, proverai le stesse sensazioni di una vera caduta libera.<\/p>\n<h3>Sul suo sito web, Swissraft offre una serie di dropzone in tutta la Svizzera e nella vicina Germania.<\/h3>\n<p id=\"textarea\" style=\"display: none;\">Ci lanciamo anche con il paracadute dall&#8217;aeroporto di Triengen, sempre nel cantone di Lucerna. Effettuiamo anche lanci in tandem dagli aeroporti di Interlaken e Reichenbach nell&#8217;Oberland Bernese. Effettuiamo anche lanci in tandem con il paracadute presso l&#8217;aeroporto di Grenchen nel Canton Soletta. Allo stesso tempo, effettuiamo lanci nel cantone di Friburgo dalle aviosuperfici di \u00c9cuvillens e \u00c9pagny. In primo luogo, abbiamo una dropzone presso l&#8217;aeroporto di Colombier, nel cantone di Neuch\u00e2tel. Facciamo anche salti in tandem all&#8217;aerodromo di Bex, nel cantone di Vaud. In Vallese abbiamo una dropzone all&#8217;aeroporto di Sion e all&#8217;aeroporto di Rarogne. Facciamo anche paracadutismo nella Svizzera orientale, nel cantone di Thurgau, dall&#8217;aeroporto di Sitterdorf. Ma anche per il Ticino dall&#8217;aerodromo di Locarno. Sempre in Germania, vicino a Basilea, ci lanciamo con il paracadute dall&#8217;aeroporto di Rottweil.<\/p>\n<p><a id=\"seeMore\"><\/a>Leggi tutto<\/p>\n<\/div>\n","protected":false},"featured_media":81713,"comment_status":"open","ping_status":"closed","template":"","meta":{"inline_featured_image":false,"_mi_skip_tracking":false},"product_cat":[432],"product_tag":[],"class_list":["post-92874","product","type-product","status-publish","has-post-thumbnail","hentry","product_cat-lancio-con-paracadute-in-tandem"],"yoast_head":"<!-- This site is optimized with the Yoast SEO plugin v23.6 - https:\/\/yoast.com\/wordpress\/plugins\/seo\/ -->\n<title>Paracadutismo a Beromuenster<\/title>\n<meta name=\"description\" content=\"Paracadutismo a Beromuenster. Salta a 4.000 metri di altitudine con il tuo pilota e istruttore per una caduta libera di 50 secondiBerom\u00fcnster\" \/>\n<meta name=\"robots\" content=\"index, follow, max-snippet:-1, max-image-preview:large, max-video-preview:-1\" \/>\n<link rel=\"canonical\" href=\"https:\/\/www.swissraft.ch\/it\/prodotto\/paracadutismo-beromuenster-salto-tandem-aereo\/\" \/>\n<meta property=\"og:locale\" content=\"it_IT\" \/>\n<meta property=\"og:type\" content=\"article\" \/>\n<meta property=\"og:title\" content=\"Paracadutismo a Beromuenster\" \/>\n<meta property=\"og:description\" content=\"Paracadutismo a Beromuenster. Salta a 4.000 metri di altitudine con il tuo pilota e istruttore per una caduta libera di 50 secondiBerom\u00fcnster\" \/>\n<meta property=\"og:url\" content=\"https:\/\/www.swissraft.ch\/it\/prodotto\/paracadutismo-beromuenster-salto-tandem-aereo\/\" \/>\n<meta property=\"og:site_name\" content=\"Swissraft\" \/>\n<meta property=\"article:modified_time\" content=\"2026-04-04T02:43:23+00:00\" \/>\n<meta property=\"og:image\" content=\"https:\/\/www.swissraft.ch\/wp-content\/uploads\/2023\/02\/fallschirmspringen-beromunster-1.jpg\" \/>\n\t<meta property=\"og:image:width\" content=\"776\" \/>\n\t<meta property=\"og:image:height\" content=\"776\" \/>\n\t<meta property=\"og:image:type\" content=\"image\/jpeg\" \/>\n<meta name=\"twitter:card\" content=\"summary_large_image\" \/>\n<meta name=\"twitter:label1\" content=\"Tempo di lettura stimato\" \/>\n\t<meta name=\"twitter:data1\" content=\"2 minuti\" \/>\n<script type=\"application\/ld+json\" class=\"yoast-schema-graph\">{\"@context\":\"https:\/\/schema.org\",\"@graph\":[{\"@type\":\"WebPage\",\"@id\":\"https:\/\/www.swissraft.ch\/it\/prodotto\/paracadutismo-beromuenster-salto-tandem-aereo\/\",\"url\":\"https:\/\/www.swissraft.ch\/it\/prodotto\/paracadutismo-beromuenster-salto-tandem-aereo\/\",\"name\":\"Paracadutismo a Beromuenster\",\"isPartOf\":{\"@id\":\"https:\/\/www.swissraft.ch\/it\/#website\"},\"primaryImageOfPage\":{\"@id\":\"https:\/\/www.swissraft.ch\/it\/prodotto\/paracadutismo-beromuenster-salto-tandem-aereo\/#primaryimage\"},\"image\":{\"@id\":\"https:\/\/www.swissraft.ch\/it\/prodotto\/paracadutismo-beromuenster-salto-tandem-aereo\/#primaryimage\"},\"thumbnailUrl\":\"https:\/\/www.swissraft.ch\/wp-content\/uploads\/2023\/02\/fallschirmspringen-beromunster-1.jpg\",\"datePublished\":\"2023-02-16T17:14:36+00:00\",\"dateModified\":\"2026-04-04T02:43:23+00:00\",\"description\":\"Paracadutismo a Beromuenster. Salta a 4.000 metri di altitudine con il tuo pilota e istruttore per una caduta libera di 50 secondiBerom\u00fcnster\",\"breadcrumb\":{\"@id\":\"https:\/\/www.swissraft.ch\/it\/prodotto\/paracadutismo-beromuenster-salto-tandem-aereo\/#breadcrumb\"},\"inLanguage\":\"it-IT\",\"potentialAction\":[{\"@type\":\"ReadAction\",\"target\":[\"https:\/\/www.swissraft.ch\/it\/prodotto\/paracadutismo-beromuenster-salto-tandem-aereo\/\"]}]},{\"@type\":\"ImageObject\",\"inLanguage\":\"it-IT\",\"@id\":\"https:\/\/www.swissraft.ch\/it\/prodotto\/paracadutismo-beromuenster-salto-tandem-aereo\/#primaryimage\",\"url\":\"https:\/\/www.swissraft.ch\/wp-content\/uploads\/2023\/02\/fallschirmspringen-beromunster-1.jpg\",\"contentUrl\":\"https:\/\/www.swissraft.ch\/wp-content\/uploads\/2023\/02\/fallschirmspringen-beromunster-1.jpg\",\"width\":776,\"height\":776,\"caption\":\"Berom\u00fcnster lancio in tandem con il paracadute\"},{\"@type\":\"BreadcrumbList\",\"@id\":\"https:\/\/www.swissraft.ch\/it\/prodotto\/paracadutismo-beromuenster-salto-tandem-aereo\/#breadcrumb\",\"itemListElement\":[{\"@type\":\"ListItem\",\"position\":1,\"name\":\"Accueil\",\"item\":\"https:\/\/www.swissraft.ch\/it\/\"},{\"@type\":\"ListItem\",\"position\":2,\"name\":\"Negozio\",\"item\":\"https:\/\/www.swissraft.ch\/it\/negozio\/\"},{\"@type\":\"ListItem\",\"position\":3,\"name\":\"Paracadutismo a Berom\u00fcnster &#8211; Salto tandem da un aereo &#8211; Da CHF 365.00\"}]},{\"@type\":\"WebSite\",\"@id\":\"https:\/\/www.swissraft.ch\/it\/#website\",\"url\":\"https:\/\/www.swissraft.ch\/it\/\",\"name\":\"Swissraft\",\"description\":\"To enjoy nature as it is\",\"publisher\":{\"@id\":\"https:\/\/www.swissraft.ch\/it\/#organization\"},\"potentialAction\":[{\"@type\":\"SearchAction\",\"target\":{\"@type\":\"EntryPoint\",\"urlTemplate\":\"https:\/\/www.swissraft.ch\/it\/?s={search_term_string}\"},\"query-input\":{\"@type\":\"PropertyValueSpecification\",\"valueRequired\":true,\"valueName\":\"search_term_string\"}}],\"inLanguage\":\"it-IT\"},{\"@type\":\"Organization\",\"@id\":\"https:\/\/www.swissraft.ch\/it\/#organization\",\"name\":\"Swissraft\",\"url\":\"https:\/\/www.swissraft.ch\/it\/\",\"logo\":{\"@type\":\"ImageObject\",\"inLanguage\":\"it-IT\",\"@id\":\"https:\/\/www.swissraft.ch\/it\/#\/schema\/logo\/image\/\",\"url\":\"https:\/\/www.swissraft.ch\/wp-content\/uploads\/2025\/09\/Capture.jpg\",\"contentUrl\":\"https:\/\/www.swissraft.ch\/wp-content\/uploads\/2025\/09\/Capture.jpg\",\"width\":293,\"height\":108,\"caption\":\"Swissraft\"},\"image\":{\"@id\":\"https:\/\/www.swissraft.ch\/it\/#\/schema\/logo\/image\/\"}}]}<\/script>\n<!-- \/ Yoast SEO plugin. -->","yoast_head_json":{"title":"Paracadutismo a Beromuenster","description":"Paracadutismo a Beromuenster. Salta a 4.000 metri di altitudine con il tuo pilota e istruttore per una caduta libera di 50 secondiBerom\u00fcnster","robots":{"index":"index","follow":"follow","max-snippet":"max-snippet:-1","max-image-preview":"max-image-preview:large","max-video-preview":"max-video-preview:-1"},"canonical":"https:\/\/www.swissraft.ch\/it\/prodotto\/paracadutismo-beromuenster-salto-tandem-aereo\/","og_locale":"it_IT","og_type":"article","og_title":"Paracadutismo a Beromuenster","og_description":"Paracadutismo a Beromuenster. Salta a 4.000 metri di altitudine con il tuo pilota e istruttore per una caduta libera di 50 secondiBerom\u00fcnster","og_url":"https:\/\/www.swissraft.ch\/it\/prodotto\/paracadutismo-beromuenster-salto-tandem-aereo\/","og_site_name":"Swissraft","article_modified_time":"2026-04-04T02:43:23+00:00","og_image":[{"width":776,"height":776,"url":"https:\/\/www.swissraft.ch\/wp-content\/uploads\/2023\/02\/fallschirmspringen-beromunster-1.jpg","type":"image\/jpeg"}],"twitter_card":"summary_large_image","twitter_misc":{"Tempo di lettura stimato":"2 minuti"},"schema":{"@context":"https:\/\/schema.org","@graph":[{"@type":"WebPage","@id":"https:\/\/www.swissraft.ch\/it\/prodotto\/paracadutismo-beromuenster-salto-tandem-aereo\/","url":"https:\/\/www.swissraft.ch\/it\/prodotto\/paracadutismo-beromuenster-salto-tandem-aereo\/","name":"Paracadutismo a Beromuenster","isPartOf":{"@id":"https:\/\/www.swissraft.ch\/it\/#website"},"primaryImageOfPage":{"@id":"https:\/\/www.swissraft.ch\/it\/prodotto\/paracadutismo-beromuenster-salto-tandem-aereo\/#primaryimage"},"image":{"@id":"https:\/\/www.swissraft.ch\/it\/prodotto\/paracadutismo-beromuenster-salto-tandem-aereo\/#primaryimage"},"thumbnailUrl":"https:\/\/www.swissraft.ch\/wp-content\/uploads\/2023\/02\/fallschirmspringen-beromunster-1.jpg","datePublished":"2023-02-16T17:14:36+00:00","dateModified":"2026-04-04T02:43:23+00:00","description":"Paracadutismo a Beromuenster. Salta a 4.000 metri di altitudine con il tuo pilota e istruttore per una caduta libera di 50 secondiBerom\u00fcnster","breadcrumb":{"@id":"https:\/\/www.swissraft.ch\/it\/prodotto\/paracadutismo-beromuenster-salto-tandem-aereo\/#breadcrumb"},"inLanguage":"it-IT","potentialAction":[{"@type":"ReadAction","target":["https:\/\/www.swissraft.ch\/it\/prodotto\/paracadutismo-beromuenster-salto-tandem-aereo\/"]}]},{"@type":"ImageObject","inLanguage":"it-IT","@id":"https:\/\/www.swissraft.ch\/it\/prodotto\/paracadutismo-beromuenster-salto-tandem-aereo\/#primaryimage","url":"https:\/\/www.swissraft.ch\/wp-content\/uploads\/2023\/02\/fallschirmspringen-beromunster-1.jpg","contentUrl":"https:\/\/www.swissraft.ch\/wp-content\/uploads\/2023\/02\/fallschirmspringen-beromunster-1.jpg","width":776,"height":776,"caption":"Berom\u00fcnster lancio in tandem con il paracadute"},{"@type":"BreadcrumbList","@id":"https:\/\/www.swissraft.ch\/it\/prodotto\/paracadutismo-beromuenster-salto-tandem-aereo\/#breadcrumb","itemListElement":[{"@type":"ListItem","position":1,"name":"Accueil","item":"https:\/\/www.swissraft.ch\/it\/"},{"@type":"ListItem","position":2,"name":"Negozio","item":"https:\/\/www.swissraft.ch\/it\/negozio\/"},{"@type":"ListItem","position":3,"name":"Paracadutismo a Berom\u00fcnster &#8211; Salto tandem da un aereo &#8211; Da CHF 365.00"}]},{"@type":"WebSite","@id":"https:\/\/www.swissraft.ch\/it\/#website","url":"https:\/\/www.swissraft.ch\/it\/","name":"Swissraft","description":"To enjoy nature as it is","publisher":{"@id":"https:\/\/www.swissraft.ch\/it\/#organization"},"potentialAction":[{"@type":"SearchAction","target":{"@type":"EntryPoint","urlTemplate":"https:\/\/www.swissraft.ch\/it\/?s={search_term_string}"},"query-input":{"@type":"PropertyValueSpecification","valueRequired":true,"valueName":"search_term_string"}}],"inLanguage":"it-IT"},{"@type":"Organization","@id":"https:\/\/www.swissraft.ch\/it\/#organization","name":"Swissraft","url":"https:\/\/www.swissraft.ch\/it\/","logo":{"@type":"ImageObject","inLanguage":"it-IT","@id":"https:\/\/www.swissraft.ch\/it\/#\/schema\/logo\/image\/","url":"https:\/\/www.swissraft.ch\/wp-content\/uploads\/2025\/09\/Capture.jpg","contentUrl":"https:\/\/www.swissraft.ch\/wp-content\/uploads\/2025\/09\/Capture.jpg","width":293,"height":108,"caption":"Swissraft"},"image":{"@id":"https:\/\/www.swissraft.ch\/it\/#\/schema\/logo\/image\/"}}]}},"_links":{"self":[{"href":"https:\/\/www.swissraft.ch\/it\/wp-json\/wp\/v2\/product\/92874","targetHints":{"allow":["GET"]}}],"collection":[{"href":"https:\/\/www.swissraft.ch\/it\/wp-json\/wp\/v2\/product"}],"about":[{"href":"https:\/\/www.swissraft.ch\/it\/wp-json\/wp\/v2\/types\/product"}],"replies":[{"embeddable":true,"href":"https:\/\/www.swissraft.ch\/it\/wp-json\/wp\/v2\/comments?post=92874"}],"version-history":[{"count":26,"href":"https:\/\/www.swissraft.ch\/it\/wp-json\/wp\/v2\/product\/92874\/revisions"}],"predecessor-version":[{"id":136741,"href":"https:\/\/www.swissraft.ch\/it\/wp-json\/wp\/v2\/product\/92874\/revisions\/136741"}],"wp:featuredmedia":[{"embeddable":true,"href":"https:\/\/www.swissraft.ch\/it\/wp-json\/wp\/v2\/media\/81713"}],"wp:attachment":[{"href":"https:\/\/www.swissraft.ch\/it\/wp-json\/wp\/v2\/media?parent=92874"}],"wp:term":[{"taxonomy":"product_cat","embeddable":true,"href":"https:\/\/www.swissraft.ch\/it\/wp-json\/wp\/v2\/product_cat?post=92874"},{"taxonomy":"product_tag","embeddable":true,"href":"https:\/\/www.swissraft.ch\/it\/wp-json\/wp\/v2\/product_tag?post=92874"}],"curies":[{"name":"wp","href":"https:\/\/api.w.org\/{rel}","templated":true}]}}