{"id":92863,"date":"2023-02-16T14:18:27","date_gmt":"2023-02-16T13:18:27","guid":{"rendered":"https:\/\/swissraft.xyanzkdne.eu\/product\/lancio-con-il-paracadute-a-interlaken-salto-tandem-da-un-elicottero-a-partire-da-chf-45000\/"},"modified":"2026-04-23T04:21:22","modified_gmt":"2026-04-23T02:21:22","slug":"lancio-paracadute-interlaken-salto-tandem-elicottero","status":"publish","type":"product","link":"https:\/\/www.swissraft.ch\/it\/prodotto\/lancio-paracadute-interlaken-salto-tandem-elicottero\/","title":{"rendered":"Paracadutismo a Interlaken &#8211; Salto tandem da un elicottero &#8211; Da CHF 490.00"},"content":{"rendered":"\t\t<div data-elementor-type=\"wp-post\" data-elementor-id=\"92863\" class=\"elementor elementor-92863 elementor-30863\">\n\t\t\t\t\t\t\t\t\t<section class=\"elementor-section elementor-top-section elementor-element elementor-element-3303a7e3 elementor-section-boxed elementor-section-height-default elementor-section-height-default\" data-id=\"3303a7e3\" data-element_type=\"section\">\n\t\t\t\t\t\t<div class=\"elementor-container elementor-column-gap-default\">\n\t\t\t\t\t<div class=\"elementor-column elementor-col-100 elementor-top-column elementor-element elementor-element-16d72dbf\" data-id=\"16d72dbf\" data-element_type=\"column\">\n\t\t\t<div class=\"elementor-widget-wrap elementor-element-populated\">\n\t\t\t\t\t\t\t\t<div class=\"elementor-element elementor-element-d743c03 elementor-widget elementor-widget-text-editor\" data-id=\"d743c03\" data-element_type=\"widget\" data-widget_type=\"text-editor.default\">\n\t\t\t\t<div class=\"elementor-widget-container\">\n\t\t\t\t\t\t\t<h2>SCEGLI LA TUA ATTIVIT\u00c0 QUI SOTTO PER OFFRIRE BUONI REGALO\/BIGLIETTI O EFFETTUARE UNA PRENOTAZIONE<\/h2><table border=\"0\" width=\"580\" cellspacing=\"10\" cellpadding=\"10\"><tbody><tr><td width=\"50%\"><strong>1) LANCIO IN TANDEM CON PARACADUTE &#8211; INTERLAKEN<\/strong><\/td><td><strong>CHF 490.00 a persona<span class=\"productPrice\"><br \/><\/span><\/strong><\/td><\/tr><tr><td>Informazioni aggiuntive<\/td><td>&#8211; Scarpe sportive senza ganci<br \/>&#8211; Non andare a digiuno<br \/>&#8211; Non essere sotto l&#8217;effetto di alcol o altre sostanze<br \/>&#8211; Autorizzazione dei genitori per i minori<\/td><\/tr><tr><td>Orari<\/td><td>Solo su appuntamento<\/td><\/tr><tr><td>Durata della caduta libera<\/td><td>circa 50 secondi<\/td><\/tr><tr><td>Durata totale<\/td><td>circa 2 ore<\/td><\/tr><tr><td>Aerodromo<\/td><td><a href=\"https:\/\/www.google.com\/maps\/place\/46%C2%B040'05.2%22N+7%C2%B052'23.8%22E\/@46.6683424,7.8548121,3098m\/data=!3m1!1e3!4m4!3m3!8m2!3d46.6681111!4d7.8732778?entry=ttu\" target=\"_blank\" rel=\"noopener\">Interlaken \/ Wilderswil<\/a><\/td><\/tr><tr><td><button class=\"elementor-button\" type=\"button\"><a href=\"https:\/\/swissraft.outdoorbooking.ch\/fo\/products\/250?base_id=45&amp;category_id=5&amp;order_type=gift_voucher&amp;lang=it\" target=\"_blank\" rel=\"noopener\">ACQUISTO BUONO REGALO \/ BIGLIETTO<\/a><\/button><\/td><td><strong>CHF 490.00<\/strong>\/pers.<\/td><\/tr><tr><td><button class=\"elementor-button\" type=\"button\"><a href=\"https:\/\/swissraft.outdoorbooking.ch\/fo\/products\/251?base_id=45&amp;category_id=5&amp;order_type=gift_voucher&amp;lang=it\" target=\"_blank\" rel=\"noopener\">ACQUISTO BUONO REGALO \/ BIGLIETTO<\/a><\/button><\/td><td><strong>CHF 640.00<\/strong>\/pers. con video<\/td><\/tr><tr><td>\u00a0<\/td><td><span style=\"text-decoration: underline;\"><strong><em>IMPORTANTE !<\/em><\/strong><\/span><br \/><em>Per prenotare, chiamate il numero che si trova in alto a sinistra sul buono regalo \/ biglietto.<\/em><\/td><\/tr><\/tbody><\/table><table border=\"0\" width=\"580\" cellspacing=\"10\" cellpadding=\"10\"><tbody><tr><td width=\"50%\"><strong>2) SALTO DEL&#8217;EIGER ORIGINALE GRINDELWALD &#8211; INTERLAKEN<\/strong><\/td><td><strong>CHF 690.00 a persona<span class=\"productPrice\"><br \/><\/span><\/strong><\/td><\/tr><tr><td>Informazioni aggiuntive<\/td><td>&#8211; Scarpe sportive senza ganci &#8211; Non andare a digiuno &#8211; Non essere sotto l&#8217;effetto di alcol o altre sostanze &#8211; Autorizzazione dei genitori per i minori<\/td><\/tr><tr><td>Orari<\/td><td>Solo su appuntamento<\/td><\/tr><tr><td>Durata della caduta libera<\/td><td>circa 60 secondi<\/td><\/tr><tr><td>Durata totale<\/td><td>circa 2h30<\/td><\/tr><tr><td>Aerodromo<\/td><td><a href=\"https:\/\/www.google.com\/maps\/place\/46%C2%B040'05.2%22N+7%C2%B052'23.8%22E\/@46.6683424,7.8548121,3098m\/data=!3m1!1e3!4m4!3m3!8m2!3d46.6681111!4d7.8732778?entry=ttu\" target=\"_blank\" rel=\"noopener\">Interlaken \/ Wilderswil<\/a><\/td><\/tr><tr><td><button class=\"elementor-button\" type=\"button\"><a href=\"https:\/\/swissraft.outdoorbooking.ch\/fo\/products\/252?base_id=45&amp;category_id=5&amp;order_type=gift_voucher&amp;lang=it\" target=\"_blank\" rel=\"noopener\">ACQUISTO BUONO REGALO \/ BIGLIETTO<\/a><\/button><\/td><td><strong>CHF 690.00<\/strong>\/pers.<strong><br \/><\/strong><\/td><\/tr><tr><td><button class=\"elementor-button\" type=\"button\"><a href=\"https:\/\/swissraft.outdoorbooking.ch\/fo\/products\/253?base_id=45&amp;category_id=5&amp;order_type=gift_voucher&amp;lang=it\" target=\"_blank\" rel=\"noopener\">ACQUISTO BUONO REGALO \/ BIGLIETTO<\/a><\/button><\/td><td><strong>CHF 840.00<\/strong>\/pers. con video <strong><br \/><\/strong><\/td><\/tr><tr><td>\u00a0<\/td><td><span style=\"text-decoration: underline;\"><strong><em>IMPORTANTE !<\/em><\/strong><\/span><br \/><em>Per prenotare, chiamate il numero che si trova in alto a sinistra sul buono regalo \/ biglietto.<\/em><\/td><\/tr><\/tbody><\/table>\t\t\t\t\t\t<\/div>\n\t\t\t\t<\/div>\n\t\t\t\t\t<\/div>\n\t\t<\/div>\n\t\t\t\t\t\t\t<\/div>\n\t\t<\/section>\n\t\t\t\t\t\t\t<\/div>\n\t\t","protected":false},"excerpt":{"rendered":"<div align=\"justify\">\n<h2 align=\"justify\">Lanciati in tandem con il paracadute da un elicottero a Interlaken, nell&#8217;Oberland bernese.<\/h2>\n<h3>Da un elicottero le sensazioni sono diverse perch\u00e9 si salta da fermi. La vista \u00e8 favolosa, con il massiccio dell&#8217;Eiger di fronte a te, una vetta mitica per gli alpinisti.<\/h3>\n<\/div>\n<div align=\"justify\">\n<p>Quando arriverai all&#8217;aeroporto di Interlaken\/Wilderswil, il pilota-istruttore si prender\u00e0 cura di te. Ti consegna l&#8217;attrezzatura e insieme prendete l&#8217;autobus per l&#8217;eliporto di Gsteigwiler per ritirare l&#8217;elicottero. Dopo qualche istruzione su come posizionare le braccia e la testa, sei pronto per l&#8217;avventura. L&#8217;elicottero Ecureuil B3 pu\u00f2 ospitare solo due passeggeri in tandem e i rispettivi piloti. Ora \u00e8 tutto pronto e ti dirigi verso l&#8217;elicottero. Prendi posto a bordo con il tuo pilota-istruttore e un secondo tandem, impaziente quanto te per il grande salto. Durante la salita, si vede l&#8217;Eiger, un massiccio imponente se mai ce n&#8217;\u00e8 uno. L&#8217;elicottero ha guadagnato rapidamente quota e si \u00e8 stabilizzato a 4000 m. Sei pronto per il salto. Inoltre, se scegli l&#8217;Original jump Grindelwald, il tuo elicottero salir\u00e0 a 5300 m di altezza, ben al di sopra dell&#8217;Eiger. Sorvolerai Wengen, la piccola Scheidegg e la parete nord dell&#8217;Eiger. Poi prosegui verso Konkordiaplatz, il ghiacciaio dell&#8217;Aletsch e lo Jungfraujoch. In questo caso, la durata della caduta libera \u00e8 di un minuto. Con il tuo istruttore, ti avvicini alla porta dell&#8217;elicottero. Un ultimo controllo e via nel vuoto. La velocit\u00e0 della caduta \u00e8 accelerata a quasi 200 km\/h. Grazie agli occhiali di protezione, i tuoi occhi sono ben aperti. Puoi vedere la cima dell&#8217;Eiger sfrecciare davanti a te e la terra avvicinarsi. Quasi 3.000 metri di caduta libera prima che il pilota apra il paracadute. Non dimenticherai presto questa caduta libera mozzafiato. Per te, questo minuto lontano dalla normalit\u00e0 \u00e8 stato un appagamento totale perch\u00e9 hai superato la tua apprensione. In effetti, saltare nello spazio non \u00e8 una cosa naturale e non \u00e8 facile da fare. Poi la discesa con il paracadute continua senza problemi fino alla dropzone di Wilderswil, dove il tuo pilota atterra dolcemente.<br \/>\nPer chi vuole fare un salto in tandem, offriamo una sessione di simulazione di caduta libera.<\/p>\n<h3>Sul nostro sito web puoi scegliere tra diverse zone di consegna in tutta la Svizzera. Chiamaci per qualsiasi domanda<\/h3>\n<p id=\"textarea\" style=\"display: none;\">\nSempre nell&#8217;Oberland Bernese, faremo un lancio in tandem con il paracadute da un aereo a Reichenbach. Lo stesso vale per l&#8217;aeroporto di Bex, nel cantone di Vaud. Facciamo anche lanci con il paracadute nel cantone di Friburgo a \u00c9pagny en Gruy\u00e8re e \u00c9cuvillens. Ci lanciamo anche nel cantone di Lucerna dagli aeroporti di Triengen e Berom\u00fcnster. Facciamo anche pratica di paracadutismo al campo di volo di Colombier, sulle rive del lago di Neuch\u00e2tel. Facciamo anche lanci con il paracadute a Grenchen, nel cantone di Soletta. Poi facciamo salti in tandem dall&#8217;aerodromo di Sitterdorf in Turgovia. Ma anche il paracadutismo dall&#8217;aeroporto di Locarno, in Ticino. Ma anche nella vicina Germania, dove abbiamo una dropzone vicino alla citt\u00e0 di Basilea, per la precisione a Rottweil.<\/p>\n<p><a id=\"seeMore\" onclick=\"toggleSeeMore()\" href=\"javascript:void(0);\">Leggi tutto<\/a><\/p>\n","protected":false},"featured_media":87929,"comment_status":"open","ping_status":"closed","template":"","meta":{"inline_featured_image":false,"_mi_skip_tracking":false},"product_cat":[432],"product_tag":[],"class_list":["post-92863","product","type-product","status-publish","has-post-thumbnail","hentry","product_cat-lancio-con-paracadute-in-tandem"],"yoast_head":"<!-- This site is optimized with the Yoast SEO plugin v23.6 - https:\/\/yoast.com\/wordpress\/plugins\/seo\/ -->\n<title>Lancio paracadute a Interlaken da un elicottero<\/title>\n<meta name=\"description\" content=\"Lancio paracadute a Interlaken da un elicottero con una caduta libera di 60 secondi se scegli di fare il salto originale dall&#039;Eiger\" \/>\n<meta name=\"robots\" content=\"index, follow, max-snippet:-1, max-image-preview:large, max-video-preview:-1\" \/>\n<link rel=\"canonical\" href=\"https:\/\/www.swissraft.ch\/it\/prodotto\/lancio-paracadute-interlaken-salto-tandem-elicottero\/\" \/>\n<meta property=\"og:locale\" content=\"it_IT\" \/>\n<meta property=\"og:type\" content=\"article\" \/>\n<meta property=\"og:title\" content=\"Lancio paracadute a Interlaken da un elicottero\" \/>\n<meta property=\"og:description\" content=\"Lancio paracadute a Interlaken da un elicottero con una caduta libera di 60 secondi se scegli di fare il salto originale dall&#039;Eiger\" \/>\n<meta property=\"og:url\" content=\"https:\/\/www.swissraft.ch\/it\/prodotto\/lancio-paracadute-interlaken-salto-tandem-elicottero\/\" \/>\n<meta property=\"og:site_name\" content=\"Swissraft\" \/>\n<meta property=\"article:modified_time\" content=\"2026-04-23T02:21:22+00:00\" \/>\n<meta property=\"og:image\" content=\"https:\/\/www.swissraft.ch\/wp-content\/uploads\/2023\/02\/1-INTERLAKEN-776x776-1.jpg\" \/>\n\t<meta property=\"og:image:width\" content=\"776\" \/>\n\t<meta property=\"og:image:height\" content=\"776\" \/>\n\t<meta property=\"og:image:type\" content=\"image\/jpeg\" \/>\n<meta name=\"twitter:card\" content=\"summary_large_image\" \/>\n<meta name=\"twitter:label1\" content=\"Tempo di lettura stimato\" \/>\n\t<meta name=\"twitter:data1\" content=\"2 minuti\" \/>\n<script type=\"application\/ld+json\" class=\"yoast-schema-graph\">{\"@context\":\"https:\/\/schema.org\",\"@graph\":[{\"@type\":\"WebPage\",\"@id\":\"https:\/\/www.swissraft.ch\/it\/prodotto\/lancio-paracadute-interlaken-salto-tandem-elicottero\/\",\"url\":\"https:\/\/www.swissraft.ch\/it\/prodotto\/lancio-paracadute-interlaken-salto-tandem-elicottero\/\",\"name\":\"Lancio paracadute a Interlaken da un elicottero\",\"isPartOf\":{\"@id\":\"https:\/\/www.swissraft.ch\/it\/#website\"},\"primaryImageOfPage\":{\"@id\":\"https:\/\/www.swissraft.ch\/it\/prodotto\/lancio-paracadute-interlaken-salto-tandem-elicottero\/#primaryimage\"},\"image\":{\"@id\":\"https:\/\/www.swissraft.ch\/it\/prodotto\/lancio-paracadute-interlaken-salto-tandem-elicottero\/#primaryimage\"},\"thumbnailUrl\":\"https:\/\/www.swissraft.ch\/wp-content\/uploads\/2023\/02\/1-INTERLAKEN-776x776-1.jpg\",\"datePublished\":\"2023-02-16T13:18:27+00:00\",\"dateModified\":\"2026-04-23T02:21:22+00:00\",\"description\":\"Lancio paracadute a Interlaken da un elicottero con una caduta libera di 60 secondi se scegli di fare il salto originale dall'Eiger\",\"breadcrumb\":{\"@id\":\"https:\/\/www.swissraft.ch\/it\/prodotto\/lancio-paracadute-interlaken-salto-tandem-elicottero\/#breadcrumb\"},\"inLanguage\":\"it-IT\",\"potentialAction\":[{\"@type\":\"ReadAction\",\"target\":[\"https:\/\/www.swissraft.ch\/it\/prodotto\/lancio-paracadute-interlaken-salto-tandem-elicottero\/\"]}]},{\"@type\":\"ImageObject\",\"inLanguage\":\"it-IT\",\"@id\":\"https:\/\/www.swissraft.ch\/it\/prodotto\/lancio-paracadute-interlaken-salto-tandem-elicottero\/#primaryimage\",\"url\":\"https:\/\/www.swissraft.ch\/wp-content\/uploads\/2023\/02\/1-INTERLAKEN-776x776-1.jpg\",\"contentUrl\":\"https:\/\/www.swissraft.ch\/wp-content\/uploads\/2023\/02\/1-INTERLAKEN-776x776-1.jpg\",\"width\":776,\"height\":776,\"caption\":\"Lancio paracadute a Interlaken\"},{\"@type\":\"BreadcrumbList\",\"@id\":\"https:\/\/www.swissraft.ch\/it\/prodotto\/lancio-paracadute-interlaken-salto-tandem-elicottero\/#breadcrumb\",\"itemListElement\":[{\"@type\":\"ListItem\",\"position\":1,\"name\":\"Accueil\",\"item\":\"https:\/\/www.swissraft.ch\/it\/\"},{\"@type\":\"ListItem\",\"position\":2,\"name\":\"Negozio\",\"item\":\"https:\/\/www.swissraft.ch\/it\/negozio\/\"},{\"@type\":\"ListItem\",\"position\":3,\"name\":\"Paracadutismo a Interlaken &#8211; Salto tandem da un elicottero &#8211; Da CHF 490.00\"}]},{\"@type\":\"WebSite\",\"@id\":\"https:\/\/www.swissraft.ch\/it\/#website\",\"url\":\"https:\/\/www.swissraft.ch\/it\/\",\"name\":\"Swissraft\",\"description\":\"To enjoy nature as it is\",\"publisher\":{\"@id\":\"https:\/\/www.swissraft.ch\/it\/#organization\"},\"potentialAction\":[{\"@type\":\"SearchAction\",\"target\":{\"@type\":\"EntryPoint\",\"urlTemplate\":\"https:\/\/www.swissraft.ch\/it\/?s={search_term_string}\"},\"query-input\":{\"@type\":\"PropertyValueSpecification\",\"valueRequired\":true,\"valueName\":\"search_term_string\"}}],\"inLanguage\":\"it-IT\"},{\"@type\":\"Organization\",\"@id\":\"https:\/\/www.swissraft.ch\/it\/#organization\",\"name\":\"Swissraft\",\"url\":\"https:\/\/www.swissraft.ch\/it\/\",\"logo\":{\"@type\":\"ImageObject\",\"inLanguage\":\"it-IT\",\"@id\":\"https:\/\/www.swissraft.ch\/it\/#\/schema\/logo\/image\/\",\"url\":\"https:\/\/www.swissraft.ch\/wp-content\/uploads\/2025\/09\/Capture.jpg\",\"contentUrl\":\"https:\/\/www.swissraft.ch\/wp-content\/uploads\/2025\/09\/Capture.jpg\",\"width\":293,\"height\":108,\"caption\":\"Swissraft\"},\"image\":{\"@id\":\"https:\/\/www.swissraft.ch\/it\/#\/schema\/logo\/image\/\"}}]}<\/script>\n<!-- \/ Yoast SEO plugin. -->","yoast_head_json":{"title":"Lancio paracadute a Interlaken da un elicottero","description":"Lancio paracadute a Interlaken da un elicottero con una caduta libera di 60 secondi se scegli di fare il salto originale dall'Eiger","robots":{"index":"index","follow":"follow","max-snippet":"max-snippet:-1","max-image-preview":"max-image-preview:large","max-video-preview":"max-video-preview:-1"},"canonical":"https:\/\/www.swissraft.ch\/it\/prodotto\/lancio-paracadute-interlaken-salto-tandem-elicottero\/","og_locale":"it_IT","og_type":"article","og_title":"Lancio paracadute a Interlaken da un elicottero","og_description":"Lancio paracadute a Interlaken da un elicottero con una caduta libera di 60 secondi se scegli di fare il salto originale dall'Eiger","og_url":"https:\/\/www.swissraft.ch\/it\/prodotto\/lancio-paracadute-interlaken-salto-tandem-elicottero\/","og_site_name":"Swissraft","article_modified_time":"2026-04-23T02:21:22+00:00","og_image":[{"width":776,"height":776,"url":"https:\/\/www.swissraft.ch\/wp-content\/uploads\/2023\/02\/1-INTERLAKEN-776x776-1.jpg","type":"image\/jpeg"}],"twitter_card":"summary_large_image","twitter_misc":{"Tempo di lettura stimato":"2 minuti"},"schema":{"@context":"https:\/\/schema.org","@graph":[{"@type":"WebPage","@id":"https:\/\/www.swissraft.ch\/it\/prodotto\/lancio-paracadute-interlaken-salto-tandem-elicottero\/","url":"https:\/\/www.swissraft.ch\/it\/prodotto\/lancio-paracadute-interlaken-salto-tandem-elicottero\/","name":"Lancio paracadute a Interlaken da un elicottero","isPartOf":{"@id":"https:\/\/www.swissraft.ch\/it\/#website"},"primaryImageOfPage":{"@id":"https:\/\/www.swissraft.ch\/it\/prodotto\/lancio-paracadute-interlaken-salto-tandem-elicottero\/#primaryimage"},"image":{"@id":"https:\/\/www.swissraft.ch\/it\/prodotto\/lancio-paracadute-interlaken-salto-tandem-elicottero\/#primaryimage"},"thumbnailUrl":"https:\/\/www.swissraft.ch\/wp-content\/uploads\/2023\/02\/1-INTERLAKEN-776x776-1.jpg","datePublished":"2023-02-16T13:18:27+00:00","dateModified":"2026-04-23T02:21:22+00:00","description":"Lancio paracadute a Interlaken da un elicottero con una caduta libera di 60 secondi se scegli di fare il salto originale dall'Eiger","breadcrumb":{"@id":"https:\/\/www.swissraft.ch\/it\/prodotto\/lancio-paracadute-interlaken-salto-tandem-elicottero\/#breadcrumb"},"inLanguage":"it-IT","potentialAction":[{"@type":"ReadAction","target":["https:\/\/www.swissraft.ch\/it\/prodotto\/lancio-paracadute-interlaken-salto-tandem-elicottero\/"]}]},{"@type":"ImageObject","inLanguage":"it-IT","@id":"https:\/\/www.swissraft.ch\/it\/prodotto\/lancio-paracadute-interlaken-salto-tandem-elicottero\/#primaryimage","url":"https:\/\/www.swissraft.ch\/wp-content\/uploads\/2023\/02\/1-INTERLAKEN-776x776-1.jpg","contentUrl":"https:\/\/www.swissraft.ch\/wp-content\/uploads\/2023\/02\/1-INTERLAKEN-776x776-1.jpg","width":776,"height":776,"caption":"Lancio paracadute a Interlaken"},{"@type":"BreadcrumbList","@id":"https:\/\/www.swissraft.ch\/it\/prodotto\/lancio-paracadute-interlaken-salto-tandem-elicottero\/#breadcrumb","itemListElement":[{"@type":"ListItem","position":1,"name":"Accueil","item":"https:\/\/www.swissraft.ch\/it\/"},{"@type":"ListItem","position":2,"name":"Negozio","item":"https:\/\/www.swissraft.ch\/it\/negozio\/"},{"@type":"ListItem","position":3,"name":"Paracadutismo a Interlaken &#8211; Salto tandem da un elicottero &#8211; Da CHF 490.00"}]},{"@type":"WebSite","@id":"https:\/\/www.swissraft.ch\/it\/#website","url":"https:\/\/www.swissraft.ch\/it\/","name":"Swissraft","description":"To enjoy nature as it is","publisher":{"@id":"https:\/\/www.swissraft.ch\/it\/#organization"},"potentialAction":[{"@type":"SearchAction","target":{"@type":"EntryPoint","urlTemplate":"https:\/\/www.swissraft.ch\/it\/?s={search_term_string}"},"query-input":{"@type":"PropertyValueSpecification","valueRequired":true,"valueName":"search_term_string"}}],"inLanguage":"it-IT"},{"@type":"Organization","@id":"https:\/\/www.swissraft.ch\/it\/#organization","name":"Swissraft","url":"https:\/\/www.swissraft.ch\/it\/","logo":{"@type":"ImageObject","inLanguage":"it-IT","@id":"https:\/\/www.swissraft.ch\/it\/#\/schema\/logo\/image\/","url":"https:\/\/www.swissraft.ch\/wp-content\/uploads\/2025\/09\/Capture.jpg","contentUrl":"https:\/\/www.swissraft.ch\/wp-content\/uploads\/2025\/09\/Capture.jpg","width":293,"height":108,"caption":"Swissraft"},"image":{"@id":"https:\/\/www.swissraft.ch\/it\/#\/schema\/logo\/image\/"}}]}},"_links":{"self":[{"href":"https:\/\/www.swissraft.ch\/it\/wp-json\/wp\/v2\/product\/92863","targetHints":{"allow":["GET"]}}],"collection":[{"href":"https:\/\/www.swissraft.ch\/it\/wp-json\/wp\/v2\/product"}],"about":[{"href":"https:\/\/www.swissraft.ch\/it\/wp-json\/wp\/v2\/types\/product"}],"replies":[{"embeddable":true,"href":"https:\/\/www.swissraft.ch\/it\/wp-json\/wp\/v2\/comments?post=92863"}],"version-history":[{"count":44,"href":"https:\/\/www.swissraft.ch\/it\/wp-json\/wp\/v2\/product\/92863\/revisions"}],"predecessor-version":[{"id":141488,"href":"https:\/\/www.swissraft.ch\/it\/wp-json\/wp\/v2\/product\/92863\/revisions\/141488"}],"wp:featuredmedia":[{"embeddable":true,"href":"https:\/\/www.swissraft.ch\/it\/wp-json\/wp\/v2\/media\/87929"}],"wp:attachment":[{"href":"https:\/\/www.swissraft.ch\/it\/wp-json\/wp\/v2\/media?parent=92863"}],"wp:term":[{"taxonomy":"product_cat","embeddable":true,"href":"https:\/\/www.swissraft.ch\/it\/wp-json\/wp\/v2\/product_cat?post=92863"},{"taxonomy":"product_tag","embeddable":true,"href":"https:\/\/www.swissraft.ch\/it\/wp-json\/wp\/v2\/product_tag?post=92863"}],"curies":[{"name":"wp","href":"https:\/\/api.w.org\/{rel}","templated":true}]}}