{"id":92859,"date":"2023-02-15T17:25:01","date_gmt":"2023-02-15T16:25:01","guid":{"rendered":"https:\/\/swissraft.xyanzkdne.eu\/product\/introduzione-al-parapendio-presso-flims-grisons-chf-100-00\/"},"modified":"2026-04-05T22:06:43","modified_gmt":"2026-04-05T20:06:43","slug":"introduzione-parapendio-flims-grigioni","status":"publish","type":"product","link":"https:\/\/www.swissraft.ch\/it\/prodotto\/introduzione-parapendio-flims-grigioni\/","title":{"rendered":"Introduzione al parapendio a Flims &#8211; Grigioni &#8211; CHF 100.00"},"content":{"rendered":"\t\t<div data-elementor-type=\"wp-post\" data-elementor-id=\"92859\" class=\"elementor elementor-92859 elementor-30847\">\n\t\t\t\t\t\t\t\t\t<section class=\"elementor-section elementor-top-section elementor-element elementor-element-3303a7e3 elementor-section-boxed elementor-section-height-default elementor-section-height-default\" data-id=\"3303a7e3\" data-element_type=\"section\">\n\t\t\t\t\t\t<div class=\"elementor-container elementor-column-gap-default\">\n\t\t\t\t\t<div class=\"elementor-column elementor-col-100 elementor-top-column elementor-element elementor-element-16d72dbf\" data-id=\"16d72dbf\" data-element_type=\"column\">\n\t\t\t<div class=\"elementor-widget-wrap elementor-element-populated\">\n\t\t\t\t\t\t\t\t<div class=\"elementor-element elementor-element-d743c03 elementor-widget elementor-widget-text-editor\" data-id=\"d743c03\" data-element_type=\"widget\" data-widget_type=\"text-editor.default\">\n\t\t\t\t<div class=\"elementor-widget-container\">\n\t\t\t\t\t\t\t<h2>SCEGLI LA TUA ATTIVIT\u00c0 QUI SOTTO PER OFFRIRE BUONI REGALO\/BIGLIETTI O EFFETTUARE UNA PRENOTAZIONE<\/h2><table border=\"0\" width=\"580\" cellspacing=\"10\" cellpadding=\"10\"><tbody><tr><td width=\"50%\"><strong>INTRODUZIONE &#8211; PARAPENDIO &#8211; FLIMS<\/strong><\/td><td><strong>CHF 100.00 a persona<span class=\"productPrice\"><br \/><\/span><\/strong><\/td><\/tr><tr><td>Informazioni aggiuntive<\/td><td><span class=\"patt\">&#8211; Autorizzazione del tutore legale per i minori di 16 anni<br \/><span class=\"plbl\">&#8211; Se <\/span>partecipi al corso, l&#8217;iniziazione \u00e8 gratuita<\/span><\/td><\/tr><tr><td>Pendenza della scuola<\/td><td>Trin Mulin<\/td><\/tr><tr><td>Durata del volo<\/td><td>circa 20 sec.<\/td><\/tr><tr><td>Durata totale<\/td><td>circa 2h30<\/td><\/tr><tr><td>Appuntamento<\/td><td>Per telefono<\/td><\/tr><tr><td><button class=\"elementor-button\" type=\"button\"><a href=\"https:\/\/swissraft.outdoorbooking.ch\/fo\/products\/1099?base_id=56&amp;category_id=3&amp;order_type=gift_voucher&amp;lang=it\" target=\"_blank\" rel=\"noopener\">ACQUISTO BUONO REGALO \/ BIGLIETTO<\/a><\/button><\/td><td><strong><em>IMPORTANTE !<\/em><\/strong><br \/><em>Per prenotare, chiamate il numero che si trova in alto a sinistra sul buono regalo \/ biglietto.<\/em><\/td><\/tr><\/tbody><\/table>\t\t\t\t\t\t<\/div>\n\t\t\t\t<\/div>\n\t\t\t\t\t<\/div>\n\t\t<\/div>\n\t\t\t\t\t\t\t<\/div>\n\t\t<\/section>\n\t\t\t\t\t\t\t<\/div>\n\t\t","protected":false},"excerpt":{"rendered":"<div align=\"justify\">\n<h2 align=\"justify\">Se vuoi scoprire il deltaplano, perch\u00e9 non seguire un corso introduttivo di parapendio?<\/h2>\n<h3>La nostra scuola di sci \u00e8 ideale per imparare a decollare e volare a pochi metri da terra per tutta la lunghezza della pista.<\/h3>\n<\/div>\n<div align=\"justify\">\n<p>Scopri l&#8217;emozione del parapendio a Flims, nei Grigioni. La collina di allenamento Trin Mulin offre un ambiente ideale. Mettiti alla prova con questo emozionante sport. I nostri istruttori esperti ti guideranno. Impara le basi in tutta sicurezza. Potrai cos\u00ec aumentare gradualmente la tua fiducia in te stesso. Prenderai confidenza con l&#8217;attrezzatura. Poi \u00e8 il momento del decollo. La sensazione di volare \u00e8 incomparabile. Ti sentirai libero come un uccello. Il parapendio \u00e8 diventato una passione. Unisciti alla nostra comunit\u00e0 di appassionati del volo libero. Vivrai avventure indimenticabili. I Grigioni offrono uno scenario magnifico. Le montagne circostanti offrono viste mozzafiato. Solca i cieli della regione di Surselva e lasciati trasportare dall&#8217;euforia del parapendio. Se desideri continuare la formazione, ti detrarremo il costo di questa iniziazione. Se lo desideri, puoi anche fare un volo in tandem con un istruttore per familiarizzare con il volo e scoprire come ci si sente.<\/p>\n<h3>Swissraft offre altri siti per voli in parapendio tandem in Svizzera.<\/h3>\n<p id=\"textarea\" style=\"display: none;\">Nel Pays d&#8217;Enhaut offriamo voli in tandem tra Gstaad e il Pays d&#8217;Enhaut. Offriamo anche voli a due posti da Charmey, nella regione della Gruy\u00e8re. Offriamo anche voli in parapendio tandem in Ticino, con partenze da diverse vette sia in estate che in inverno. Offriamo anche voli in parapendio biposto nell&#8217;Oberland Bernese. In Vallese, offriamo voli in tandem da Verbier e dintorni.<\/p>\n<p><a id=\"seeMore\"><\/a>Leggi tutto<\/p>\n<\/div>\n","protected":false},"featured_media":89984,"comment_status":"open","ping_status":"closed","template":"","meta":{"inline_featured_image":false,"_mi_skip_tracking":false},"product_cat":[437],"product_tag":[],"class_list":["post-92859","product","type-product","status-publish","has-post-thumbnail","hentry","product_cat-voli-tandem-in-parapendio-e-deltaplano"],"yoast_head":"<!-- This site is optimized with the Yoast SEO plugin v23.6 - https:\/\/yoast.com\/wordpress\/plugins\/seo\/ -->\n<title>Introduzione al parapendio a Flims, nei Grigioni<\/title>\n<meta name=\"description\" content=\"Introduzione al parapendio a Flims nei Grigioni. In mezza giornata imparerai a decollare e a volare per qualche decina di metri nel buio pi\u00f9 totale.\" \/>\n<meta name=\"robots\" content=\"index, follow, max-snippet:-1, max-image-preview:large, max-video-preview:-1\" \/>\n<link rel=\"canonical\" href=\"https:\/\/www.swissraft.ch\/it\/prodotto\/introduzione-parapendio-flims-grigioni\/\" \/>\n<meta property=\"og:locale\" content=\"it_IT\" \/>\n<meta property=\"og:type\" content=\"article\" \/>\n<meta property=\"og:title\" content=\"Introduzione al parapendio a Flims, nei Grigioni\" \/>\n<meta property=\"og:description\" content=\"Introduzione al parapendio a Flims nei Grigioni. In mezza giornata imparerai a decollare e a volare per qualche decina di metri nel buio pi\u00f9 totale.\" \/>\n<meta property=\"og:url\" content=\"https:\/\/www.swissraft.ch\/it\/prodotto\/introduzione-parapendio-flims-grigioni\/\" \/>\n<meta property=\"og:site_name\" content=\"Swissraft\" \/>\n<meta property=\"article:modified_time\" content=\"2026-04-05T20:06:43+00:00\" \/>\n<meta property=\"og:image\" content=\"https:\/\/www.swissraft.ch\/wp-content\/uploads\/2023\/02\/1-1-Flims-Initiation-au-parapente.jpg\" \/>\n\t<meta property=\"og:image:width\" content=\"776\" \/>\n\t<meta property=\"og:image:height\" content=\"776\" \/>\n\t<meta property=\"og:image:type\" content=\"image\/jpeg\" \/>\n<meta name=\"twitter:card\" content=\"summary_large_image\" \/>\n<meta name=\"twitter:label1\" content=\"Tempo di lettura stimato\" \/>\n\t<meta name=\"twitter:data1\" content=\"1 minuto\" \/>\n<script type=\"application\/ld+json\" class=\"yoast-schema-graph\">{\"@context\":\"https:\/\/schema.org\",\"@graph\":[{\"@type\":\"WebPage\",\"@id\":\"https:\/\/www.swissraft.ch\/it\/prodotto\/introduzione-parapendio-flims-grigioni\/\",\"url\":\"https:\/\/www.swissraft.ch\/it\/prodotto\/introduzione-parapendio-flims-grigioni\/\",\"name\":\"Introduzione al parapendio a Flims, nei Grigioni\",\"isPartOf\":{\"@id\":\"https:\/\/www.swissraft.ch\/it\/#website\"},\"primaryImageOfPage\":{\"@id\":\"https:\/\/www.swissraft.ch\/it\/prodotto\/introduzione-parapendio-flims-grigioni\/#primaryimage\"},\"image\":{\"@id\":\"https:\/\/www.swissraft.ch\/it\/prodotto\/introduzione-parapendio-flims-grigioni\/#primaryimage\"},\"thumbnailUrl\":\"https:\/\/www.swissraft.ch\/wp-content\/uploads\/2023\/02\/1-1-Flims-Initiation-au-parapente.jpg\",\"datePublished\":\"2023-02-15T16:25:01+00:00\",\"dateModified\":\"2026-04-05T20:06:43+00:00\",\"description\":\"Introduzione al parapendio a Flims nei Grigioni. In mezza giornata imparerai a decollare e a volare per qualche decina di metri nel buio pi\u00f9 totale.\",\"breadcrumb\":{\"@id\":\"https:\/\/www.swissraft.ch\/it\/prodotto\/introduzione-parapendio-flims-grigioni\/#breadcrumb\"},\"inLanguage\":\"it-IT\",\"potentialAction\":[{\"@type\":\"ReadAction\",\"target\":[\"https:\/\/www.swissraft.ch\/it\/prodotto\/introduzione-parapendio-flims-grigioni\/\"]}]},{\"@type\":\"ImageObject\",\"inLanguage\":\"it-IT\",\"@id\":\"https:\/\/www.swissraft.ch\/it\/prodotto\/introduzione-parapendio-flims-grigioni\/#primaryimage\",\"url\":\"https:\/\/www.swissraft.ch\/wp-content\/uploads\/2023\/02\/1-1-Flims-Initiation-au-parapente.jpg\",\"contentUrl\":\"https:\/\/www.swissraft.ch\/wp-content\/uploads\/2023\/02\/1-1-Flims-Initiation-au-parapente.jpg\",\"width\":776,\"height\":776,\"caption\":\"Introduzione al parapendio a Flims\"},{\"@type\":\"BreadcrumbList\",\"@id\":\"https:\/\/www.swissraft.ch\/it\/prodotto\/introduzione-parapendio-flims-grigioni\/#breadcrumb\",\"itemListElement\":[{\"@type\":\"ListItem\",\"position\":1,\"name\":\"Accueil\",\"item\":\"https:\/\/www.swissraft.ch\/it\/\"},{\"@type\":\"ListItem\",\"position\":2,\"name\":\"Negozio\",\"item\":\"https:\/\/www.swissraft.ch\/it\/negozio\/\"},{\"@type\":\"ListItem\",\"position\":3,\"name\":\"Introduzione al parapendio a Flims &#8211; Grigioni &#8211; CHF 100.00\"}]},{\"@type\":\"WebSite\",\"@id\":\"https:\/\/www.swissraft.ch\/it\/#website\",\"url\":\"https:\/\/www.swissraft.ch\/it\/\",\"name\":\"Swissraft\",\"description\":\"To enjoy nature as it is\",\"publisher\":{\"@id\":\"https:\/\/www.swissraft.ch\/it\/#organization\"},\"potentialAction\":[{\"@type\":\"SearchAction\",\"target\":{\"@type\":\"EntryPoint\",\"urlTemplate\":\"https:\/\/www.swissraft.ch\/it\/?s={search_term_string}\"},\"query-input\":{\"@type\":\"PropertyValueSpecification\",\"valueRequired\":true,\"valueName\":\"search_term_string\"}}],\"inLanguage\":\"it-IT\"},{\"@type\":\"Organization\",\"@id\":\"https:\/\/www.swissraft.ch\/it\/#organization\",\"name\":\"Swissraft\",\"url\":\"https:\/\/www.swissraft.ch\/it\/\",\"logo\":{\"@type\":\"ImageObject\",\"inLanguage\":\"it-IT\",\"@id\":\"https:\/\/www.swissraft.ch\/it\/#\/schema\/logo\/image\/\",\"url\":\"https:\/\/www.swissraft.ch\/wp-content\/uploads\/2025\/09\/Capture.jpg\",\"contentUrl\":\"https:\/\/www.swissraft.ch\/wp-content\/uploads\/2025\/09\/Capture.jpg\",\"width\":293,\"height\":108,\"caption\":\"Swissraft\"},\"image\":{\"@id\":\"https:\/\/www.swissraft.ch\/it\/#\/schema\/logo\/image\/\"}}]}<\/script>\n<!-- \/ Yoast SEO plugin. -->","yoast_head_json":{"title":"Introduzione al parapendio a Flims, nei Grigioni","description":"Introduzione al parapendio a Flims nei Grigioni. In mezza giornata imparerai a decollare e a volare per qualche decina di metri nel buio pi\u00f9 totale.","robots":{"index":"index","follow":"follow","max-snippet":"max-snippet:-1","max-image-preview":"max-image-preview:large","max-video-preview":"max-video-preview:-1"},"canonical":"https:\/\/www.swissraft.ch\/it\/prodotto\/introduzione-parapendio-flims-grigioni\/","og_locale":"it_IT","og_type":"article","og_title":"Introduzione al parapendio a Flims, nei Grigioni","og_description":"Introduzione al parapendio a Flims nei Grigioni. In mezza giornata imparerai a decollare e a volare per qualche decina di metri nel buio pi\u00f9 totale.","og_url":"https:\/\/www.swissraft.ch\/it\/prodotto\/introduzione-parapendio-flims-grigioni\/","og_site_name":"Swissraft","article_modified_time":"2026-04-05T20:06:43+00:00","og_image":[{"width":776,"height":776,"url":"https:\/\/www.swissraft.ch\/wp-content\/uploads\/2023\/02\/1-1-Flims-Initiation-au-parapente.jpg","type":"image\/jpeg"}],"twitter_card":"summary_large_image","twitter_misc":{"Tempo di lettura stimato":"1 minuto"},"schema":{"@context":"https:\/\/schema.org","@graph":[{"@type":"WebPage","@id":"https:\/\/www.swissraft.ch\/it\/prodotto\/introduzione-parapendio-flims-grigioni\/","url":"https:\/\/www.swissraft.ch\/it\/prodotto\/introduzione-parapendio-flims-grigioni\/","name":"Introduzione al parapendio a Flims, nei Grigioni","isPartOf":{"@id":"https:\/\/www.swissraft.ch\/it\/#website"},"primaryImageOfPage":{"@id":"https:\/\/www.swissraft.ch\/it\/prodotto\/introduzione-parapendio-flims-grigioni\/#primaryimage"},"image":{"@id":"https:\/\/www.swissraft.ch\/it\/prodotto\/introduzione-parapendio-flims-grigioni\/#primaryimage"},"thumbnailUrl":"https:\/\/www.swissraft.ch\/wp-content\/uploads\/2023\/02\/1-1-Flims-Initiation-au-parapente.jpg","datePublished":"2023-02-15T16:25:01+00:00","dateModified":"2026-04-05T20:06:43+00:00","description":"Introduzione al parapendio a Flims nei Grigioni. In mezza giornata imparerai a decollare e a volare per qualche decina di metri nel buio pi\u00f9 totale.","breadcrumb":{"@id":"https:\/\/www.swissraft.ch\/it\/prodotto\/introduzione-parapendio-flims-grigioni\/#breadcrumb"},"inLanguage":"it-IT","potentialAction":[{"@type":"ReadAction","target":["https:\/\/www.swissraft.ch\/it\/prodotto\/introduzione-parapendio-flims-grigioni\/"]}]},{"@type":"ImageObject","inLanguage":"it-IT","@id":"https:\/\/www.swissraft.ch\/it\/prodotto\/introduzione-parapendio-flims-grigioni\/#primaryimage","url":"https:\/\/www.swissraft.ch\/wp-content\/uploads\/2023\/02\/1-1-Flims-Initiation-au-parapente.jpg","contentUrl":"https:\/\/www.swissraft.ch\/wp-content\/uploads\/2023\/02\/1-1-Flims-Initiation-au-parapente.jpg","width":776,"height":776,"caption":"Introduzione al parapendio a Flims"},{"@type":"BreadcrumbList","@id":"https:\/\/www.swissraft.ch\/it\/prodotto\/introduzione-parapendio-flims-grigioni\/#breadcrumb","itemListElement":[{"@type":"ListItem","position":1,"name":"Accueil","item":"https:\/\/www.swissraft.ch\/it\/"},{"@type":"ListItem","position":2,"name":"Negozio","item":"https:\/\/www.swissraft.ch\/it\/negozio\/"},{"@type":"ListItem","position":3,"name":"Introduzione al parapendio a Flims &#8211; Grigioni &#8211; CHF 100.00"}]},{"@type":"WebSite","@id":"https:\/\/www.swissraft.ch\/it\/#website","url":"https:\/\/www.swissraft.ch\/it\/","name":"Swissraft","description":"To enjoy nature as it is","publisher":{"@id":"https:\/\/www.swissraft.ch\/it\/#organization"},"potentialAction":[{"@type":"SearchAction","target":{"@type":"EntryPoint","urlTemplate":"https:\/\/www.swissraft.ch\/it\/?s={search_term_string}"},"query-input":{"@type":"PropertyValueSpecification","valueRequired":true,"valueName":"search_term_string"}}],"inLanguage":"it-IT"},{"@type":"Organization","@id":"https:\/\/www.swissraft.ch\/it\/#organization","name":"Swissraft","url":"https:\/\/www.swissraft.ch\/it\/","logo":{"@type":"ImageObject","inLanguage":"it-IT","@id":"https:\/\/www.swissraft.ch\/it\/#\/schema\/logo\/image\/","url":"https:\/\/www.swissraft.ch\/wp-content\/uploads\/2025\/09\/Capture.jpg","contentUrl":"https:\/\/www.swissraft.ch\/wp-content\/uploads\/2025\/09\/Capture.jpg","width":293,"height":108,"caption":"Swissraft"},"image":{"@id":"https:\/\/www.swissraft.ch\/it\/#\/schema\/logo\/image\/"}}]}},"_links":{"self":[{"href":"https:\/\/www.swissraft.ch\/it\/wp-json\/wp\/v2\/product\/92859","targetHints":{"allow":["GET"]}}],"collection":[{"href":"https:\/\/www.swissraft.ch\/it\/wp-json\/wp\/v2\/product"}],"about":[{"href":"https:\/\/www.swissraft.ch\/it\/wp-json\/wp\/v2\/types\/product"}],"replies":[{"embeddable":true,"href":"https:\/\/www.swissraft.ch\/it\/wp-json\/wp\/v2\/comments?post=92859"}],"version-history":[{"count":16,"href":"https:\/\/www.swissraft.ch\/it\/wp-json\/wp\/v2\/product\/92859\/revisions"}],"predecessor-version":[{"id":137558,"href":"https:\/\/www.swissraft.ch\/it\/wp-json\/wp\/v2\/product\/92859\/revisions\/137558"}],"wp:featuredmedia":[{"embeddable":true,"href":"https:\/\/www.swissraft.ch\/it\/wp-json\/wp\/v2\/media\/89984"}],"wp:attachment":[{"href":"https:\/\/www.swissraft.ch\/it\/wp-json\/wp\/v2\/media?parent=92859"}],"wp:term":[{"taxonomy":"product_cat","embeddable":true,"href":"https:\/\/www.swissraft.ch\/it\/wp-json\/wp\/v2\/product_cat?post=92859"},{"taxonomy":"product_tag","embeddable":true,"href":"https:\/\/www.swissraft.ch\/it\/wp-json\/wp\/v2\/product_tag?post=92859"}],"curies":[{"name":"wp","href":"https:\/\/api.w.org\/{rel}","templated":true}]}}