{"id":92838,"date":"2023-02-15T14:58:53","date_gmt":"2023-02-15T13:58:53","guid":{"rendered":"https:\/\/swissraft.xyanzkdne.eu\/product\/volo-in-mongolfiera-nel-cantone-di-zoug-volo-sul-lago-di-zoug-da-chf-270-00\/"},"modified":"2026-04-01T05:33:17","modified_gmt":"2026-04-01T03:33:17","slug":"volo-mongolfiera-zug","status":"publish","type":"product","link":"https:\/\/www.swissraft.ch\/it\/prodotto\/volo-mongolfiera-zug\/","title":{"rendered":"Volo in mongolfiera nel cantone di Zugo &#8211; Volo sul lago di Zugo &#8211; Da CHF 270.00"},"content":{"rendered":"\t\t<div data-elementor-type=\"wp-post\" data-elementor-id=\"92838\" class=\"elementor elementor-92838 elementor-30817\">\n\t\t\t\t\t\t\t\t\t<section class=\"elementor-section elementor-top-section elementor-element elementor-element-3303a7e3 elementor-section-boxed elementor-section-height-default elementor-section-height-default\" data-id=\"3303a7e3\" data-element_type=\"section\">\n\t\t\t\t\t\t<div class=\"elementor-container elementor-column-gap-default\">\n\t\t\t\t\t<div class=\"elementor-column elementor-col-100 elementor-top-column elementor-element elementor-element-16d72dbf\" data-id=\"16d72dbf\" data-element_type=\"column\">\n\t\t\t<div class=\"elementor-widget-wrap elementor-element-populated\">\n\t\t\t\t\t\t\t\t<div class=\"elementor-element elementor-element-d743c03 elementor-widget elementor-widget-text-editor\" data-id=\"d743c03\" data-element_type=\"widget\" data-widget_type=\"text-editor.default\">\n\t\t\t\t<div class=\"elementor-widget-container\">\n\t\t\t\t\t\t\t<h2>SCEGLI LA TUA ATTIVIT\u00c0 QUI SOTTO PER OFFRIRE BUONI REGALO\/BIGLIETTI O EFFETTUARE UNA PRENOTAZIONE<\/h2><table border=\"0\" width=\"580\" cellspacing=\"10\" cellpadding=\"10\"><tbody><tr><td width=\"50%\"><strong>1) VOLO IN MONGOLFIERA &#8211; ZUGO &#8211; circa 1,5 a 2 ore<\/strong><\/td><td><strong>CHF 420.00 a persona<span class=\"productPrice\"><br \/><\/span><\/strong><\/td><\/tr><tr><td>Informazioni aggiuntive<\/td><td>&#8211;<span class=\"plbl\"> Prezzo giovani <\/span>: <span class=\"patt\">Bambini da 7 a 12 anni : <strong>CHF 270.00<\/strong>\/bambino<br \/><\/span><span class=\"patt\">&#8211; Partenza al mattino o nel tardo pomeriggio<br \/>&#8211; Sarai con altri passeggeri<\/span><\/td><\/tr><tr><td>Localit\u00e0<\/td><td>&#8211; Zu<br \/>&#8211; Sins<br \/>&#8211; Cham ecc.<\/td><\/tr><tr><td>Durata del volo<\/td><td>da 1,5 a 2 ore circa<\/td><\/tr><tr><td>Durata totale<\/td><td>circa 4 ore<\/td><\/tr><tr><td>Appuntamento<\/td><td>Per telefono<\/td><\/tr><tr><td><button class=\"elementor-button\" type=\"button\"><a href=\"https:\/\/swissraft.outdoorbooking.ch\/fo\/products\/109?base_id=53&amp;category_id=7&amp;order_type=gift_voucher&amp;lang=it\" target=\"_blank\" rel=\"noopener\">ACQUISTO BUONO REGALO \/ BIGLIETTO<\/a><\/button><\/td><td><strong>CHF 420.00 &#8211; 1 pers.<\/strong><\/td><\/tr><tr><td><button class=\"elementor-button\" type=\"button\"><a href=\"https:\/\/swissraft.outdoorbooking.ch\/fo\/products\/366?base_id=53&amp;category_id=7&amp;order_type=gift_voucher&amp;lang=it\" target=\"_blank\" rel=\"noopener\">ACQUISTO BUONO REGALO \/ BIGLIETTO<\/a><\/button><\/td><td><strong>CHF 800.00 &#8211; 2 pers.<\/strong><\/td><\/tr><tr><td><button class=\"elementor-button\" type=\"button\"><a href=\"https:\/\/swissraft.outdoorbooking.ch\/fo\/products\/367?base_id=53&amp;category_id=7&amp;order_type=gift_voucher&amp;lang=it\" target=\"_blank\" rel=\"noopener\">ACQUISTO BUONO REGALO \/ BIGLIETTO<\/a><\/button><\/td><td><strong>CHF 1&#8217;200.00 &#8211; 3 pers.<\/strong><\/td><\/tr><tr><td><button class=\"elementor-button\" type=\"button\"><a href=\"https:\/\/swissraft.outdoorbooking.ch\/fo\/products\/369?base_id=53&amp;category_id=7&amp;order_type=gift_voucher&amp;lang=it\" target=\"_blank\" rel=\"noopener\">ACQUISTO BUONO REGALO \/ BIGLIETTO<\/a><\/button><\/td><td><strong>CHF 1&#8217;600.00 &#8211; 4 pers.<\/strong><\/td><\/tr><tr><td><button class=\"elementor-button\" type=\"button\"><a href=\"https:\/\/swissraft.outdoorbooking.ch\/fo\/products\/502?base_id=53&amp;category_id=7&amp;order_type=gift_voucher&amp;lang=it\" target=\"_blank\" rel=\"noopener\">ACQUISTO BUONO REGALO \/ BIGLIETTO<\/a><\/button><\/td><td><strong>CHF 1&#8217;900.00 &#8211; 5 pers.<\/strong><\/td><\/tr><tr><td>\u00a0<\/td><td><strong><em>IMPORTANTE !<\/em><\/strong><br \/><em>Per prenotare, chiamate il numero che si trova in alto a sinistra sul buono regalo \/ biglietto.<\/em><\/td><\/tr><\/tbody><\/table><table border=\"0\" width=\"580\" cellspacing=\"10\" cellpadding=\"10\"><tbody><tr><td width=\"50%\"><strong>2) VOLO IN MONGOLFIERA &#8211; ZUGO &#8211; VOLO PRIVATO &#8211; da 1,5 a 2 ore circa <\/strong><\/td><td><strong>CHF 1&#8217;700.00 per 2 pers. &#8211; Volo privato <span class=\"productPrice\"><br \/><\/span><\/strong><\/td><\/tr><tr><td>Informazioni aggiuntive<\/td><td>&#8211; <span class=\"patt\"> Decollo al mattino presto o nel tardo pomeriggio<br \/><\/span>&#8211; Mongolfiera privata<br \/>&#8211; Per pi\u00f9 di 11 pers. : <span class=\"patt\"><span class=\"patt\" style=\"font-family: inherit; font-size: inherit;\"><span class=\"plbl\"><span class=\"patt\"><a href=\"https:\/\/www.swissraft.ch\/it\/contattaci\/\">contattaci<\/a><\/span><\/span><\/span><\/span><\/td><\/tr><tr><td>Localit\u00e0<\/td><td>&#8211; Zug<br \/>&#8211; Sins<br \/>&#8211; Cham ecc.<\/td><\/tr><tr><td>Durata del volo<\/td><td>da 1,5 a 2 ore circa<\/td><\/tr><tr><td>Durata totale<\/td><td>circa 4 ore<\/td><\/tr><tr><td>Appuntamento<\/td><td>Per telefono<\/td><\/tr><tr><td><button class=\"elementor-button\" type=\"button\"><a href=\"https:\/\/swissraft.outdoorbooking.ch\/fo\/products\/371?base_id=53&amp;category_id=7&amp;order_type=gift_voucher&amp;lang=it\" target=\"_blank\" rel=\"noopener\">ACQUISTO BUONO REGALO \/ BIGLIETTO<\/a><\/button><\/td><td><strong>CHF 1&#8217;700.00 &#8211; volo privato (2 pers.)<\/strong><\/td><\/tr><tr><td><button class=\"elementor-button\" type=\"button\"><a href=\"https:\/\/swissraft.outdoorbooking.ch\/fo\/products\/1170?base_id=53&amp;category_id=7&amp;order_type=gift_voucher&amp;lang=it\" target=\"_blank\" rel=\"noopener\">ACUISTO BUONO REGALO \/ BIGLIETTO<\/a><\/button><\/td><td><strong>CHF 2.000.00 &#8211; volo privato (3-4 pers.)<\/strong><\/td><\/tr><tr><td><button class=\"elementor-button\" type=\"button\"><a href=\"https:\/\/swissraft.outdoorbooking.ch\/fo\/products\/1212?base_id=53&amp;category_id=7&amp;order_type=gift_voucher&amp;lang=it\" target=\"_blank\" rel=\"noopener\">ACQUISTO BUONO REGALO \/ BIGLIETTO<\/a><\/button><\/td><td><strong>CHF 2&#8217;400.00 &#8211; volo privato (5-6 pers.)<\/strong><\/td><\/tr><tr><td><button class=\"elementor-button\" type=\"button\"><a href=\"https:\/\/swissraft.outdoorbooking.ch\/fo\/products\/1213?base_id=53&amp;category_id=7&amp;order_type=gift_voucher&amp;lang=it\" target=\"_blank\" rel=\"noopener\">ACQUISTO BUONO REGALO \/ BIGLIETTO<\/a><\/button><\/td><td><strong>CHF 2&#8217;900.00 &#8211; volo privato (7-8 pers.)<\/strong><\/td><\/tr><tr><td><button class=\"elementor-button\" type=\"button\"><a href=\"https:\/\/swissraft.outdoorbooking.ch\/fo\/products\/1214?base_id=53&amp;category_id=7&amp;order_type=gift_voucher&amp;lang=it\" target=\"_blank\" rel=\"noopener\">ACQUISTO BUONO REGALO \/ BIGLIETTO<\/a><\/button><\/td><td><strong>CHF 3&#8217;400.00 &#8211; volo privato (9-10 pers.)<\/strong><\/td><\/tr><tr><td><button class=\"elementor-button\" type=\"button\"><a href=\"https:\/\/swissraft.outdoorbooking.ch\/fo\/products\/1215?base_id=53&amp;category_id=7&amp;order_type=gift_voucher&amp;lang=it\" target=\"_blank\" rel=\"noopener\">ACQUITO BUONO REGALO \/ BIGLIETTO<\/a><\/button><\/td><td><strong>CHF 3&#8217;700.00 &#8211; volo privato (11 pers.)<\/strong><\/td><\/tr><tr><td>\u00a0<\/td><td><strong><em>IMPORTANTE !<\/em><\/strong><br \/><em>Per prenotare, chiamate il numero che si trova in alto a sinistra sul buono regalo \/ biglietto.<\/em><\/td><\/tr><\/tbody><\/table>\t\t\t\t\t\t<\/div>\n\t\t\t\t<\/div>\n\t\t\t\t\t<\/div>\n\t\t<\/div>\n\t\t\t\t\t\t\t<\/div>\n\t\t<\/section>\n\t\t\t\t\t\t\t<\/div>\n\t\t","protected":false},"excerpt":{"rendered":"<div align=\"justify\">\n<h2 align=\"justify\">Decolla all&#8217;alba per un volo in mongolfiera di due ore nella regione di Neuch\u00e2tel.<\/h2>\n<h3>Dalla tua gondola puoi vedere il lago di Neuch\u00e2tel sottostante, che inizia a cambiare colore. Quando il sole sorge, il lago assume un colore verde smeraldo.<\/h3>\n<\/div>\n<div align=\"justify\">\n<p>Innanzitutto, la cosa pi\u00f9 sorprendente di un volo in mongolfiera \u00e8 il silenzio che regna intorno ad esso. I suoni della civilt\u00e0 sottostante non ti raggiungono. L&#8217;unico suono che ti accompagna \u00e8 quello delle fiamme pilota dei bruciatori, che disturbano appena il silenzio. Il sole finalmente appare e riscalda i nostri volti. Il pilota attiva regolarmente i bruciatori per mantenere l&#8217;altitudine della mongolfiera e sfruttare al meglio i venti favorevoli. Volare in mongolfiera \u00e8 un&#8217;esperienza da non perdere. E non dimenticare di portare con te la tua GoPro per avere un fantastico ricordo del tuo volo in mongolfiera.<\/p>\n<h3>Offriamo pi\u00f9 di 25 punti di decollo in Svizzera per un volo in mongolfiera.<\/h3>\n<p id=\"textarea\" style=\"display: none;\">\nEffettuiamo anche voli in mongolfiera nei cantoni di Lucerna. Ma anche nella regione di Gstaad-Saanenland e a Ch\u00e2teau d&#8217;Oex, nel cantone di Vaud. Decolliamo in mongolfiera anche nella regione di Basilea Campagna, oltre che sull&#8217;altopiano e nei dintorni di Zurigo. Abbiamo anche partenze in mongolfiera dalla regione dei Tre Laghi. Partiamo anche da Gruy\u00e8re, nel cantone di Friburgo. Facciamo anche voli in mongolfiera nel Giura, pi\u00f9 precisamente nelle Franches Montagnes. Inoltre, decolleremo in mongolfiera nei cantoni di Soletta e Turgovia. Voliamo poi verso l&#8217;Italia, decollando nei pressi di Lugano, in Ticino.\n<\/p>\n<p><a id=\"seeMore\" onclick=\"toggleSeeMore()\" href=\"javascript:void(0);\">Leggi tutto<\/a><\/p>\n","protected":false},"featured_media":88799,"comment_status":"open","ping_status":"closed","template":"","meta":{"inline_featured_image":false,"_mi_skip_tracking":false},"product_cat":[537],"product_tag":[],"class_list":["post-92838","product","type-product","status-publish","has-post-thumbnail","hentry","product_cat-volo-in-mongolfiera"],"yoast_head":"<!-- This site is optimized with the Yoast SEO plugin v23.6 - https:\/\/yoast.com\/wordpress\/plugins\/seo\/ -->\n<title>Volo in mongolfiera a Zug con vista sul lago di Zugo<\/title>\n<meta name=\"description\" content=\"Volo in mongolfiera a Zug e vista sul lago di Zug e sui Quattro Cantoni. Questo volo in mongolfiera di circa 2 ore ti lascer\u00e0 ottimi ricordi.\" \/>\n<meta name=\"robots\" content=\"index, follow, max-snippet:-1, max-image-preview:large, max-video-preview:-1\" \/>\n<link rel=\"canonical\" href=\"https:\/\/www.swissraft.ch\/it\/prodotto\/volo-mongolfiera-zug\/\" \/>\n<meta property=\"og:locale\" content=\"it_IT\" \/>\n<meta property=\"og:type\" content=\"article\" \/>\n<meta property=\"og:title\" content=\"Volo in mongolfiera a Zug con vista sul lago di Zugo\" \/>\n<meta property=\"og:description\" content=\"Volo in mongolfiera a Zug e vista sul lago di Zug e sui Quattro Cantoni. Questo volo in mongolfiera di circa 2 ore ti lascer\u00e0 ottimi ricordi.\" \/>\n<meta property=\"og:url\" content=\"https:\/\/www.swissraft.ch\/it\/prodotto\/volo-mongolfiera-zug\/\" \/>\n<meta property=\"og:site_name\" content=\"Swissraft\" \/>\n<meta property=\"article:modified_time\" content=\"2026-04-01T03:33:17+00:00\" \/>\n<meta property=\"og:image\" content=\"https:\/\/www.swissraft.ch\/wp-content\/uploads\/2023\/02\/1-Zugersee.jpg\" \/>\n\t<meta property=\"og:image:width\" content=\"776\" \/>\n\t<meta property=\"og:image:height\" content=\"776\" \/>\n\t<meta property=\"og:image:type\" content=\"image\/jpeg\" \/>\n<meta name=\"twitter:card\" content=\"summary_large_image\" \/>\n<meta name=\"twitter:label1\" content=\"Tempo di lettura stimato\" \/>\n\t<meta name=\"twitter:data1\" content=\"2 minuti\" \/>\n<script type=\"application\/ld+json\" class=\"yoast-schema-graph\">{\"@context\":\"https:\/\/schema.org\",\"@graph\":[{\"@type\":\"WebPage\",\"@id\":\"https:\/\/www.swissraft.ch\/it\/prodotto\/volo-mongolfiera-zug\/\",\"url\":\"https:\/\/www.swissraft.ch\/it\/prodotto\/volo-mongolfiera-zug\/\",\"name\":\"Volo in mongolfiera a Zug con vista sul lago di Zugo\",\"isPartOf\":{\"@id\":\"https:\/\/www.swissraft.ch\/it\/#website\"},\"primaryImageOfPage\":{\"@id\":\"https:\/\/www.swissraft.ch\/it\/prodotto\/volo-mongolfiera-zug\/#primaryimage\"},\"image\":{\"@id\":\"https:\/\/www.swissraft.ch\/it\/prodotto\/volo-mongolfiera-zug\/#primaryimage\"},\"thumbnailUrl\":\"https:\/\/www.swissraft.ch\/wp-content\/uploads\/2023\/02\/1-Zugersee.jpg\",\"datePublished\":\"2023-02-15T13:58:53+00:00\",\"dateModified\":\"2026-04-01T03:33:17+00:00\",\"description\":\"Volo in mongolfiera a Zug e vista sul lago di Zug e sui Quattro Cantoni. Questo volo in mongolfiera di circa 2 ore ti lascer\u00e0 ottimi ricordi.\",\"breadcrumb\":{\"@id\":\"https:\/\/www.swissraft.ch\/it\/prodotto\/volo-mongolfiera-zug\/#breadcrumb\"},\"inLanguage\":\"it-IT\",\"potentialAction\":[{\"@type\":\"ReadAction\",\"target\":[\"https:\/\/www.swissraft.ch\/it\/prodotto\/volo-mongolfiera-zug\/\"]}]},{\"@type\":\"ImageObject\",\"inLanguage\":\"it-IT\",\"@id\":\"https:\/\/www.swissraft.ch\/it\/prodotto\/volo-mongolfiera-zug\/#primaryimage\",\"url\":\"https:\/\/www.swissraft.ch\/wp-content\/uploads\/2023\/02\/1-Zugersee.jpg\",\"contentUrl\":\"https:\/\/www.swissraft.ch\/wp-content\/uploads\/2023\/02\/1-Zugersee.jpg\",\"width\":776,\"height\":776,\"caption\":\"Volo in mongolfiera vicino al Lago di Zugo\"},{\"@type\":\"BreadcrumbList\",\"@id\":\"https:\/\/www.swissraft.ch\/it\/prodotto\/volo-mongolfiera-zug\/#breadcrumb\",\"itemListElement\":[{\"@type\":\"ListItem\",\"position\":1,\"name\":\"Accueil\",\"item\":\"https:\/\/www.swissraft.ch\/it\/\"},{\"@type\":\"ListItem\",\"position\":2,\"name\":\"Negozio\",\"item\":\"https:\/\/www.swissraft.ch\/it\/negozio\/\"},{\"@type\":\"ListItem\",\"position\":3,\"name\":\"Volo in mongolfiera nel cantone di Zugo &#8211; Volo sul lago di Zugo &#8211; Da CHF 270.00\"}]},{\"@type\":\"WebSite\",\"@id\":\"https:\/\/www.swissraft.ch\/it\/#website\",\"url\":\"https:\/\/www.swissraft.ch\/it\/\",\"name\":\"Swissraft\",\"description\":\"To enjoy nature as it is\",\"publisher\":{\"@id\":\"https:\/\/www.swissraft.ch\/it\/#organization\"},\"potentialAction\":[{\"@type\":\"SearchAction\",\"target\":{\"@type\":\"EntryPoint\",\"urlTemplate\":\"https:\/\/www.swissraft.ch\/it\/?s={search_term_string}\"},\"query-input\":{\"@type\":\"PropertyValueSpecification\",\"valueRequired\":true,\"valueName\":\"search_term_string\"}}],\"inLanguage\":\"it-IT\"},{\"@type\":\"Organization\",\"@id\":\"https:\/\/www.swissraft.ch\/it\/#organization\",\"name\":\"Swissraft\",\"url\":\"https:\/\/www.swissraft.ch\/it\/\",\"logo\":{\"@type\":\"ImageObject\",\"inLanguage\":\"it-IT\",\"@id\":\"https:\/\/www.swissraft.ch\/it\/#\/schema\/logo\/image\/\",\"url\":\"https:\/\/www.swissraft.ch\/wp-content\/uploads\/2025\/09\/Capture.jpg\",\"contentUrl\":\"https:\/\/www.swissraft.ch\/wp-content\/uploads\/2025\/09\/Capture.jpg\",\"width\":293,\"height\":108,\"caption\":\"Swissraft\"},\"image\":{\"@id\":\"https:\/\/www.swissraft.ch\/it\/#\/schema\/logo\/image\/\"}}]}<\/script>\n<!-- \/ Yoast SEO plugin. -->","yoast_head_json":{"title":"Volo in mongolfiera a Zug con vista sul lago di Zugo","description":"Volo in mongolfiera a Zug e vista sul lago di Zug e sui Quattro Cantoni. Questo volo in mongolfiera di circa 2 ore ti lascer\u00e0 ottimi ricordi.","robots":{"index":"index","follow":"follow","max-snippet":"max-snippet:-1","max-image-preview":"max-image-preview:large","max-video-preview":"max-video-preview:-1"},"canonical":"https:\/\/www.swissraft.ch\/it\/prodotto\/volo-mongolfiera-zug\/","og_locale":"it_IT","og_type":"article","og_title":"Volo in mongolfiera a Zug con vista sul lago di Zugo","og_description":"Volo in mongolfiera a Zug e vista sul lago di Zug e sui Quattro Cantoni. Questo volo in mongolfiera di circa 2 ore ti lascer\u00e0 ottimi ricordi.","og_url":"https:\/\/www.swissraft.ch\/it\/prodotto\/volo-mongolfiera-zug\/","og_site_name":"Swissraft","article_modified_time":"2026-04-01T03:33:17+00:00","og_image":[{"width":776,"height":776,"url":"https:\/\/www.swissraft.ch\/wp-content\/uploads\/2023\/02\/1-Zugersee.jpg","type":"image\/jpeg"}],"twitter_card":"summary_large_image","twitter_misc":{"Tempo di lettura stimato":"2 minuti"},"schema":{"@context":"https:\/\/schema.org","@graph":[{"@type":"WebPage","@id":"https:\/\/www.swissraft.ch\/it\/prodotto\/volo-mongolfiera-zug\/","url":"https:\/\/www.swissraft.ch\/it\/prodotto\/volo-mongolfiera-zug\/","name":"Volo in mongolfiera a Zug con vista sul lago di Zugo","isPartOf":{"@id":"https:\/\/www.swissraft.ch\/it\/#website"},"primaryImageOfPage":{"@id":"https:\/\/www.swissraft.ch\/it\/prodotto\/volo-mongolfiera-zug\/#primaryimage"},"image":{"@id":"https:\/\/www.swissraft.ch\/it\/prodotto\/volo-mongolfiera-zug\/#primaryimage"},"thumbnailUrl":"https:\/\/www.swissraft.ch\/wp-content\/uploads\/2023\/02\/1-Zugersee.jpg","datePublished":"2023-02-15T13:58:53+00:00","dateModified":"2026-04-01T03:33:17+00:00","description":"Volo in mongolfiera a Zug e vista sul lago di Zug e sui Quattro Cantoni. Questo volo in mongolfiera di circa 2 ore ti lascer\u00e0 ottimi ricordi.","breadcrumb":{"@id":"https:\/\/www.swissraft.ch\/it\/prodotto\/volo-mongolfiera-zug\/#breadcrumb"},"inLanguage":"it-IT","potentialAction":[{"@type":"ReadAction","target":["https:\/\/www.swissraft.ch\/it\/prodotto\/volo-mongolfiera-zug\/"]}]},{"@type":"ImageObject","inLanguage":"it-IT","@id":"https:\/\/www.swissraft.ch\/it\/prodotto\/volo-mongolfiera-zug\/#primaryimage","url":"https:\/\/www.swissraft.ch\/wp-content\/uploads\/2023\/02\/1-Zugersee.jpg","contentUrl":"https:\/\/www.swissraft.ch\/wp-content\/uploads\/2023\/02\/1-Zugersee.jpg","width":776,"height":776,"caption":"Volo in mongolfiera vicino al Lago di Zugo"},{"@type":"BreadcrumbList","@id":"https:\/\/www.swissraft.ch\/it\/prodotto\/volo-mongolfiera-zug\/#breadcrumb","itemListElement":[{"@type":"ListItem","position":1,"name":"Accueil","item":"https:\/\/www.swissraft.ch\/it\/"},{"@type":"ListItem","position":2,"name":"Negozio","item":"https:\/\/www.swissraft.ch\/it\/negozio\/"},{"@type":"ListItem","position":3,"name":"Volo in mongolfiera nel cantone di Zugo &#8211; Volo sul lago di Zugo &#8211; Da CHF 270.00"}]},{"@type":"WebSite","@id":"https:\/\/www.swissraft.ch\/it\/#website","url":"https:\/\/www.swissraft.ch\/it\/","name":"Swissraft","description":"To enjoy nature as it is","publisher":{"@id":"https:\/\/www.swissraft.ch\/it\/#organization"},"potentialAction":[{"@type":"SearchAction","target":{"@type":"EntryPoint","urlTemplate":"https:\/\/www.swissraft.ch\/it\/?s={search_term_string}"},"query-input":{"@type":"PropertyValueSpecification","valueRequired":true,"valueName":"search_term_string"}}],"inLanguage":"it-IT"},{"@type":"Organization","@id":"https:\/\/www.swissraft.ch\/it\/#organization","name":"Swissraft","url":"https:\/\/www.swissraft.ch\/it\/","logo":{"@type":"ImageObject","inLanguage":"it-IT","@id":"https:\/\/www.swissraft.ch\/it\/#\/schema\/logo\/image\/","url":"https:\/\/www.swissraft.ch\/wp-content\/uploads\/2025\/09\/Capture.jpg","contentUrl":"https:\/\/www.swissraft.ch\/wp-content\/uploads\/2025\/09\/Capture.jpg","width":293,"height":108,"caption":"Swissraft"},"image":{"@id":"https:\/\/www.swissraft.ch\/it\/#\/schema\/logo\/image\/"}}]}},"_links":{"self":[{"href":"https:\/\/www.swissraft.ch\/it\/wp-json\/wp\/v2\/product\/92838","targetHints":{"allow":["GET"]}}],"collection":[{"href":"https:\/\/www.swissraft.ch\/it\/wp-json\/wp\/v2\/product"}],"about":[{"href":"https:\/\/www.swissraft.ch\/it\/wp-json\/wp\/v2\/types\/product"}],"replies":[{"embeddable":true,"href":"https:\/\/www.swissraft.ch\/it\/wp-json\/wp\/v2\/comments?post=92838"}],"version-history":[{"count":56,"href":"https:\/\/www.swissraft.ch\/it\/wp-json\/wp\/v2\/product\/92838\/revisions"}],"predecessor-version":[{"id":135794,"href":"https:\/\/www.swissraft.ch\/it\/wp-json\/wp\/v2\/product\/92838\/revisions\/135794"}],"wp:featuredmedia":[{"embeddable":true,"href":"https:\/\/www.swissraft.ch\/it\/wp-json\/wp\/v2\/media\/88799"}],"wp:attachment":[{"href":"https:\/\/www.swissraft.ch\/it\/wp-json\/wp\/v2\/media?parent=92838"}],"wp:term":[{"taxonomy":"product_cat","embeddable":true,"href":"https:\/\/www.swissraft.ch\/it\/wp-json\/wp\/v2\/product_cat?post=92838"},{"taxonomy":"product_tag","embeddable":true,"href":"https:\/\/www.swissraft.ch\/it\/wp-json\/wp\/v2\/product_tag?post=92838"}],"curies":[{"name":"wp","href":"https:\/\/api.w.org\/{rel}","templated":true}]}}