{"id":92835,"date":"2023-02-15T15:36:59","date_gmt":"2023-02-15T14:36:59","guid":{"rendered":"https:\/\/swissraft.xyanzkdne.eu\/product\/volo-tandem-in-parapendio-a-interlaken-oberland-bernois-da-chf-160-00\/"},"modified":"2026-04-04T23:59:42","modified_gmt":"2026-04-04T21:59:42","slug":"tandem-parapendio-interlaken-oberland-bernese","status":"publish","type":"product","link":"https:\/\/www.swissraft.ch\/it\/prodotto\/tandem-parapendio-interlaken-oberland-bernese\/","title":{"rendered":"Volo tandem in parapendio a Interlaken &#8211; Oberland bernese &#8211; Da CHF 160.00"},"content":{"rendered":"\t\t<div data-elementor-type=\"wp-post\" data-elementor-id=\"92835\" class=\"elementor elementor-92835 elementor-30829\">\n\t\t\t\t\t\t\t\t\t<section class=\"elementor-section elementor-top-section elementor-element elementor-element-3303a7e3 elementor-section-boxed elementor-section-height-default elementor-section-height-default\" data-id=\"3303a7e3\" data-element_type=\"section\">\n\t\t\t\t\t\t<div class=\"elementor-container elementor-column-gap-default\">\n\t\t\t\t\t<div class=\"elementor-column elementor-col-100 elementor-top-column elementor-element elementor-element-16d72dbf\" data-id=\"16d72dbf\" data-element_type=\"column\">\n\t\t\t<div class=\"elementor-widget-wrap elementor-element-populated\">\n\t\t\t\t\t\t\t\t<div class=\"elementor-element elementor-element-d743c03 elementor-widget elementor-widget-text-editor\" data-id=\"d743c03\" data-element_type=\"widget\" data-widget_type=\"text-editor.default\">\n\t\t\t\t<div class=\"elementor-widget-container\">\n\t\t\t\t\t\t\t<h2>SCEGLI LA TUA ATTIVIT\u00c0 QUI SOTTO PER OFFRIRE BUONI REGALO\/BIGLIETTI O EFFETTUARE UNA PRENOTAZIONE<\/h2><table border=\"0\" width=\"580\" cellspacing=\"10\" cellpadding=\"10\"><tbody><tr><td width=\"50%\"><strong>TANDEM &#8211; PARAPENDIO &#8211; INTERLAKEN<\/strong><\/td><td><strong>Da CHF 160.00 per volo<span class=\"productPrice\"><br \/><\/span><\/strong><\/td><\/tr><tr><td>Informazioni aggiuntive<\/td><td><span class=\"plbl\">&#8211; <\/span><span class=\"patt\">Video + foto in loco : <strong>CHF 40.00<\/strong><br \/>&#8211; Per i minori \u00e8 richiesto il consenso dei genitori<\/span><\/td><\/tr><tr><td>Siti di decollo<\/td><td>&#8211; Beatenberg-Luegibr\u00fcggli<br \/>&#8211; Beatenberg-Amisb\u00fchl<\/td><\/tr><tr><td>Durata del volo<\/td><td>circa 10 \/ 25 min.<\/td><\/tr><tr><td>Durata totale<\/td><td>circa 1,5 &#8211; 2 ore a seconda del numero di minuti<\/td><\/tr><tr><td>Appuntamento<\/td><td>Per telefono<\/td><\/tr><tr><td><button class=\"elementor-button\" type=\"button\"><a href=\"https:\/\/swissraft.outdoorbooking.ch\/fo\/products\/175?base_id=57&amp;category_id=3&amp;order_type=gift_voucher&amp;lang=it\" target=\"_blank\" rel=\"noopener\">ACQUISTO BUONO REGALO \/ BIGLIETTO<\/a><\/button><\/td><td><strong>&#8211; CHF 160.00 &#8211; circa 10 min. di volo &#8211; Luegibr\u00fcggli (1050m) <\/strong><\/td><\/tr><tr><td><button class=\"elementor-button\" type=\"button\"><a href=\"https:\/\/swissraft.outdoorbooking.ch\/fo\/products\/331?base_id=57&amp;category_id=3&amp;order_type=gift_voucher&amp;lang=it\" target=\"_blank\" rel=\"noopener\">ACQUISTO BUONO REGALO \/ BIGLIETTO<\/a><\/button><\/td><td><strong>&#8211; CHF 170.00 &#8211; circa 25 min. di volo &#8211; Amisb\u00fchl (1370m) <\/strong><\/td><\/tr><tr><td>\u00a0<\/td><td><strong><em>IMPORTANTE !<\/em><\/strong><br \/><em>Per prenotare, chiamate il numero che si trova in alto a sinistra sul buono regalo \/ biglietto.<\/em><\/td><\/tr><\/tbody><\/table>\t\t\t\t\t\t<\/div>\n\t\t\t\t<\/div>\n\t\t\t\t\t<\/div>\n\t\t<\/div>\n\t\t\t\t\t\t\t<\/div>\n\t\t<\/section>\n\t\t\t\t\t\t\t<\/div>\n\t\t","protected":false},"excerpt":{"rendered":"<div align=\"justify\">\n<h2 align=\"justify\">Da Interlaken sul Beatenberg decolli con un parapendio biposto e atterri nel centro di Interlaken.<\/h2>\n<h3>Puoi scegliere tra un decollo a 1050m e un altro a 1370m per un volo di circa 25 minuti da Amisb\u00fchl.<\/h3>\n<\/div>\n<div align=\"justify\"><\/div>\n<div align=\"justify\">\n<p>Nei cieli sopra l&#8217;Oberland Bernese, un volo in parapendio in tandem da Interlaken promette un&#8217;esperienza emozionante. Per prima cosa, gli istruttori preparano meticolosamente l&#8217;attrezzatura necessaria. Poi i passeggeri si preparano eccitati per l&#8217;imminente decollo. Quando le condizioni meteo sono favorevoli, il decollo avviene senza problemi. Il parapendio si libra poi con grazia nell&#8217;aria, offrendo una vista mozzafiato sulle montagne circostanti. Durante il volo, i passeggeri provano un misto di adrenalina e serenit\u00e0. Inoltre, la sensazione di libert\u00e0 \u00e8 indescrivibile. Gli istruttori guidano abilmente il parapendio attraverso le correnti d&#8217;aria, offrendo un&#8217;esperienza sicura ed emozionante. Dopo aver esplorato i cieli dell&#8217;Oberland Bernese, si avvicina il momento dell&#8217;atterraggio. Con precisione, l&#8217;istruttore guida l&#8217;aliante verso il suolo, assicurando una discesa fluida. Infine, una volta a terra, i passeggeri sono pieni di emozioni e, soprattutto, di soddisfazione. In conclusione, un volo in parapendio in tandem da Interlaken \u00e8 un&#8217;avventura memorabile da non perdere.<\/p>\n<h3>Swissraft ti offre 6 regioni della Svizzera per un volo in parapendio tandem.<\/h3>\n<p id=\"textarea\" style=\"display: none;\">\nNei Grigioni offriamo corsi introduttivi di parapendio e deltaplano, oltre a voli biposto. Offriamo anche voli in parapendio a Ch\u00e2teau d&#8217;Oex nel Pays d&#8217;Enhaut. Nel Vallese, effettuiamo anche voli in tandem dalle cime di Verbier. Ma anche nel cantone di Friburgo a Charmey en Gruy\u00e8re. Inoltre, in Ticino offriamo numerosi voli in parapendio biposto durante tutto l&#8217;anno.\n<\/p>\n<p><a id=\"seeMore\" onclick=\"toggleSeeMore()\" href=\"javascript:void(0);\">Leggi tutto<\/a><\/p>\n","protected":false},"featured_media":89927,"comment_status":"open","ping_status":"closed","template":"","meta":{"inline_featured_image":false,"_mi_skip_tracking":false},"product_cat":[437],"product_tag":[],"class_list":["post-92835","product","type-product","status-publish","has-post-thumbnail","hentry","product_cat-voli-tandem-in-parapendio-e-deltaplano"],"yoast_head":"<!-- This site is optimized with the Yoast SEO plugin v23.6 - https:\/\/yoast.com\/wordpress\/plugins\/seo\/ -->\n<title>Tandem parapendio a Interlaken a Beatenberg<\/title>\n<meta name=\"description\" content=\"Tandem parapendio a Interlaken con partenza da Beatenberg. La scelta \u00e8 tua: voli di 10 o 25 minuti. Atterri nel centro di Interlaken\" \/>\n<meta name=\"robots\" content=\"index, follow, max-snippet:-1, max-image-preview:large, max-video-preview:-1\" \/>\n<link rel=\"canonical\" href=\"https:\/\/www.swissraft.ch\/it\/prodotto\/tandem-parapendio-interlaken-oberland-bernese\/\" \/>\n<meta property=\"og:locale\" content=\"it_IT\" \/>\n<meta property=\"og:type\" content=\"article\" \/>\n<meta property=\"og:title\" content=\"Tandem parapendio a Interlaken a Beatenberg\" \/>\n<meta property=\"og:description\" content=\"Tandem parapendio a Interlaken con partenza da Beatenberg. La scelta \u00e8 tua: voli di 10 o 25 minuti. Atterri nel centro di Interlaken\" \/>\n<meta property=\"og:url\" content=\"https:\/\/www.swissraft.ch\/it\/prodotto\/tandem-parapendio-interlaken-oberland-bernese\/\" \/>\n<meta property=\"og:site_name\" content=\"Swissraft\" \/>\n<meta property=\"article:modified_time\" content=\"2026-04-04T21:59:42+00:00\" \/>\n<meta property=\"og:image\" content=\"https:\/\/www.swissraft.ch\/wp-content\/uploads\/2023\/02\/1-1-Interlaken-Biplace-776x776-1.jpg\" \/>\n\t<meta property=\"og:image:width\" content=\"776\" \/>\n\t<meta property=\"og:image:height\" content=\"776\" \/>\n\t<meta property=\"og:image:type\" content=\"image\/jpeg\" \/>\n<meta name=\"twitter:card\" content=\"summary_large_image\" \/>\n<meta name=\"twitter:label1\" content=\"Tempo di lettura stimato\" \/>\n\t<meta name=\"twitter:data1\" content=\"1 minuto\" \/>\n<script type=\"application\/ld+json\" class=\"yoast-schema-graph\">{\"@context\":\"https:\/\/schema.org\",\"@graph\":[{\"@type\":\"WebPage\",\"@id\":\"https:\/\/www.swissraft.ch\/it\/prodotto\/tandem-parapendio-interlaken-oberland-bernese\/\",\"url\":\"https:\/\/www.swissraft.ch\/it\/prodotto\/tandem-parapendio-interlaken-oberland-bernese\/\",\"name\":\"Tandem parapendio a Interlaken a Beatenberg\",\"isPartOf\":{\"@id\":\"https:\/\/www.swissraft.ch\/it\/#website\"},\"primaryImageOfPage\":{\"@id\":\"https:\/\/www.swissraft.ch\/it\/prodotto\/tandem-parapendio-interlaken-oberland-bernese\/#primaryimage\"},\"image\":{\"@id\":\"https:\/\/www.swissraft.ch\/it\/prodotto\/tandem-parapendio-interlaken-oberland-bernese\/#primaryimage\"},\"thumbnailUrl\":\"https:\/\/www.swissraft.ch\/wp-content\/uploads\/2023\/02\/1-1-Interlaken-Biplace-776x776-1.jpg\",\"datePublished\":\"2023-02-15T14:36:59+00:00\",\"dateModified\":\"2026-04-04T21:59:42+00:00\",\"description\":\"Tandem parapendio a Interlaken con partenza da Beatenberg. La scelta \u00e8 tua: voli di 10 o 25 minuti. Atterri nel centro di Interlaken\",\"breadcrumb\":{\"@id\":\"https:\/\/www.swissraft.ch\/it\/prodotto\/tandem-parapendio-interlaken-oberland-bernese\/#breadcrumb\"},\"inLanguage\":\"it-IT\",\"potentialAction\":[{\"@type\":\"ReadAction\",\"target\":[\"https:\/\/www.swissraft.ch\/it\/prodotto\/tandem-parapendio-interlaken-oberland-bernese\/\"]}]},{\"@type\":\"ImageObject\",\"inLanguage\":\"it-IT\",\"@id\":\"https:\/\/www.swissraft.ch\/it\/prodotto\/tandem-parapendio-interlaken-oberland-bernese\/#primaryimage\",\"url\":\"https:\/\/www.swissraft.ch\/wp-content\/uploads\/2023\/02\/1-1-Interlaken-Biplace-776x776-1.jpg\",\"contentUrl\":\"https:\/\/www.swissraft.ch\/wp-content\/uploads\/2023\/02\/1-1-Interlaken-Biplace-776x776-1.jpg\",\"width\":776,\"height\":776,\"caption\":\"Volo in parapendio tandem da Interlaken\"},{\"@type\":\"BreadcrumbList\",\"@id\":\"https:\/\/www.swissraft.ch\/it\/prodotto\/tandem-parapendio-interlaken-oberland-bernese\/#breadcrumb\",\"itemListElement\":[{\"@type\":\"ListItem\",\"position\":1,\"name\":\"Accueil\",\"item\":\"https:\/\/www.swissraft.ch\/it\/\"},{\"@type\":\"ListItem\",\"position\":2,\"name\":\"Negozio\",\"item\":\"https:\/\/www.swissraft.ch\/it\/negozio\/\"},{\"@type\":\"ListItem\",\"position\":3,\"name\":\"Volo tandem in parapendio a Interlaken &#8211; Oberland bernese &#8211; Da CHF 160.00\"}]},{\"@type\":\"WebSite\",\"@id\":\"https:\/\/www.swissraft.ch\/it\/#website\",\"url\":\"https:\/\/www.swissraft.ch\/it\/\",\"name\":\"Swissraft\",\"description\":\"To enjoy nature as it is\",\"publisher\":{\"@id\":\"https:\/\/www.swissraft.ch\/it\/#organization\"},\"potentialAction\":[{\"@type\":\"SearchAction\",\"target\":{\"@type\":\"EntryPoint\",\"urlTemplate\":\"https:\/\/www.swissraft.ch\/it\/?s={search_term_string}\"},\"query-input\":{\"@type\":\"PropertyValueSpecification\",\"valueRequired\":true,\"valueName\":\"search_term_string\"}}],\"inLanguage\":\"it-IT\"},{\"@type\":\"Organization\",\"@id\":\"https:\/\/www.swissraft.ch\/it\/#organization\",\"name\":\"Swissraft\",\"url\":\"https:\/\/www.swissraft.ch\/it\/\",\"logo\":{\"@type\":\"ImageObject\",\"inLanguage\":\"it-IT\",\"@id\":\"https:\/\/www.swissraft.ch\/it\/#\/schema\/logo\/image\/\",\"url\":\"https:\/\/www.swissraft.ch\/wp-content\/uploads\/2025\/09\/Capture.jpg\",\"contentUrl\":\"https:\/\/www.swissraft.ch\/wp-content\/uploads\/2025\/09\/Capture.jpg\",\"width\":293,\"height\":108,\"caption\":\"Swissraft\"},\"image\":{\"@id\":\"https:\/\/www.swissraft.ch\/it\/#\/schema\/logo\/image\/\"}}]}<\/script>\n<!-- \/ Yoast SEO plugin. -->","yoast_head_json":{"title":"Tandem parapendio a Interlaken a Beatenberg","description":"Tandem parapendio a Interlaken con partenza da Beatenberg. La scelta \u00e8 tua: voli di 10 o 25 minuti. Atterri nel centro di Interlaken","robots":{"index":"index","follow":"follow","max-snippet":"max-snippet:-1","max-image-preview":"max-image-preview:large","max-video-preview":"max-video-preview:-1"},"canonical":"https:\/\/www.swissraft.ch\/it\/prodotto\/tandem-parapendio-interlaken-oberland-bernese\/","og_locale":"it_IT","og_type":"article","og_title":"Tandem parapendio a Interlaken a Beatenberg","og_description":"Tandem parapendio a Interlaken con partenza da Beatenberg. La scelta \u00e8 tua: voli di 10 o 25 minuti. Atterri nel centro di Interlaken","og_url":"https:\/\/www.swissraft.ch\/it\/prodotto\/tandem-parapendio-interlaken-oberland-bernese\/","og_site_name":"Swissraft","article_modified_time":"2026-04-04T21:59:42+00:00","og_image":[{"width":776,"height":776,"url":"https:\/\/www.swissraft.ch\/wp-content\/uploads\/2023\/02\/1-1-Interlaken-Biplace-776x776-1.jpg","type":"image\/jpeg"}],"twitter_card":"summary_large_image","twitter_misc":{"Tempo di lettura stimato":"1 minuto"},"schema":{"@context":"https:\/\/schema.org","@graph":[{"@type":"WebPage","@id":"https:\/\/www.swissraft.ch\/it\/prodotto\/tandem-parapendio-interlaken-oberland-bernese\/","url":"https:\/\/www.swissraft.ch\/it\/prodotto\/tandem-parapendio-interlaken-oberland-bernese\/","name":"Tandem parapendio a Interlaken a Beatenberg","isPartOf":{"@id":"https:\/\/www.swissraft.ch\/it\/#website"},"primaryImageOfPage":{"@id":"https:\/\/www.swissraft.ch\/it\/prodotto\/tandem-parapendio-interlaken-oberland-bernese\/#primaryimage"},"image":{"@id":"https:\/\/www.swissraft.ch\/it\/prodotto\/tandem-parapendio-interlaken-oberland-bernese\/#primaryimage"},"thumbnailUrl":"https:\/\/www.swissraft.ch\/wp-content\/uploads\/2023\/02\/1-1-Interlaken-Biplace-776x776-1.jpg","datePublished":"2023-02-15T14:36:59+00:00","dateModified":"2026-04-04T21:59:42+00:00","description":"Tandem parapendio a Interlaken con partenza da Beatenberg. La scelta \u00e8 tua: voli di 10 o 25 minuti. Atterri nel centro di Interlaken","breadcrumb":{"@id":"https:\/\/www.swissraft.ch\/it\/prodotto\/tandem-parapendio-interlaken-oberland-bernese\/#breadcrumb"},"inLanguage":"it-IT","potentialAction":[{"@type":"ReadAction","target":["https:\/\/www.swissraft.ch\/it\/prodotto\/tandem-parapendio-interlaken-oberland-bernese\/"]}]},{"@type":"ImageObject","inLanguage":"it-IT","@id":"https:\/\/www.swissraft.ch\/it\/prodotto\/tandem-parapendio-interlaken-oberland-bernese\/#primaryimage","url":"https:\/\/www.swissraft.ch\/wp-content\/uploads\/2023\/02\/1-1-Interlaken-Biplace-776x776-1.jpg","contentUrl":"https:\/\/www.swissraft.ch\/wp-content\/uploads\/2023\/02\/1-1-Interlaken-Biplace-776x776-1.jpg","width":776,"height":776,"caption":"Volo in parapendio tandem da Interlaken"},{"@type":"BreadcrumbList","@id":"https:\/\/www.swissraft.ch\/it\/prodotto\/tandem-parapendio-interlaken-oberland-bernese\/#breadcrumb","itemListElement":[{"@type":"ListItem","position":1,"name":"Accueil","item":"https:\/\/www.swissraft.ch\/it\/"},{"@type":"ListItem","position":2,"name":"Negozio","item":"https:\/\/www.swissraft.ch\/it\/negozio\/"},{"@type":"ListItem","position":3,"name":"Volo tandem in parapendio a Interlaken &#8211; Oberland bernese &#8211; Da CHF 160.00"}]},{"@type":"WebSite","@id":"https:\/\/www.swissraft.ch\/it\/#website","url":"https:\/\/www.swissraft.ch\/it\/","name":"Swissraft","description":"To enjoy nature as it is","publisher":{"@id":"https:\/\/www.swissraft.ch\/it\/#organization"},"potentialAction":[{"@type":"SearchAction","target":{"@type":"EntryPoint","urlTemplate":"https:\/\/www.swissraft.ch\/it\/?s={search_term_string}"},"query-input":{"@type":"PropertyValueSpecification","valueRequired":true,"valueName":"search_term_string"}}],"inLanguage":"it-IT"},{"@type":"Organization","@id":"https:\/\/www.swissraft.ch\/it\/#organization","name":"Swissraft","url":"https:\/\/www.swissraft.ch\/it\/","logo":{"@type":"ImageObject","inLanguage":"it-IT","@id":"https:\/\/www.swissraft.ch\/it\/#\/schema\/logo\/image\/","url":"https:\/\/www.swissraft.ch\/wp-content\/uploads\/2025\/09\/Capture.jpg","contentUrl":"https:\/\/www.swissraft.ch\/wp-content\/uploads\/2025\/09\/Capture.jpg","width":293,"height":108,"caption":"Swissraft"},"image":{"@id":"https:\/\/www.swissraft.ch\/it\/#\/schema\/logo\/image\/"}}]}},"_links":{"self":[{"href":"https:\/\/www.swissraft.ch\/it\/wp-json\/wp\/v2\/product\/92835","targetHints":{"allow":["GET"]}}],"collection":[{"href":"https:\/\/www.swissraft.ch\/it\/wp-json\/wp\/v2\/product"}],"about":[{"href":"https:\/\/www.swissraft.ch\/it\/wp-json\/wp\/v2\/types\/product"}],"replies":[{"embeddable":true,"href":"https:\/\/www.swissraft.ch\/it\/wp-json\/wp\/v2\/comments?post=92835"}],"version-history":[{"count":40,"href":"https:\/\/www.swissraft.ch\/it\/wp-json\/wp\/v2\/product\/92835\/revisions"}],"predecessor-version":[{"id":137290,"href":"https:\/\/www.swissraft.ch\/it\/wp-json\/wp\/v2\/product\/92835\/revisions\/137290"}],"wp:featuredmedia":[{"embeddable":true,"href":"https:\/\/www.swissraft.ch\/it\/wp-json\/wp\/v2\/media\/89927"}],"wp:attachment":[{"href":"https:\/\/www.swissraft.ch\/it\/wp-json\/wp\/v2\/media?parent=92835"}],"wp:term":[{"taxonomy":"product_cat","embeddable":true,"href":"https:\/\/www.swissraft.ch\/it\/wp-json\/wp\/v2\/product_cat?post=92835"},{"taxonomy":"product_tag","embeddable":true,"href":"https:\/\/www.swissraft.ch\/it\/wp-json\/wp\/v2\/product_tag?post=92835"}],"curies":[{"name":"wp","href":"https:\/\/api.w.org\/{rel}","templated":true}]}}