{"id":92830,"date":"2023-02-15T00:22:59","date_gmt":"2023-02-14T23:22:59","guid":{"rendered":"https:\/\/swissraft.xyanzkdne.eu\/product\/volo-in-mongolfiera-da-tessin-volo-in-italia-a-partire-da-chf-280-00\/"},"modified":"2026-04-01T05:25:16","modified_gmt":"2026-04-01T03:25:16","slug":"volo-in-mongolfiera-ticino-volo-in-italia","status":"publish","type":"product","link":"https:\/\/www.swissraft.ch\/it\/prodotto\/volo-in-mongolfiera-ticino-volo-in-italia\/","title":{"rendered":"Volo in mongolfiera da Ticino &#8211; Volo in Italia &#8211; Da CHF 280.00"},"content":{"rendered":"\t\t<div data-elementor-type=\"wp-post\" data-elementor-id=\"92830\" class=\"elementor elementor-92830 elementor-30806\">\n\t\t\t\t\t\t\t\t\t<section class=\"elementor-section elementor-top-section elementor-element elementor-element-3303a7e3 elementor-section-boxed elementor-section-height-default elementor-section-height-default\" data-id=\"3303a7e3\" data-element_type=\"section\">\n\t\t\t\t\t\t<div class=\"elementor-container elementor-column-gap-default\">\n\t\t\t\t\t<div class=\"elementor-column elementor-col-100 elementor-top-column elementor-element elementor-element-16d72dbf\" data-id=\"16d72dbf\" data-element_type=\"column\">\n\t\t\t<div class=\"elementor-widget-wrap elementor-element-populated\">\n\t\t\t\t\t\t\t\t<div class=\"elementor-element elementor-element-d743c03 elementor-widget elementor-widget-text-editor\" data-id=\"d743c03\" data-element_type=\"widget\" data-widget_type=\"text-editor.default\">\n\t\t\t\t<div class=\"elementor-widget-container\">\n\t\t\t\t\t\t\t<h2>SCEGLI LA TUA ATTIVIT\u00c0 QUI SOTTO PER OFFRIRE BUONI REGALO\/BIGLIETTI O EFFETTUARE UNA PRENOTAZIONE<\/h2><table border=\"0\" width=\"580\" cellspacing=\"10\" cellpadding=\"10\"><tbody><tr><td width=\"50%\"><strong>1) VOLO IN MONGOLFIERA &#8211; TICINO &#8211; circa 1,5 a 2 ore<\/strong><\/td><td><strong>CHF 450.00 a persona<span class=\"productPrice\"><br \/><\/span><\/strong><\/td><\/tr><tr><td>Informazioni aggiuntive<\/td><td>&#8211;<span class=\"plbl\"> Prezzo giovani <\/span>: Bambini da 8 a 14 anni : <strong>CHF 200.00<\/strong>\/bambino<br \/>&#8211; Partenza al mattino presto<br \/>&#8211; Sarai con altri passeggeri<\/td><\/tr><tr><td>Localit\u00e0<\/td><td>Lugano<\/td><\/tr><tr><td>Durata del volo<\/td><td>da 1,5 a 2 ore circa<\/td><\/tr><tr><td>Durata totale<\/td><td>circa 4,5 ore<\/td><\/tr><tr><td>Appuntamento<\/td><td>Per telefono<\/td><\/tr><tr><td><button class=\"elementor-button\" type=\"button\"><a href=\"https:\/\/swissraft.outdoorbooking.ch\/fo\/products\/115?base_id=55&amp;category_id=7&amp;order_type=gift_voucher&amp;lang=it\" target=\"_blank\" rel=\"noopener\">ACQUISTO BUONO REGALO \/ BIGLIETTO<\/a><\/button><\/td><td><strong>CHF 450.00 a persona<\/strong><\/td><\/tr><tr><td><button class=\"elementor-button\" type=\"button\"><a href=\"https:\/\/swissraft.outdoorbooking.ch\/fo\/products\/351?base_id=55&amp;category_id=7&amp;order_type=gift_voucher&amp;lang=it\" target=\"_blank\" rel=\"noopener\">ACQUISTO BUONO REGALO \/ BIGLIETTO<\/a><\/button><\/td><td>&#8211; Volo con brunch : <strong>CHF 530.00<\/strong>\/pers.<br \/>&#8211;<span class=\"patt\"><span class=\"plbl\"> Prezzo giovani <\/span>: Bambini da 8 a 14 anni : <strong>CHF 280.00<\/strong>\/bambino<\/span><\/td><\/tr><tr><td><button class=\"elementor-button\" type=\"button\"><a href=\"https:\/\/swissraft.outdoorbooking.ch\/fo\/products\/496?base_id=55&amp;category_id=7&amp;order_type=gift_voucher&amp;lang=it\" target=\"_blank\" rel=\"noopener\">ACQUISTO BUONO REGALO \/ BIGLIETTO<\/a><\/button><\/td><td>&#8211; Volo notturno : <strong>CHF 640.00<\/strong>\/pers.<br \/>&#8211;<span class=\"patt\"><span class=\"plbl\"> Prezzo giovani <\/span>: Bambini da 8 a 14 anni : <strong>CHF 350.00<\/strong>\/bambino<br \/><\/span><\/td><\/tr><tr><td><button class=\"elementor-button\" type=\"button\"><a href=\"https:\/\/swissraft.outdoorbooking.ch\/fo\/products\/497?base_id=55&amp;category_id=7&amp;order_type=gift_voucher&amp;lang=it\" target=\"_blank\" rel=\"noopener\">ACQUISTO BUONO REGALO \/ BIGLIETTO<\/a><\/button><\/td><td>&#8211; Volo con prima colazione a bordo : <strong>CHF 750.00<\/strong>\/pers.<br \/>&#8211;<span class=\"patt\"><span class=\"plbl\"> Prezzo giovani <\/span>: Bambini da 8 a 14 anni : <strong>CHF 400.00<\/strong>\/bambino<\/span><\/td><\/tr><tr><td>\u00a0<\/td><td><strong><em>IMPORTANTE !<\/em><\/strong><br \/><em>Per prenotare, chiamate il numero che si trova in alto a sinistra sul buono regalo \/ biglietto.<\/em><\/td><\/tr><\/tbody><\/table><table border=\"0\" width=\"580\" cellspacing=\"10\" cellpadding=\"10\"><tbody><tr><td width=\"50%\"><strong>2) VOLO IN MONGOLFIERA &#8211; TICINO &#8211; VOLO PRIVATO &#8211; circa 1,5 a 2 ore<\/strong><\/td><td><strong>Da CHF 2&#8217;600.00 per volo privato<span class=\"productPrice\"><br \/><\/span><\/strong><\/td><\/tr><tr><td>Ulteriori informazioni<\/td><td><span class=\"patt\">&#8211; Decollo di prima mattina<br \/><\/span><span class=\"patt\">&#8211; Massimo 5 pers.<br \/><\/span><\/td><\/tr><tr><td>Localit\u00e0<\/td><td>Lugano<\/td><\/tr><tr><td>Durata del volo<\/td><td>da 1,5 a 2 ore circa<\/td><\/tr><tr><td>Durata totale<\/td><td>circa 5 ore<\/td><\/tr><tr><td>Appuntamento<\/td><td>Per telefono<\/td><\/tr><tr><td><button class=\"elementor-button\" type=\"button\"><a href=\"https:\/\/swissraft.outdoorbooking.ch\/fo\/products\/499?base_id=55&amp;category_id=7&amp;order_type=gift_voucher&amp;lang=it\" target=\"_blank\" rel=\"noopener\">ACQUISTO BUONO REGALO \/ BIGLIETTO<\/a><\/button><\/td><td>&#8211; <strong>CHF 2&#8217;600.00 &#8211; volo privato (1-3 pers.)<\/strong><\/td><\/tr><tr><td><button class=\"elementor-button\" type=\"button\"><a href=\"https:\/\/swissraft.outdoorbooking.ch\/fo\/products\/500?base_id=55&amp;category_id=7&amp;order_type=gift_voucher&amp;lang=it\" target=\"_blank\" rel=\"noopener\">ACQUISTO BUONO REGALO \/ BIGLIETTO<\/a><\/button><\/td><td>&#8211; <strong>CHF 3&#8217;100.00 &#8211; volo privato (4-5 pers.)<\/strong><\/td><\/tr><tr><td>\u00a0<\/td><td><strong><em>IMPORTANTE !<\/em><\/strong><br \/><em>Per prenotare, chiamate il numero che si trova in alto a sinistra sul buono regalo \/ biglietto.<\/em><\/td><\/tr><\/tbody><\/table>\t\t\t\t\t\t<\/div>\n\t\t\t\t<\/div>\n\t\t\t\t\t<\/div>\n\t\t<\/div>\n\t\t\t\t\t\t\t<\/div>\n\t\t<\/section>\n\t\t\t\t\t\t\t<\/div>\n\t\t","protected":false},"excerpt":{"rendered":"<div align=\"justify\">\n<h2 align=\"justify\">In viaggio verso la dolce vita. Questo volo in mongolfiera di 1 o 2 ore in Ticino ti porta in Italia.<\/h2>\n<h3>Con un vento moderato da nord, il tuo volo in mongolfiera ti porter\u00e0 oltre il confine con la Lombardia. Colazione a bordo se lo desideri<\/h3>\n<\/div>\n<div align=\"justify\">\n<p>L&#8217;appuntamento \u00e8 fissato e il nostro team ti accoglie il giorno del volo nel luogo concordato. Una volta che la busta \u00e8 a terra, il pilota accende la ventola per gonfiare il pallone. Il pilota prende quindi il controllo dei bruciatori e inizia a farli funzionare per riscaldare l&#8217;aria nell&#8217;involucro. Il Montgolfi\u00e8re si erge orgoglioso a 30 metri sopra la tua testa. Il pilota ti invita a salire a bordo. Poi continua ad azionare i bruciatori per qualche istante. Sei appoggiato al bordo del cestino e improvvisamente vedi il terreno allontanarsi lentamente da te. Effettuiamo anche voli notturni e, se lo desideri, ti serviamo la colazione a bordo. Non dimenticare la tua macchina fotografica!<\/p>\n<h3>La grande flotta di mongolfiere di Swissraft pu\u00f2 trasportare fino a 200 persone per un evento.<\/h3>\n<p id=\"textarea\" style=\"display: none;\">\nEffettuiamo voli in mongolfiera nei cantoni di Lucerna e Zugo. Voliamo anche in mongolfiera nel cantone di Zurigo e in Argovia. Inoltre, voleremo in mongolfiera nell&#8217;Oberland Bernese, pi\u00f9 precisamente nel Saanenland intorno a Gstaad. Ma anche nel cantone di Vaud e nelle Alpi vodesi da Ch\u00e2teau d&#8217;Oex. Partiamo anche dalla regione della Gruy\u00e8re verso Bulle, oltre che dal cantone di Neuch\u00e2tel. Decolliamo anche in mongolfiera nella regione di Basilea Campagna. E nella regione dei Tre Laghi da Murten o Kerzers. Abbiamo anche partenze in mongolfiera nelle Franches Montagnes nel Giura. Ma anche nei cantoni di Soletta e Turgovia, nella Svizzera orientale.\n<\/p>\n<p><a id=\"seeMore\" onclick=\"toggleSeeMore()\" href=\"javascript:void(0);\">Leggi tutto<\/a><\/p>\n","protected":false},"featured_media":88859,"comment_status":"open","ping_status":"closed","template":"","meta":{"inline_featured_image":false,"_mi_skip_tracking":false},"product_cat":[537],"product_tag":[],"class_list":["post-92830","product","type-product","status-publish","has-post-thumbnail","hentry","product_cat-volo-in-mongolfiera"],"yoast_head":"<!-- This site is optimized with the Yoast SEO plugin v23.6 - https:\/\/yoast.com\/wordpress\/plugins\/seo\/ -->\n<title>Volo in Mongolfiera in Ticino. Da 1h30 a 2h di volo per l&#039;Italia<\/title>\n<meta name=\"description\" content=\"Volo in Mongolfiera in Ticino. Un volo di 1h30-2h in Italia, con colazione a bordo se lo desideri. Un volo fantastico fino in Italia\" \/>\n<meta name=\"robots\" content=\"index, follow, max-snippet:-1, max-image-preview:large, max-video-preview:-1\" \/>\n<link rel=\"canonical\" href=\"https:\/\/www.swissraft.ch\/it\/prodotto\/volo-in-mongolfiera-ticino-volo-in-italia\/\" \/>\n<meta property=\"og:locale\" content=\"it_IT\" \/>\n<meta property=\"og:type\" content=\"article\" \/>\n<meta property=\"og:title\" content=\"Volo in Mongolfiera in Ticino. Da 1h30 a 2h di volo per l&#039;Italia\" \/>\n<meta property=\"og:description\" content=\"Volo in Mongolfiera in Ticino. Un volo di 1h30-2h in Italia, con colazione a bordo se lo desideri. Un volo fantastico fino in Italia\" \/>\n<meta property=\"og:url\" content=\"https:\/\/www.swissraft.ch\/it\/prodotto\/volo-in-mongolfiera-ticino-volo-in-italia\/\" \/>\n<meta property=\"og:site_name\" content=\"Swissraft\" \/>\n<meta property=\"article:modified_time\" content=\"2026-04-01T03:25:16+00:00\" \/>\n<meta property=\"og:image\" content=\"https:\/\/www.swissraft.ch\/wp-content\/uploads\/2023\/02\/1-Tessin-776x776-1.jpg\" \/>\n\t<meta property=\"og:image:width\" content=\"776\" \/>\n\t<meta property=\"og:image:height\" content=\"776\" \/>\n\t<meta property=\"og:image:type\" content=\"image\/jpeg\" \/>\n<meta name=\"twitter:card\" content=\"summary_large_image\" \/>\n<meta name=\"twitter:label1\" content=\"Tempo di lettura stimato\" \/>\n\t<meta name=\"twitter:data1\" content=\"2 minuti\" \/>\n<script type=\"application\/ld+json\" class=\"yoast-schema-graph\">{\"@context\":\"https:\/\/schema.org\",\"@graph\":[{\"@type\":\"WebPage\",\"@id\":\"https:\/\/www.swissraft.ch\/it\/prodotto\/volo-in-mongolfiera-ticino-volo-in-italia\/\",\"url\":\"https:\/\/www.swissraft.ch\/it\/prodotto\/volo-in-mongolfiera-ticino-volo-in-italia\/\",\"name\":\"Volo in Mongolfiera in Ticino. Da 1h30 a 2h di volo per l'Italia\",\"isPartOf\":{\"@id\":\"https:\/\/www.swissraft.ch\/it\/#website\"},\"primaryImageOfPage\":{\"@id\":\"https:\/\/www.swissraft.ch\/it\/prodotto\/volo-in-mongolfiera-ticino-volo-in-italia\/#primaryimage\"},\"image\":{\"@id\":\"https:\/\/www.swissraft.ch\/it\/prodotto\/volo-in-mongolfiera-ticino-volo-in-italia\/#primaryimage\"},\"thumbnailUrl\":\"https:\/\/www.swissraft.ch\/wp-content\/uploads\/2023\/02\/1-Tessin-776x776-1.jpg\",\"datePublished\":\"2023-02-14T23:22:59+00:00\",\"dateModified\":\"2026-04-01T03:25:16+00:00\",\"description\":\"Volo in Mongolfiera in Ticino. Un volo di 1h30-2h in Italia, con colazione a bordo se lo desideri. Un volo fantastico fino in Italia\",\"breadcrumb\":{\"@id\":\"https:\/\/www.swissraft.ch\/it\/prodotto\/volo-in-mongolfiera-ticino-volo-in-italia\/#breadcrumb\"},\"inLanguage\":\"it-IT\",\"potentialAction\":[{\"@type\":\"ReadAction\",\"target\":[\"https:\/\/www.swissraft.ch\/it\/prodotto\/volo-in-mongolfiera-ticino-volo-in-italia\/\"]}]},{\"@type\":\"ImageObject\",\"inLanguage\":\"it-IT\",\"@id\":\"https:\/\/www.swissraft.ch\/it\/prodotto\/volo-in-mongolfiera-ticino-volo-in-italia\/#primaryimage\",\"url\":\"https:\/\/www.swissraft.ch\/wp-content\/uploads\/2023\/02\/1-Tessin-776x776-1.jpg\",\"contentUrl\":\"https:\/\/www.swissraft.ch\/wp-content\/uploads\/2023\/02\/1-Tessin-776x776-1.jpg\",\"width\":776,\"height\":776,\"caption\":\"Mongolfiere in Ticino\"},{\"@type\":\"BreadcrumbList\",\"@id\":\"https:\/\/www.swissraft.ch\/it\/prodotto\/volo-in-mongolfiera-ticino-volo-in-italia\/#breadcrumb\",\"itemListElement\":[{\"@type\":\"ListItem\",\"position\":1,\"name\":\"Accueil\",\"item\":\"https:\/\/www.swissraft.ch\/it\/\"},{\"@type\":\"ListItem\",\"position\":2,\"name\":\"Negozio\",\"item\":\"https:\/\/www.swissraft.ch\/it\/negozio\/\"},{\"@type\":\"ListItem\",\"position\":3,\"name\":\"Volo in mongolfiera da Ticino &#8211; Volo in Italia &#8211; Da CHF 280.00\"}]},{\"@type\":\"WebSite\",\"@id\":\"https:\/\/www.swissraft.ch\/it\/#website\",\"url\":\"https:\/\/www.swissraft.ch\/it\/\",\"name\":\"Swissraft\",\"description\":\"To enjoy nature as it is\",\"publisher\":{\"@id\":\"https:\/\/www.swissraft.ch\/it\/#organization\"},\"potentialAction\":[{\"@type\":\"SearchAction\",\"target\":{\"@type\":\"EntryPoint\",\"urlTemplate\":\"https:\/\/www.swissraft.ch\/it\/?s={search_term_string}\"},\"query-input\":{\"@type\":\"PropertyValueSpecification\",\"valueRequired\":true,\"valueName\":\"search_term_string\"}}],\"inLanguage\":\"it-IT\"},{\"@type\":\"Organization\",\"@id\":\"https:\/\/www.swissraft.ch\/it\/#organization\",\"name\":\"Swissraft\",\"url\":\"https:\/\/www.swissraft.ch\/it\/\",\"logo\":{\"@type\":\"ImageObject\",\"inLanguage\":\"it-IT\",\"@id\":\"https:\/\/www.swissraft.ch\/it\/#\/schema\/logo\/image\/\",\"url\":\"https:\/\/www.swissraft.ch\/wp-content\/uploads\/2025\/09\/Capture.jpg\",\"contentUrl\":\"https:\/\/www.swissraft.ch\/wp-content\/uploads\/2025\/09\/Capture.jpg\",\"width\":293,\"height\":108,\"caption\":\"Swissraft\"},\"image\":{\"@id\":\"https:\/\/www.swissraft.ch\/it\/#\/schema\/logo\/image\/\"}}]}<\/script>\n<!-- \/ Yoast SEO plugin. -->","yoast_head_json":{"title":"Volo in Mongolfiera in Ticino. Da 1h30 a 2h di volo per l'Italia","description":"Volo in Mongolfiera in Ticino. Un volo di 1h30-2h in Italia, con colazione a bordo se lo desideri. Un volo fantastico fino in Italia","robots":{"index":"index","follow":"follow","max-snippet":"max-snippet:-1","max-image-preview":"max-image-preview:large","max-video-preview":"max-video-preview:-1"},"canonical":"https:\/\/www.swissraft.ch\/it\/prodotto\/volo-in-mongolfiera-ticino-volo-in-italia\/","og_locale":"it_IT","og_type":"article","og_title":"Volo in Mongolfiera in Ticino. Da 1h30 a 2h di volo per l'Italia","og_description":"Volo in Mongolfiera in Ticino. Un volo di 1h30-2h in Italia, con colazione a bordo se lo desideri. Un volo fantastico fino in Italia","og_url":"https:\/\/www.swissraft.ch\/it\/prodotto\/volo-in-mongolfiera-ticino-volo-in-italia\/","og_site_name":"Swissraft","article_modified_time":"2026-04-01T03:25:16+00:00","og_image":[{"width":776,"height":776,"url":"https:\/\/www.swissraft.ch\/wp-content\/uploads\/2023\/02\/1-Tessin-776x776-1.jpg","type":"image\/jpeg"}],"twitter_card":"summary_large_image","twitter_misc":{"Tempo di lettura stimato":"2 minuti"},"schema":{"@context":"https:\/\/schema.org","@graph":[{"@type":"WebPage","@id":"https:\/\/www.swissraft.ch\/it\/prodotto\/volo-in-mongolfiera-ticino-volo-in-italia\/","url":"https:\/\/www.swissraft.ch\/it\/prodotto\/volo-in-mongolfiera-ticino-volo-in-italia\/","name":"Volo in Mongolfiera in Ticino. Da 1h30 a 2h di volo per l'Italia","isPartOf":{"@id":"https:\/\/www.swissraft.ch\/it\/#website"},"primaryImageOfPage":{"@id":"https:\/\/www.swissraft.ch\/it\/prodotto\/volo-in-mongolfiera-ticino-volo-in-italia\/#primaryimage"},"image":{"@id":"https:\/\/www.swissraft.ch\/it\/prodotto\/volo-in-mongolfiera-ticino-volo-in-italia\/#primaryimage"},"thumbnailUrl":"https:\/\/www.swissraft.ch\/wp-content\/uploads\/2023\/02\/1-Tessin-776x776-1.jpg","datePublished":"2023-02-14T23:22:59+00:00","dateModified":"2026-04-01T03:25:16+00:00","description":"Volo in Mongolfiera in Ticino. Un volo di 1h30-2h in Italia, con colazione a bordo se lo desideri. Un volo fantastico fino in Italia","breadcrumb":{"@id":"https:\/\/www.swissraft.ch\/it\/prodotto\/volo-in-mongolfiera-ticino-volo-in-italia\/#breadcrumb"},"inLanguage":"it-IT","potentialAction":[{"@type":"ReadAction","target":["https:\/\/www.swissraft.ch\/it\/prodotto\/volo-in-mongolfiera-ticino-volo-in-italia\/"]}]},{"@type":"ImageObject","inLanguage":"it-IT","@id":"https:\/\/www.swissraft.ch\/it\/prodotto\/volo-in-mongolfiera-ticino-volo-in-italia\/#primaryimage","url":"https:\/\/www.swissraft.ch\/wp-content\/uploads\/2023\/02\/1-Tessin-776x776-1.jpg","contentUrl":"https:\/\/www.swissraft.ch\/wp-content\/uploads\/2023\/02\/1-Tessin-776x776-1.jpg","width":776,"height":776,"caption":"Mongolfiere in Ticino"},{"@type":"BreadcrumbList","@id":"https:\/\/www.swissraft.ch\/it\/prodotto\/volo-in-mongolfiera-ticino-volo-in-italia\/#breadcrumb","itemListElement":[{"@type":"ListItem","position":1,"name":"Accueil","item":"https:\/\/www.swissraft.ch\/it\/"},{"@type":"ListItem","position":2,"name":"Negozio","item":"https:\/\/www.swissraft.ch\/it\/negozio\/"},{"@type":"ListItem","position":3,"name":"Volo in mongolfiera da Ticino &#8211; Volo in Italia &#8211; Da CHF 280.00"}]},{"@type":"WebSite","@id":"https:\/\/www.swissraft.ch\/it\/#website","url":"https:\/\/www.swissraft.ch\/it\/","name":"Swissraft","description":"To enjoy nature as it is","publisher":{"@id":"https:\/\/www.swissraft.ch\/it\/#organization"},"potentialAction":[{"@type":"SearchAction","target":{"@type":"EntryPoint","urlTemplate":"https:\/\/www.swissraft.ch\/it\/?s={search_term_string}"},"query-input":{"@type":"PropertyValueSpecification","valueRequired":true,"valueName":"search_term_string"}}],"inLanguage":"it-IT"},{"@type":"Organization","@id":"https:\/\/www.swissraft.ch\/it\/#organization","name":"Swissraft","url":"https:\/\/www.swissraft.ch\/it\/","logo":{"@type":"ImageObject","inLanguage":"it-IT","@id":"https:\/\/www.swissraft.ch\/it\/#\/schema\/logo\/image\/","url":"https:\/\/www.swissraft.ch\/wp-content\/uploads\/2025\/09\/Capture.jpg","contentUrl":"https:\/\/www.swissraft.ch\/wp-content\/uploads\/2025\/09\/Capture.jpg","width":293,"height":108,"caption":"Swissraft"},"image":{"@id":"https:\/\/www.swissraft.ch\/it\/#\/schema\/logo\/image\/"}}]}},"_links":{"self":[{"href":"https:\/\/www.swissraft.ch\/it\/wp-json\/wp\/v2\/product\/92830","targetHints":{"allow":["GET"]}}],"collection":[{"href":"https:\/\/www.swissraft.ch\/it\/wp-json\/wp\/v2\/product"}],"about":[{"href":"https:\/\/www.swissraft.ch\/it\/wp-json\/wp\/v2\/types\/product"}],"replies":[{"embeddable":true,"href":"https:\/\/www.swissraft.ch\/it\/wp-json\/wp\/v2\/comments?post=92830"}],"version-history":[{"count":28,"href":"https:\/\/www.swissraft.ch\/it\/wp-json\/wp\/v2\/product\/92830\/revisions"}],"predecessor-version":[{"id":135779,"href":"https:\/\/www.swissraft.ch\/it\/wp-json\/wp\/v2\/product\/92830\/revisions\/135779"}],"wp:featuredmedia":[{"embeddable":true,"href":"https:\/\/www.swissraft.ch\/it\/wp-json\/wp\/v2\/media\/88859"}],"wp:attachment":[{"href":"https:\/\/www.swissraft.ch\/it\/wp-json\/wp\/v2\/media?parent=92830"}],"wp:term":[{"taxonomy":"product_cat","embeddable":true,"href":"https:\/\/www.swissraft.ch\/it\/wp-json\/wp\/v2\/product_cat?post=92830"},{"taxonomy":"product_tag","embeddable":true,"href":"https:\/\/www.swissraft.ch\/it\/wp-json\/wp\/v2\/product_tag?post=92830"}],"curies":[{"name":"wp","href":"https:\/\/api.w.org\/{rel}","templated":true}]}}