{"id":92814,"date":"2023-02-14T23:52:12","date_gmt":"2023-02-14T22:52:12","guid":{"rendered":"https:\/\/swissraft.xyanzkdne.eu\/product\/volo-in-mongolfiera-nel-cantone-di-soleure-visione-della-regione-di-soleure-da-chf-270-00\/"},"modified":"2026-04-01T04:57:29","modified_gmt":"2026-04-01T02:57:29","slug":"volo-in-mongolfiera-nel-cantone-di-soleure-visione-della-regione-di-soleure-da-chf-270-00","status":"publish","type":"product","link":"https:\/\/www.swissraft.ch\/it\/prodotto\/volo-in-mongolfiera-nel-cantone-di-soleure-visione-della-regione-di-soleure-da-chf-270-00\/","title":{"rendered":"Volo in mongolfiera nel cantone di Soletta &#8211; Volo sopra la regione di Soletta &#8211; Da CHF 270.00"},"content":{"rendered":"\t\t<div data-elementor-type=\"wp-post\" data-elementor-id=\"92814\" class=\"elementor elementor-92814 elementor-30794\">\n\t\t\t\t\t\t\t\t\t<section class=\"elementor-section elementor-top-section elementor-element elementor-element-3303a7e3 elementor-section-boxed elementor-section-height-default elementor-section-height-default\" data-id=\"3303a7e3\" data-element_type=\"section\">\n\t\t\t\t\t\t<div class=\"elementor-container elementor-column-gap-default\">\n\t\t\t\t\t<div class=\"elementor-column elementor-col-100 elementor-top-column elementor-element elementor-element-16d72dbf\" data-id=\"16d72dbf\" data-element_type=\"column\">\n\t\t\t<div class=\"elementor-widget-wrap elementor-element-populated\">\n\t\t\t\t\t\t\t\t<div class=\"elementor-element elementor-element-d743c03 elementor-widget elementor-widget-text-editor\" data-id=\"d743c03\" data-element_type=\"widget\" data-widget_type=\"text-editor.default\">\n\t\t\t\t<div class=\"elementor-widget-container\">\n\t\t\t\t\t\t\t<h2>SCEGLI LA TUA ATTIVIT\u00c0 QUI SOTTO PER OFFRIRE BUONI REGALO\/BIGLIETTI O EFFETTUARE UNA PRENOTAZIONE<\/h2><table border=\"0\" width=\"580\" cellspacing=\"10\" cellpadding=\"10\"><tbody><tr><td width=\"50%\"><strong>1) VOLO IN MONGOLFIERA &#8211; SOLETTA &#8211; circa 1,5 a 2 ore<\/strong><\/td><td><strong>CHF 420.00 a persona<span class=\"productPrice\"><br \/><\/span><\/strong><\/td><\/tr><tr><td>Informazioni aggiuntive<\/td><td>&#8211;<span class=\"plbl\"> Prezzo giovani <\/span>: <span class=\"patt\">Bambini da 7 a 12 anni : <strong>CHF 270.00<\/strong>\/pers.<br \/>&#8211; Partenza al mattino o nel tardo pomeriggio<br \/>&#8211; Sarai con altri passeggeri<\/span><\/td><\/tr><tr><td>Localit\u00e0<\/td><td>&#8211; Soletta<br \/>&#8211; Egerkingen ecc.<\/td><\/tr><tr><td>Durata del volo<\/td><td>da 1,5 a 2 ore circa<\/td><\/tr><tr><td>Durata totale<\/td><td>circa 4 ore<\/td><\/tr><tr><td>Appuntamento<\/td><td>Per telefono<\/td><\/tr><tr><td><button class=\"elementor-button\" type=\"button\"><a href=\"https:\/\/swissraft.outdoorbooking.ch\/fo\/products\/1227?base_id=51&amp;category_id=7&amp;order_type=gift_voucher&amp;lang=it\" target=\"_blank\" rel=\"noopener\">ACQUISTO BUONO REGALO \/ BIGLIETTO<\/a><\/button><\/td><td><strong>CHF 420.00 &#8211; 1 pers.<\/strong><\/td><\/tr><tr><td><button class=\"elementor-button\" type=\"button\"><a href=\"https:\/\/swissraft.outdoorbooking.ch\/fo\/products\/1228?base_id=51&amp;category_id=7&amp;order_type=gift_voucher&amp;lang=it\" target=\"_blank\" rel=\"noopener\">ACQUISTO BUONO REGALO \/ BIGLIETTO<\/a><\/button><\/td><td><strong>CHF 800,00 &#8211; 2 pers.<\/strong><\/td><\/tr><tr><td><button class=\"elementor-button\" type=\"button\"><a href=\"https:\/\/swissraft.outdoorbooking.ch\/fo\/products\/1229?base_id=51&amp;category_id=7&amp;order_type=gift_voucher&amp;lang=it\" target=\"_blank\" rel=\"noopener\">ACQUISTO BUONO REGALO \/ BIGLIETTO<\/a><\/button><\/td><td><strong>CHF 1&#8217;200.00 &#8211; 3 pers.<\/strong><\/td><\/tr><tr><td><button class=\"elementor-button\" type=\"button\"><a href=\"https:\/\/swissraft.outdoorbooking.ch\/fo\/products\/1230?base_id=51&amp;category_id=7&amp;order_type=gift_voucher&amp;lang=it\" target=\"_blank\" rel=\"noopener\">ACQUISTO BUONO REGALO \/ BIGLIETTO<\/a><\/button><\/td><td><strong>CHF 1&#8217;600.00 &#8211; 4 pers.<\/strong><\/td><\/tr><tr><td><button class=\"elementor-button\" type=\"button\"><a href=\"https:\/\/swissraft.outdoorbooking.ch\/fo\/products\/1231?base_id=51&amp;category_id=7&amp;order_type=gift_voucher&amp;lang=it\" target=\"_blank\" rel=\"noopener\">ACQUISTO BUONO REGALO \/ BIGLIETTO<\/a><\/button><\/td><td><strong>CHF 1&#8217;900.00 &#8211; 5 pers.<\/strong><\/td><\/tr><tr><td>\u00a0<\/td><td><strong><em>IMPORTANTE !<\/em><\/strong><br \/><em>Per prenotare, chiamate il numero che si trova in alto a sinistra sul buono regalo \/ biglietto.<\/em><\/td><\/tr><\/tbody><\/table><table border=\"0\" width=\"580\" cellspacing=\"10\" cellpadding=\"10\"><tbody><tr><td width=\"50%\"><strong>2) VOLO IN MONGOLFIERA &#8211; SOLETTA &#8211; VOLO PRIVATO &#8211; circa 1,5 a 2 ore<\/strong><\/td><td><strong>CHF 1&#8217;700.00 per 2 pers. &#8211; Volo privato <span class=\"productPrice\"><br \/><\/span><\/strong><\/td><\/tr><tr><td>Informazioni aggiuntive<\/td><td>&#8211; <span class=\"patt\"> Decollo al mattino presto o nel tardo pomeriggio<br \/><\/span>&#8211; Mongolfiera privata<br \/>&#8211; Per pi\u00f9 di 11 pers. : <span class=\"patt\"><span class=\"patt\" style=\"font-family: inherit; font-size: inherit;\"><span class=\"plbl\"><a href=\"https:\/\/www.swissraft.ch\/it\/contattaci\/\">contattaci<\/a><\/span><\/span><\/span><\/td><\/tr><tr><td>Localit\u00e0<\/td><td>&#8211; Soletta<br \/>&#8211; Egerkingen ecc.<\/td><\/tr><tr><td>Durata del volo<\/td><td>da 1h30 a 2h circa<\/td><\/tr><tr><td>Durata totale<\/td><td>circa 4 ore<\/td><\/tr><tr><td>Appuntamento<\/td><td>Per telefono<\/td><\/tr><tr><td><button class=\"elementor-button\" type=\"button\"><a href=\"https:\/\/swissraft.outdoorbooking.ch\/fo\/products\/1232?base_id=51&amp;category_id=7&amp;order_type=gift_voucher&amp;lang=it\" target=\"_blank\" rel=\"noopener\">ACQUISTO BUONO REGALO \/ BIGLIETTO<\/a><\/button><\/td><td><strong>CHF 1&#8217;700.00 &#8211; volo privato (2 pers.)<\/strong><\/td><\/tr><tr><td><button class=\"elementor-button\" type=\"button\"><a href=\"https:\/\/swissraft.outdoorbooking.ch\/fo\/products\/1233?base_id=51&amp;category_id=7&amp;order_type=gift_voucher&amp;lang=it\" target=\"_blank\" rel=\"noopener\">ACQUISTO BUONO REGALO \/ BIGLIETTO<\/a><\/button><\/td><td><strong>CHF 2.000,00 &#8211; volo privato (3-4 pers.)<\/strong><\/td><\/tr><tr><td><button class=\"elementor-button\" type=\"button\"><a href=\"https:\/\/swissraft.outdoorbooking.ch\/fo\/products\/1234?base_id=51&amp;category_id=7&amp;order_type=gift_voucher&amp;lang=it\" target=\"_blank\" rel=\"noopener\">ACQUISTO BUONO REGALO \/ BIGLIETTO<\/a><\/button><\/td><td><strong>CHF 2&#8217;400.00 &#8211; volo privato (5-6 pers.)<\/strong><\/td><\/tr><tr><td><button class=\"elementor-button\" type=\"button\"><a href=\"https:\/\/swissraft.outdoorbooking.ch\/fo\/products\/1235?base_id=51&amp;category_id=7&amp;order_type=gift_voucher&amp;lang=it\" target=\"_blank\" rel=\"noopener\">ACQUISTO BUONO REGALO \/ BIGLIETTO<\/a><\/button><\/td><td><strong>CHF 2&#8217;900.00 &#8211; volo privato (7-8 pers.)<\/strong><\/td><\/tr><tr><td><button class=\"elementor-button\" type=\"button\"><a href=\"https:\/\/swissraft.outdoorbooking.ch\/fo\/products\/1236?base_id=51&amp;category_id=7&amp;order_type=gift_voucher&amp;lang=it\" target=\"_blank\" rel=\"noopener\">ACQUISTO BUONO REGALO \/ BIGLIETTO<\/a><\/button><\/td><td><strong>CHF 3&#8217;400.00 &#8211; volo privato (9-10 pers.)<\/strong><\/td><\/tr><tr><td><button class=\"elementor-button\" type=\"button\"><a href=\"https:\/\/swissraft.outdoorbooking.ch\/fo\/products\/1237?base_id=51&amp;category_id=7&amp;order_type=gift_voucher&amp;lang=it\" target=\"_blank\" rel=\"noopener\">ACQUISTO BUONO REGALO \/ BIGLIETTO<\/a><\/button><\/td><td><strong>CHF 3&#8217;700.00 &#8211; volo privato (11 pers.)<\/strong><\/td><\/tr><tr><td>\u00a0<\/td><td><strong><em>IMPORTANTE !<\/em><\/strong><br \/><em>Per prenotare, chiamate il numero che si trova in alto a sinistra sul buono regalo \/ biglietto.<\/em><\/td><\/tr><\/tbody><\/table>\t\t\t\t\t\t<\/div>\n\t\t\t\t<\/div>\n\t\t\t\t\t<\/div>\n\t\t<\/div>\n\t\t\t\t\t\t\t<\/div>\n\t\t<\/section>\n\t\t\t\t\t\t\t<\/div>\n\t\t","protected":false},"excerpt":{"rendered":"<div align=\"justify\">\n<h2 align=\"justify\">Un volo in mongolfiera di due ore nel Cantone di Soletta<\/h2>\n<h3>Si vola tra la regione dei 3 laghi a sud-ovest, Basilea a nord, Zurigo a est e Berna a sud. Relativamente pianeggiante, ci troviamo sull&#8217;altopiano svizzero, noto anche come Paese di Mezzo. <\/h3>\n<\/div>\n<div align=\"justify\">\n<p>Abbiamo bisogno del coinvolgimento di tutti. Per prima cosa aiuta a scaricare l&#8217;attrezzatura e a stendere il pallone a terra. Il pilota attiva la ventola per inviare l&#8217;aria fredda nell&#8217;involucro. Poi passa ai comandi del bruciatore per iniziare a riscaldare l&#8217;aria all&#8217;interno dell&#8217;involucro. La palla si raddrizza lentamente fino a diventare completamente verticale. Sono tutti d&#8217;accordo? Il pilota effettua un controllo finale e accende i bruciatori per qualche istante per riscaldare l&#8217;aria a circa 80 gradi. Si parte! La gondola si stacca lentamente dal suolo e inizia la salita. I raggi del sole appaiono e accarezzano il tuo viso. Un volo in mongolfiera \u00e8 un&#8217;avventura molto speciale, un invito alla calma e, perch\u00e9 no, alla meditazione. Condividi questa mezza giornata speciale con i tuoi amici e familiari portando con te una macchina fotografica.<\/p>\n<h3>La pluriennale esperienza di Swissraft nel settore aeronautico ti garantisce attivit\u00e0 di volo sicure.<\/h3>\n<p id=\"textarea\" style=\"display: none;\">\nPartiamo dalla Svizzera orientale nei cantoni di St. Moritz e St. San Gallo e Turgovia. Ma anche nel Pays d&#8217;Enhaut, nel cantone di Vaud, partendo da Ch\u00e2teau d&#8217;Oex. Offriamo anche voli in mongolfiera nell&#8217;Oberland Bernese. Decolliamo anche nell&#8217;area di Basilea e nel cantone di Basilea Campagna. Offriamo anche voli in mongolfiera in Argovia e nei dintorni di Zurigo. Pi\u00f9 a ovest, offriamo voli in mongolfiera nella regione dei Tre Laghi. Ci sono stati furti anche nei cantoni di Neuch\u00e2tel, Lucerna e Zugo. Abbiamo anche partenze in mongolfiera a Gruy\u00e8re, nel cantone di Friburgo, e nelle Franches Montagnes.<br \/>\nInoltre, offriamo voli in mongolfiera in Ticino, con partenza da Lugano e dintorni.\n<\/p>\n<p><a id=\"seeMore\" onclick=\"toggleSeeMore()\" href=\"javascript:void(0);\">Leggi tutto<\/a><\/p>\n","protected":false},"featured_media":88823,"comment_status":"open","ping_status":"closed","template":"","meta":{"inline_featured_image":false,"_mi_skip_tracking":false},"product_cat":[537],"product_tag":[],"class_list":["post-92814","product","type-product","status-publish","has-post-thumbnail","hentry","product_cat-volo-in-mongolfiera"],"yoast_head":"<!-- This site is optimized with the Yoast SEO plugin v23.6 - https:\/\/yoast.com\/wordpress\/plugins\/seo\/ -->\n<title>Volo in mongolfiera a Soletta. Un volo in mongolfiera di due ore<\/title>\n<meta name=\"description\" content=\"Volo in mongolfiera a Soletta e dintorni. Un volo di circa due ore nel cantone di Soletta. Questo volo ti lascer\u00e0 ottimi ricordi.\" \/>\n<meta name=\"robots\" content=\"index, follow, max-snippet:-1, max-image-preview:large, max-video-preview:-1\" \/>\n<link rel=\"canonical\" href=\"https:\/\/www.swissraft.ch\/it\/prodotto\/volo-in-mongolfiera-nel-cantone-di-soleure-visione-della-regione-di-soleure-da-chf-270-00\/\" \/>\n<meta property=\"og:locale\" content=\"it_IT\" \/>\n<meta property=\"og:type\" content=\"article\" \/>\n<meta property=\"og:title\" content=\"Volo in mongolfiera a Soletta. Un volo in mongolfiera di due ore\" \/>\n<meta property=\"og:description\" content=\"Volo in mongolfiera a Soletta e dintorni. Un volo di circa due ore nel cantone di Soletta. Questo volo ti lascer\u00e0 ottimi ricordi.\" \/>\n<meta property=\"og:url\" content=\"https:\/\/www.swissraft.ch\/it\/prodotto\/volo-in-mongolfiera-nel-cantone-di-soleure-visione-della-regione-di-soleure-da-chf-270-00\/\" \/>\n<meta property=\"og:site_name\" content=\"Swissraft\" \/>\n<meta property=\"article:modified_time\" content=\"2026-04-01T02:57:29+00:00\" \/>\n<meta property=\"og:image\" content=\"https:\/\/www.swissraft.ch\/wp-content\/uploads\/2023\/02\/1-Solothurn-776x776-1.jpg\" \/>\n\t<meta property=\"og:image:width\" content=\"776\" \/>\n\t<meta property=\"og:image:height\" content=\"776\" \/>\n\t<meta property=\"og:image:type\" content=\"image\/jpeg\" \/>\n<meta name=\"twitter:card\" content=\"summary_large_image\" \/>\n<meta name=\"twitter:label1\" content=\"Tempo di lettura stimato\" \/>\n\t<meta name=\"twitter:data1\" content=\"2 minuti\" \/>\n<script type=\"application\/ld+json\" class=\"yoast-schema-graph\">{\"@context\":\"https:\/\/schema.org\",\"@graph\":[{\"@type\":\"WebPage\",\"@id\":\"https:\/\/www.swissraft.ch\/it\/prodotto\/volo-in-mongolfiera-nel-cantone-di-soleure-visione-della-regione-di-soleure-da-chf-270-00\/\",\"url\":\"https:\/\/www.swissraft.ch\/it\/prodotto\/volo-in-mongolfiera-nel-cantone-di-soleure-visione-della-regione-di-soleure-da-chf-270-00\/\",\"name\":\"Volo in mongolfiera a Soletta. Un volo in mongolfiera di due ore\",\"isPartOf\":{\"@id\":\"https:\/\/www.swissraft.ch\/it\/#website\"},\"primaryImageOfPage\":{\"@id\":\"https:\/\/www.swissraft.ch\/it\/prodotto\/volo-in-mongolfiera-nel-cantone-di-soleure-visione-della-regione-di-soleure-da-chf-270-00\/#primaryimage\"},\"image\":{\"@id\":\"https:\/\/www.swissraft.ch\/it\/prodotto\/volo-in-mongolfiera-nel-cantone-di-soleure-visione-della-regione-di-soleure-da-chf-270-00\/#primaryimage\"},\"thumbnailUrl\":\"https:\/\/www.swissraft.ch\/wp-content\/uploads\/2023\/02\/1-Solothurn-776x776-1.jpg\",\"datePublished\":\"2023-02-14T22:52:12+00:00\",\"dateModified\":\"2026-04-01T02:57:29+00:00\",\"description\":\"Volo in mongolfiera a Soletta e dintorni. Un volo di circa due ore nel cantone di Soletta. Questo volo ti lascer\u00e0 ottimi ricordi.\",\"breadcrumb\":{\"@id\":\"https:\/\/www.swissraft.ch\/it\/prodotto\/volo-in-mongolfiera-nel-cantone-di-soleure-visione-della-regione-di-soleure-da-chf-270-00\/#breadcrumb\"},\"inLanguage\":\"it-IT\",\"potentialAction\":[{\"@type\":\"ReadAction\",\"target\":[\"https:\/\/www.swissraft.ch\/it\/prodotto\/volo-in-mongolfiera-nel-cantone-di-soleure-visione-della-regione-di-soleure-da-chf-270-00\/\"]}]},{\"@type\":\"ImageObject\",\"inLanguage\":\"it-IT\",\"@id\":\"https:\/\/www.swissraft.ch\/it\/prodotto\/volo-in-mongolfiera-nel-cantone-di-soleure-visione-della-regione-di-soleure-da-chf-270-00\/#primaryimage\",\"url\":\"https:\/\/www.swissraft.ch\/wp-content\/uploads\/2023\/02\/1-Solothurn-776x776-1.jpg\",\"contentUrl\":\"https:\/\/www.swissraft.ch\/wp-content\/uploads\/2023\/02\/1-Solothurn-776x776-1.jpg\",\"width\":776,\"height\":776,\"caption\":\"Volo in mongolfiera nel Cantone di Soletta\"},{\"@type\":\"BreadcrumbList\",\"@id\":\"https:\/\/www.swissraft.ch\/it\/prodotto\/volo-in-mongolfiera-nel-cantone-di-soleure-visione-della-regione-di-soleure-da-chf-270-00\/#breadcrumb\",\"itemListElement\":[{\"@type\":\"ListItem\",\"position\":1,\"name\":\"Accueil\",\"item\":\"https:\/\/www.swissraft.ch\/it\/\"},{\"@type\":\"ListItem\",\"position\":2,\"name\":\"Negozio\",\"item\":\"https:\/\/www.swissraft.ch\/it\/negozio\/\"},{\"@type\":\"ListItem\",\"position\":3,\"name\":\"Volo in mongolfiera nel cantone di Soletta &#8211; Volo sopra la regione di Soletta &#8211; Da CHF 270.00\"}]},{\"@type\":\"WebSite\",\"@id\":\"https:\/\/www.swissraft.ch\/it\/#website\",\"url\":\"https:\/\/www.swissraft.ch\/it\/\",\"name\":\"Swissraft\",\"description\":\"To enjoy nature as it is\",\"publisher\":{\"@id\":\"https:\/\/www.swissraft.ch\/it\/#organization\"},\"potentialAction\":[{\"@type\":\"SearchAction\",\"target\":{\"@type\":\"EntryPoint\",\"urlTemplate\":\"https:\/\/www.swissraft.ch\/it\/?s={search_term_string}\"},\"query-input\":{\"@type\":\"PropertyValueSpecification\",\"valueRequired\":true,\"valueName\":\"search_term_string\"}}],\"inLanguage\":\"it-IT\"},{\"@type\":\"Organization\",\"@id\":\"https:\/\/www.swissraft.ch\/it\/#organization\",\"name\":\"Swissraft\",\"url\":\"https:\/\/www.swissraft.ch\/it\/\",\"logo\":{\"@type\":\"ImageObject\",\"inLanguage\":\"it-IT\",\"@id\":\"https:\/\/www.swissraft.ch\/it\/#\/schema\/logo\/image\/\",\"url\":\"https:\/\/www.swissraft.ch\/wp-content\/uploads\/2025\/09\/Capture.jpg\",\"contentUrl\":\"https:\/\/www.swissraft.ch\/wp-content\/uploads\/2025\/09\/Capture.jpg\",\"width\":293,\"height\":108,\"caption\":\"Swissraft\"},\"image\":{\"@id\":\"https:\/\/www.swissraft.ch\/it\/#\/schema\/logo\/image\/\"}}]}<\/script>\n<!-- \/ Yoast SEO plugin. -->","yoast_head_json":{"title":"Volo in mongolfiera a Soletta. Un volo in mongolfiera di due ore","description":"Volo in mongolfiera a Soletta e dintorni. Un volo di circa due ore nel cantone di Soletta. Questo volo ti lascer\u00e0 ottimi ricordi.","robots":{"index":"index","follow":"follow","max-snippet":"max-snippet:-1","max-image-preview":"max-image-preview:large","max-video-preview":"max-video-preview:-1"},"canonical":"https:\/\/www.swissraft.ch\/it\/prodotto\/volo-in-mongolfiera-nel-cantone-di-soleure-visione-della-regione-di-soleure-da-chf-270-00\/","og_locale":"it_IT","og_type":"article","og_title":"Volo in mongolfiera a Soletta. Un volo in mongolfiera di due ore","og_description":"Volo in mongolfiera a Soletta e dintorni. Un volo di circa due ore nel cantone di Soletta. Questo volo ti lascer\u00e0 ottimi ricordi.","og_url":"https:\/\/www.swissraft.ch\/it\/prodotto\/volo-in-mongolfiera-nel-cantone-di-soleure-visione-della-regione-di-soleure-da-chf-270-00\/","og_site_name":"Swissraft","article_modified_time":"2026-04-01T02:57:29+00:00","og_image":[{"width":776,"height":776,"url":"https:\/\/www.swissraft.ch\/wp-content\/uploads\/2023\/02\/1-Solothurn-776x776-1.jpg","type":"image\/jpeg"}],"twitter_card":"summary_large_image","twitter_misc":{"Tempo di lettura stimato":"2 minuti"},"schema":{"@context":"https:\/\/schema.org","@graph":[{"@type":"WebPage","@id":"https:\/\/www.swissraft.ch\/it\/prodotto\/volo-in-mongolfiera-nel-cantone-di-soleure-visione-della-regione-di-soleure-da-chf-270-00\/","url":"https:\/\/www.swissraft.ch\/it\/prodotto\/volo-in-mongolfiera-nel-cantone-di-soleure-visione-della-regione-di-soleure-da-chf-270-00\/","name":"Volo in mongolfiera a Soletta. Un volo in mongolfiera di due ore","isPartOf":{"@id":"https:\/\/www.swissraft.ch\/it\/#website"},"primaryImageOfPage":{"@id":"https:\/\/www.swissraft.ch\/it\/prodotto\/volo-in-mongolfiera-nel-cantone-di-soleure-visione-della-regione-di-soleure-da-chf-270-00\/#primaryimage"},"image":{"@id":"https:\/\/www.swissraft.ch\/it\/prodotto\/volo-in-mongolfiera-nel-cantone-di-soleure-visione-della-regione-di-soleure-da-chf-270-00\/#primaryimage"},"thumbnailUrl":"https:\/\/www.swissraft.ch\/wp-content\/uploads\/2023\/02\/1-Solothurn-776x776-1.jpg","datePublished":"2023-02-14T22:52:12+00:00","dateModified":"2026-04-01T02:57:29+00:00","description":"Volo in mongolfiera a Soletta e dintorni. Un volo di circa due ore nel cantone di Soletta. Questo volo ti lascer\u00e0 ottimi ricordi.","breadcrumb":{"@id":"https:\/\/www.swissraft.ch\/it\/prodotto\/volo-in-mongolfiera-nel-cantone-di-soleure-visione-della-regione-di-soleure-da-chf-270-00\/#breadcrumb"},"inLanguage":"it-IT","potentialAction":[{"@type":"ReadAction","target":["https:\/\/www.swissraft.ch\/it\/prodotto\/volo-in-mongolfiera-nel-cantone-di-soleure-visione-della-regione-di-soleure-da-chf-270-00\/"]}]},{"@type":"ImageObject","inLanguage":"it-IT","@id":"https:\/\/www.swissraft.ch\/it\/prodotto\/volo-in-mongolfiera-nel-cantone-di-soleure-visione-della-regione-di-soleure-da-chf-270-00\/#primaryimage","url":"https:\/\/www.swissraft.ch\/wp-content\/uploads\/2023\/02\/1-Solothurn-776x776-1.jpg","contentUrl":"https:\/\/www.swissraft.ch\/wp-content\/uploads\/2023\/02\/1-Solothurn-776x776-1.jpg","width":776,"height":776,"caption":"Volo in mongolfiera nel Cantone di Soletta"},{"@type":"BreadcrumbList","@id":"https:\/\/www.swissraft.ch\/it\/prodotto\/volo-in-mongolfiera-nel-cantone-di-soleure-visione-della-regione-di-soleure-da-chf-270-00\/#breadcrumb","itemListElement":[{"@type":"ListItem","position":1,"name":"Accueil","item":"https:\/\/www.swissraft.ch\/it\/"},{"@type":"ListItem","position":2,"name":"Negozio","item":"https:\/\/www.swissraft.ch\/it\/negozio\/"},{"@type":"ListItem","position":3,"name":"Volo in mongolfiera nel cantone di Soletta &#8211; Volo sopra la regione di Soletta &#8211; Da CHF 270.00"}]},{"@type":"WebSite","@id":"https:\/\/www.swissraft.ch\/it\/#website","url":"https:\/\/www.swissraft.ch\/it\/","name":"Swissraft","description":"To enjoy nature as it is","publisher":{"@id":"https:\/\/www.swissraft.ch\/it\/#organization"},"potentialAction":[{"@type":"SearchAction","target":{"@type":"EntryPoint","urlTemplate":"https:\/\/www.swissraft.ch\/it\/?s={search_term_string}"},"query-input":{"@type":"PropertyValueSpecification","valueRequired":true,"valueName":"search_term_string"}}],"inLanguage":"it-IT"},{"@type":"Organization","@id":"https:\/\/www.swissraft.ch\/it\/#organization","name":"Swissraft","url":"https:\/\/www.swissraft.ch\/it\/","logo":{"@type":"ImageObject","inLanguage":"it-IT","@id":"https:\/\/www.swissraft.ch\/it\/#\/schema\/logo\/image\/","url":"https:\/\/www.swissraft.ch\/wp-content\/uploads\/2025\/09\/Capture.jpg","contentUrl":"https:\/\/www.swissraft.ch\/wp-content\/uploads\/2025\/09\/Capture.jpg","width":293,"height":108,"caption":"Swissraft"},"image":{"@id":"https:\/\/www.swissraft.ch\/it\/#\/schema\/logo\/image\/"}}]}},"_links":{"self":[{"href":"https:\/\/www.swissraft.ch\/it\/wp-json\/wp\/v2\/product\/92814","targetHints":{"allow":["GET"]}}],"collection":[{"href":"https:\/\/www.swissraft.ch\/it\/wp-json\/wp\/v2\/product"}],"about":[{"href":"https:\/\/www.swissraft.ch\/it\/wp-json\/wp\/v2\/types\/product"}],"replies":[{"embeddable":true,"href":"https:\/\/www.swissraft.ch\/it\/wp-json\/wp\/v2\/comments?post=92814"}],"version-history":[{"count":24,"href":"https:\/\/www.swissraft.ch\/it\/wp-json\/wp\/v2\/product\/92814\/revisions"}],"predecessor-version":[{"id":135728,"href":"https:\/\/www.swissraft.ch\/it\/wp-json\/wp\/v2\/product\/92814\/revisions\/135728"}],"wp:featuredmedia":[{"embeddable":true,"href":"https:\/\/www.swissraft.ch\/it\/wp-json\/wp\/v2\/media\/88823"}],"wp:attachment":[{"href":"https:\/\/www.swissraft.ch\/it\/wp-json\/wp\/v2\/media?parent=92814"}],"wp:term":[{"taxonomy":"product_cat","embeddable":true,"href":"https:\/\/www.swissraft.ch\/it\/wp-json\/wp\/v2\/product_cat?post=92814"},{"taxonomy":"product_tag","embeddable":true,"href":"https:\/\/www.swissraft.ch\/it\/wp-json\/wp\/v2\/product_tag?post=92814"}],"curies":[{"name":"wp","href":"https:\/\/api.w.org\/{rel}","templated":true}]}}