{"id":92811,"date":"2023-02-07T22:43:56","date_gmt":"2023-02-07T21:43:56","guid":{"rendered":"https:\/\/swissraft.xyanzkdne.eu\/product\/volo-in-mongolfiera-intorno-a-lucerne-volo-sul-lac-des-4-cantons-da-chf-270-00\/"},"modified":"2026-04-01T04:55:25","modified_gmt":"2026-04-01T02:55:25","slug":"volo-mongolfiera-lucerna-lago-4-cantoni","status":"publish","type":"product","link":"https:\/\/www.swissraft.ch\/it\/prodotto\/volo-mongolfiera-lucerna-lago-4-cantoni\/","title":{"rendered":"Volo in mongolfiera intorno a Lucerna &#8211; Volo sul lago dei 4 cantoni &#8211; Da CHF 270.00"},"content":{"rendered":"\t\t<div data-elementor-type=\"wp-post\" data-elementor-id=\"92811\" class=\"elementor elementor-92811 elementor-30764\">\n\t\t\t\t\t\t\t\t\t<section class=\"elementor-section elementor-top-section elementor-element elementor-element-3303a7e3 elementor-section-boxed elementor-section-height-default elementor-section-height-default\" data-id=\"3303a7e3\" data-element_type=\"section\">\n\t\t\t\t\t\t<div class=\"elementor-container elementor-column-gap-default\">\n\t\t\t\t\t<div class=\"elementor-column elementor-col-100 elementor-top-column elementor-element elementor-element-16d72dbf\" data-id=\"16d72dbf\" data-element_type=\"column\">\n\t\t\t<div class=\"elementor-widget-wrap elementor-element-populated\">\n\t\t\t\t\t\t\t\t<div class=\"elementor-element elementor-element-d743c03 elementor-widget elementor-widget-text-editor\" data-id=\"d743c03\" data-element_type=\"widget\" data-widget_type=\"text-editor.default\">\n\t\t\t\t<div class=\"elementor-widget-container\">\n\t\t\t\t\t\t\t<h2>SCEGLI LA TUA ATTIVIT\u00c0 QUI SOTTO PER OFFRIRE BUONI REGALO\/BIGLIETTI O EFFETTUARE UNA PRENOTAZIONE<\/h2><table border=\"0\" width=\"580\" cellspacing=\"10\" cellpadding=\"10\"><tbody><tr><td width=\"50%\"><strong>1) VOLO IN MONGOLFIERA &#8211; LUCERNA &#8211; circa 1,5 a 2 ore<\/strong><\/td><td><strong>CHF 420.00 a persona<\/strong><\/td><\/tr><tr><td>\u00a0<\/td><td><span class=\"patt\">&#8211; <span class=\"plbl\"> Prezzo giovani <\/span>: Bambini da 7 a 12 anni : <strong>CHF 270.00<\/strong>\/bambino<br \/>&#8211; Partenza al mattino presto o nel tardo pomeriggio<br \/>&#8211; Sarai con altri passeggeri<\/span><\/td><\/tr><tr><td>Localit\u00e0<\/td><td>\u00a0&#8211; Lucerna- Sempach<br \/>&#8211; Sursee<br \/>&#8211; Eschenbach ecc.<\/td><\/tr><tr><td>Durata del volo<\/td><td>da 1,5 a 2 ore circa<\/td><\/tr><tr><td>Durata totale<\/td><td>circa 4 ore<\/td><\/tr><tr><td>Appuntamento<\/td><td>Per telefono<\/td><\/tr><tr><td><button class=\"elementor-button\" type=\"button\"><a href=\"https:\/\/swissraft.outdoorbooking.ch\/fo\/products\/107?base_id=50&amp;category_id=7&amp;order_type=gift_voucher&amp;lang=it\" target=\"_blank\" rel=\"noopener\">ACQUISTO BUONO REGALO \/ BIGLIETTO<\/a><\/button><\/td><td><strong>CHF 420.00 &#8211; 1 pers.<\/strong><\/td><\/tr><tr><td><button class=\"elementor-button\" type=\"button\"><a href=\"https:\/\/swissraft.outdoorbooking.ch\/fo\/products\/113?base_id=50&amp;category_id=7&amp;order_type=gift_voucher&amp;lang=it\" target=\"_blank\" rel=\"noopener\">ACQUISTO BUONO REGALO \/ BIGLIETTO<\/a><\/button><\/td><td><strong>CHF 800.00 &#8211; 2 pers.<\/strong><\/td><\/tr><tr><td><button class=\"elementor-button\" type=\"button\"><a href=\"https:\/\/swissraft.outdoorbooking.ch\/fo\/products\/275?base_id=50&amp;category_id=7&amp;order_type=gift_voucher&amp;lang=it\" target=\"_blank\" rel=\"noopener\">ACQUISTO BUONO REGALO \/ BIGLIETTO<\/a><\/button><\/td><td><strong>CHF 1&#8217;200.00 &#8211; 3 pers.<\/strong><\/td><\/tr><tr><td><button class=\"elementor-button\" type=\"button\"><a href=\"https:\/\/swissraft.outdoorbooking.ch\/fo\/products\/276?base_id=50&amp;category_id=7&amp;order_type=gift_voucher&amp;lang=it\" target=\"_blank\" rel=\"noopener\">ACQUISTO BUONO REGALO \/ BIGLIETTO<\/a><\/button><\/td><td><strong>CHF 1&#8217;600.00 &#8211; 4 pers.<\/strong><\/td><\/tr><tr><td><button class=\"elementor-button\" type=\"button\"><a href=\"https:\/\/swissraft.outdoorbooking.ch\/fo\/products\/280?base_id=50&amp;category_id=7&amp;order_type=gift_voucher&amp;lang=it\" target=\"_blank\" rel=\"noopener\">ACQUISTO BUONO REGALO \/ BIGLIETTO<\/a><\/button><\/td><td><strong>CHF 1&#8217;900.00 &#8211; 5 pers.<\/strong><\/td><\/tr><tr><td>\u00a0<\/td><td><strong><em>IMPORTANTE !<\/em><\/strong><br \/><em>Per prenotare, chiamate il numero che si trova in alto a sinistra sul buono regalo \/ biglietto.<\/em><\/td><\/tr><\/tbody><\/table><table border=\"0\" width=\"580\" cellspacing=\"10\" cellpadding=\"10\"><tbody><tr><td width=\"50%\"><strong>2) VOLO IN MONGOLFIERA &#8211; LUCERNA &#8211; VOLO PRIVATO &#8211; circa 1,5 a 2 ore<\/strong><\/td><td><strong>CHF 1&#8217;700.00 per 2 pers. &#8211; Volo privato <span class=\"productPrice\"><br \/><\/span><\/strong><\/td><\/tr><tr><td>Informazioni aggiuntive<\/td><td>&#8211; <span class=\"patt\"> Decollo al mattino presto o nel tardo pomeriggio<br \/><\/span>&#8211; Mongolfiera privata<br \/>&#8211; Per pi\u00f9 di 11 pers. : <span class=\"patt\"><span class=\"patt\" style=\"font-family: inherit; font-size: inherit;\"><span class=\"plbl\"><a href=\"https:\/\/www.swissraft.ch\/it\/contattaci\/\">contattaci<\/a><\/span><\/span><\/span><\/td><\/tr><tr><td>Localit\u00e0<\/td><td>&#8211; Lucerna<br \/>&#8211; Sempach<br \/>&#8211; Sursee<br \/>&#8211; Eschenbach ecc.<\/td><\/tr><tr><td>Durata del volo<\/td><td>da 1,5 a 2 ore circa<\/td><\/tr><tr><td>Durata totale<\/td><td>circa 4 ore<\/td><\/tr><tr><td>Appuntamento<\/td><td>Per telefono<\/td><\/tr><tr><td><button class=\"elementor-button\" type=\"button\"><a href=\"https:\/\/swissraft.outdoorbooking.ch\/fo\/products\/294?base_id=50&amp;category_id=7&amp;order_type=gift_voucher&amp;lang=it\" target=\"_blank\" rel=\"noopener\">ACQUISTO BUONO REGALO \/ BIGLIETTO<\/a><\/button><\/td><td><strong>CHF 1&#8217;700.00 &#8211; volo privato (2 pers.)<\/strong><\/td><\/tr><tr><td><button class=\"elementor-button\" type=\"button\"><a href=\"https:\/\/swissraft.outdoorbooking.ch\/fo\/products\/1201?base_id=50&amp;category_id=7&amp;order_type=gift_voucher&amp;lang=it\" target=\"_blank\" rel=\"noopener\">ACQUISTO BUONO REGALO \/ BIGLIETTO<\/a><\/button><\/td><td><strong>CHF 2.000.00 &#8211; volo privato (3-4 pers.)<\/strong><\/td><\/tr><tr><td><button class=\"elementor-button\" type=\"button\"><a href=\"https:\/\/swissraft.outdoorbooking.ch\/fo\/products\/1202?base_id=50&amp;category_id=7&amp;order_type=gift_voucher&amp;lang=it\" target=\"_blank\" rel=\"noopener\">ACQUISTO BUONO REGALO \/ BIGLIETTO<\/a><\/button><\/td><td><strong>CHF 2&#8217;400.00 &#8211; volo privato (5-6 pers.)<\/strong><\/td><\/tr><tr><td><button class=\"elementor-button\" type=\"button\"><a href=\"https:\/\/swissraft.outdoorbooking.ch\/fo\/products\/1203?base_id=50&amp;category_id=7&amp;order_type=gift_voucher&amp;lang=it\" target=\"_blank\" rel=\"noopener\">ACQUISTO BUONO REGALO \/ BIGLIETTO<\/a><\/button><\/td><td><strong>CHF 2&#8217;900.00 &#8211; volo privato (7-8 pers.)<\/strong><\/td><\/tr><tr><td><button class=\"elementor-button\" type=\"button\"><a href=\"https:\/\/swissraft.outdoorbooking.ch\/fo\/products\/1038?base_id=50&amp;category_id=7&amp;order_type=gift_voucher&amp;lang=it\" target=\"_blank\" rel=\"noopener\">ACQUISTO BUONO REGALO \/ BIGLIETTO<\/a><\/button><\/td><td><strong>CHF 3&#8217;400.00 &#8211; volo privato (9-10 pers.)<\/strong><\/td><\/tr><tr><td><button class=\"elementor-button\" type=\"button\"><a href=\"https:\/\/swissraft.outdoorbooking.ch\/fo\/products\/1204?base_id=50&amp;category_id=7&amp;order_type=gift_voucher&amp;lang=it\" target=\"_blank\" rel=\"noopener\">ACQUISTO BUONO REGALO \/ BIGLIETTO<\/a><\/button><\/td><td><strong>CHF 3&#8217;700.00 &#8211; volo privato (11 pers.)<\/strong><\/td><\/tr><tr><td>\u00a0<\/td><td><strong><em>IMPORTANTE !<\/em><\/strong><br \/><em>Per prenotare, chiamate il numero che si trova in alto a sinistra sul buono regalo \/ biglietto.<\/em><\/td><\/tr><\/tbody><\/table>\t\t\t\t\t\t<\/div>\n\t\t\t\t<\/div>\n\t\t\t\t\t<\/div>\n\t\t<\/div>\n\t\t\t\t\t\t\t<\/div>\n\t\t<\/section>\n\t\t\t\t\t\t\t<\/div>\n\t\t","protected":false},"excerpt":{"rendered":"<div align=\"justify\">\n<h2 align=\"justify\">Decolla vicino a Lucerna per un volo in mongolfiera di circa 2 ore.<\/h2>\n<h3>Al sorgere del sole, decolli con una vista incomparabile sul maestoso Lago dei Quattro Cantoni.<\/h3>\n<\/div>\n<div align=\"justify\">\n<p>Prima di tutto, \u00e8 il silenzio che ti sorprende quando lasci il suolo e guadagni gradualmente quota. Sentirai un leggero sibilo: si tratta delle fiamme pilota dei bruciatori. Il sole nascente ti scalda il viso e tu ti godi questo momento magico. \u00c8 incredibilmente silenzioso. Viene regolarmente interrotto dal rumore dei bruciatori durante i pochi secondi necessari per mantenere l&#8217;altitudine del pallone. Ci sono poche attivit\u00e0 e sensazioni paragonabili a un volo in mongolfiera. Il volo in mongolfiera \u00e8 un&#8217;esperienza unica e molto speciale. Di&#8217; addio alla velocit\u00e0 e allo stress della vita quotidiana e lascia che la natura faccia il suo corso. Eolo, il dio dei venti, ha deciso di non soffiare molto oggi; stai facendo 8 nodi. Potrai goderti appieno lo spettacolo e scattare foto o fare un filmato per immortalare il momento.<\/p>\n<h3>I nostri piloti di mongolfiera conoscono la regione come le loro tasche e si assicureranno che il tuo volo sia il pi\u00f9 sicuro possibile.<\/h3>\n<p id=\"textarea\" style=\"display: none;\">\nOffriamo anche voli in mongolfiera nella regione di Gstaad-Saanenland e da Ch\u00e2teau d&#8217;Oex. Decolliamo anche in mongolfiera nella regione di Basilea Campagna. Ma anche sull&#8217;altopiano intorno a Zurigo e in Argovia. Offriamo anche voli in mongolfiera dalla regione dei Tre Laghi. Facciamo anche mongolfiere a Gruy\u00e8re, nel cantone di Friburgo. Offriamo anche voli in mongolfiera nelle Franches Montagnes. Offriamo anche voli in mongolfiera nel cantone di Soletta. Cos\u00ec come nei cantoni di Turgovia, San Gallo e San Gallo. San Gallo e Neuch\u00e2tel. Ma voliamo anche in Ticino e decolliamo intorno a Lugano per i voli verso l&#8217;Italia.\n<\/p>\n<p><a id=\"seeMore\" onclick=\"toggleSeeMore()\" href=\"javascript:void(0);\">Leggi tutto<\/a><\/p>\n","protected":false},"featured_media":88772,"comment_status":"open","ping_status":"closed","template":"","meta":{"inline_featured_image":false,"_mi_skip_tracking":false},"product_cat":[537],"product_tag":[],"class_list":["post-92811","product","type-product","status-publish","has-post-thumbnail","hentry","product_cat-volo-in-mongolfiera"],"yoast_head":"<!-- This site is optimized with the Yoast SEO plugin v23.6 - https:\/\/yoast.com\/wordpress\/plugins\/seo\/ -->\n<title>Volo in mongolfiera a Lucerna e vista sul Lago dei Quattro Cantoni<\/title>\n<meta name=\"description\" content=\"Volo in mongolfiera a Lucerna e vista sul Lago dei Quattro Cantoni. Questo volo in mongolfiera di 2 ore \u00e8 spettacolare e ti incanter\u00e0.\" \/>\n<meta name=\"robots\" content=\"index, follow, max-snippet:-1, max-image-preview:large, max-video-preview:-1\" \/>\n<link rel=\"canonical\" href=\"https:\/\/www.swissraft.ch\/it\/prodotto\/volo-mongolfiera-lucerna-lago-4-cantoni\/\" \/>\n<meta property=\"og:locale\" content=\"it_IT\" \/>\n<meta property=\"og:type\" content=\"article\" \/>\n<meta property=\"og:title\" content=\"Volo in mongolfiera a Lucerna e vista sul Lago dei Quattro Cantoni\" \/>\n<meta property=\"og:description\" content=\"Volo in mongolfiera a Lucerna e vista sul Lago dei Quattro Cantoni. Questo volo in mongolfiera di 2 ore \u00e8 spettacolare e ti incanter\u00e0.\" \/>\n<meta property=\"og:url\" content=\"https:\/\/www.swissraft.ch\/it\/prodotto\/volo-mongolfiera-lucerna-lago-4-cantoni\/\" \/>\n<meta property=\"og:site_name\" content=\"Swissraft\" \/>\n<meta property=\"article:modified_time\" content=\"2026-04-01T02:55:25+00:00\" \/>\n<meta property=\"og:image\" content=\"https:\/\/www.swissraft.ch\/wp-content\/uploads\/2023\/02\/1-Luzern-776x776-2.jpg\" \/>\n\t<meta property=\"og:image:width\" content=\"776\" \/>\n\t<meta property=\"og:image:height\" content=\"776\" \/>\n\t<meta property=\"og:image:type\" content=\"image\/jpeg\" \/>\n<meta name=\"twitter:card\" content=\"summary_large_image\" \/>\n<meta name=\"twitter:label1\" content=\"Tempo di lettura stimato\" \/>\n\t<meta name=\"twitter:data1\" content=\"2 minuti\" \/>\n<script type=\"application\/ld+json\" class=\"yoast-schema-graph\">{\"@context\":\"https:\/\/schema.org\",\"@graph\":[{\"@type\":\"WebPage\",\"@id\":\"https:\/\/www.swissraft.ch\/it\/prodotto\/volo-mongolfiera-lucerna-lago-4-cantoni\/\",\"url\":\"https:\/\/www.swissraft.ch\/it\/prodotto\/volo-mongolfiera-lucerna-lago-4-cantoni\/\",\"name\":\"Volo in mongolfiera a Lucerna e vista sul Lago dei Quattro Cantoni\",\"isPartOf\":{\"@id\":\"https:\/\/www.swissraft.ch\/it\/#website\"},\"primaryImageOfPage\":{\"@id\":\"https:\/\/www.swissraft.ch\/it\/prodotto\/volo-mongolfiera-lucerna-lago-4-cantoni\/#primaryimage\"},\"image\":{\"@id\":\"https:\/\/www.swissraft.ch\/it\/prodotto\/volo-mongolfiera-lucerna-lago-4-cantoni\/#primaryimage\"},\"thumbnailUrl\":\"https:\/\/www.swissraft.ch\/wp-content\/uploads\/2023\/02\/1-Luzern-776x776-2.jpg\",\"datePublished\":\"2023-02-07T21:43:56+00:00\",\"dateModified\":\"2026-04-01T02:55:25+00:00\",\"description\":\"Volo in mongolfiera a Lucerna e vista sul Lago dei Quattro Cantoni. Questo volo in mongolfiera di 2 ore \u00e8 spettacolare e ti incanter\u00e0.\",\"breadcrumb\":{\"@id\":\"https:\/\/www.swissraft.ch\/it\/prodotto\/volo-mongolfiera-lucerna-lago-4-cantoni\/#breadcrumb\"},\"inLanguage\":\"it-IT\",\"potentialAction\":[{\"@type\":\"ReadAction\",\"target\":[\"https:\/\/www.swissraft.ch\/it\/prodotto\/volo-mongolfiera-lucerna-lago-4-cantoni\/\"]}]},{\"@type\":\"ImageObject\",\"inLanguage\":\"it-IT\",\"@id\":\"https:\/\/www.swissraft.ch\/it\/prodotto\/volo-mongolfiera-lucerna-lago-4-cantoni\/#primaryimage\",\"url\":\"https:\/\/www.swissraft.ch\/wp-content\/uploads\/2023\/02\/1-Luzern-776x776-2.jpg\",\"contentUrl\":\"https:\/\/www.swissraft.ch\/wp-content\/uploads\/2023\/02\/1-Luzern-776x776-2.jpg\",\"width\":776,\"height\":776,\"caption\":\"Andare in mongolfiera nel cantone di Lucerna\"},{\"@type\":\"BreadcrumbList\",\"@id\":\"https:\/\/www.swissraft.ch\/it\/prodotto\/volo-mongolfiera-lucerna-lago-4-cantoni\/#breadcrumb\",\"itemListElement\":[{\"@type\":\"ListItem\",\"position\":1,\"name\":\"Accueil\",\"item\":\"https:\/\/www.swissraft.ch\/it\/\"},{\"@type\":\"ListItem\",\"position\":2,\"name\":\"Negozio\",\"item\":\"https:\/\/www.swissraft.ch\/it\/negozio\/\"},{\"@type\":\"ListItem\",\"position\":3,\"name\":\"Volo in mongolfiera intorno a Lucerna &#8211; Volo sul lago dei 4 cantoni &#8211; Da CHF 270.00\"}]},{\"@type\":\"WebSite\",\"@id\":\"https:\/\/www.swissraft.ch\/it\/#website\",\"url\":\"https:\/\/www.swissraft.ch\/it\/\",\"name\":\"Swissraft\",\"description\":\"To enjoy nature as it is\",\"publisher\":{\"@id\":\"https:\/\/www.swissraft.ch\/it\/#organization\"},\"potentialAction\":[{\"@type\":\"SearchAction\",\"target\":{\"@type\":\"EntryPoint\",\"urlTemplate\":\"https:\/\/www.swissraft.ch\/it\/?s={search_term_string}\"},\"query-input\":{\"@type\":\"PropertyValueSpecification\",\"valueRequired\":true,\"valueName\":\"search_term_string\"}}],\"inLanguage\":\"it-IT\"},{\"@type\":\"Organization\",\"@id\":\"https:\/\/www.swissraft.ch\/it\/#organization\",\"name\":\"Swissraft\",\"url\":\"https:\/\/www.swissraft.ch\/it\/\",\"logo\":{\"@type\":\"ImageObject\",\"inLanguage\":\"it-IT\",\"@id\":\"https:\/\/www.swissraft.ch\/it\/#\/schema\/logo\/image\/\",\"url\":\"https:\/\/www.swissraft.ch\/wp-content\/uploads\/2025\/09\/Capture.jpg\",\"contentUrl\":\"https:\/\/www.swissraft.ch\/wp-content\/uploads\/2025\/09\/Capture.jpg\",\"width\":293,\"height\":108,\"caption\":\"Swissraft\"},\"image\":{\"@id\":\"https:\/\/www.swissraft.ch\/it\/#\/schema\/logo\/image\/\"}}]}<\/script>\n<!-- \/ Yoast SEO plugin. -->","yoast_head_json":{"title":"Volo in mongolfiera a Lucerna e vista sul Lago dei Quattro Cantoni","description":"Volo in mongolfiera a Lucerna e vista sul Lago dei Quattro Cantoni. Questo volo in mongolfiera di 2 ore \u00e8 spettacolare e ti incanter\u00e0.","robots":{"index":"index","follow":"follow","max-snippet":"max-snippet:-1","max-image-preview":"max-image-preview:large","max-video-preview":"max-video-preview:-1"},"canonical":"https:\/\/www.swissraft.ch\/it\/prodotto\/volo-mongolfiera-lucerna-lago-4-cantoni\/","og_locale":"it_IT","og_type":"article","og_title":"Volo in mongolfiera a Lucerna e vista sul Lago dei Quattro Cantoni","og_description":"Volo in mongolfiera a Lucerna e vista sul Lago dei Quattro Cantoni. Questo volo in mongolfiera di 2 ore \u00e8 spettacolare e ti incanter\u00e0.","og_url":"https:\/\/www.swissraft.ch\/it\/prodotto\/volo-mongolfiera-lucerna-lago-4-cantoni\/","og_site_name":"Swissraft","article_modified_time":"2026-04-01T02:55:25+00:00","og_image":[{"width":776,"height":776,"url":"https:\/\/www.swissraft.ch\/wp-content\/uploads\/2023\/02\/1-Luzern-776x776-2.jpg","type":"image\/jpeg"}],"twitter_card":"summary_large_image","twitter_misc":{"Tempo di lettura stimato":"2 minuti"},"schema":{"@context":"https:\/\/schema.org","@graph":[{"@type":"WebPage","@id":"https:\/\/www.swissraft.ch\/it\/prodotto\/volo-mongolfiera-lucerna-lago-4-cantoni\/","url":"https:\/\/www.swissraft.ch\/it\/prodotto\/volo-mongolfiera-lucerna-lago-4-cantoni\/","name":"Volo in mongolfiera a Lucerna e vista sul Lago dei Quattro Cantoni","isPartOf":{"@id":"https:\/\/www.swissraft.ch\/it\/#website"},"primaryImageOfPage":{"@id":"https:\/\/www.swissraft.ch\/it\/prodotto\/volo-mongolfiera-lucerna-lago-4-cantoni\/#primaryimage"},"image":{"@id":"https:\/\/www.swissraft.ch\/it\/prodotto\/volo-mongolfiera-lucerna-lago-4-cantoni\/#primaryimage"},"thumbnailUrl":"https:\/\/www.swissraft.ch\/wp-content\/uploads\/2023\/02\/1-Luzern-776x776-2.jpg","datePublished":"2023-02-07T21:43:56+00:00","dateModified":"2026-04-01T02:55:25+00:00","description":"Volo in mongolfiera a Lucerna e vista sul Lago dei Quattro Cantoni. Questo volo in mongolfiera di 2 ore \u00e8 spettacolare e ti incanter\u00e0.","breadcrumb":{"@id":"https:\/\/www.swissraft.ch\/it\/prodotto\/volo-mongolfiera-lucerna-lago-4-cantoni\/#breadcrumb"},"inLanguage":"it-IT","potentialAction":[{"@type":"ReadAction","target":["https:\/\/www.swissraft.ch\/it\/prodotto\/volo-mongolfiera-lucerna-lago-4-cantoni\/"]}]},{"@type":"ImageObject","inLanguage":"it-IT","@id":"https:\/\/www.swissraft.ch\/it\/prodotto\/volo-mongolfiera-lucerna-lago-4-cantoni\/#primaryimage","url":"https:\/\/www.swissraft.ch\/wp-content\/uploads\/2023\/02\/1-Luzern-776x776-2.jpg","contentUrl":"https:\/\/www.swissraft.ch\/wp-content\/uploads\/2023\/02\/1-Luzern-776x776-2.jpg","width":776,"height":776,"caption":"Andare in mongolfiera nel cantone di Lucerna"},{"@type":"BreadcrumbList","@id":"https:\/\/www.swissraft.ch\/it\/prodotto\/volo-mongolfiera-lucerna-lago-4-cantoni\/#breadcrumb","itemListElement":[{"@type":"ListItem","position":1,"name":"Accueil","item":"https:\/\/www.swissraft.ch\/it\/"},{"@type":"ListItem","position":2,"name":"Negozio","item":"https:\/\/www.swissraft.ch\/it\/negozio\/"},{"@type":"ListItem","position":3,"name":"Volo in mongolfiera intorno a Lucerna &#8211; Volo sul lago dei 4 cantoni &#8211; Da CHF 270.00"}]},{"@type":"WebSite","@id":"https:\/\/www.swissraft.ch\/it\/#website","url":"https:\/\/www.swissraft.ch\/it\/","name":"Swissraft","description":"To enjoy nature as it is","publisher":{"@id":"https:\/\/www.swissraft.ch\/it\/#organization"},"potentialAction":[{"@type":"SearchAction","target":{"@type":"EntryPoint","urlTemplate":"https:\/\/www.swissraft.ch\/it\/?s={search_term_string}"},"query-input":{"@type":"PropertyValueSpecification","valueRequired":true,"valueName":"search_term_string"}}],"inLanguage":"it-IT"},{"@type":"Organization","@id":"https:\/\/www.swissraft.ch\/it\/#organization","name":"Swissraft","url":"https:\/\/www.swissraft.ch\/it\/","logo":{"@type":"ImageObject","inLanguage":"it-IT","@id":"https:\/\/www.swissraft.ch\/it\/#\/schema\/logo\/image\/","url":"https:\/\/www.swissraft.ch\/wp-content\/uploads\/2025\/09\/Capture.jpg","contentUrl":"https:\/\/www.swissraft.ch\/wp-content\/uploads\/2025\/09\/Capture.jpg","width":293,"height":108,"caption":"Swissraft"},"image":{"@id":"https:\/\/www.swissraft.ch\/it\/#\/schema\/logo\/image\/"}}]}},"_links":{"self":[{"href":"https:\/\/www.swissraft.ch\/it\/wp-json\/wp\/v2\/product\/92811","targetHints":{"allow":["GET"]}}],"collection":[{"href":"https:\/\/www.swissraft.ch\/it\/wp-json\/wp\/v2\/product"}],"about":[{"href":"https:\/\/www.swissraft.ch\/it\/wp-json\/wp\/v2\/types\/product"}],"replies":[{"embeddable":true,"href":"https:\/\/www.swissraft.ch\/it\/wp-json\/wp\/v2\/comments?post=92811"}],"version-history":[{"count":46,"href":"https:\/\/www.swissraft.ch\/it\/wp-json\/wp\/v2\/product\/92811\/revisions"}],"predecessor-version":[{"id":135725,"href":"https:\/\/www.swissraft.ch\/it\/wp-json\/wp\/v2\/product\/92811\/revisions\/135725"}],"wp:featuredmedia":[{"embeddable":true,"href":"https:\/\/www.swissraft.ch\/it\/wp-json\/wp\/v2\/media\/88772"}],"wp:attachment":[{"href":"https:\/\/www.swissraft.ch\/it\/wp-json\/wp\/v2\/media?parent=92811"}],"wp:term":[{"taxonomy":"product_cat","embeddable":true,"href":"https:\/\/www.swissraft.ch\/it\/wp-json\/wp\/v2\/product_cat?post=92811"},{"taxonomy":"product_tag","embeddable":true,"href":"https:\/\/www.swissraft.ch\/it\/wp-json\/wp\/v2\/product_tag?post=92811"}],"curies":[{"name":"wp","href":"https:\/\/api.w.org\/{rel}","templated":true}]}}